{"id":105,"date":"2014-12-21T21:33:59","date_gmt":"2014-12-21T19:33:59","guid":{"rendered":"http:\/\/www.the-only-thing-constant.com\/it-sachverstaendiger\/?page_id=105"},"modified":"2022-06-28T12:54:33","modified_gmt":"2022-06-28T11:54:33","slug":"kontakt","status":"publish","type":"page","link":"https:\/\/www.ecambria-experts.de\/it-sachverstaendiger\/kontakt","title":{"rendered":"Kontakt"},"content":{"rendered":"<h1>Kontakt<\/h1>\n<p class=\"main-text\">Wir freuen uns \u00fcber Ihr Interesse an unseren Leistungen! Sie k\u00f6nnen uns auf folgenden Wegen erreichen:<\/p>\n<table>\n<tbody>\n<tr>\n<td>per Telefon:<\/td>\n<td><b>0221-595527-0<\/b><\/td>\n<\/tr>\n<tr>\n<td>per Fax:<\/td>\n<td><b>0221-595527-5<\/b><\/td>\n<\/tr>\n<tr>\n<td>per E-Mail:<\/td>\n<td><b><a href=\"mailto:info@ecambria-experts.com?subject=Anfrage\">info@ecambria-experts.com<\/a><\/b><\/td>\n<\/tr>\n<tr>\n<td valign=\"top\">per Post:<\/td>\n<td><b>ecambria systems GmbH<br \/>\nIT-Sachverst\u00e4ndige und Gutachter<br \/>\nHerzogenrather Str. 11<br \/>\n50933 K\u00f6ln<br \/>\n<\/b><\/td>\n<\/tr>\n<\/tbody>\n<\/table>\n<p class=\"main-text\">Ihre Kontaktaufnahme behandeln wir selbstverst\u00e4ndlich vertraulich.<\/p>\n<p>F\u00fcr mehr Informationen zu den Inhalten unserer Arbeit k\u00f6nnen Sie unsere Brosch\u00fcre anfordern:<\/p>\n<p><a href=\"mailto:info@ecambria-experts.de?subject=Bitte schicken Sie mir Ihre Brosch\u00fcre\"><img loading=\"lazy\" decoding=\"async\" class=\"wp-image-283 size-medium\" style=\"border: 1px solid grey;\" src=\"http:\/\/www.ecambria-experts.de\/it-sachverstaendiger\/wp-content\/uploads\/2014\/12\/flyer_de-211x300.jpg\" alt=\"flyer_de\" width=\"211\" height=\"300\" srcset=\"https:\/\/www.ecambria-experts.de\/it-sachverstaendiger\/wp-content\/uploads\/2014\/12\/flyer_de-211x300.jpg 211w, https:\/\/www.ecambria-experts.de\/it-sachverstaendiger\/wp-content\/uploads\/2014\/12\/flyer_de.jpg 440w\" sizes=\"auto, (max-width: 211px) 100vw, 211px\" \/><\/a><\/p>\n<p class=\"main-text\">ecambria-experts.pdf (1,5 MB) erh\u00e4ltlich per E-Mail-Anforderung.<\/p>\n","protected":false},"excerpt":{"rendered":"<p>Kontakt Wir freuen uns \u00fcber Ihr Interesse an unseren Leistungen! Sie k\u00f6nnen uns auf folgenden Wegen erreichen: per Telefon: 0221-595527-0 per Fax: 0221-595527-5 per E-Mail: info@ecambria-experts.com per Post: ecambria systems GmbH IT-Sachverst\u00e4ndige und Gutachter Herzogenrather Str. 11 50933 K\u00f6ln Ihre Kontaktaufnahme behandeln wir selbstverst\u00e4ndlich vertraulich. F\u00fcr mehr Informationen zu den&#8230;<\/p>\n","protected":false},"author":1,"featured_media":0,"parent":0,"menu_order":0,"comment_status":"closed","ping_status":"closed","template":"","meta":{"inline_featured_image":false,"footnotes":""},"class_list":["post-105","page","type-page","status-publish","hentry"],"yoast_head":"<!-- This site is optimized with the Yoast SEO plugin v25.4 - https:\/\/yoast.com\/wordpress\/plugins\/seo\/ -->\n<title>Kontakt - ecambria experts<\/title>\n<meta name=\"description\" content=\"Wir freuen uns \u00fcber Ihr Interesse an unseren Leistungen! Kontaktieren Sie uns oder fordern Sie unsere Informationsbrosch\u00fcre an.\" \/>\n<meta name=\"robots\" content=\"index, follow, max-snippet:-1, max-image-preview:large, max-video-preview:-1\" \/>\n<link rel=\"canonical\" href=\"https:\/\/www.ecambria-experts.de\/it-sachverstaendiger\/kontakt\" \/>\n<meta property=\"og:locale\" content=\"de_DE\" \/>\n<meta property=\"og:type\" content=\"article\" \/>\n<meta property=\"og:title\" content=\"Kontakt - ecambria experts\" \/>\n<meta property=\"og:description\" content=\"Wir freuen uns \u00fcber Ihr Interesse an unseren Leistungen! Kontaktieren Sie uns oder fordern Sie unsere Informationsbrosch\u00fcre an.\" \/>\n<meta property=\"og:url\" content=\"https:\/\/www.ecambria-experts.de\/it-sachverstaendiger\/kontakt\" \/>\n<meta property=\"og:site_name\" content=\"ecambria experts\" \/>\n<meta property=\"article:modified_time\" content=\"2022-06-28T11:54:33+00:00\" \/>\n<meta property=\"og:image\" content=\"http:\/\/www.ecambria-experts.de\/it-sachverstaendiger\/wp-content\/uploads\/2014\/12\/flyer_de-211x300.jpg\" \/>\n<meta name=\"twitter:card\" content=\"summary_large_image\" \/>\n<meta name=\"twitter:label1\" content=\"Gesch\u00e4tzte Lesezeit\" \/>\n\t<meta name=\"twitter:data1\" content=\"1\u00a0Minute\" \/>\n<script type=\"application\/ld+json\" class=\"yoast-schema-graph\">{\"@context\":\"https:\/\/schema.org\",\"@graph\":[{\"@type\":\"WebPage\",\"@id\":\"https:\/\/www.ecambria-experts.de\/it-sachverstaendiger\/kontakt\",\"url\":\"https:\/\/www.ecambria-experts.de\/it-sachverstaendiger\/kontakt\",\"name\":\"Kontakt - ecambria experts\",\"isPartOf\":{\"@id\":\"https:\/\/www.ecambria-experts.de\/it-sachverstaendiger\/#website\"},\"primaryImageOfPage\":{\"@id\":\"https:\/\/www.ecambria-experts.de\/it-sachverstaendiger\/kontakt#primaryimage\"},\"image\":{\"@id\":\"https:\/\/www.ecambria-experts.de\/it-sachverstaendiger\/kontakt#primaryimage\"},\"thumbnailUrl\":\"http:\/\/www.ecambria-experts.de\/it-sachverstaendiger\/wp-content\/uploads\/2014\/12\/flyer_de-211x300.jpg\",\"datePublished\":\"2014-12-21T19:33:59+00:00\",\"dateModified\":\"2022-06-28T11:54:33+00:00\",\"description\":\"Wir freuen uns \u00fcber Ihr Interesse an unseren Leistungen! Kontaktieren Sie uns oder fordern Sie unsere Informationsbrosch\u00fcre an.\",\"breadcrumb\":{\"@id\":\"https:\/\/www.ecambria-experts.de\/it-sachverstaendiger\/kontakt#breadcrumb\"},\"inLanguage\":\"de\",\"potentialAction\":[{\"@type\":\"ReadAction\",\"target\":[\"https:\/\/www.ecambria-experts.de\/it-sachverstaendiger\/kontakt\"]}]},{\"@type\":\"ImageObject\",\"inLanguage\":\"de\",\"@id\":\"https:\/\/www.ecambria-experts.de\/it-sachverstaendiger\/kontakt#primaryimage\",\"url\":\"http:\/\/www.ecambria-experts.de\/it-sachverstaendiger\/wp-content\/uploads\/2014\/12\/flyer_de-211x300.jpg\",\"contentUrl\":\"http:\/\/www.ecambria-experts.de\/it-sachverstaendiger\/wp-content\/uploads\/2014\/12\/flyer_de-211x300.jpg\"},{\"@type\":\"BreadcrumbList\",\"@id\":\"https:\/\/www.ecambria-experts.de\/it-sachverstaendiger\/kontakt#breadcrumb\",\"itemListElement\":[{\"@type\":\"ListItem\",\"position\":1,\"name\":\"Startseite\",\"item\":\"https:\/\/www.ecambria-experts.de\/it-sachverstaendiger\/\"},{\"@type\":\"ListItem\",\"position\":2,\"name\":\"Kontakt\"}]},{\"@type\":\"WebSite\",\"@id\":\"https:\/\/www.ecambria-experts.de\/it-sachverstaendiger\/#website\",\"url\":\"https:\/\/www.ecambria-experts.de\/it-sachverstaendiger\/\",\"name\":\"ecambria experts\",\"description\":\"IT-Sachverst\u00e4ndige und Gutachter, Bewertung, Gerichtsgutachten, Privatgutachten, Schlichtung\",\"publisher\":{\"@id\":\"https:\/\/www.ecambria-experts.de\/it-sachverstaendiger\/#organization\"},\"potentialAction\":[{\"@type\":\"SearchAction\",\"target\":{\"@type\":\"EntryPoint\",\"urlTemplate\":\"https:\/\/www.ecambria-experts.de\/it-sachverstaendiger\/?s={search_term_string}\"},\"query-input\":{\"@type\":\"PropertyValueSpecification\",\"valueRequired\":true,\"valueName\":\"search_term_string\"}}],\"inLanguage\":\"de\"},{\"@type\":\"Organization\",\"@id\":\"https:\/\/www.ecambria-experts.de\/it-sachverstaendiger\/#organization\",\"name\":\"ecambria experts\",\"url\":\"https:\/\/www.ecambria-experts.de\/it-sachverstaendiger\/\",\"logo\":{\"@type\":\"ImageObject\",\"inLanguage\":\"de\",\"@id\":\"https:\/\/www.ecambria-experts.de\/it-sachverstaendiger\/#\/schema\/logo\/image\/\",\"url\":\"https:\/\/www.ecambria-experts.de\/it-sachverstaendiger\/wp-content\/uploads\/2025\/09\/ecambria_experts_logo_ohne_rand.svg\",\"contentUrl\":\"https:\/\/www.ecambria-experts.de\/it-sachverstaendiger\/wp-content\/uploads\/2025\/09\/ecambria_experts_logo_ohne_rand.svg\",\"width\":369,\"height\":60,\"caption\":\"ecambria experts\"},\"image\":{\"@id\":\"https:\/\/www.ecambria-experts.de\/it-sachverstaendiger\/#\/schema\/logo\/image\/\"}}]}<\/script>\n<!-- \/ Yoast SEO plugin. -->","yoast_head_json":{"title":"Kontakt - ecambria experts","description":"Wir freuen uns \u00fcber Ihr Interesse an unseren Leistungen! Kontaktieren Sie uns oder fordern Sie unsere Informationsbrosch\u00fcre an.","robots":{"index":"index","follow":"follow","max-snippet":"max-snippet:-1","max-image-preview":"max-image-preview:large","max-video-preview":"max-video-preview:-1"},"canonical":"https:\/\/www.ecambria-experts.de\/it-sachverstaendiger\/kontakt","og_locale":"de_DE","og_type":"article","og_title":"Kontakt - ecambria experts","og_description":"Wir freuen uns \u00fcber Ihr Interesse an unseren Leistungen! Kontaktieren Sie uns oder fordern Sie unsere Informationsbrosch\u00fcre an.","og_url":"https:\/\/www.ecambria-experts.de\/it-sachverstaendiger\/kontakt","og_site_name":"ecambria experts","article_modified_time":"2022-06-28T11:54:33+00:00","og_image":[{"url":"http:\/\/www.ecambria-experts.de\/it-sachverstaendiger\/wp-content\/uploads\/2014\/12\/flyer_de-211x300.jpg","type":"","width":"","height":""}],"twitter_card":"summary_large_image","twitter_misc":{"Gesch\u00e4tzte Lesezeit":"1\u00a0Minute"},"schema":{"@context":"https:\/\/schema.org","@graph":[{"@type":"WebPage","@id":"https:\/\/www.ecambria-experts.de\/it-sachverstaendiger\/kontakt","url":"https:\/\/www.ecambria-experts.de\/it-sachverstaendiger\/kontakt","name":"Kontakt - ecambria experts","isPartOf":{"@id":"https:\/\/www.ecambria-experts.de\/it-sachverstaendiger\/#website"},"primaryImageOfPage":{"@id":"https:\/\/www.ecambria-experts.de\/it-sachverstaendiger\/kontakt#primaryimage"},"image":{"@id":"https:\/\/www.ecambria-experts.de\/it-sachverstaendiger\/kontakt#primaryimage"},"thumbnailUrl":"http:\/\/www.ecambria-experts.de\/it-sachverstaendiger\/wp-content\/uploads\/2014\/12\/flyer_de-211x300.jpg","datePublished":"2014-12-21T19:33:59+00:00","dateModified":"2022-06-28T11:54:33+00:00","description":"Wir freuen uns \u00fcber Ihr Interesse an unseren Leistungen! Kontaktieren Sie uns oder fordern Sie unsere Informationsbrosch\u00fcre an.","breadcrumb":{"@id":"https:\/\/www.ecambria-experts.de\/it-sachverstaendiger\/kontakt#breadcrumb"},"inLanguage":"de","potentialAction":[{"@type":"ReadAction","target":["https:\/\/www.ecambria-experts.de\/it-sachverstaendiger\/kontakt"]}]},{"@type":"ImageObject","inLanguage":"de","@id":"https:\/\/www.ecambria-experts.de\/it-sachverstaendiger\/kontakt#primaryimage","url":"http:\/\/www.ecambria-experts.de\/it-sachverstaendiger\/wp-content\/uploads\/2014\/12\/flyer_de-211x300.jpg","contentUrl":"http:\/\/www.ecambria-experts.de\/it-sachverstaendiger\/wp-content\/uploads\/2014\/12\/flyer_de-211x300.jpg"},{"@type":"BreadcrumbList","@id":"https:\/\/www.ecambria-experts.de\/it-sachverstaendiger\/kontakt#breadcrumb","itemListElement":[{"@type":"ListItem","position":1,"name":"Startseite","item":"https:\/\/www.ecambria-experts.de\/it-sachverstaendiger\/"},{"@type":"ListItem","position":2,"name":"Kontakt"}]},{"@type":"WebSite","@id":"https:\/\/www.ecambria-experts.de\/it-sachverstaendiger\/#website","url":"https:\/\/www.ecambria-experts.de\/it-sachverstaendiger\/","name":"ecambria experts","description":"IT-Sachverst\u00e4ndige und Gutachter, Bewertung, Gerichtsgutachten, Privatgutachten, Schlichtung","publisher":{"@id":"https:\/\/www.ecambria-experts.de\/it-sachverstaendiger\/#organization"},"potentialAction":[{"@type":"SearchAction","target":{"@type":"EntryPoint","urlTemplate":"https:\/\/www.ecambria-experts.de\/it-sachverstaendiger\/?s={search_term_string}"},"query-input":{"@type":"PropertyValueSpecification","valueRequired":true,"valueName":"search_term_string"}}],"inLanguage":"de"},{"@type":"Organization","@id":"https:\/\/www.ecambria-experts.de\/it-sachverstaendiger\/#organization","name":"ecambria experts","url":"https:\/\/www.ecambria-experts.de\/it-sachverstaendiger\/","logo":{"@type":"ImageObject","inLanguage":"de","@id":"https:\/\/www.ecambria-experts.de\/it-sachverstaendiger\/#\/schema\/logo\/image\/","url":"https:\/\/www.ecambria-experts.de\/it-sachverstaendiger\/wp-content\/uploads\/2025\/09\/ecambria_experts_logo_ohne_rand.svg","contentUrl":"https:\/\/www.ecambria-experts.de\/it-sachverstaendiger\/wp-content\/uploads\/2025\/09\/ecambria_experts_logo_ohne_rand.svg","width":369,"height":60,"caption":"ecambria experts"},"image":{"@id":"https:\/\/www.ecambria-experts.de\/it-sachverstaendiger\/#\/schema\/logo\/image\/"}}]}},"_links":{"self":[{"href":"https:\/\/www.ecambria-experts.de\/it-sachverstaendiger\/wp-json\/wp\/v2\/pages\/105","targetHints":{"allow":["GET"]}}],"collection":[{"href":"https:\/\/www.ecambria-experts.de\/it-sachverstaendiger\/wp-json\/wp\/v2\/pages"}],"about":[{"href":"https:\/\/www.ecambria-experts.de\/it-sachverstaendiger\/wp-json\/wp\/v2\/types\/page"}],"author":[{"embeddable":true,"href":"https:\/\/www.ecambria-experts.de\/it-sachverstaendiger\/wp-json\/wp\/v2\/users\/1"}],"replies":[{"embeddable":true,"href":"https:\/\/www.ecambria-experts.de\/it-sachverstaendiger\/wp-json\/wp\/v2\/comments?post=105"}],"version-history":[{"count":13,"href":"https:\/\/www.ecambria-experts.de\/it-sachverstaendiger\/wp-json\/wp\/v2\/pages\/105\/revisions"}],"predecessor-version":[{"id":1539,"href":"https:\/\/www.ecambria-experts.de\/it-sachverstaendiger\/wp-json\/wp\/v2\/pages\/105\/revisions\/1539"}],"wp:attachment":[{"href":"https:\/\/www.ecambria-experts.de\/it-sachverstaendiger\/wp-json\/wp\/v2\/media?parent=105"}],"curies":[{"name":"wp","href":"https:\/\/api.w.org\/{rel}","templated":true}]}}