{"id":110,"date":"2014-12-21T22:41:35","date_gmt":"2014-12-21T20:41:35","guid":{"rendered":"http:\/\/www.the-only-thing-constant.com\/it-sachverstaendiger\/?page_id=110"},"modified":"2025-09-09T15:25:34","modified_gmt":"2025-09-09T14:25:34","slug":"sv-stiemerling","status":"publish","type":"page","link":"https:\/\/www.ecambria-experts.de\/it-sachverstaendiger\/sv-stiemerling","title":{"rendered":"Prof. Dr. Oliver Stiemerling"},"content":{"rendered":"<h1 class=\"main-text\"><strong>Prof. Dr. Oliver Stiemerling<\/strong><\/h1>\n<p><a href=\"https:\/\/www.ecambria-experts.de\/it-sachverstaendiger\/wp-content\/uploads\/2025\/09\/Oliver_080_1000PixelWeb.jpg\"><img loading=\"lazy\" decoding=\"async\" class=\"aligncenter wp-image-1616 size-full\" src=\"https:\/\/www.ecambria-experts.de\/it-sachverstaendiger\/wp-content\/uploads\/2025\/09\/Oliver_080_1000PixelWeb.jpg\" alt=\"\" width=\"1000\" height=\"667\" srcset=\"https:\/\/www.ecambria-experts.de\/it-sachverstaendiger\/wp-content\/uploads\/2025\/09\/Oliver_080_1000PixelWeb.jpg 1000w, https:\/\/www.ecambria-experts.de\/it-sachverstaendiger\/wp-content\/uploads\/2025\/09\/Oliver_080_1000PixelWeb-300x200.jpg 300w, https:\/\/www.ecambria-experts.de\/it-sachverstaendiger\/wp-content\/uploads\/2025\/09\/Oliver_080_1000PixelWeb-768x512.jpg 768w\" sizes=\"auto, (max-width: 1000px) 100vw, 1000px\" \/><\/a><\/p>\n<p class=\"main-text\">Prof. Stiemerling ist seit 2008 \u00f6ffentlich bestellter und vereidigter Sachverst\u00e4ndiger f\u00fcr Systeme und Anwendungen der Informationsverarbeitung. Als IT-Sachverst\u00e4ndiger erstellt er Gutachten und bewertet Sachverhalte der Informationsverarbeitung f\u00fcr Gerichte, Beh\u00f6rden, \u00f6ffentliche Einrichtungen, Anw\u00e4lte, Parteien, Unternehmen und Versicherungen. Schwerpunkte sind insbesondere Managementberatung und Begutachtungen im Kontext von Unternehmens\u00fcbernahmen und Asset-Deals (M&amp;A), zu Softwareprojekten in Krisensituationen, eBusiness &amp; eCommerce, Internet, Lasten- und Pflichtenhefterstellung, Ausschreibungen, CRM, IT-Sicherheit und Datenschutz, technische Fragen des Urheberrechts, Bewertung von Software und Dokumentation. Prof. Stiemerling hat bisher \u00fcber 700 Begutachtungen als IT-Sachverst\u00e4ndiger durchgef\u00fchrt.<\/p>\n<p class=\"main-text\">Prof. Stiemerling hat an den Universit\u00e4ten Bonn und Warwick (Gro\u00dfbritannien) Informatik mit Betriebswirtschaftslehre im Nebenfach studiert. An der Universit\u00e4t Bonn promovierte er \u00fcber Customizing auf Basis komponentenbasierter Softwarearchitekturen und arbeitete danach als Gastwissenschaftler in Frankreich im Forschungslabor von Xerox. Er ist seit 1992 als unabh\u00e4ngiger IT-Berater f\u00fcr gro\u00dfe international agierende Unternehmen sowie f\u00fcr Mittelst\u00e4ndler in unterschiedlichen Branchen t\u00e4tig und gr\u00fcndete im Jahr 2000 die ecambria systems GmbH. Seit 2024 ist er Honorarprofessor f\u00fcr Digitale Transformation und Regulatorik and der Hochschule Bonn-Rhein-Sieg. Dort forscht er neben der T\u00e4tigkeit als IT-Sachverst\u00e4ndiger und Berater zu fachdidaktischer Software, d.h. Software, die Lehren und Lernen effektiver und effizienter macht, sowie Menschen weltweit den Zugang zu Bildung erm\u00f6glicht.<\/p>\n<p class=\"main-text\">F\u00fcr Anfragen zu Gutachten oder Beratung k\u00f6nnen Sie Prof. Stiemerling gerne unverbindlich direkt kontaktieren. Er arbeitet bundesweit und ist h\u00e4ufig in K\u00f6ln, Berlin, M\u00fcnchen, D\u00fcsseldorf, Hamburg, Stuttgart, N\u00fcrnberg und W\u00fcrzburg.<\/p>\n<p class=\"main-text\">Alle Anfragen werden selbstverst\u00e4ndlich vollkommen vertraulich behandelt.<\/p>\n<p class=\"main-subtitle\"><strong>Erreichbarkeit:<\/strong><\/p>\n<ul>\n<li>E-Mail: <b><a href=\"mailto:os@ecambria-systems.com?subject=Anfrage%20zu%20Beratung%20oder%20Gutachten\">os@ecambria-systems.com<\/a><\/b><\/li>\n<li>Telefon: 0221 &#8211; 5955 27-0<\/li>\n<li>Post- und B\u00fcroanschrift finden Sie <b><a href=\"\/kontakt\">hier<\/a><\/b><\/li>\n<li>Sprachen: Deutsch, Englisch, Franz\u00f6sisch<\/li>\n<\/ul>\n<p class=\"main-subtitle\"><strong>Publikationen:<\/strong><\/p>\n<ul>\n<li>Herr Prof. Dr. Stiemerling publiziert regelm\u00e4\u00dfig in der juristischen und technischen Fachpresse. <a href=\"\/it-sachverstaendiger\/publikationen\">Zu den aktuellen Ver\u00f6ffentlichungen<\/a><\/li>\n<\/ul>\n<p class=\"main-subtitle\"><strong>Mitgliedschaften, Gremien und weitere T\u00e4tigkeiten:<\/strong><\/p>\n<ul>\n<li>Vorsitzender der <a href=\"https:\/\/www.feei.de\/\">Fachgruppe Elektrotechnik und Informationstechnik<\/a> im BVS e.V., Berlin (Bundesfachbereichsleiter)<\/li>\n<li><a href=\"https:\/\/www.h-brs.de\/de\/inf\/prof-dr-oliver-stiemerling\">Honorarprofessur Digitale Transformation und Regulatorik<\/a> an der Hochschule Bonn-Rhein-Sieg. <a href=\"https:\/\/www.ecambria-experts.de\/it-sachverstaendiger\/honorarprofessur-digitale-transformation-und-regulatorik\">Forschung und Lehre<\/a>.<\/li>\n<li>Gesellschaft f\u00fcr Informatik e.V. (GI), Bonn<\/li>\n<li>Lenkungskreis der Regionalgruppe K\u00f6ln der GI<\/li>\n<li>Deutsche Gesellschaft f\u00fcr Recht und Informatik e.V., Berlin<\/li>\n<li>Arbeitskreis EDV und Recht e.V., K\u00f6ln<\/li>\n<\/ul>\n\n\n<p><\/p>\n","protected":false},"excerpt":{"rendered":"<p>Prof. Dr. Oliver Stiemerling Prof. Stiemerling ist seit 2008 \u00f6ffentlich bestellter und vereidigter Sachverst\u00e4ndiger f\u00fcr Systeme und Anwendungen der Informationsverarbeitung. Als IT-Sachverst\u00e4ndiger erstellt er Gutachten und bewertet Sachverhalte der Informationsverarbeitung f\u00fcr Gerichte, Beh\u00f6rden, \u00f6ffentliche Einrichtungen, Anw\u00e4lte, Parteien, Unternehmen und Versicherungen. Schwerpunkte sind insbesondere Managementberatung und Begutachtungen im Kontext von Unternehmens\u00fcbernahmen&#8230;<\/p>\n","protected":false},"author":1,"featured_media":0,"parent":0,"menu_order":0,"comment_status":"closed","ping_status":"closed","template":"","meta":{"inline_featured_image":false,"footnotes":""},"class_list":["post-110","page","type-page","status-publish","hentry"],"yoast_head":"<!-- This site is optimized with the Yoast SEO plugin v25.4 - https:\/\/yoast.com\/wordpress\/plugins\/seo\/ -->\n<title>Prof. Dr. Oliver Stiemerling - ecambria experts<\/title>\n<meta name=\"robots\" content=\"index, follow, max-snippet:-1, max-image-preview:large, max-video-preview:-1\" \/>\n<link rel=\"canonical\" href=\"https:\/\/www.ecambria-experts.de\/it-sachverstaendiger\/sv-stiemerling\" \/>\n<meta property=\"og:locale\" content=\"de_DE\" \/>\n<meta property=\"og:type\" content=\"article\" \/>\n<meta property=\"og:title\" content=\"Prof. Dr. Oliver Stiemerling - ecambria experts\" \/>\n<meta property=\"og:description\" content=\"Prof. Dr. Oliver Stiemerling Prof. Stiemerling ist seit 2008 \u00f6ffentlich bestellter und vereidigter Sachverst\u00e4ndiger f\u00fcr Systeme und Anwendungen der Informationsverarbeitung. Als IT-Sachverst\u00e4ndiger erstellt er Gutachten und bewertet Sachverhalte der Informationsverarbeitung f\u00fcr Gerichte, Beh\u00f6rden, \u00f6ffentliche Einrichtungen, Anw\u00e4lte, Parteien, Unternehmen und Versicherungen. Schwerpunkte sind insbesondere Managementberatung und Begutachtungen im Kontext von Unternehmens\u00fcbernahmen...\" \/>\n<meta property=\"og:url\" content=\"https:\/\/www.ecambria-experts.de\/it-sachverstaendiger\/sv-stiemerling\" \/>\n<meta property=\"og:site_name\" content=\"ecambria experts\" \/>\n<meta property=\"article:modified_time\" content=\"2025-09-09T14:25:34+00:00\" \/>\n<meta property=\"og:image\" content=\"https:\/\/www.ecambria-experts.de\/it-sachverstaendiger\/wp-content\/uploads\/2025\/09\/Oliver_080_1000PixelWeb.jpg\" \/>\n\t<meta property=\"og:image:width\" content=\"1000\" \/>\n\t<meta property=\"og:image:height\" content=\"667\" \/>\n\t<meta property=\"og:image:type\" content=\"image\/jpeg\" \/>\n<meta name=\"twitter:card\" content=\"summary_large_image\" \/>\n<meta name=\"twitter:label1\" content=\"Gesch\u00e4tzte Lesezeit\" \/>\n\t<meta name=\"twitter:data1\" content=\"3\u00a0Minuten\" \/>\n<script type=\"application\/ld+json\" class=\"yoast-schema-graph\">{\"@context\":\"https:\/\/schema.org\",\"@graph\":[{\"@type\":\"WebPage\",\"@id\":\"https:\/\/www.ecambria-experts.de\/it-sachverstaendiger\/sv-stiemerling\",\"url\":\"https:\/\/www.ecambria-experts.de\/it-sachverstaendiger\/sv-stiemerling\",\"name\":\"Prof. Dr. Oliver Stiemerling - ecambria experts\",\"isPartOf\":{\"@id\":\"https:\/\/www.ecambria-experts.de\/it-sachverstaendiger\/#website\"},\"primaryImageOfPage\":{\"@id\":\"https:\/\/www.ecambria-experts.de\/it-sachverstaendiger\/sv-stiemerling#primaryimage\"},\"image\":{\"@id\":\"https:\/\/www.ecambria-experts.de\/it-sachverstaendiger\/sv-stiemerling#primaryimage\"},\"thumbnailUrl\":\"https:\/\/www.ecambria-experts.de\/it-sachverstaendiger\/wp-content\/uploads\/2025\/09\/Oliver_080_1000PixelWeb.jpg\",\"datePublished\":\"2014-12-21T20:41:35+00:00\",\"dateModified\":\"2025-09-09T14:25:34+00:00\",\"breadcrumb\":{\"@id\":\"https:\/\/www.ecambria-experts.de\/it-sachverstaendiger\/sv-stiemerling#breadcrumb\"},\"inLanguage\":\"de\",\"potentialAction\":[{\"@type\":\"ReadAction\",\"target\":[\"https:\/\/www.ecambria-experts.de\/it-sachverstaendiger\/sv-stiemerling\"]}]},{\"@type\":\"ImageObject\",\"inLanguage\":\"de\",\"@id\":\"https:\/\/www.ecambria-experts.de\/it-sachverstaendiger\/sv-stiemerling#primaryimage\",\"url\":\"https:\/\/www.ecambria-experts.de\/it-sachverstaendiger\/wp-content\/uploads\/2025\/09\/Oliver_080_1000PixelWeb.jpg\",\"contentUrl\":\"https:\/\/www.ecambria-experts.de\/it-sachverstaendiger\/wp-content\/uploads\/2025\/09\/Oliver_080_1000PixelWeb.jpg\",\"width\":1000,\"height\":667},{\"@type\":\"BreadcrumbList\",\"@id\":\"https:\/\/www.ecambria-experts.de\/it-sachverstaendiger\/sv-stiemerling#breadcrumb\",\"itemListElement\":[{\"@type\":\"ListItem\",\"position\":1,\"name\":\"Startseite\",\"item\":\"https:\/\/www.ecambria-experts.de\/it-sachverstaendiger\/\"},{\"@type\":\"ListItem\",\"position\":2,\"name\":\"Prof. Dr. Oliver Stiemerling\"}]},{\"@type\":\"WebSite\",\"@id\":\"https:\/\/www.ecambria-experts.de\/it-sachverstaendiger\/#website\",\"url\":\"https:\/\/www.ecambria-experts.de\/it-sachverstaendiger\/\",\"name\":\"ecambria experts\",\"description\":\"IT-Sachverst\u00e4ndige und Gutachter, Bewertung, Gerichtsgutachten, Privatgutachten, Schlichtung\",\"publisher\":{\"@id\":\"https:\/\/www.ecambria-experts.de\/it-sachverstaendiger\/#organization\"},\"potentialAction\":[{\"@type\":\"SearchAction\",\"target\":{\"@type\":\"EntryPoint\",\"urlTemplate\":\"https:\/\/www.ecambria-experts.de\/it-sachverstaendiger\/?s={search_term_string}\"},\"query-input\":{\"@type\":\"PropertyValueSpecification\",\"valueRequired\":true,\"valueName\":\"search_term_string\"}}],\"inLanguage\":\"de\"},{\"@type\":\"Organization\",\"@id\":\"https:\/\/www.ecambria-experts.de\/it-sachverstaendiger\/#organization\",\"name\":\"ecambria experts\",\"url\":\"https:\/\/www.ecambria-experts.de\/it-sachverstaendiger\/\",\"logo\":{\"@type\":\"ImageObject\",\"inLanguage\":\"de\",\"@id\":\"https:\/\/www.ecambria-experts.de\/it-sachverstaendiger\/#\/schema\/logo\/image\/\",\"url\":\"https:\/\/www.ecambria-experts.de\/it-sachverstaendiger\/wp-content\/uploads\/2025\/09\/ecambria_experts_logo_ohne_rand.svg\",\"contentUrl\":\"https:\/\/www.ecambria-experts.de\/it-sachverstaendiger\/wp-content\/uploads\/2025\/09\/ecambria_experts_logo_ohne_rand.svg\",\"width\":369,\"height\":60,\"caption\":\"ecambria experts\"},\"image\":{\"@id\":\"https:\/\/www.ecambria-experts.de\/it-sachverstaendiger\/#\/schema\/logo\/image\/\"}}]}<\/script>\n<!-- \/ Yoast SEO plugin. -->","yoast_head_json":{"title":"Prof. Dr. Oliver Stiemerling - ecambria experts","robots":{"index":"index","follow":"follow","max-snippet":"max-snippet:-1","max-image-preview":"max-image-preview:large","max-video-preview":"max-video-preview:-1"},"canonical":"https:\/\/www.ecambria-experts.de\/it-sachverstaendiger\/sv-stiemerling","og_locale":"de_DE","og_type":"article","og_title":"Prof. Dr. Oliver Stiemerling - ecambria experts","og_description":"Prof. Dr. Oliver Stiemerling Prof. Stiemerling ist seit 2008 \u00f6ffentlich bestellter und vereidigter Sachverst\u00e4ndiger f\u00fcr Systeme und Anwendungen der Informationsverarbeitung. Als IT-Sachverst\u00e4ndiger erstellt er Gutachten und bewertet Sachverhalte der Informationsverarbeitung f\u00fcr Gerichte, Beh\u00f6rden, \u00f6ffentliche Einrichtungen, Anw\u00e4lte, Parteien, Unternehmen und Versicherungen. Schwerpunkte sind insbesondere Managementberatung und Begutachtungen im Kontext von Unternehmens\u00fcbernahmen...","og_url":"https:\/\/www.ecambria-experts.de\/it-sachverstaendiger\/sv-stiemerling","og_site_name":"ecambria experts","article_modified_time":"2025-09-09T14:25:34+00:00","og_image":[{"width":1000,"height":667,"url":"https:\/\/www.ecambria-experts.de\/it-sachverstaendiger\/wp-content\/uploads\/2025\/09\/Oliver_080_1000PixelWeb.jpg","type":"image\/jpeg"}],"twitter_card":"summary_large_image","twitter_misc":{"Gesch\u00e4tzte Lesezeit":"3\u00a0Minuten"},"schema":{"@context":"https:\/\/schema.org","@graph":[{"@type":"WebPage","@id":"https:\/\/www.ecambria-experts.de\/it-sachverstaendiger\/sv-stiemerling","url":"https:\/\/www.ecambria-experts.de\/it-sachverstaendiger\/sv-stiemerling","name":"Prof. Dr. Oliver Stiemerling - ecambria experts","isPartOf":{"@id":"https:\/\/www.ecambria-experts.de\/it-sachverstaendiger\/#website"},"primaryImageOfPage":{"@id":"https:\/\/www.ecambria-experts.de\/it-sachverstaendiger\/sv-stiemerling#primaryimage"},"image":{"@id":"https:\/\/www.ecambria-experts.de\/it-sachverstaendiger\/sv-stiemerling#primaryimage"},"thumbnailUrl":"https:\/\/www.ecambria-experts.de\/it-sachverstaendiger\/wp-content\/uploads\/2025\/09\/Oliver_080_1000PixelWeb.jpg","datePublished":"2014-12-21T20:41:35+00:00","dateModified":"2025-09-09T14:25:34+00:00","breadcrumb":{"@id":"https:\/\/www.ecambria-experts.de\/it-sachverstaendiger\/sv-stiemerling#breadcrumb"},"inLanguage":"de","potentialAction":[{"@type":"ReadAction","target":["https:\/\/www.ecambria-experts.de\/it-sachverstaendiger\/sv-stiemerling"]}]},{"@type":"ImageObject","inLanguage":"de","@id":"https:\/\/www.ecambria-experts.de\/it-sachverstaendiger\/sv-stiemerling#primaryimage","url":"https:\/\/www.ecambria-experts.de\/it-sachverstaendiger\/wp-content\/uploads\/2025\/09\/Oliver_080_1000PixelWeb.jpg","contentUrl":"https:\/\/www.ecambria-experts.de\/it-sachverstaendiger\/wp-content\/uploads\/2025\/09\/Oliver_080_1000PixelWeb.jpg","width":1000,"height":667},{"@type":"BreadcrumbList","@id":"https:\/\/www.ecambria-experts.de\/it-sachverstaendiger\/sv-stiemerling#breadcrumb","itemListElement":[{"@type":"ListItem","position":1,"name":"Startseite","item":"https:\/\/www.ecambria-experts.de\/it-sachverstaendiger\/"},{"@type":"ListItem","position":2,"name":"Prof. Dr. Oliver Stiemerling"}]},{"@type":"WebSite","@id":"https:\/\/www.ecambria-experts.de\/it-sachverstaendiger\/#website","url":"https:\/\/www.ecambria-experts.de\/it-sachverstaendiger\/","name":"ecambria experts","description":"IT-Sachverst\u00e4ndige und Gutachter, Bewertung, Gerichtsgutachten, Privatgutachten, Schlichtung","publisher":{"@id":"https:\/\/www.ecambria-experts.de\/it-sachverstaendiger\/#organization"},"potentialAction":[{"@type":"SearchAction","target":{"@type":"EntryPoint","urlTemplate":"https:\/\/www.ecambria-experts.de\/it-sachverstaendiger\/?s={search_term_string}"},"query-input":{"@type":"PropertyValueSpecification","valueRequired":true,"valueName":"search_term_string"}}],"inLanguage":"de"},{"@type":"Organization","@id":"https:\/\/www.ecambria-experts.de\/it-sachverstaendiger\/#organization","name":"ecambria experts","url":"https:\/\/www.ecambria-experts.de\/it-sachverstaendiger\/","logo":{"@type":"ImageObject","inLanguage":"de","@id":"https:\/\/www.ecambria-experts.de\/it-sachverstaendiger\/#\/schema\/logo\/image\/","url":"https:\/\/www.ecambria-experts.de\/it-sachverstaendiger\/wp-content\/uploads\/2025\/09\/ecambria_experts_logo_ohne_rand.svg","contentUrl":"https:\/\/www.ecambria-experts.de\/it-sachverstaendiger\/wp-content\/uploads\/2025\/09\/ecambria_experts_logo_ohne_rand.svg","width":369,"height":60,"caption":"ecambria experts"},"image":{"@id":"https:\/\/www.ecambria-experts.de\/it-sachverstaendiger\/#\/schema\/logo\/image\/"}}]}},"_links":{"self":[{"href":"https:\/\/www.ecambria-experts.de\/it-sachverstaendiger\/wp-json\/wp\/v2\/pages\/110","targetHints":{"allow":["GET"]}}],"collection":[{"href":"https:\/\/www.ecambria-experts.de\/it-sachverstaendiger\/wp-json\/wp\/v2\/pages"}],"about":[{"href":"https:\/\/www.ecambria-experts.de\/it-sachverstaendiger\/wp-json\/wp\/v2\/types\/page"}],"author":[{"embeddable":true,"href":"https:\/\/www.ecambria-experts.de\/it-sachverstaendiger\/wp-json\/wp\/v2\/users\/1"}],"replies":[{"embeddable":true,"href":"https:\/\/www.ecambria-experts.de\/it-sachverstaendiger\/wp-json\/wp\/v2\/comments?post=110"}],"version-history":[{"count":41,"href":"https:\/\/www.ecambria-experts.de\/it-sachverstaendiger\/wp-json\/wp\/v2\/pages\/110\/revisions"}],"predecessor-version":[{"id":1621,"href":"https:\/\/www.ecambria-experts.de\/it-sachverstaendiger\/wp-json\/wp\/v2\/pages\/110\/revisions\/1621"}],"wp:attachment":[{"href":"https:\/\/www.ecambria-experts.de\/it-sachverstaendiger\/wp-json\/wp\/v2\/media?parent=110"}],"curies":[{"name":"wp","href":"https:\/\/api.w.org\/{rel}","templated":true}]}}