{"id":12,"date":"2014-08-01T22:22:05","date_gmt":"2014-08-01T20:22:05","guid":{"rendered":"http:\/\/localhost:81\/blog\/?page_id=12"},"modified":"2025-12-16T18:58:43","modified_gmt":"2025-12-16T17:58:43","slug":"experten-fuer-software-und-it-systeme","status":"publish","type":"page","link":"https:\/\/www.ecambria-experts.de\/it-sachverstaendiger\/","title":{"rendered":"IT-Sachverst\u00e4ndige und Gutachter"},"content":{"rendered":"<p class=\"main-text\">Als eine der f\u00fchrenden Gesellschaften von IT-Sachverst\u00e4ndigen in Europa sind die ecambria experts darauf spezialisiert, <b><a title=\"Im \u00f6ffentlichen Auftrag: Neutrale Gutachter f\u00fcr Gerichte\" href=\"\/it-sachverstaendiger\/leistungen_fuer_gerichte\">Gerichte<\/a><\/b>, <b><a title=\"Im privaten Auftrag: Kompetente Partner f\u00fcr Anw\u00e4lte und Mandanten\" href=\"\/it-sachverstaendiger\/leistungen_fuer_anwaelte\">Anw\u00e4lte<\/a><\/b>, und <b><a title=\"F\u00fcr Unternehmen: Beratung bei IT-Entscheidungen und Projekten\" href=\"\/it-sachverstaendiger\/leistungen-fuer-unternehmen\">Unternehmen<\/a><\/b> unabh\u00e4ngig und praxisnah in allen Fragen der Informationstechnologie zu beraten. Die IT-Gutachten der ecambria experts bringen Transparenz in komplexe Zusammenh\u00e4nge und beleuchten dabei gezielt die entscheidenden Aspekte zur Beurteilung eines Streitfalls oder einer wichtigen unternehmerischen Entscheidung. Als unabh\u00e4ngige <a title=\"Neutrale Schlichter und Mediatoren\" href=\"\/it-sachverstaendiger\/schlichtung_und_mediation\"><strong>Schlichter und Mediatoren<\/strong><\/a> leisten wir entscheidende Unterst\u00fctzung f\u00fcr IT-Projekte in der Krise.<\/p>\n<h2 class=\"main-text\">Die folgenden IT-Sachverst\u00e4ndigen sind bei der ecambria t\u00e4tig:<\/h2>\n<ul>\n<li><a title=\"Dr. Oliver Stiemerling\" href=\"\/it-sachverstaendiger\/sv-stiemerling\">Prof. Dr. Oliver Stiemerling*<\/a><\/li>\n<li><a title=\"Tim Schr\u00f6der, Diplom-Informatiker\" href=\"\/it-sachverstaendiger\/sv-schroeder\">Dipl.-Inf. Tim Schr\u00f6der<\/a><\/li>\n<li><a title=\"Dipl. Inf. Thomas Eisenbarth\" href=\"\/IT-Sachverstaendiger\/sv-eisenbarth\">Dipl.-Inf. Thomas Eisenbarth<\/a><\/li>\n<li><a title=\"Dr. Ing. Joachim H\u00f6nig\" href=\"\/IT-Sachverstaendiger\/sv-hoenig\">Dr.-Ing. Joachim H\u00f6nig<\/a><\/li>\n<li><a title=\"Steffen Wunderlich\" href=\"IT-Sachverstaendiger\/sv-wunderlich\">Steffen Wunderlich<\/a><\/li>\n<li><a title=\"Viktor Hassenrik (Diplom-Informatiker)\" href=\"http:\/\/www.ecambria-experts.de\/it-sachverstaendiger\/startseite\/viktor-hassenrik-diplom-informatiker\">Dipl.-Inf. Viktor Hassenrik<\/a><\/li>\n<\/ul>\n<h2 class=\"main-text\">Unsere IT-Gutachter werden beraten von:<\/h2>\n<ul>\n<li><a title=\"Beatrice Goihl\" href=\"\/IT-Sachverstaendiger\/sv-goihl\">Beatrice Goihl<\/a><\/li>\n<\/ul>\n<h2>Assistenz der Gesch\u00e4ftsf\u00fchrung<\/h2>\n<ul>\n<li><a href=\"https:\/\/www.ecambria-experts.de\/it-sachverstaendiger\/olga-alves\">Olga Alves<\/a><\/li>\n<\/ul>\n<p class=\"main-text\">Da die ecambria neben der IT-Sachverst\u00e4ndigent\u00e4tigkeit auch selbst als Dienstleister, Werkvertragsunternehmen und Produkthersteller agiert, sind wir mit den Marktgepflogenheiten vertraut und zeichnen uns durch einen besonders intensiven und aktuellen Praxisbezug aus. Dar\u00fcber hinaus publizieren wir regelm\u00e4\u00dfig zu Themen an der Schnittstelle von Informatik und Recht. Zu unseren aktuellen <b><a title=\"Ver\u00f6ffentlichungen\" href=\"http:\/\/www.ecambria-experts.de\/it-sachverstaendiger\/publikationen\">Publikationen<\/a><\/b>.<\/p>\n<p class=\"main-text\">*) von der IHK \u00f6ffentlich bestellter und vereidigter Sachverst\u00e4ndiger f\u00fcr Systeme und Anwendungen der Informationsverarbeitung<\/p>\n","protected":false},"excerpt":{"rendered":"<p>Als eine der f\u00fchrenden Gesellschaften von IT-Sachverst\u00e4ndigen in Europa sind die ecambria experts darauf spezialisiert, Gerichte, Anw\u00e4lte, und Unternehmen unabh\u00e4ngig und praxisnah in allen Fragen der Informationstechnologie zu beraten. Die IT-Gutachten der ecambria experts bringen Transparenz in komplexe Zusammenh\u00e4nge und beleuchten dabei gezielt die entscheidenden Aspekte zur Beurteilung eines Streitfalls&#8230;<\/p>\n","protected":false},"author":1,"featured_media":0,"parent":0,"menu_order":0,"comment_status":"closed","ping_status":"closed","template":"","meta":{"inline_featured_image":false,"footnotes":""},"class_list":["post-12","page","type-page","status-publish","hentry"],"yoast_head":"<!-- This site is optimized with the Yoast SEO plugin v25.4 - https:\/\/yoast.com\/wordpress\/plugins\/seo\/ -->\n<title>IT-Sachverst\u00e4ndige und Gutachter - ecambria experts<\/title>\n<meta name=\"description\" content=\"Als IT-Sachverst\u00e4ndige beraten wir Gerichte, Unternehmen, Anw\u00e4lte und Beh\u00f6rden in IT-Streitf\u00e4llen oder IT-Projekten und erstellen schriftliche Gutachten.\" \/>\n<meta name=\"robots\" content=\"index, follow, max-snippet:-1, max-image-preview:large, max-video-preview:-1\" \/>\n<link rel=\"canonical\" href=\"https:\/\/www.ecambria-experts.de\/it-sachverstaendiger\/\" \/>\n<meta property=\"og:locale\" content=\"de_DE\" \/>\n<meta property=\"og:type\" content=\"article\" \/>\n<meta property=\"og:title\" content=\"IT-Sachverst\u00e4ndige und Gutachter - ecambria experts\" \/>\n<meta property=\"og:description\" content=\"Als IT-Sachverst\u00e4ndige beraten wir Gerichte, Unternehmen, Anw\u00e4lte und Beh\u00f6rden in IT-Streitf\u00e4llen oder IT-Projekten und erstellen schriftliche Gutachten.\" \/>\n<meta property=\"og:url\" content=\"https:\/\/www.ecambria-experts.de\/it-sachverstaendiger\/\" \/>\n<meta property=\"og:site_name\" content=\"ecambria experts\" \/>\n<meta property=\"article:modified_time\" content=\"2025-12-16T17:58:43+00:00\" \/>\n<meta name=\"twitter:card\" content=\"summary_large_image\" \/>\n<meta name=\"twitter:label1\" content=\"Gesch\u00e4tzte Lesezeit\" \/>\n\t<meta name=\"twitter:data1\" content=\"1\u00a0Minute\" \/>\n<script type=\"application\/ld+json\" class=\"yoast-schema-graph\">{\"@context\":\"https:\/\/schema.org\",\"@graph\":[{\"@type\":\"WebPage\",\"@id\":\"https:\/\/www.ecambria-experts.de\/it-sachverstaendiger\/\",\"url\":\"https:\/\/www.ecambria-experts.de\/it-sachverstaendiger\/\",\"name\":\"IT-Sachverst\u00e4ndige und Gutachter - ecambria experts\",\"isPartOf\":{\"@id\":\"https:\/\/www.ecambria-experts.de\/it-sachverstaendiger\/#website\"},\"datePublished\":\"2014-08-01T20:22:05+00:00\",\"dateModified\":\"2025-12-16T17:58:43+00:00\",\"description\":\"Als IT-Sachverst\u00e4ndige beraten wir Gerichte, Unternehmen, Anw\u00e4lte und Beh\u00f6rden in IT-Streitf\u00e4llen oder IT-Projekten und erstellen schriftliche Gutachten.\",\"breadcrumb\":{\"@id\":\"https:\/\/www.ecambria-experts.de\/it-sachverstaendiger\/#breadcrumb\"},\"inLanguage\":\"de\",\"potentialAction\":[{\"@type\":\"ReadAction\",\"target\":[\"https:\/\/www.ecambria-experts.de\/it-sachverstaendiger\/\"]}]},{\"@type\":\"BreadcrumbList\",\"@id\":\"https:\/\/www.ecambria-experts.de\/it-sachverstaendiger\/#breadcrumb\",\"itemListElement\":[{\"@type\":\"ListItem\",\"position\":1,\"name\":\"Startseite\",\"item\":\"https:\/\/www.ecambria-experts.de\/it-sachverstaendiger\/\"},{\"@type\":\"ListItem\",\"position\":2,\"name\":\"IT-Sachverst\u00e4ndige und Gutachter\"}]},{\"@type\":\"WebSite\",\"@id\":\"https:\/\/www.ecambria-experts.de\/it-sachverstaendiger\/#website\",\"url\":\"https:\/\/www.ecambria-experts.de\/it-sachverstaendiger\/\",\"name\":\"ecambria experts\",\"description\":\"IT-Sachverst\u00e4ndige und Gutachter, Bewertung, Gerichtsgutachten, Privatgutachten, Schlichtung\",\"publisher\":{\"@id\":\"https:\/\/www.ecambria-experts.de\/it-sachverstaendiger\/#organization\"},\"potentialAction\":[{\"@type\":\"SearchAction\",\"target\":{\"@type\":\"EntryPoint\",\"urlTemplate\":\"https:\/\/www.ecambria-experts.de\/it-sachverstaendiger\/?s={search_term_string}\"},\"query-input\":{\"@type\":\"PropertyValueSpecification\",\"valueRequired\":true,\"valueName\":\"search_term_string\"}}],\"inLanguage\":\"de\"},{\"@type\":\"Organization\",\"@id\":\"https:\/\/www.ecambria-experts.de\/it-sachverstaendiger\/#organization\",\"name\":\"ecambria experts\",\"url\":\"https:\/\/www.ecambria-experts.de\/it-sachverstaendiger\/\",\"logo\":{\"@type\":\"ImageObject\",\"inLanguage\":\"de\",\"@id\":\"https:\/\/www.ecambria-experts.de\/it-sachverstaendiger\/#\/schema\/logo\/image\/\",\"url\":\"https:\/\/www.ecambria-experts.de\/it-sachverstaendiger\/wp-content\/uploads\/2025\/09\/ecambria_experts_logo_ohne_rand.svg\",\"contentUrl\":\"https:\/\/www.ecambria-experts.de\/it-sachverstaendiger\/wp-content\/uploads\/2025\/09\/ecambria_experts_logo_ohne_rand.svg\",\"width\":369,\"height\":60,\"caption\":\"ecambria experts\"},\"image\":{\"@id\":\"https:\/\/www.ecambria-experts.de\/it-sachverstaendiger\/#\/schema\/logo\/image\/\"}}]}<\/script>\n<!-- \/ Yoast SEO plugin. -->","yoast_head_json":{"title":"IT-Sachverst\u00e4ndige und Gutachter - ecambria experts","description":"Als IT-Sachverst\u00e4ndige beraten wir Gerichte, Unternehmen, Anw\u00e4lte und Beh\u00f6rden in IT-Streitf\u00e4llen oder IT-Projekten und erstellen schriftliche Gutachten.","robots":{"index":"index","follow":"follow","max-snippet":"max-snippet:-1","max-image-preview":"max-image-preview:large","max-video-preview":"max-video-preview:-1"},"canonical":"https:\/\/www.ecambria-experts.de\/it-sachverstaendiger\/","og_locale":"de_DE","og_type":"article","og_title":"IT-Sachverst\u00e4ndige und Gutachter - ecambria experts","og_description":"Als IT-Sachverst\u00e4ndige beraten wir Gerichte, Unternehmen, Anw\u00e4lte und Beh\u00f6rden in IT-Streitf\u00e4llen oder IT-Projekten und erstellen schriftliche Gutachten.","og_url":"https:\/\/www.ecambria-experts.de\/it-sachverstaendiger\/","og_site_name":"ecambria experts","article_modified_time":"2025-12-16T17:58:43+00:00","twitter_card":"summary_large_image","twitter_misc":{"Gesch\u00e4tzte Lesezeit":"1\u00a0Minute"},"schema":{"@context":"https:\/\/schema.org","@graph":[{"@type":"WebPage","@id":"https:\/\/www.ecambria-experts.de\/it-sachverstaendiger\/","url":"https:\/\/www.ecambria-experts.de\/it-sachverstaendiger\/","name":"IT-Sachverst\u00e4ndige und Gutachter - ecambria experts","isPartOf":{"@id":"https:\/\/www.ecambria-experts.de\/it-sachverstaendiger\/#website"},"datePublished":"2014-08-01T20:22:05+00:00","dateModified":"2025-12-16T17:58:43+00:00","description":"Als IT-Sachverst\u00e4ndige beraten wir Gerichte, Unternehmen, Anw\u00e4lte und Beh\u00f6rden in IT-Streitf\u00e4llen oder IT-Projekten und erstellen schriftliche Gutachten.","breadcrumb":{"@id":"https:\/\/www.ecambria-experts.de\/it-sachverstaendiger\/#breadcrumb"},"inLanguage":"de","potentialAction":[{"@type":"ReadAction","target":["https:\/\/www.ecambria-experts.de\/it-sachverstaendiger\/"]}]},{"@type":"BreadcrumbList","@id":"https:\/\/www.ecambria-experts.de\/it-sachverstaendiger\/#breadcrumb","itemListElement":[{"@type":"ListItem","position":1,"name":"Startseite","item":"https:\/\/www.ecambria-experts.de\/it-sachverstaendiger\/"},{"@type":"ListItem","position":2,"name":"IT-Sachverst\u00e4ndige und Gutachter"}]},{"@type":"WebSite","@id":"https:\/\/www.ecambria-experts.de\/it-sachverstaendiger\/#website","url":"https:\/\/www.ecambria-experts.de\/it-sachverstaendiger\/","name":"ecambria experts","description":"IT-Sachverst\u00e4ndige und Gutachter, Bewertung, Gerichtsgutachten, Privatgutachten, Schlichtung","publisher":{"@id":"https:\/\/www.ecambria-experts.de\/it-sachverstaendiger\/#organization"},"potentialAction":[{"@type":"SearchAction","target":{"@type":"EntryPoint","urlTemplate":"https:\/\/www.ecambria-experts.de\/it-sachverstaendiger\/?s={search_term_string}"},"query-input":{"@type":"PropertyValueSpecification","valueRequired":true,"valueName":"search_term_string"}}],"inLanguage":"de"},{"@type":"Organization","@id":"https:\/\/www.ecambria-experts.de\/it-sachverstaendiger\/#organization","name":"ecambria experts","url":"https:\/\/www.ecambria-experts.de\/it-sachverstaendiger\/","logo":{"@type":"ImageObject","inLanguage":"de","@id":"https:\/\/www.ecambria-experts.de\/it-sachverstaendiger\/#\/schema\/logo\/image\/","url":"https:\/\/www.ecambria-experts.de\/it-sachverstaendiger\/wp-content\/uploads\/2025\/09\/ecambria_experts_logo_ohne_rand.svg","contentUrl":"https:\/\/www.ecambria-experts.de\/it-sachverstaendiger\/wp-content\/uploads\/2025\/09\/ecambria_experts_logo_ohne_rand.svg","width":369,"height":60,"caption":"ecambria experts"},"image":{"@id":"https:\/\/www.ecambria-experts.de\/it-sachverstaendiger\/#\/schema\/logo\/image\/"}}]}},"_links":{"self":[{"href":"https:\/\/www.ecambria-experts.de\/it-sachverstaendiger\/wp-json\/wp\/v2\/pages\/12","targetHints":{"allow":["GET"]}}],"collection":[{"href":"https:\/\/www.ecambria-experts.de\/it-sachverstaendiger\/wp-json\/wp\/v2\/pages"}],"about":[{"href":"https:\/\/www.ecambria-experts.de\/it-sachverstaendiger\/wp-json\/wp\/v2\/types\/page"}],"author":[{"embeddable":true,"href":"https:\/\/www.ecambria-experts.de\/it-sachverstaendiger\/wp-json\/wp\/v2\/users\/1"}],"replies":[{"embeddable":true,"href":"https:\/\/www.ecambria-experts.de\/it-sachverstaendiger\/wp-json\/wp\/v2\/comments?post=12"}],"version-history":[{"count":27,"href":"https:\/\/www.ecambria-experts.de\/it-sachverstaendiger\/wp-json\/wp\/v2\/pages\/12\/revisions"}],"predecessor-version":[{"id":1664,"href":"https:\/\/www.ecambria-experts.de\/it-sachverstaendiger\/wp-json\/wp\/v2\/pages\/12\/revisions\/1664"}],"wp:attachment":[{"href":"https:\/\/www.ecambria-experts.de\/it-sachverstaendiger\/wp-json\/wp\/v2\/media?parent=12"}],"curies":[{"name":"wp","href":"https:\/\/api.w.org\/{rel}","templated":true}]}}