{"id":129,"date":"2014-12-21T23:33:29","date_gmt":"2014-12-21T21:33:29","guid":{"rendered":"http:\/\/www.the-only-thing-constant.com\/it-sachverstaendiger\/?page_id=129"},"modified":"2025-09-04T14:19:37","modified_gmt":"2025-09-04T13:19:37","slug":"sv-schroeder","status":"publish","type":"page","link":"https:\/\/www.ecambria-experts.de\/it-sachverstaendiger\/sv-schroeder","title":{"rendered":"Tim Schr\u00f6der, Diplom-Informatiker"},"content":{"rendered":"<h1><strong>Tim Schr\u00f6der, Diplom-Informatike<\/strong>r<\/h1>\n<h1 class=\"main-subtitle\"><strong>(Assoziierter IT-Sachverst\u00e4ndiger)<\/strong><\/h1>\n<p><a href=\"http:\/\/www.ecambria-experts.de\/it-sachverstaendiger\/wp-content\/uploads\/2016\/01\/Tim-Schr\u00f6der.jpg\"><img loading=\"lazy\" decoding=\"async\" class=\"  wp-image-515 alignleft\" src=\"http:\/\/www.ecambria-experts.de\/it-sachverstaendiger\/wp-content\/uploads\/2016\/01\/Tim-Schr\u00f6der-300x200.jpg\" alt=\"Tim Schr\u00f6der\" width=\"355\" height=\"236\" srcset=\"https:\/\/www.ecambria-experts.de\/it-sachverstaendiger\/wp-content\/uploads\/2016\/01\/Tim-Schr\u00f6der-300x200.jpg 300w, https:\/\/www.ecambria-experts.de\/it-sachverstaendiger\/wp-content\/uploads\/2016\/01\/Tim-Schr\u00f6der-1024x682.jpg 1024w, https:\/\/www.ecambria-experts.de\/it-sachverstaendiger\/wp-content\/uploads\/2016\/01\/Tim-Schr\u00f6der-624x416.jpg 624w, https:\/\/www.ecambria-experts.de\/it-sachverstaendiger\/wp-content\/uploads\/2016\/01\/Tim-Schr\u00f6der.jpg 1280w\" sizes=\"auto, (max-width: 355px) 100vw, 355px\" \/><\/a>Herr Schr\u00f6der hat an der Universit\u00e4t Bonn Informatik studiert (Diplom-Informatiker 2004). Er hat langj\u00e4hrige Berufserfahrung als Berater in der Entwicklung, Analyse und Projektleitung internationaler Projekte. Bei der ecambria systems GmbH begutachtet und bewertet er komplexe Software-Projekte in den Technologien Java, .net und anderen modernen Programmiersprachen. Ein weiteres Spezialgebiet ist die Erstellung und Kontrolle von Lasten- und Pflichtenheften f\u00fcr Outsourcing-Projekte.<\/p>\n<p>&nbsp;<\/p>\n<p class=\"main-subtitle\"><strong>Erreichbarkeit:<\/strong><\/p>\n<ul>\n<li>E-Mail: <b><a href=\"mailto:ts@ecambria-systems.com?subject=Anfrage%20zu%20Beratung%20oder%20Gutachten\">ts@ecambria-systems.com<\/a><\/b><\/li>\n<li>Telefon: 0221 &#8211; 595527-0<\/li>\n<li>Post- und B\u00fcroanschrift finden Sie <b><a href=\"\/kontakt\">hier<\/a><\/b><\/li>\n<li>Sprachen: Deutsch, Englisch<\/li>\n<\/ul>\n","protected":false},"excerpt":{"rendered":"<p>Tim Schr\u00f6der, Diplom-Informatiker (Assoziierter IT-Sachverst\u00e4ndiger) Herr Schr\u00f6der hat an der Universit\u00e4t Bonn Informatik studiert (Diplom-Informatiker 2004). Er hat langj\u00e4hrige Berufserfahrung als Berater in der Entwicklung, Analyse und Projektleitung internationaler Projekte. Bei der ecambria systems GmbH begutachtet und bewertet er komplexe Software-Projekte in den Technologien Java, .net und anderen modernen Programmiersprachen&#8230;.<\/p>\n","protected":false},"author":1,"featured_media":0,"parent":0,"menu_order":0,"comment_status":"closed","ping_status":"closed","template":"","meta":{"inline_featured_image":false,"footnotes":""},"class_list":["post-129","page","type-page","status-publish","hentry"],"yoast_head":"<!-- This site is optimized with the Yoast SEO plugin v25.4 - https:\/\/yoast.com\/wordpress\/plugins\/seo\/ -->\n<title>Tim Schr\u00f6der, Diplom-Informatiker - ecambria experts<\/title>\n<meta name=\"robots\" content=\"index, follow, max-snippet:-1, max-image-preview:large, max-video-preview:-1\" \/>\n<link rel=\"canonical\" href=\"https:\/\/www.ecambria-experts.de\/it-sachverstaendiger\/sv-schroeder\" \/>\n<meta property=\"og:locale\" content=\"de_DE\" \/>\n<meta property=\"og:type\" content=\"article\" \/>\n<meta property=\"og:title\" content=\"Tim Schr\u00f6der, Diplom-Informatiker - ecambria experts\" \/>\n<meta property=\"og:description\" content=\"Tim Schr\u00f6der, Diplom-Informatiker (Assoziierter IT-Sachverst\u00e4ndiger) Herr Schr\u00f6der hat an der Universit\u00e4t Bonn Informatik studiert (Diplom-Informatiker 2004). Er hat langj\u00e4hrige Berufserfahrung als Berater in der Entwicklung, Analyse und Projektleitung internationaler Projekte. Bei der ecambria systems GmbH begutachtet und bewertet er komplexe Software-Projekte in den Technologien Java, .net und anderen modernen Programmiersprachen....\" \/>\n<meta property=\"og:url\" content=\"https:\/\/www.ecambria-experts.de\/it-sachverstaendiger\/sv-schroeder\" \/>\n<meta property=\"og:site_name\" content=\"ecambria experts\" \/>\n<meta property=\"article:modified_time\" content=\"2025-09-04T13:19:37+00:00\" \/>\n<meta name=\"twitter:card\" content=\"summary_large_image\" \/>\n<meta name=\"twitter:label1\" content=\"Gesch\u00e4tzte Lesezeit\" \/>\n\t<meta name=\"twitter:data1\" content=\"1\u00a0Minute\" \/>\n<script type=\"application\/ld+json\" class=\"yoast-schema-graph\">{\"@context\":\"https:\/\/schema.org\",\"@graph\":[{\"@type\":\"WebPage\",\"@id\":\"https:\/\/www.ecambria-experts.de\/it-sachverstaendiger\/sv-schroeder\",\"url\":\"https:\/\/www.ecambria-experts.de\/it-sachverstaendiger\/sv-schroeder\",\"name\":\"Tim Schr\u00f6der, Diplom-Informatiker - ecambria experts\",\"isPartOf\":{\"@id\":\"https:\/\/www.ecambria-experts.de\/it-sachverstaendiger\/#website\"},\"datePublished\":\"2014-12-21T21:33:29+00:00\",\"dateModified\":\"2025-09-04T13:19:37+00:00\",\"breadcrumb\":{\"@id\":\"https:\/\/www.ecambria-experts.de\/it-sachverstaendiger\/sv-schroeder#breadcrumb\"},\"inLanguage\":\"de\",\"potentialAction\":[{\"@type\":\"ReadAction\",\"target\":[\"https:\/\/www.ecambria-experts.de\/it-sachverstaendiger\/sv-schroeder\"]}]},{\"@type\":\"BreadcrumbList\",\"@id\":\"https:\/\/www.ecambria-experts.de\/it-sachverstaendiger\/sv-schroeder#breadcrumb\",\"itemListElement\":[{\"@type\":\"ListItem\",\"position\":1,\"name\":\"Startseite\",\"item\":\"https:\/\/www.ecambria-experts.de\/it-sachverstaendiger\/\"},{\"@type\":\"ListItem\",\"position\":2,\"name\":\"Tim Schr\u00f6der, Diplom-Informatiker\"}]},{\"@type\":\"WebSite\",\"@id\":\"https:\/\/www.ecambria-experts.de\/it-sachverstaendiger\/#website\",\"url\":\"https:\/\/www.ecambria-experts.de\/it-sachverstaendiger\/\",\"name\":\"ecambria experts\",\"description\":\"IT-Sachverst\u00e4ndige und Gutachter, Bewertung, Gerichtsgutachten, Privatgutachten, Schlichtung\",\"publisher\":{\"@id\":\"https:\/\/www.ecambria-experts.de\/it-sachverstaendiger\/#organization\"},\"potentialAction\":[{\"@type\":\"SearchAction\",\"target\":{\"@type\":\"EntryPoint\",\"urlTemplate\":\"https:\/\/www.ecambria-experts.de\/it-sachverstaendiger\/?s={search_term_string}\"},\"query-input\":{\"@type\":\"PropertyValueSpecification\",\"valueRequired\":true,\"valueName\":\"search_term_string\"}}],\"inLanguage\":\"de\"},{\"@type\":\"Organization\",\"@id\":\"https:\/\/www.ecambria-experts.de\/it-sachverstaendiger\/#organization\",\"name\":\"ecambria experts\",\"url\":\"https:\/\/www.ecambria-experts.de\/it-sachverstaendiger\/\",\"logo\":{\"@type\":\"ImageObject\",\"inLanguage\":\"de\",\"@id\":\"https:\/\/www.ecambria-experts.de\/it-sachverstaendiger\/#\/schema\/logo\/image\/\",\"url\":\"https:\/\/www.ecambria-experts.de\/it-sachverstaendiger\/wp-content\/uploads\/2025\/09\/ecambria_experts_logo_ohne_rand.svg\",\"contentUrl\":\"https:\/\/www.ecambria-experts.de\/it-sachverstaendiger\/wp-content\/uploads\/2025\/09\/ecambria_experts_logo_ohne_rand.svg\",\"width\":369,\"height\":60,\"caption\":\"ecambria experts\"},\"image\":{\"@id\":\"https:\/\/www.ecambria-experts.de\/it-sachverstaendiger\/#\/schema\/logo\/image\/\"}}]}<\/script>\n<!-- \/ Yoast SEO plugin. -->","yoast_head_json":{"title":"Tim Schr\u00f6der, Diplom-Informatiker - ecambria experts","robots":{"index":"index","follow":"follow","max-snippet":"max-snippet:-1","max-image-preview":"max-image-preview:large","max-video-preview":"max-video-preview:-1"},"canonical":"https:\/\/www.ecambria-experts.de\/it-sachverstaendiger\/sv-schroeder","og_locale":"de_DE","og_type":"article","og_title":"Tim Schr\u00f6der, Diplom-Informatiker - ecambria experts","og_description":"Tim Schr\u00f6der, Diplom-Informatiker (Assoziierter IT-Sachverst\u00e4ndiger) Herr Schr\u00f6der hat an der Universit\u00e4t Bonn Informatik studiert (Diplom-Informatiker 2004). Er hat langj\u00e4hrige Berufserfahrung als Berater in der Entwicklung, Analyse und Projektleitung internationaler Projekte. Bei der ecambria systems GmbH begutachtet und bewertet er komplexe Software-Projekte in den Technologien Java, .net und anderen modernen Programmiersprachen....","og_url":"https:\/\/www.ecambria-experts.de\/it-sachverstaendiger\/sv-schroeder","og_site_name":"ecambria experts","article_modified_time":"2025-09-04T13:19:37+00:00","twitter_card":"summary_large_image","twitter_misc":{"Gesch\u00e4tzte Lesezeit":"1\u00a0Minute"},"schema":{"@context":"https:\/\/schema.org","@graph":[{"@type":"WebPage","@id":"https:\/\/www.ecambria-experts.de\/it-sachverstaendiger\/sv-schroeder","url":"https:\/\/www.ecambria-experts.de\/it-sachverstaendiger\/sv-schroeder","name":"Tim Schr\u00f6der, Diplom-Informatiker - ecambria experts","isPartOf":{"@id":"https:\/\/www.ecambria-experts.de\/it-sachverstaendiger\/#website"},"datePublished":"2014-12-21T21:33:29+00:00","dateModified":"2025-09-04T13:19:37+00:00","breadcrumb":{"@id":"https:\/\/www.ecambria-experts.de\/it-sachverstaendiger\/sv-schroeder#breadcrumb"},"inLanguage":"de","potentialAction":[{"@type":"ReadAction","target":["https:\/\/www.ecambria-experts.de\/it-sachverstaendiger\/sv-schroeder"]}]},{"@type":"BreadcrumbList","@id":"https:\/\/www.ecambria-experts.de\/it-sachverstaendiger\/sv-schroeder#breadcrumb","itemListElement":[{"@type":"ListItem","position":1,"name":"Startseite","item":"https:\/\/www.ecambria-experts.de\/it-sachverstaendiger\/"},{"@type":"ListItem","position":2,"name":"Tim Schr\u00f6der, Diplom-Informatiker"}]},{"@type":"WebSite","@id":"https:\/\/www.ecambria-experts.de\/it-sachverstaendiger\/#website","url":"https:\/\/www.ecambria-experts.de\/it-sachverstaendiger\/","name":"ecambria experts","description":"IT-Sachverst\u00e4ndige und Gutachter, Bewertung, Gerichtsgutachten, Privatgutachten, Schlichtung","publisher":{"@id":"https:\/\/www.ecambria-experts.de\/it-sachverstaendiger\/#organization"},"potentialAction":[{"@type":"SearchAction","target":{"@type":"EntryPoint","urlTemplate":"https:\/\/www.ecambria-experts.de\/it-sachverstaendiger\/?s={search_term_string}"},"query-input":{"@type":"PropertyValueSpecification","valueRequired":true,"valueName":"search_term_string"}}],"inLanguage":"de"},{"@type":"Organization","@id":"https:\/\/www.ecambria-experts.de\/it-sachverstaendiger\/#organization","name":"ecambria experts","url":"https:\/\/www.ecambria-experts.de\/it-sachverstaendiger\/","logo":{"@type":"ImageObject","inLanguage":"de","@id":"https:\/\/www.ecambria-experts.de\/it-sachverstaendiger\/#\/schema\/logo\/image\/","url":"https:\/\/www.ecambria-experts.de\/it-sachverstaendiger\/wp-content\/uploads\/2025\/09\/ecambria_experts_logo_ohne_rand.svg","contentUrl":"https:\/\/www.ecambria-experts.de\/it-sachverstaendiger\/wp-content\/uploads\/2025\/09\/ecambria_experts_logo_ohne_rand.svg","width":369,"height":60,"caption":"ecambria experts"},"image":{"@id":"https:\/\/www.ecambria-experts.de\/it-sachverstaendiger\/#\/schema\/logo\/image\/"}}]}},"_links":{"self":[{"href":"https:\/\/www.ecambria-experts.de\/it-sachverstaendiger\/wp-json\/wp\/v2\/pages\/129","targetHints":{"allow":["GET"]}}],"collection":[{"href":"https:\/\/www.ecambria-experts.de\/it-sachverstaendiger\/wp-json\/wp\/v2\/pages"}],"about":[{"href":"https:\/\/www.ecambria-experts.de\/it-sachverstaendiger\/wp-json\/wp\/v2\/types\/page"}],"author":[{"embeddable":true,"href":"https:\/\/www.ecambria-experts.de\/it-sachverstaendiger\/wp-json\/wp\/v2\/users\/1"}],"replies":[{"embeddable":true,"href":"https:\/\/www.ecambria-experts.de\/it-sachverstaendiger\/wp-json\/wp\/v2\/comments?post=129"}],"version-history":[{"count":12,"href":"https:\/\/www.ecambria-experts.de\/it-sachverstaendiger\/wp-json\/wp\/v2\/pages\/129\/revisions"}],"predecessor-version":[{"id":1609,"href":"https:\/\/www.ecambria-experts.de\/it-sachverstaendiger\/wp-json\/wp\/v2\/pages\/129\/revisions\/1609"}],"wp:attachment":[{"href":"https:\/\/www.ecambria-experts.de\/it-sachverstaendiger\/wp-json\/wp\/v2\/media?parent=129"}],"curies":[{"name":"wp","href":"https:\/\/api.w.org\/{rel}","templated":true}]}}