{"id":1504,"date":"2021-04-09T08:56:32","date_gmt":"2021-04-09T07:56:32","guid":{"rendered":"https:\/\/www.ecambria-experts.de\/it-sachverstaendiger\/?page_id=1504"},"modified":"2021-04-09T09:02:57","modified_gmt":"2021-04-09T08:02:57","slug":"qualitaetssicherung-in-der-softwareentwicklung","status":"publish","type":"page","link":"https:\/\/www.ecambria-experts.de\/it-sachverstaendiger\/qualitaetssicherung-in-der-softwareentwicklung","title":{"rendered":"Qualit\u00e4tssicherung in der Softwareentwicklung"},"content":{"rendered":"\n<p>Stiemerling, Oliver: &#8222;Qualit\u00e4tssicherung in der Softwareentwicklung&#8220;, Buchbeitrag in IT-Recht Recht, Wirtschaft und Technik der digitalen Transformation, C.H. Beck Verlag, M\u00fcnchen, Seiten 97-104<\/p>\n\n\n\n<p><strong>Abstrakt<\/strong><\/p>\n\n\n\n<p>Hinzu kommt, dass Streitf\u00e4lle ihre Ursache h\u00e4ufig nicht in objektiv fehlerhaften Berechnungen, sondern in der <em>Validit\u00e4t<\/em> der Software haben, d.h. der subjektiven Frage, ob die Software die <em>richtige<\/em>  Software f\u00fcr einen bestimmten Anwendungskontext ist.\u00dcber keinen Aspekt von Software wird so h\u00e4ufig und so intensiv gestritten, wie \u00fcber die Qualit\u00e4t. Im Gegensatz zur stark normengepr\u00e4gten Welt des Handwerks und des Bauwesens gibt es bei der Softwareentwicklung wesentlich gr\u00f6\u00dfere Freiheitsgrade und schnellere Innovationszyklen, so dass es wenig konkrete Vorgaben gibt, an denen Softwarequalit\u00e4t direkt objektiv gemessen werden k\u00f6nnte.<\/p>\n\n\n\n<p>In Ermangelung konkreter Normen und Vorgaben auf der einen Seite und       klar bestimmbaren, etablierten Markt\u00fcblichkeiten auf der anderen Seite laufen viele Streitf\u00e4lle auf eine Bewertung der <em>Eignung<\/em> einer Software f\u00fcr eine       konkrete, vertraglich vereinbarte bzw. herleitbare Verwendung hinaus. Aus       diesem Grund ist es hilfreich, zun\u00e4chst die Dimensionen zu betrachten, entlang derer sich die Eignung einer Software f\u00fcr einen bestimmten       Anwendungskontext ermitteln l\u00e4sst. Softwareherstellern stehen eine Vielzahl von Methoden zur Verf\u00fcgung, um diese Qualit\u00e4tsdimensionen im Rahmen von Softwareentwicklungsprozessen zu ber\u00fccksichtigen.<\/p>\n","protected":false},"excerpt":{"rendered":"<p>Stiemerling, Oliver: &#8222;Qualit\u00e4tssicherung in der Softwareentwicklung&#8220;, Buchbeitrag in IT-Recht Recht, Wirtschaft und Technik der digitalen Transformation, C.H. Beck Verlag, M\u00fcnchen, Seiten 97-104 Abstrakt Hinzu kommt, dass Streitf\u00e4lle ihre Ursache h\u00e4ufig nicht in objektiv fehlerhaften Berechnungen, sondern in der Validit\u00e4t der Software haben, d.h. der subjektiven Frage, ob die Software die&#8230;<\/p>\n","protected":false},"author":14,"featured_media":0,"parent":0,"menu_order":0,"comment_status":"closed","ping_status":"closed","template":"","meta":{"inline_featured_image":false,"footnotes":""},"class_list":["post-1504","page","type-page","status-publish","hentry"],"yoast_head":"<!-- This site is optimized with the Yoast SEO plugin v25.4 - https:\/\/yoast.com\/wordpress\/plugins\/seo\/ -->\n<title>Qualit\u00e4tssicherung in der Softwareentwicklung - ecambria experts<\/title>\n<meta name=\"robots\" content=\"index, follow, max-snippet:-1, max-image-preview:large, max-video-preview:-1\" \/>\n<link rel=\"canonical\" href=\"https:\/\/www.ecambria-experts.de\/it-sachverstaendiger\/qualitaetssicherung-in-der-softwareentwicklung\" \/>\n<meta property=\"og:locale\" content=\"de_DE\" \/>\n<meta property=\"og:type\" content=\"article\" \/>\n<meta property=\"og:title\" content=\"Qualit\u00e4tssicherung in der Softwareentwicklung - ecambria experts\" \/>\n<meta property=\"og:description\" content=\"Stiemerling, Oliver: &#8222;Qualit\u00e4tssicherung in der Softwareentwicklung&#8220;, Buchbeitrag in IT-Recht Recht, Wirtschaft und Technik der digitalen Transformation, C.H. Beck Verlag, M\u00fcnchen, Seiten 97-104 Abstrakt Hinzu kommt, dass Streitf\u00e4lle ihre Ursache h\u00e4ufig nicht in objektiv fehlerhaften Berechnungen, sondern in der Validit\u00e4t der Software haben, d.h. der subjektiven Frage, ob die Software die...\" \/>\n<meta property=\"og:url\" content=\"https:\/\/www.ecambria-experts.de\/it-sachverstaendiger\/qualitaetssicherung-in-der-softwareentwicklung\" \/>\n<meta property=\"og:site_name\" content=\"ecambria experts\" \/>\n<meta property=\"article:modified_time\" content=\"2021-04-09T08:02:57+00:00\" \/>\n<meta name=\"twitter:card\" content=\"summary_large_image\" \/>\n<meta name=\"twitter:label1\" content=\"Gesch\u00e4tzte Lesezeit\" \/>\n\t<meta name=\"twitter:data1\" content=\"1\u00a0Minute\" \/>\n<script type=\"application\/ld+json\" class=\"yoast-schema-graph\">{\"@context\":\"https:\/\/schema.org\",\"@graph\":[{\"@type\":\"WebPage\",\"@id\":\"https:\/\/www.ecambria-experts.de\/it-sachverstaendiger\/qualitaetssicherung-in-der-softwareentwicklung\",\"url\":\"https:\/\/www.ecambria-experts.de\/it-sachverstaendiger\/qualitaetssicherung-in-der-softwareentwicklung\",\"name\":\"Qualit\u00e4tssicherung in der Softwareentwicklung - ecambria experts\",\"isPartOf\":{\"@id\":\"https:\/\/www.ecambria-experts.de\/it-sachverstaendiger\/#website\"},\"datePublished\":\"2021-04-09T07:56:32+00:00\",\"dateModified\":\"2021-04-09T08:02:57+00:00\",\"breadcrumb\":{\"@id\":\"https:\/\/www.ecambria-experts.de\/it-sachverstaendiger\/qualitaetssicherung-in-der-softwareentwicklung#breadcrumb\"},\"inLanguage\":\"de\",\"potentialAction\":[{\"@type\":\"ReadAction\",\"target\":[\"https:\/\/www.ecambria-experts.de\/it-sachverstaendiger\/qualitaetssicherung-in-der-softwareentwicklung\"]}]},{\"@type\":\"BreadcrumbList\",\"@id\":\"https:\/\/www.ecambria-experts.de\/it-sachverstaendiger\/qualitaetssicherung-in-der-softwareentwicklung#breadcrumb\",\"itemListElement\":[{\"@type\":\"ListItem\",\"position\":1,\"name\":\"Startseite\",\"item\":\"https:\/\/www.ecambria-experts.de\/it-sachverstaendiger\/\"},{\"@type\":\"ListItem\",\"position\":2,\"name\":\"Qualit\u00e4tssicherung in der Softwareentwicklung\"}]},{\"@type\":\"WebSite\",\"@id\":\"https:\/\/www.ecambria-experts.de\/it-sachverstaendiger\/#website\",\"url\":\"https:\/\/www.ecambria-experts.de\/it-sachverstaendiger\/\",\"name\":\"ecambria experts\",\"description\":\"IT-Sachverst\u00e4ndige und Gutachter, Bewertung, Gerichtsgutachten, Privatgutachten, Schlichtung\",\"publisher\":{\"@id\":\"https:\/\/www.ecambria-experts.de\/it-sachverstaendiger\/#organization\"},\"potentialAction\":[{\"@type\":\"SearchAction\",\"target\":{\"@type\":\"EntryPoint\",\"urlTemplate\":\"https:\/\/www.ecambria-experts.de\/it-sachverstaendiger\/?s={search_term_string}\"},\"query-input\":{\"@type\":\"PropertyValueSpecification\",\"valueRequired\":true,\"valueName\":\"search_term_string\"}}],\"inLanguage\":\"de\"},{\"@type\":\"Organization\",\"@id\":\"https:\/\/www.ecambria-experts.de\/it-sachverstaendiger\/#organization\",\"name\":\"ecambria experts\",\"url\":\"https:\/\/www.ecambria-experts.de\/it-sachverstaendiger\/\",\"logo\":{\"@type\":\"ImageObject\",\"inLanguage\":\"de\",\"@id\":\"https:\/\/www.ecambria-experts.de\/it-sachverstaendiger\/#\/schema\/logo\/image\/\",\"url\":\"https:\/\/www.ecambria-experts.de\/it-sachverstaendiger\/wp-content\/uploads\/2025\/09\/ecambria_experts_logo_ohne_rand.svg\",\"contentUrl\":\"https:\/\/www.ecambria-experts.de\/it-sachverstaendiger\/wp-content\/uploads\/2025\/09\/ecambria_experts_logo_ohne_rand.svg\",\"width\":369,\"height\":60,\"caption\":\"ecambria experts\"},\"image\":{\"@id\":\"https:\/\/www.ecambria-experts.de\/it-sachverstaendiger\/#\/schema\/logo\/image\/\"}}]}<\/script>\n<!-- \/ Yoast SEO plugin. -->","yoast_head_json":{"title":"Qualit\u00e4tssicherung in der Softwareentwicklung - ecambria experts","robots":{"index":"index","follow":"follow","max-snippet":"max-snippet:-1","max-image-preview":"max-image-preview:large","max-video-preview":"max-video-preview:-1"},"canonical":"https:\/\/www.ecambria-experts.de\/it-sachverstaendiger\/qualitaetssicherung-in-der-softwareentwicklung","og_locale":"de_DE","og_type":"article","og_title":"Qualit\u00e4tssicherung in der Softwareentwicklung - ecambria experts","og_description":"Stiemerling, Oliver: &#8222;Qualit\u00e4tssicherung in der Softwareentwicklung&#8220;, Buchbeitrag in IT-Recht Recht, Wirtschaft und Technik der digitalen Transformation, C.H. Beck Verlag, M\u00fcnchen, Seiten 97-104 Abstrakt Hinzu kommt, dass Streitf\u00e4lle ihre Ursache h\u00e4ufig nicht in objektiv fehlerhaften Berechnungen, sondern in der Validit\u00e4t der Software haben, d.h. der subjektiven Frage, ob die Software die...","og_url":"https:\/\/www.ecambria-experts.de\/it-sachverstaendiger\/qualitaetssicherung-in-der-softwareentwicklung","og_site_name":"ecambria experts","article_modified_time":"2021-04-09T08:02:57+00:00","twitter_card":"summary_large_image","twitter_misc":{"Gesch\u00e4tzte Lesezeit":"1\u00a0Minute"},"schema":{"@context":"https:\/\/schema.org","@graph":[{"@type":"WebPage","@id":"https:\/\/www.ecambria-experts.de\/it-sachverstaendiger\/qualitaetssicherung-in-der-softwareentwicklung","url":"https:\/\/www.ecambria-experts.de\/it-sachverstaendiger\/qualitaetssicherung-in-der-softwareentwicklung","name":"Qualit\u00e4tssicherung in der Softwareentwicklung - ecambria experts","isPartOf":{"@id":"https:\/\/www.ecambria-experts.de\/it-sachverstaendiger\/#website"},"datePublished":"2021-04-09T07:56:32+00:00","dateModified":"2021-04-09T08:02:57+00:00","breadcrumb":{"@id":"https:\/\/www.ecambria-experts.de\/it-sachverstaendiger\/qualitaetssicherung-in-der-softwareentwicklung#breadcrumb"},"inLanguage":"de","potentialAction":[{"@type":"ReadAction","target":["https:\/\/www.ecambria-experts.de\/it-sachverstaendiger\/qualitaetssicherung-in-der-softwareentwicklung"]}]},{"@type":"BreadcrumbList","@id":"https:\/\/www.ecambria-experts.de\/it-sachverstaendiger\/qualitaetssicherung-in-der-softwareentwicklung#breadcrumb","itemListElement":[{"@type":"ListItem","position":1,"name":"Startseite","item":"https:\/\/www.ecambria-experts.de\/it-sachverstaendiger\/"},{"@type":"ListItem","position":2,"name":"Qualit\u00e4tssicherung in der Softwareentwicklung"}]},{"@type":"WebSite","@id":"https:\/\/www.ecambria-experts.de\/it-sachverstaendiger\/#website","url":"https:\/\/www.ecambria-experts.de\/it-sachverstaendiger\/","name":"ecambria experts","description":"IT-Sachverst\u00e4ndige und Gutachter, Bewertung, Gerichtsgutachten, Privatgutachten, Schlichtung","publisher":{"@id":"https:\/\/www.ecambria-experts.de\/it-sachverstaendiger\/#organization"},"potentialAction":[{"@type":"SearchAction","target":{"@type":"EntryPoint","urlTemplate":"https:\/\/www.ecambria-experts.de\/it-sachverstaendiger\/?s={search_term_string}"},"query-input":{"@type":"PropertyValueSpecification","valueRequired":true,"valueName":"search_term_string"}}],"inLanguage":"de"},{"@type":"Organization","@id":"https:\/\/www.ecambria-experts.de\/it-sachverstaendiger\/#organization","name":"ecambria experts","url":"https:\/\/www.ecambria-experts.de\/it-sachverstaendiger\/","logo":{"@type":"ImageObject","inLanguage":"de","@id":"https:\/\/www.ecambria-experts.de\/it-sachverstaendiger\/#\/schema\/logo\/image\/","url":"https:\/\/www.ecambria-experts.de\/it-sachverstaendiger\/wp-content\/uploads\/2025\/09\/ecambria_experts_logo_ohne_rand.svg","contentUrl":"https:\/\/www.ecambria-experts.de\/it-sachverstaendiger\/wp-content\/uploads\/2025\/09\/ecambria_experts_logo_ohne_rand.svg","width":369,"height":60,"caption":"ecambria experts"},"image":{"@id":"https:\/\/www.ecambria-experts.de\/it-sachverstaendiger\/#\/schema\/logo\/image\/"}}]}},"_links":{"self":[{"href":"https:\/\/www.ecambria-experts.de\/it-sachverstaendiger\/wp-json\/wp\/v2\/pages\/1504","targetHints":{"allow":["GET"]}}],"collection":[{"href":"https:\/\/www.ecambria-experts.de\/it-sachverstaendiger\/wp-json\/wp\/v2\/pages"}],"about":[{"href":"https:\/\/www.ecambria-experts.de\/it-sachverstaendiger\/wp-json\/wp\/v2\/types\/page"}],"author":[{"embeddable":true,"href":"https:\/\/www.ecambria-experts.de\/it-sachverstaendiger\/wp-json\/wp\/v2\/users\/14"}],"replies":[{"embeddable":true,"href":"https:\/\/www.ecambria-experts.de\/it-sachverstaendiger\/wp-json\/wp\/v2\/comments?post=1504"}],"version-history":[{"count":3,"href":"https:\/\/www.ecambria-experts.de\/it-sachverstaendiger\/wp-json\/wp\/v2\/pages\/1504\/revisions"}],"predecessor-version":[{"id":1510,"href":"https:\/\/www.ecambria-experts.de\/it-sachverstaendiger\/wp-json\/wp\/v2\/pages\/1504\/revisions\/1510"}],"wp:attachment":[{"href":"https:\/\/www.ecambria-experts.de\/it-sachverstaendiger\/wp-json\/wp\/v2\/media?parent=1504"}],"curies":[{"name":"wp","href":"https:\/\/api.w.org\/{rel}","templated":true}]}}