{"id":1518,"date":"2022-01-14T15:24:47","date_gmt":"2022-01-14T14:24:47","guid":{"rendered":"https:\/\/www.ecambria-experts.de\/it-sachverstaendiger\/?page_id=1518"},"modified":"2022-01-14T16:02:24","modified_gmt":"2022-01-14T15:02:24","slug":"forschungsgutachten-zum-einwilligungsmanagement-nach-26-ttdsg","status":"publish","type":"page","link":"https:\/\/www.ecambria-experts.de\/it-sachverstaendiger\/forschungsgutachten-zum-einwilligungsmanagement-nach-26-ttdsg","title":{"rendered":"Forschungsgutachten zum Einwilligungsmanagement nach \u00a7 26 TTDSG"},"content":{"rendered":"\n<h2 class=\"wp-block-heading\">Studie im Auftrag des<br>Bundesministeriums f\u00fcr Wirtschaft und Energie<\/h2>\n\n\n\n<p><em>Abstract: Das Konsortium um Univ.-Prof. Dr. Christiane Wendehorst (Universit\u00e4t Wien), Dr. Oliver Stiemerling (ecambria systems GmbH) und RA Steffen Wei\u00df (Gesellschaft f\u00fcr Datenschutz und Datensicherheit e.V.) stellt die Ergebnisse seiner Begutachtung der \u00d6ffentlichkeit zur Verf\u00fcgung.<\/em><\/p>\n\n\n\n<p>Das zum 1. Dezember 2021 in Kraft getretene <strong>Telekommunikation-Telemedien-Datenschutz-Gesetz (TTDSG)<\/strong> sieht in \u00a7 25 vor, dass der Zugriff auf Endeinrichtungen durch Dritte grunds\u00e4tzlich nur mit Einwilligung der Endnutzer erlaubt ist. Die damit verbundene Vielzahl an notwendigen Einwilligungserkl\u00e4rungen im Bereich der elektronischen Kommunikation, so bspw. hinsichtlich der Verwendung von Cookies, f\u00fchrt zu einem ungesehenen \u201eWegklicken\u201c von Einwilligungsbannern durch Endnutzer, was als nicht nutzerfreundlich anzusehen ist. \u00a7 26 TTDSG regelt einen Rechtsrahmen f\u00fcr ein <strong>nutzerfreundliches und wettbewerbskonformes Einwilligungsmanagement<\/strong> durch den Einsatz sog. anerkannter Dienste zur Einwilligungsverwaltung. Endnutzer, die sich eines solchen Dienstes bedienen, sollen ihre Einwilligung souver\u00e4n bestimmen und hinsichtlich einer st\u00e4ndigen Nachfrage \u00fcber Einwilligungs- bzw. Cookie-Banner entlastet werden.<\/p>\n\n\n\n<p>Die Bestimmung der technisch-organisatorischen Anforderungen an anerkannte Dienste zur Einwilligungsverwaltung, an Software zum Darstellen und Abrufen von Informationen aus dem Internet und an Anbieter von Telemedien erfolgt gem. \u00a7 26 Abs. 2 TTDSG durch eine noch zu erlassende Rechtsverordnung der Bundesregierung. Das gesetzgeberische Ziel ist es, dass wenn ein Endnutzer einen anerkannten Dienst zur Einwilligungsverwaltung nutzt, Software zum Abrufen und Darstellen von Informationen aus dem Internet aber auch Anbieter von Telemedien die getroffene Nutzerentscheidung zur Einwilligung befolgen bzw. ber\u00fccksichtigen k\u00f6nnen.<\/p>\n\n\n\n<p>Im Vorfeld der Verabschiedung der Rechtsverordnung hat das <strong>Bundesministerium f\u00fcr Wirtschaft und Energie<\/strong> die Vergabe eine Forschungsgutachtens zum Einwilligungsmanagement nach \u00a7 26 TTDSG ausgeschrieben.&nbsp; In dem Gutachten sollten die technischen und organisatorischen Anforderungen an Telemedienanbieter, an Software zum Abrufen und Darstellen von Informationen aus dem Internet und an anerkannte Dienste zur Einwilligungsverwaltung zur Umsetzung einer nutzerfreundlichen, wettbewerbskonformen und zugleich rechtswirksamen Einwilligung in den Zugriff auf Endeinrichtungen beschrieben werden. Entsprechend der Ergebnisse des Forschungsgutachtens sollte en Modell zur Umsetzung einer Einwilligungsverwaltung gem. \u00a7 26 Abs. 2 TTDSG vorgeschlagen werden.<\/p>\n\n\n\n<p>Das Konsortium um Univ.-Prof. Dr. Christiane Wendehorst (Universit\u00e4t Wien), Dr. Oliver Stiemerling (ecambria systems GmbH) und RA Steffen Wei\u00df (Gesellschaft f\u00fcr Datenschutz und Datensicherheit e.V.) wurde mit dem Forschungsgutachten beauftragt und hat die Ergebnisse seiner Arbeit nunmehr ver\u00f6ffentlicht. Es betont im Zuge seiner Ausarbeitungen, dass eine Verbesserung der&nbsp; Nutzerfreundlichkeit sich vor allem dadurch erreichen lie\u00dfe, dass man \u2013 neben einer wirksamen technischen Einbindung der beteiligten Stellen rund um die Einwilligungsverwaltung &#8211; Endnutzern unterschiedliche Einwilligungsdefinitionen an die Hand gebe. Hierdurch lie\u00dfe sich das Potential der anerkannten Dienste in \u00a7 26 TTDSG vollst\u00e4ndig entfalten.<\/p>\n\n\n\n<p>Einen tieferen Einblick in das Gutachten wird das Konsortium in der kommenden Woche in einem DataAgenda Datenschutz <a href=\"https:\/\/dataagenda.de\/podcast\/\">Podcast <\/a>mit Prof. Dr. Schwartmann geben.<\/p>\n\n\n\n<p>Die komplette Studie steht hier zum Download bereit:<\/p>\n\n\n\n<p><a href=\"https:\/\/www.ecambria-experts.de\/it-sachverstaendiger\/wp-content\/uploads\/2022\/01\/211216-Gutachten_fuer_Bundesministerium_fuer_Wirtschaft_und_Energie_p-os37621.pdf\">211216-Gutachten_f\u00fcr_Bundesministerium_f\u00fcr_Wirtschaft_und_Energie_(p-os37621).pdf<\/a><\/p>\n","protected":false},"excerpt":{"rendered":"<p>Studie im Auftrag desBundesministeriums f\u00fcr Wirtschaft und Energie Abstract: Das Konsortium um Univ.-Prof. Dr. Christiane Wendehorst (Universit\u00e4t Wien), Dr. Oliver Stiemerling (ecambria systems GmbH) und RA Steffen Wei\u00df (Gesellschaft f\u00fcr Datenschutz und Datensicherheit e.V.) stellt die Ergebnisse seiner Begutachtung der \u00d6ffentlichkeit zur Verf\u00fcgung. Das zum 1. Dezember 2021 in Kraft&#8230;<\/p>\n","protected":false},"author":1,"featured_media":0,"parent":0,"menu_order":0,"comment_status":"closed","ping_status":"closed","template":"","meta":{"inline_featured_image":false,"footnotes":""},"class_list":["post-1518","page","type-page","status-publish","hentry"],"yoast_head":"<!-- This site is optimized with the Yoast SEO plugin v25.4 - https:\/\/yoast.com\/wordpress\/plugins\/seo\/ -->\n<title>Forschungsgutachten zum Einwilligungsmanagement nach \u00a7 26 TTDSG - ecambria experts<\/title>\n<meta name=\"robots\" content=\"index, follow, max-snippet:-1, max-image-preview:large, max-video-preview:-1\" \/>\n<link rel=\"canonical\" href=\"https:\/\/www.ecambria-experts.de\/it-sachverstaendiger\/forschungsgutachten-zum-einwilligungsmanagement-nach-26-ttdsg\" \/>\n<meta property=\"og:locale\" content=\"de_DE\" \/>\n<meta property=\"og:type\" content=\"article\" \/>\n<meta property=\"og:title\" content=\"Forschungsgutachten zum Einwilligungsmanagement nach \u00a7 26 TTDSG - ecambria experts\" \/>\n<meta property=\"og:description\" content=\"Studie im Auftrag desBundesministeriums f\u00fcr Wirtschaft und Energie Abstract: Das Konsortium um Univ.-Prof. Dr. Christiane Wendehorst (Universit\u00e4t Wien), Dr. Oliver Stiemerling (ecambria systems GmbH) und RA Steffen Wei\u00df (Gesellschaft f\u00fcr Datenschutz und Datensicherheit e.V.) stellt die Ergebnisse seiner Begutachtung der \u00d6ffentlichkeit zur Verf\u00fcgung. Das zum 1. Dezember 2021 in Kraft...\" \/>\n<meta property=\"og:url\" content=\"https:\/\/www.ecambria-experts.de\/it-sachverstaendiger\/forschungsgutachten-zum-einwilligungsmanagement-nach-26-ttdsg\" \/>\n<meta property=\"og:site_name\" content=\"ecambria experts\" \/>\n<meta property=\"article:modified_time\" content=\"2022-01-14T15:02:24+00:00\" \/>\n<meta name=\"twitter:card\" content=\"summary_large_image\" \/>\n<meta name=\"twitter:label1\" content=\"Gesch\u00e4tzte Lesezeit\" \/>\n\t<meta name=\"twitter:data1\" content=\"3\u00a0Minuten\" \/>\n<script type=\"application\/ld+json\" class=\"yoast-schema-graph\">{\"@context\":\"https:\/\/schema.org\",\"@graph\":[{\"@type\":\"WebPage\",\"@id\":\"https:\/\/www.ecambria-experts.de\/it-sachverstaendiger\/forschungsgutachten-zum-einwilligungsmanagement-nach-26-ttdsg\",\"url\":\"https:\/\/www.ecambria-experts.de\/it-sachverstaendiger\/forschungsgutachten-zum-einwilligungsmanagement-nach-26-ttdsg\",\"name\":\"Forschungsgutachten zum Einwilligungsmanagement nach \u00a7 26 TTDSG - ecambria experts\",\"isPartOf\":{\"@id\":\"https:\/\/www.ecambria-experts.de\/it-sachverstaendiger\/#website\"},\"datePublished\":\"2022-01-14T14:24:47+00:00\",\"dateModified\":\"2022-01-14T15:02:24+00:00\",\"breadcrumb\":{\"@id\":\"https:\/\/www.ecambria-experts.de\/it-sachverstaendiger\/forschungsgutachten-zum-einwilligungsmanagement-nach-26-ttdsg#breadcrumb\"},\"inLanguage\":\"de\",\"potentialAction\":[{\"@type\":\"ReadAction\",\"target\":[\"https:\/\/www.ecambria-experts.de\/it-sachverstaendiger\/forschungsgutachten-zum-einwilligungsmanagement-nach-26-ttdsg\"]}]},{\"@type\":\"BreadcrumbList\",\"@id\":\"https:\/\/www.ecambria-experts.de\/it-sachverstaendiger\/forschungsgutachten-zum-einwilligungsmanagement-nach-26-ttdsg#breadcrumb\",\"itemListElement\":[{\"@type\":\"ListItem\",\"position\":1,\"name\":\"Startseite\",\"item\":\"https:\/\/www.ecambria-experts.de\/it-sachverstaendiger\/\"},{\"@type\":\"ListItem\",\"position\":2,\"name\":\"Forschungsgutachten zum Einwilligungsmanagement nach \u00a7 26 TTDSG\"}]},{\"@type\":\"WebSite\",\"@id\":\"https:\/\/www.ecambria-experts.de\/it-sachverstaendiger\/#website\",\"url\":\"https:\/\/www.ecambria-experts.de\/it-sachverstaendiger\/\",\"name\":\"ecambria experts\",\"description\":\"IT-Sachverst\u00e4ndige und Gutachter, Bewertung, Gerichtsgutachten, Privatgutachten, Schlichtung\",\"publisher\":{\"@id\":\"https:\/\/www.ecambria-experts.de\/it-sachverstaendiger\/#organization\"},\"potentialAction\":[{\"@type\":\"SearchAction\",\"target\":{\"@type\":\"EntryPoint\",\"urlTemplate\":\"https:\/\/www.ecambria-experts.de\/it-sachverstaendiger\/?s={search_term_string}\"},\"query-input\":{\"@type\":\"PropertyValueSpecification\",\"valueRequired\":true,\"valueName\":\"search_term_string\"}}],\"inLanguage\":\"de\"},{\"@type\":\"Organization\",\"@id\":\"https:\/\/www.ecambria-experts.de\/it-sachverstaendiger\/#organization\",\"name\":\"ecambria experts\",\"url\":\"https:\/\/www.ecambria-experts.de\/it-sachverstaendiger\/\",\"logo\":{\"@type\":\"ImageObject\",\"inLanguage\":\"de\",\"@id\":\"https:\/\/www.ecambria-experts.de\/it-sachverstaendiger\/#\/schema\/logo\/image\/\",\"url\":\"https:\/\/www.ecambria-experts.de\/it-sachverstaendiger\/wp-content\/uploads\/2025\/09\/ecambria_experts_logo_ohne_rand.svg\",\"contentUrl\":\"https:\/\/www.ecambria-experts.de\/it-sachverstaendiger\/wp-content\/uploads\/2025\/09\/ecambria_experts_logo_ohne_rand.svg\",\"width\":369,\"height\":60,\"caption\":\"ecambria experts\"},\"image\":{\"@id\":\"https:\/\/www.ecambria-experts.de\/it-sachverstaendiger\/#\/schema\/logo\/image\/\"}}]}<\/script>\n<!-- \/ Yoast SEO plugin. -->","yoast_head_json":{"title":"Forschungsgutachten zum Einwilligungsmanagement nach \u00a7 26 TTDSG - ecambria experts","robots":{"index":"index","follow":"follow","max-snippet":"max-snippet:-1","max-image-preview":"max-image-preview:large","max-video-preview":"max-video-preview:-1"},"canonical":"https:\/\/www.ecambria-experts.de\/it-sachverstaendiger\/forschungsgutachten-zum-einwilligungsmanagement-nach-26-ttdsg","og_locale":"de_DE","og_type":"article","og_title":"Forschungsgutachten zum Einwilligungsmanagement nach \u00a7 26 TTDSG - ecambria experts","og_description":"Studie im Auftrag desBundesministeriums f\u00fcr Wirtschaft und Energie Abstract: Das Konsortium um Univ.-Prof. Dr. Christiane Wendehorst (Universit\u00e4t Wien), Dr. Oliver Stiemerling (ecambria systems GmbH) und RA Steffen Wei\u00df (Gesellschaft f\u00fcr Datenschutz und Datensicherheit e.V.) stellt die Ergebnisse seiner Begutachtung der \u00d6ffentlichkeit zur Verf\u00fcgung. Das zum 1. Dezember 2021 in Kraft...","og_url":"https:\/\/www.ecambria-experts.de\/it-sachverstaendiger\/forschungsgutachten-zum-einwilligungsmanagement-nach-26-ttdsg","og_site_name":"ecambria experts","article_modified_time":"2022-01-14T15:02:24+00:00","twitter_card":"summary_large_image","twitter_misc":{"Gesch\u00e4tzte Lesezeit":"3\u00a0Minuten"},"schema":{"@context":"https:\/\/schema.org","@graph":[{"@type":"WebPage","@id":"https:\/\/www.ecambria-experts.de\/it-sachverstaendiger\/forschungsgutachten-zum-einwilligungsmanagement-nach-26-ttdsg","url":"https:\/\/www.ecambria-experts.de\/it-sachverstaendiger\/forschungsgutachten-zum-einwilligungsmanagement-nach-26-ttdsg","name":"Forschungsgutachten zum Einwilligungsmanagement nach \u00a7 26 TTDSG - ecambria experts","isPartOf":{"@id":"https:\/\/www.ecambria-experts.de\/it-sachverstaendiger\/#website"},"datePublished":"2022-01-14T14:24:47+00:00","dateModified":"2022-01-14T15:02:24+00:00","breadcrumb":{"@id":"https:\/\/www.ecambria-experts.de\/it-sachverstaendiger\/forschungsgutachten-zum-einwilligungsmanagement-nach-26-ttdsg#breadcrumb"},"inLanguage":"de","potentialAction":[{"@type":"ReadAction","target":["https:\/\/www.ecambria-experts.de\/it-sachverstaendiger\/forschungsgutachten-zum-einwilligungsmanagement-nach-26-ttdsg"]}]},{"@type":"BreadcrumbList","@id":"https:\/\/www.ecambria-experts.de\/it-sachverstaendiger\/forschungsgutachten-zum-einwilligungsmanagement-nach-26-ttdsg#breadcrumb","itemListElement":[{"@type":"ListItem","position":1,"name":"Startseite","item":"https:\/\/www.ecambria-experts.de\/it-sachverstaendiger\/"},{"@type":"ListItem","position":2,"name":"Forschungsgutachten zum Einwilligungsmanagement nach \u00a7 26 TTDSG"}]},{"@type":"WebSite","@id":"https:\/\/www.ecambria-experts.de\/it-sachverstaendiger\/#website","url":"https:\/\/www.ecambria-experts.de\/it-sachverstaendiger\/","name":"ecambria experts","description":"IT-Sachverst\u00e4ndige und Gutachter, Bewertung, Gerichtsgutachten, Privatgutachten, Schlichtung","publisher":{"@id":"https:\/\/www.ecambria-experts.de\/it-sachverstaendiger\/#organization"},"potentialAction":[{"@type":"SearchAction","target":{"@type":"EntryPoint","urlTemplate":"https:\/\/www.ecambria-experts.de\/it-sachverstaendiger\/?s={search_term_string}"},"query-input":{"@type":"PropertyValueSpecification","valueRequired":true,"valueName":"search_term_string"}}],"inLanguage":"de"},{"@type":"Organization","@id":"https:\/\/www.ecambria-experts.de\/it-sachverstaendiger\/#organization","name":"ecambria experts","url":"https:\/\/www.ecambria-experts.de\/it-sachverstaendiger\/","logo":{"@type":"ImageObject","inLanguage":"de","@id":"https:\/\/www.ecambria-experts.de\/it-sachverstaendiger\/#\/schema\/logo\/image\/","url":"https:\/\/www.ecambria-experts.de\/it-sachverstaendiger\/wp-content\/uploads\/2025\/09\/ecambria_experts_logo_ohne_rand.svg","contentUrl":"https:\/\/www.ecambria-experts.de\/it-sachverstaendiger\/wp-content\/uploads\/2025\/09\/ecambria_experts_logo_ohne_rand.svg","width":369,"height":60,"caption":"ecambria experts"},"image":{"@id":"https:\/\/www.ecambria-experts.de\/it-sachverstaendiger\/#\/schema\/logo\/image\/"}}]}},"_links":{"self":[{"href":"https:\/\/www.ecambria-experts.de\/it-sachverstaendiger\/wp-json\/wp\/v2\/pages\/1518","targetHints":{"allow":["GET"]}}],"collection":[{"href":"https:\/\/www.ecambria-experts.de\/it-sachverstaendiger\/wp-json\/wp\/v2\/pages"}],"about":[{"href":"https:\/\/www.ecambria-experts.de\/it-sachverstaendiger\/wp-json\/wp\/v2\/types\/page"}],"author":[{"embeddable":true,"href":"https:\/\/www.ecambria-experts.de\/it-sachverstaendiger\/wp-json\/wp\/v2\/users\/1"}],"replies":[{"embeddable":true,"href":"https:\/\/www.ecambria-experts.de\/it-sachverstaendiger\/wp-json\/wp\/v2\/comments?post=1518"}],"version-history":[{"count":5,"href":"https:\/\/www.ecambria-experts.de\/it-sachverstaendiger\/wp-json\/wp\/v2\/pages\/1518\/revisions"}],"predecessor-version":[{"id":1531,"href":"https:\/\/www.ecambria-experts.de\/it-sachverstaendiger\/wp-json\/wp\/v2\/pages\/1518\/revisions\/1531"}],"wp:attachment":[{"href":"https:\/\/www.ecambria-experts.de\/it-sachverstaendiger\/wp-json\/wp\/v2\/media?parent=1518"}],"curies":[{"name":"wp","href":"https:\/\/api.w.org\/{rel}","templated":true}]}}