{"id":152,"date":"2014-12-22T11:58:01","date_gmt":"2014-12-22T09:58:01","guid":{"rendered":"http:\/\/www.the-only-thing-constant.com\/it-sachverstaendiger\/?page_id=152"},"modified":"2019-09-12T15:18:24","modified_gmt":"2019-09-12T14:18:24","slug":"sv-eisenbarth","status":"publish","type":"page","link":"https:\/\/www.ecambria-experts.de\/it-sachverstaendiger\/sv-eisenbarth","title":{"rendered":"Thomas Eisenbarth, Diplom-Informatiker"},"content":{"rendered":"<h1 class=\"main-subtitle\"><strong>Thomas Eisenbarth, Diplom-Informatiker<\/strong><\/h1>\n<h1 class=\"main-subtitle\"><strong>(Assoziierter IT-Sachverst\u00e4ndiger) &#8211; N\u00fcrnberg<\/strong><\/h1>\n<p><strong><a href=\"http:\/\/www.ecambria-experts.de\/it-sachverstaendiger\/wp-content\/uploads\/2016\/01\/Thomas-Eisenbarth.jpg\"><img loading=\"lazy\" decoding=\"async\" class=\" size-medium wp-image-514 alignleft\" src=\"http:\/\/www.ecambria-experts.de\/it-sachverstaendiger\/wp-content\/uploads\/2016\/01\/Thomas-Eisenbarth-300x200.jpg\" alt=\"Thomas Eisenbarth\" width=\"300\" height=\"200\" srcset=\"https:\/\/www.ecambria-experts.de\/it-sachverstaendiger\/wp-content\/uploads\/2016\/01\/Thomas-Eisenbarth-300x200.jpg 300w, https:\/\/www.ecambria-experts.de\/it-sachverstaendiger\/wp-content\/uploads\/2016\/01\/Thomas-Eisenbarth-1024x682.jpg 1024w, https:\/\/www.ecambria-experts.de\/it-sachverstaendiger\/wp-content\/uploads\/2016\/01\/Thomas-Eisenbarth-624x416.jpg 624w, https:\/\/www.ecambria-experts.de\/it-sachverstaendiger\/wp-content\/uploads\/2016\/01\/Thomas-Eisenbarth.jpg 1280w\" sizes=\"auto, (max-width: 300px) 100vw, 300px\" \/><\/a><\/strong>Herr Eisenbarth hat an der TU M\u00fcnchen Informatik studiert. Seine Schwerpunkte liegen in den Bereichen Methoden, Prozesse und Werkzeuge der Software-Entwicklung, Bewertung und Analyse von Systemen und Arbeitsabl\u00e4ufen, Statusbewertung von Projekten, Erstellung und Bewertung von Lasten- bzw. Pflichtenheften, Fehleranalyse, Bewertung von Sch\u00e4den und Behebungsma\u00dfnahmen<\/p>\n<p>&#8211;<\/p>\n<p class=\"main-subtitle\"><strong>Erreichbarkeit:<\/strong><\/p>\n<ul>\n<li>Email: <b><a href=\"mailto:te@ecambria-experts.com?subject=Anfrage%20zu%20Beratung%20oder%20Gutachten\">te@ecambria-experts.com<\/a><\/b><\/li>\n<li>Telefon: 0221 &#8211; 5955 27-0<\/li>\n<li>Post- und B\u00fcroanschrift finden Sie <b><a href=\"\/kontakt\">hier<\/a><\/b><\/li>\n<li>Sprachen: Deutsch und Englisch<\/li>\n<\/ul>\n","protected":false},"excerpt":{"rendered":"<p>Thomas Eisenbarth, Diplom-Informatiker (Assoziierter IT-Sachverst\u00e4ndiger) &#8211; N\u00fcrnberg Herr Eisenbarth hat an der TU M\u00fcnchen Informatik studiert. Seine Schwerpunkte liegen in den Bereichen Methoden, Prozesse und Werkzeuge der Software-Entwicklung, Bewertung und Analyse von Systemen und Arbeitsabl\u00e4ufen, Statusbewertung von Projekten, Erstellung und Bewertung von Lasten- bzw. Pflichtenheften, Fehleranalyse, Bewertung von Sch\u00e4den und&#8230;<\/p>\n","protected":false},"author":1,"featured_media":0,"parent":0,"menu_order":0,"comment_status":"closed","ping_status":"closed","template":"","meta":{"inline_featured_image":false,"footnotes":""},"class_list":["post-152","page","type-page","status-publish","hentry"],"yoast_head":"<!-- This site is optimized with the Yoast SEO plugin v25.4 - https:\/\/yoast.com\/wordpress\/plugins\/seo\/ -->\n<title>Thomas Eisenbarth, Diplom-Informatiker - ecambria experts<\/title>\n<meta name=\"robots\" content=\"index, follow, max-snippet:-1, max-image-preview:large, max-video-preview:-1\" \/>\n<link rel=\"canonical\" href=\"https:\/\/www.ecambria-experts.de\/it-sachverstaendiger\/sv-eisenbarth\" \/>\n<meta property=\"og:locale\" content=\"de_DE\" \/>\n<meta property=\"og:type\" content=\"article\" \/>\n<meta property=\"og:title\" content=\"Thomas Eisenbarth, Diplom-Informatiker - ecambria experts\" \/>\n<meta property=\"og:description\" content=\"Thomas Eisenbarth, Diplom-Informatiker (Assoziierter IT-Sachverst\u00e4ndiger) &#8211; N\u00fcrnberg Herr Eisenbarth hat an der TU M\u00fcnchen Informatik studiert. Seine Schwerpunkte liegen in den Bereichen Methoden, Prozesse und Werkzeuge der Software-Entwicklung, Bewertung und Analyse von Systemen und Arbeitsabl\u00e4ufen, Statusbewertung von Projekten, Erstellung und Bewertung von Lasten- bzw. Pflichtenheften, Fehleranalyse, Bewertung von Sch\u00e4den und...\" \/>\n<meta property=\"og:url\" content=\"https:\/\/www.ecambria-experts.de\/it-sachverstaendiger\/sv-eisenbarth\" \/>\n<meta property=\"og:site_name\" content=\"ecambria experts\" \/>\n<meta property=\"article:modified_time\" content=\"2019-09-12T14:18:24+00:00\" \/>\n<meta property=\"og:image\" content=\"https:\/\/www.ecambria-experts.de\/it-sachverstaendiger\/wp-content\/uploads\/2016\/01\/Thomas-Eisenbarth.jpg\" \/>\n\t<meta property=\"og:image:width\" content=\"1280\" \/>\n\t<meta property=\"og:image:height\" content=\"853\" \/>\n\t<meta property=\"og:image:type\" content=\"image\/jpeg\" \/>\n<meta name=\"twitter:card\" content=\"summary_large_image\" \/>\n<script type=\"application\/ld+json\" class=\"yoast-schema-graph\">{\"@context\":\"https:\/\/schema.org\",\"@graph\":[{\"@type\":\"WebPage\",\"@id\":\"https:\/\/www.ecambria-experts.de\/it-sachverstaendiger\/sv-eisenbarth\",\"url\":\"https:\/\/www.ecambria-experts.de\/it-sachverstaendiger\/sv-eisenbarth\",\"name\":\"Thomas Eisenbarth, Diplom-Informatiker - ecambria experts\",\"isPartOf\":{\"@id\":\"https:\/\/www.ecambria-experts.de\/it-sachverstaendiger\/#website\"},\"primaryImageOfPage\":{\"@id\":\"https:\/\/www.ecambria-experts.de\/it-sachverstaendiger\/sv-eisenbarth#primaryimage\"},\"image\":{\"@id\":\"https:\/\/www.ecambria-experts.de\/it-sachverstaendiger\/sv-eisenbarth#primaryimage\"},\"thumbnailUrl\":\"http:\/\/www.ecambria-experts.de\/it-sachverstaendiger\/wp-content\/uploads\/2016\/01\/Thomas-Eisenbarth-300x200.jpg\",\"datePublished\":\"2014-12-22T09:58:01+00:00\",\"dateModified\":\"2019-09-12T14:18:24+00:00\",\"breadcrumb\":{\"@id\":\"https:\/\/www.ecambria-experts.de\/it-sachverstaendiger\/sv-eisenbarth#breadcrumb\"},\"inLanguage\":\"de\",\"potentialAction\":[{\"@type\":\"ReadAction\",\"target\":[\"https:\/\/www.ecambria-experts.de\/it-sachverstaendiger\/sv-eisenbarth\"]}]},{\"@type\":\"ImageObject\",\"inLanguage\":\"de\",\"@id\":\"https:\/\/www.ecambria-experts.de\/it-sachverstaendiger\/sv-eisenbarth#primaryimage\",\"url\":\"http:\/\/www.ecambria-experts.de\/it-sachverstaendiger\/wp-content\/uploads\/2016\/01\/Thomas-Eisenbarth-300x200.jpg\",\"contentUrl\":\"http:\/\/www.ecambria-experts.de\/it-sachverstaendiger\/wp-content\/uploads\/2016\/01\/Thomas-Eisenbarth-300x200.jpg\"},{\"@type\":\"BreadcrumbList\",\"@id\":\"https:\/\/www.ecambria-experts.de\/it-sachverstaendiger\/sv-eisenbarth#breadcrumb\",\"itemListElement\":[{\"@type\":\"ListItem\",\"position\":1,\"name\":\"Startseite\",\"item\":\"https:\/\/www.ecambria-experts.de\/it-sachverstaendiger\/\"},{\"@type\":\"ListItem\",\"position\":2,\"name\":\"Thomas Eisenbarth, Diplom-Informatiker\"}]},{\"@type\":\"WebSite\",\"@id\":\"https:\/\/www.ecambria-experts.de\/it-sachverstaendiger\/#website\",\"url\":\"https:\/\/www.ecambria-experts.de\/it-sachverstaendiger\/\",\"name\":\"ecambria experts\",\"description\":\"IT-Sachverst\u00e4ndige und Gutachter, Bewertung, Gerichtsgutachten, Privatgutachten, Schlichtung\",\"publisher\":{\"@id\":\"https:\/\/www.ecambria-experts.de\/it-sachverstaendiger\/#organization\"},\"potentialAction\":[{\"@type\":\"SearchAction\",\"target\":{\"@type\":\"EntryPoint\",\"urlTemplate\":\"https:\/\/www.ecambria-experts.de\/it-sachverstaendiger\/?s={search_term_string}\"},\"query-input\":{\"@type\":\"PropertyValueSpecification\",\"valueRequired\":true,\"valueName\":\"search_term_string\"}}],\"inLanguage\":\"de\"},{\"@type\":\"Organization\",\"@id\":\"https:\/\/www.ecambria-experts.de\/it-sachverstaendiger\/#organization\",\"name\":\"ecambria experts\",\"url\":\"https:\/\/www.ecambria-experts.de\/it-sachverstaendiger\/\",\"logo\":{\"@type\":\"ImageObject\",\"inLanguage\":\"de\",\"@id\":\"https:\/\/www.ecambria-experts.de\/it-sachverstaendiger\/#\/schema\/logo\/image\/\",\"url\":\"https:\/\/www.ecambria-experts.de\/it-sachverstaendiger\/wp-content\/uploads\/2025\/09\/ecambria_experts_logo_ohne_rand.svg\",\"contentUrl\":\"https:\/\/www.ecambria-experts.de\/it-sachverstaendiger\/wp-content\/uploads\/2025\/09\/ecambria_experts_logo_ohne_rand.svg\",\"width\":369,\"height\":60,\"caption\":\"ecambria experts\"},\"image\":{\"@id\":\"https:\/\/www.ecambria-experts.de\/it-sachverstaendiger\/#\/schema\/logo\/image\/\"}}]}<\/script>\n<!-- \/ Yoast SEO plugin. -->","yoast_head_json":{"title":"Thomas Eisenbarth, Diplom-Informatiker - ecambria experts","robots":{"index":"index","follow":"follow","max-snippet":"max-snippet:-1","max-image-preview":"max-image-preview:large","max-video-preview":"max-video-preview:-1"},"canonical":"https:\/\/www.ecambria-experts.de\/it-sachverstaendiger\/sv-eisenbarth","og_locale":"de_DE","og_type":"article","og_title":"Thomas Eisenbarth, Diplom-Informatiker - ecambria experts","og_description":"Thomas Eisenbarth, Diplom-Informatiker (Assoziierter IT-Sachverst\u00e4ndiger) &#8211; N\u00fcrnberg Herr Eisenbarth hat an der TU M\u00fcnchen Informatik studiert. Seine Schwerpunkte liegen in den Bereichen Methoden, Prozesse und Werkzeuge der Software-Entwicklung, Bewertung und Analyse von Systemen und Arbeitsabl\u00e4ufen, Statusbewertung von Projekten, Erstellung und Bewertung von Lasten- bzw. Pflichtenheften, Fehleranalyse, Bewertung von Sch\u00e4den und...","og_url":"https:\/\/www.ecambria-experts.de\/it-sachverstaendiger\/sv-eisenbarth","og_site_name":"ecambria experts","article_modified_time":"2019-09-12T14:18:24+00:00","og_image":[{"width":1280,"height":853,"url":"https:\/\/www.ecambria-experts.de\/it-sachverstaendiger\/wp-content\/uploads\/2016\/01\/Thomas-Eisenbarth.jpg","type":"image\/jpeg"}],"twitter_card":"summary_large_image","schema":{"@context":"https:\/\/schema.org","@graph":[{"@type":"WebPage","@id":"https:\/\/www.ecambria-experts.de\/it-sachverstaendiger\/sv-eisenbarth","url":"https:\/\/www.ecambria-experts.de\/it-sachverstaendiger\/sv-eisenbarth","name":"Thomas Eisenbarth, Diplom-Informatiker - ecambria experts","isPartOf":{"@id":"https:\/\/www.ecambria-experts.de\/it-sachverstaendiger\/#website"},"primaryImageOfPage":{"@id":"https:\/\/www.ecambria-experts.de\/it-sachverstaendiger\/sv-eisenbarth#primaryimage"},"image":{"@id":"https:\/\/www.ecambria-experts.de\/it-sachverstaendiger\/sv-eisenbarth#primaryimage"},"thumbnailUrl":"http:\/\/www.ecambria-experts.de\/it-sachverstaendiger\/wp-content\/uploads\/2016\/01\/Thomas-Eisenbarth-300x200.jpg","datePublished":"2014-12-22T09:58:01+00:00","dateModified":"2019-09-12T14:18:24+00:00","breadcrumb":{"@id":"https:\/\/www.ecambria-experts.de\/it-sachverstaendiger\/sv-eisenbarth#breadcrumb"},"inLanguage":"de","potentialAction":[{"@type":"ReadAction","target":["https:\/\/www.ecambria-experts.de\/it-sachverstaendiger\/sv-eisenbarth"]}]},{"@type":"ImageObject","inLanguage":"de","@id":"https:\/\/www.ecambria-experts.de\/it-sachverstaendiger\/sv-eisenbarth#primaryimage","url":"http:\/\/www.ecambria-experts.de\/it-sachverstaendiger\/wp-content\/uploads\/2016\/01\/Thomas-Eisenbarth-300x200.jpg","contentUrl":"http:\/\/www.ecambria-experts.de\/it-sachverstaendiger\/wp-content\/uploads\/2016\/01\/Thomas-Eisenbarth-300x200.jpg"},{"@type":"BreadcrumbList","@id":"https:\/\/www.ecambria-experts.de\/it-sachverstaendiger\/sv-eisenbarth#breadcrumb","itemListElement":[{"@type":"ListItem","position":1,"name":"Startseite","item":"https:\/\/www.ecambria-experts.de\/it-sachverstaendiger\/"},{"@type":"ListItem","position":2,"name":"Thomas Eisenbarth, Diplom-Informatiker"}]},{"@type":"WebSite","@id":"https:\/\/www.ecambria-experts.de\/it-sachverstaendiger\/#website","url":"https:\/\/www.ecambria-experts.de\/it-sachverstaendiger\/","name":"ecambria experts","description":"IT-Sachverst\u00e4ndige und Gutachter, Bewertung, Gerichtsgutachten, Privatgutachten, Schlichtung","publisher":{"@id":"https:\/\/www.ecambria-experts.de\/it-sachverstaendiger\/#organization"},"potentialAction":[{"@type":"SearchAction","target":{"@type":"EntryPoint","urlTemplate":"https:\/\/www.ecambria-experts.de\/it-sachverstaendiger\/?s={search_term_string}"},"query-input":{"@type":"PropertyValueSpecification","valueRequired":true,"valueName":"search_term_string"}}],"inLanguage":"de"},{"@type":"Organization","@id":"https:\/\/www.ecambria-experts.de\/it-sachverstaendiger\/#organization","name":"ecambria experts","url":"https:\/\/www.ecambria-experts.de\/it-sachverstaendiger\/","logo":{"@type":"ImageObject","inLanguage":"de","@id":"https:\/\/www.ecambria-experts.de\/it-sachverstaendiger\/#\/schema\/logo\/image\/","url":"https:\/\/www.ecambria-experts.de\/it-sachverstaendiger\/wp-content\/uploads\/2025\/09\/ecambria_experts_logo_ohne_rand.svg","contentUrl":"https:\/\/www.ecambria-experts.de\/it-sachverstaendiger\/wp-content\/uploads\/2025\/09\/ecambria_experts_logo_ohne_rand.svg","width":369,"height":60,"caption":"ecambria experts"},"image":{"@id":"https:\/\/www.ecambria-experts.de\/it-sachverstaendiger\/#\/schema\/logo\/image\/"}}]}},"_links":{"self":[{"href":"https:\/\/www.ecambria-experts.de\/it-sachverstaendiger\/wp-json\/wp\/v2\/pages\/152","targetHints":{"allow":["GET"]}}],"collection":[{"href":"https:\/\/www.ecambria-experts.de\/it-sachverstaendiger\/wp-json\/wp\/v2\/pages"}],"about":[{"href":"https:\/\/www.ecambria-experts.de\/it-sachverstaendiger\/wp-json\/wp\/v2\/types\/page"}],"author":[{"embeddable":true,"href":"https:\/\/www.ecambria-experts.de\/it-sachverstaendiger\/wp-json\/wp\/v2\/users\/1"}],"replies":[{"embeddable":true,"href":"https:\/\/www.ecambria-experts.de\/it-sachverstaendiger\/wp-json\/wp\/v2\/comments?post=152"}],"version-history":[{"count":11,"href":"https:\/\/www.ecambria-experts.de\/it-sachverstaendiger\/wp-json\/wp\/v2\/pages\/152\/revisions"}],"predecessor-version":[{"id":1400,"href":"https:\/\/www.ecambria-experts.de\/it-sachverstaendiger\/wp-json\/wp\/v2\/pages\/152\/revisions\/1400"}],"wp:attachment":[{"href":"https:\/\/www.ecambria-experts.de\/it-sachverstaendiger\/wp-json\/wp\/v2\/media?parent=152"}],"curies":[{"name":"wp","href":"https:\/\/api.w.org\/{rel}","templated":true}]}}