{"id":1559,"date":"2025-07-07T11:58:09","date_gmt":"2025-07-07T10:58:09","guid":{"rendered":"https:\/\/www.ecambria-experts.de\/it-sachverstaendiger\/?page_id=1559"},"modified":"2025-07-09T09:00:28","modified_gmt":"2025-07-09T08:00:28","slug":"honorarprofessur-digitale-transformation-und-regulatorik","status":"publish","type":"page","link":"https:\/\/www.ecambria-experts.de\/it-sachverstaendiger\/honorarprofessur-digitale-transformation-und-regulatorik","title":{"rendered":"Honorarprofessur Digitale Transformation und Regulatorik"},"content":{"rendered":"\n<h1 class=\"wp-block-heading\">Honorarprofessur Digitale Transformation und Regulatorik<\/h1>\n\n\n\n<p>Im Rahmen der Honorarprofessur Digitale Transformation und Regulatorik forscht Prof. Stiemerling zu fachdidaktischer Lern -und Lehrsoftware im schulischen Bereich (Grundschule, Sekundarstufe I und Sekundarstufe II).<\/p>\n\n\n\n<h2 class=\"wp-block-heading\">Forschung: Projekt GAAFL<\/h2>\n\n\n\n<p><strong>Gestaltungs-, Auswahl- und Anwendungsrichtlinien f\u00fcr fachdidaktische Lernsoftware<\/strong><\/p>\n\n\n\n<p>Die digitale Transformation ist aktuell eine der zentralen Herausforderungen im Bildungsbereich. Sie kann auf drei Ebenen betrachtet werden:<\/p>\n\n\n\n<ol class=\"wp-block-list\">\n<li><strong>Infrastruktur<\/strong> (prim\u00e4r Vernetzung und Endger\u00e4te)<\/li>\n\n\n\n<li><strong>Lernplattformen<\/strong> (synchrone und asynchrone Kommunikation und Datenspeicher, Organisation)<\/li>\n\n\n\n<li><strong>Fachdidaktische Lernsoftware<\/strong> (fachspezifische Unterst\u00fctzung der Lern- und Lehrprozesse)<\/li>\n<\/ol>\n\n\n\n<p>Instrumente wie der Digitalpakt und lokale Investitionen der Tr\u00e4ger und F\u00f6rdervereine f\u00fchren <strong>auf den<\/strong> <strong>ersten beiden Ebenen bereits zu signifikanten Verbesserungen f\u00fcr Lehrende, Lernende und auch Eltern<\/strong>. Gerade die Corona-Pandemie hat durch den Zwang zum Distanzunterricht einen hohen Anpassungsdruck in diesem Bereich erzeugt und entsprechend Mittel freigesetzt und gelenkt. Viele Schulen nutzen heute auf Basis verbesserter Infrastrukturen umfassende Lernplattformen, die viele Formen der Zusammenarbeit, des Informationsaustausches von Lehrenden und Lernenden und auch der Planung\/Organisation f\u00e4cherunabh\u00e4ngig erm\u00f6glichen und auch nach der Corona-Pandemie zumeist erfolgreich weitergenutzt werden.<\/p>\n\n\n\n<p>Die dritte Ebene jedoch, die <strong>fachdidaktische Lernsoftware<\/strong>, hat ihr evidentes und auch durch das aktuelle Gutachten der St\u00e4ndigen Wissenschaftlichen Kommission der Kultusministerkonferenz (SWK) von 2022 belegtes Verbesserungspotential f\u00fcr das Lehren und Lernen zumindest im Bereich der Schulen noch nicht ann\u00e4hernd entfalten k\u00f6nnen, da sie dort nur punktuell und oft nur auf Initiative einzelner engagierter Lehrkr\u00e4fte eingesetzt wird. Im Gegensatz dazu erfreut sich kommerzielle Lernsoftware im privaten Bereich, insbesondere beim Erlernen von Fremdsprachen, einer wachsenden Beliebtheit.<\/p>\n\n\n\n<p>Das Forschungsvorhaben basiert auf der Hypothese, dass die aktuell zu beobachtende geringe Nutzung fachdidaktischer Lernsoftware in der Schule durch eine <strong>Mischung verschiedener, in unterschiedlichen Disziplinen begr\u00fcndeter Hindernisse <\/strong>verursacht wird und dass <strong>aufgabenangemessene Gestaltung, Auswahl und Anwendung solcher Software diese Hindernisse \u00fcberwinden <\/strong>k\u00f6nnen.<\/p>\n\n\n\n<p>Ziel des mehrstufigen und interdisziplin\u00e4ren Forschungsvorhabens GAAFL ist es deshalb, durch eine enge Zusammenarbeit der Disziplinen P\u00e4dagogik, Informatik, Recht, Betriebswirtschaftslehre, Psychologie, Medizin und insbesondere der Fachdidaktiken der schulischen Hauptf\u00e4cher Mathematik und Englisch eine umfassende und <strong>empirisch basierte Menge von Richtlinien zur Gestaltung, Auswahl und Anwendung von fachdidaktischer Lernsoftware<\/strong> zu erstellen und \u00fcber mehrere Iterationen hinweg in der schulischen Praxis zu testen und zu verfeinern. Die G\u00fcte der Richtlinien soll \u00fcber qualitative und, wo m\u00f6glich, quantitative Faktoren des Lernens bewertet werden. Im Fokus steht prim\u00e4r die Sekundarstufe I inklusive des dort ben\u00f6tigten Grundschulstoffs, da Lernprobleme in der Sekundarstufe I aus fehlenden Basiskenntnissen resultieren k\u00f6nnen.<\/p>\n\n\n\n<p>Die erste Phase des Projekts, die Identifizierung und Validierung von konkreten Nutzungshindernissen fachdidaktischer Software in der schulischen Praxis wurde im Juni 2025 abgeschlossen. Der Report<\/p>\n\n\n\n<p><strong>Forschungsbericht: &#8222;<em>Nutzungshindernisse fachdidaktischer Lernsoftware und L\u00f6sungsans\u00e4tze f\u00fcr die Schulpraxis<\/em>&#8222;, Juni 2025, Hochschule Bonn-Rhein-Sieg, Autor Prof. Dr. Oliver Stiemerling<\/strong><\/p>\n\n\n\n<p>kann bei Interesse und Bedarf bei <a href=\"mailto:oliver.stiemerling@h-brs.de\">oliver.stiemerling@h-brs.de<\/a> angefordert werden.<\/p>\n\n\n\n<h2 class=\"wp-block-heading\">Betreuung von Bachelor- und Masterarbeiten<\/h2>\n\n\n\n<p>Abschlossen 11\/2024: Malte Steubing, Bachelor-Thesis: <strong>&#8222;<em>Qualitative Softwareentwicklung: Untersuchung der aim42 Methode zur Sicherstellung und Verbesserung der Wartbarkeit<\/em>&#8222;<\/strong><\/p>\n\n\n\n<p>In Bearbeitung 6\/2025: Patrick Lenzen, Bachelor-Thesis: &#8222;<strong><em>Automatisierte Generierung und Optimierung von Frontend-Unit-Tests mithilfe k\u00fcnstlicher Intelligenz<\/em>&#8222;<\/strong><\/p>\n\n\n\n<p>Ausgeschrieben 7\/2025: Master-Thesis: <strong>&#8222;<em>Entwurf, Spezifikation und prototypische Implementierung einer Referenzarchitektur f\u00fcr offene fachdidaktische Lernsoftware &#8211; OLA: openLearningArchitecture<\/em>&#8222;<\/strong><\/p>\n\n\n\n<p>Anfragen zu Bachelor- und Master-Thesis bitte an <a href=\"mailto:oliver.stiemerling@h-brs.de\">oliver.stiemerling@h-brs.de<\/a>.<\/p>\n\n\n\n<h2 class=\"wp-block-heading\">Lehre<\/h2>\n\n\n\n<p>Die Lehrveranstaltungen von Prof. Stiemerling behandeln rechtliche Themen aus technischer Sicht mit einem Fokus auf den Aspekten grundlegender Rechtsgebiete wie Urheberrecht und Vertragsrecht sowie aktueller Technologie-Regulierung wie der Datenschutz-Grundverordnung, NIS-2, der KI-Verordnung, DMA und DSA, die f\u00fcr die praktische Arbeit von Informatikerinnen und Informatikern relevant sind.<\/p>\n\n\n\n<p>Aktuelle Veranstaltung (mit Link zum LEA-System der Hochschule Bonn-Rhein-Sieg, soweit vorhanden):<\/p>\n\n\n\n<p><strong>Sommersemester 2025: <a href=\"https:\/\/lea.hochschule-bonn-rhein-sieg.de\/ilias.php?ref_id=1708624&amp;cmdClass=ilrepositorygui&amp;cmdNode=y1&amp;baseClass=ilrepositorygui\">&#8222;Einf\u00fchrung in das IT-Recht&#8220;<\/a><\/strong> (Urheberrecht, Vertragsrecht, Leistungsst\u00f6rungen)<\/p>\n\n\n\n<p><strong>Wintersemester 2025\/26: &#8222;Ausgew\u00e4hlte Themen aus dem IT-Recht&#8220;<\/strong> (DSGVO, IT-Sicherheitsrecht, KI-VO, DMA und DSA)<\/p>\n\n\n\n<p>Die Anmeldung zu Veranstaltung kann nur \u00fcber die Systeme der Hochschule Bonn-Rhein-Sieg erfolgen. Die Darstellung auf dieser Website ist rein informativ.<\/p>\n","protected":false},"excerpt":{"rendered":"<p>Honorarprofessur Digitale Transformation und Regulatorik Im Rahmen der Honorarprofessur Digitale Transformation und Regulatorik forscht Prof. Stiemerling zu fachdidaktischer Lern -und Lehrsoftware im schulischen Bereich (Grundschule, Sekundarstufe I und Sekundarstufe II). Forschung: Projekt GAAFL Gestaltungs-, Auswahl- und Anwendungsrichtlinien f\u00fcr fachdidaktische Lernsoftware Die digitale Transformation ist aktuell eine der zentralen Herausforderungen im&#8230;<\/p>\n","protected":false},"author":1,"featured_media":0,"parent":0,"menu_order":0,"comment_status":"closed","ping_status":"closed","template":"","meta":{"inline_featured_image":false,"footnotes":""},"class_list":["post-1559","page","type-page","status-publish","hentry"],"yoast_head":"<!-- This site is optimized with the Yoast SEO plugin v25.4 - https:\/\/yoast.com\/wordpress\/plugins\/seo\/ -->\n<title>Honorarprofessur Digitale Transformation und Regulatorik - ecambria experts<\/title>\n<meta name=\"robots\" content=\"index, follow, max-snippet:-1, max-image-preview:large, max-video-preview:-1\" \/>\n<link rel=\"canonical\" href=\"https:\/\/www.ecambria-experts.de\/it-sachverstaendiger\/honorarprofessur-digitale-transformation-und-regulatorik\" \/>\n<meta property=\"og:locale\" content=\"de_DE\" \/>\n<meta property=\"og:type\" content=\"article\" \/>\n<meta property=\"og:title\" content=\"Honorarprofessur Digitale Transformation und Regulatorik - ecambria experts\" \/>\n<meta property=\"og:description\" content=\"Honorarprofessur Digitale Transformation und Regulatorik Im Rahmen der Honorarprofessur Digitale Transformation und Regulatorik forscht Prof. Stiemerling zu fachdidaktischer Lern -und Lehrsoftware im schulischen Bereich (Grundschule, Sekundarstufe I und Sekundarstufe II). Forschung: Projekt GAAFL Gestaltungs-, Auswahl- und Anwendungsrichtlinien f\u00fcr fachdidaktische Lernsoftware Die digitale Transformation ist aktuell eine der zentralen Herausforderungen im...\" \/>\n<meta property=\"og:url\" content=\"https:\/\/www.ecambria-experts.de\/it-sachverstaendiger\/honorarprofessur-digitale-transformation-und-regulatorik\" \/>\n<meta property=\"og:site_name\" content=\"ecambria experts\" \/>\n<meta property=\"article:modified_time\" content=\"2025-07-09T08:00:28+00:00\" \/>\n<meta name=\"twitter:card\" content=\"summary_large_image\" \/>\n<meta name=\"twitter:label1\" content=\"Gesch\u00e4tzte Lesezeit\" \/>\n\t<meta name=\"twitter:data1\" content=\"4\u00a0Minuten\" \/>\n<script type=\"application\/ld+json\" class=\"yoast-schema-graph\">{\"@context\":\"https:\/\/schema.org\",\"@graph\":[{\"@type\":\"WebPage\",\"@id\":\"https:\/\/www.ecambria-experts.de\/it-sachverstaendiger\/honorarprofessur-digitale-transformation-und-regulatorik\",\"url\":\"https:\/\/www.ecambria-experts.de\/it-sachverstaendiger\/honorarprofessur-digitale-transformation-und-regulatorik\",\"name\":\"Honorarprofessur Digitale Transformation und Regulatorik - ecambria experts\",\"isPartOf\":{\"@id\":\"https:\/\/www.ecambria-experts.de\/it-sachverstaendiger\/#website\"},\"datePublished\":\"2025-07-07T10:58:09+00:00\",\"dateModified\":\"2025-07-09T08:00:28+00:00\",\"breadcrumb\":{\"@id\":\"https:\/\/www.ecambria-experts.de\/it-sachverstaendiger\/honorarprofessur-digitale-transformation-und-regulatorik#breadcrumb\"},\"inLanguage\":\"de\",\"potentialAction\":[{\"@type\":\"ReadAction\",\"target\":[\"https:\/\/www.ecambria-experts.de\/it-sachverstaendiger\/honorarprofessur-digitale-transformation-und-regulatorik\"]}]},{\"@type\":\"BreadcrumbList\",\"@id\":\"https:\/\/www.ecambria-experts.de\/it-sachverstaendiger\/honorarprofessur-digitale-transformation-und-regulatorik#breadcrumb\",\"itemListElement\":[{\"@type\":\"ListItem\",\"position\":1,\"name\":\"Startseite\",\"item\":\"https:\/\/www.ecambria-experts.de\/it-sachverstaendiger\/\"},{\"@type\":\"ListItem\",\"position\":2,\"name\":\"Honorarprofessur Digitale Transformation und Regulatorik\"}]},{\"@type\":\"WebSite\",\"@id\":\"https:\/\/www.ecambria-experts.de\/it-sachverstaendiger\/#website\",\"url\":\"https:\/\/www.ecambria-experts.de\/it-sachverstaendiger\/\",\"name\":\"ecambria experts\",\"description\":\"IT-Sachverst\u00e4ndige und Gutachter, Bewertung, Gerichtsgutachten, Privatgutachten, Schlichtung\",\"publisher\":{\"@id\":\"https:\/\/www.ecambria-experts.de\/it-sachverstaendiger\/#organization\"},\"potentialAction\":[{\"@type\":\"SearchAction\",\"target\":{\"@type\":\"EntryPoint\",\"urlTemplate\":\"https:\/\/www.ecambria-experts.de\/it-sachverstaendiger\/?s={search_term_string}\"},\"query-input\":{\"@type\":\"PropertyValueSpecification\",\"valueRequired\":true,\"valueName\":\"search_term_string\"}}],\"inLanguage\":\"de\"},{\"@type\":\"Organization\",\"@id\":\"https:\/\/www.ecambria-experts.de\/it-sachverstaendiger\/#organization\",\"name\":\"ecambria experts\",\"url\":\"https:\/\/www.ecambria-experts.de\/it-sachverstaendiger\/\",\"logo\":{\"@type\":\"ImageObject\",\"inLanguage\":\"de\",\"@id\":\"https:\/\/www.ecambria-experts.de\/it-sachverstaendiger\/#\/schema\/logo\/image\/\",\"url\":\"https:\/\/www.ecambria-experts.de\/it-sachverstaendiger\/wp-content\/uploads\/2025\/09\/ecambria_experts_logo_ohne_rand.svg\",\"contentUrl\":\"https:\/\/www.ecambria-experts.de\/it-sachverstaendiger\/wp-content\/uploads\/2025\/09\/ecambria_experts_logo_ohne_rand.svg\",\"width\":369,\"height\":60,\"caption\":\"ecambria experts\"},\"image\":{\"@id\":\"https:\/\/www.ecambria-experts.de\/it-sachverstaendiger\/#\/schema\/logo\/image\/\"}}]}<\/script>\n<!-- \/ Yoast SEO plugin. -->","yoast_head_json":{"title":"Honorarprofessur Digitale Transformation und Regulatorik - ecambria experts","robots":{"index":"index","follow":"follow","max-snippet":"max-snippet:-1","max-image-preview":"max-image-preview:large","max-video-preview":"max-video-preview:-1"},"canonical":"https:\/\/www.ecambria-experts.de\/it-sachverstaendiger\/honorarprofessur-digitale-transformation-und-regulatorik","og_locale":"de_DE","og_type":"article","og_title":"Honorarprofessur Digitale Transformation und Regulatorik - ecambria experts","og_description":"Honorarprofessur Digitale Transformation und Regulatorik Im Rahmen der Honorarprofessur Digitale Transformation und Regulatorik forscht Prof. Stiemerling zu fachdidaktischer Lern -und Lehrsoftware im schulischen Bereich (Grundschule, Sekundarstufe I und Sekundarstufe II). Forschung: Projekt GAAFL Gestaltungs-, Auswahl- und Anwendungsrichtlinien f\u00fcr fachdidaktische Lernsoftware Die digitale Transformation ist aktuell eine der zentralen Herausforderungen im...","og_url":"https:\/\/www.ecambria-experts.de\/it-sachverstaendiger\/honorarprofessur-digitale-transformation-und-regulatorik","og_site_name":"ecambria experts","article_modified_time":"2025-07-09T08:00:28+00:00","twitter_card":"summary_large_image","twitter_misc":{"Gesch\u00e4tzte Lesezeit":"4\u00a0Minuten"},"schema":{"@context":"https:\/\/schema.org","@graph":[{"@type":"WebPage","@id":"https:\/\/www.ecambria-experts.de\/it-sachverstaendiger\/honorarprofessur-digitale-transformation-und-regulatorik","url":"https:\/\/www.ecambria-experts.de\/it-sachverstaendiger\/honorarprofessur-digitale-transformation-und-regulatorik","name":"Honorarprofessur Digitale Transformation und Regulatorik - ecambria experts","isPartOf":{"@id":"https:\/\/www.ecambria-experts.de\/it-sachverstaendiger\/#website"},"datePublished":"2025-07-07T10:58:09+00:00","dateModified":"2025-07-09T08:00:28+00:00","breadcrumb":{"@id":"https:\/\/www.ecambria-experts.de\/it-sachverstaendiger\/honorarprofessur-digitale-transformation-und-regulatorik#breadcrumb"},"inLanguage":"de","potentialAction":[{"@type":"ReadAction","target":["https:\/\/www.ecambria-experts.de\/it-sachverstaendiger\/honorarprofessur-digitale-transformation-und-regulatorik"]}]},{"@type":"BreadcrumbList","@id":"https:\/\/www.ecambria-experts.de\/it-sachverstaendiger\/honorarprofessur-digitale-transformation-und-regulatorik#breadcrumb","itemListElement":[{"@type":"ListItem","position":1,"name":"Startseite","item":"https:\/\/www.ecambria-experts.de\/it-sachverstaendiger\/"},{"@type":"ListItem","position":2,"name":"Honorarprofessur Digitale Transformation und Regulatorik"}]},{"@type":"WebSite","@id":"https:\/\/www.ecambria-experts.de\/it-sachverstaendiger\/#website","url":"https:\/\/www.ecambria-experts.de\/it-sachverstaendiger\/","name":"ecambria experts","description":"IT-Sachverst\u00e4ndige und Gutachter, Bewertung, Gerichtsgutachten, Privatgutachten, Schlichtung","publisher":{"@id":"https:\/\/www.ecambria-experts.de\/it-sachverstaendiger\/#organization"},"potentialAction":[{"@type":"SearchAction","target":{"@type":"EntryPoint","urlTemplate":"https:\/\/www.ecambria-experts.de\/it-sachverstaendiger\/?s={search_term_string}"},"query-input":{"@type":"PropertyValueSpecification","valueRequired":true,"valueName":"search_term_string"}}],"inLanguage":"de"},{"@type":"Organization","@id":"https:\/\/www.ecambria-experts.de\/it-sachverstaendiger\/#organization","name":"ecambria experts","url":"https:\/\/www.ecambria-experts.de\/it-sachverstaendiger\/","logo":{"@type":"ImageObject","inLanguage":"de","@id":"https:\/\/www.ecambria-experts.de\/it-sachverstaendiger\/#\/schema\/logo\/image\/","url":"https:\/\/www.ecambria-experts.de\/it-sachverstaendiger\/wp-content\/uploads\/2025\/09\/ecambria_experts_logo_ohne_rand.svg","contentUrl":"https:\/\/www.ecambria-experts.de\/it-sachverstaendiger\/wp-content\/uploads\/2025\/09\/ecambria_experts_logo_ohne_rand.svg","width":369,"height":60,"caption":"ecambria experts"},"image":{"@id":"https:\/\/www.ecambria-experts.de\/it-sachverstaendiger\/#\/schema\/logo\/image\/"}}]}},"_links":{"self":[{"href":"https:\/\/www.ecambria-experts.de\/it-sachverstaendiger\/wp-json\/wp\/v2\/pages\/1559","targetHints":{"allow":["GET"]}}],"collection":[{"href":"https:\/\/www.ecambria-experts.de\/it-sachverstaendiger\/wp-json\/wp\/v2\/pages"}],"about":[{"href":"https:\/\/www.ecambria-experts.de\/it-sachverstaendiger\/wp-json\/wp\/v2\/types\/page"}],"author":[{"embeddable":true,"href":"https:\/\/www.ecambria-experts.de\/it-sachverstaendiger\/wp-json\/wp\/v2\/users\/1"}],"replies":[{"embeddable":true,"href":"https:\/\/www.ecambria-experts.de\/it-sachverstaendiger\/wp-json\/wp\/v2\/comments?post=1559"}],"version-history":[{"count":5,"href":"https:\/\/www.ecambria-experts.de\/it-sachverstaendiger\/wp-json\/wp\/v2\/pages\/1559\/revisions"}],"predecessor-version":[{"id":1598,"href":"https:\/\/www.ecambria-experts.de\/it-sachverstaendiger\/wp-json\/wp\/v2\/pages\/1559\/revisions\/1598"}],"wp:attachment":[{"href":"https:\/\/www.ecambria-experts.de\/it-sachverstaendiger\/wp-json\/wp\/v2\/media?parent=1559"}],"curies":[{"name":"wp","href":"https:\/\/api.w.org\/{rel}","templated":true}]}}