{"id":158,"date":"2014-12-22T12:01:05","date_gmt":"2014-12-22T10:01:05","guid":{"rendered":"http:\/\/www.the-only-thing-constant.com\/it-sachverstaendiger\/?page_id=158"},"modified":"2019-09-12T15:17:59","modified_gmt":"2019-09-12T14:17:59","slug":"sv-hoenig","status":"publish","type":"page","link":"https:\/\/www.ecambria-experts.de\/it-sachverstaendiger\/sv-hoenig","title":{"rendered":"Dr.-Ing. Joachim H\u00f6nig"},"content":{"rendered":"<div id=\"contentcolumn\">\n<h1><strong>Dr.-Ing. Joachim H\u00f6nig<\/strong><\/h1>\n<\/div>\n<h1 class=\"main-subtitle\"><strong>(Assoziierter IT-Sachverst\u00e4ndiger) &#8211; N\u00fcrnberg<\/strong><\/h1>\n<p class=\"main-text\"><strong><a href=\"http:\/\/www.ecambria-experts.de\/it-sachverstaendiger\/wp-content\/uploads\/2016\/01\/Joachim-H\u00f6nig.jpg\"><img loading=\"lazy\" decoding=\"async\" class=\" size-medium wp-image-510 alignleft\" src=\"http:\/\/www.ecambria-experts.de\/it-sachverstaendiger\/wp-content\/uploads\/2016\/01\/Joachim-H\u00f6nig-300x200.jpg\" alt=\"Joachim H\u00f6nig\" width=\"300\" height=\"200\" srcset=\"https:\/\/www.ecambria-experts.de\/it-sachverstaendiger\/wp-content\/uploads\/2016\/01\/Joachim-H\u00f6nig-300x200.jpg 300w, https:\/\/www.ecambria-experts.de\/it-sachverstaendiger\/wp-content\/uploads\/2016\/01\/Joachim-H\u00f6nig-1024x682.jpg 1024w, https:\/\/www.ecambria-experts.de\/it-sachverstaendiger\/wp-content\/uploads\/2016\/01\/Joachim-H\u00f6nig-624x416.jpg 624w, https:\/\/www.ecambria-experts.de\/it-sachverstaendiger\/wp-content\/uploads\/2016\/01\/Joachim-H\u00f6nig.jpg 1280w\" sizes=\"auto, (max-width: 300px) 100vw, 300px\" \/><\/a><\/strong>Herr Dr. H\u00f6nig hat an der Universit\u00e4t Erlangen-N\u00fcrnberg Diplom-Informatik studiert und anschlie\u00dfend zum Thema Fehlertoleranz in Hochleistungsrechnern promoviert. Seine Schwerpunkte liegen in der Bewertung und Analyse von Quellcode, Systemen und Arbeitsabl\u00e4ufen, in der automatisierten Datenanalyse und -auswertung, sowie in Untersuchungen zu Ausfallsicherheit und Verf\u00fcgbarkeit von Rechnersystemen.<\/p>\n<p>\u00a0&#8211;<\/p>\n<div id=\"contentcolumn\">\n<p class=\"main-subtitle\"><strong>Erreichbarkeit:<\/strong><\/p>\n<ul>\n<li>E-Mail: <b><a href=\"mailto:jh@ecambria-experts.com?subject=Anfrage%20zu%20Beratung%20oder%20Gutachten\">jh@ecambria-experts.com<\/a><\/b><\/li>\n<li>Telefon: 0221 &#8211; 5955 27-0<\/li>\n<li>Post- und B\u00fcroanschrift finden Sie <b><a href=\"https:\/\/www.ecambria-experts.de\/it-sachverstaendiger\/kontakt\">hier<\/a><\/b><\/li>\n<li>Sprachen: Deutsch und Englisch<\/li>\n<\/ul>\n<\/div>\n","protected":false},"excerpt":{"rendered":"<p>Dr.-Ing. Joachim H\u00f6nig (Assoziierter IT-Sachverst\u00e4ndiger) &#8211; N\u00fcrnberg Herr Dr. H\u00f6nig hat an der Universit\u00e4t Erlangen-N\u00fcrnberg Diplom-Informatik studiert und anschlie\u00dfend zum Thema Fehlertoleranz in Hochleistungsrechnern promoviert. Seine Schwerpunkte liegen in der Bewertung und Analyse von Quellcode, Systemen und Arbeitsabl\u00e4ufen, in der automatisierten Datenanalyse und -auswertung, sowie in Untersuchungen zu Ausfallsicherheit und&#8230;<\/p>\n","protected":false},"author":1,"featured_media":0,"parent":0,"menu_order":0,"comment_status":"closed","ping_status":"closed","template":"","meta":{"inline_featured_image":false,"footnotes":""},"class_list":["post-158","page","type-page","status-publish","hentry"],"yoast_head":"<!-- This site is optimized with the Yoast SEO plugin v25.4 - https:\/\/yoast.com\/wordpress\/plugins\/seo\/ -->\n<title>Dr.-Ing. Joachim H\u00f6nig - ecambria experts<\/title>\n<meta name=\"description\" content=\"Dr. H\u00f6nigs Schwerpunkte liegen u.a. in der Bewertung und Analyse von Quellcode und Systemen, sowie in der automatisierten Datenanalyse und -auswertung.\" \/>\n<meta name=\"robots\" content=\"index, follow, max-snippet:-1, max-image-preview:large, max-video-preview:-1\" \/>\n<link rel=\"canonical\" href=\"https:\/\/www.ecambria-experts.de\/it-sachverstaendiger\/sv-hoenig\" \/>\n<meta property=\"og:locale\" content=\"de_DE\" \/>\n<meta property=\"og:type\" content=\"article\" \/>\n<meta property=\"og:title\" content=\"Dr.-Ing. Joachim H\u00f6nig - ecambria experts\" \/>\n<meta property=\"og:description\" content=\"Dr. H\u00f6nigs Schwerpunkte liegen u.a. in der Bewertung und Analyse von Quellcode und Systemen, sowie in der automatisierten Datenanalyse und -auswertung.\" \/>\n<meta property=\"og:url\" content=\"https:\/\/www.ecambria-experts.de\/it-sachverstaendiger\/sv-hoenig\" \/>\n<meta property=\"og:site_name\" content=\"ecambria experts\" \/>\n<meta property=\"article:modified_time\" content=\"2019-09-12T14:17:59+00:00\" \/>\n<meta property=\"og:image\" content=\"http:\/\/www.ecambria-experts.de\/it-sachverstaendiger\/wp-content\/uploads\/2016\/01\/Joachim-H\u00f6nig-300x200.jpg\" \/>\n<meta name=\"twitter:card\" content=\"summary_large_image\" \/>\n<script type=\"application\/ld+json\" class=\"yoast-schema-graph\">{\"@context\":\"https:\/\/schema.org\",\"@graph\":[{\"@type\":\"WebPage\",\"@id\":\"https:\/\/www.ecambria-experts.de\/it-sachverstaendiger\/sv-hoenig\",\"url\":\"https:\/\/www.ecambria-experts.de\/it-sachverstaendiger\/sv-hoenig\",\"name\":\"Dr.-Ing. Joachim H\u00f6nig - ecambria experts\",\"isPartOf\":{\"@id\":\"https:\/\/www.ecambria-experts.de\/it-sachverstaendiger\/#website\"},\"datePublished\":\"2014-12-22T10:01:05+00:00\",\"dateModified\":\"2019-09-12T14:17:59+00:00\",\"description\":\"Dr. H\u00f6nigs Schwerpunkte liegen u.a. in der Bewertung und Analyse von Quellcode und Systemen, sowie in der automatisierten Datenanalyse und -auswertung.\",\"breadcrumb\":{\"@id\":\"https:\/\/www.ecambria-experts.de\/it-sachverstaendiger\/sv-hoenig#breadcrumb\"},\"inLanguage\":\"de\",\"potentialAction\":[{\"@type\":\"ReadAction\",\"target\":[\"https:\/\/www.ecambria-experts.de\/it-sachverstaendiger\/sv-hoenig\"]}]},{\"@type\":\"BreadcrumbList\",\"@id\":\"https:\/\/www.ecambria-experts.de\/it-sachverstaendiger\/sv-hoenig#breadcrumb\",\"itemListElement\":[{\"@type\":\"ListItem\",\"position\":1,\"name\":\"Startseite\",\"item\":\"https:\/\/www.ecambria-experts.de\/it-sachverstaendiger\/\"},{\"@type\":\"ListItem\",\"position\":2,\"name\":\"Dr.-Ing. Joachim H\u00f6nig\"}]},{\"@type\":\"WebSite\",\"@id\":\"https:\/\/www.ecambria-experts.de\/it-sachverstaendiger\/#website\",\"url\":\"https:\/\/www.ecambria-experts.de\/it-sachverstaendiger\/\",\"name\":\"ecambria experts\",\"description\":\"IT-Sachverst\u00e4ndige und Gutachter, Bewertung, Gerichtsgutachten, Privatgutachten, Schlichtung\",\"publisher\":{\"@id\":\"https:\/\/www.ecambria-experts.de\/it-sachverstaendiger\/#organization\"},\"potentialAction\":[{\"@type\":\"SearchAction\",\"target\":{\"@type\":\"EntryPoint\",\"urlTemplate\":\"https:\/\/www.ecambria-experts.de\/it-sachverstaendiger\/?s={search_term_string}\"},\"query-input\":{\"@type\":\"PropertyValueSpecification\",\"valueRequired\":true,\"valueName\":\"search_term_string\"}}],\"inLanguage\":\"de\"},{\"@type\":\"Organization\",\"@id\":\"https:\/\/www.ecambria-experts.de\/it-sachverstaendiger\/#organization\",\"name\":\"ecambria experts\",\"url\":\"https:\/\/www.ecambria-experts.de\/it-sachverstaendiger\/\",\"logo\":{\"@type\":\"ImageObject\",\"inLanguage\":\"de\",\"@id\":\"https:\/\/www.ecambria-experts.de\/it-sachverstaendiger\/#\/schema\/logo\/image\/\",\"url\":\"https:\/\/www.ecambria-experts.de\/it-sachverstaendiger\/wp-content\/uploads\/2025\/09\/ecambria_experts_logo_ohne_rand.svg\",\"contentUrl\":\"https:\/\/www.ecambria-experts.de\/it-sachverstaendiger\/wp-content\/uploads\/2025\/09\/ecambria_experts_logo_ohne_rand.svg\",\"width\":369,\"height\":60,\"caption\":\"ecambria experts\"},\"image\":{\"@id\":\"https:\/\/www.ecambria-experts.de\/it-sachverstaendiger\/#\/schema\/logo\/image\/\"}}]}<\/script>\n<!-- \/ Yoast SEO plugin. -->","yoast_head_json":{"title":"Dr.-Ing. Joachim H\u00f6nig - ecambria experts","description":"Dr. H\u00f6nigs Schwerpunkte liegen u.a. in der Bewertung und Analyse von Quellcode und Systemen, sowie in der automatisierten Datenanalyse und -auswertung.","robots":{"index":"index","follow":"follow","max-snippet":"max-snippet:-1","max-image-preview":"max-image-preview:large","max-video-preview":"max-video-preview:-1"},"canonical":"https:\/\/www.ecambria-experts.de\/it-sachverstaendiger\/sv-hoenig","og_locale":"de_DE","og_type":"article","og_title":"Dr.-Ing. Joachim H\u00f6nig - ecambria experts","og_description":"Dr. H\u00f6nigs Schwerpunkte liegen u.a. in der Bewertung und Analyse von Quellcode und Systemen, sowie in der automatisierten Datenanalyse und -auswertung.","og_url":"https:\/\/www.ecambria-experts.de\/it-sachverstaendiger\/sv-hoenig","og_site_name":"ecambria experts","article_modified_time":"2019-09-12T14:17:59+00:00","og_image":[{"url":"http:\/\/www.ecambria-experts.de\/it-sachverstaendiger\/wp-content\/uploads\/2016\/01\/Joachim-H\u00f6nig-300x200.jpg","type":"","width":"","height":""}],"twitter_card":"summary_large_image","schema":{"@context":"https:\/\/schema.org","@graph":[{"@type":"WebPage","@id":"https:\/\/www.ecambria-experts.de\/it-sachverstaendiger\/sv-hoenig","url":"https:\/\/www.ecambria-experts.de\/it-sachverstaendiger\/sv-hoenig","name":"Dr.-Ing. Joachim H\u00f6nig - ecambria experts","isPartOf":{"@id":"https:\/\/www.ecambria-experts.de\/it-sachverstaendiger\/#website"},"datePublished":"2014-12-22T10:01:05+00:00","dateModified":"2019-09-12T14:17:59+00:00","description":"Dr. H\u00f6nigs Schwerpunkte liegen u.a. in der Bewertung und Analyse von Quellcode und Systemen, sowie in der automatisierten Datenanalyse und -auswertung.","breadcrumb":{"@id":"https:\/\/www.ecambria-experts.de\/it-sachverstaendiger\/sv-hoenig#breadcrumb"},"inLanguage":"de","potentialAction":[{"@type":"ReadAction","target":["https:\/\/www.ecambria-experts.de\/it-sachverstaendiger\/sv-hoenig"]}]},{"@type":"BreadcrumbList","@id":"https:\/\/www.ecambria-experts.de\/it-sachverstaendiger\/sv-hoenig#breadcrumb","itemListElement":[{"@type":"ListItem","position":1,"name":"Startseite","item":"https:\/\/www.ecambria-experts.de\/it-sachverstaendiger\/"},{"@type":"ListItem","position":2,"name":"Dr.-Ing. Joachim H\u00f6nig"}]},{"@type":"WebSite","@id":"https:\/\/www.ecambria-experts.de\/it-sachverstaendiger\/#website","url":"https:\/\/www.ecambria-experts.de\/it-sachverstaendiger\/","name":"ecambria experts","description":"IT-Sachverst\u00e4ndige und Gutachter, Bewertung, Gerichtsgutachten, Privatgutachten, Schlichtung","publisher":{"@id":"https:\/\/www.ecambria-experts.de\/it-sachverstaendiger\/#organization"},"potentialAction":[{"@type":"SearchAction","target":{"@type":"EntryPoint","urlTemplate":"https:\/\/www.ecambria-experts.de\/it-sachverstaendiger\/?s={search_term_string}"},"query-input":{"@type":"PropertyValueSpecification","valueRequired":true,"valueName":"search_term_string"}}],"inLanguage":"de"},{"@type":"Organization","@id":"https:\/\/www.ecambria-experts.de\/it-sachverstaendiger\/#organization","name":"ecambria experts","url":"https:\/\/www.ecambria-experts.de\/it-sachverstaendiger\/","logo":{"@type":"ImageObject","inLanguage":"de","@id":"https:\/\/www.ecambria-experts.de\/it-sachverstaendiger\/#\/schema\/logo\/image\/","url":"https:\/\/www.ecambria-experts.de\/it-sachverstaendiger\/wp-content\/uploads\/2025\/09\/ecambria_experts_logo_ohne_rand.svg","contentUrl":"https:\/\/www.ecambria-experts.de\/it-sachverstaendiger\/wp-content\/uploads\/2025\/09\/ecambria_experts_logo_ohne_rand.svg","width":369,"height":60,"caption":"ecambria experts"},"image":{"@id":"https:\/\/www.ecambria-experts.de\/it-sachverstaendiger\/#\/schema\/logo\/image\/"}}]}},"_links":{"self":[{"href":"https:\/\/www.ecambria-experts.de\/it-sachverstaendiger\/wp-json\/wp\/v2\/pages\/158","targetHints":{"allow":["GET"]}}],"collection":[{"href":"https:\/\/www.ecambria-experts.de\/it-sachverstaendiger\/wp-json\/wp\/v2\/pages"}],"about":[{"href":"https:\/\/www.ecambria-experts.de\/it-sachverstaendiger\/wp-json\/wp\/v2\/types\/page"}],"author":[{"embeddable":true,"href":"https:\/\/www.ecambria-experts.de\/it-sachverstaendiger\/wp-json\/wp\/v2\/users\/1"}],"replies":[{"embeddable":true,"href":"https:\/\/www.ecambria-experts.de\/it-sachverstaendiger\/wp-json\/wp\/v2\/comments?post=158"}],"version-history":[{"count":9,"href":"https:\/\/www.ecambria-experts.de\/it-sachverstaendiger\/wp-json\/wp\/v2\/pages\/158\/revisions"}],"predecessor-version":[{"id":1399,"href":"https:\/\/www.ecambria-experts.de\/it-sachverstaendiger\/wp-json\/wp\/v2\/pages\/158\/revisions\/1399"}],"wp:attachment":[{"href":"https:\/\/www.ecambria-experts.de\/it-sachverstaendiger\/wp-json\/wp\/v2\/media?parent=158"}],"curies":[{"name":"wp","href":"https:\/\/api.w.org\/{rel}","templated":true}]}}