{"id":1583,"date":"2025-07-08T08:35:27","date_gmt":"2025-07-08T07:35:27","guid":{"rendered":"https:\/\/www.ecambria-experts.de\/it-sachverstaendiger\/?page_id=1583"},"modified":"2025-07-08T09:18:37","modified_gmt":"2025-07-08T08:18:37","slug":"was-ist-ein-ki-system-im-sinne-der-ki-vo","status":"publish","type":"page","link":"https:\/\/www.ecambria-experts.de\/it-sachverstaendiger\/publikationen\/was-ist-ein-ki-system-im-sinne-der-ki-vo","title":{"rendered":"Was ist ein KI-System im Sinne der KI-VO?"},"content":{"rendered":"\n<h2 class=\"wp-block-heading\">Was ist ein KI-System im Sinne der KI-VO?<\/h2>\n\n\n\n<p>Stiemerling, Oliver: \u201cWas ist ein KI-System im Sinne der KI-VO? \u2013 Erste Ans\u00e4tze zur praktischen Abgrenzung \u201enormaler\u201c Systeme der Informationsverarbeitung\u201c, Verlag Dr. Otto Schmidt, K\u00f6ln, CR 2024, 554-558<\/p>\n\n\n\n<p>Abstrakt:<\/p>\n\n\n\n<p><em>Im Verlauf der mehrj\u00e4hrigen Genese der K\u00fcnstliche Intelligenz Verordnung (KI-VO) hat sich die f\u00fcr den Geltungsbereich der KI-VO entscheidende Definition des zentralen Regulierungsgegenstands \u201eKI-System\u201c drastisch verengt: W\u00e4hrend im urspr\u00fcnglichen Entwurf der Kommission quasi alle Technologien, die die Informatik in das weite Forschungsgebiet der K\u00fcnstlichen Intelligenz einordnet, ausdr\u00fccklich genannt waren, beschr\u00e4nkt sich die finale KI-VO nun auf Systeme, deren Verhalten zumindest zum Teil auf nicht von Menschen definierten Regeln basieren. Ein genaues Verst\u00e4ndnis dieser Abgrenzung ist zur rechtlichen Bewertung konkreter Sachverhalte entscheidend.<\/em><\/p>\n\n\n\n<p><em>Dieser Beitrag analysiert zun\u00e4chst die rechtliche Definition von \u201eKI-System\u201c aus technischer Sicht (I.) und zeigt sodann am Beispiel einer vermeintlich \u201eunverd\u00e4chtigen\u201c Lernsoftware zur schriftlichen Multiplikation, die in mehreren Schritten mit unterschiedlichen Technologien weiterentwickelt wird, ab genau welchem technologischen Punkt der Geltungsbereich der KI-VO beginnt (II.). In der abschlie\u00dfenden Bewertung wird die forensische Trennsch\u00e4rfe der Definition diskutiert (III.).<\/em><\/p>\n\n\n\n<p>Der vollst\u00e4ndige Artikel ist nachlesbar bei&nbsp;<a href=\"http:\/\/www.cr-online.de\/\">cr-online<\/a>.<\/p>\n\n\n\n<p><\/p>\n","protected":false},"excerpt":{"rendered":"<p>Was ist ein KI-System im Sinne der KI-VO? Stiemerling, Oliver: \u201cWas ist ein KI-System im Sinne der KI-VO? \u2013 Erste Ans\u00e4tze zur praktischen Abgrenzung \u201enormaler\u201c Systeme der Informationsverarbeitung\u201c, Verlag Dr. Otto Schmidt, K\u00f6ln, CR 2024, 554-558 Abstrakt: Im Verlauf der mehrj\u00e4hrigen Genese der K\u00fcnstliche Intelligenz Verordnung (KI-VO) hat sich die&#8230;<\/p>\n","protected":false},"author":1,"featured_media":0,"parent":183,"menu_order":0,"comment_status":"closed","ping_status":"closed","template":"","meta":{"inline_featured_image":false,"footnotes":""},"class_list":["post-1583","page","type-page","status-publish","hentry"],"yoast_head":"<!-- This site is optimized with the Yoast SEO plugin v25.4 - https:\/\/yoast.com\/wordpress\/plugins\/seo\/ -->\n<title>Was ist ein KI-System im Sinne der KI-VO? - ecambria experts<\/title>\n<meta name=\"robots\" content=\"index, follow, max-snippet:-1, max-image-preview:large, max-video-preview:-1\" \/>\n<link rel=\"canonical\" href=\"https:\/\/www.ecambria-experts.de\/it-sachverstaendiger\/publikationen\/was-ist-ein-ki-system-im-sinne-der-ki-vo\" \/>\n<meta property=\"og:locale\" content=\"de_DE\" \/>\n<meta property=\"og:type\" content=\"article\" \/>\n<meta property=\"og:title\" content=\"Was ist ein KI-System im Sinne der KI-VO? - ecambria experts\" \/>\n<meta property=\"og:description\" content=\"Was ist ein KI-System im Sinne der KI-VO? Stiemerling, Oliver: \u201cWas ist ein KI-System im Sinne der KI-VO? \u2013 Erste Ans\u00e4tze zur praktischen Abgrenzung \u201enormaler\u201c Systeme der Informationsverarbeitung\u201c, Verlag Dr. Otto Schmidt, K\u00f6ln, CR 2024, 554-558 Abstrakt: Im Verlauf der mehrj\u00e4hrigen Genese der K\u00fcnstliche Intelligenz Verordnung (KI-VO) hat sich die...\" \/>\n<meta property=\"og:url\" content=\"https:\/\/www.ecambria-experts.de\/it-sachverstaendiger\/publikationen\/was-ist-ein-ki-system-im-sinne-der-ki-vo\" \/>\n<meta property=\"og:site_name\" content=\"ecambria experts\" \/>\n<meta property=\"article:modified_time\" content=\"2025-07-08T08:18:37+00:00\" \/>\n<meta name=\"twitter:card\" content=\"summary_large_image\" \/>\n<meta name=\"twitter:label1\" content=\"Gesch\u00e4tzte Lesezeit\" \/>\n\t<meta name=\"twitter:data1\" content=\"2\u00a0Minuten\" \/>\n<script type=\"application\/ld+json\" class=\"yoast-schema-graph\">{\"@context\":\"https:\/\/schema.org\",\"@graph\":[{\"@type\":\"WebPage\",\"@id\":\"https:\/\/www.ecambria-experts.de\/it-sachverstaendiger\/publikationen\/was-ist-ein-ki-system-im-sinne-der-ki-vo\",\"url\":\"https:\/\/www.ecambria-experts.de\/it-sachverstaendiger\/publikationen\/was-ist-ein-ki-system-im-sinne-der-ki-vo\",\"name\":\"Was ist ein KI-System im Sinne der KI-VO? - ecambria experts\",\"isPartOf\":{\"@id\":\"https:\/\/www.ecambria-experts.de\/it-sachverstaendiger\/#website\"},\"datePublished\":\"2025-07-08T07:35:27+00:00\",\"dateModified\":\"2025-07-08T08:18:37+00:00\",\"breadcrumb\":{\"@id\":\"https:\/\/www.ecambria-experts.de\/it-sachverstaendiger\/publikationen\/was-ist-ein-ki-system-im-sinne-der-ki-vo#breadcrumb\"},\"inLanguage\":\"de\",\"potentialAction\":[{\"@type\":\"ReadAction\",\"target\":[\"https:\/\/www.ecambria-experts.de\/it-sachverstaendiger\/publikationen\/was-ist-ein-ki-system-im-sinne-der-ki-vo\"]}]},{\"@type\":\"BreadcrumbList\",\"@id\":\"https:\/\/www.ecambria-experts.de\/it-sachverstaendiger\/publikationen\/was-ist-ein-ki-system-im-sinne-der-ki-vo#breadcrumb\",\"itemListElement\":[{\"@type\":\"ListItem\",\"position\":1,\"name\":\"Startseite\",\"item\":\"https:\/\/www.ecambria-experts.de\/it-sachverstaendiger\/\"},{\"@type\":\"ListItem\",\"position\":2,\"name\":\"Ver\u00f6ffentlichungen\",\"item\":\"https:\/\/www.ecambria-experts.de\/it-sachverstaendiger\/publikationen\"},{\"@type\":\"ListItem\",\"position\":3,\"name\":\"Was ist ein KI-System im Sinne der KI-VO?\"}]},{\"@type\":\"WebSite\",\"@id\":\"https:\/\/www.ecambria-experts.de\/it-sachverstaendiger\/#website\",\"url\":\"https:\/\/www.ecambria-experts.de\/it-sachverstaendiger\/\",\"name\":\"ecambria experts\",\"description\":\"IT-Sachverst\u00e4ndige und Gutachter, Bewertung, Gerichtsgutachten, Privatgutachten, Schlichtung\",\"publisher\":{\"@id\":\"https:\/\/www.ecambria-experts.de\/it-sachverstaendiger\/#organization\"},\"potentialAction\":[{\"@type\":\"SearchAction\",\"target\":{\"@type\":\"EntryPoint\",\"urlTemplate\":\"https:\/\/www.ecambria-experts.de\/it-sachverstaendiger\/?s={search_term_string}\"},\"query-input\":{\"@type\":\"PropertyValueSpecification\",\"valueRequired\":true,\"valueName\":\"search_term_string\"}}],\"inLanguage\":\"de\"},{\"@type\":\"Organization\",\"@id\":\"https:\/\/www.ecambria-experts.de\/it-sachverstaendiger\/#organization\",\"name\":\"ecambria experts\",\"url\":\"https:\/\/www.ecambria-experts.de\/it-sachverstaendiger\/\",\"logo\":{\"@type\":\"ImageObject\",\"inLanguage\":\"de\",\"@id\":\"https:\/\/www.ecambria-experts.de\/it-sachverstaendiger\/#\/schema\/logo\/image\/\",\"url\":\"https:\/\/www.ecambria-experts.de\/it-sachverstaendiger\/wp-content\/uploads\/2025\/09\/ecambria_experts_logo_ohne_rand.svg\",\"contentUrl\":\"https:\/\/www.ecambria-experts.de\/it-sachverstaendiger\/wp-content\/uploads\/2025\/09\/ecambria_experts_logo_ohne_rand.svg\",\"width\":369,\"height\":60,\"caption\":\"ecambria experts\"},\"image\":{\"@id\":\"https:\/\/www.ecambria-experts.de\/it-sachverstaendiger\/#\/schema\/logo\/image\/\"}}]}<\/script>\n<!-- \/ Yoast SEO plugin. -->","yoast_head_json":{"title":"Was ist ein KI-System im Sinne der KI-VO? - ecambria experts","robots":{"index":"index","follow":"follow","max-snippet":"max-snippet:-1","max-image-preview":"max-image-preview:large","max-video-preview":"max-video-preview:-1"},"canonical":"https:\/\/www.ecambria-experts.de\/it-sachverstaendiger\/publikationen\/was-ist-ein-ki-system-im-sinne-der-ki-vo","og_locale":"de_DE","og_type":"article","og_title":"Was ist ein KI-System im Sinne der KI-VO? - ecambria experts","og_description":"Was ist ein KI-System im Sinne der KI-VO? Stiemerling, Oliver: \u201cWas ist ein KI-System im Sinne der KI-VO? \u2013 Erste Ans\u00e4tze zur praktischen Abgrenzung \u201enormaler\u201c Systeme der Informationsverarbeitung\u201c, Verlag Dr. Otto Schmidt, K\u00f6ln, CR 2024, 554-558 Abstrakt: Im Verlauf der mehrj\u00e4hrigen Genese der K\u00fcnstliche Intelligenz Verordnung (KI-VO) hat sich die...","og_url":"https:\/\/www.ecambria-experts.de\/it-sachverstaendiger\/publikationen\/was-ist-ein-ki-system-im-sinne-der-ki-vo","og_site_name":"ecambria experts","article_modified_time":"2025-07-08T08:18:37+00:00","twitter_card":"summary_large_image","twitter_misc":{"Gesch\u00e4tzte Lesezeit":"2\u00a0Minuten"},"schema":{"@context":"https:\/\/schema.org","@graph":[{"@type":"WebPage","@id":"https:\/\/www.ecambria-experts.de\/it-sachverstaendiger\/publikationen\/was-ist-ein-ki-system-im-sinne-der-ki-vo","url":"https:\/\/www.ecambria-experts.de\/it-sachverstaendiger\/publikationen\/was-ist-ein-ki-system-im-sinne-der-ki-vo","name":"Was ist ein KI-System im Sinne der KI-VO? - ecambria experts","isPartOf":{"@id":"https:\/\/www.ecambria-experts.de\/it-sachverstaendiger\/#website"},"datePublished":"2025-07-08T07:35:27+00:00","dateModified":"2025-07-08T08:18:37+00:00","breadcrumb":{"@id":"https:\/\/www.ecambria-experts.de\/it-sachverstaendiger\/publikationen\/was-ist-ein-ki-system-im-sinne-der-ki-vo#breadcrumb"},"inLanguage":"de","potentialAction":[{"@type":"ReadAction","target":["https:\/\/www.ecambria-experts.de\/it-sachverstaendiger\/publikationen\/was-ist-ein-ki-system-im-sinne-der-ki-vo"]}]},{"@type":"BreadcrumbList","@id":"https:\/\/www.ecambria-experts.de\/it-sachverstaendiger\/publikationen\/was-ist-ein-ki-system-im-sinne-der-ki-vo#breadcrumb","itemListElement":[{"@type":"ListItem","position":1,"name":"Startseite","item":"https:\/\/www.ecambria-experts.de\/it-sachverstaendiger\/"},{"@type":"ListItem","position":2,"name":"Ver\u00f6ffentlichungen","item":"https:\/\/www.ecambria-experts.de\/it-sachverstaendiger\/publikationen"},{"@type":"ListItem","position":3,"name":"Was ist ein KI-System im Sinne der KI-VO?"}]},{"@type":"WebSite","@id":"https:\/\/www.ecambria-experts.de\/it-sachverstaendiger\/#website","url":"https:\/\/www.ecambria-experts.de\/it-sachverstaendiger\/","name":"ecambria experts","description":"IT-Sachverst\u00e4ndige und Gutachter, Bewertung, Gerichtsgutachten, Privatgutachten, Schlichtung","publisher":{"@id":"https:\/\/www.ecambria-experts.de\/it-sachverstaendiger\/#organization"},"potentialAction":[{"@type":"SearchAction","target":{"@type":"EntryPoint","urlTemplate":"https:\/\/www.ecambria-experts.de\/it-sachverstaendiger\/?s={search_term_string}"},"query-input":{"@type":"PropertyValueSpecification","valueRequired":true,"valueName":"search_term_string"}}],"inLanguage":"de"},{"@type":"Organization","@id":"https:\/\/www.ecambria-experts.de\/it-sachverstaendiger\/#organization","name":"ecambria experts","url":"https:\/\/www.ecambria-experts.de\/it-sachverstaendiger\/","logo":{"@type":"ImageObject","inLanguage":"de","@id":"https:\/\/www.ecambria-experts.de\/it-sachverstaendiger\/#\/schema\/logo\/image\/","url":"https:\/\/www.ecambria-experts.de\/it-sachverstaendiger\/wp-content\/uploads\/2025\/09\/ecambria_experts_logo_ohne_rand.svg","contentUrl":"https:\/\/www.ecambria-experts.de\/it-sachverstaendiger\/wp-content\/uploads\/2025\/09\/ecambria_experts_logo_ohne_rand.svg","width":369,"height":60,"caption":"ecambria experts"},"image":{"@id":"https:\/\/www.ecambria-experts.de\/it-sachverstaendiger\/#\/schema\/logo\/image\/"}}]}},"_links":{"self":[{"href":"https:\/\/www.ecambria-experts.de\/it-sachverstaendiger\/wp-json\/wp\/v2\/pages\/1583","targetHints":{"allow":["GET"]}}],"collection":[{"href":"https:\/\/www.ecambria-experts.de\/it-sachverstaendiger\/wp-json\/wp\/v2\/pages"}],"about":[{"href":"https:\/\/www.ecambria-experts.de\/it-sachverstaendiger\/wp-json\/wp\/v2\/types\/page"}],"author":[{"embeddable":true,"href":"https:\/\/www.ecambria-experts.de\/it-sachverstaendiger\/wp-json\/wp\/v2\/users\/1"}],"replies":[{"embeddable":true,"href":"https:\/\/www.ecambria-experts.de\/it-sachverstaendiger\/wp-json\/wp\/v2\/comments?post=1583"}],"version-history":[{"count":2,"href":"https:\/\/www.ecambria-experts.de\/it-sachverstaendiger\/wp-json\/wp\/v2\/pages\/1583\/revisions"}],"predecessor-version":[{"id":1595,"href":"https:\/\/www.ecambria-experts.de\/it-sachverstaendiger\/wp-json\/wp\/v2\/pages\/1583\/revisions\/1595"}],"up":[{"embeddable":true,"href":"https:\/\/www.ecambria-experts.de\/it-sachverstaendiger\/wp-json\/wp\/v2\/pages\/183"}],"wp:attachment":[{"href":"https:\/\/www.ecambria-experts.de\/it-sachverstaendiger\/wp-json\/wp\/v2\/media?parent=1583"}],"curies":[{"name":"wp","href":"https:\/\/api.w.org\/{rel}","templated":true}]}}