{"id":164,"date":"2014-12-22T12:05:31","date_gmt":"2014-12-22T10:05:31","guid":{"rendered":"http:\/\/www.the-only-thing-constant.com\/it-sachverstaendiger\/?page_id=164"},"modified":"2019-09-12T15:04:24","modified_gmt":"2019-09-12T14:04:24","slug":"sv-goihl","status":"publish","type":"page","link":"https:\/\/www.ecambria-experts.de\/it-sachverstaendiger\/sv-goihl","title":{"rendered":"Beatrice Goihl"},"content":{"rendered":"<div id=\"contentcolumn\">\n<h1 class=\"main-subtitle\"><strong>Beatrice Goihl<\/strong><\/h1>\n<h1 class=\"main-subtitle\"><strong>(Rechtsanw\u00e4ltin)<\/strong><\/h1>\n<p><a href=\"http:\/\/www.ecambria-experts.de\/it-sachverstaendiger\/wp-content\/uploads\/2016\/01\/Beatrice-Goihl.jpg\"><img loading=\"lazy\" decoding=\"async\" class=\" size-medium wp-image-517 alignleft\" src=\"http:\/\/www.ecambria-experts.de\/it-sachverstaendiger\/wp-content\/uploads\/2016\/01\/Beatrice-Goihl-300x200.jpg\" alt=\"Beatrice Goihl\" width=\"300\" height=\"200\" srcset=\"https:\/\/www.ecambria-experts.de\/it-sachverstaendiger\/wp-content\/uploads\/2016\/01\/Beatrice-Goihl-300x200.jpg 300w, https:\/\/www.ecambria-experts.de\/it-sachverstaendiger\/wp-content\/uploads\/2016\/01\/Beatrice-Goihl-1024x682.jpg 1024w, https:\/\/www.ecambria-experts.de\/it-sachverstaendiger\/wp-content\/uploads\/2016\/01\/Beatrice-Goihl-624x416.jpg 624w, https:\/\/www.ecambria-experts.de\/it-sachverstaendiger\/wp-content\/uploads\/2016\/01\/Beatrice-Goihl.jpg 1280w\" sizes=\"auto, (max-width: 300px) 100vw, 300px\" \/><\/a>Frau Goihl ist bereits seit dem Jahr 2010 f\u00fcr die ecambria systems GmbH t\u00e4tig und war\u00a0 hier zun\u00e4chst Inhouse-Ansprechpartnerin f\u00fcr unsere IT-Sachverst\u00e4ndigen sowie Koordinatorin des Gesch\u00e4ftsbereichs ecambria escrow.<\/p>\n<p class=\"main-text\">Mittlerweile ist Frau Goihl Compliance Managerin bei\u00a0einer\u00a0WDR-Tochtergesellschaft, zertifizierte Datenschutzbeauftragte und selbst\u00e4ndige Rechtsanw\u00e4ltin und steht der ecambria in dieser Rolle auch weiterhin als externe Beraterin zur Verf\u00fcgung.<\/p>\n<p class=\"main-text\">Frau Goihl publiziert au\u00dferdem regelm\u00e4\u00dfig zu aktuellen Themen aus dem IT-, Urheber- und Datenschutzrecht f\u00fcr den Gesetzgebungsreport des Otto-Schmidt-Verlages.<\/p>\n<p class=\"main-text\"><strong>Aktuelle Ver\u00f6ffentlichungen:<\/strong><\/p>\n<ul>\n<li><em>Goihl, Beatrice<\/em>:\u00a0Kfm:\u00a0Ist ein eBook ein Buch?, CR 2014, R55-R57,\u00a0(<a href=\"https:\/\/www.juris.de\/jportal\/prev\/jzs-CR-2014-05-R55-2-KM-08\" target=\"_blank\" rel=\"noopener\">juris<\/a>)<\/li>\n<li><em>Goihl, Beatrice<\/em>: Die Digitale Agenda<em>, <\/em>(<a href=\"http:\/\/www.computerundrecht.de\/37626.htm\" target=\"_blank\" rel=\"noopener\">CR-online<\/a>)<\/li>\n<\/ul>\n<\/div>\n<div>\n<p><strong>\u00a0Gesetzgebungsreport (CR-online):<\/strong><\/p>\n<ul>\n<li><a href=\"http:\/\/www.computerundrecht.de\/45742.htm\">ePrivacy Verordnung<\/a><\/li>\n<li><a href=\"http:\/\/www.computerundrecht.de\/47291.htm\">\u00c4nderung des Intelligente Verkehrssysteme Gesetzes (IVSG)<\/a><\/li>\n<li><a href=\"http:\/\/www.computerundrecht.de\/46689.htm\">Gesetz zur F\u00f6rderung des elektronischen Identit\u00e4tsnachweises<\/a><\/li>\n<li><a href=\"https:\/\/www.cr-online.de\/46506.htm\">Gesetz zur Neuregelung des Schutzes von Geheimnissen<\/a><\/li>\n<li><a href=\"http:\/\/www.computerundrecht.de\/48836.htm\">Verordnung \u00fcber das Verfahren zur Auskunft \u00fcber Kundendaten (KDAV)<\/a><\/li>\n<li><a href=\"http:\/\/www.computerundrecht.de\/31393.htm\">Verarbeitung von Fluggastdaten (PNR-Gesetz)<\/a><\/li>\n<li><a href=\"http:\/\/www.computerundrecht.de\/46277.htm\">Video\u00fcberwachungsverbesserungsgesetzes<\/a><\/li>\n<li><a href=\"http:\/\/www.computerundrecht.de\/46746.htm\">eIDAS-Durchf\u00fchrungsgesetz<\/a><\/li>\n<li><a href=\"http:\/\/www.computerundrecht.de\/45092.htm\">Automatisiertes Fahren<\/a><\/li>\n<li><a href=\"http:\/\/www.computerundrecht.de\/48870.htm\">BSI-Kritisverordnung<\/a><\/li>\n<li><a href=\"http:\/\/www.computerundrecht.de\/47911.htm\">WLAN-Gesetz<\/a><\/li>\n<li><a href=\"http:\/\/www.computerundrecht.de\/45239.htm\">Drittes Gesetz zur \u00c4nderung des Telekommunikationsgesetzes<\/a><\/li>\n<li><a href=\"http:\/\/www.computerundrecht.de\/47192.htm\">Urheberrechts-Wissensgesellschafts-Gesetz (UrhWissG)<\/a><\/li>\n<li><a href=\"http:\/\/www.computerundrecht.de\/36818.htm\">Unterlassungsklagegesetz<\/a><\/li>\n<li><a href=\"http:\/\/www.computerundrecht.de\/34714.htm\">IT-Sicherheitsgesetz<\/a><\/li>\n<li><a href=\"http:\/\/www.cr-online.de\/39487.htm\">eHealth-Gesetz<\/a><\/li>\n<li><a href=\"http:\/\/www.computerundrecht.de\/42753.htm\">Digitalisierung der Energiewende<\/a><\/li>\n<\/ul>\n<div><\/div>\n<p><strong>Erreichbarkeit:<\/strong><\/p>\n<ul>\n<li>E-Mail:\u00a0<b><a href=\"mailto:bg@ecambria-experts.com?subject=Anfrage%20zu%20Beratung%20oder%20Gutachten\">bg@ecambria-experts.com<\/a><\/b><\/li>\n<li>Telefon: 0221 &#8211; 5955 27-0<\/li>\n<li>Post- und B\u00fcroanschrift finden Sie <b><a href=\"https:\/\/www.ecambria-experts.de\/it-sachverstaendiger\/kontakt\">hier<\/a>.<\/b><\/li>\n<li>Sprachen: Deutsch,\u00a0Englisch<\/li>\n<\/ul>\n<\/div>\n","protected":false},"excerpt":{"rendered":"<p>Beatrice Goihl (Rechtsanw\u00e4ltin) Frau Goihl ist bereits seit dem Jahr 2010 f\u00fcr die ecambria systems GmbH t\u00e4tig und war\u00a0 hier zun\u00e4chst Inhouse-Ansprechpartnerin f\u00fcr unsere IT-Sachverst\u00e4ndigen sowie Koordinatorin des Gesch\u00e4ftsbereichs ecambria escrow. Mittlerweile ist Frau Goihl Compliance Managerin bei\u00a0einer\u00a0WDR-Tochtergesellschaft, zertifizierte Datenschutzbeauftragte und selbst\u00e4ndige Rechtsanw\u00e4ltin und steht der ecambria in dieser Rolle&#8230;<\/p>\n","protected":false},"author":1,"featured_media":0,"parent":0,"menu_order":0,"comment_status":"closed","ping_status":"closed","template":"","meta":{"inline_featured_image":false,"footnotes":""},"class_list":["post-164","page","type-page","status-publish","hentry"],"yoast_head":"<!-- This site is optimized with the Yoast SEO plugin v25.4 - https:\/\/yoast.com\/wordpress\/plugins\/seo\/ -->\n<title>Beatrice Goihl - ecambria experts<\/title>\n<meta name=\"description\" content=\"Frau Goihl ist seit 2010 bei der ecambria als Inhouse-Beraterin t\u00e4tig. Sie publiziert regelm\u00e4\u00dfig zu aktuellen Themen aus IT-, Urheber- und Datenschutzrecht.\" \/>\n<meta name=\"robots\" content=\"index, follow, max-snippet:-1, max-image-preview:large, max-video-preview:-1\" \/>\n<link rel=\"canonical\" href=\"https:\/\/www.ecambria-experts.de\/it-sachverstaendiger\/sv-goihl\" \/>\n<meta property=\"og:locale\" content=\"de_DE\" \/>\n<meta property=\"og:type\" content=\"article\" \/>\n<meta property=\"og:title\" content=\"Beatrice Goihl - ecambria experts\" \/>\n<meta property=\"og:description\" content=\"Frau Goihl ist seit 2010 bei der ecambria als Inhouse-Beraterin t\u00e4tig. Sie publiziert regelm\u00e4\u00dfig zu aktuellen Themen aus IT-, Urheber- und Datenschutzrecht.\" \/>\n<meta property=\"og:url\" content=\"https:\/\/www.ecambria-experts.de\/it-sachverstaendiger\/sv-goihl\" \/>\n<meta property=\"og:site_name\" content=\"ecambria experts\" \/>\n<meta property=\"article:modified_time\" content=\"2019-09-12T14:04:24+00:00\" \/>\n<meta property=\"og:image\" content=\"https:\/\/www.ecambria-experts.de\/it-sachverstaendiger\/wp-content\/uploads\/2016\/01\/Beatrice-Goihl.jpg\" \/>\n\t<meta property=\"og:image:width\" content=\"1280\" \/>\n\t<meta property=\"og:image:height\" content=\"853\" \/>\n\t<meta property=\"og:image:type\" content=\"image\/jpeg\" \/>\n<meta name=\"twitter:card\" content=\"summary_large_image\" \/>\n<meta name=\"twitter:label1\" content=\"Gesch\u00e4tzte Lesezeit\" \/>\n\t<meta name=\"twitter:data1\" content=\"1\u00a0Minute\" \/>\n<script type=\"application\/ld+json\" class=\"yoast-schema-graph\">{\"@context\":\"https:\/\/schema.org\",\"@graph\":[{\"@type\":\"WebPage\",\"@id\":\"https:\/\/www.ecambria-experts.de\/it-sachverstaendiger\/sv-goihl\",\"url\":\"https:\/\/www.ecambria-experts.de\/it-sachverstaendiger\/sv-goihl\",\"name\":\"Beatrice Goihl - ecambria experts\",\"isPartOf\":{\"@id\":\"https:\/\/www.ecambria-experts.de\/it-sachverstaendiger\/#website\"},\"primaryImageOfPage\":{\"@id\":\"https:\/\/www.ecambria-experts.de\/it-sachverstaendiger\/sv-goihl#primaryimage\"},\"image\":{\"@id\":\"https:\/\/www.ecambria-experts.de\/it-sachverstaendiger\/sv-goihl#primaryimage\"},\"thumbnailUrl\":\"http:\/\/www.ecambria-experts.de\/it-sachverstaendiger\/wp-content\/uploads\/2016\/01\/Beatrice-Goihl-300x200.jpg\",\"datePublished\":\"2014-12-22T10:05:31+00:00\",\"dateModified\":\"2019-09-12T14:04:24+00:00\",\"description\":\"Frau Goihl ist seit 2010 bei der ecambria als Inhouse-Beraterin t\u00e4tig. Sie publiziert regelm\u00e4\u00dfig zu aktuellen Themen aus IT-, Urheber- und Datenschutzrecht.\",\"breadcrumb\":{\"@id\":\"https:\/\/www.ecambria-experts.de\/it-sachverstaendiger\/sv-goihl#breadcrumb\"},\"inLanguage\":\"de\",\"potentialAction\":[{\"@type\":\"ReadAction\",\"target\":[\"https:\/\/www.ecambria-experts.de\/it-sachverstaendiger\/sv-goihl\"]}]},{\"@type\":\"ImageObject\",\"inLanguage\":\"de\",\"@id\":\"https:\/\/www.ecambria-experts.de\/it-sachverstaendiger\/sv-goihl#primaryimage\",\"url\":\"http:\/\/www.ecambria-experts.de\/it-sachverstaendiger\/wp-content\/uploads\/2016\/01\/Beatrice-Goihl-300x200.jpg\",\"contentUrl\":\"http:\/\/www.ecambria-experts.de\/it-sachverstaendiger\/wp-content\/uploads\/2016\/01\/Beatrice-Goihl-300x200.jpg\"},{\"@type\":\"BreadcrumbList\",\"@id\":\"https:\/\/www.ecambria-experts.de\/it-sachverstaendiger\/sv-goihl#breadcrumb\",\"itemListElement\":[{\"@type\":\"ListItem\",\"position\":1,\"name\":\"Startseite\",\"item\":\"https:\/\/www.ecambria-experts.de\/it-sachverstaendiger\/\"},{\"@type\":\"ListItem\",\"position\":2,\"name\":\"Beatrice Goihl\"}]},{\"@type\":\"WebSite\",\"@id\":\"https:\/\/www.ecambria-experts.de\/it-sachverstaendiger\/#website\",\"url\":\"https:\/\/www.ecambria-experts.de\/it-sachverstaendiger\/\",\"name\":\"ecambria experts\",\"description\":\"IT-Sachverst\u00e4ndige und Gutachter, Bewertung, Gerichtsgutachten, Privatgutachten, Schlichtung\",\"publisher\":{\"@id\":\"https:\/\/www.ecambria-experts.de\/it-sachverstaendiger\/#organization\"},\"potentialAction\":[{\"@type\":\"SearchAction\",\"target\":{\"@type\":\"EntryPoint\",\"urlTemplate\":\"https:\/\/www.ecambria-experts.de\/it-sachverstaendiger\/?s={search_term_string}\"},\"query-input\":{\"@type\":\"PropertyValueSpecification\",\"valueRequired\":true,\"valueName\":\"search_term_string\"}}],\"inLanguage\":\"de\"},{\"@type\":\"Organization\",\"@id\":\"https:\/\/www.ecambria-experts.de\/it-sachverstaendiger\/#organization\",\"name\":\"ecambria experts\",\"url\":\"https:\/\/www.ecambria-experts.de\/it-sachverstaendiger\/\",\"logo\":{\"@type\":\"ImageObject\",\"inLanguage\":\"de\",\"@id\":\"https:\/\/www.ecambria-experts.de\/it-sachverstaendiger\/#\/schema\/logo\/image\/\",\"url\":\"https:\/\/www.ecambria-experts.de\/it-sachverstaendiger\/wp-content\/uploads\/2025\/09\/ecambria_experts_logo_ohne_rand.svg\",\"contentUrl\":\"https:\/\/www.ecambria-experts.de\/it-sachverstaendiger\/wp-content\/uploads\/2025\/09\/ecambria_experts_logo_ohne_rand.svg\",\"width\":369,\"height\":60,\"caption\":\"ecambria experts\"},\"image\":{\"@id\":\"https:\/\/www.ecambria-experts.de\/it-sachverstaendiger\/#\/schema\/logo\/image\/\"}}]}<\/script>\n<!-- \/ Yoast SEO plugin. -->","yoast_head_json":{"title":"Beatrice Goihl - ecambria experts","description":"Frau Goihl ist seit 2010 bei der ecambria als Inhouse-Beraterin t\u00e4tig. Sie publiziert regelm\u00e4\u00dfig zu aktuellen Themen aus IT-, Urheber- und Datenschutzrecht.","robots":{"index":"index","follow":"follow","max-snippet":"max-snippet:-1","max-image-preview":"max-image-preview:large","max-video-preview":"max-video-preview:-1"},"canonical":"https:\/\/www.ecambria-experts.de\/it-sachverstaendiger\/sv-goihl","og_locale":"de_DE","og_type":"article","og_title":"Beatrice Goihl - ecambria experts","og_description":"Frau Goihl ist seit 2010 bei der ecambria als Inhouse-Beraterin t\u00e4tig. Sie publiziert regelm\u00e4\u00dfig zu aktuellen Themen aus IT-, Urheber- und Datenschutzrecht.","og_url":"https:\/\/www.ecambria-experts.de\/it-sachverstaendiger\/sv-goihl","og_site_name":"ecambria experts","article_modified_time":"2019-09-12T14:04:24+00:00","og_image":[{"width":1280,"height":853,"url":"https:\/\/www.ecambria-experts.de\/it-sachverstaendiger\/wp-content\/uploads\/2016\/01\/Beatrice-Goihl.jpg","type":"image\/jpeg"}],"twitter_card":"summary_large_image","twitter_misc":{"Gesch\u00e4tzte Lesezeit":"1\u00a0Minute"},"schema":{"@context":"https:\/\/schema.org","@graph":[{"@type":"WebPage","@id":"https:\/\/www.ecambria-experts.de\/it-sachverstaendiger\/sv-goihl","url":"https:\/\/www.ecambria-experts.de\/it-sachverstaendiger\/sv-goihl","name":"Beatrice Goihl - ecambria experts","isPartOf":{"@id":"https:\/\/www.ecambria-experts.de\/it-sachverstaendiger\/#website"},"primaryImageOfPage":{"@id":"https:\/\/www.ecambria-experts.de\/it-sachverstaendiger\/sv-goihl#primaryimage"},"image":{"@id":"https:\/\/www.ecambria-experts.de\/it-sachverstaendiger\/sv-goihl#primaryimage"},"thumbnailUrl":"http:\/\/www.ecambria-experts.de\/it-sachverstaendiger\/wp-content\/uploads\/2016\/01\/Beatrice-Goihl-300x200.jpg","datePublished":"2014-12-22T10:05:31+00:00","dateModified":"2019-09-12T14:04:24+00:00","description":"Frau Goihl ist seit 2010 bei der ecambria als Inhouse-Beraterin t\u00e4tig. Sie publiziert regelm\u00e4\u00dfig zu aktuellen Themen aus IT-, Urheber- und Datenschutzrecht.","breadcrumb":{"@id":"https:\/\/www.ecambria-experts.de\/it-sachverstaendiger\/sv-goihl#breadcrumb"},"inLanguage":"de","potentialAction":[{"@type":"ReadAction","target":["https:\/\/www.ecambria-experts.de\/it-sachverstaendiger\/sv-goihl"]}]},{"@type":"ImageObject","inLanguage":"de","@id":"https:\/\/www.ecambria-experts.de\/it-sachverstaendiger\/sv-goihl#primaryimage","url":"http:\/\/www.ecambria-experts.de\/it-sachverstaendiger\/wp-content\/uploads\/2016\/01\/Beatrice-Goihl-300x200.jpg","contentUrl":"http:\/\/www.ecambria-experts.de\/it-sachverstaendiger\/wp-content\/uploads\/2016\/01\/Beatrice-Goihl-300x200.jpg"},{"@type":"BreadcrumbList","@id":"https:\/\/www.ecambria-experts.de\/it-sachverstaendiger\/sv-goihl#breadcrumb","itemListElement":[{"@type":"ListItem","position":1,"name":"Startseite","item":"https:\/\/www.ecambria-experts.de\/it-sachverstaendiger\/"},{"@type":"ListItem","position":2,"name":"Beatrice Goihl"}]},{"@type":"WebSite","@id":"https:\/\/www.ecambria-experts.de\/it-sachverstaendiger\/#website","url":"https:\/\/www.ecambria-experts.de\/it-sachverstaendiger\/","name":"ecambria experts","description":"IT-Sachverst\u00e4ndige und Gutachter, Bewertung, Gerichtsgutachten, Privatgutachten, Schlichtung","publisher":{"@id":"https:\/\/www.ecambria-experts.de\/it-sachverstaendiger\/#organization"},"potentialAction":[{"@type":"SearchAction","target":{"@type":"EntryPoint","urlTemplate":"https:\/\/www.ecambria-experts.de\/it-sachverstaendiger\/?s={search_term_string}"},"query-input":{"@type":"PropertyValueSpecification","valueRequired":true,"valueName":"search_term_string"}}],"inLanguage":"de"},{"@type":"Organization","@id":"https:\/\/www.ecambria-experts.de\/it-sachverstaendiger\/#organization","name":"ecambria experts","url":"https:\/\/www.ecambria-experts.de\/it-sachverstaendiger\/","logo":{"@type":"ImageObject","inLanguage":"de","@id":"https:\/\/www.ecambria-experts.de\/it-sachverstaendiger\/#\/schema\/logo\/image\/","url":"https:\/\/www.ecambria-experts.de\/it-sachverstaendiger\/wp-content\/uploads\/2025\/09\/ecambria_experts_logo_ohne_rand.svg","contentUrl":"https:\/\/www.ecambria-experts.de\/it-sachverstaendiger\/wp-content\/uploads\/2025\/09\/ecambria_experts_logo_ohne_rand.svg","width":369,"height":60,"caption":"ecambria experts"},"image":{"@id":"https:\/\/www.ecambria-experts.de\/it-sachverstaendiger\/#\/schema\/logo\/image\/"}}]}},"_links":{"self":[{"href":"https:\/\/www.ecambria-experts.de\/it-sachverstaendiger\/wp-json\/wp\/v2\/pages\/164","targetHints":{"allow":["GET"]}}],"collection":[{"href":"https:\/\/www.ecambria-experts.de\/it-sachverstaendiger\/wp-json\/wp\/v2\/pages"}],"about":[{"href":"https:\/\/www.ecambria-experts.de\/it-sachverstaendiger\/wp-json\/wp\/v2\/types\/page"}],"author":[{"embeddable":true,"href":"https:\/\/www.ecambria-experts.de\/it-sachverstaendiger\/wp-json\/wp\/v2\/users\/1"}],"replies":[{"embeddable":true,"href":"https:\/\/www.ecambria-experts.de\/it-sachverstaendiger\/wp-json\/wp\/v2\/comments?post=164"}],"version-history":[{"count":38,"href":"https:\/\/www.ecambria-experts.de\/it-sachverstaendiger\/wp-json\/wp\/v2\/pages\/164\/revisions"}],"predecessor-version":[{"id":1387,"href":"https:\/\/www.ecambria-experts.de\/it-sachverstaendiger\/wp-json\/wp\/v2\/pages\/164\/revisions\/1387"}],"wp:attachment":[{"href":"https:\/\/www.ecambria-experts.de\/it-sachverstaendiger\/wp-json\/wp\/v2\/media?parent=164"}],"curies":[{"name":"wp","href":"https:\/\/api.w.org\/{rel}","templated":true}]}}