{"id":169,"date":"2014-12-22T12:07:51","date_gmt":"2014-12-22T10:07:51","guid":{"rendered":"http:\/\/www.the-only-thing-constant.com\/it-sachverstaendiger\/?page_id=169"},"modified":"2019-09-04T13:53:56","modified_gmt":"2019-09-04T12:53:56","slug":"risikoanalyse_und_datenschutzkonzept","status":"publish","type":"page","link":"https:\/\/www.ecambria-experts.de\/it-sachverstaendiger\/risikoanalyse_und_datenschutzkonzept","title":{"rendered":"Risikoanalyse und Datenschutzkonzept"},"content":{"rendered":"<h1>Risikoanalyse und Datenschutzkonzept<\/h1>\n<p>Der Datenschutz stellt hohe Anforderungen an die Informationsverarbeitung in Unternehmen und \u00f6ffentlichen Einrichtungen, die insbesondere bei hohem Risiko in einem expliziten Datenschutzkonzept behandelt werden m\u00fcssen. Dabei m\u00fcssen dem Stand der Technik angemessene technische und organisatorische Ma\u00dfnahmen zum Schutz der Daten vor allen relevanten Risiken getroffen werden. Moderne Verschl\u00fcsselungsmethoden, Zugriffskontrolle und Authentifizierungsmechanismen spielen bei der Verhinderung von Sicherheitsl\u00fccken eine gro\u00dfe Rolle.<\/p>\n<h2>Erstellung von Risikoanalysen f\u00fcr sensible Daten<\/h2>\n<p>Falls Ihr Unternehmen sensible Daten verarbeit oder anderweitig ein hohes Risiko f\u00fcr die Rechte und Freiheiten der Betroffenen besteht, erstellen wir als unabh\u00e4ngige IT-Gutachter Risikoanalysen und bewerten bzw. entwerfen passende technische und organisatorische Ma\u00dfnahmen zum Schutz personenbezogener Daten. Diese k\u00f6nnen wir in Ihrem Auftrag auch im direkten Kontakt mit den zust\u00e4ndigen Aufsichtsbeh\u00f6rden entwickeln und verifizieren.<\/p>\n<h2>Datenschutzkonzept f\u00fcr komplexe Verfahren und Systeme<\/h2>\n<p>Gerade bei komplexen, stark individualisierten IT-Systemen und Systemverb\u00fcnden greifen Standardma\u00dfnahmen zur Absicherung oft nicht mehr. In diesem Fall muss ein Datenschutzkonzept erstellt werden, dass die geeigneten technischen und organisatorischen Ma\u00dfnahmen entwickelt, um den m\u00f6glichen Risiken zu entgegen.<\/p>\n<p>Als IT-Sachverst\u00e4ndige unterst\u00fctzten wir Sie bei der Erstellung von individuellen Datenschutzkonzepten, sowohl f\u00fcr einzelne Verfahren und Systeme wie auch f\u00fcr Ihre gesamte IT-Landschaft.<\/p>\n<h2>Kryptokonzepte: Verschl\u00fcsselung und Digitale Signaturen<strong><br \/>\n<\/strong><\/h2>\n<p>W\u00e4hrend Ma\u00dfnahmen wie ein Wachdienst im Rechenzentrum oder ein vergittertes Fenster zum Rechenzentrum leicht nachvollziehbar und \u00fcberpr\u00fcfbar sind, steckt bei der im Gesetz (sowohl BDSG als auch DSGVO) besonders herausgehobenen technischen Ma\u00dfnahme der Verschl\u00fcsselung personenbezogener Daten der Teufel im Detail. Kleine Fehler (z.B. unzureichend gesch\u00fctzte Schl\u00fcssel) k\u00f6nnen die besten kryptografischen Algorithmen unwirksam machen. Oft werden Daten auch nur an einer Stelle im System verschl\u00fcsselt (z.B. beim Transport \u00fcber das Netzwerk), w\u00e4hrend dieselben Daten auf der Festplatte unverschl\u00fcsselt gespeichert werden.<\/p>\n<p>Als IT-Sachverst\u00e4ndige unterst\u00fctzen wir Sie durch die Pr\u00fcfung oder Erstellung von Kryptokonzepten, um die Wirksamkeit dieser oft sehr sinnvollen Ma\u00dfnahme zu erh\u00f6hen. Insbesondere zu diesem Thema sind wir h\u00e4ufig als Autoren in Fachzeitschriften und als Redner auf Konferenzen aktiv:<\/p>\n<ul>\n<li><a href=\"http:\/\/www.ecambria-experts.de\/it-sachverstaendiger\/publikationen_verschluesselung\">Datenschutz und Verschl\u00fcsselung<\/a><\/li>\n<li><a href=\"http:\/\/www.ecambria-experts.de\/it-sachverstaendiger\/26-28-10-2016-muenchen-vortrag-und-seminar-von-dr-stiemerling-auf-der-idacon-2016\">Wann sind technische und organistorische Ma\u00dfnahmen im Sinne des Datenschutzes &#8222;geeignet&#8220;?<\/a><\/li>\n<\/ul>\n","protected":false},"excerpt":{"rendered":"<p>Risikoanalyse und Datenschutzkonzept Der Datenschutz stellt hohe Anforderungen an die Informationsverarbeitung in Unternehmen und \u00f6ffentlichen Einrichtungen, die insbesondere bei hohem Risiko in einem expliziten Datenschutzkonzept behandelt werden m\u00fcssen. Dabei m\u00fcssen dem Stand der Technik angemessene technische und organisatorische Ma\u00dfnahmen zum Schutz der Daten vor allen relevanten Risiken getroffen werden. Moderne&#8230;<\/p>\n","protected":false},"author":1,"featured_media":0,"parent":0,"menu_order":0,"comment_status":"closed","ping_status":"closed","template":"","meta":{"inline_featured_image":false,"footnotes":""},"class_list":["post-169","page","type-page","status-publish","hentry"],"yoast_head":"<!-- This site is optimized with the Yoast SEO plugin v25.4 - https:\/\/yoast.com\/wordpress\/plugins\/seo\/ -->\n<title>Risikoanalyse und Datenschutzkonzept - ecambria experts<\/title>\n<meta name=\"description\" content=\"Basierend auf dem Stand der Technik erstellen wir f\u00fcr Ihr Unternehmen Risikoanalyse und Datenschutzkonzept - f\u00fcr einzelne Systeme oder ganze Verfahren.\" \/>\n<meta name=\"robots\" content=\"index, follow, max-snippet:-1, max-image-preview:large, max-video-preview:-1\" \/>\n<link rel=\"canonical\" href=\"https:\/\/www.ecambria-experts.de\/it-sachverstaendiger\/risikoanalyse_und_datenschutzkonzept\" \/>\n<meta property=\"og:locale\" content=\"de_DE\" \/>\n<meta property=\"og:type\" content=\"article\" \/>\n<meta property=\"og:title\" content=\"Risikoanalyse und Datenschutzkonzept - ecambria experts\" \/>\n<meta property=\"og:description\" content=\"Basierend auf dem Stand der Technik erstellen wir f\u00fcr Ihr Unternehmen Risikoanalyse und Datenschutzkonzept - f\u00fcr einzelne Systeme oder ganze Verfahren.\" \/>\n<meta property=\"og:url\" content=\"https:\/\/www.ecambria-experts.de\/it-sachverstaendiger\/risikoanalyse_und_datenschutzkonzept\" \/>\n<meta property=\"og:site_name\" content=\"ecambria experts\" \/>\n<meta property=\"article:modified_time\" content=\"2019-09-04T12:53:56+00:00\" \/>\n<meta name=\"twitter:card\" content=\"summary_large_image\" \/>\n<meta name=\"twitter:label1\" content=\"Gesch\u00e4tzte Lesezeit\" \/>\n\t<meta name=\"twitter:data1\" content=\"2\u00a0Minuten\" \/>\n<script type=\"application\/ld+json\" class=\"yoast-schema-graph\">{\"@context\":\"https:\/\/schema.org\",\"@graph\":[{\"@type\":\"WebPage\",\"@id\":\"https:\/\/www.ecambria-experts.de\/it-sachverstaendiger\/risikoanalyse_und_datenschutzkonzept\",\"url\":\"https:\/\/www.ecambria-experts.de\/it-sachverstaendiger\/risikoanalyse_und_datenschutzkonzept\",\"name\":\"Risikoanalyse und Datenschutzkonzept - ecambria experts\",\"isPartOf\":{\"@id\":\"https:\/\/www.ecambria-experts.de\/it-sachverstaendiger\/#website\"},\"datePublished\":\"2014-12-22T10:07:51+00:00\",\"dateModified\":\"2019-09-04T12:53:56+00:00\",\"description\":\"Basierend auf dem Stand der Technik erstellen wir f\u00fcr Ihr Unternehmen Risikoanalyse und Datenschutzkonzept - f\u00fcr einzelne Systeme oder ganze Verfahren.\",\"breadcrumb\":{\"@id\":\"https:\/\/www.ecambria-experts.de\/it-sachverstaendiger\/risikoanalyse_und_datenschutzkonzept#breadcrumb\"},\"inLanguage\":\"de\",\"potentialAction\":[{\"@type\":\"ReadAction\",\"target\":[\"https:\/\/www.ecambria-experts.de\/it-sachverstaendiger\/risikoanalyse_und_datenschutzkonzept\"]}]},{\"@type\":\"BreadcrumbList\",\"@id\":\"https:\/\/www.ecambria-experts.de\/it-sachverstaendiger\/risikoanalyse_und_datenschutzkonzept#breadcrumb\",\"itemListElement\":[{\"@type\":\"ListItem\",\"position\":1,\"name\":\"Startseite\",\"item\":\"https:\/\/www.ecambria-experts.de\/it-sachverstaendiger\/\"},{\"@type\":\"ListItem\",\"position\":2,\"name\":\"Risikoanalyse und Datenschutzkonzept\"}]},{\"@type\":\"WebSite\",\"@id\":\"https:\/\/www.ecambria-experts.de\/it-sachverstaendiger\/#website\",\"url\":\"https:\/\/www.ecambria-experts.de\/it-sachverstaendiger\/\",\"name\":\"ecambria experts\",\"description\":\"IT-Sachverst\u00e4ndige und Gutachter, Bewertung, Gerichtsgutachten, Privatgutachten, Schlichtung\",\"publisher\":{\"@id\":\"https:\/\/www.ecambria-experts.de\/it-sachverstaendiger\/#organization\"},\"potentialAction\":[{\"@type\":\"SearchAction\",\"target\":{\"@type\":\"EntryPoint\",\"urlTemplate\":\"https:\/\/www.ecambria-experts.de\/it-sachverstaendiger\/?s={search_term_string}\"},\"query-input\":{\"@type\":\"PropertyValueSpecification\",\"valueRequired\":true,\"valueName\":\"search_term_string\"}}],\"inLanguage\":\"de\"},{\"@type\":\"Organization\",\"@id\":\"https:\/\/www.ecambria-experts.de\/it-sachverstaendiger\/#organization\",\"name\":\"ecambria experts\",\"url\":\"https:\/\/www.ecambria-experts.de\/it-sachverstaendiger\/\",\"logo\":{\"@type\":\"ImageObject\",\"inLanguage\":\"de\",\"@id\":\"https:\/\/www.ecambria-experts.de\/it-sachverstaendiger\/#\/schema\/logo\/image\/\",\"url\":\"https:\/\/www.ecambria-experts.de\/it-sachverstaendiger\/wp-content\/uploads\/2025\/09\/ecambria_experts_logo_ohne_rand.svg\",\"contentUrl\":\"https:\/\/www.ecambria-experts.de\/it-sachverstaendiger\/wp-content\/uploads\/2025\/09\/ecambria_experts_logo_ohne_rand.svg\",\"width\":369,\"height\":60,\"caption\":\"ecambria experts\"},\"image\":{\"@id\":\"https:\/\/www.ecambria-experts.de\/it-sachverstaendiger\/#\/schema\/logo\/image\/\"}}]}<\/script>\n<!-- \/ Yoast SEO plugin. -->","yoast_head_json":{"title":"Risikoanalyse und Datenschutzkonzept - ecambria experts","description":"Basierend auf dem Stand der Technik erstellen wir f\u00fcr Ihr Unternehmen Risikoanalyse und Datenschutzkonzept - f\u00fcr einzelne Systeme oder ganze Verfahren.","robots":{"index":"index","follow":"follow","max-snippet":"max-snippet:-1","max-image-preview":"max-image-preview:large","max-video-preview":"max-video-preview:-1"},"canonical":"https:\/\/www.ecambria-experts.de\/it-sachverstaendiger\/risikoanalyse_und_datenschutzkonzept","og_locale":"de_DE","og_type":"article","og_title":"Risikoanalyse und Datenschutzkonzept - ecambria experts","og_description":"Basierend auf dem Stand der Technik erstellen wir f\u00fcr Ihr Unternehmen Risikoanalyse und Datenschutzkonzept - f\u00fcr einzelne Systeme oder ganze Verfahren.","og_url":"https:\/\/www.ecambria-experts.de\/it-sachverstaendiger\/risikoanalyse_und_datenschutzkonzept","og_site_name":"ecambria experts","article_modified_time":"2019-09-04T12:53:56+00:00","twitter_card":"summary_large_image","twitter_misc":{"Gesch\u00e4tzte Lesezeit":"2\u00a0Minuten"},"schema":{"@context":"https:\/\/schema.org","@graph":[{"@type":"WebPage","@id":"https:\/\/www.ecambria-experts.de\/it-sachverstaendiger\/risikoanalyse_und_datenschutzkonzept","url":"https:\/\/www.ecambria-experts.de\/it-sachverstaendiger\/risikoanalyse_und_datenschutzkonzept","name":"Risikoanalyse und Datenschutzkonzept - ecambria experts","isPartOf":{"@id":"https:\/\/www.ecambria-experts.de\/it-sachverstaendiger\/#website"},"datePublished":"2014-12-22T10:07:51+00:00","dateModified":"2019-09-04T12:53:56+00:00","description":"Basierend auf dem Stand der Technik erstellen wir f\u00fcr Ihr Unternehmen Risikoanalyse und Datenschutzkonzept - f\u00fcr einzelne Systeme oder ganze Verfahren.","breadcrumb":{"@id":"https:\/\/www.ecambria-experts.de\/it-sachverstaendiger\/risikoanalyse_und_datenschutzkonzept#breadcrumb"},"inLanguage":"de","potentialAction":[{"@type":"ReadAction","target":["https:\/\/www.ecambria-experts.de\/it-sachverstaendiger\/risikoanalyse_und_datenschutzkonzept"]}]},{"@type":"BreadcrumbList","@id":"https:\/\/www.ecambria-experts.de\/it-sachverstaendiger\/risikoanalyse_und_datenschutzkonzept#breadcrumb","itemListElement":[{"@type":"ListItem","position":1,"name":"Startseite","item":"https:\/\/www.ecambria-experts.de\/it-sachverstaendiger\/"},{"@type":"ListItem","position":2,"name":"Risikoanalyse und Datenschutzkonzept"}]},{"@type":"WebSite","@id":"https:\/\/www.ecambria-experts.de\/it-sachverstaendiger\/#website","url":"https:\/\/www.ecambria-experts.de\/it-sachverstaendiger\/","name":"ecambria experts","description":"IT-Sachverst\u00e4ndige und Gutachter, Bewertung, Gerichtsgutachten, Privatgutachten, Schlichtung","publisher":{"@id":"https:\/\/www.ecambria-experts.de\/it-sachverstaendiger\/#organization"},"potentialAction":[{"@type":"SearchAction","target":{"@type":"EntryPoint","urlTemplate":"https:\/\/www.ecambria-experts.de\/it-sachverstaendiger\/?s={search_term_string}"},"query-input":{"@type":"PropertyValueSpecification","valueRequired":true,"valueName":"search_term_string"}}],"inLanguage":"de"},{"@type":"Organization","@id":"https:\/\/www.ecambria-experts.de\/it-sachverstaendiger\/#organization","name":"ecambria experts","url":"https:\/\/www.ecambria-experts.de\/it-sachverstaendiger\/","logo":{"@type":"ImageObject","inLanguage":"de","@id":"https:\/\/www.ecambria-experts.de\/it-sachverstaendiger\/#\/schema\/logo\/image\/","url":"https:\/\/www.ecambria-experts.de\/it-sachverstaendiger\/wp-content\/uploads\/2025\/09\/ecambria_experts_logo_ohne_rand.svg","contentUrl":"https:\/\/www.ecambria-experts.de\/it-sachverstaendiger\/wp-content\/uploads\/2025\/09\/ecambria_experts_logo_ohne_rand.svg","width":369,"height":60,"caption":"ecambria experts"},"image":{"@id":"https:\/\/www.ecambria-experts.de\/it-sachverstaendiger\/#\/schema\/logo\/image\/"}}]}},"_links":{"self":[{"href":"https:\/\/www.ecambria-experts.de\/it-sachverstaendiger\/wp-json\/wp\/v2\/pages\/169","targetHints":{"allow":["GET"]}}],"collection":[{"href":"https:\/\/www.ecambria-experts.de\/it-sachverstaendiger\/wp-json\/wp\/v2\/pages"}],"about":[{"href":"https:\/\/www.ecambria-experts.de\/it-sachverstaendiger\/wp-json\/wp\/v2\/types\/page"}],"author":[{"embeddable":true,"href":"https:\/\/www.ecambria-experts.de\/it-sachverstaendiger\/wp-json\/wp\/v2\/users\/1"}],"replies":[{"embeddable":true,"href":"https:\/\/www.ecambria-experts.de\/it-sachverstaendiger\/wp-json\/wp\/v2\/comments?post=169"}],"version-history":[{"count":9,"href":"https:\/\/www.ecambria-experts.de\/it-sachverstaendiger\/wp-json\/wp\/v2\/pages\/169\/revisions"}],"predecessor-version":[{"id":1358,"href":"https:\/\/www.ecambria-experts.de\/it-sachverstaendiger\/wp-json\/wp\/v2\/pages\/169\/revisions\/1358"}],"wp:attachment":[{"href":"https:\/\/www.ecambria-experts.de\/it-sachverstaendiger\/wp-json\/wp\/v2\/media?parent=169"}],"curies":[{"name":"wp","href":"https:\/\/api.w.org\/{rel}","templated":true}]}}