{"id":177,"date":"2014-12-22T12:11:18","date_gmt":"2014-12-22T10:11:18","guid":{"rendered":"http:\/\/www.the-only-thing-constant.com\/it-sachverstaendiger\/?page_id=177"},"modified":"2019-09-04T13:51:05","modified_gmt":"2019-09-04T12:51:05","slug":"leistungen_bewertung_der_ergonomie","status":"publish","type":"page","link":"https:\/\/www.ecambria-experts.de\/it-sachverstaendiger\/leistungen_bewertung_der_ergonomie","title":{"rendered":"Bewertung der Ergonomie von Software"},"content":{"rendered":"<h1>Bewertung der Ergonomie von Software<\/h1>\n<p id=\"leftcolumn\">Die Bedienbarkeit von Software (Ergonomie) ist h\u00e4ufiger Streitpunkt und zudem aufgrund der oftmals subjektiven Argumentation schwierig zu fassen und zu bewerten. Schlecht bedienbare Software f\u00fchrt oft zur Ablehnung durch Kunden, Nutzer oder auch Arbeitnehmervertreter. Im Extremfall kann es sogar vorkommen, dass eine Software auf Grund von Benutzbarkeitsproblemen nicht eingesetzt werden kann.<\/p>\n<p>Die Normen in diesem Bereich (beispielsweise ISO EN DIN 9241-110) geben keine direkten Vorgaben, sondern sind immer im Hinblick auf Nutzungskontext und Einsatzzweck zu bewerten.<\/p>\n<p id=\"contentcolumn\">Hier ermitteln wir f\u00fcr die Praxis relevante Bewertungsma\u00dfst\u00e4be und -verfahren f\u00fcr bestimmte Kontexte, untersuchen Software-Anwendungen auf ihre Gebrauchstauglichkeit und erstellen konkrete Verbesserungsvorschl\u00e4ge und Ma\u00dfnahmenpl\u00e4ne.<\/p>\n","protected":false},"excerpt":{"rendered":"<p>Bewertung der Ergonomie von Software Die Bedienbarkeit von Software (Ergonomie) ist h\u00e4ufiger Streitpunkt und zudem aufgrund der oftmals subjektiven Argumentation schwierig zu fassen und zu bewerten. Schlecht bedienbare Software f\u00fchrt oft zur Ablehnung durch Kunden, Nutzer oder auch Arbeitnehmervertreter. Im Extremfall kann es sogar vorkommen, dass eine Software auf Grund&#8230;<\/p>\n","protected":false},"author":1,"featured_media":0,"parent":0,"menu_order":0,"comment_status":"closed","ping_status":"closed","template":"","meta":{"inline_featured_image":false,"footnotes":""},"class_list":["post-177","page","type-page","status-publish","hentry"],"yoast_head":"<!-- This site is optimized with the Yoast SEO plugin v25.4 - https:\/\/yoast.com\/wordpress\/plugins\/seo\/ -->\n<title>Bewertung der Ergonomie von Software - ecambria experts<\/title>\n<meta name=\"description\" content=\"Wir erstellen konkrete Verbesserungsvorschl\u00e4ge im Hinblick auf die Bedienbarkeit und Gebrauchstauglichkeit Ihrer Software (Ergonomie).\" \/>\n<meta name=\"robots\" content=\"index, follow, max-snippet:-1, max-image-preview:large, max-video-preview:-1\" \/>\n<link rel=\"canonical\" href=\"https:\/\/www.ecambria-experts.de\/it-sachverstaendiger\/leistungen_bewertung_der_ergonomie\" \/>\n<meta property=\"og:locale\" content=\"de_DE\" \/>\n<meta property=\"og:type\" content=\"article\" \/>\n<meta property=\"og:title\" content=\"Bewertung der Ergonomie von Software - ecambria experts\" \/>\n<meta property=\"og:description\" content=\"Wir erstellen konkrete Verbesserungsvorschl\u00e4ge im Hinblick auf die Bedienbarkeit und Gebrauchstauglichkeit Ihrer Software (Ergonomie).\" \/>\n<meta property=\"og:url\" content=\"https:\/\/www.ecambria-experts.de\/it-sachverstaendiger\/leistungen_bewertung_der_ergonomie\" \/>\n<meta property=\"og:site_name\" content=\"ecambria experts\" \/>\n<meta property=\"article:modified_time\" content=\"2019-09-04T12:51:05+00:00\" \/>\n<meta name=\"twitter:card\" content=\"summary_large_image\" \/>\n<meta name=\"twitter:label1\" content=\"Gesch\u00e4tzte Lesezeit\" \/>\n\t<meta name=\"twitter:data1\" content=\"1\u00a0Minute\" \/>\n<script type=\"application\/ld+json\" class=\"yoast-schema-graph\">{\"@context\":\"https:\/\/schema.org\",\"@graph\":[{\"@type\":\"WebPage\",\"@id\":\"https:\/\/www.ecambria-experts.de\/it-sachverstaendiger\/leistungen_bewertung_der_ergonomie\",\"url\":\"https:\/\/www.ecambria-experts.de\/it-sachverstaendiger\/leistungen_bewertung_der_ergonomie\",\"name\":\"Bewertung der Ergonomie von Software - ecambria experts\",\"isPartOf\":{\"@id\":\"https:\/\/www.ecambria-experts.de\/it-sachverstaendiger\/#website\"},\"datePublished\":\"2014-12-22T10:11:18+00:00\",\"dateModified\":\"2019-09-04T12:51:05+00:00\",\"description\":\"Wir erstellen konkrete Verbesserungsvorschl\u00e4ge im Hinblick auf die Bedienbarkeit und Gebrauchstauglichkeit Ihrer Software (Ergonomie).\",\"breadcrumb\":{\"@id\":\"https:\/\/www.ecambria-experts.de\/it-sachverstaendiger\/leistungen_bewertung_der_ergonomie#breadcrumb\"},\"inLanguage\":\"de\",\"potentialAction\":[{\"@type\":\"ReadAction\",\"target\":[\"https:\/\/www.ecambria-experts.de\/it-sachverstaendiger\/leistungen_bewertung_der_ergonomie\"]}]},{\"@type\":\"BreadcrumbList\",\"@id\":\"https:\/\/www.ecambria-experts.de\/it-sachverstaendiger\/leistungen_bewertung_der_ergonomie#breadcrumb\",\"itemListElement\":[{\"@type\":\"ListItem\",\"position\":1,\"name\":\"Startseite\",\"item\":\"https:\/\/www.ecambria-experts.de\/it-sachverstaendiger\/\"},{\"@type\":\"ListItem\",\"position\":2,\"name\":\"Bewertung der Ergonomie von Software\"}]},{\"@type\":\"WebSite\",\"@id\":\"https:\/\/www.ecambria-experts.de\/it-sachverstaendiger\/#website\",\"url\":\"https:\/\/www.ecambria-experts.de\/it-sachverstaendiger\/\",\"name\":\"ecambria experts\",\"description\":\"IT-Sachverst\u00e4ndige und Gutachter, Bewertung, Gerichtsgutachten, Privatgutachten, Schlichtung\",\"publisher\":{\"@id\":\"https:\/\/www.ecambria-experts.de\/it-sachverstaendiger\/#organization\"},\"potentialAction\":[{\"@type\":\"SearchAction\",\"target\":{\"@type\":\"EntryPoint\",\"urlTemplate\":\"https:\/\/www.ecambria-experts.de\/it-sachverstaendiger\/?s={search_term_string}\"},\"query-input\":{\"@type\":\"PropertyValueSpecification\",\"valueRequired\":true,\"valueName\":\"search_term_string\"}}],\"inLanguage\":\"de\"},{\"@type\":\"Organization\",\"@id\":\"https:\/\/www.ecambria-experts.de\/it-sachverstaendiger\/#organization\",\"name\":\"ecambria experts\",\"url\":\"https:\/\/www.ecambria-experts.de\/it-sachverstaendiger\/\",\"logo\":{\"@type\":\"ImageObject\",\"inLanguage\":\"de\",\"@id\":\"https:\/\/www.ecambria-experts.de\/it-sachverstaendiger\/#\/schema\/logo\/image\/\",\"url\":\"https:\/\/www.ecambria-experts.de\/it-sachverstaendiger\/wp-content\/uploads\/2025\/09\/ecambria_experts_logo_ohne_rand.svg\",\"contentUrl\":\"https:\/\/www.ecambria-experts.de\/it-sachverstaendiger\/wp-content\/uploads\/2025\/09\/ecambria_experts_logo_ohne_rand.svg\",\"width\":369,\"height\":60,\"caption\":\"ecambria experts\"},\"image\":{\"@id\":\"https:\/\/www.ecambria-experts.de\/it-sachverstaendiger\/#\/schema\/logo\/image\/\"}}]}<\/script>\n<!-- \/ Yoast SEO plugin. -->","yoast_head_json":{"title":"Bewertung der Ergonomie von Software - ecambria experts","description":"Wir erstellen konkrete Verbesserungsvorschl\u00e4ge im Hinblick auf die Bedienbarkeit und Gebrauchstauglichkeit Ihrer Software (Ergonomie).","robots":{"index":"index","follow":"follow","max-snippet":"max-snippet:-1","max-image-preview":"max-image-preview:large","max-video-preview":"max-video-preview:-1"},"canonical":"https:\/\/www.ecambria-experts.de\/it-sachverstaendiger\/leistungen_bewertung_der_ergonomie","og_locale":"de_DE","og_type":"article","og_title":"Bewertung der Ergonomie von Software - ecambria experts","og_description":"Wir erstellen konkrete Verbesserungsvorschl\u00e4ge im Hinblick auf die Bedienbarkeit und Gebrauchstauglichkeit Ihrer Software (Ergonomie).","og_url":"https:\/\/www.ecambria-experts.de\/it-sachverstaendiger\/leistungen_bewertung_der_ergonomie","og_site_name":"ecambria experts","article_modified_time":"2019-09-04T12:51:05+00:00","twitter_card":"summary_large_image","twitter_misc":{"Gesch\u00e4tzte Lesezeit":"1\u00a0Minute"},"schema":{"@context":"https:\/\/schema.org","@graph":[{"@type":"WebPage","@id":"https:\/\/www.ecambria-experts.de\/it-sachverstaendiger\/leistungen_bewertung_der_ergonomie","url":"https:\/\/www.ecambria-experts.de\/it-sachverstaendiger\/leistungen_bewertung_der_ergonomie","name":"Bewertung der Ergonomie von Software - ecambria experts","isPartOf":{"@id":"https:\/\/www.ecambria-experts.de\/it-sachverstaendiger\/#website"},"datePublished":"2014-12-22T10:11:18+00:00","dateModified":"2019-09-04T12:51:05+00:00","description":"Wir erstellen konkrete Verbesserungsvorschl\u00e4ge im Hinblick auf die Bedienbarkeit und Gebrauchstauglichkeit Ihrer Software (Ergonomie).","breadcrumb":{"@id":"https:\/\/www.ecambria-experts.de\/it-sachverstaendiger\/leistungen_bewertung_der_ergonomie#breadcrumb"},"inLanguage":"de","potentialAction":[{"@type":"ReadAction","target":["https:\/\/www.ecambria-experts.de\/it-sachverstaendiger\/leistungen_bewertung_der_ergonomie"]}]},{"@type":"BreadcrumbList","@id":"https:\/\/www.ecambria-experts.de\/it-sachverstaendiger\/leistungen_bewertung_der_ergonomie#breadcrumb","itemListElement":[{"@type":"ListItem","position":1,"name":"Startseite","item":"https:\/\/www.ecambria-experts.de\/it-sachverstaendiger\/"},{"@type":"ListItem","position":2,"name":"Bewertung der Ergonomie von Software"}]},{"@type":"WebSite","@id":"https:\/\/www.ecambria-experts.de\/it-sachverstaendiger\/#website","url":"https:\/\/www.ecambria-experts.de\/it-sachverstaendiger\/","name":"ecambria experts","description":"IT-Sachverst\u00e4ndige und Gutachter, Bewertung, Gerichtsgutachten, Privatgutachten, Schlichtung","publisher":{"@id":"https:\/\/www.ecambria-experts.de\/it-sachverstaendiger\/#organization"},"potentialAction":[{"@type":"SearchAction","target":{"@type":"EntryPoint","urlTemplate":"https:\/\/www.ecambria-experts.de\/it-sachverstaendiger\/?s={search_term_string}"},"query-input":{"@type":"PropertyValueSpecification","valueRequired":true,"valueName":"search_term_string"}}],"inLanguage":"de"},{"@type":"Organization","@id":"https:\/\/www.ecambria-experts.de\/it-sachverstaendiger\/#organization","name":"ecambria experts","url":"https:\/\/www.ecambria-experts.de\/it-sachverstaendiger\/","logo":{"@type":"ImageObject","inLanguage":"de","@id":"https:\/\/www.ecambria-experts.de\/it-sachverstaendiger\/#\/schema\/logo\/image\/","url":"https:\/\/www.ecambria-experts.de\/it-sachverstaendiger\/wp-content\/uploads\/2025\/09\/ecambria_experts_logo_ohne_rand.svg","contentUrl":"https:\/\/www.ecambria-experts.de\/it-sachverstaendiger\/wp-content\/uploads\/2025\/09\/ecambria_experts_logo_ohne_rand.svg","width":369,"height":60,"caption":"ecambria experts"},"image":{"@id":"https:\/\/www.ecambria-experts.de\/it-sachverstaendiger\/#\/schema\/logo\/image\/"}}]}},"_links":{"self":[{"href":"https:\/\/www.ecambria-experts.de\/it-sachverstaendiger\/wp-json\/wp\/v2\/pages\/177","targetHints":{"allow":["GET"]}}],"collection":[{"href":"https:\/\/www.ecambria-experts.de\/it-sachverstaendiger\/wp-json\/wp\/v2\/pages"}],"about":[{"href":"https:\/\/www.ecambria-experts.de\/it-sachverstaendiger\/wp-json\/wp\/v2\/types\/page"}],"author":[{"embeddable":true,"href":"https:\/\/www.ecambria-experts.de\/it-sachverstaendiger\/wp-json\/wp\/v2\/users\/1"}],"replies":[{"embeddable":true,"href":"https:\/\/www.ecambria-experts.de\/it-sachverstaendiger\/wp-json\/wp\/v2\/comments?post=177"}],"version-history":[{"count":5,"href":"https:\/\/www.ecambria-experts.de\/it-sachverstaendiger\/wp-json\/wp\/v2\/pages\/177\/revisions"}],"predecessor-version":[{"id":1345,"href":"https:\/\/www.ecambria-experts.de\/it-sachverstaendiger\/wp-json\/wp\/v2\/pages\/177\/revisions\/1345"}],"wp:attachment":[{"href":"https:\/\/www.ecambria-experts.de\/it-sachverstaendiger\/wp-json\/wp\/v2\/media?parent=177"}],"curies":[{"name":"wp","href":"https:\/\/api.w.org\/{rel}","templated":true}]}}