{"id":179,"date":"2014-12-22T12:12:09","date_gmt":"2014-12-22T10:12:09","guid":{"rendered":"http:\/\/www.the-only-thing-constant.com\/it-sachverstaendiger\/?page_id=179"},"modified":"2019-09-04T13:51:12","modified_gmt":"2019-09-04T12:51:12","slug":"leistungen_bewertung_der_barrierefreiheit","status":"publish","type":"page","link":"https:\/\/www.ecambria-experts.de\/it-sachverstaendiger\/leistungen_bewertung_der_barrierefreiheit","title":{"rendered":"Bewertung der Barrierefreiheit von Software"},"content":{"rendered":"<h1>Bewertung der Barrierefreiheit von Software<\/h1>\n<p id=\"leftcolumn\">Software und Internetseiten sind eine wichtiger Bestandteil der Arbeitswelt und der Interaktion mit der \u00f6ffentlichen Verwaltung. Aus diesem Grund ist es besonders wichtig, dass auch Menschen mit unterschiedlichen Behinderungen einen angemessenen Zugriff auf diese Medien erhalten. Diesem Zweck dient die Barrierefreiheit, die f\u00fcr \u00f6ffentliche Internetangebote sogar gesetzlich vorgeschrieben ist (BGG, BITV 2.0).<\/p>\n<p id=\"contentcolumn\">Auf der Basis unseres Hintergrundwissens als Programmierer untersuchen wir bestehende oder in der Entwicklung befindliche Anwendungen auf Probleme bei der Barrierefreiheit und erstellen konkrete Verbesserungsvorschl\u00e4ge und Ma\u00dfnahmenpl\u00e4ne. Dabei orientieren wir uns an den gesetzlichen Vorgaben, Normen und Richtlinien, beispielsweise der W3C \/ WCAG 2.0 \u2013 Web Content Accessibility Guidelines, ISO EN DIN 9241-171 und der BITV 2.0.<\/p>\n<p>Dar\u00fcber hinaus haben wir eigene Bewertungskataloge entwickelt, die alle genannten Normen aufgreifen und in ein gemeinsames Gutachtenschema \u00fcberf\u00fchren. Um Probleme m\u00f6glichst fr\u00fchzeitig zu vermeiden, bieten wir auch Schulungen f\u00fcr Programmierer, Projektleiter und Einkaufsverantwortliche an.<\/p>\n","protected":false},"excerpt":{"rendered":"<p>Bewertung der Barrierefreiheit von Software Software und Internetseiten sind eine wichtiger Bestandteil der Arbeitswelt und der Interaktion mit der \u00f6ffentlichen Verwaltung. Aus diesem Grund ist es besonders wichtig, dass auch Menschen mit unterschiedlichen Behinderungen einen angemessenen Zugriff auf diese Medien erhalten. Diesem Zweck dient die Barrierefreiheit, die f\u00fcr \u00f6ffentliche Internetangebote&#8230;<\/p>\n","protected":false},"author":1,"featured_media":0,"parent":0,"menu_order":0,"comment_status":"closed","ping_status":"closed","template":"","meta":{"inline_featured_image":false,"footnotes":""},"class_list":["post-179","page","type-page","status-publish","hentry"],"yoast_head":"<!-- This site is optimized with the Yoast SEO plugin v25.4 - https:\/\/yoast.com\/wordpress\/plugins\/seo\/ -->\n<title>Bewertung der Barrierefreiheit von Software - ecambria experts<\/title>\n<meta name=\"description\" content=\"Die ecambria experts untersuchen Anwendungen auf Probleme bei der Barrierefreiheit und erstellen konkrete Verbesserungsvorschl\u00e4ge und Ma\u00dfnahmenpl\u00e4ne.\" \/>\n<meta name=\"robots\" content=\"index, follow, max-snippet:-1, max-image-preview:large, max-video-preview:-1\" \/>\n<link rel=\"canonical\" href=\"https:\/\/www.ecambria-experts.de\/it-sachverstaendiger\/leistungen_bewertung_der_barrierefreiheit\" \/>\n<meta property=\"og:locale\" content=\"de_DE\" \/>\n<meta property=\"og:type\" content=\"article\" \/>\n<meta property=\"og:title\" content=\"Bewertung der Barrierefreiheit von Software - ecambria experts\" \/>\n<meta property=\"og:description\" content=\"Die ecambria experts untersuchen Anwendungen auf Probleme bei der Barrierefreiheit und erstellen konkrete Verbesserungsvorschl\u00e4ge und Ma\u00dfnahmenpl\u00e4ne.\" \/>\n<meta property=\"og:url\" content=\"https:\/\/www.ecambria-experts.de\/it-sachverstaendiger\/leistungen_bewertung_der_barrierefreiheit\" \/>\n<meta property=\"og:site_name\" content=\"ecambria experts\" \/>\n<meta property=\"article:modified_time\" content=\"2019-09-04T12:51:12+00:00\" \/>\n<meta name=\"twitter:card\" content=\"summary_large_image\" \/>\n<meta name=\"twitter:label1\" content=\"Gesch\u00e4tzte Lesezeit\" \/>\n\t<meta name=\"twitter:data1\" content=\"1\u00a0Minute\" \/>\n<script type=\"application\/ld+json\" class=\"yoast-schema-graph\">{\"@context\":\"https:\/\/schema.org\",\"@graph\":[{\"@type\":\"WebPage\",\"@id\":\"https:\/\/www.ecambria-experts.de\/it-sachverstaendiger\/leistungen_bewertung_der_barrierefreiheit\",\"url\":\"https:\/\/www.ecambria-experts.de\/it-sachverstaendiger\/leistungen_bewertung_der_barrierefreiheit\",\"name\":\"Bewertung der Barrierefreiheit von Software - ecambria experts\",\"isPartOf\":{\"@id\":\"https:\/\/www.ecambria-experts.de\/it-sachverstaendiger\/#website\"},\"datePublished\":\"2014-12-22T10:12:09+00:00\",\"dateModified\":\"2019-09-04T12:51:12+00:00\",\"description\":\"Die ecambria experts untersuchen Anwendungen auf Probleme bei der Barrierefreiheit und erstellen konkrete Verbesserungsvorschl\u00e4ge und Ma\u00dfnahmenpl\u00e4ne.\",\"breadcrumb\":{\"@id\":\"https:\/\/www.ecambria-experts.de\/it-sachverstaendiger\/leistungen_bewertung_der_barrierefreiheit#breadcrumb\"},\"inLanguage\":\"de\",\"potentialAction\":[{\"@type\":\"ReadAction\",\"target\":[\"https:\/\/www.ecambria-experts.de\/it-sachverstaendiger\/leistungen_bewertung_der_barrierefreiheit\"]}]},{\"@type\":\"BreadcrumbList\",\"@id\":\"https:\/\/www.ecambria-experts.de\/it-sachverstaendiger\/leistungen_bewertung_der_barrierefreiheit#breadcrumb\",\"itemListElement\":[{\"@type\":\"ListItem\",\"position\":1,\"name\":\"Startseite\",\"item\":\"https:\/\/www.ecambria-experts.de\/it-sachverstaendiger\/\"},{\"@type\":\"ListItem\",\"position\":2,\"name\":\"Bewertung der Barrierefreiheit von Software\"}]},{\"@type\":\"WebSite\",\"@id\":\"https:\/\/www.ecambria-experts.de\/it-sachverstaendiger\/#website\",\"url\":\"https:\/\/www.ecambria-experts.de\/it-sachverstaendiger\/\",\"name\":\"ecambria experts\",\"description\":\"IT-Sachverst\u00e4ndige und Gutachter, Bewertung, Gerichtsgutachten, Privatgutachten, Schlichtung\",\"publisher\":{\"@id\":\"https:\/\/www.ecambria-experts.de\/it-sachverstaendiger\/#organization\"},\"potentialAction\":[{\"@type\":\"SearchAction\",\"target\":{\"@type\":\"EntryPoint\",\"urlTemplate\":\"https:\/\/www.ecambria-experts.de\/it-sachverstaendiger\/?s={search_term_string}\"},\"query-input\":{\"@type\":\"PropertyValueSpecification\",\"valueRequired\":true,\"valueName\":\"search_term_string\"}}],\"inLanguage\":\"de\"},{\"@type\":\"Organization\",\"@id\":\"https:\/\/www.ecambria-experts.de\/it-sachverstaendiger\/#organization\",\"name\":\"ecambria experts\",\"url\":\"https:\/\/www.ecambria-experts.de\/it-sachverstaendiger\/\",\"logo\":{\"@type\":\"ImageObject\",\"inLanguage\":\"de\",\"@id\":\"https:\/\/www.ecambria-experts.de\/it-sachverstaendiger\/#\/schema\/logo\/image\/\",\"url\":\"https:\/\/www.ecambria-experts.de\/it-sachverstaendiger\/wp-content\/uploads\/2025\/09\/ecambria_experts_logo_ohne_rand.svg\",\"contentUrl\":\"https:\/\/www.ecambria-experts.de\/it-sachverstaendiger\/wp-content\/uploads\/2025\/09\/ecambria_experts_logo_ohne_rand.svg\",\"width\":369,\"height\":60,\"caption\":\"ecambria experts\"},\"image\":{\"@id\":\"https:\/\/www.ecambria-experts.de\/it-sachverstaendiger\/#\/schema\/logo\/image\/\"}}]}<\/script>\n<!-- \/ Yoast SEO plugin. -->","yoast_head_json":{"title":"Bewertung der Barrierefreiheit von Software - ecambria experts","description":"Die ecambria experts untersuchen Anwendungen auf Probleme bei der Barrierefreiheit und erstellen konkrete Verbesserungsvorschl\u00e4ge und Ma\u00dfnahmenpl\u00e4ne.","robots":{"index":"index","follow":"follow","max-snippet":"max-snippet:-1","max-image-preview":"max-image-preview:large","max-video-preview":"max-video-preview:-1"},"canonical":"https:\/\/www.ecambria-experts.de\/it-sachverstaendiger\/leistungen_bewertung_der_barrierefreiheit","og_locale":"de_DE","og_type":"article","og_title":"Bewertung der Barrierefreiheit von Software - ecambria experts","og_description":"Die ecambria experts untersuchen Anwendungen auf Probleme bei der Barrierefreiheit und erstellen konkrete Verbesserungsvorschl\u00e4ge und Ma\u00dfnahmenpl\u00e4ne.","og_url":"https:\/\/www.ecambria-experts.de\/it-sachverstaendiger\/leistungen_bewertung_der_barrierefreiheit","og_site_name":"ecambria experts","article_modified_time":"2019-09-04T12:51:12+00:00","twitter_card":"summary_large_image","twitter_misc":{"Gesch\u00e4tzte Lesezeit":"1\u00a0Minute"},"schema":{"@context":"https:\/\/schema.org","@graph":[{"@type":"WebPage","@id":"https:\/\/www.ecambria-experts.de\/it-sachverstaendiger\/leistungen_bewertung_der_barrierefreiheit","url":"https:\/\/www.ecambria-experts.de\/it-sachverstaendiger\/leistungen_bewertung_der_barrierefreiheit","name":"Bewertung der Barrierefreiheit von Software - ecambria experts","isPartOf":{"@id":"https:\/\/www.ecambria-experts.de\/it-sachverstaendiger\/#website"},"datePublished":"2014-12-22T10:12:09+00:00","dateModified":"2019-09-04T12:51:12+00:00","description":"Die ecambria experts untersuchen Anwendungen auf Probleme bei der Barrierefreiheit und erstellen konkrete Verbesserungsvorschl\u00e4ge und Ma\u00dfnahmenpl\u00e4ne.","breadcrumb":{"@id":"https:\/\/www.ecambria-experts.de\/it-sachverstaendiger\/leistungen_bewertung_der_barrierefreiheit#breadcrumb"},"inLanguage":"de","potentialAction":[{"@type":"ReadAction","target":["https:\/\/www.ecambria-experts.de\/it-sachverstaendiger\/leistungen_bewertung_der_barrierefreiheit"]}]},{"@type":"BreadcrumbList","@id":"https:\/\/www.ecambria-experts.de\/it-sachverstaendiger\/leistungen_bewertung_der_barrierefreiheit#breadcrumb","itemListElement":[{"@type":"ListItem","position":1,"name":"Startseite","item":"https:\/\/www.ecambria-experts.de\/it-sachverstaendiger\/"},{"@type":"ListItem","position":2,"name":"Bewertung der Barrierefreiheit von Software"}]},{"@type":"WebSite","@id":"https:\/\/www.ecambria-experts.de\/it-sachverstaendiger\/#website","url":"https:\/\/www.ecambria-experts.de\/it-sachverstaendiger\/","name":"ecambria experts","description":"IT-Sachverst\u00e4ndige und Gutachter, Bewertung, Gerichtsgutachten, Privatgutachten, Schlichtung","publisher":{"@id":"https:\/\/www.ecambria-experts.de\/it-sachverstaendiger\/#organization"},"potentialAction":[{"@type":"SearchAction","target":{"@type":"EntryPoint","urlTemplate":"https:\/\/www.ecambria-experts.de\/it-sachverstaendiger\/?s={search_term_string}"},"query-input":{"@type":"PropertyValueSpecification","valueRequired":true,"valueName":"search_term_string"}}],"inLanguage":"de"},{"@type":"Organization","@id":"https:\/\/www.ecambria-experts.de\/it-sachverstaendiger\/#organization","name":"ecambria experts","url":"https:\/\/www.ecambria-experts.de\/it-sachverstaendiger\/","logo":{"@type":"ImageObject","inLanguage":"de","@id":"https:\/\/www.ecambria-experts.de\/it-sachverstaendiger\/#\/schema\/logo\/image\/","url":"https:\/\/www.ecambria-experts.de\/it-sachverstaendiger\/wp-content\/uploads\/2025\/09\/ecambria_experts_logo_ohne_rand.svg","contentUrl":"https:\/\/www.ecambria-experts.de\/it-sachverstaendiger\/wp-content\/uploads\/2025\/09\/ecambria_experts_logo_ohne_rand.svg","width":369,"height":60,"caption":"ecambria experts"},"image":{"@id":"https:\/\/www.ecambria-experts.de\/it-sachverstaendiger\/#\/schema\/logo\/image\/"}}]}},"_links":{"self":[{"href":"https:\/\/www.ecambria-experts.de\/it-sachverstaendiger\/wp-json\/wp\/v2\/pages\/179","targetHints":{"allow":["GET"]}}],"collection":[{"href":"https:\/\/www.ecambria-experts.de\/it-sachverstaendiger\/wp-json\/wp\/v2\/pages"}],"about":[{"href":"https:\/\/www.ecambria-experts.de\/it-sachverstaendiger\/wp-json\/wp\/v2\/types\/page"}],"author":[{"embeddable":true,"href":"https:\/\/www.ecambria-experts.de\/it-sachverstaendiger\/wp-json\/wp\/v2\/users\/1"}],"replies":[{"embeddable":true,"href":"https:\/\/www.ecambria-experts.de\/it-sachverstaendiger\/wp-json\/wp\/v2\/comments?post=179"}],"version-history":[{"count":4,"href":"https:\/\/www.ecambria-experts.de\/it-sachverstaendiger\/wp-json\/wp\/v2\/pages\/179\/revisions"}],"predecessor-version":[{"id":1346,"href":"https:\/\/www.ecambria-experts.de\/it-sachverstaendiger\/wp-json\/wp\/v2\/pages\/179\/revisions\/1346"}],"wp:attachment":[{"href":"https:\/\/www.ecambria-experts.de\/it-sachverstaendiger\/wp-json\/wp\/v2\/media?parent=179"}],"curies":[{"name":"wp","href":"https:\/\/api.w.org\/{rel}","templated":true}]}}