{"id":181,"date":"2014-12-22T12:13:03","date_gmt":"2014-12-22T10:13:03","guid":{"rendered":"http:\/\/www.the-only-thing-constant.com\/it-sachverstaendiger\/?page_id=181"},"modified":"2019-09-04T13:52:28","modified_gmt":"2019-09-04T12:52:28","slug":"leistungen_plagiatspruefungen_und_softwarevergleich","status":"publish","type":"page","link":"https:\/\/www.ecambria-experts.de\/it-sachverstaendiger\/leistungen_plagiatspruefungen_und_softwarevergleich","title":{"rendered":"Vergleich von Software und Plagiatspr\u00fcfung"},"content":{"rendered":"<h1>Vergleich von Software und Plagiatspr\u00fcfung<\/h1>\n<p id=\"leftcolumn\">Im harten Wettbewerb in der Softwareindustrie wird gelegentlich der Vorwurf erhoben, eine Software sei die vollst\u00e4ndige oder teilweise Kopie einer anderen Software. Dieser Vorwurf kann sich auf den Bin\u00e4rcode, den Sourcecode oder auch Zwischenzust\u00e4nde beziehen. Die Frage der \u00c4hnlichkeit oder sogar Identit\u00e4t ist beim Vergleich elektronischer Quellen nicht immer einfach zu beantworten, da Teile von Software oftmals automatisch erzeugt oder (legal) als Standardkomponenten in das eigene Programm \u00fcbernommen werden.<\/p>\n<p>Auf der Basis unserer eigenen, aktuellen Erfahrungen als Informatiker k\u00f6nnen wir Software im Streitfall vergleichen und festgestellte \u00c4hnlichkeiten nachvollziehbar und nachpr\u00fcfbar dokumentieren und bewerten.<\/p>\n","protected":false},"excerpt":{"rendered":"<p>Vergleich von Software und Plagiatspr\u00fcfung Im harten Wettbewerb in der Softwareindustrie wird gelegentlich der Vorwurf erhoben, eine Software sei die vollst\u00e4ndige oder teilweise Kopie einer anderen Software. Dieser Vorwurf kann sich auf den Bin\u00e4rcode, den Sourcecode oder auch Zwischenzust\u00e4nde beziehen. Die Frage der \u00c4hnlichkeit oder sogar Identit\u00e4t ist beim Vergleich&#8230;<\/p>\n","protected":false},"author":1,"featured_media":0,"parent":0,"menu_order":0,"comment_status":"closed","ping_status":"closed","template":"","meta":{"inline_featured_image":false,"footnotes":""},"class_list":["post-181","page","type-page","status-publish","hentry"],"yoast_head":"<!-- This site is optimized with the Yoast SEO plugin v25.4 - https:\/\/yoast.com\/wordpress\/plugins\/seo\/ -->\n<title>Vergleich von Software und Plagiatspr\u00fcfung - ecambria experts<\/title>\n<meta name=\"description\" content=\"Auf Basis eigener Erfahrungen als Informatiker k\u00f6nnen wir Software im Streitfall vergleichen und festgestellte \u00c4hnlichkeiten nachvollziehbar dokumentieren.\" \/>\n<meta name=\"robots\" content=\"index, follow, max-snippet:-1, max-image-preview:large, max-video-preview:-1\" \/>\n<link rel=\"canonical\" href=\"https:\/\/www.ecambria-experts.de\/it-sachverstaendiger\/leistungen_plagiatspruefungen_und_softwarevergleich\" \/>\n<meta property=\"og:locale\" content=\"de_DE\" \/>\n<meta property=\"og:type\" content=\"article\" \/>\n<meta property=\"og:title\" content=\"Vergleich von Software und Plagiatspr\u00fcfung - ecambria experts\" \/>\n<meta property=\"og:description\" content=\"Auf Basis eigener Erfahrungen als Informatiker k\u00f6nnen wir Software im Streitfall vergleichen und festgestellte \u00c4hnlichkeiten nachvollziehbar dokumentieren.\" \/>\n<meta property=\"og:url\" content=\"https:\/\/www.ecambria-experts.de\/it-sachverstaendiger\/leistungen_plagiatspruefungen_und_softwarevergleich\" \/>\n<meta property=\"og:site_name\" content=\"ecambria experts\" \/>\n<meta property=\"article:modified_time\" content=\"2019-09-04T12:52:28+00:00\" \/>\n<meta name=\"twitter:card\" content=\"summary_large_image\" \/>\n<meta name=\"twitter:label1\" content=\"Gesch\u00e4tzte Lesezeit\" \/>\n\t<meta name=\"twitter:data1\" content=\"1\u00a0Minute\" \/>\n<script type=\"application\/ld+json\" class=\"yoast-schema-graph\">{\"@context\":\"https:\/\/schema.org\",\"@graph\":[{\"@type\":\"WebPage\",\"@id\":\"https:\/\/www.ecambria-experts.de\/it-sachverstaendiger\/leistungen_plagiatspruefungen_und_softwarevergleich\",\"url\":\"https:\/\/www.ecambria-experts.de\/it-sachverstaendiger\/leistungen_plagiatspruefungen_und_softwarevergleich\",\"name\":\"Vergleich von Software und Plagiatspr\u00fcfung - ecambria experts\",\"isPartOf\":{\"@id\":\"https:\/\/www.ecambria-experts.de\/it-sachverstaendiger\/#website\"},\"datePublished\":\"2014-12-22T10:13:03+00:00\",\"dateModified\":\"2019-09-04T12:52:28+00:00\",\"description\":\"Auf Basis eigener Erfahrungen als Informatiker k\u00f6nnen wir Software im Streitfall vergleichen und festgestellte \u00c4hnlichkeiten nachvollziehbar dokumentieren.\",\"breadcrumb\":{\"@id\":\"https:\/\/www.ecambria-experts.de\/it-sachverstaendiger\/leistungen_plagiatspruefungen_und_softwarevergleich#breadcrumb\"},\"inLanguage\":\"de\",\"potentialAction\":[{\"@type\":\"ReadAction\",\"target\":[\"https:\/\/www.ecambria-experts.de\/it-sachverstaendiger\/leistungen_plagiatspruefungen_und_softwarevergleich\"]}]},{\"@type\":\"BreadcrumbList\",\"@id\":\"https:\/\/www.ecambria-experts.de\/it-sachverstaendiger\/leistungen_plagiatspruefungen_und_softwarevergleich#breadcrumb\",\"itemListElement\":[{\"@type\":\"ListItem\",\"position\":1,\"name\":\"Startseite\",\"item\":\"https:\/\/www.ecambria-experts.de\/it-sachverstaendiger\/\"},{\"@type\":\"ListItem\",\"position\":2,\"name\":\"Vergleich von Software und Plagiatspr\u00fcfung\"}]},{\"@type\":\"WebSite\",\"@id\":\"https:\/\/www.ecambria-experts.de\/it-sachverstaendiger\/#website\",\"url\":\"https:\/\/www.ecambria-experts.de\/it-sachverstaendiger\/\",\"name\":\"ecambria experts\",\"description\":\"IT-Sachverst\u00e4ndige und Gutachter, Bewertung, Gerichtsgutachten, Privatgutachten, Schlichtung\",\"publisher\":{\"@id\":\"https:\/\/www.ecambria-experts.de\/it-sachverstaendiger\/#organization\"},\"potentialAction\":[{\"@type\":\"SearchAction\",\"target\":{\"@type\":\"EntryPoint\",\"urlTemplate\":\"https:\/\/www.ecambria-experts.de\/it-sachverstaendiger\/?s={search_term_string}\"},\"query-input\":{\"@type\":\"PropertyValueSpecification\",\"valueRequired\":true,\"valueName\":\"search_term_string\"}}],\"inLanguage\":\"de\"},{\"@type\":\"Organization\",\"@id\":\"https:\/\/www.ecambria-experts.de\/it-sachverstaendiger\/#organization\",\"name\":\"ecambria experts\",\"url\":\"https:\/\/www.ecambria-experts.de\/it-sachverstaendiger\/\",\"logo\":{\"@type\":\"ImageObject\",\"inLanguage\":\"de\",\"@id\":\"https:\/\/www.ecambria-experts.de\/it-sachverstaendiger\/#\/schema\/logo\/image\/\",\"url\":\"https:\/\/www.ecambria-experts.de\/it-sachverstaendiger\/wp-content\/uploads\/2025\/09\/ecambria_experts_logo_ohne_rand.svg\",\"contentUrl\":\"https:\/\/www.ecambria-experts.de\/it-sachverstaendiger\/wp-content\/uploads\/2025\/09\/ecambria_experts_logo_ohne_rand.svg\",\"width\":369,\"height\":60,\"caption\":\"ecambria experts\"},\"image\":{\"@id\":\"https:\/\/www.ecambria-experts.de\/it-sachverstaendiger\/#\/schema\/logo\/image\/\"}}]}<\/script>\n<!-- \/ Yoast SEO plugin. -->","yoast_head_json":{"title":"Vergleich von Software und Plagiatspr\u00fcfung - ecambria experts","description":"Auf Basis eigener Erfahrungen als Informatiker k\u00f6nnen wir Software im Streitfall vergleichen und festgestellte \u00c4hnlichkeiten nachvollziehbar dokumentieren.","robots":{"index":"index","follow":"follow","max-snippet":"max-snippet:-1","max-image-preview":"max-image-preview:large","max-video-preview":"max-video-preview:-1"},"canonical":"https:\/\/www.ecambria-experts.de\/it-sachverstaendiger\/leistungen_plagiatspruefungen_und_softwarevergleich","og_locale":"de_DE","og_type":"article","og_title":"Vergleich von Software und Plagiatspr\u00fcfung - ecambria experts","og_description":"Auf Basis eigener Erfahrungen als Informatiker k\u00f6nnen wir Software im Streitfall vergleichen und festgestellte \u00c4hnlichkeiten nachvollziehbar dokumentieren.","og_url":"https:\/\/www.ecambria-experts.de\/it-sachverstaendiger\/leistungen_plagiatspruefungen_und_softwarevergleich","og_site_name":"ecambria experts","article_modified_time":"2019-09-04T12:52:28+00:00","twitter_card":"summary_large_image","twitter_misc":{"Gesch\u00e4tzte Lesezeit":"1\u00a0Minute"},"schema":{"@context":"https:\/\/schema.org","@graph":[{"@type":"WebPage","@id":"https:\/\/www.ecambria-experts.de\/it-sachverstaendiger\/leistungen_plagiatspruefungen_und_softwarevergleich","url":"https:\/\/www.ecambria-experts.de\/it-sachverstaendiger\/leistungen_plagiatspruefungen_und_softwarevergleich","name":"Vergleich von Software und Plagiatspr\u00fcfung - ecambria experts","isPartOf":{"@id":"https:\/\/www.ecambria-experts.de\/it-sachverstaendiger\/#website"},"datePublished":"2014-12-22T10:13:03+00:00","dateModified":"2019-09-04T12:52:28+00:00","description":"Auf Basis eigener Erfahrungen als Informatiker k\u00f6nnen wir Software im Streitfall vergleichen und festgestellte \u00c4hnlichkeiten nachvollziehbar dokumentieren.","breadcrumb":{"@id":"https:\/\/www.ecambria-experts.de\/it-sachverstaendiger\/leistungen_plagiatspruefungen_und_softwarevergleich#breadcrumb"},"inLanguage":"de","potentialAction":[{"@type":"ReadAction","target":["https:\/\/www.ecambria-experts.de\/it-sachverstaendiger\/leistungen_plagiatspruefungen_und_softwarevergleich"]}]},{"@type":"BreadcrumbList","@id":"https:\/\/www.ecambria-experts.de\/it-sachverstaendiger\/leistungen_plagiatspruefungen_und_softwarevergleich#breadcrumb","itemListElement":[{"@type":"ListItem","position":1,"name":"Startseite","item":"https:\/\/www.ecambria-experts.de\/it-sachverstaendiger\/"},{"@type":"ListItem","position":2,"name":"Vergleich von Software und Plagiatspr\u00fcfung"}]},{"@type":"WebSite","@id":"https:\/\/www.ecambria-experts.de\/it-sachverstaendiger\/#website","url":"https:\/\/www.ecambria-experts.de\/it-sachverstaendiger\/","name":"ecambria experts","description":"IT-Sachverst\u00e4ndige und Gutachter, Bewertung, Gerichtsgutachten, Privatgutachten, Schlichtung","publisher":{"@id":"https:\/\/www.ecambria-experts.de\/it-sachverstaendiger\/#organization"},"potentialAction":[{"@type":"SearchAction","target":{"@type":"EntryPoint","urlTemplate":"https:\/\/www.ecambria-experts.de\/it-sachverstaendiger\/?s={search_term_string}"},"query-input":{"@type":"PropertyValueSpecification","valueRequired":true,"valueName":"search_term_string"}}],"inLanguage":"de"},{"@type":"Organization","@id":"https:\/\/www.ecambria-experts.de\/it-sachverstaendiger\/#organization","name":"ecambria experts","url":"https:\/\/www.ecambria-experts.de\/it-sachverstaendiger\/","logo":{"@type":"ImageObject","inLanguage":"de","@id":"https:\/\/www.ecambria-experts.de\/it-sachverstaendiger\/#\/schema\/logo\/image\/","url":"https:\/\/www.ecambria-experts.de\/it-sachverstaendiger\/wp-content\/uploads\/2025\/09\/ecambria_experts_logo_ohne_rand.svg","contentUrl":"https:\/\/www.ecambria-experts.de\/it-sachverstaendiger\/wp-content\/uploads\/2025\/09\/ecambria_experts_logo_ohne_rand.svg","width":369,"height":60,"caption":"ecambria experts"},"image":{"@id":"https:\/\/www.ecambria-experts.de\/it-sachverstaendiger\/#\/schema\/logo\/image\/"}}]}},"_links":{"self":[{"href":"https:\/\/www.ecambria-experts.de\/it-sachverstaendiger\/wp-json\/wp\/v2\/pages\/181","targetHints":{"allow":["GET"]}}],"collection":[{"href":"https:\/\/www.ecambria-experts.de\/it-sachverstaendiger\/wp-json\/wp\/v2\/pages"}],"about":[{"href":"https:\/\/www.ecambria-experts.de\/it-sachverstaendiger\/wp-json\/wp\/v2\/types\/page"}],"author":[{"embeddable":true,"href":"https:\/\/www.ecambria-experts.de\/it-sachverstaendiger\/wp-json\/wp\/v2\/users\/1"}],"replies":[{"embeddable":true,"href":"https:\/\/www.ecambria-experts.de\/it-sachverstaendiger\/wp-json\/wp\/v2\/comments?post=181"}],"version-history":[{"count":4,"href":"https:\/\/www.ecambria-experts.de\/it-sachverstaendiger\/wp-json\/wp\/v2\/pages\/181\/revisions"}],"predecessor-version":[{"id":1352,"href":"https:\/\/www.ecambria-experts.de\/it-sachverstaendiger\/wp-json\/wp\/v2\/pages\/181\/revisions\/1352"}],"wp:attachment":[{"href":"https:\/\/www.ecambria-experts.de\/it-sachverstaendiger\/wp-json\/wp\/v2\/media?parent=181"}],"curies":[{"name":"wp","href":"https:\/\/api.w.org\/{rel}","templated":true}]}}