{"id":183,"date":"2014-12-22T12:16:41","date_gmt":"2014-12-22T10:16:41","guid":{"rendered":"http:\/\/www.the-only-thing-constant.com\/it-sachverstaendiger\/?page_id=183"},"modified":"2025-07-08T08:48:59","modified_gmt":"2025-07-08T07:48:59","slug":"publikationen","status":"publish","type":"page","link":"https:\/\/www.ecambria-experts.de\/it-sachverstaendiger\/publikationen","title":{"rendered":"Ver\u00f6ffentlichungen"},"content":{"rendered":"<h1>Ver\u00f6ffentlichungen<\/h1>\n<p>Die Gutachter und Sachverst\u00e4ndigen der ecambria systems GmbH publizieren regelm\u00e4\u00dfig in der technischen und juristischen Fachpresse.<\/p>\n<h3 class=\"main-subtitle\">Themen an der Schnittstelle von Informatik und Recht<\/h3>\n<ul>\n<li>Stiemerling, Oliver: &#8222;<a href=\"https:\/\/www.ecambria-experts.de\/it-sachverstaendiger\/publikationen\/was-ist-ein-ki-system-im-sinne-der-ki-vo\">Was ist ein KI-System im Sinne der KI-VO? \u2013 Erste Ans\u00e4tze zur praktischen Abgrenzung \u201enormaler\u201c Systeme der Informationsverarbeitung<\/a>\u201c, Verlag Dr. Otto Schmidt, K\u00f6ln, CR 2024, 554-558<\/li>\n<li>Stiemerling, Oliver; Wendehorst, Christiane; Wei\u00df, Steffen: &#8222;<a href=\"https:\/\/www.ecambria-experts.de\/it-sachverstaendiger\/forschungsgutachten-zum-einwilligungsmanagement-nach-26-ttdsg\">Forschungsgutachten zu \u00a7 26 Abs. 2 TTDSG<\/a>&#8222;, Studie im Auftrag des Bundesministeriums f\u00fcr Wirtschaft und Energie, ver\u00f6ffentlicht 14.01.2022<\/li>\n<li>Stiemerling, Oliver: \u201e<a href=\"https:\/\/www.ecambria-experts.de\/it-sachverstaendiger\/qualitaetssicherung-in-der-softwareentwicklung\">Qualit\u00e4tssicherung in der Softwareentwicklung<\/a>\u201c, Buchbeitrag in &#8222;IT-Recht &#8211; Recht, Wirtschaft und Technik der digitalen Transformation&#8220;, C.H.Beck-Vertrag, 4. Auflage, 2021, M\u00fcnchen<\/li>\n<li>Stiemerling, Oliver: \u201e<a href=\"https:\/\/www.ecambria-experts.de\/it-sachverstaendiger\/vorgehensmodelle-und-it-projektmanagement\">Vorgehensmodelle und IT-Projektmanagement<\/a>\u201c, Buchbeitrag in &#8222;IT-Recht &#8211; Recht, Wirtschaft und Technik der digitalen Transformation&#8220;, C.H.Beck-Vertrag, 4. Auflage, 2021, M\u00fcnchen<\/li>\n<li>Stiemerling, Oliver: \u201cEinf\u00fchrung in die K\u00fcnstliche Intelligenz\u201d, Beck\u2018sches \u201eMandatshandbuch K\u00fcnstliche Intelligenz\u201c, 2020<\/li>\n<li>Stiemerling, Oliver Editorial: \u201cDas knappe und wertvolle Gut der Neutralit\u00e4t \u201d, \u201cDer Sachverst\u00e4ndige\u201d, Schwerpunktheft: Elektrotechnik und Informationstechnik, C.H. Beck Verlag, Ausgabe Juli-August 2020<\/li>\n<li>Schr\u00f6der, Tim; Stiemerling, Oliver: <a href=\"https:\/\/www.ecambria-experts.de\/it-sachverstaendiger\/agile-vorgehensweisen-in-der-informatikpraxis\">Agile Vorgehensweisen in der Informatikpraxis<\/a>, ITRB 8\/2019, Seiten 183-188<\/li>\n<li>Stiemerling, Oliver: <a href=\"https:\/\/www.ecambria-experts.de\/it-sachverstaendiger\/einfuehrung-in-das-thema-kuenstliche-intelligenz\">Einf\u00fchrung in das Thema K\u00fcnstliche Intelligenz<\/a>, Telemedicus v. 08.01.2019<\/li>\n<li>Ehinger, Patrick \/ Stiemerling, Oliver: <a href=\"https:\/\/www.ecambria-experts.de\/it-sachverstaendiger\/die-urheberrechtliche-schutzfaehigkeit-von-kuenstlicher-intelligenz-am-beispiel-von-neuronalen-netzen\">Die urheberrechtliche Schutzf\u00e4higkeit von K\u00fcnstlicher Intelligenz am Beispiel von Neuronalen Netzen<\/a>, CR 2018, S.761-770<\/li>\n<\/ul>\n<ul>\n<li>Stiemerling, Oliver: <a href=\"http:\/\/www.ecambria-experts.de\/it-sachverstaendiger\/loeschen-mission-impossible\">L\u00f6schen: Mission Impossible?<\/a>, PinG &#8211; Privacy in Germany 02.18, Seite 93 ff.<\/li>\n<\/ul>\n<ul>\n<li>Stiemerling, Oliver: <a href=\"http:\/\/www.ecambria-experts.de\/it-sachverstaendiger\/kategorisierung-und-grenzen-der-kernbereiche-effektiver-unterstuetzung-durch-it-gutachten\">Einholung von IT-Sachverst\u00e4ndigengutachten zu Software \u2013 Kategorisierung und Grenzen der Kernbereiche effektiver Unterst\u00fctzung durch IT-Gutachten<\/a>, CR 2017, Seiten 65-72<\/li>\n<\/ul>\n<ul>\n<li>Stiemerling, Oliver:\u00a0<a href=\"http:\/\/www.ecambria-experts.de\/it-sachverstaendiger\/04-2016-koeln-veroeffentlichung-von-dr-oliver-stiemerling-nutzung-von-datenraeumen-und-dateiablagen-in-unternehmen-revisionspraxis-prev-80-85\">Nutzung von Datenr\u00e4umen und Dateiablagen in Unternehmen<\/a>, Revisionspraxis PRev, Ausgabe 2 \u2013 April 2016, Seiten 80-85<\/li>\n<\/ul>\n<ul>\n<li>Werxhausen, Volker \/ Stiemerling, Oliver: <a title=\"Arbeitnehmerdatenschutz: Forensische Untersuchung von Mitarbeiter-PCs, Mobilger\u00e4ten und Servern\" href=\"http:\/\/www.ecambria-experts.de\/it-sachverstaendiger\/arbeitnehmerdatenschutz-forensische-untersuchung-von-mitarbeiter-pcs-mobilgeraeten-und-servern\">Forensische Untersuchung von Mitarbeiter-PCs, Mobilger\u00e4ten und Servern, <\/a>Datenschutz PRAXIS 02\/2016, Seiten 8-12<\/li>\n<\/ul>\n<ul>\n<li>Nebel, Jens \/ Stiemerling, Oliver, <a title=\"Aktuelle Programmiertechniken und ihr Schutz durch \u00a7 69a UrhG\" href=\"http:\/\/www.ecambria-experts.de\/it-sachverstaendiger\/aktuelle-programmiertechniken-und-ihr-schutz-durch-%c2%a7-69a-urhg\">Aktuelle Programmiertechniken und ihr Schutz durch \u00a7\u00a069a UrhG<\/a>, CR 2016, Seiten 61-69<\/li>\n<\/ul>\n<ul>\n<li>Stiemerling, Oliver: <a title=\"K\u00fcnstliche Intelligenz \u2013 Automatisierung geistiger Arbeit, Big Data und das Internet der Dinge\" href=\"http:\/\/www.ecambria-experts.de\/it-sachverstaendiger\/kuenstliche-intelligenz-automatisierung-geistiger-arbeit-big-data-und-das-internet-der-dinge\">K\u00fcnstliche Intelligenz \u2013 Automatisierung geistiger Arbeit, Big Data und das Internet der Dinge<\/a>, CR 2015, Seiten 762-765<\/li>\n<\/ul>\n<ul>\n<li>Stiemerling, Oliver:\u00a0<a title=\"Privacy by Design 2.0: Datenschutz als Softwarekomponente\" href=\"http:\/\/www.ecambria-experts.de\/it-sachverstaendiger\/privacy-by-design-2-0-datenschutz-als-softwarekomponente\">Privacy by Design 2.0: Datenschutz als Softwarekomponente<\/a>,\u00a0 Datenschutz PRAXIS 12\/2015, Seiten 14-17<\/li>\n<\/ul>\n<ul>\n<li>Stiemerling, Oliver: <a href=\"http:\/\/www.ecambria-experts.de\/it-sachverstaendiger\/mobile-arbeitsplaetze-datenschutz-fuer-digitale-nomaden\">Mobile Arbeitspl\u00e4tze- Datenschutz f\u00fcr digitale Nomaden?<\/a>, Datenschutz-PRAXIS 03\/15, Seiten 18-20.<\/li>\n<\/ul>\n<ul>\n<li>Stiemerling, Oliver: <a title=\"Unstructured, Real-Time und Big Data, Recht der Daten und Datenbanken im Unternehmen\" href=\"\/it-sachverstaendiger\/unstructured-real-time-und-big-data-recht-der-daten-und-datenbanken-im-unternehmen\">Aktuelle Herausforderungen: Unstructured, Real-Time und Big Data<\/a>, Buchbeitrag in &#8222;Recht der Daten und Datenbanken in Unternehmen&#8220;, Verlag Dr. Otto Schmidt, K\u00f6ln, Seiten 71-78.<\/li>\n<\/ul>\n<ul>\n<li>Stiemerling, Oliver: <a href=\"http:\/\/www.ecambria-experts.de\/it-sachverstaendiger\/geolokalisierung-der-personenbezug-von-standortdaten\">Geolokalisierung: Der Personenbezug von Standortdaten<\/a>, Datenschutz-PRAXIS 12\/14, Seiten 14-15.<\/li>\n<\/ul>\n<ul>\n<li>Stiemerling, Oliver: <a title=\"Grundlagen der Datenauswertung, Recht der Daten und Datenbanken im Unternehmen\" href=\"\/it-sachverstaendiger\/publikationen_grundlagen_der_datenauswertung\">Grundlagen der Datenauswertung<\/a>, Buchbeitrag in &#8222;Recht der Daten und Datenbanken in Unternehmen&#8220;, Verlag Dr. Otto Schmidt, Seiten 62-70.<\/li>\n<\/ul>\n<ul>\n<li>Stiemerling, Oliver \/ Lachenmann Matthias: <a title=\"Erhebung personenbezogener Daten beim Aufruf von Webseiten\" href=\"\/it-sachverstaendiger\/publikationen_erhebung_personenbezogener_daten_beim_aufruf_von_webseiten\">Erhebung personenbezogener Daten beim Aufruf von Webseiten<\/a>, Zeitschrift f\u00fcr Datenschutz, ZD 2014, 133-136.<\/li>\n<\/ul>\n<ul>\n<li>Stiemerling, Oliver: <a title=\"Pr\u00fcfung von IT-Systemen: So werten Sie typische IT-Dokumente aus\" href=\"http:\/\/www.ecambria-experts.de\/it-sachverstaendiger\/pruefung-von-it-systemen-so-werten-sie-typische-it-dokumente-aus\">Dokumentation von IT-Systemen<\/a>, Datenschutz-PRAXIS 10\/14, Seiten 12-13.<\/li>\n<\/ul>\n<ul>\n<li>Stiemerling, Oliver: <a title=\"Sachgerechte Verifikation bei Software-Escrow \u2013 Anforderungen an die Pr\u00fcfung von Sourcecode und Dokumentation bei der Software-Hinterlegung\" href=\"\/it-sachverstaendiger\/publikationen_software_escrow_verifikation_und_hinterlegung\">Sachgerechte Verifikation bei Software-Escrow &#8211; Anforderungen an die Pr\u00fcfung von Sourcecode und Dokumentation bei der Software-Hinterlegung<\/a>, IT-Rechtsberater 4\/2013, Seite 87-89.<\/li>\n<\/ul>\n<ul>\n<li>Stiemerling, Oliver \/ Hartung, J\u00fcrgen: <a title=\"Verschl\u00fcsselung und Datenschutz\" href=\"http:\/\/www.ecambria-experts.de\/it-sachverstaendiger\/verschluesselung-und-datenschutz\">Verschl\u00fcsselung und Datenschutz<\/a>, Datenschutz-PRAXIS 02\/13, Seite 10.<\/li>\n<\/ul>\n<ul>\n<li>Stiemerling, Oliver: <a href=\"https:\/\/www.ecambria-experts.de\/it-sachverstaendiger\/publikationen_moderne_softwareentwicklungsmethoden\">Moderne Softwareentwicklungsmethoden und ihre Konsequenzen f\u00fcr den Softwareschutz<\/a>, Jahrbuch 2011 der Deutschen Gesellschaft f\u00fcr Recht und Informatik e.V., Seiten 201-218<\/li>\n<\/ul>\n<ul>\n<li>Stiemerling, Oliver \/ Hartung, J\u00fcrgen: <a href=\"https:\/\/www.ecambria-experts.de\/it-sachverstaendiger\/publikationen_verschluesselung\">Datenschutz und Verschl\u00fcsselung<\/a>, CR 1\/2012, 60-68<\/li>\n<\/ul>\n<ul>\n<li>Stiemerling, Oliver: <a href=\"https:\/\/www.ecambria-experts.de\/it-sachverstaendiger\/publikationen_dokumentation\">Dokumentation von Software<\/a>, ITRB 2011, 286-290<\/li>\n<\/ul>\n<ul>\n<li>Hartung, J\u00fcrgen \/ Stiemerling, Oliver: <a href=\"https:\/\/www.ecambria-experts.de\/it-sachverstaendiger\/publikationen_sla_kriterien\">Die effektive Vereinbarung und Messung von Service Level-Kriterien<\/a>, CR 9\/2011, 617-624<\/li>\n<\/ul>\n<ul>\n<li>Stiemerling, Oliver; Schneider, Jan: <a href=\"https:\/\/www.ecambria-experts.de\/it-sachverstaendiger\/publikationen_antwortzeitverhalten\">Vertragliche Regelungen zum Antwortzeitverhalten interaktiver Computersysteme<\/a>, CR 2011, 345-351<\/li>\n<\/ul>\n<ul>\n<li>Stiemerling, Oliver: <a href=\"https:\/\/www.ecambria-experts.de\/it-sachverstaendiger\/publikationen_projekt_methoden\">Das IT-Projekt im Konflikt mit dem vertraglich definierten Regelwerk &#8211; Hinweise aus Sicht der Informatikpraxis<\/a>, ITRB 12\/2010, Seite 289-291<\/li>\n<\/ul>\n<ul>\n<li>Laue, Philip; Stiemerling, Oliver: <a href=\"https:\/\/www.ecambria-experts.de\/it-sachverstaendiger\/publikationen_sicherheit\">Identit\u00e4ts- und Zugriffsmanagement f\u00fcr Cloud Computing Anwendungen &#8211; Technisch-organsatorische Probleme, rechtliche Risiken und L\u00f6sungsans\u00e4tze<\/a>, DuD 10\/2010, Seite 692-697<\/li>\n<\/ul>\n<ul>\n<li>Stiemerling, Oliver; Hirschmeier, Markus: <a href=\"https:\/\/www.ecambria-experts.de\/it-sachverstaendiger\/publikationen_software_as_a_service_cloud\">Software as a Service in der Praxis &#8211; Typische Konfliktfelder und Regelungsbedarf<\/a>, ITRB 6\/2010, Seite 146-147<\/li>\n<\/ul>\n<ul>\n<li>Stiemerling, Oliver: <a href=\"https:\/\/www.ecambria-experts.de\/it-sachverstaendiger\/publikationen_usability_documentation\">Software Usability &#8211; Ver\u00e4nderte Anspr\u00fcche an Programm und Dokumentation: Ber\u00fccksichtigung im IT-Vertrag und Bewertung im Rechtsstreit<\/a>, ITRB 7\/2009, Seite 154-158<\/li>\n<\/ul>\n<h3 class=\"main-subtitle\">Weitere\u00a0Ver\u00f6ffentlichungen<\/h3>\n<ul>\n<li>Stiemerling, Oliver: <em>Der wirtschaftliche Wert flexibler Softwaresysteme<\/em>, Internationale Konferenz Wirtschaftinformatik 2003, Dresden, 17.9.-19.9.2003.<\/li>\n<li>Stiemerling, Oliver: <em>Web-Services als Basis f\u00fcr evolvierbare Softwaresysteme<\/em>, in: Wirtschaftinformatik 44 \u2013 5\/2002, Hrsg. Sinz und Mertens, S. 435-445<\/li>\n<li>Stiemerling, Oliver; Hallenberger, Michael; Cremers, Armin B.: <em>A 3D-Interface for the Administration of Distributed, Component-Based Systems<\/em>, International Symposium of Decentralized Autonomous Systems, Dallas, 2001, IEEE Press, pp. 119-126<\/li>\n<li>Stiemerling, Oliver: <em>Component-Based Tailorability<\/em>, Dissertation, Institut f\u00fcr Informatik, Universit\u00e4t Bonn, Juli 2000.<\/li>\n<li>Stiemerling, Oliver; Cremers, Armin B.: <em>The EVOLVE Project: Component-Based Tailorability for CSCW Applications<\/em>, AI &amp; Society, 14, Springer-Verlag London Limited, 2000, pp. 120-141.<\/li>\n<li>Stiemerling, Oliver; Hinken, Ralph; Cremers, Armin B.: <em>The EVOLVE Tailoring Platform: Supporting the Evolution of Component-Based Groupware<\/em>, in: Proceedings of EDOC&#8217;99, IEEE Press, Mannheim, Sept. 27.-30., 1999, pp. 106-115.<\/li>\n<li>Stiemerling, Oliver; Hinken, Ralph; Cremers, Armin B.: <em>Distributed Component-Based Tailorability for CSCW Applications<\/em>, in: Proceedings of the ISADS &#8217;99, IEEE Press, Tokyo, Mar. 20-23, 1999, pp. 345-352.<\/li>\n<li>Stiemerling, Oliver; Cremers, Armin B.: <em>The Use of Cooperation Scenarios in the Design and Evaluation of a CSCW System<\/em>, in: IEEE Transactions on Software Engineering, vol. 24, pp. 1171-1181, 1998.<\/li>\n<li>Stiemerling, Oliver; Wulf, Volker; Cremers, Armin B.; Fervers, Dirk; Fuchs-Frohnhofen, Paul; Gibbs, Bob; Abrahams, Linda; Harvery, Jackey; Johnson, Signy; Ludovisa, Fiorina; Petrischek, G\u00fcnther; Ruckenstuhl, Reinhard: <em>The PEVL Project &#8211; People Empowerment and Virtual Learning<\/em>, in Proceedings of the Workforce Development Conference, May 11.-13., 1998<\/li>\n<li>Stiemerling, Oliver; Wulf, Volker: <em>Beyond &#8218;Yes or No&#8216; &#8211; Extending Access Control in Groupware with Negotiation and Awareness<\/em>, in: Proceedings of COOP &#8217;98, 26.-29.5.98, Cannes, France, pp. 111-120.<\/li>\n<li>Sikkel, Klaas; Stiemerling, Oliver: <em>User-Oriented Authorization in Collaborative Environments<\/em>, in: Proceedings of COOP &#8217;98, 26.-29.5.98, Cannes, France, pp. 175-183.<\/li>\n<li>Stiemerling, Oliver: Komponentenbasierte Anpa\u00dfbarkeit von Groupware, Proceedings of DCSCW \u201998, Dortmund, pp. 225-236.<\/li>\n<li>Stiemerling, Oliver; Wulf, Volker; Cremers, Armin B., Buelens, Christine; Boulliard, Gert; Maidhoff, Martin; Peters, Ralph; Bancroft, Clive; Fricker, Francis; Durand, Charles: <em>TransIT &#8211; Investigating SME co-operation across borders in Europe<\/em>, SIGGROUP-Bulletin, August 1998, pp. 35-37.<\/li>\n<li>Stiemerling, Oliver; Cremers, Armin B.: <em>Tailorable Component Architectures for CSCW Systems<\/em>, in: Proceedings of the 6th Euromicro Workshop on Parallel and Distributed Programming, Jan 21-24, 1998, Madrid, Spain, IEEE Press, pp. 302-308.<\/li>\n<li>Pfeifer, Andreas; Stiemerling, Oliver: <em>Konfiguration des Informationsdienstes in Groupware<\/em>, in: Proceedings of the 3. Internationale Tagung Wirtschaftsinformatik, 26.-28.2.97, Berlin,Germany, 1997, pp. 263-280.<\/li>\n<li>Stiemerling, Oliver; Kahler, Helge; Wulf, Volker: <em>How to Make Software Softer &#8211; Designing Tailorable Applications<\/em>, in: Proceedings of the DIS (Designing Interactive Systems) &#8217;97 , 17.-20.8.1997, Amsterdam, ACM Press 1997 , pp. 365-376.<\/li>\n<li>Stiemerling, Oliver: <em>Supporting Tailorability in Groupware through Component Architectures<\/em>, in: Proceedings of the ECSCW &#8217;97 Workshop on Object Oriented Groupware Platforms, September 7th 1997, Lancaster, GB, ISBN 90-75176-13-9, pp. 53-57.<\/li>\n<li>Kahler, Helge; Stiemerling, Oliver: <em>Einf\u00fchrung eines CSCW-Systems zur Kooperationsunterst\u00fctzung im Komponentenentwicklungsproze\u00df<\/em>. In: Industrie Management 6\/97, S. 52-55.<\/li>\n<\/ul>\n","protected":false},"excerpt":{"rendered":"<p>Ver\u00f6ffentlichungen Die Gutachter und Sachverst\u00e4ndigen der ecambria systems GmbH publizieren regelm\u00e4\u00dfig in der technischen und juristischen Fachpresse. Themen an der Schnittstelle von Informatik und Recht Stiemerling, Oliver: &#8222;Was ist ein KI-System im Sinne der KI-VO? \u2013 Erste Ans\u00e4tze zur praktischen Abgrenzung \u201enormaler\u201c Systeme der Informationsverarbeitung\u201c, Verlag Dr. Otto Schmidt, K\u00f6ln,&#8230;<\/p>\n","protected":false},"author":1,"featured_media":0,"parent":0,"menu_order":0,"comment_status":"closed","ping_status":"closed","template":"","meta":{"inline_featured_image":false,"footnotes":""},"class_list":["post-183","page","type-page","status-publish","hentry"],"yoast_head":"<!-- This site is optimized with the Yoast SEO plugin v25.4 - https:\/\/yoast.com\/wordpress\/plugins\/seo\/ -->\n<title>Ver\u00f6ffentlichungen - ecambria experts<\/title>\n<meta name=\"robots\" content=\"index, follow, max-snippet:-1, max-image-preview:large, max-video-preview:-1\" \/>\n<link rel=\"canonical\" href=\"https:\/\/www.ecambria-experts.de\/it-sachverstaendiger\/publikationen\" \/>\n<meta property=\"og:locale\" content=\"de_DE\" \/>\n<meta property=\"og:type\" content=\"article\" \/>\n<meta property=\"og:title\" content=\"Ver\u00f6ffentlichungen - ecambria experts\" \/>\n<meta property=\"og:description\" content=\"Ver\u00f6ffentlichungen Die Gutachter und Sachverst\u00e4ndigen der ecambria systems GmbH publizieren regelm\u00e4\u00dfig in der technischen und juristischen Fachpresse. Themen an der Schnittstelle von Informatik und Recht Stiemerling, Oliver: &#8222;Was ist ein KI-System im Sinne der KI-VO? \u2013 Erste Ans\u00e4tze zur praktischen Abgrenzung \u201enormaler\u201c Systeme der Informationsverarbeitung\u201c, Verlag Dr. Otto Schmidt, K\u00f6ln,...\" \/>\n<meta property=\"og:url\" content=\"https:\/\/www.ecambria-experts.de\/it-sachverstaendiger\/publikationen\" \/>\n<meta property=\"og:site_name\" content=\"ecambria experts\" \/>\n<meta property=\"article:modified_time\" content=\"2025-07-08T07:48:59+00:00\" \/>\n<meta name=\"twitter:card\" content=\"summary_large_image\" \/>\n<meta name=\"twitter:label1\" content=\"Gesch\u00e4tzte Lesezeit\" \/>\n\t<meta name=\"twitter:data1\" content=\"6\u00a0Minuten\" \/>\n<script type=\"application\/ld+json\" class=\"yoast-schema-graph\">{\"@context\":\"https:\/\/schema.org\",\"@graph\":[{\"@type\":\"WebPage\",\"@id\":\"https:\/\/www.ecambria-experts.de\/it-sachverstaendiger\/publikationen\",\"url\":\"https:\/\/www.ecambria-experts.de\/it-sachverstaendiger\/publikationen\",\"name\":\"Ver\u00f6ffentlichungen - ecambria experts\",\"isPartOf\":{\"@id\":\"https:\/\/www.ecambria-experts.de\/it-sachverstaendiger\/#website\"},\"datePublished\":\"2014-12-22T10:16:41+00:00\",\"dateModified\":\"2025-07-08T07:48:59+00:00\",\"breadcrumb\":{\"@id\":\"https:\/\/www.ecambria-experts.de\/it-sachverstaendiger\/publikationen#breadcrumb\"},\"inLanguage\":\"de\",\"potentialAction\":[{\"@type\":\"ReadAction\",\"target\":[\"https:\/\/www.ecambria-experts.de\/it-sachverstaendiger\/publikationen\"]}]},{\"@type\":\"BreadcrumbList\",\"@id\":\"https:\/\/www.ecambria-experts.de\/it-sachverstaendiger\/publikationen#breadcrumb\",\"itemListElement\":[{\"@type\":\"ListItem\",\"position\":1,\"name\":\"Startseite\",\"item\":\"https:\/\/www.ecambria-experts.de\/it-sachverstaendiger\/\"},{\"@type\":\"ListItem\",\"position\":2,\"name\":\"Ver\u00f6ffentlichungen\"}]},{\"@type\":\"WebSite\",\"@id\":\"https:\/\/www.ecambria-experts.de\/it-sachverstaendiger\/#website\",\"url\":\"https:\/\/www.ecambria-experts.de\/it-sachverstaendiger\/\",\"name\":\"ecambria experts\",\"description\":\"IT-Sachverst\u00e4ndige und Gutachter, Bewertung, Gerichtsgutachten, Privatgutachten, Schlichtung\",\"publisher\":{\"@id\":\"https:\/\/www.ecambria-experts.de\/it-sachverstaendiger\/#organization\"},\"potentialAction\":[{\"@type\":\"SearchAction\",\"target\":{\"@type\":\"EntryPoint\",\"urlTemplate\":\"https:\/\/www.ecambria-experts.de\/it-sachverstaendiger\/?s={search_term_string}\"},\"query-input\":{\"@type\":\"PropertyValueSpecification\",\"valueRequired\":true,\"valueName\":\"search_term_string\"}}],\"inLanguage\":\"de\"},{\"@type\":\"Organization\",\"@id\":\"https:\/\/www.ecambria-experts.de\/it-sachverstaendiger\/#organization\",\"name\":\"ecambria experts\",\"url\":\"https:\/\/www.ecambria-experts.de\/it-sachverstaendiger\/\",\"logo\":{\"@type\":\"ImageObject\",\"inLanguage\":\"de\",\"@id\":\"https:\/\/www.ecambria-experts.de\/it-sachverstaendiger\/#\/schema\/logo\/image\/\",\"url\":\"https:\/\/www.ecambria-experts.de\/it-sachverstaendiger\/wp-content\/uploads\/2025\/09\/ecambria_experts_logo_ohne_rand.svg\",\"contentUrl\":\"https:\/\/www.ecambria-experts.de\/it-sachverstaendiger\/wp-content\/uploads\/2025\/09\/ecambria_experts_logo_ohne_rand.svg\",\"width\":369,\"height\":60,\"caption\":\"ecambria experts\"},\"image\":{\"@id\":\"https:\/\/www.ecambria-experts.de\/it-sachverstaendiger\/#\/schema\/logo\/image\/\"}}]}<\/script>\n<!-- \/ Yoast SEO plugin. -->","yoast_head_json":{"title":"Ver\u00f6ffentlichungen - ecambria experts","robots":{"index":"index","follow":"follow","max-snippet":"max-snippet:-1","max-image-preview":"max-image-preview:large","max-video-preview":"max-video-preview:-1"},"canonical":"https:\/\/www.ecambria-experts.de\/it-sachverstaendiger\/publikationen","og_locale":"de_DE","og_type":"article","og_title":"Ver\u00f6ffentlichungen - ecambria experts","og_description":"Ver\u00f6ffentlichungen Die Gutachter und Sachverst\u00e4ndigen der ecambria systems GmbH publizieren regelm\u00e4\u00dfig in der technischen und juristischen Fachpresse. Themen an der Schnittstelle von Informatik und Recht Stiemerling, Oliver: &#8222;Was ist ein KI-System im Sinne der KI-VO? \u2013 Erste Ans\u00e4tze zur praktischen Abgrenzung \u201enormaler\u201c Systeme der Informationsverarbeitung\u201c, Verlag Dr. Otto Schmidt, K\u00f6ln,...","og_url":"https:\/\/www.ecambria-experts.de\/it-sachverstaendiger\/publikationen","og_site_name":"ecambria experts","article_modified_time":"2025-07-08T07:48:59+00:00","twitter_card":"summary_large_image","twitter_misc":{"Gesch\u00e4tzte Lesezeit":"6\u00a0Minuten"},"schema":{"@context":"https:\/\/schema.org","@graph":[{"@type":"WebPage","@id":"https:\/\/www.ecambria-experts.de\/it-sachverstaendiger\/publikationen","url":"https:\/\/www.ecambria-experts.de\/it-sachverstaendiger\/publikationen","name":"Ver\u00f6ffentlichungen - ecambria experts","isPartOf":{"@id":"https:\/\/www.ecambria-experts.de\/it-sachverstaendiger\/#website"},"datePublished":"2014-12-22T10:16:41+00:00","dateModified":"2025-07-08T07:48:59+00:00","breadcrumb":{"@id":"https:\/\/www.ecambria-experts.de\/it-sachverstaendiger\/publikationen#breadcrumb"},"inLanguage":"de","potentialAction":[{"@type":"ReadAction","target":["https:\/\/www.ecambria-experts.de\/it-sachverstaendiger\/publikationen"]}]},{"@type":"BreadcrumbList","@id":"https:\/\/www.ecambria-experts.de\/it-sachverstaendiger\/publikationen#breadcrumb","itemListElement":[{"@type":"ListItem","position":1,"name":"Startseite","item":"https:\/\/www.ecambria-experts.de\/it-sachverstaendiger\/"},{"@type":"ListItem","position":2,"name":"Ver\u00f6ffentlichungen"}]},{"@type":"WebSite","@id":"https:\/\/www.ecambria-experts.de\/it-sachverstaendiger\/#website","url":"https:\/\/www.ecambria-experts.de\/it-sachverstaendiger\/","name":"ecambria experts","description":"IT-Sachverst\u00e4ndige und Gutachter, Bewertung, Gerichtsgutachten, Privatgutachten, Schlichtung","publisher":{"@id":"https:\/\/www.ecambria-experts.de\/it-sachverstaendiger\/#organization"},"potentialAction":[{"@type":"SearchAction","target":{"@type":"EntryPoint","urlTemplate":"https:\/\/www.ecambria-experts.de\/it-sachverstaendiger\/?s={search_term_string}"},"query-input":{"@type":"PropertyValueSpecification","valueRequired":true,"valueName":"search_term_string"}}],"inLanguage":"de"},{"@type":"Organization","@id":"https:\/\/www.ecambria-experts.de\/it-sachverstaendiger\/#organization","name":"ecambria experts","url":"https:\/\/www.ecambria-experts.de\/it-sachverstaendiger\/","logo":{"@type":"ImageObject","inLanguage":"de","@id":"https:\/\/www.ecambria-experts.de\/it-sachverstaendiger\/#\/schema\/logo\/image\/","url":"https:\/\/www.ecambria-experts.de\/it-sachverstaendiger\/wp-content\/uploads\/2025\/09\/ecambria_experts_logo_ohne_rand.svg","contentUrl":"https:\/\/www.ecambria-experts.de\/it-sachverstaendiger\/wp-content\/uploads\/2025\/09\/ecambria_experts_logo_ohne_rand.svg","width":369,"height":60,"caption":"ecambria experts"},"image":{"@id":"https:\/\/www.ecambria-experts.de\/it-sachverstaendiger\/#\/schema\/logo\/image\/"}}]}},"_links":{"self":[{"href":"https:\/\/www.ecambria-experts.de\/it-sachverstaendiger\/wp-json\/wp\/v2\/pages\/183","targetHints":{"allow":["GET"]}}],"collection":[{"href":"https:\/\/www.ecambria-experts.de\/it-sachverstaendiger\/wp-json\/wp\/v2\/pages"}],"about":[{"href":"https:\/\/www.ecambria-experts.de\/it-sachverstaendiger\/wp-json\/wp\/v2\/types\/page"}],"author":[{"embeddable":true,"href":"https:\/\/www.ecambria-experts.de\/it-sachverstaendiger\/wp-json\/wp\/v2\/users\/1"}],"replies":[{"embeddable":true,"href":"https:\/\/www.ecambria-experts.de\/it-sachverstaendiger\/wp-json\/wp\/v2\/comments?post=183"}],"version-history":[{"count":40,"href":"https:\/\/www.ecambria-experts.de\/it-sachverstaendiger\/wp-json\/wp\/v2\/pages\/183\/revisions"}],"predecessor-version":[{"id":1589,"href":"https:\/\/www.ecambria-experts.de\/it-sachverstaendiger\/wp-json\/wp\/v2\/pages\/183\/revisions\/1589"}],"wp:attachment":[{"href":"https:\/\/www.ecambria-experts.de\/it-sachverstaendiger\/wp-json\/wp\/v2\/media?parent=183"}],"curies":[{"name":"wp","href":"https:\/\/api.w.org\/{rel}","templated":true}]}}