{"id":188,"date":"2014-12-22T12:21:39","date_gmt":"2014-12-22T10:21:39","guid":{"rendered":"http:\/\/www.the-only-thing-constant.com\/it-sachverstaendiger\/?page_id=188"},"modified":"2016-03-01T16:01:20","modified_gmt":"2016-03-01T15:01:20","slug":"publikationen_software_as_a_service_cloud","status":"publish","type":"page","link":"https:\/\/www.ecambria-experts.de\/it-sachverstaendiger\/publikationen_software_as_a_service_cloud","title":{"rendered":"Software as a Service in der Praxis &#8211; Typische Konfliktfelder und Regelungsbedarf"},"content":{"rendered":"<p><em>Stiemerling, Oliver \/ Hirschmeier, Markus:<\/em> <strong>Software as a Service in der Praxis &#8211; Typische Konfliktfelder und Regelungsbedarf<\/strong>, ITRB 6\/2010, Seite 146-147<\/p>\n<p><strong>Abstrakt<\/strong><\/p>\n<p>Software as a Service (SaaS) ist im Begriff, sich zu einem etablierten Bereitstellungsmodell f\u00fcr Anwendungssoftware zu entwickeln. Als technologischer Nachfolger des Applikation Service Providing (ASP) hat die Bereitstellung von Anwendungssoftware \u00fcber das Internet oder andere elektronische Netzwerke in stark standardisierbaren Bereichen wie zum Beispiel der Vertriebsunterst\u00fctzung oder dem Online-Backup bereits Einzug in viele Unternehmen gehalten.<br \/>\nDieser Beitrag zeigt Besonderheiten des Software as a Service-Modells auf, die in der Praxis oft zu Konflikten f\u00fchren und deshalb bereits bei Vertragsabschluss bedacht und ber\u00fccksichtigt werden m\u00fcssen. Die Darstellung basiert auf der Mitwirkung der Autoren bei SaaS-Projekten und gutachterlicher T\u00e4tigkeit bei gerichtlichen Streitigkeiten in diesem Bereich.<\/p>\n<p>Der vollst\u00e4ndige Artikel ist erh\u00e4ltlich beim <a href=\"http:\/\/www.otto-schmidt.de\/\" target=\"_blank\">Verlag Dr. Otto Schmidt <\/a>in K\u00f6ln.<\/p>\n","protected":false},"excerpt":{"rendered":"<p>Stiemerling, Oliver \/ Hirschmeier, Markus: Software as a Service in der Praxis &#8211; Typische Konfliktfelder und Regelungsbedarf, ITRB 6\/2010, Seite 146-147 Abstrakt Software as a Service (SaaS) ist im Begriff, sich zu einem etablierten Bereitstellungsmodell f\u00fcr Anwendungssoftware zu entwickeln. Als technologischer Nachfolger des Applikation Service Providing (ASP) hat die Bereitstellung&#8230;<\/p>\n","protected":false},"author":1,"featured_media":0,"parent":0,"menu_order":0,"comment_status":"closed","ping_status":"closed","template":"page-templates\/full-width.php","meta":{"inline_featured_image":false,"footnotes":""},"class_list":["post-188","page","type-page","status-publish","hentry"],"yoast_head":"<!-- This site is optimized with the Yoast SEO plugin v25.4 - https:\/\/yoast.com\/wordpress\/plugins\/seo\/ -->\n<title>Software as a Service in der Praxis - Typische Konfliktfelder und Regelungsbedarf - ecambria experts<\/title>\n<meta name=\"robots\" content=\"index, follow, max-snippet:-1, max-image-preview:large, max-video-preview:-1\" \/>\n<link rel=\"canonical\" href=\"https:\/\/www.ecambria-experts.de\/it-sachverstaendiger\/publikationen_software_as_a_service_cloud\" \/>\n<meta property=\"og:locale\" content=\"de_DE\" \/>\n<meta property=\"og:type\" content=\"article\" \/>\n<meta property=\"og:title\" content=\"Software as a Service in der Praxis - Typische Konfliktfelder und Regelungsbedarf - ecambria experts\" \/>\n<meta property=\"og:description\" content=\"Stiemerling, Oliver \/ Hirschmeier, Markus: Software as a Service in der Praxis &#8211; Typische Konfliktfelder und Regelungsbedarf, ITRB 6\/2010, Seite 146-147 Abstrakt Software as a Service (SaaS) ist im Begriff, sich zu einem etablierten Bereitstellungsmodell f\u00fcr Anwendungssoftware zu entwickeln. Als technologischer Nachfolger des Applikation Service Providing (ASP) hat die Bereitstellung...\" \/>\n<meta property=\"og:url\" content=\"https:\/\/www.ecambria-experts.de\/it-sachverstaendiger\/publikationen_software_as_a_service_cloud\" \/>\n<meta property=\"og:site_name\" content=\"ecambria experts\" \/>\n<meta property=\"article:modified_time\" content=\"2016-03-01T15:01:20+00:00\" \/>\n<meta name=\"twitter:card\" content=\"summary_large_image\" \/>\n<meta name=\"twitter:label1\" content=\"Gesch\u00e4tzte Lesezeit\" \/>\n\t<meta name=\"twitter:data1\" content=\"1\u00a0Minute\" \/>\n<script type=\"application\/ld+json\" class=\"yoast-schema-graph\">{\"@context\":\"https:\/\/schema.org\",\"@graph\":[{\"@type\":\"WebPage\",\"@id\":\"https:\/\/www.ecambria-experts.de\/it-sachverstaendiger\/publikationen_software_as_a_service_cloud\",\"url\":\"https:\/\/www.ecambria-experts.de\/it-sachverstaendiger\/publikationen_software_as_a_service_cloud\",\"name\":\"Software as a Service in der Praxis - Typische Konfliktfelder und Regelungsbedarf - ecambria experts\",\"isPartOf\":{\"@id\":\"https:\/\/www.ecambria-experts.de\/it-sachverstaendiger\/#website\"},\"datePublished\":\"2014-12-22T10:21:39+00:00\",\"dateModified\":\"2016-03-01T15:01:20+00:00\",\"breadcrumb\":{\"@id\":\"https:\/\/www.ecambria-experts.de\/it-sachverstaendiger\/publikationen_software_as_a_service_cloud#breadcrumb\"},\"inLanguage\":\"de\",\"potentialAction\":[{\"@type\":\"ReadAction\",\"target\":[\"https:\/\/www.ecambria-experts.de\/it-sachverstaendiger\/publikationen_software_as_a_service_cloud\"]}]},{\"@type\":\"BreadcrumbList\",\"@id\":\"https:\/\/www.ecambria-experts.de\/it-sachverstaendiger\/publikationen_software_as_a_service_cloud#breadcrumb\",\"itemListElement\":[{\"@type\":\"ListItem\",\"position\":1,\"name\":\"Startseite\",\"item\":\"https:\/\/www.ecambria-experts.de\/it-sachverstaendiger\/\"},{\"@type\":\"ListItem\",\"position\":2,\"name\":\"Software as a Service in der Praxis &#8211; Typische Konfliktfelder und Regelungsbedarf\"}]},{\"@type\":\"WebSite\",\"@id\":\"https:\/\/www.ecambria-experts.de\/it-sachverstaendiger\/#website\",\"url\":\"https:\/\/www.ecambria-experts.de\/it-sachverstaendiger\/\",\"name\":\"ecambria experts\",\"description\":\"IT-Sachverst\u00e4ndige und Gutachter, Bewertung, Gerichtsgutachten, Privatgutachten, Schlichtung\",\"publisher\":{\"@id\":\"https:\/\/www.ecambria-experts.de\/it-sachverstaendiger\/#organization\"},\"potentialAction\":[{\"@type\":\"SearchAction\",\"target\":{\"@type\":\"EntryPoint\",\"urlTemplate\":\"https:\/\/www.ecambria-experts.de\/it-sachverstaendiger\/?s={search_term_string}\"},\"query-input\":{\"@type\":\"PropertyValueSpecification\",\"valueRequired\":true,\"valueName\":\"search_term_string\"}}],\"inLanguage\":\"de\"},{\"@type\":\"Organization\",\"@id\":\"https:\/\/www.ecambria-experts.de\/it-sachverstaendiger\/#organization\",\"name\":\"ecambria experts\",\"url\":\"https:\/\/www.ecambria-experts.de\/it-sachverstaendiger\/\",\"logo\":{\"@type\":\"ImageObject\",\"inLanguage\":\"de\",\"@id\":\"https:\/\/www.ecambria-experts.de\/it-sachverstaendiger\/#\/schema\/logo\/image\/\",\"url\":\"https:\/\/www.ecambria-experts.de\/it-sachverstaendiger\/wp-content\/uploads\/2025\/09\/ecambria_experts_logo_ohne_rand.svg\",\"contentUrl\":\"https:\/\/www.ecambria-experts.de\/it-sachverstaendiger\/wp-content\/uploads\/2025\/09\/ecambria_experts_logo_ohne_rand.svg\",\"width\":369,\"height\":60,\"caption\":\"ecambria experts\"},\"image\":{\"@id\":\"https:\/\/www.ecambria-experts.de\/it-sachverstaendiger\/#\/schema\/logo\/image\/\"}}]}<\/script>\n<!-- \/ Yoast SEO plugin. -->","yoast_head_json":{"title":"Software as a Service in der Praxis - Typische Konfliktfelder und Regelungsbedarf - ecambria experts","robots":{"index":"index","follow":"follow","max-snippet":"max-snippet:-1","max-image-preview":"max-image-preview:large","max-video-preview":"max-video-preview:-1"},"canonical":"https:\/\/www.ecambria-experts.de\/it-sachverstaendiger\/publikationen_software_as_a_service_cloud","og_locale":"de_DE","og_type":"article","og_title":"Software as a Service in der Praxis - Typische Konfliktfelder und Regelungsbedarf - ecambria experts","og_description":"Stiemerling, Oliver \/ Hirschmeier, Markus: Software as a Service in der Praxis &#8211; Typische Konfliktfelder und Regelungsbedarf, ITRB 6\/2010, Seite 146-147 Abstrakt Software as a Service (SaaS) ist im Begriff, sich zu einem etablierten Bereitstellungsmodell f\u00fcr Anwendungssoftware zu entwickeln. Als technologischer Nachfolger des Applikation Service Providing (ASP) hat die Bereitstellung...","og_url":"https:\/\/www.ecambria-experts.de\/it-sachverstaendiger\/publikationen_software_as_a_service_cloud","og_site_name":"ecambria experts","article_modified_time":"2016-03-01T15:01:20+00:00","twitter_card":"summary_large_image","twitter_misc":{"Gesch\u00e4tzte Lesezeit":"1\u00a0Minute"},"schema":{"@context":"https:\/\/schema.org","@graph":[{"@type":"WebPage","@id":"https:\/\/www.ecambria-experts.de\/it-sachverstaendiger\/publikationen_software_as_a_service_cloud","url":"https:\/\/www.ecambria-experts.de\/it-sachverstaendiger\/publikationen_software_as_a_service_cloud","name":"Software as a Service in der Praxis - Typische Konfliktfelder und Regelungsbedarf - ecambria experts","isPartOf":{"@id":"https:\/\/www.ecambria-experts.de\/it-sachverstaendiger\/#website"},"datePublished":"2014-12-22T10:21:39+00:00","dateModified":"2016-03-01T15:01:20+00:00","breadcrumb":{"@id":"https:\/\/www.ecambria-experts.de\/it-sachverstaendiger\/publikationen_software_as_a_service_cloud#breadcrumb"},"inLanguage":"de","potentialAction":[{"@type":"ReadAction","target":["https:\/\/www.ecambria-experts.de\/it-sachverstaendiger\/publikationen_software_as_a_service_cloud"]}]},{"@type":"BreadcrumbList","@id":"https:\/\/www.ecambria-experts.de\/it-sachverstaendiger\/publikationen_software_as_a_service_cloud#breadcrumb","itemListElement":[{"@type":"ListItem","position":1,"name":"Startseite","item":"https:\/\/www.ecambria-experts.de\/it-sachverstaendiger\/"},{"@type":"ListItem","position":2,"name":"Software as a Service in der Praxis &#8211; Typische Konfliktfelder und Regelungsbedarf"}]},{"@type":"WebSite","@id":"https:\/\/www.ecambria-experts.de\/it-sachverstaendiger\/#website","url":"https:\/\/www.ecambria-experts.de\/it-sachverstaendiger\/","name":"ecambria experts","description":"IT-Sachverst\u00e4ndige und Gutachter, Bewertung, Gerichtsgutachten, Privatgutachten, Schlichtung","publisher":{"@id":"https:\/\/www.ecambria-experts.de\/it-sachverstaendiger\/#organization"},"potentialAction":[{"@type":"SearchAction","target":{"@type":"EntryPoint","urlTemplate":"https:\/\/www.ecambria-experts.de\/it-sachverstaendiger\/?s={search_term_string}"},"query-input":{"@type":"PropertyValueSpecification","valueRequired":true,"valueName":"search_term_string"}}],"inLanguage":"de"},{"@type":"Organization","@id":"https:\/\/www.ecambria-experts.de\/it-sachverstaendiger\/#organization","name":"ecambria experts","url":"https:\/\/www.ecambria-experts.de\/it-sachverstaendiger\/","logo":{"@type":"ImageObject","inLanguage":"de","@id":"https:\/\/www.ecambria-experts.de\/it-sachverstaendiger\/#\/schema\/logo\/image\/","url":"https:\/\/www.ecambria-experts.de\/it-sachverstaendiger\/wp-content\/uploads\/2025\/09\/ecambria_experts_logo_ohne_rand.svg","contentUrl":"https:\/\/www.ecambria-experts.de\/it-sachverstaendiger\/wp-content\/uploads\/2025\/09\/ecambria_experts_logo_ohne_rand.svg","width":369,"height":60,"caption":"ecambria experts"},"image":{"@id":"https:\/\/www.ecambria-experts.de\/it-sachverstaendiger\/#\/schema\/logo\/image\/"}}]}},"_links":{"self":[{"href":"https:\/\/www.ecambria-experts.de\/it-sachverstaendiger\/wp-json\/wp\/v2\/pages\/188","targetHints":{"allow":["GET"]}}],"collection":[{"href":"https:\/\/www.ecambria-experts.de\/it-sachverstaendiger\/wp-json\/wp\/v2\/pages"}],"about":[{"href":"https:\/\/www.ecambria-experts.de\/it-sachverstaendiger\/wp-json\/wp\/v2\/types\/page"}],"author":[{"embeddable":true,"href":"https:\/\/www.ecambria-experts.de\/it-sachverstaendiger\/wp-json\/wp\/v2\/users\/1"}],"replies":[{"embeddable":true,"href":"https:\/\/www.ecambria-experts.de\/it-sachverstaendiger\/wp-json\/wp\/v2\/comments?post=188"}],"version-history":[{"count":3,"href":"https:\/\/www.ecambria-experts.de\/it-sachverstaendiger\/wp-json\/wp\/v2\/pages\/188\/revisions"}],"predecessor-version":[{"id":617,"href":"https:\/\/www.ecambria-experts.de\/it-sachverstaendiger\/wp-json\/wp\/v2\/pages\/188\/revisions\/617"}],"wp:attachment":[{"href":"https:\/\/www.ecambria-experts.de\/it-sachverstaendiger\/wp-json\/wp\/v2\/media?parent=188"}],"curies":[{"name":"wp","href":"https:\/\/api.w.org\/{rel}","templated":true}]}}