{"id":190,"date":"2014-12-22T12:22:24","date_gmt":"2014-12-22T10:22:24","guid":{"rendered":"http:\/\/www.the-only-thing-constant.com\/it-sachverstaendiger\/?page_id=190"},"modified":"2017-05-15T13:44:53","modified_gmt":"2017-05-15T12:44:53","slug":"publikationen_sicherheit","status":"publish","type":"page","link":"https:\/\/www.ecambria-experts.de\/it-sachverstaendiger\/publikationen_sicherheit","title":{"rendered":"Identit\u00e4ts- und Zugriffsmanagement f\u00fcr Cloud Computing Anwendungen &#8211; Technisch-organsatorische Probleme, rechtliche Risiken und L\u00f6sungsans\u00e4tze"},"content":{"rendered":"<p><em>Laue, Philip \/ Stiemerling, Oliver: <\/em><strong>Identit\u00e4ts- und Zugriffsmanagement f\u00fcr Cloud Computing Anwendungen &#8211; Technisch-organsatorische Probleme, rechtliche Risiken und L\u00f6sungsans\u00e4tze,<\/strong> DuD 10\/2010, 692-697<\/p>\n<p><strong>Abstrakt<\/strong><\/p>\n<p>Die Integration von Cloud Computing-Anwendungen in Unternehmensprozesse wird immer beliebter. Gerade dann, wenn mehrere Anwendungen in einem Unternehmen parallel eingesetzt werden, k\u00f6nnen Probleme bei der Zugriffsverwaltung jedoch rechtliche Risiken hervorrufen. Sollen daher Cloud Computing-Anwendungen eingesetzt werden, ist fr\u00fchzeitig besonderes Augenmerk auf ein geeignetes technisches und organisatorisches Identit\u00e4ts- und Zugriffsmanagement zu legen.<\/p>\n<p>Der vollst\u00e4ndige Artikel ist erh\u00e4ltlich\u00a0bei der\u00a0<a href=\"http:\/\/www.dud.de\/\">DuD &#8211; Datenschutz und Datensicherheit<\/a>.<\/p>\n","protected":false},"excerpt":{"rendered":"<p>Laue, Philip \/ Stiemerling, Oliver: Identit\u00e4ts- und Zugriffsmanagement f\u00fcr Cloud Computing Anwendungen &#8211; Technisch-organsatorische Probleme, rechtliche Risiken und L\u00f6sungsans\u00e4tze, DuD 10\/2010, 692-697 Abstrakt Die Integration von Cloud Computing-Anwendungen in Unternehmensprozesse wird immer beliebter. Gerade dann, wenn mehrere Anwendungen in einem Unternehmen parallel eingesetzt werden, k\u00f6nnen Probleme bei der Zugriffsverwaltung jedoch&#8230;<\/p>\n","protected":false},"author":1,"featured_media":0,"parent":0,"menu_order":0,"comment_status":"closed","ping_status":"closed","template":"","meta":{"inline_featured_image":false,"footnotes":""},"class_list":["post-190","page","type-page","status-publish","hentry"],"yoast_head":"<!-- This site is optimized with the Yoast SEO plugin v25.4 - https:\/\/yoast.com\/wordpress\/plugins\/seo\/ -->\n<title>Identit\u00e4ts- und Zugriffsmanagement f\u00fcr Cloud Computing Anwendungen<\/title>\n<meta name=\"description\" content=\"Cloud Computing wird immer beliebter. Werden mehrere solcher Anwendungen parallel eingesetzt, k\u00f6nnen jedoch Probleme bei der Zugriffsverwaltung auftreten.\" \/>\n<meta name=\"robots\" content=\"index, follow, max-snippet:-1, max-image-preview:large, max-video-preview:-1\" \/>\n<link rel=\"canonical\" href=\"https:\/\/www.ecambria-experts.de\/it-sachverstaendiger\/publikationen_sicherheit\" \/>\n<meta property=\"og:locale\" content=\"de_DE\" \/>\n<meta property=\"og:type\" content=\"article\" \/>\n<meta property=\"og:title\" content=\"Identit\u00e4ts- und Zugriffsmanagement f\u00fcr Cloud Computing Anwendungen\" \/>\n<meta property=\"og:description\" content=\"Cloud Computing wird immer beliebter. Werden mehrere solcher Anwendungen parallel eingesetzt, k\u00f6nnen jedoch Probleme bei der Zugriffsverwaltung auftreten.\" \/>\n<meta property=\"og:url\" content=\"https:\/\/www.ecambria-experts.de\/it-sachverstaendiger\/publikationen_sicherheit\" \/>\n<meta property=\"og:site_name\" content=\"ecambria experts\" \/>\n<meta property=\"article:modified_time\" content=\"2017-05-15T12:44:53+00:00\" \/>\n<meta name=\"twitter:card\" content=\"summary_large_image\" \/>\n<script type=\"application\/ld+json\" class=\"yoast-schema-graph\">{\"@context\":\"https:\/\/schema.org\",\"@graph\":[{\"@type\":\"WebPage\",\"@id\":\"https:\/\/www.ecambria-experts.de\/it-sachverstaendiger\/publikationen_sicherheit\",\"url\":\"https:\/\/www.ecambria-experts.de\/it-sachverstaendiger\/publikationen_sicherheit\",\"name\":\"Identit\u00e4ts- und Zugriffsmanagement f\u00fcr Cloud Computing Anwendungen\",\"isPartOf\":{\"@id\":\"https:\/\/www.ecambria-experts.de\/it-sachverstaendiger\/#website\"},\"datePublished\":\"2014-12-22T10:22:24+00:00\",\"dateModified\":\"2017-05-15T12:44:53+00:00\",\"description\":\"Cloud Computing wird immer beliebter. Werden mehrere solcher Anwendungen parallel eingesetzt, k\u00f6nnen jedoch Probleme bei der Zugriffsverwaltung auftreten.\",\"breadcrumb\":{\"@id\":\"https:\/\/www.ecambria-experts.de\/it-sachverstaendiger\/publikationen_sicherheit#breadcrumb\"},\"inLanguage\":\"de\",\"potentialAction\":[{\"@type\":\"ReadAction\",\"target\":[\"https:\/\/www.ecambria-experts.de\/it-sachverstaendiger\/publikationen_sicherheit\"]}]},{\"@type\":\"BreadcrumbList\",\"@id\":\"https:\/\/www.ecambria-experts.de\/it-sachverstaendiger\/publikationen_sicherheit#breadcrumb\",\"itemListElement\":[{\"@type\":\"ListItem\",\"position\":1,\"name\":\"Startseite\",\"item\":\"https:\/\/www.ecambria-experts.de\/it-sachverstaendiger\/\"},{\"@type\":\"ListItem\",\"position\":2,\"name\":\"Identit\u00e4ts- und Zugriffsmanagement f\u00fcr Cloud Computing Anwendungen &#8211; Technisch-organsatorische Probleme, rechtliche Risiken und L\u00f6sungsans\u00e4tze\"}]},{\"@type\":\"WebSite\",\"@id\":\"https:\/\/www.ecambria-experts.de\/it-sachverstaendiger\/#website\",\"url\":\"https:\/\/www.ecambria-experts.de\/it-sachverstaendiger\/\",\"name\":\"ecambria experts\",\"description\":\"IT-Sachverst\u00e4ndige und Gutachter, Bewertung, Gerichtsgutachten, Privatgutachten, Schlichtung\",\"publisher\":{\"@id\":\"https:\/\/www.ecambria-experts.de\/it-sachverstaendiger\/#organization\"},\"potentialAction\":[{\"@type\":\"SearchAction\",\"target\":{\"@type\":\"EntryPoint\",\"urlTemplate\":\"https:\/\/www.ecambria-experts.de\/it-sachverstaendiger\/?s={search_term_string}\"},\"query-input\":{\"@type\":\"PropertyValueSpecification\",\"valueRequired\":true,\"valueName\":\"search_term_string\"}}],\"inLanguage\":\"de\"},{\"@type\":\"Organization\",\"@id\":\"https:\/\/www.ecambria-experts.de\/it-sachverstaendiger\/#organization\",\"name\":\"ecambria experts\",\"url\":\"https:\/\/www.ecambria-experts.de\/it-sachverstaendiger\/\",\"logo\":{\"@type\":\"ImageObject\",\"inLanguage\":\"de\",\"@id\":\"https:\/\/www.ecambria-experts.de\/it-sachverstaendiger\/#\/schema\/logo\/image\/\",\"url\":\"https:\/\/www.ecambria-experts.de\/it-sachverstaendiger\/wp-content\/uploads\/2025\/09\/ecambria_experts_logo_ohne_rand.svg\",\"contentUrl\":\"https:\/\/www.ecambria-experts.de\/it-sachverstaendiger\/wp-content\/uploads\/2025\/09\/ecambria_experts_logo_ohne_rand.svg\",\"width\":369,\"height\":60,\"caption\":\"ecambria experts\"},\"image\":{\"@id\":\"https:\/\/www.ecambria-experts.de\/it-sachverstaendiger\/#\/schema\/logo\/image\/\"}}]}<\/script>\n<!-- \/ Yoast SEO plugin. -->","yoast_head_json":{"title":"Identit\u00e4ts- und Zugriffsmanagement f\u00fcr Cloud Computing Anwendungen","description":"Cloud Computing wird immer beliebter. Werden mehrere solcher Anwendungen parallel eingesetzt, k\u00f6nnen jedoch Probleme bei der Zugriffsverwaltung auftreten.","robots":{"index":"index","follow":"follow","max-snippet":"max-snippet:-1","max-image-preview":"max-image-preview:large","max-video-preview":"max-video-preview:-1"},"canonical":"https:\/\/www.ecambria-experts.de\/it-sachverstaendiger\/publikationen_sicherheit","og_locale":"de_DE","og_type":"article","og_title":"Identit\u00e4ts- und Zugriffsmanagement f\u00fcr Cloud Computing Anwendungen","og_description":"Cloud Computing wird immer beliebter. Werden mehrere solcher Anwendungen parallel eingesetzt, k\u00f6nnen jedoch Probleme bei der Zugriffsverwaltung auftreten.","og_url":"https:\/\/www.ecambria-experts.de\/it-sachverstaendiger\/publikationen_sicherheit","og_site_name":"ecambria experts","article_modified_time":"2017-05-15T12:44:53+00:00","twitter_card":"summary_large_image","schema":{"@context":"https:\/\/schema.org","@graph":[{"@type":"WebPage","@id":"https:\/\/www.ecambria-experts.de\/it-sachverstaendiger\/publikationen_sicherheit","url":"https:\/\/www.ecambria-experts.de\/it-sachverstaendiger\/publikationen_sicherheit","name":"Identit\u00e4ts- und Zugriffsmanagement f\u00fcr Cloud Computing Anwendungen","isPartOf":{"@id":"https:\/\/www.ecambria-experts.de\/it-sachverstaendiger\/#website"},"datePublished":"2014-12-22T10:22:24+00:00","dateModified":"2017-05-15T12:44:53+00:00","description":"Cloud Computing wird immer beliebter. Werden mehrere solcher Anwendungen parallel eingesetzt, k\u00f6nnen jedoch Probleme bei der Zugriffsverwaltung auftreten.","breadcrumb":{"@id":"https:\/\/www.ecambria-experts.de\/it-sachverstaendiger\/publikationen_sicherheit#breadcrumb"},"inLanguage":"de","potentialAction":[{"@type":"ReadAction","target":["https:\/\/www.ecambria-experts.de\/it-sachverstaendiger\/publikationen_sicherheit"]}]},{"@type":"BreadcrumbList","@id":"https:\/\/www.ecambria-experts.de\/it-sachverstaendiger\/publikationen_sicherheit#breadcrumb","itemListElement":[{"@type":"ListItem","position":1,"name":"Startseite","item":"https:\/\/www.ecambria-experts.de\/it-sachverstaendiger\/"},{"@type":"ListItem","position":2,"name":"Identit\u00e4ts- und Zugriffsmanagement f\u00fcr Cloud Computing Anwendungen &#8211; Technisch-organsatorische Probleme, rechtliche Risiken und L\u00f6sungsans\u00e4tze"}]},{"@type":"WebSite","@id":"https:\/\/www.ecambria-experts.de\/it-sachverstaendiger\/#website","url":"https:\/\/www.ecambria-experts.de\/it-sachverstaendiger\/","name":"ecambria experts","description":"IT-Sachverst\u00e4ndige und Gutachter, Bewertung, Gerichtsgutachten, Privatgutachten, Schlichtung","publisher":{"@id":"https:\/\/www.ecambria-experts.de\/it-sachverstaendiger\/#organization"},"potentialAction":[{"@type":"SearchAction","target":{"@type":"EntryPoint","urlTemplate":"https:\/\/www.ecambria-experts.de\/it-sachverstaendiger\/?s={search_term_string}"},"query-input":{"@type":"PropertyValueSpecification","valueRequired":true,"valueName":"search_term_string"}}],"inLanguage":"de"},{"@type":"Organization","@id":"https:\/\/www.ecambria-experts.de\/it-sachverstaendiger\/#organization","name":"ecambria experts","url":"https:\/\/www.ecambria-experts.de\/it-sachverstaendiger\/","logo":{"@type":"ImageObject","inLanguage":"de","@id":"https:\/\/www.ecambria-experts.de\/it-sachverstaendiger\/#\/schema\/logo\/image\/","url":"https:\/\/www.ecambria-experts.de\/it-sachverstaendiger\/wp-content\/uploads\/2025\/09\/ecambria_experts_logo_ohne_rand.svg","contentUrl":"https:\/\/www.ecambria-experts.de\/it-sachverstaendiger\/wp-content\/uploads\/2025\/09\/ecambria_experts_logo_ohne_rand.svg","width":369,"height":60,"caption":"ecambria experts"},"image":{"@id":"https:\/\/www.ecambria-experts.de\/it-sachverstaendiger\/#\/schema\/logo\/image\/"}}]}},"_links":{"self":[{"href":"https:\/\/www.ecambria-experts.de\/it-sachverstaendiger\/wp-json\/wp\/v2\/pages\/190","targetHints":{"allow":["GET"]}}],"collection":[{"href":"https:\/\/www.ecambria-experts.de\/it-sachverstaendiger\/wp-json\/wp\/v2\/pages"}],"about":[{"href":"https:\/\/www.ecambria-experts.de\/it-sachverstaendiger\/wp-json\/wp\/v2\/types\/page"}],"author":[{"embeddable":true,"href":"https:\/\/www.ecambria-experts.de\/it-sachverstaendiger\/wp-json\/wp\/v2\/users\/1"}],"replies":[{"embeddable":true,"href":"https:\/\/www.ecambria-experts.de\/it-sachverstaendiger\/wp-json\/wp\/v2\/comments?post=190"}],"version-history":[{"count":5,"href":"https:\/\/www.ecambria-experts.de\/it-sachverstaendiger\/wp-json\/wp\/v2\/pages\/190\/revisions"}],"predecessor-version":[{"id":608,"href":"https:\/\/www.ecambria-experts.de\/it-sachverstaendiger\/wp-json\/wp\/v2\/pages\/190\/revisions\/608"}],"wp:attachment":[{"href":"https:\/\/www.ecambria-experts.de\/it-sachverstaendiger\/wp-json\/wp\/v2\/media?parent=190"}],"curies":[{"name":"wp","href":"https:\/\/api.w.org\/{rel}","templated":true}]}}