{"id":192,"date":"2014-12-22T12:23:36","date_gmt":"2014-12-22T10:23:36","guid":{"rendered":"http:\/\/www.the-only-thing-constant.com\/it-sachverstaendiger\/?page_id=192"},"modified":"2017-05-15T13:27:54","modified_gmt":"2017-05-15T12:27:54","slug":"publikationen_projekt_methoden","status":"publish","type":"page","link":"https:\/\/www.ecambria-experts.de\/it-sachverstaendiger\/publikationen_projekt_methoden","title":{"rendered":"Das IT-Projekt im Konflikt mit dem vertraglich definierten Regelwerk &#8211; Hinweise aus Sicht der Informatikpraxis"},"content":{"rendered":"<p><em>Stiemerling, Oliver<\/em>: <strong>Das IT-Projekt im Konflikt mit dem vertraglich definierten Regelwerk &#8211; Hinweise aus Sicht der Informatikpraxis<\/strong>, ITRB 12\/2010, 289-291<\/p>\n<p><strong>Abstrakt<\/strong><\/p>\n<p>Projekte zur Entwicklung, Anpassung und Einf\u00fchrung von Unternehmenssoftware stellen aufgrund ihrer Komplexit\u00e4t, Kontextabh\u00e4ngigkeit und Interdisziplinarit\u00e4t eine gro\u00dfe Herausforderung dar \u2013 umso mehr, als die Softwareunterst\u00fctzung von zentralen Gesch\u00e4ftsprozessen heute f\u00fcr viele Unternehmen existenzielle Bedeutung hat. Banken, Versicherungen oder auch Telekommunikationsunternehmen sind ohne Informationstechnologie in ihrer heutigen Form und Wirtschaftlichkeit nicht vorstellbar.<\/p>\n<p>Bis heute hat die Informatik kein \u201ePatentrezept\u201c zur perfekten Durchf\u00fchrung eines Softwareprojekts liefern k\u00f6nnen \u2013 wohl auch deshalb, weil kein Projekt dem anderen genau gleicht und aufgrund der oben erw\u00e4hnten Interdisziplinarit\u00e4t bei den Beteiligten mehr als nur Informatikkenntnisse gefordert sind. Ein wesentlicher Einflussfaktor auf die Erfolgschancen eines Projekts sind die durch den zugrundeliegenden IT-Vertrag definierten kommerziellen und organisatorischen Rahmenbedingungen f\u00fcr die Leistungserbringung der Projektbeteiligten. Passt dieses Regelwerk nicht zur gestellten fachlichen Aufgabe bzw. zu technologischen Gegebenheiten im Projekt, kann ein Vorhaben oft schon vor dem Start zum Scheitern verurteilt sein.<\/p>\n<p>Es ist daher bereits bei der Vertragsgestaltung von gro\u00dfer Bedeutung, die\u00a0 kritischen Aspekte eines IT-Projekts zu erkennen und angemessen zu ber\u00fccksichtigen. Dieser Beitrag zeigt aus der Sicht der Informatik drei Charakteristika von IT-Projekten auf, die in der Praxis oft zu schwerwiegenden und folgenreichen Konflikten mit unpassenden Rahmenbedingungen f\u00fchren.<\/p>\n<p>Der vollst\u00e4ndige Artikel ist erh\u00e4ltlich beim <a href=\"http:\/\/www.otto-schmidt.de\/\" target=\"_blank\">Verlag Dr. Otto Schmidt <\/a>in K\u00f6ln.<\/p>\n","protected":false},"excerpt":{"rendered":"<p>Stiemerling, Oliver: Das IT-Projekt im Konflikt mit dem vertraglich definierten Regelwerk &#8211; Hinweise aus Sicht der Informatikpraxis, ITRB 12\/2010, 289-291 Abstrakt Projekte zur Entwicklung, Anpassung und Einf\u00fchrung von Unternehmenssoftware stellen aufgrund ihrer Komplexit\u00e4t, Kontextabh\u00e4ngigkeit und Interdisziplinarit\u00e4t eine gro\u00dfe Herausforderung dar \u2013 umso mehr, als die Softwareunterst\u00fctzung von zentralen Gesch\u00e4ftsprozessen heute&#8230;<\/p>\n","protected":false},"author":1,"featured_media":0,"parent":0,"menu_order":0,"comment_status":"closed","ping_status":"closed","template":"page-templates\/full-width.php","meta":{"inline_featured_image":false,"footnotes":""},"class_list":["post-192","page","type-page","status-publish","hentry"],"yoast_head":"<!-- This site is optimized with the Yoast SEO plugin v25.4 - https:\/\/yoast.com\/wordpress\/plugins\/seo\/ -->\n<title>Das IT-Projekt im Konflikt mit dem vertraglich definierten Regelwerk - Hinweise aus Sicht der Informatikpraxis - ecambria experts<\/title>\n<meta name=\"description\" content=\"Der Beitrag zeigt aus der Sicht der Informatik drei Charakteristika von IT-Projekten auf, die in der Praxis oft zu schwerwiegenden Konflikten f\u00fchren.\" \/>\n<meta name=\"robots\" content=\"index, follow, max-snippet:-1, max-image-preview:large, max-video-preview:-1\" \/>\n<link rel=\"canonical\" href=\"https:\/\/www.ecambria-experts.de\/it-sachverstaendiger\/publikationen_projekt_methoden\" \/>\n<meta property=\"og:locale\" content=\"de_DE\" \/>\n<meta property=\"og:type\" content=\"article\" \/>\n<meta property=\"og:title\" content=\"Das IT-Projekt im Konflikt mit dem vertraglich definierten Regelwerk - Hinweise aus Sicht der Informatikpraxis - ecambria experts\" \/>\n<meta property=\"og:description\" content=\"Der Beitrag zeigt aus der Sicht der Informatik drei Charakteristika von IT-Projekten auf, die in der Praxis oft zu schwerwiegenden Konflikten f\u00fchren.\" \/>\n<meta property=\"og:url\" content=\"https:\/\/www.ecambria-experts.de\/it-sachverstaendiger\/publikationen_projekt_methoden\" \/>\n<meta property=\"og:site_name\" content=\"ecambria experts\" \/>\n<meta property=\"article:modified_time\" content=\"2017-05-15T12:27:54+00:00\" \/>\n<meta name=\"twitter:card\" content=\"summary_large_image\" \/>\n<meta name=\"twitter:label1\" content=\"Gesch\u00e4tzte Lesezeit\" \/>\n\t<meta name=\"twitter:data1\" content=\"1\u00a0Minute\" \/>\n<script type=\"application\/ld+json\" class=\"yoast-schema-graph\">{\"@context\":\"https:\/\/schema.org\",\"@graph\":[{\"@type\":\"WebPage\",\"@id\":\"https:\/\/www.ecambria-experts.de\/it-sachverstaendiger\/publikationen_projekt_methoden\",\"url\":\"https:\/\/www.ecambria-experts.de\/it-sachverstaendiger\/publikationen_projekt_methoden\",\"name\":\"Das IT-Projekt im Konflikt mit dem vertraglich definierten Regelwerk - Hinweise aus Sicht der Informatikpraxis - ecambria experts\",\"isPartOf\":{\"@id\":\"https:\/\/www.ecambria-experts.de\/it-sachverstaendiger\/#website\"},\"datePublished\":\"2014-12-22T10:23:36+00:00\",\"dateModified\":\"2017-05-15T12:27:54+00:00\",\"description\":\"Der Beitrag zeigt aus der Sicht der Informatik drei Charakteristika von IT-Projekten auf, die in der Praxis oft zu schwerwiegenden Konflikten f\u00fchren.\",\"breadcrumb\":{\"@id\":\"https:\/\/www.ecambria-experts.de\/it-sachverstaendiger\/publikationen_projekt_methoden#breadcrumb\"},\"inLanguage\":\"de\",\"potentialAction\":[{\"@type\":\"ReadAction\",\"target\":[\"https:\/\/www.ecambria-experts.de\/it-sachverstaendiger\/publikationen_projekt_methoden\"]}]},{\"@type\":\"BreadcrumbList\",\"@id\":\"https:\/\/www.ecambria-experts.de\/it-sachverstaendiger\/publikationen_projekt_methoden#breadcrumb\",\"itemListElement\":[{\"@type\":\"ListItem\",\"position\":1,\"name\":\"Startseite\",\"item\":\"https:\/\/www.ecambria-experts.de\/it-sachverstaendiger\/\"},{\"@type\":\"ListItem\",\"position\":2,\"name\":\"Das IT-Projekt im Konflikt mit dem vertraglich definierten Regelwerk &#8211; Hinweise aus Sicht der Informatikpraxis\"}]},{\"@type\":\"WebSite\",\"@id\":\"https:\/\/www.ecambria-experts.de\/it-sachverstaendiger\/#website\",\"url\":\"https:\/\/www.ecambria-experts.de\/it-sachverstaendiger\/\",\"name\":\"ecambria experts\",\"description\":\"IT-Sachverst\u00e4ndige und Gutachter, Bewertung, Gerichtsgutachten, Privatgutachten, Schlichtung\",\"publisher\":{\"@id\":\"https:\/\/www.ecambria-experts.de\/it-sachverstaendiger\/#organization\"},\"potentialAction\":[{\"@type\":\"SearchAction\",\"target\":{\"@type\":\"EntryPoint\",\"urlTemplate\":\"https:\/\/www.ecambria-experts.de\/it-sachverstaendiger\/?s={search_term_string}\"},\"query-input\":{\"@type\":\"PropertyValueSpecification\",\"valueRequired\":true,\"valueName\":\"search_term_string\"}}],\"inLanguage\":\"de\"},{\"@type\":\"Organization\",\"@id\":\"https:\/\/www.ecambria-experts.de\/it-sachverstaendiger\/#organization\",\"name\":\"ecambria experts\",\"url\":\"https:\/\/www.ecambria-experts.de\/it-sachverstaendiger\/\",\"logo\":{\"@type\":\"ImageObject\",\"inLanguage\":\"de\",\"@id\":\"https:\/\/www.ecambria-experts.de\/it-sachverstaendiger\/#\/schema\/logo\/image\/\",\"url\":\"https:\/\/www.ecambria-experts.de\/it-sachverstaendiger\/wp-content\/uploads\/2025\/09\/ecambria_experts_logo_ohne_rand.svg\",\"contentUrl\":\"https:\/\/www.ecambria-experts.de\/it-sachverstaendiger\/wp-content\/uploads\/2025\/09\/ecambria_experts_logo_ohne_rand.svg\",\"width\":369,\"height\":60,\"caption\":\"ecambria experts\"},\"image\":{\"@id\":\"https:\/\/www.ecambria-experts.de\/it-sachverstaendiger\/#\/schema\/logo\/image\/\"}}]}<\/script>\n<!-- \/ Yoast SEO plugin. -->","yoast_head_json":{"title":"Das IT-Projekt im Konflikt mit dem vertraglich definierten Regelwerk - Hinweise aus Sicht der Informatikpraxis - ecambria experts","description":"Der Beitrag zeigt aus der Sicht der Informatik drei Charakteristika von IT-Projekten auf, die in der Praxis oft zu schwerwiegenden Konflikten f\u00fchren.","robots":{"index":"index","follow":"follow","max-snippet":"max-snippet:-1","max-image-preview":"max-image-preview:large","max-video-preview":"max-video-preview:-1"},"canonical":"https:\/\/www.ecambria-experts.de\/it-sachverstaendiger\/publikationen_projekt_methoden","og_locale":"de_DE","og_type":"article","og_title":"Das IT-Projekt im Konflikt mit dem vertraglich definierten Regelwerk - Hinweise aus Sicht der Informatikpraxis - ecambria experts","og_description":"Der Beitrag zeigt aus der Sicht der Informatik drei Charakteristika von IT-Projekten auf, die in der Praxis oft zu schwerwiegenden Konflikten f\u00fchren.","og_url":"https:\/\/www.ecambria-experts.de\/it-sachverstaendiger\/publikationen_projekt_methoden","og_site_name":"ecambria experts","article_modified_time":"2017-05-15T12:27:54+00:00","twitter_card":"summary_large_image","twitter_misc":{"Gesch\u00e4tzte Lesezeit":"1\u00a0Minute"},"schema":{"@context":"https:\/\/schema.org","@graph":[{"@type":"WebPage","@id":"https:\/\/www.ecambria-experts.de\/it-sachverstaendiger\/publikationen_projekt_methoden","url":"https:\/\/www.ecambria-experts.de\/it-sachverstaendiger\/publikationen_projekt_methoden","name":"Das IT-Projekt im Konflikt mit dem vertraglich definierten Regelwerk - Hinweise aus Sicht der Informatikpraxis - ecambria experts","isPartOf":{"@id":"https:\/\/www.ecambria-experts.de\/it-sachverstaendiger\/#website"},"datePublished":"2014-12-22T10:23:36+00:00","dateModified":"2017-05-15T12:27:54+00:00","description":"Der Beitrag zeigt aus der Sicht der Informatik drei Charakteristika von IT-Projekten auf, die in der Praxis oft zu schwerwiegenden Konflikten f\u00fchren.","breadcrumb":{"@id":"https:\/\/www.ecambria-experts.de\/it-sachverstaendiger\/publikationen_projekt_methoden#breadcrumb"},"inLanguage":"de","potentialAction":[{"@type":"ReadAction","target":["https:\/\/www.ecambria-experts.de\/it-sachverstaendiger\/publikationen_projekt_methoden"]}]},{"@type":"BreadcrumbList","@id":"https:\/\/www.ecambria-experts.de\/it-sachverstaendiger\/publikationen_projekt_methoden#breadcrumb","itemListElement":[{"@type":"ListItem","position":1,"name":"Startseite","item":"https:\/\/www.ecambria-experts.de\/it-sachverstaendiger\/"},{"@type":"ListItem","position":2,"name":"Das IT-Projekt im Konflikt mit dem vertraglich definierten Regelwerk &#8211; Hinweise aus Sicht der Informatikpraxis"}]},{"@type":"WebSite","@id":"https:\/\/www.ecambria-experts.de\/it-sachverstaendiger\/#website","url":"https:\/\/www.ecambria-experts.de\/it-sachverstaendiger\/","name":"ecambria experts","description":"IT-Sachverst\u00e4ndige und Gutachter, Bewertung, Gerichtsgutachten, Privatgutachten, Schlichtung","publisher":{"@id":"https:\/\/www.ecambria-experts.de\/it-sachverstaendiger\/#organization"},"potentialAction":[{"@type":"SearchAction","target":{"@type":"EntryPoint","urlTemplate":"https:\/\/www.ecambria-experts.de\/it-sachverstaendiger\/?s={search_term_string}"},"query-input":{"@type":"PropertyValueSpecification","valueRequired":true,"valueName":"search_term_string"}}],"inLanguage":"de"},{"@type":"Organization","@id":"https:\/\/www.ecambria-experts.de\/it-sachverstaendiger\/#organization","name":"ecambria experts","url":"https:\/\/www.ecambria-experts.de\/it-sachverstaendiger\/","logo":{"@type":"ImageObject","inLanguage":"de","@id":"https:\/\/www.ecambria-experts.de\/it-sachverstaendiger\/#\/schema\/logo\/image\/","url":"https:\/\/www.ecambria-experts.de\/it-sachverstaendiger\/wp-content\/uploads\/2025\/09\/ecambria_experts_logo_ohne_rand.svg","contentUrl":"https:\/\/www.ecambria-experts.de\/it-sachverstaendiger\/wp-content\/uploads\/2025\/09\/ecambria_experts_logo_ohne_rand.svg","width":369,"height":60,"caption":"ecambria experts"},"image":{"@id":"https:\/\/www.ecambria-experts.de\/it-sachverstaendiger\/#\/schema\/logo\/image\/"}}]}},"_links":{"self":[{"href":"https:\/\/www.ecambria-experts.de\/it-sachverstaendiger\/wp-json\/wp\/v2\/pages\/192","targetHints":{"allow":["GET"]}}],"collection":[{"href":"https:\/\/www.ecambria-experts.de\/it-sachverstaendiger\/wp-json\/wp\/v2\/pages"}],"about":[{"href":"https:\/\/www.ecambria-experts.de\/it-sachverstaendiger\/wp-json\/wp\/v2\/types\/page"}],"author":[{"embeddable":true,"href":"https:\/\/www.ecambria-experts.de\/it-sachverstaendiger\/wp-json\/wp\/v2\/users\/1"}],"replies":[{"embeddable":true,"href":"https:\/\/www.ecambria-experts.de\/it-sachverstaendiger\/wp-json\/wp\/v2\/comments?post=192"}],"version-history":[{"count":2,"href":"https:\/\/www.ecambria-experts.de\/it-sachverstaendiger\/wp-json\/wp\/v2\/pages\/192\/revisions"}],"predecessor-version":[{"id":593,"href":"https:\/\/www.ecambria-experts.de\/it-sachverstaendiger\/wp-json\/wp\/v2\/pages\/192\/revisions\/593"}],"wp:attachment":[{"href":"https:\/\/www.ecambria-experts.de\/it-sachverstaendiger\/wp-json\/wp\/v2\/media?parent=192"}],"curies":[{"name":"wp","href":"https:\/\/api.w.org\/{rel}","templated":true}]}}