{"id":2,"date":"2014-08-01T19:39:53","date_gmt":"2014-08-01T19:39:53","guid":{"rendered":"http:\/\/localhost:81\/blog\/?page_id=2"},"modified":"2025-07-07T14:40:37","modified_gmt":"2025-07-07T13:40:37","slug":"impressum","status":"publish","type":"page","link":"https:\/\/www.ecambria-experts.de\/it-sachverstaendiger\/impressum","title":{"rendered":"Impressum"},"content":{"rendered":"<h1>Impressum<\/h1>\n<p class=\"main-text\">ecambria experts sind die IT-Sachverst\u00e4ndigen und Gutachter bei der<br \/>\necambria systems GmbH<br \/>\nHerzogenrather Str. 11<br \/>\n50933 K\u00f6ln<br \/>\nTel. +49 (0)221 595527-0<br \/>\nFax +49 (0)221 595527-5<br \/>\nE-Mail: info@ecambria-experts.com<\/p>\n<p class=\"main-text\">Gesch\u00e4ftsf\u00fchrer:<br \/>\nProf. Dr. Oliver Stiemerling<\/p>\n<p class=\"main-text\">Registergericht: K\u00f6ln<br \/>\nRegisternummer: HRB 36667<br \/>\nSitz der Gesellschaft: K\u00f6ln<br \/>\nUSt-IdNr. DE216140045<\/p>\n<p class=\"main-text\">Grundlage der T\u00e4tigkeit von Prof. Dr. Oliver Stiemerling als \u00f6ffentlich bestellter und vereidigter Sachverst\u00e4ndiger ist die Sachverst\u00e4ndigenordnung der IHK K\u00f6ln, die unter <a href=\"http:\/\/www.ihk-koeln.de\">www.ihk-koeln.de<\/a> eingesehen werden kann.<\/p>\n<p class=\"main-text\">Berufshaftpflicht:<br \/>\nAXA Versicherung AG<\/p>\n<h2 class=\"main-title\">Rechtliche Hinweise<\/h2>\n<h2>Verantwortlichkeit<\/h2>\n<p class=\"main-text\">ecambria systems GmbH ist als Inhaltsanbieter (Content provider) nach \u00a7 7 Abs.1 des Telemediengesetzes (TMG) f\u00fcr die eigenen Informationen, die sie zur Nutzung bereith\u00e4lt, nach den allgemeinen Gesetzen verantwortlich. Von diesen eigenen Inhalten sind Querverweise (&#8222;Links&#8220;) auf die von anderen Anbietern bereitgehaltenen Inhalte zu unterscheiden. Durch den Link vermittelt ecambria systems GmbH insofern den Zugang zu fremden Informationen (\u00a7 8 Abs. 1 TMG).<\/p>\n<p class=\"main-text\">Bei &#8222;Links&#8220; handelt es sich stets um &#8222;lebende&#8220; (dynamische) Verweisungen. ecambria systems GmbH hat bei der erstmaligen Verkn\u00fcpfung zwar den fremden Inhalt daraufhin \u00fcberpr\u00fcft, ob durch ihn eine m\u00f6gliche zivilrechtliche oder strafrechtliche Verantwortlichkeit ausgel\u00f6st wird. ecambria systems GmbH ist aber nicht dazu verpflichtet, die Inhalte, auf die sie in ihrem Angebot verweist, st\u00e4ndig auf Ver\u00e4nderungen zu \u00fcberpr\u00fcfen, die eine Verantwortlichkeit neu begr\u00fcnden k\u00f6nnten. Erst wenn sie feststellt oder von anderen darauf hingewiesen wird, dass ein konkretes Angebot, zu dem sie einen Link bereitgestellt hat, eine zivil- oder strafrechtliche Verantwortlichkeit ausl\u00f6st, wird sie den Verweis auf dieses Angebot aufheben, soweit dies technisch m\u00f6glich und zumutbar ist. Die technische M\u00f6glichkeit und Zumutbarkeit wird nicht dadurch beeinflusst, dass auch nach Unterbindung des Zugriffs von der ecambria systems GmbH Homepage von anderen Servern aus auf das rechtswidrige oder strafbare Angebot zugegriffen werden kann.<\/p>\n<h2 class=\"main-subtitle\">Gew\u00e4hrleistung \/ Haftungsausschluss<\/h2>\n<p class=\"main-text\">Die Informationen, die wir f\u00fcr Sie auf dieser Webseite bereitstellen, wurden sorgf\u00e4ltig gepr\u00fcft und werden von uns regelm\u00e4\u00dfig aktualisiert. Bitte haben Sie Verst\u00e4ndnis daf\u00fcr, dass wir keine Garantie daf\u00fcr \u00fcbernehmen k\u00f6nnen, ob alle Angaben zu jeder Zeit vollst\u00e4ndig, richtig und in letzter Aktualit\u00e4t dargestellt sind. Dies gilt insbesondere f\u00fcr alle Verbindungen (&#8222;Links&#8220;) zu anderen Web-Sites, auf die wir direkt oder indirekt verweisen. Eine Erg\u00e4nzung, Entfernung oder \u00c4nderung aller Angaben kann von uns ohne vorherige Ank\u00fcndigung durchgef\u00fchrt werden. Die Informationen stellt ecambria systems GmbH ohne jegliche Zusicherung oder Gew\u00e4hrleistung jedweder Art, sei sie ausdr\u00fccklich oder stillschweigend, zur Verf\u00fcgung. Ausgeschlossen sind auch alle stillschweigenden Gew\u00e4hrleistungen betreffend die Handelsf\u00e4higkeit, die Eignung f\u00fcr bestimmte Zwecke oder den Nichtversto\u00df gegen Gesetze und Patente. Auch wenn wir davon ausgehen, dass die von uns gegebenen Informationen zutreffend sind, k\u00f6nnen sie dennoch Fehler oder Ungenauigkeiten enthalten.<\/p>\n<h2 class=\"main-subtitle\">In die Zukunft gerichtete Aussagen<\/h2>\n<p class=\"main-text\">Einige Internetseiten enthalten in die Zukunft gerichtete Aussagen, die auf \u00dcberzeugungen des ecambria systems GmbH Managements aufbauen. Mit der Verwendung von Worten wie &#8222;erwarten&#8220;, &#8222;sch\u00e4tzen&#8220;, &#8222;rechnen mit&#8220;, &#8222;beabsichtigen&#8220; und &#8222;planen&#8220; auf diesen Internetseiten wird bezweckt, in die Zukunft gerichtete Aussagen zu identifizieren. Derartige Aussagen geben die Sicht von ecambria systems GmbH im Hinblick auf zuk\u00fcnftige Ereignisse wieder zum Zeitpunkt, als sie get\u00e4tigt wurden und unterliegen Risiken und Unsicherheiten. Viele Einfl\u00fcsse k\u00f6nnen dazu f\u00fchren, dass die tats\u00e4chlichen Resultate erheblich abweichen von den hier gegebenen Einsch\u00e4tzungen. Zu solchen Einfl\u00fcssen geh\u00f6ren neben anderen Ver\u00e4nderungen in der allgemeinen wirtschaftlichen und gesch\u00e4ftlichen Rahmenbedingungen, Ver\u00e4nderungen in Wechselkursen und Zinsniveaus, Einf\u00fchrung von Wettbewerberprodukten, unzureichende Akzeptanz von neuen Produkten und Dienstleistungen und Ver\u00e4nderungen in der Unternehmensstrategie. ecambria systems GmbH weist jede Absicht oder Verpflichtung von sich, diese in die Zukunft gerichteten Aussagen zu aktualisieren.<\/p>\n<h2 class=\"main-subtitle\">Lizenzrechte<\/h2>\n<p class=\"main-text\">ecambria systems GmbH sch\u00fctzt ihr geistiges Eigentum, einschlie\u00dflich Patente, Handelsmarken und Urheberrechte. Diese Internet-Seiten gew\u00e4hren keinerlei Lizenzrechte an dem geistigen Eigentum von ecambria systems GmbH.<\/p>\n<h2 class=\"main-subtitle\">Urheberrecht<\/h2>\n<p class=\"main-text\">Copyright ecambria systems GmbH. Alle Rechte vorbehalten. Alle Texte, Bilder, Graphiken, Ton-, Video- und Animationsdateien sowie ihre Arrangements unterliegen dem Urheberrecht und anderen Gesetzen zum Schutz geistigen Eigentums. Sie d\u00fcrfen weder f\u00fcr Handelszwecke oder zur Weitergabe kopiert, noch ver\u00e4ndert und auf anderen Web-Sites verwendet werden. Einige ecambria systems GmbH-Internet-Seiten enthalten auch Bilder, die dem Urheberrecht derjenigen unterliegen, die diese zur Verf\u00fcgung gestellt haben.<\/p>\n<h2 class=\"main-subtitle\">Marken<\/h2>\n<p class=\"main-text\">Wo nicht anders angegeben, sind die auf den ecambria systems GmbH-Internet-Seiten genannten und dargestellten Marken gesetzlich gesch\u00fctzte Warenzeichen von ecambria systems GmbH. Marken, Produktnamen und Logos unserer Partner und Zulieferer sind jeweils eingetragene Warenzeichen des betreffenden Unternehmens. Das Zeichen f\u00fcr \u00f6ffentlich bestellte und vereidigte Sachverst\u00e4ndige in der Kopfzeile ist ein eingetragenes Markenzeichen des Instituts f\u00fcr Sachverst\u00e4ndigenwesen in K\u00f6ln.<\/p>\n<h2 class=\"main-subtitle\">Datenschutz<\/h2>\n<p>Bitte beachten Sie unsere <a href=\"http:\/\/www.ecambria-experts.de\/it-sachverstaendiger\/datenschutzerklaerung\">Hinweise<\/a>\u00a0 zum Datenschutz auf dieser Webseite.<\/p>\n<p class=\"main-text\">\n","protected":false},"excerpt":{"rendered":"<p>Impressum ecambria experts sind die IT-Sachverst\u00e4ndigen und Gutachter bei der ecambria systems GmbH Herzogenrather Str. 11 50933 K\u00f6ln Tel. +49 (0)221 595527-0 Fax +49 (0)221 595527-5 E-Mail: info@ecambria-experts.com Gesch\u00e4ftsf\u00fchrer: Prof. Dr. Oliver Stiemerling Registergericht: K\u00f6ln Registernummer: HRB 36667 Sitz der Gesellschaft: K\u00f6ln USt-IdNr. DE216140045 Grundlage der T\u00e4tigkeit von Prof. Dr&#8230;.<\/p>\n","protected":false},"author":1,"featured_media":0,"parent":0,"menu_order":0,"comment_status":"closed","ping_status":"closed","template":"","meta":{"inline_featured_image":false,"footnotes":""},"class_list":["post-2","page","type-page","status-publish","hentry"],"yoast_head":"<!-- This site is optimized with the Yoast SEO plugin v25.4 - https:\/\/yoast.com\/wordpress\/plugins\/seo\/ -->\n<title>Impressum - ecambria experts<\/title>\n<meta name=\"robots\" content=\"index, follow, max-snippet:-1, max-image-preview:large, max-video-preview:-1\" \/>\n<link rel=\"canonical\" href=\"https:\/\/www.ecambria-experts.de\/it-sachverstaendiger\/impressum\" \/>\n<meta property=\"og:locale\" content=\"de_DE\" \/>\n<meta property=\"og:type\" content=\"article\" \/>\n<meta property=\"og:title\" content=\"Impressum - ecambria experts\" \/>\n<meta property=\"og:description\" content=\"Impressum ecambria experts sind die IT-Sachverst\u00e4ndigen und Gutachter bei der ecambria systems GmbH Herzogenrather Str. 11 50933 K\u00f6ln Tel. +49 (0)221 595527-0 Fax +49 (0)221 595527-5 E-Mail: info@ecambria-experts.com Gesch\u00e4ftsf\u00fchrer: Prof. Dr. Oliver Stiemerling Registergericht: K\u00f6ln Registernummer: HRB 36667 Sitz der Gesellschaft: K\u00f6ln USt-IdNr. DE216140045 Grundlage der T\u00e4tigkeit von Prof. Dr....\" \/>\n<meta property=\"og:url\" content=\"https:\/\/www.ecambria-experts.de\/it-sachverstaendiger\/impressum\" \/>\n<meta property=\"og:site_name\" content=\"ecambria experts\" \/>\n<meta property=\"article:modified_time\" content=\"2025-07-07T13:40:37+00:00\" \/>\n<meta name=\"twitter:card\" content=\"summary_large_image\" \/>\n<meta name=\"twitter:label1\" content=\"Gesch\u00e4tzte Lesezeit\" \/>\n\t<meta name=\"twitter:data1\" content=\"5\u00a0Minuten\" \/>\n<script type=\"application\/ld+json\" class=\"yoast-schema-graph\">{\"@context\":\"https:\/\/schema.org\",\"@graph\":[{\"@type\":\"WebPage\",\"@id\":\"https:\/\/www.ecambria-experts.de\/it-sachverstaendiger\/impressum\",\"url\":\"https:\/\/www.ecambria-experts.de\/it-sachverstaendiger\/impressum\",\"name\":\"Impressum - ecambria experts\",\"isPartOf\":{\"@id\":\"https:\/\/www.ecambria-experts.de\/it-sachverstaendiger\/#website\"},\"datePublished\":\"2014-08-01T19:39:53+00:00\",\"dateModified\":\"2025-07-07T13:40:37+00:00\",\"breadcrumb\":{\"@id\":\"https:\/\/www.ecambria-experts.de\/it-sachverstaendiger\/impressum#breadcrumb\"},\"inLanguage\":\"de\",\"potentialAction\":[{\"@type\":\"ReadAction\",\"target\":[\"https:\/\/www.ecambria-experts.de\/it-sachverstaendiger\/impressum\"]}]},{\"@type\":\"BreadcrumbList\",\"@id\":\"https:\/\/www.ecambria-experts.de\/it-sachverstaendiger\/impressum#breadcrumb\",\"itemListElement\":[{\"@type\":\"ListItem\",\"position\":1,\"name\":\"Startseite\",\"item\":\"https:\/\/www.ecambria-experts.de\/it-sachverstaendiger\/\"},{\"@type\":\"ListItem\",\"position\":2,\"name\":\"Impressum\"}]},{\"@type\":\"WebSite\",\"@id\":\"https:\/\/www.ecambria-experts.de\/it-sachverstaendiger\/#website\",\"url\":\"https:\/\/www.ecambria-experts.de\/it-sachverstaendiger\/\",\"name\":\"ecambria experts\",\"description\":\"IT-Sachverst\u00e4ndige und Gutachter, Bewertung, Gerichtsgutachten, Privatgutachten, Schlichtung\",\"publisher\":{\"@id\":\"https:\/\/www.ecambria-experts.de\/it-sachverstaendiger\/#organization\"},\"potentialAction\":[{\"@type\":\"SearchAction\",\"target\":{\"@type\":\"EntryPoint\",\"urlTemplate\":\"https:\/\/www.ecambria-experts.de\/it-sachverstaendiger\/?s={search_term_string}\"},\"query-input\":{\"@type\":\"PropertyValueSpecification\",\"valueRequired\":true,\"valueName\":\"search_term_string\"}}],\"inLanguage\":\"de\"},{\"@type\":\"Organization\",\"@id\":\"https:\/\/www.ecambria-experts.de\/it-sachverstaendiger\/#organization\",\"name\":\"ecambria experts\",\"url\":\"https:\/\/www.ecambria-experts.de\/it-sachverstaendiger\/\",\"logo\":{\"@type\":\"ImageObject\",\"inLanguage\":\"de\",\"@id\":\"https:\/\/www.ecambria-experts.de\/it-sachverstaendiger\/#\/schema\/logo\/image\/\",\"url\":\"https:\/\/www.ecambria-experts.de\/it-sachverstaendiger\/wp-content\/uploads\/2025\/09\/ecambria_experts_logo_ohne_rand.svg\",\"contentUrl\":\"https:\/\/www.ecambria-experts.de\/it-sachverstaendiger\/wp-content\/uploads\/2025\/09\/ecambria_experts_logo_ohne_rand.svg\",\"width\":369,\"height\":60,\"caption\":\"ecambria experts\"},\"image\":{\"@id\":\"https:\/\/www.ecambria-experts.de\/it-sachverstaendiger\/#\/schema\/logo\/image\/\"}}]}<\/script>\n<!-- \/ Yoast SEO plugin. -->","yoast_head_json":{"title":"Impressum - ecambria experts","robots":{"index":"index","follow":"follow","max-snippet":"max-snippet:-1","max-image-preview":"max-image-preview:large","max-video-preview":"max-video-preview:-1"},"canonical":"https:\/\/www.ecambria-experts.de\/it-sachverstaendiger\/impressum","og_locale":"de_DE","og_type":"article","og_title":"Impressum - ecambria experts","og_description":"Impressum ecambria experts sind die IT-Sachverst\u00e4ndigen und Gutachter bei der ecambria systems GmbH Herzogenrather Str. 11 50933 K\u00f6ln Tel. +49 (0)221 595527-0 Fax +49 (0)221 595527-5 E-Mail: info@ecambria-experts.com Gesch\u00e4ftsf\u00fchrer: Prof. Dr. Oliver Stiemerling Registergericht: K\u00f6ln Registernummer: HRB 36667 Sitz der Gesellschaft: K\u00f6ln USt-IdNr. DE216140045 Grundlage der T\u00e4tigkeit von Prof. Dr....","og_url":"https:\/\/www.ecambria-experts.de\/it-sachverstaendiger\/impressum","og_site_name":"ecambria experts","article_modified_time":"2025-07-07T13:40:37+00:00","twitter_card":"summary_large_image","twitter_misc":{"Gesch\u00e4tzte Lesezeit":"5\u00a0Minuten"},"schema":{"@context":"https:\/\/schema.org","@graph":[{"@type":"WebPage","@id":"https:\/\/www.ecambria-experts.de\/it-sachverstaendiger\/impressum","url":"https:\/\/www.ecambria-experts.de\/it-sachverstaendiger\/impressum","name":"Impressum - ecambria experts","isPartOf":{"@id":"https:\/\/www.ecambria-experts.de\/it-sachverstaendiger\/#website"},"datePublished":"2014-08-01T19:39:53+00:00","dateModified":"2025-07-07T13:40:37+00:00","breadcrumb":{"@id":"https:\/\/www.ecambria-experts.de\/it-sachverstaendiger\/impressum#breadcrumb"},"inLanguage":"de","potentialAction":[{"@type":"ReadAction","target":["https:\/\/www.ecambria-experts.de\/it-sachverstaendiger\/impressum"]}]},{"@type":"BreadcrumbList","@id":"https:\/\/www.ecambria-experts.de\/it-sachverstaendiger\/impressum#breadcrumb","itemListElement":[{"@type":"ListItem","position":1,"name":"Startseite","item":"https:\/\/www.ecambria-experts.de\/it-sachverstaendiger\/"},{"@type":"ListItem","position":2,"name":"Impressum"}]},{"@type":"WebSite","@id":"https:\/\/www.ecambria-experts.de\/it-sachverstaendiger\/#website","url":"https:\/\/www.ecambria-experts.de\/it-sachverstaendiger\/","name":"ecambria experts","description":"IT-Sachverst\u00e4ndige und Gutachter, Bewertung, Gerichtsgutachten, Privatgutachten, Schlichtung","publisher":{"@id":"https:\/\/www.ecambria-experts.de\/it-sachverstaendiger\/#organization"},"potentialAction":[{"@type":"SearchAction","target":{"@type":"EntryPoint","urlTemplate":"https:\/\/www.ecambria-experts.de\/it-sachverstaendiger\/?s={search_term_string}"},"query-input":{"@type":"PropertyValueSpecification","valueRequired":true,"valueName":"search_term_string"}}],"inLanguage":"de"},{"@type":"Organization","@id":"https:\/\/www.ecambria-experts.de\/it-sachverstaendiger\/#organization","name":"ecambria experts","url":"https:\/\/www.ecambria-experts.de\/it-sachverstaendiger\/","logo":{"@type":"ImageObject","inLanguage":"de","@id":"https:\/\/www.ecambria-experts.de\/it-sachverstaendiger\/#\/schema\/logo\/image\/","url":"https:\/\/www.ecambria-experts.de\/it-sachverstaendiger\/wp-content\/uploads\/2025\/09\/ecambria_experts_logo_ohne_rand.svg","contentUrl":"https:\/\/www.ecambria-experts.de\/it-sachverstaendiger\/wp-content\/uploads\/2025\/09\/ecambria_experts_logo_ohne_rand.svg","width":369,"height":60,"caption":"ecambria experts"},"image":{"@id":"https:\/\/www.ecambria-experts.de\/it-sachverstaendiger\/#\/schema\/logo\/image\/"}}]}},"_links":{"self":[{"href":"https:\/\/www.ecambria-experts.de\/it-sachverstaendiger\/wp-json\/wp\/v2\/pages\/2","targetHints":{"allow":["GET"]}}],"collection":[{"href":"https:\/\/www.ecambria-experts.de\/it-sachverstaendiger\/wp-json\/wp\/v2\/pages"}],"about":[{"href":"https:\/\/www.ecambria-experts.de\/it-sachverstaendiger\/wp-json\/wp\/v2\/types\/page"}],"author":[{"embeddable":true,"href":"https:\/\/www.ecambria-experts.de\/it-sachverstaendiger\/wp-json\/wp\/v2\/users\/1"}],"replies":[{"embeddable":true,"href":"https:\/\/www.ecambria-experts.de\/it-sachverstaendiger\/wp-json\/wp\/v2\/comments?post=2"}],"version-history":[{"count":12,"href":"https:\/\/www.ecambria-experts.de\/it-sachverstaendiger\/wp-json\/wp\/v2\/pages\/2\/revisions"}],"predecessor-version":[{"id":1575,"href":"https:\/\/www.ecambria-experts.de\/it-sachverstaendiger\/wp-json\/wp\/v2\/pages\/2\/revisions\/1575"}],"wp:attachment":[{"href":"https:\/\/www.ecambria-experts.de\/it-sachverstaendiger\/wp-json\/wp\/v2\/media?parent=2"}],"curies":[{"name":"wp","href":"https:\/\/api.w.org\/{rel}","templated":true}]}}