{"id":200,"date":"2014-12-22T12:27:52","date_gmt":"2014-12-22T10:27:52","guid":{"rendered":"http:\/\/www.the-only-thing-constant.com\/it-sachverstaendiger\/?page_id=200"},"modified":"2017-05-15T13:35:34","modified_gmt":"2017-05-15T12:35:34","slug":"publikationen_dokumentation","status":"publish","type":"page","link":"https:\/\/www.ecambria-experts.de\/it-sachverstaendiger\/publikationen_dokumentation","title":{"rendered":"Dokumentation von Software"},"content":{"rendered":"<p class=\"main-text\"><em>Stiemerling, Oliver<\/em>: <strong>Dokumentation von Software,<\/strong> ITRB 2011, 286-290<\/p>\n<p class=\"main-title\"><strong>Abstrakt<\/strong><\/p>\n<p id=\"contentcolumn\">\u00dcber die Pflicht, eine oder mehrere Arten von Dokumentation f\u00fcr Software zu erstellen und zu liefern, wird gerne und h\u00e4ufig gestritten, wobei das Problem im Einzelfall meistens darin besteht, dass die Dokumentation nicht explizit vereinbart wurde und daher auf den vorgesehenen Gebrauch bzw. Stand der Technik abgestellt werden muss. Dieser Beitrag stellt aus Sicht der Informatik einen Rahmen f\u00fcr die Beurteilung der Dokumentationspflichten in aktuellen Softwareprojekten auf. Zu diesem Zweck werden typische Dokumentationsarten aus h\u00e4ufig im Zusammenhang mit Software zu erbringenden Leistungen abgeleitet und begr\u00fcndet. Dabei werden insb. aktuelle Themen wie agile Entwicklungsmethoden, Cloud-Angebote, komponentenbasierte Entwicklung und Anpassung von Standardsoftware ber\u00fccksichtigt.<\/p>\n<p>Der vollst\u00e4ndige Artikel ist erh\u00e4ltlich beim <a href=\"http:\/\/www.otto-schmidt.de\/\">Otto-Schmidt-Verlag<\/a> in K\u00f6ln.<\/p>\n","protected":false},"excerpt":{"rendered":"<p>Stiemerling, Oliver: Dokumentation von Software, ITRB 2011, 286-290 Abstrakt \u00dcber die Pflicht, eine oder mehrere Arten von Dokumentation f\u00fcr Software zu erstellen und zu liefern, wird gerne und h\u00e4ufig gestritten, wobei das Problem im Einzelfall meistens darin besteht, dass die Dokumentation nicht explizit vereinbart wurde und daher auf den vorgesehenen&#8230;<\/p>\n","protected":false},"author":1,"featured_media":0,"parent":0,"menu_order":0,"comment_status":"closed","ping_status":"closed","template":"page-templates\/full-width.php","meta":{"inline_featured_image":false,"footnotes":""},"class_list":["post-200","page","type-page","status-publish","hentry"],"yoast_head":"<!-- This site is optimized with the Yoast SEO plugin v25.4 - https:\/\/yoast.com\/wordpress\/plugins\/seo\/ -->\n<title>Dokumentation von Software - ecambria experts<\/title>\n<meta name=\"description\" content=\"\u00dcber die Pflicht in Softwareprojekten eine oder mehrere Arten von Dokumentation f\u00fcr Software zu erstellen und zu liefern, wird gerne und h\u00e4ufig gestritten\" \/>\n<meta name=\"robots\" content=\"index, follow, max-snippet:-1, max-image-preview:large, max-video-preview:-1\" \/>\n<link rel=\"canonical\" href=\"https:\/\/www.ecambria-experts.de\/it-sachverstaendiger\/publikationen_dokumentation\" \/>\n<meta property=\"og:locale\" content=\"de_DE\" \/>\n<meta property=\"og:type\" content=\"article\" \/>\n<meta property=\"og:title\" content=\"Dokumentation von Software - ecambria experts\" \/>\n<meta property=\"og:description\" content=\"\u00dcber die Pflicht in Softwareprojekten eine oder mehrere Arten von Dokumentation f\u00fcr Software zu erstellen und zu liefern, wird gerne und h\u00e4ufig gestritten\" \/>\n<meta property=\"og:url\" content=\"https:\/\/www.ecambria-experts.de\/it-sachverstaendiger\/publikationen_dokumentation\" \/>\n<meta property=\"og:site_name\" content=\"ecambria experts\" \/>\n<meta property=\"article:modified_time\" content=\"2017-05-15T12:35:34+00:00\" \/>\n<meta name=\"twitter:card\" content=\"summary_large_image\" \/>\n<meta name=\"twitter:label1\" content=\"Gesch\u00e4tzte Lesezeit\" \/>\n\t<meta name=\"twitter:data1\" content=\"1\u00a0Minute\" \/>\n<script type=\"application\/ld+json\" class=\"yoast-schema-graph\">{\"@context\":\"https:\/\/schema.org\",\"@graph\":[{\"@type\":\"WebPage\",\"@id\":\"https:\/\/www.ecambria-experts.de\/it-sachverstaendiger\/publikationen_dokumentation\",\"url\":\"https:\/\/www.ecambria-experts.de\/it-sachverstaendiger\/publikationen_dokumentation\",\"name\":\"Dokumentation von Software - ecambria experts\",\"isPartOf\":{\"@id\":\"https:\/\/www.ecambria-experts.de\/it-sachverstaendiger\/#website\"},\"datePublished\":\"2014-12-22T10:27:52+00:00\",\"dateModified\":\"2017-05-15T12:35:34+00:00\",\"description\":\"\u00dcber die Pflicht in Softwareprojekten eine oder mehrere Arten von Dokumentation f\u00fcr Software zu erstellen und zu liefern, wird gerne und h\u00e4ufig gestritten\",\"breadcrumb\":{\"@id\":\"https:\/\/www.ecambria-experts.de\/it-sachverstaendiger\/publikationen_dokumentation#breadcrumb\"},\"inLanguage\":\"de\",\"potentialAction\":[{\"@type\":\"ReadAction\",\"target\":[\"https:\/\/www.ecambria-experts.de\/it-sachverstaendiger\/publikationen_dokumentation\"]}]},{\"@type\":\"BreadcrumbList\",\"@id\":\"https:\/\/www.ecambria-experts.de\/it-sachverstaendiger\/publikationen_dokumentation#breadcrumb\",\"itemListElement\":[{\"@type\":\"ListItem\",\"position\":1,\"name\":\"Startseite\",\"item\":\"https:\/\/www.ecambria-experts.de\/it-sachverstaendiger\/\"},{\"@type\":\"ListItem\",\"position\":2,\"name\":\"Dokumentation von Software\"}]},{\"@type\":\"WebSite\",\"@id\":\"https:\/\/www.ecambria-experts.de\/it-sachverstaendiger\/#website\",\"url\":\"https:\/\/www.ecambria-experts.de\/it-sachverstaendiger\/\",\"name\":\"ecambria experts\",\"description\":\"IT-Sachverst\u00e4ndige und Gutachter, Bewertung, Gerichtsgutachten, Privatgutachten, Schlichtung\",\"publisher\":{\"@id\":\"https:\/\/www.ecambria-experts.de\/it-sachverstaendiger\/#organization\"},\"potentialAction\":[{\"@type\":\"SearchAction\",\"target\":{\"@type\":\"EntryPoint\",\"urlTemplate\":\"https:\/\/www.ecambria-experts.de\/it-sachverstaendiger\/?s={search_term_string}\"},\"query-input\":{\"@type\":\"PropertyValueSpecification\",\"valueRequired\":true,\"valueName\":\"search_term_string\"}}],\"inLanguage\":\"de\"},{\"@type\":\"Organization\",\"@id\":\"https:\/\/www.ecambria-experts.de\/it-sachverstaendiger\/#organization\",\"name\":\"ecambria experts\",\"url\":\"https:\/\/www.ecambria-experts.de\/it-sachverstaendiger\/\",\"logo\":{\"@type\":\"ImageObject\",\"inLanguage\":\"de\",\"@id\":\"https:\/\/www.ecambria-experts.de\/it-sachverstaendiger\/#\/schema\/logo\/image\/\",\"url\":\"https:\/\/www.ecambria-experts.de\/it-sachverstaendiger\/wp-content\/uploads\/2025\/09\/ecambria_experts_logo_ohne_rand.svg\",\"contentUrl\":\"https:\/\/www.ecambria-experts.de\/it-sachverstaendiger\/wp-content\/uploads\/2025\/09\/ecambria_experts_logo_ohne_rand.svg\",\"width\":369,\"height\":60,\"caption\":\"ecambria experts\"},\"image\":{\"@id\":\"https:\/\/www.ecambria-experts.de\/it-sachverstaendiger\/#\/schema\/logo\/image\/\"}}]}<\/script>\n<!-- \/ Yoast SEO plugin. -->","yoast_head_json":{"title":"Dokumentation von Software - ecambria experts","description":"\u00dcber die Pflicht in Softwareprojekten eine oder mehrere Arten von Dokumentation f\u00fcr Software zu erstellen und zu liefern, wird gerne und h\u00e4ufig gestritten","robots":{"index":"index","follow":"follow","max-snippet":"max-snippet:-1","max-image-preview":"max-image-preview:large","max-video-preview":"max-video-preview:-1"},"canonical":"https:\/\/www.ecambria-experts.de\/it-sachverstaendiger\/publikationen_dokumentation","og_locale":"de_DE","og_type":"article","og_title":"Dokumentation von Software - ecambria experts","og_description":"\u00dcber die Pflicht in Softwareprojekten eine oder mehrere Arten von Dokumentation f\u00fcr Software zu erstellen und zu liefern, wird gerne und h\u00e4ufig gestritten","og_url":"https:\/\/www.ecambria-experts.de\/it-sachverstaendiger\/publikationen_dokumentation","og_site_name":"ecambria experts","article_modified_time":"2017-05-15T12:35:34+00:00","twitter_card":"summary_large_image","twitter_misc":{"Gesch\u00e4tzte Lesezeit":"1\u00a0Minute"},"schema":{"@context":"https:\/\/schema.org","@graph":[{"@type":"WebPage","@id":"https:\/\/www.ecambria-experts.de\/it-sachverstaendiger\/publikationen_dokumentation","url":"https:\/\/www.ecambria-experts.de\/it-sachverstaendiger\/publikationen_dokumentation","name":"Dokumentation von Software - ecambria experts","isPartOf":{"@id":"https:\/\/www.ecambria-experts.de\/it-sachverstaendiger\/#website"},"datePublished":"2014-12-22T10:27:52+00:00","dateModified":"2017-05-15T12:35:34+00:00","description":"\u00dcber die Pflicht in Softwareprojekten eine oder mehrere Arten von Dokumentation f\u00fcr Software zu erstellen und zu liefern, wird gerne und h\u00e4ufig gestritten","breadcrumb":{"@id":"https:\/\/www.ecambria-experts.de\/it-sachverstaendiger\/publikationen_dokumentation#breadcrumb"},"inLanguage":"de","potentialAction":[{"@type":"ReadAction","target":["https:\/\/www.ecambria-experts.de\/it-sachverstaendiger\/publikationen_dokumentation"]}]},{"@type":"BreadcrumbList","@id":"https:\/\/www.ecambria-experts.de\/it-sachverstaendiger\/publikationen_dokumentation#breadcrumb","itemListElement":[{"@type":"ListItem","position":1,"name":"Startseite","item":"https:\/\/www.ecambria-experts.de\/it-sachverstaendiger\/"},{"@type":"ListItem","position":2,"name":"Dokumentation von Software"}]},{"@type":"WebSite","@id":"https:\/\/www.ecambria-experts.de\/it-sachverstaendiger\/#website","url":"https:\/\/www.ecambria-experts.de\/it-sachverstaendiger\/","name":"ecambria experts","description":"IT-Sachverst\u00e4ndige und Gutachter, Bewertung, Gerichtsgutachten, Privatgutachten, Schlichtung","publisher":{"@id":"https:\/\/www.ecambria-experts.de\/it-sachverstaendiger\/#organization"},"potentialAction":[{"@type":"SearchAction","target":{"@type":"EntryPoint","urlTemplate":"https:\/\/www.ecambria-experts.de\/it-sachverstaendiger\/?s={search_term_string}"},"query-input":{"@type":"PropertyValueSpecification","valueRequired":true,"valueName":"search_term_string"}}],"inLanguage":"de"},{"@type":"Organization","@id":"https:\/\/www.ecambria-experts.de\/it-sachverstaendiger\/#organization","name":"ecambria experts","url":"https:\/\/www.ecambria-experts.de\/it-sachverstaendiger\/","logo":{"@type":"ImageObject","inLanguage":"de","@id":"https:\/\/www.ecambria-experts.de\/it-sachverstaendiger\/#\/schema\/logo\/image\/","url":"https:\/\/www.ecambria-experts.de\/it-sachverstaendiger\/wp-content\/uploads\/2025\/09\/ecambria_experts_logo_ohne_rand.svg","contentUrl":"https:\/\/www.ecambria-experts.de\/it-sachverstaendiger\/wp-content\/uploads\/2025\/09\/ecambria_experts_logo_ohne_rand.svg","width":369,"height":60,"caption":"ecambria experts"},"image":{"@id":"https:\/\/www.ecambria-experts.de\/it-sachverstaendiger\/#\/schema\/logo\/image\/"}}]}},"_links":{"self":[{"href":"https:\/\/www.ecambria-experts.de\/it-sachverstaendiger\/wp-json\/wp\/v2\/pages\/200","targetHints":{"allow":["GET"]}}],"collection":[{"href":"https:\/\/www.ecambria-experts.de\/it-sachverstaendiger\/wp-json\/wp\/v2\/pages"}],"about":[{"href":"https:\/\/www.ecambria-experts.de\/it-sachverstaendiger\/wp-json\/wp\/v2\/types\/page"}],"author":[{"embeddable":true,"href":"https:\/\/www.ecambria-experts.de\/it-sachverstaendiger\/wp-json\/wp\/v2\/users\/1"}],"replies":[{"embeddable":true,"href":"https:\/\/www.ecambria-experts.de\/it-sachverstaendiger\/wp-json\/wp\/v2\/comments?post=200"}],"version-history":[{"count":3,"href":"https:\/\/www.ecambria-experts.de\/it-sachverstaendiger\/wp-json\/wp\/v2\/pages\/200\/revisions"}],"predecessor-version":[{"id":599,"href":"https:\/\/www.ecambria-experts.de\/it-sachverstaendiger\/wp-json\/wp\/v2\/pages\/200\/revisions\/599"}],"wp:attachment":[{"href":"https:\/\/www.ecambria-experts.de\/it-sachverstaendiger\/wp-json\/wp\/v2\/media?parent=200"}],"curies":[{"name":"wp","href":"https:\/\/api.w.org\/{rel}","templated":true}]}}