{"id":202,"date":"2014-12-22T12:28:15","date_gmt":"2014-12-22T10:28:15","guid":{"rendered":"http:\/\/www.the-only-thing-constant.com\/it-sachverstaendiger\/?page_id=202"},"modified":"2020-12-07T18:28:28","modified_gmt":"2020-12-07T17:28:28","slug":"publikationen_verschluesselung","status":"publish","type":"page","link":"https:\/\/www.ecambria-experts.de\/it-sachverstaendiger\/publikationen_verschluesselung","title":{"rendered":"Datenschutz und Verschl\u00fcsselung"},"content":{"rendered":"<p><em>Stiemerling, Oliver \/ Hartung, J\u00fcrgen<\/em>: <strong>Datenschutz und Verschl\u00fcsselung<\/strong>, CR 2012, 60-68<\/p>\n<p class=\"main-title\"><strong>Abstrakt<\/strong><\/p>\n<p id=\"contentcolumn\">Im Datenschutz ist zunehmend von Verschl\u00fcsselung die Rede: es besteht Einigkeit dar\u00fcber, dass die Verschl\u00fcsselung sehr sinnvoll ist und manch peinliche Nachrichten-Schlagzeile bei einem Data Breach (Verlust von Laptops usw.) bei einer Verschl\u00fcsselung der Daten anders ausgefallen w\u00e4re. Das BDSG erw\u00e4hnt die Verschl\u00fcsselung aber nur im Anhang zu \u00a7 9 BDSG als m\u00f6gliche technisch-organisatorische Ma\u00dfnahme der Zugangs-, Zugriffs- und Weitergabekontrolle. Dieser Beitrag stellt zun\u00e4chst typisierend die verschiedenen Einsatzm\u00f6glichkeiten einer Verschl\u00fcsselung dar. Darauf aufbauend werden die rechtliche Bedeutung und Wirkung einer Verschl\u00fcsselung im Datenschutzrecht und verwandten Rechtsbereichen wie dem Geheimnisschutz untersucht.<\/p>\n<p>Der vollst\u00e4ndige Artikel ist erh\u00e4ltlich beim <a href=\"http:\/\/www.otto-schmidt.de\/\" target=\"_blank\">Verlag Dr. Otto Schmidt<\/a> in K\u00f6ln.<\/p>\n","protected":false},"excerpt":{"rendered":"<p>Stiemerling, Oliver \/ Hartung, J\u00fcrgen: Datenschutz und Verschl\u00fcsselung, CR 2012, 60-68 Abstrakt Im Datenschutz ist zunehmend von Verschl\u00fcsselung die Rede: es besteht Einigkeit dar\u00fcber, dass die Verschl\u00fcsselung sehr sinnvoll ist und manch peinliche Nachrichten-Schlagzeile bei einem Data Breach (Verlust von Laptops usw.) bei einer Verschl\u00fcsselung der Daten anders ausgefallen w\u00e4re&#8230;.<\/p>\n","protected":false},"author":1,"featured_media":0,"parent":0,"menu_order":0,"comment_status":"closed","ping_status":"closed","template":"","meta":{"inline_featured_image":false,"footnotes":""},"class_list":["post-202","page","type-page","status-publish","hentry"],"yoast_head":"<!-- This site is optimized with the Yoast SEO plugin v25.4 - https:\/\/yoast.com\/wordpress\/plugins\/seo\/ -->\n<title>Datenschutz und Verschl\u00fcsselung - ecambria experts<\/title>\n<meta name=\"description\" content=\"Der Beitrag stellt zun\u00e4chst die verschiedenen Einsatzm\u00f6glichkeiten einer Verschl\u00fcsselung dar und untersucht sodann deren datenschutzrechtliche Wirkung.\" \/>\n<meta name=\"robots\" content=\"index, follow, max-snippet:-1, max-image-preview:large, max-video-preview:-1\" \/>\n<link rel=\"canonical\" href=\"https:\/\/www.ecambria-experts.de\/it-sachverstaendiger\/publikationen_verschluesselung\" \/>\n<meta property=\"og:locale\" content=\"de_DE\" \/>\n<meta property=\"og:type\" content=\"article\" \/>\n<meta property=\"og:title\" content=\"Datenschutz und Verschl\u00fcsselung - ecambria experts\" \/>\n<meta property=\"og:description\" content=\"Der Beitrag stellt zun\u00e4chst die verschiedenen Einsatzm\u00f6glichkeiten einer Verschl\u00fcsselung dar und untersucht sodann deren datenschutzrechtliche Wirkung.\" \/>\n<meta property=\"og:url\" content=\"https:\/\/www.ecambria-experts.de\/it-sachverstaendiger\/publikationen_verschluesselung\" \/>\n<meta property=\"og:site_name\" content=\"ecambria experts\" \/>\n<meta property=\"article:modified_time\" content=\"2020-12-07T17:28:28+00:00\" \/>\n<meta name=\"twitter:card\" content=\"summary_large_image\" \/>\n<meta name=\"twitter:label1\" content=\"Gesch\u00e4tzte Lesezeit\" \/>\n\t<meta name=\"twitter:data1\" content=\"1\u00a0Minute\" \/>\n<script type=\"application\/ld+json\" class=\"yoast-schema-graph\">{\"@context\":\"https:\/\/schema.org\",\"@graph\":[{\"@type\":\"WebPage\",\"@id\":\"https:\/\/www.ecambria-experts.de\/it-sachverstaendiger\/publikationen_verschluesselung\",\"url\":\"https:\/\/www.ecambria-experts.de\/it-sachverstaendiger\/publikationen_verschluesselung\",\"name\":\"Datenschutz und Verschl\u00fcsselung - ecambria experts\",\"isPartOf\":{\"@id\":\"https:\/\/www.ecambria-experts.de\/it-sachverstaendiger\/#website\"},\"datePublished\":\"2014-12-22T10:28:15+00:00\",\"dateModified\":\"2020-12-07T17:28:28+00:00\",\"description\":\"Der Beitrag stellt zun\u00e4chst die verschiedenen Einsatzm\u00f6glichkeiten einer Verschl\u00fcsselung dar und untersucht sodann deren datenschutzrechtliche Wirkung.\",\"breadcrumb\":{\"@id\":\"https:\/\/www.ecambria-experts.de\/it-sachverstaendiger\/publikationen_verschluesselung#breadcrumb\"},\"inLanguage\":\"de\",\"potentialAction\":[{\"@type\":\"ReadAction\",\"target\":[\"https:\/\/www.ecambria-experts.de\/it-sachverstaendiger\/publikationen_verschluesselung\"]}]},{\"@type\":\"BreadcrumbList\",\"@id\":\"https:\/\/www.ecambria-experts.de\/it-sachverstaendiger\/publikationen_verschluesselung#breadcrumb\",\"itemListElement\":[{\"@type\":\"ListItem\",\"position\":1,\"name\":\"Startseite\",\"item\":\"https:\/\/www.ecambria-experts.de\/it-sachverstaendiger\/\"},{\"@type\":\"ListItem\",\"position\":2,\"name\":\"Datenschutz und Verschl\u00fcsselung\"}]},{\"@type\":\"WebSite\",\"@id\":\"https:\/\/www.ecambria-experts.de\/it-sachverstaendiger\/#website\",\"url\":\"https:\/\/www.ecambria-experts.de\/it-sachverstaendiger\/\",\"name\":\"ecambria experts\",\"description\":\"IT-Sachverst\u00e4ndige und Gutachter, Bewertung, Gerichtsgutachten, Privatgutachten, Schlichtung\",\"publisher\":{\"@id\":\"https:\/\/www.ecambria-experts.de\/it-sachverstaendiger\/#organization\"},\"potentialAction\":[{\"@type\":\"SearchAction\",\"target\":{\"@type\":\"EntryPoint\",\"urlTemplate\":\"https:\/\/www.ecambria-experts.de\/it-sachverstaendiger\/?s={search_term_string}\"},\"query-input\":{\"@type\":\"PropertyValueSpecification\",\"valueRequired\":true,\"valueName\":\"search_term_string\"}}],\"inLanguage\":\"de\"},{\"@type\":\"Organization\",\"@id\":\"https:\/\/www.ecambria-experts.de\/it-sachverstaendiger\/#organization\",\"name\":\"ecambria experts\",\"url\":\"https:\/\/www.ecambria-experts.de\/it-sachverstaendiger\/\",\"logo\":{\"@type\":\"ImageObject\",\"inLanguage\":\"de\",\"@id\":\"https:\/\/www.ecambria-experts.de\/it-sachverstaendiger\/#\/schema\/logo\/image\/\",\"url\":\"https:\/\/www.ecambria-experts.de\/it-sachverstaendiger\/wp-content\/uploads\/2025\/09\/ecambria_experts_logo_ohne_rand.svg\",\"contentUrl\":\"https:\/\/www.ecambria-experts.de\/it-sachverstaendiger\/wp-content\/uploads\/2025\/09\/ecambria_experts_logo_ohne_rand.svg\",\"width\":369,\"height\":60,\"caption\":\"ecambria experts\"},\"image\":{\"@id\":\"https:\/\/www.ecambria-experts.de\/it-sachverstaendiger\/#\/schema\/logo\/image\/\"}}]}<\/script>\n<!-- \/ Yoast SEO plugin. -->","yoast_head_json":{"title":"Datenschutz und Verschl\u00fcsselung - ecambria experts","description":"Der Beitrag stellt zun\u00e4chst die verschiedenen Einsatzm\u00f6glichkeiten einer Verschl\u00fcsselung dar und untersucht sodann deren datenschutzrechtliche Wirkung.","robots":{"index":"index","follow":"follow","max-snippet":"max-snippet:-1","max-image-preview":"max-image-preview:large","max-video-preview":"max-video-preview:-1"},"canonical":"https:\/\/www.ecambria-experts.de\/it-sachverstaendiger\/publikationen_verschluesselung","og_locale":"de_DE","og_type":"article","og_title":"Datenschutz und Verschl\u00fcsselung - ecambria experts","og_description":"Der Beitrag stellt zun\u00e4chst die verschiedenen Einsatzm\u00f6glichkeiten einer Verschl\u00fcsselung dar und untersucht sodann deren datenschutzrechtliche Wirkung.","og_url":"https:\/\/www.ecambria-experts.de\/it-sachverstaendiger\/publikationen_verschluesselung","og_site_name":"ecambria experts","article_modified_time":"2020-12-07T17:28:28+00:00","twitter_card":"summary_large_image","twitter_misc":{"Gesch\u00e4tzte Lesezeit":"1\u00a0Minute"},"schema":{"@context":"https:\/\/schema.org","@graph":[{"@type":"WebPage","@id":"https:\/\/www.ecambria-experts.de\/it-sachverstaendiger\/publikationen_verschluesselung","url":"https:\/\/www.ecambria-experts.de\/it-sachverstaendiger\/publikationen_verschluesselung","name":"Datenschutz und Verschl\u00fcsselung - ecambria experts","isPartOf":{"@id":"https:\/\/www.ecambria-experts.de\/it-sachverstaendiger\/#website"},"datePublished":"2014-12-22T10:28:15+00:00","dateModified":"2020-12-07T17:28:28+00:00","description":"Der Beitrag stellt zun\u00e4chst die verschiedenen Einsatzm\u00f6glichkeiten einer Verschl\u00fcsselung dar und untersucht sodann deren datenschutzrechtliche Wirkung.","breadcrumb":{"@id":"https:\/\/www.ecambria-experts.de\/it-sachverstaendiger\/publikationen_verschluesselung#breadcrumb"},"inLanguage":"de","potentialAction":[{"@type":"ReadAction","target":["https:\/\/www.ecambria-experts.de\/it-sachverstaendiger\/publikationen_verschluesselung"]}]},{"@type":"BreadcrumbList","@id":"https:\/\/www.ecambria-experts.de\/it-sachverstaendiger\/publikationen_verschluesselung#breadcrumb","itemListElement":[{"@type":"ListItem","position":1,"name":"Startseite","item":"https:\/\/www.ecambria-experts.de\/it-sachverstaendiger\/"},{"@type":"ListItem","position":2,"name":"Datenschutz und Verschl\u00fcsselung"}]},{"@type":"WebSite","@id":"https:\/\/www.ecambria-experts.de\/it-sachverstaendiger\/#website","url":"https:\/\/www.ecambria-experts.de\/it-sachverstaendiger\/","name":"ecambria experts","description":"IT-Sachverst\u00e4ndige und Gutachter, Bewertung, Gerichtsgutachten, Privatgutachten, Schlichtung","publisher":{"@id":"https:\/\/www.ecambria-experts.de\/it-sachverstaendiger\/#organization"},"potentialAction":[{"@type":"SearchAction","target":{"@type":"EntryPoint","urlTemplate":"https:\/\/www.ecambria-experts.de\/it-sachverstaendiger\/?s={search_term_string}"},"query-input":{"@type":"PropertyValueSpecification","valueRequired":true,"valueName":"search_term_string"}}],"inLanguage":"de"},{"@type":"Organization","@id":"https:\/\/www.ecambria-experts.de\/it-sachverstaendiger\/#organization","name":"ecambria experts","url":"https:\/\/www.ecambria-experts.de\/it-sachverstaendiger\/","logo":{"@type":"ImageObject","inLanguage":"de","@id":"https:\/\/www.ecambria-experts.de\/it-sachverstaendiger\/#\/schema\/logo\/image\/","url":"https:\/\/www.ecambria-experts.de\/it-sachverstaendiger\/wp-content\/uploads\/2025\/09\/ecambria_experts_logo_ohne_rand.svg","contentUrl":"https:\/\/www.ecambria-experts.de\/it-sachverstaendiger\/wp-content\/uploads\/2025\/09\/ecambria_experts_logo_ohne_rand.svg","width":369,"height":60,"caption":"ecambria experts"},"image":{"@id":"https:\/\/www.ecambria-experts.de\/it-sachverstaendiger\/#\/schema\/logo\/image\/"}}]}},"_links":{"self":[{"href":"https:\/\/www.ecambria-experts.de\/it-sachverstaendiger\/wp-json\/wp\/v2\/pages\/202","targetHints":{"allow":["GET"]}}],"collection":[{"href":"https:\/\/www.ecambria-experts.de\/it-sachverstaendiger\/wp-json\/wp\/v2\/pages"}],"about":[{"href":"https:\/\/www.ecambria-experts.de\/it-sachverstaendiger\/wp-json\/wp\/v2\/types\/page"}],"author":[{"embeddable":true,"href":"https:\/\/www.ecambria-experts.de\/it-sachverstaendiger\/wp-json\/wp\/v2\/users\/1"}],"replies":[{"embeddable":true,"href":"https:\/\/www.ecambria-experts.de\/it-sachverstaendiger\/wp-json\/wp\/v2\/comments?post=202"}],"version-history":[{"count":3,"href":"https:\/\/www.ecambria-experts.de\/it-sachverstaendiger\/wp-json\/wp\/v2\/pages\/202\/revisions"}],"predecessor-version":[{"id":595,"href":"https:\/\/www.ecambria-experts.de\/it-sachverstaendiger\/wp-json\/wp\/v2\/pages\/202\/revisions\/595"}],"wp:attachment":[{"href":"https:\/\/www.ecambria-experts.de\/it-sachverstaendiger\/wp-json\/wp\/v2\/media?parent=202"}],"curies":[{"name":"wp","href":"https:\/\/api.w.org\/{rel}","templated":true}]}}