{"id":205,"date":"2014-12-22T12:29:38","date_gmt":"2014-12-22T10:29:38","guid":{"rendered":"http:\/\/www.the-only-thing-constant.com\/it-sachverstaendiger\/?page_id=205"},"modified":"2016-03-01T15:57:30","modified_gmt":"2016-03-01T14:57:30","slug":"publikationen_moderne_softwareentwicklungsmethoden","status":"publish","type":"page","link":"https:\/\/www.ecambria-experts.de\/it-sachverstaendiger\/publikationen_moderne_softwareentwicklungsmethoden","title":{"rendered":"Moderne Softwareentwicklungsmethoden und ihre Konsequenzen f\u00fcr den Softwareschutz"},"content":{"rendered":"<p><em>Stiemerling, Oliver: <\/em><strong>Moderne Softwareentwicklungsmethoden und ihre Konsequenzen f\u00fcr den Softwareschutz<\/strong>, Jahrbuch 2011, Deutsche Gesellschaft f\u00fcr Recht und Informatik e.V., 201-218<\/p>\n<div id=\"contentcolumn\">\n<p class=\"main-title\"><strong>Abstrakt<\/strong><\/p>\n<p>Dieser Beitrag ist die Ausarbeitung eines Vortrags des Autors auf dem Dreil\u00e4ndertreffen 2011 der DGRI in Wien zum Thema Softwareschutz. Motiviert durch die Feststellung von Dr. Robert G. Briner auf der DGRI Jahrestagung 2010 in N\u00fcrnberg, dass heute viele umfangreiche und oft teuer bezahlte Arbeitsergebnisse von Informatikern m\u00f6glicherweise \u00fcberhaupt nicht dem Schutz durch das Urheberrecht unterliegen, werden hier aktuelle Softwareentwicklungsmethoden mit ihren f\u00fcr den Softwareschutz relevanten Eigenschaften dargestellt. Insbesondere wird aufgezeigt, dass sich durch<\/p>\n<ul>\n<li>die ausgepr\u00e4gte Nutzung von Fremdkomponenten,<\/li>\n<li>die zunehmende Verwendung und Anpassung von Standardsoftware,<\/li>\n<li>die automatische Erzeugung von Source-Code und<\/li>\n<li>aktuelle, in der Programmierung verwendete formale Sprachen<\/li>\n<\/ul>\n<p>aus technischer Sicht signifikante Ver\u00e4nderungen bei der Erstellung von Computerprogrammen ergeben haben, die f\u00fcr die aktuelle rechtlichen Diskussionen interessant sein k\u00f6nnten. Dieser Beitrag soll und kann keine rechtliche Bewertung abgeben (der Autor ist Informatiker und kein Jurist), sondern hat zum Ziel, f\u00fcr den Softwareschutz bedeutsame technische Trends zu beschreiben. Zudem wird aus Sicht der Informatikpraxis aufgezeigt, welcher Schutz der entsprechenden Arbeitsergebnisse unter Anwendung technischer und \u00f6konomischer Kriterien sinnvoll und pragmatisch w\u00e4re. Der Beitrag sollte also nur als Ausgangspunkt f\u00fcr eine rechtliche Betrachtung des Themas angesehen werden.<\/p>\n<\/div>\n","protected":false},"excerpt":{"rendered":"<p>Stiemerling, Oliver: Moderne Softwareentwicklungsmethoden und ihre Konsequenzen f\u00fcr den Softwareschutz, Jahrbuch 2011, Deutsche Gesellschaft f\u00fcr Recht und Informatik e.V., 201-218 Abstrakt Dieser Beitrag ist die Ausarbeitung eines Vortrags des Autors auf dem Dreil\u00e4ndertreffen 2011 der DGRI in Wien zum Thema Softwareschutz. Motiviert durch die Feststellung von Dr. Robert G. Briner&#8230;<\/p>\n","protected":false},"author":1,"featured_media":0,"parent":0,"menu_order":0,"comment_status":"closed","ping_status":"closed","template":"page-templates\/full-width.php","meta":{"inline_featured_image":false,"footnotes":""},"class_list":["post-205","page","type-page","status-publish","hentry"],"yoast_head":"<!-- This site is optimized with the Yoast SEO plugin v25.4 - https:\/\/yoast.com\/wordpress\/plugins\/seo\/ -->\n<title>Moderne Softwareentwicklungsmethoden und ihre Konsequenzen f\u00fcr den Softwareschutz - ecambria experts<\/title>\n<meta name=\"robots\" content=\"index, follow, max-snippet:-1, max-image-preview:large, max-video-preview:-1\" \/>\n<link rel=\"canonical\" href=\"https:\/\/www.ecambria-experts.de\/it-sachverstaendiger\/publikationen_moderne_softwareentwicklungsmethoden\" \/>\n<meta property=\"og:locale\" content=\"de_DE\" \/>\n<meta property=\"og:type\" content=\"article\" \/>\n<meta property=\"og:title\" content=\"Moderne Softwareentwicklungsmethoden und ihre Konsequenzen f\u00fcr den Softwareschutz - ecambria experts\" \/>\n<meta property=\"og:description\" content=\"Stiemerling, Oliver: Moderne Softwareentwicklungsmethoden und ihre Konsequenzen f\u00fcr den Softwareschutz, Jahrbuch 2011, Deutsche Gesellschaft f\u00fcr Recht und Informatik e.V., 201-218 Abstrakt Dieser Beitrag ist die Ausarbeitung eines Vortrags des Autors auf dem Dreil\u00e4ndertreffen 2011 der DGRI in Wien zum Thema Softwareschutz. Motiviert durch die Feststellung von Dr. Robert G. Briner...\" \/>\n<meta property=\"og:url\" content=\"https:\/\/www.ecambria-experts.de\/it-sachverstaendiger\/publikationen_moderne_softwareentwicklungsmethoden\" \/>\n<meta property=\"og:site_name\" content=\"ecambria experts\" \/>\n<meta property=\"article:modified_time\" content=\"2016-03-01T14:57:30+00:00\" \/>\n<meta name=\"twitter:card\" content=\"summary_large_image\" \/>\n<meta name=\"twitter:label1\" content=\"Gesch\u00e4tzte Lesezeit\" \/>\n\t<meta name=\"twitter:data1\" content=\"1\u00a0Minute\" \/>\n<script type=\"application\/ld+json\" class=\"yoast-schema-graph\">{\"@context\":\"https:\/\/schema.org\",\"@graph\":[{\"@type\":\"WebPage\",\"@id\":\"https:\/\/www.ecambria-experts.de\/it-sachverstaendiger\/publikationen_moderne_softwareentwicklungsmethoden\",\"url\":\"https:\/\/www.ecambria-experts.de\/it-sachverstaendiger\/publikationen_moderne_softwareentwicklungsmethoden\",\"name\":\"Moderne Softwareentwicklungsmethoden und ihre Konsequenzen f\u00fcr den Softwareschutz - ecambria experts\",\"isPartOf\":{\"@id\":\"https:\/\/www.ecambria-experts.de\/it-sachverstaendiger\/#website\"},\"datePublished\":\"2014-12-22T10:29:38+00:00\",\"dateModified\":\"2016-03-01T14:57:30+00:00\",\"breadcrumb\":{\"@id\":\"https:\/\/www.ecambria-experts.de\/it-sachverstaendiger\/publikationen_moderne_softwareentwicklungsmethoden#breadcrumb\"},\"inLanguage\":\"de\",\"potentialAction\":[{\"@type\":\"ReadAction\",\"target\":[\"https:\/\/www.ecambria-experts.de\/it-sachverstaendiger\/publikationen_moderne_softwareentwicklungsmethoden\"]}]},{\"@type\":\"BreadcrumbList\",\"@id\":\"https:\/\/www.ecambria-experts.de\/it-sachverstaendiger\/publikationen_moderne_softwareentwicklungsmethoden#breadcrumb\",\"itemListElement\":[{\"@type\":\"ListItem\",\"position\":1,\"name\":\"Startseite\",\"item\":\"https:\/\/www.ecambria-experts.de\/it-sachverstaendiger\/\"},{\"@type\":\"ListItem\",\"position\":2,\"name\":\"Moderne Softwareentwicklungsmethoden und ihre Konsequenzen f\u00fcr den Softwareschutz\"}]},{\"@type\":\"WebSite\",\"@id\":\"https:\/\/www.ecambria-experts.de\/it-sachverstaendiger\/#website\",\"url\":\"https:\/\/www.ecambria-experts.de\/it-sachverstaendiger\/\",\"name\":\"ecambria experts\",\"description\":\"IT-Sachverst\u00e4ndige und Gutachter, Bewertung, Gerichtsgutachten, Privatgutachten, Schlichtung\",\"publisher\":{\"@id\":\"https:\/\/www.ecambria-experts.de\/it-sachverstaendiger\/#organization\"},\"potentialAction\":[{\"@type\":\"SearchAction\",\"target\":{\"@type\":\"EntryPoint\",\"urlTemplate\":\"https:\/\/www.ecambria-experts.de\/it-sachverstaendiger\/?s={search_term_string}\"},\"query-input\":{\"@type\":\"PropertyValueSpecification\",\"valueRequired\":true,\"valueName\":\"search_term_string\"}}],\"inLanguage\":\"de\"},{\"@type\":\"Organization\",\"@id\":\"https:\/\/www.ecambria-experts.de\/it-sachverstaendiger\/#organization\",\"name\":\"ecambria experts\",\"url\":\"https:\/\/www.ecambria-experts.de\/it-sachverstaendiger\/\",\"logo\":{\"@type\":\"ImageObject\",\"inLanguage\":\"de\",\"@id\":\"https:\/\/www.ecambria-experts.de\/it-sachverstaendiger\/#\/schema\/logo\/image\/\",\"url\":\"https:\/\/www.ecambria-experts.de\/it-sachverstaendiger\/wp-content\/uploads\/2025\/09\/ecambria_experts_logo_ohne_rand.svg\",\"contentUrl\":\"https:\/\/www.ecambria-experts.de\/it-sachverstaendiger\/wp-content\/uploads\/2025\/09\/ecambria_experts_logo_ohne_rand.svg\",\"width\":369,\"height\":60,\"caption\":\"ecambria experts\"},\"image\":{\"@id\":\"https:\/\/www.ecambria-experts.de\/it-sachverstaendiger\/#\/schema\/logo\/image\/\"}}]}<\/script>\n<!-- \/ Yoast SEO plugin. -->","yoast_head_json":{"title":"Moderne Softwareentwicklungsmethoden und ihre Konsequenzen f\u00fcr den Softwareschutz - ecambria experts","robots":{"index":"index","follow":"follow","max-snippet":"max-snippet:-1","max-image-preview":"max-image-preview:large","max-video-preview":"max-video-preview:-1"},"canonical":"https:\/\/www.ecambria-experts.de\/it-sachverstaendiger\/publikationen_moderne_softwareentwicklungsmethoden","og_locale":"de_DE","og_type":"article","og_title":"Moderne Softwareentwicklungsmethoden und ihre Konsequenzen f\u00fcr den Softwareschutz - ecambria experts","og_description":"Stiemerling, Oliver: Moderne Softwareentwicklungsmethoden und ihre Konsequenzen f\u00fcr den Softwareschutz, Jahrbuch 2011, Deutsche Gesellschaft f\u00fcr Recht und Informatik e.V., 201-218 Abstrakt Dieser Beitrag ist die Ausarbeitung eines Vortrags des Autors auf dem Dreil\u00e4ndertreffen 2011 der DGRI in Wien zum Thema Softwareschutz. Motiviert durch die Feststellung von Dr. Robert G. Briner...","og_url":"https:\/\/www.ecambria-experts.de\/it-sachverstaendiger\/publikationen_moderne_softwareentwicklungsmethoden","og_site_name":"ecambria experts","article_modified_time":"2016-03-01T14:57:30+00:00","twitter_card":"summary_large_image","twitter_misc":{"Gesch\u00e4tzte Lesezeit":"1\u00a0Minute"},"schema":{"@context":"https:\/\/schema.org","@graph":[{"@type":"WebPage","@id":"https:\/\/www.ecambria-experts.de\/it-sachverstaendiger\/publikationen_moderne_softwareentwicklungsmethoden","url":"https:\/\/www.ecambria-experts.de\/it-sachverstaendiger\/publikationen_moderne_softwareentwicklungsmethoden","name":"Moderne Softwareentwicklungsmethoden und ihre Konsequenzen f\u00fcr den Softwareschutz - ecambria experts","isPartOf":{"@id":"https:\/\/www.ecambria-experts.de\/it-sachverstaendiger\/#website"},"datePublished":"2014-12-22T10:29:38+00:00","dateModified":"2016-03-01T14:57:30+00:00","breadcrumb":{"@id":"https:\/\/www.ecambria-experts.de\/it-sachverstaendiger\/publikationen_moderne_softwareentwicklungsmethoden#breadcrumb"},"inLanguage":"de","potentialAction":[{"@type":"ReadAction","target":["https:\/\/www.ecambria-experts.de\/it-sachverstaendiger\/publikationen_moderne_softwareentwicklungsmethoden"]}]},{"@type":"BreadcrumbList","@id":"https:\/\/www.ecambria-experts.de\/it-sachverstaendiger\/publikationen_moderne_softwareentwicklungsmethoden#breadcrumb","itemListElement":[{"@type":"ListItem","position":1,"name":"Startseite","item":"https:\/\/www.ecambria-experts.de\/it-sachverstaendiger\/"},{"@type":"ListItem","position":2,"name":"Moderne Softwareentwicklungsmethoden und ihre Konsequenzen f\u00fcr den Softwareschutz"}]},{"@type":"WebSite","@id":"https:\/\/www.ecambria-experts.de\/it-sachverstaendiger\/#website","url":"https:\/\/www.ecambria-experts.de\/it-sachverstaendiger\/","name":"ecambria experts","description":"IT-Sachverst\u00e4ndige und Gutachter, Bewertung, Gerichtsgutachten, Privatgutachten, Schlichtung","publisher":{"@id":"https:\/\/www.ecambria-experts.de\/it-sachverstaendiger\/#organization"},"potentialAction":[{"@type":"SearchAction","target":{"@type":"EntryPoint","urlTemplate":"https:\/\/www.ecambria-experts.de\/it-sachverstaendiger\/?s={search_term_string}"},"query-input":{"@type":"PropertyValueSpecification","valueRequired":true,"valueName":"search_term_string"}}],"inLanguage":"de"},{"@type":"Organization","@id":"https:\/\/www.ecambria-experts.de\/it-sachverstaendiger\/#organization","name":"ecambria experts","url":"https:\/\/www.ecambria-experts.de\/it-sachverstaendiger\/","logo":{"@type":"ImageObject","inLanguage":"de","@id":"https:\/\/www.ecambria-experts.de\/it-sachverstaendiger\/#\/schema\/logo\/image\/","url":"https:\/\/www.ecambria-experts.de\/it-sachverstaendiger\/wp-content\/uploads\/2025\/09\/ecambria_experts_logo_ohne_rand.svg","contentUrl":"https:\/\/www.ecambria-experts.de\/it-sachverstaendiger\/wp-content\/uploads\/2025\/09\/ecambria_experts_logo_ohne_rand.svg","width":369,"height":60,"caption":"ecambria experts"},"image":{"@id":"https:\/\/www.ecambria-experts.de\/it-sachverstaendiger\/#\/schema\/logo\/image\/"}}]}},"_links":{"self":[{"href":"https:\/\/www.ecambria-experts.de\/it-sachverstaendiger\/wp-json\/wp\/v2\/pages\/205","targetHints":{"allow":["GET"]}}],"collection":[{"href":"https:\/\/www.ecambria-experts.de\/it-sachverstaendiger\/wp-json\/wp\/v2\/pages"}],"about":[{"href":"https:\/\/www.ecambria-experts.de\/it-sachverstaendiger\/wp-json\/wp\/v2\/types\/page"}],"author":[{"embeddable":true,"href":"https:\/\/www.ecambria-experts.de\/it-sachverstaendiger\/wp-json\/wp\/v2\/users\/1"}],"replies":[{"embeddable":true,"href":"https:\/\/www.ecambria-experts.de\/it-sachverstaendiger\/wp-json\/wp\/v2\/comments?post=205"}],"version-history":[{"count":3,"href":"https:\/\/www.ecambria-experts.de\/it-sachverstaendiger\/wp-json\/wp\/v2\/pages\/205\/revisions"}],"predecessor-version":[{"id":613,"href":"https:\/\/www.ecambria-experts.de\/it-sachverstaendiger\/wp-json\/wp\/v2\/pages\/205\/revisions\/613"}],"wp:attachment":[{"href":"https:\/\/www.ecambria-experts.de\/it-sachverstaendiger\/wp-json\/wp\/v2\/media?parent=205"}],"curies":[{"name":"wp","href":"https:\/\/api.w.org\/{rel}","templated":true}]}}