{"id":207,"date":"2014-12-22T12:30:48","date_gmt":"2014-12-22T10:30:48","guid":{"rendered":"http:\/\/www.the-only-thing-constant.com\/it-sachverstaendiger\/?page_id=207"},"modified":"2016-03-01T15:59:31","modified_gmt":"2016-03-01T14:59:31","slug":"publikationen_software_escrow_verifikation_und_hinterlegung","status":"publish","type":"page","link":"https:\/\/www.ecambria-experts.de\/it-sachverstaendiger\/publikationen_software_escrow_verifikation_und_hinterlegung","title":{"rendered":"Sachgerechte Verifikation bei Software-Escrow &#8211; Anforderungen an die Pr\u00fcfung von Sourcecode und Dokumentation bei der Software-Hinterlegung"},"content":{"rendered":"<p class=\"main-text\"><em>Stiemerling, Oliver:<\/em> <strong>Sachgerechte Verifikation bei Software-Escrow &#8211; Anforderungen an die Pr\u00fcfung von Sourcecode und Dokumentation bei der Software-Hinterlegung<\/strong>, ITRB 4\/2013, 87-89<\/p>\n<p class=\"main-title\"><strong>Abstrakt<\/strong><\/p>\n<p id=\"contentcolumn\">Unternehmen sind oft existenziell vom Bestand der ihren Gesch\u00e4ftsprozessen zugrundeliegenden Softwaresysteme abh\u00e4ngig. Ein probates Mittel zur Absicherung evtl. Ausf\u00e4lle ist die Hinterlegung des zur Weiterentwicklung und Fehlerbehebung erforderlichen Sourcecodes bei einer Hinterlegungsstelle, das sog. Software Escrow. Wesentliches Qualit\u00e4tsmerkmal eines sinnvollen Escrows ist die fach- und sachgerechte Pr\u00fcfung des Sourcecodes, da nur sie die tats\u00e4chliche Verwendbarkeit im Herausgabefall gew\u00e4hrleistet. Dieser Beitrag zeigt aus der technischen Perspektive eines IT-Sachverst\u00e4ndigen die gravierendsten Fehler bei der Sourcecode-Pr\u00fcfung im Escrow-Verfahren auf, die ein rechtlicher Berater kennen sollte, um im Interesse seines Mandanten ein sachgerechtes Pr\u00fcfverfahren von der Hinterlegungsstelle einzufordern und vertraglich festzuschreiben.<\/p>\n<p>Der vollst\u00e4ndige Artikel ist erh\u00e4ltlich beim<a href=\"http:\/\/www.otto-schmidt.de\/\" target=\"_blank\"> Otto-Schmidt-Verlag<\/a> in K\u00f6ln.<\/p>\n","protected":false},"excerpt":{"rendered":"<p>Stiemerling, Oliver: Sachgerechte Verifikation bei Software-Escrow &#8211; Anforderungen an die Pr\u00fcfung von Sourcecode und Dokumentation bei der Software-Hinterlegung, ITRB 4\/2013, 87-89 Abstrakt Unternehmen sind oft existenziell vom Bestand der ihren Gesch\u00e4ftsprozessen zugrundeliegenden Softwaresysteme abh\u00e4ngig. Ein probates Mittel zur Absicherung evtl. Ausf\u00e4lle ist die Hinterlegung des zur Weiterentwicklung und Fehlerbehebung erforderlichen&#8230;<\/p>\n","protected":false},"author":1,"featured_media":0,"parent":0,"menu_order":0,"comment_status":"closed","ping_status":"closed","template":"page-templates\/full-width.php","meta":{"inline_featured_image":false,"footnotes":""},"class_list":["post-207","page","type-page","status-publish","hentry"],"yoast_head":"<!-- This site is optimized with the Yoast SEO plugin v25.4 - https:\/\/yoast.com\/wordpress\/plugins\/seo\/ -->\n<title>Sachgerechte Verifikation bei Software-Escrow - Anforderungen an die Pr\u00fcfung von Sourcecode und Dokumentation bei der Software-Hinterlegung - ecambria experts<\/title>\n<meta name=\"robots\" content=\"index, follow, max-snippet:-1, max-image-preview:large, max-video-preview:-1\" \/>\n<link rel=\"canonical\" href=\"https:\/\/www.ecambria-experts.de\/it-sachverstaendiger\/publikationen_software_escrow_verifikation_und_hinterlegung\" \/>\n<meta property=\"og:locale\" content=\"de_DE\" \/>\n<meta property=\"og:type\" content=\"article\" \/>\n<meta property=\"og:title\" content=\"Sachgerechte Verifikation bei Software-Escrow - Anforderungen an die Pr\u00fcfung von Sourcecode und Dokumentation bei der Software-Hinterlegung - ecambria experts\" \/>\n<meta property=\"og:description\" content=\"Stiemerling, Oliver: Sachgerechte Verifikation bei Software-Escrow &#8211; Anforderungen an die Pr\u00fcfung von Sourcecode und Dokumentation bei der Software-Hinterlegung, ITRB 4\/2013, 87-89 Abstrakt Unternehmen sind oft existenziell vom Bestand der ihren Gesch\u00e4ftsprozessen zugrundeliegenden Softwaresysteme abh\u00e4ngig. Ein probates Mittel zur Absicherung evtl. Ausf\u00e4lle ist die Hinterlegung des zur Weiterentwicklung und Fehlerbehebung erforderlichen...\" \/>\n<meta property=\"og:url\" content=\"https:\/\/www.ecambria-experts.de\/it-sachverstaendiger\/publikationen_software_escrow_verifikation_und_hinterlegung\" \/>\n<meta property=\"og:site_name\" content=\"ecambria experts\" \/>\n<meta property=\"article:modified_time\" content=\"2016-03-01T14:59:31+00:00\" \/>\n<meta name=\"twitter:card\" content=\"summary_large_image\" \/>\n<meta name=\"twitter:label1\" content=\"Gesch\u00e4tzte Lesezeit\" \/>\n\t<meta name=\"twitter:data1\" content=\"1\u00a0Minute\" \/>\n<script type=\"application\/ld+json\" class=\"yoast-schema-graph\">{\"@context\":\"https:\/\/schema.org\",\"@graph\":[{\"@type\":\"WebPage\",\"@id\":\"https:\/\/www.ecambria-experts.de\/it-sachverstaendiger\/publikationen_software_escrow_verifikation_und_hinterlegung\",\"url\":\"https:\/\/www.ecambria-experts.de\/it-sachverstaendiger\/publikationen_software_escrow_verifikation_und_hinterlegung\",\"name\":\"Sachgerechte Verifikation bei Software-Escrow - Anforderungen an die Pr\u00fcfung von Sourcecode und Dokumentation bei der Software-Hinterlegung - ecambria experts\",\"isPartOf\":{\"@id\":\"https:\/\/www.ecambria-experts.de\/it-sachverstaendiger\/#website\"},\"datePublished\":\"2014-12-22T10:30:48+00:00\",\"dateModified\":\"2016-03-01T14:59:31+00:00\",\"breadcrumb\":{\"@id\":\"https:\/\/www.ecambria-experts.de\/it-sachverstaendiger\/publikationen_software_escrow_verifikation_und_hinterlegung#breadcrumb\"},\"inLanguage\":\"de\",\"potentialAction\":[{\"@type\":\"ReadAction\",\"target\":[\"https:\/\/www.ecambria-experts.de\/it-sachverstaendiger\/publikationen_software_escrow_verifikation_und_hinterlegung\"]}]},{\"@type\":\"BreadcrumbList\",\"@id\":\"https:\/\/www.ecambria-experts.de\/it-sachverstaendiger\/publikationen_software_escrow_verifikation_und_hinterlegung#breadcrumb\",\"itemListElement\":[{\"@type\":\"ListItem\",\"position\":1,\"name\":\"Startseite\",\"item\":\"https:\/\/www.ecambria-experts.de\/it-sachverstaendiger\/\"},{\"@type\":\"ListItem\",\"position\":2,\"name\":\"Sachgerechte Verifikation bei Software-Escrow &#8211; Anforderungen an die Pr\u00fcfung von Sourcecode und Dokumentation bei der Software-Hinterlegung\"}]},{\"@type\":\"WebSite\",\"@id\":\"https:\/\/www.ecambria-experts.de\/it-sachverstaendiger\/#website\",\"url\":\"https:\/\/www.ecambria-experts.de\/it-sachverstaendiger\/\",\"name\":\"ecambria experts\",\"description\":\"IT-Sachverst\u00e4ndige und Gutachter, Bewertung, Gerichtsgutachten, Privatgutachten, Schlichtung\",\"publisher\":{\"@id\":\"https:\/\/www.ecambria-experts.de\/it-sachverstaendiger\/#organization\"},\"potentialAction\":[{\"@type\":\"SearchAction\",\"target\":{\"@type\":\"EntryPoint\",\"urlTemplate\":\"https:\/\/www.ecambria-experts.de\/it-sachverstaendiger\/?s={search_term_string}\"},\"query-input\":{\"@type\":\"PropertyValueSpecification\",\"valueRequired\":true,\"valueName\":\"search_term_string\"}}],\"inLanguage\":\"de\"},{\"@type\":\"Organization\",\"@id\":\"https:\/\/www.ecambria-experts.de\/it-sachverstaendiger\/#organization\",\"name\":\"ecambria experts\",\"url\":\"https:\/\/www.ecambria-experts.de\/it-sachverstaendiger\/\",\"logo\":{\"@type\":\"ImageObject\",\"inLanguage\":\"de\",\"@id\":\"https:\/\/www.ecambria-experts.de\/it-sachverstaendiger\/#\/schema\/logo\/image\/\",\"url\":\"https:\/\/www.ecambria-experts.de\/it-sachverstaendiger\/wp-content\/uploads\/2025\/09\/ecambria_experts_logo_ohne_rand.svg\",\"contentUrl\":\"https:\/\/www.ecambria-experts.de\/it-sachverstaendiger\/wp-content\/uploads\/2025\/09\/ecambria_experts_logo_ohne_rand.svg\",\"width\":369,\"height\":60,\"caption\":\"ecambria experts\"},\"image\":{\"@id\":\"https:\/\/www.ecambria-experts.de\/it-sachverstaendiger\/#\/schema\/logo\/image\/\"}}]}<\/script>\n<!-- \/ Yoast SEO plugin. -->","yoast_head_json":{"title":"Sachgerechte Verifikation bei Software-Escrow - Anforderungen an die Pr\u00fcfung von Sourcecode und Dokumentation bei der Software-Hinterlegung - ecambria experts","robots":{"index":"index","follow":"follow","max-snippet":"max-snippet:-1","max-image-preview":"max-image-preview:large","max-video-preview":"max-video-preview:-1"},"canonical":"https:\/\/www.ecambria-experts.de\/it-sachverstaendiger\/publikationen_software_escrow_verifikation_und_hinterlegung","og_locale":"de_DE","og_type":"article","og_title":"Sachgerechte Verifikation bei Software-Escrow - Anforderungen an die Pr\u00fcfung von Sourcecode und Dokumentation bei der Software-Hinterlegung - ecambria experts","og_description":"Stiemerling, Oliver: Sachgerechte Verifikation bei Software-Escrow &#8211; Anforderungen an die Pr\u00fcfung von Sourcecode und Dokumentation bei der Software-Hinterlegung, ITRB 4\/2013, 87-89 Abstrakt Unternehmen sind oft existenziell vom Bestand der ihren Gesch\u00e4ftsprozessen zugrundeliegenden Softwaresysteme abh\u00e4ngig. Ein probates Mittel zur Absicherung evtl. Ausf\u00e4lle ist die Hinterlegung des zur Weiterentwicklung und Fehlerbehebung erforderlichen...","og_url":"https:\/\/www.ecambria-experts.de\/it-sachverstaendiger\/publikationen_software_escrow_verifikation_und_hinterlegung","og_site_name":"ecambria experts","article_modified_time":"2016-03-01T14:59:31+00:00","twitter_card":"summary_large_image","twitter_misc":{"Gesch\u00e4tzte Lesezeit":"1\u00a0Minute"},"schema":{"@context":"https:\/\/schema.org","@graph":[{"@type":"WebPage","@id":"https:\/\/www.ecambria-experts.de\/it-sachverstaendiger\/publikationen_software_escrow_verifikation_und_hinterlegung","url":"https:\/\/www.ecambria-experts.de\/it-sachverstaendiger\/publikationen_software_escrow_verifikation_und_hinterlegung","name":"Sachgerechte Verifikation bei Software-Escrow - Anforderungen an die Pr\u00fcfung von Sourcecode und Dokumentation bei der Software-Hinterlegung - ecambria experts","isPartOf":{"@id":"https:\/\/www.ecambria-experts.de\/it-sachverstaendiger\/#website"},"datePublished":"2014-12-22T10:30:48+00:00","dateModified":"2016-03-01T14:59:31+00:00","breadcrumb":{"@id":"https:\/\/www.ecambria-experts.de\/it-sachverstaendiger\/publikationen_software_escrow_verifikation_und_hinterlegung#breadcrumb"},"inLanguage":"de","potentialAction":[{"@type":"ReadAction","target":["https:\/\/www.ecambria-experts.de\/it-sachverstaendiger\/publikationen_software_escrow_verifikation_und_hinterlegung"]}]},{"@type":"BreadcrumbList","@id":"https:\/\/www.ecambria-experts.de\/it-sachverstaendiger\/publikationen_software_escrow_verifikation_und_hinterlegung#breadcrumb","itemListElement":[{"@type":"ListItem","position":1,"name":"Startseite","item":"https:\/\/www.ecambria-experts.de\/it-sachverstaendiger\/"},{"@type":"ListItem","position":2,"name":"Sachgerechte Verifikation bei Software-Escrow &#8211; Anforderungen an die Pr\u00fcfung von Sourcecode und Dokumentation bei der Software-Hinterlegung"}]},{"@type":"WebSite","@id":"https:\/\/www.ecambria-experts.de\/it-sachverstaendiger\/#website","url":"https:\/\/www.ecambria-experts.de\/it-sachverstaendiger\/","name":"ecambria experts","description":"IT-Sachverst\u00e4ndige und Gutachter, Bewertung, Gerichtsgutachten, Privatgutachten, Schlichtung","publisher":{"@id":"https:\/\/www.ecambria-experts.de\/it-sachverstaendiger\/#organization"},"potentialAction":[{"@type":"SearchAction","target":{"@type":"EntryPoint","urlTemplate":"https:\/\/www.ecambria-experts.de\/it-sachverstaendiger\/?s={search_term_string}"},"query-input":{"@type":"PropertyValueSpecification","valueRequired":true,"valueName":"search_term_string"}}],"inLanguage":"de"},{"@type":"Organization","@id":"https:\/\/www.ecambria-experts.de\/it-sachverstaendiger\/#organization","name":"ecambria experts","url":"https:\/\/www.ecambria-experts.de\/it-sachverstaendiger\/","logo":{"@type":"ImageObject","inLanguage":"de","@id":"https:\/\/www.ecambria-experts.de\/it-sachverstaendiger\/#\/schema\/logo\/image\/","url":"https:\/\/www.ecambria-experts.de\/it-sachverstaendiger\/wp-content\/uploads\/2025\/09\/ecambria_experts_logo_ohne_rand.svg","contentUrl":"https:\/\/www.ecambria-experts.de\/it-sachverstaendiger\/wp-content\/uploads\/2025\/09\/ecambria_experts_logo_ohne_rand.svg","width":369,"height":60,"caption":"ecambria experts"},"image":{"@id":"https:\/\/www.ecambria-experts.de\/it-sachverstaendiger\/#\/schema\/logo\/image\/"}}]}},"_links":{"self":[{"href":"https:\/\/www.ecambria-experts.de\/it-sachverstaendiger\/wp-json\/wp\/v2\/pages\/207","targetHints":{"allow":["GET"]}}],"collection":[{"href":"https:\/\/www.ecambria-experts.de\/it-sachverstaendiger\/wp-json\/wp\/v2\/pages"}],"about":[{"href":"https:\/\/www.ecambria-experts.de\/it-sachverstaendiger\/wp-json\/wp\/v2\/types\/page"}],"author":[{"embeddable":true,"href":"https:\/\/www.ecambria-experts.de\/it-sachverstaendiger\/wp-json\/wp\/v2\/users\/1"}],"replies":[{"embeddable":true,"href":"https:\/\/www.ecambria-experts.de\/it-sachverstaendiger\/wp-json\/wp\/v2\/comments?post=207"}],"version-history":[{"count":4,"href":"https:\/\/www.ecambria-experts.de\/it-sachverstaendiger\/wp-json\/wp\/v2\/pages\/207\/revisions"}],"predecessor-version":[{"id":616,"href":"https:\/\/www.ecambria-experts.de\/it-sachverstaendiger\/wp-json\/wp\/v2\/pages\/207\/revisions\/616"}],"wp:attachment":[{"href":"https:\/\/www.ecambria-experts.de\/it-sachverstaendiger\/wp-json\/wp\/v2\/media?parent=207"}],"curies":[{"name":"wp","href":"https:\/\/api.w.org\/{rel}","templated":true}]}}