{"id":210,"date":"2014-12-22T12:32:06","date_gmt":"2014-12-22T10:32:06","guid":{"rendered":"http:\/\/www.the-only-thing-constant.com\/it-sachverstaendiger\/?page_id=210"},"modified":"2019-04-12T15:54:30","modified_gmt":"2019-04-12T14:54:30","slug":"publikationen_erhebung_personenbezogener_daten_beim_aufruf_von_webseiten","status":"publish","type":"page","link":"https:\/\/www.ecambria-experts.de\/it-sachverstaendiger\/publikationen_erhebung_personenbezogener_daten_beim_aufruf_von_webseiten","title":{"rendered":"Erhebung personenbezogener Daten beim Aufruf von Webseiten"},"content":{"rendered":"<p id=\"leftcolumn\"><em>Stiemerling, Oliver \/ Lachenmann, Matthias:<\/em> <strong>Erhebung personenbezogener Daten beim Aufruf von Webseiten,<\/strong> ZD 2014, 133-136<\/p>\n<p class=\"main-title\"><strong>Abstrakt<\/strong><\/p>\n<p id=\"contentcolumn\">Der Artikel widmet sich der Frage, welche personenbezogenen Daten schon beim rein informatorischen Aufruf einer Webseite seitens der Anbieter erhoben werden und der damit verbundenen Pflicht eine den rechtlichen Anforderungen gen\u00fcgende Datenschutzerkl\u00e4rung vorzuhalten.<\/p>\n<p>Dr. Stiemerling beleuchtet hierbei aus technischer Sicht die verschiedenen M\u00f6glichkeiten der Anbieter, Daten zu erheben, insbesondere den Einsatz der verschiedenen Cookies und deren jeweilige Funktion.<a href=\"http:\/\/www.lawchenmann.de\/\"> RA Matthias Lachenmann <\/a> erl\u00e4utert die aus der Datenerhebung resultierende Pflicht der Anbieter \u00fcber ebendiese zu informieren und benennt die notwendigen Anforderungen an eine Datenschutzerkl\u00e4rung gem. \u00a7 13 Abs. 1 TMG.<\/p>\n<p>Der vollst\u00e4ndige Artikel ist erh\u00e4ltlich beim <a href=\"https:\/\/www.chbeck.de\/\" target=\"_blank\" rel=\"noopener\">C.H. BECK Verlag<\/a> in M\u00fcnchen.<\/p>\n","protected":false},"excerpt":{"rendered":"<p>Stiemerling, Oliver \/ Lachenmann, Matthias: Erhebung personenbezogener Daten beim Aufruf von Webseiten, ZD 2014, 133-136 Abstrakt Der Artikel widmet sich der Frage, welche personenbezogenen Daten schon beim rein informatorischen Aufruf einer Webseite seitens der Anbieter erhoben werden und der damit verbundenen Pflicht eine den rechtlichen Anforderungen gen\u00fcgende Datenschutzerkl\u00e4rung vorzuhalten. Dr&#8230;.<\/p>\n","protected":false},"author":1,"featured_media":0,"parent":0,"menu_order":0,"comment_status":"closed","ping_status":"closed","template":"page-templates\/full-width.php","meta":{"inline_featured_image":false,"footnotes":""},"class_list":["post-210","page","type-page","status-publish","hentry"],"yoast_head":"<!-- This site is optimized with the Yoast SEO plugin v25.4 - https:\/\/yoast.com\/wordpress\/plugins\/seo\/ -->\n<title>Erhebung personenbezogener Daten beim Aufruf von Webseiten - ecambria experts<\/title>\n<meta name=\"description\" content=\"Der Artikel betrifft die Frage, welche personenbezogenen Daten schon beim rein informatorischen Aufruf einer Webseite seitens der Anbieter erhoben werden.\" \/>\n<meta name=\"robots\" content=\"index, follow, max-snippet:-1, max-image-preview:large, max-video-preview:-1\" \/>\n<link rel=\"canonical\" href=\"https:\/\/www.ecambria-experts.de\/it-sachverstaendiger\/publikationen_erhebung_personenbezogener_daten_beim_aufruf_von_webseiten\" \/>\n<meta property=\"og:locale\" content=\"de_DE\" \/>\n<meta property=\"og:type\" content=\"article\" \/>\n<meta property=\"og:title\" content=\"Erhebung personenbezogener Daten beim Aufruf von Webseiten - ecambria experts\" \/>\n<meta property=\"og:description\" content=\"Der Artikel betrifft die Frage, welche personenbezogenen Daten schon beim rein informatorischen Aufruf einer Webseite seitens der Anbieter erhoben werden.\" \/>\n<meta property=\"og:url\" content=\"https:\/\/www.ecambria-experts.de\/it-sachverstaendiger\/publikationen_erhebung_personenbezogener_daten_beim_aufruf_von_webseiten\" \/>\n<meta property=\"og:site_name\" content=\"ecambria experts\" \/>\n<meta property=\"article:modified_time\" content=\"2019-04-12T14:54:30+00:00\" \/>\n<meta name=\"twitter:card\" content=\"summary_large_image\" \/>\n<meta name=\"twitter:label1\" content=\"Gesch\u00e4tzte Lesezeit\" \/>\n\t<meta name=\"twitter:data1\" content=\"1\u00a0Minute\" \/>\n<script type=\"application\/ld+json\" class=\"yoast-schema-graph\">{\"@context\":\"https:\/\/schema.org\",\"@graph\":[{\"@type\":\"WebPage\",\"@id\":\"https:\/\/www.ecambria-experts.de\/it-sachverstaendiger\/publikationen_erhebung_personenbezogener_daten_beim_aufruf_von_webseiten\",\"url\":\"https:\/\/www.ecambria-experts.de\/it-sachverstaendiger\/publikationen_erhebung_personenbezogener_daten_beim_aufruf_von_webseiten\",\"name\":\"Erhebung personenbezogener Daten beim Aufruf von Webseiten - ecambria experts\",\"isPartOf\":{\"@id\":\"https:\/\/www.ecambria-experts.de\/it-sachverstaendiger\/#website\"},\"datePublished\":\"2014-12-22T10:32:06+00:00\",\"dateModified\":\"2019-04-12T14:54:30+00:00\",\"description\":\"Der Artikel betrifft die Frage, welche personenbezogenen Daten schon beim rein informatorischen Aufruf einer Webseite seitens der Anbieter erhoben werden.\",\"breadcrumb\":{\"@id\":\"https:\/\/www.ecambria-experts.de\/it-sachverstaendiger\/publikationen_erhebung_personenbezogener_daten_beim_aufruf_von_webseiten#breadcrumb\"},\"inLanguage\":\"de\",\"potentialAction\":[{\"@type\":\"ReadAction\",\"target\":[\"https:\/\/www.ecambria-experts.de\/it-sachverstaendiger\/publikationen_erhebung_personenbezogener_daten_beim_aufruf_von_webseiten\"]}]},{\"@type\":\"BreadcrumbList\",\"@id\":\"https:\/\/www.ecambria-experts.de\/it-sachverstaendiger\/publikationen_erhebung_personenbezogener_daten_beim_aufruf_von_webseiten#breadcrumb\",\"itemListElement\":[{\"@type\":\"ListItem\",\"position\":1,\"name\":\"Startseite\",\"item\":\"https:\/\/www.ecambria-experts.de\/it-sachverstaendiger\/\"},{\"@type\":\"ListItem\",\"position\":2,\"name\":\"Erhebung personenbezogener Daten beim Aufruf von Webseiten\"}]},{\"@type\":\"WebSite\",\"@id\":\"https:\/\/www.ecambria-experts.de\/it-sachverstaendiger\/#website\",\"url\":\"https:\/\/www.ecambria-experts.de\/it-sachverstaendiger\/\",\"name\":\"ecambria experts\",\"description\":\"IT-Sachverst\u00e4ndige und Gutachter, Bewertung, Gerichtsgutachten, Privatgutachten, Schlichtung\",\"publisher\":{\"@id\":\"https:\/\/www.ecambria-experts.de\/it-sachverstaendiger\/#organization\"},\"potentialAction\":[{\"@type\":\"SearchAction\",\"target\":{\"@type\":\"EntryPoint\",\"urlTemplate\":\"https:\/\/www.ecambria-experts.de\/it-sachverstaendiger\/?s={search_term_string}\"},\"query-input\":{\"@type\":\"PropertyValueSpecification\",\"valueRequired\":true,\"valueName\":\"search_term_string\"}}],\"inLanguage\":\"de\"},{\"@type\":\"Organization\",\"@id\":\"https:\/\/www.ecambria-experts.de\/it-sachverstaendiger\/#organization\",\"name\":\"ecambria experts\",\"url\":\"https:\/\/www.ecambria-experts.de\/it-sachverstaendiger\/\",\"logo\":{\"@type\":\"ImageObject\",\"inLanguage\":\"de\",\"@id\":\"https:\/\/www.ecambria-experts.de\/it-sachverstaendiger\/#\/schema\/logo\/image\/\",\"url\":\"https:\/\/www.ecambria-experts.de\/it-sachverstaendiger\/wp-content\/uploads\/2025\/09\/ecambria_experts_logo_ohne_rand.svg\",\"contentUrl\":\"https:\/\/www.ecambria-experts.de\/it-sachverstaendiger\/wp-content\/uploads\/2025\/09\/ecambria_experts_logo_ohne_rand.svg\",\"width\":369,\"height\":60,\"caption\":\"ecambria experts\"},\"image\":{\"@id\":\"https:\/\/www.ecambria-experts.de\/it-sachverstaendiger\/#\/schema\/logo\/image\/\"}}]}<\/script>\n<!-- \/ Yoast SEO plugin. -->","yoast_head_json":{"title":"Erhebung personenbezogener Daten beim Aufruf von Webseiten - ecambria experts","description":"Der Artikel betrifft die Frage, welche personenbezogenen Daten schon beim rein informatorischen Aufruf einer Webseite seitens der Anbieter erhoben werden.","robots":{"index":"index","follow":"follow","max-snippet":"max-snippet:-1","max-image-preview":"max-image-preview:large","max-video-preview":"max-video-preview:-1"},"canonical":"https:\/\/www.ecambria-experts.de\/it-sachverstaendiger\/publikationen_erhebung_personenbezogener_daten_beim_aufruf_von_webseiten","og_locale":"de_DE","og_type":"article","og_title":"Erhebung personenbezogener Daten beim Aufruf von Webseiten - ecambria experts","og_description":"Der Artikel betrifft die Frage, welche personenbezogenen Daten schon beim rein informatorischen Aufruf einer Webseite seitens der Anbieter erhoben werden.","og_url":"https:\/\/www.ecambria-experts.de\/it-sachverstaendiger\/publikationen_erhebung_personenbezogener_daten_beim_aufruf_von_webseiten","og_site_name":"ecambria experts","article_modified_time":"2019-04-12T14:54:30+00:00","twitter_card":"summary_large_image","twitter_misc":{"Gesch\u00e4tzte Lesezeit":"1\u00a0Minute"},"schema":{"@context":"https:\/\/schema.org","@graph":[{"@type":"WebPage","@id":"https:\/\/www.ecambria-experts.de\/it-sachverstaendiger\/publikationen_erhebung_personenbezogener_daten_beim_aufruf_von_webseiten","url":"https:\/\/www.ecambria-experts.de\/it-sachverstaendiger\/publikationen_erhebung_personenbezogener_daten_beim_aufruf_von_webseiten","name":"Erhebung personenbezogener Daten beim Aufruf von Webseiten - ecambria experts","isPartOf":{"@id":"https:\/\/www.ecambria-experts.de\/it-sachverstaendiger\/#website"},"datePublished":"2014-12-22T10:32:06+00:00","dateModified":"2019-04-12T14:54:30+00:00","description":"Der Artikel betrifft die Frage, welche personenbezogenen Daten schon beim rein informatorischen Aufruf einer Webseite seitens der Anbieter erhoben werden.","breadcrumb":{"@id":"https:\/\/www.ecambria-experts.de\/it-sachverstaendiger\/publikationen_erhebung_personenbezogener_daten_beim_aufruf_von_webseiten#breadcrumb"},"inLanguage":"de","potentialAction":[{"@type":"ReadAction","target":["https:\/\/www.ecambria-experts.de\/it-sachverstaendiger\/publikationen_erhebung_personenbezogener_daten_beim_aufruf_von_webseiten"]}]},{"@type":"BreadcrumbList","@id":"https:\/\/www.ecambria-experts.de\/it-sachverstaendiger\/publikationen_erhebung_personenbezogener_daten_beim_aufruf_von_webseiten#breadcrumb","itemListElement":[{"@type":"ListItem","position":1,"name":"Startseite","item":"https:\/\/www.ecambria-experts.de\/it-sachverstaendiger\/"},{"@type":"ListItem","position":2,"name":"Erhebung personenbezogener Daten beim Aufruf von Webseiten"}]},{"@type":"WebSite","@id":"https:\/\/www.ecambria-experts.de\/it-sachverstaendiger\/#website","url":"https:\/\/www.ecambria-experts.de\/it-sachverstaendiger\/","name":"ecambria experts","description":"IT-Sachverst\u00e4ndige und Gutachter, Bewertung, Gerichtsgutachten, Privatgutachten, Schlichtung","publisher":{"@id":"https:\/\/www.ecambria-experts.de\/it-sachverstaendiger\/#organization"},"potentialAction":[{"@type":"SearchAction","target":{"@type":"EntryPoint","urlTemplate":"https:\/\/www.ecambria-experts.de\/it-sachverstaendiger\/?s={search_term_string}"},"query-input":{"@type":"PropertyValueSpecification","valueRequired":true,"valueName":"search_term_string"}}],"inLanguage":"de"},{"@type":"Organization","@id":"https:\/\/www.ecambria-experts.de\/it-sachverstaendiger\/#organization","name":"ecambria experts","url":"https:\/\/www.ecambria-experts.de\/it-sachverstaendiger\/","logo":{"@type":"ImageObject","inLanguage":"de","@id":"https:\/\/www.ecambria-experts.de\/it-sachverstaendiger\/#\/schema\/logo\/image\/","url":"https:\/\/www.ecambria-experts.de\/it-sachverstaendiger\/wp-content\/uploads\/2025\/09\/ecambria_experts_logo_ohne_rand.svg","contentUrl":"https:\/\/www.ecambria-experts.de\/it-sachverstaendiger\/wp-content\/uploads\/2025\/09\/ecambria_experts_logo_ohne_rand.svg","width":369,"height":60,"caption":"ecambria experts"},"image":{"@id":"https:\/\/www.ecambria-experts.de\/it-sachverstaendiger\/#\/schema\/logo\/image\/"}}]}},"_links":{"self":[{"href":"https:\/\/www.ecambria-experts.de\/it-sachverstaendiger\/wp-json\/wp\/v2\/pages\/210","targetHints":{"allow":["GET"]}}],"collection":[{"href":"https:\/\/www.ecambria-experts.de\/it-sachverstaendiger\/wp-json\/wp\/v2\/pages"}],"about":[{"href":"https:\/\/www.ecambria-experts.de\/it-sachverstaendiger\/wp-json\/wp\/v2\/types\/page"}],"author":[{"embeddable":true,"href":"https:\/\/www.ecambria-experts.de\/it-sachverstaendiger\/wp-json\/wp\/v2\/users\/1"}],"replies":[{"embeddable":true,"href":"https:\/\/www.ecambria-experts.de\/it-sachverstaendiger\/wp-json\/wp\/v2\/comments?post=210"}],"version-history":[{"count":4,"href":"https:\/\/www.ecambria-experts.de\/it-sachverstaendiger\/wp-json\/wp\/v2\/pages\/210\/revisions"}],"predecessor-version":[{"id":1169,"href":"https:\/\/www.ecambria-experts.de\/it-sachverstaendiger\/wp-json\/wp\/v2\/pages\/210\/revisions\/1169"}],"wp:attachment":[{"href":"https:\/\/www.ecambria-experts.de\/it-sachverstaendiger\/wp-json\/wp\/v2\/media?parent=210"}],"curies":[{"name":"wp","href":"https:\/\/api.w.org\/{rel}","templated":true}]}}