{"id":214,"date":"2014-12-22T12:34:13","date_gmt":"2014-12-22T10:34:13","guid":{"rendered":"http:\/\/www.the-only-thing-constant.com\/it-sachverstaendiger\/?page_id=214"},"modified":"2016-03-01T16:07:37","modified_gmt":"2016-03-01T15:07:37","slug":"unstructured-real-time-und-big-data-recht-der-daten-und-datenbanken-im-unternehmen","status":"publish","type":"page","link":"https:\/\/www.ecambria-experts.de\/it-sachverstaendiger\/unstructured-real-time-und-big-data-recht-der-daten-und-datenbanken-im-unternehmen","title":{"rendered":"Unstructured, Real-Time und Big Data, Recht der Daten und Datenbanken im Unternehmen"},"content":{"rendered":"<p id=\"leftcolumn\"><em>Stiemerling, Oliver:<\/em> Aktuelle Herausforderungen: <strong>Unstructured, Real-Time und Big Data, Recht der Daten und Datenbanken im Unternehmen<\/strong>, Conrad Gr\u00fctzmacher (Hrsg.), Verlag Dr. Otto Schmidt, 71-78<\/p>\n<p class=\"main-title\"><strong>Abstrakt<\/strong><\/p>\n<p id=\"contentcolumn\">Klassische, insbesondere relationale Datenbanken sto\u00dfen bei unstrukturieren, besonders gro\u00dfen, oder in Echtzeit anfallenden Daten an ihre Grenzen. Dieser Beitrag beleuchtet die Grundlegenden Schwierigkeiten im Umgang mit diesen neuen Herausforderungen und zeigt die sich herausbildenden technologischen L\u00f6sungsans\u00e4tze auf.<\/p>\n<p>Der vollst\u00e4ndige Beitrag ist erh\u00e4ltlich beim<a href=\"http:\/\/www.otto-schmidt.de\/\" target=\"_blank\"> Verlag Dr. Otto Schmidt <\/a>in K\u00f6ln.<\/p>\n","protected":false},"excerpt":{"rendered":"<p>Stiemerling, Oliver: Aktuelle Herausforderungen: Unstructured, Real-Time und Big Data, Recht der Daten und Datenbanken im Unternehmen, Conrad Gr\u00fctzmacher (Hrsg.), Verlag Dr. Otto Schmidt, 71-78 Abstrakt Klassische, insbesondere relationale Datenbanken sto\u00dfen bei unstrukturieren, besonders gro\u00dfen, oder in Echtzeit anfallenden Daten an ihre Grenzen. Dieser Beitrag beleuchtet die Grundlegenden Schwierigkeiten im Umgang&#8230;<\/p>\n","protected":false},"author":1,"featured_media":0,"parent":0,"menu_order":0,"comment_status":"closed","ping_status":"closed","template":"page-templates\/full-width.php","meta":{"inline_featured_image":false,"footnotes":""},"class_list":["post-214","page","type-page","status-publish","hentry"],"yoast_head":"<!-- This site is optimized with the Yoast SEO plugin v25.4 - https:\/\/yoast.com\/wordpress\/plugins\/seo\/ -->\n<title>Unstructured, Real-Time und Big Data, Recht der Daten und Datenbanken im Unternehmen - ecambria experts<\/title>\n<meta name=\"robots\" content=\"index, follow, max-snippet:-1, max-image-preview:large, max-video-preview:-1\" \/>\n<link rel=\"canonical\" href=\"https:\/\/www.ecambria-experts.de\/it-sachverstaendiger\/unstructured-real-time-und-big-data-recht-der-daten-und-datenbanken-im-unternehmen\" \/>\n<meta property=\"og:locale\" content=\"de_DE\" \/>\n<meta property=\"og:type\" content=\"article\" \/>\n<meta property=\"og:title\" content=\"Unstructured, Real-Time und Big Data, Recht der Daten und Datenbanken im Unternehmen - ecambria experts\" \/>\n<meta property=\"og:description\" content=\"Stiemerling, Oliver: Aktuelle Herausforderungen: Unstructured, Real-Time und Big Data, Recht der Daten und Datenbanken im Unternehmen, Conrad Gr\u00fctzmacher (Hrsg.), Verlag Dr. Otto Schmidt, 71-78 Abstrakt Klassische, insbesondere relationale Datenbanken sto\u00dfen bei unstrukturieren, besonders gro\u00dfen, oder in Echtzeit anfallenden Daten an ihre Grenzen. Dieser Beitrag beleuchtet die Grundlegenden Schwierigkeiten im Umgang...\" \/>\n<meta property=\"og:url\" content=\"https:\/\/www.ecambria-experts.de\/it-sachverstaendiger\/unstructured-real-time-und-big-data-recht-der-daten-und-datenbanken-im-unternehmen\" \/>\n<meta property=\"og:site_name\" content=\"ecambria experts\" \/>\n<meta property=\"article:modified_time\" content=\"2016-03-01T15:07:37+00:00\" \/>\n<meta name=\"twitter:card\" content=\"summary_large_image\" \/>\n<script type=\"application\/ld+json\" class=\"yoast-schema-graph\">{\"@context\":\"https:\/\/schema.org\",\"@graph\":[{\"@type\":\"WebPage\",\"@id\":\"https:\/\/www.ecambria-experts.de\/it-sachverstaendiger\/unstructured-real-time-und-big-data-recht-der-daten-und-datenbanken-im-unternehmen\",\"url\":\"https:\/\/www.ecambria-experts.de\/it-sachverstaendiger\/unstructured-real-time-und-big-data-recht-der-daten-und-datenbanken-im-unternehmen\",\"name\":\"Unstructured, Real-Time und Big Data, Recht der Daten und Datenbanken im Unternehmen - ecambria experts\",\"isPartOf\":{\"@id\":\"https:\/\/www.ecambria-experts.de\/it-sachverstaendiger\/#website\"},\"datePublished\":\"2014-12-22T10:34:13+00:00\",\"dateModified\":\"2016-03-01T15:07:37+00:00\",\"breadcrumb\":{\"@id\":\"https:\/\/www.ecambria-experts.de\/it-sachverstaendiger\/unstructured-real-time-und-big-data-recht-der-daten-und-datenbanken-im-unternehmen#breadcrumb\"},\"inLanguage\":\"de\",\"potentialAction\":[{\"@type\":\"ReadAction\",\"target\":[\"https:\/\/www.ecambria-experts.de\/it-sachverstaendiger\/unstructured-real-time-und-big-data-recht-der-daten-und-datenbanken-im-unternehmen\"]}]},{\"@type\":\"BreadcrumbList\",\"@id\":\"https:\/\/www.ecambria-experts.de\/it-sachverstaendiger\/unstructured-real-time-und-big-data-recht-der-daten-und-datenbanken-im-unternehmen#breadcrumb\",\"itemListElement\":[{\"@type\":\"ListItem\",\"position\":1,\"name\":\"Startseite\",\"item\":\"https:\/\/www.ecambria-experts.de\/it-sachverstaendiger\/\"},{\"@type\":\"ListItem\",\"position\":2,\"name\":\"Unstructured, Real-Time und Big Data, Recht der Daten und Datenbanken im Unternehmen\"}]},{\"@type\":\"WebSite\",\"@id\":\"https:\/\/www.ecambria-experts.de\/it-sachverstaendiger\/#website\",\"url\":\"https:\/\/www.ecambria-experts.de\/it-sachverstaendiger\/\",\"name\":\"ecambria experts\",\"description\":\"IT-Sachverst\u00e4ndige und Gutachter, Bewertung, Gerichtsgutachten, Privatgutachten, Schlichtung\",\"publisher\":{\"@id\":\"https:\/\/www.ecambria-experts.de\/it-sachverstaendiger\/#organization\"},\"potentialAction\":[{\"@type\":\"SearchAction\",\"target\":{\"@type\":\"EntryPoint\",\"urlTemplate\":\"https:\/\/www.ecambria-experts.de\/it-sachverstaendiger\/?s={search_term_string}\"},\"query-input\":{\"@type\":\"PropertyValueSpecification\",\"valueRequired\":true,\"valueName\":\"search_term_string\"}}],\"inLanguage\":\"de\"},{\"@type\":\"Organization\",\"@id\":\"https:\/\/www.ecambria-experts.de\/it-sachverstaendiger\/#organization\",\"name\":\"ecambria experts\",\"url\":\"https:\/\/www.ecambria-experts.de\/it-sachverstaendiger\/\",\"logo\":{\"@type\":\"ImageObject\",\"inLanguage\":\"de\",\"@id\":\"https:\/\/www.ecambria-experts.de\/it-sachverstaendiger\/#\/schema\/logo\/image\/\",\"url\":\"https:\/\/www.ecambria-experts.de\/it-sachverstaendiger\/wp-content\/uploads\/2025\/09\/ecambria_experts_logo_ohne_rand.svg\",\"contentUrl\":\"https:\/\/www.ecambria-experts.de\/it-sachverstaendiger\/wp-content\/uploads\/2025\/09\/ecambria_experts_logo_ohne_rand.svg\",\"width\":369,\"height\":60,\"caption\":\"ecambria experts\"},\"image\":{\"@id\":\"https:\/\/www.ecambria-experts.de\/it-sachverstaendiger\/#\/schema\/logo\/image\/\"}}]}<\/script>\n<!-- \/ Yoast SEO plugin. -->","yoast_head_json":{"title":"Unstructured, Real-Time und Big Data, Recht der Daten und Datenbanken im Unternehmen - ecambria experts","robots":{"index":"index","follow":"follow","max-snippet":"max-snippet:-1","max-image-preview":"max-image-preview:large","max-video-preview":"max-video-preview:-1"},"canonical":"https:\/\/www.ecambria-experts.de\/it-sachverstaendiger\/unstructured-real-time-und-big-data-recht-der-daten-und-datenbanken-im-unternehmen","og_locale":"de_DE","og_type":"article","og_title":"Unstructured, Real-Time und Big Data, Recht der Daten und Datenbanken im Unternehmen - ecambria experts","og_description":"Stiemerling, Oliver: Aktuelle Herausforderungen: Unstructured, Real-Time und Big Data, Recht der Daten und Datenbanken im Unternehmen, Conrad Gr\u00fctzmacher (Hrsg.), Verlag Dr. Otto Schmidt, 71-78 Abstrakt Klassische, insbesondere relationale Datenbanken sto\u00dfen bei unstrukturieren, besonders gro\u00dfen, oder in Echtzeit anfallenden Daten an ihre Grenzen. Dieser Beitrag beleuchtet die Grundlegenden Schwierigkeiten im Umgang...","og_url":"https:\/\/www.ecambria-experts.de\/it-sachverstaendiger\/unstructured-real-time-und-big-data-recht-der-daten-und-datenbanken-im-unternehmen","og_site_name":"ecambria experts","article_modified_time":"2016-03-01T15:07:37+00:00","twitter_card":"summary_large_image","schema":{"@context":"https:\/\/schema.org","@graph":[{"@type":"WebPage","@id":"https:\/\/www.ecambria-experts.de\/it-sachverstaendiger\/unstructured-real-time-und-big-data-recht-der-daten-und-datenbanken-im-unternehmen","url":"https:\/\/www.ecambria-experts.de\/it-sachverstaendiger\/unstructured-real-time-und-big-data-recht-der-daten-und-datenbanken-im-unternehmen","name":"Unstructured, Real-Time und Big Data, Recht der Daten und Datenbanken im Unternehmen - ecambria experts","isPartOf":{"@id":"https:\/\/www.ecambria-experts.de\/it-sachverstaendiger\/#website"},"datePublished":"2014-12-22T10:34:13+00:00","dateModified":"2016-03-01T15:07:37+00:00","breadcrumb":{"@id":"https:\/\/www.ecambria-experts.de\/it-sachverstaendiger\/unstructured-real-time-und-big-data-recht-der-daten-und-datenbanken-im-unternehmen#breadcrumb"},"inLanguage":"de","potentialAction":[{"@type":"ReadAction","target":["https:\/\/www.ecambria-experts.de\/it-sachverstaendiger\/unstructured-real-time-und-big-data-recht-der-daten-und-datenbanken-im-unternehmen"]}]},{"@type":"BreadcrumbList","@id":"https:\/\/www.ecambria-experts.de\/it-sachverstaendiger\/unstructured-real-time-und-big-data-recht-der-daten-und-datenbanken-im-unternehmen#breadcrumb","itemListElement":[{"@type":"ListItem","position":1,"name":"Startseite","item":"https:\/\/www.ecambria-experts.de\/it-sachverstaendiger\/"},{"@type":"ListItem","position":2,"name":"Unstructured, Real-Time und Big Data, Recht der Daten und Datenbanken im Unternehmen"}]},{"@type":"WebSite","@id":"https:\/\/www.ecambria-experts.de\/it-sachverstaendiger\/#website","url":"https:\/\/www.ecambria-experts.de\/it-sachverstaendiger\/","name":"ecambria experts","description":"IT-Sachverst\u00e4ndige und Gutachter, Bewertung, Gerichtsgutachten, Privatgutachten, Schlichtung","publisher":{"@id":"https:\/\/www.ecambria-experts.de\/it-sachverstaendiger\/#organization"},"potentialAction":[{"@type":"SearchAction","target":{"@type":"EntryPoint","urlTemplate":"https:\/\/www.ecambria-experts.de\/it-sachverstaendiger\/?s={search_term_string}"},"query-input":{"@type":"PropertyValueSpecification","valueRequired":true,"valueName":"search_term_string"}}],"inLanguage":"de"},{"@type":"Organization","@id":"https:\/\/www.ecambria-experts.de\/it-sachverstaendiger\/#organization","name":"ecambria experts","url":"https:\/\/www.ecambria-experts.de\/it-sachverstaendiger\/","logo":{"@type":"ImageObject","inLanguage":"de","@id":"https:\/\/www.ecambria-experts.de\/it-sachverstaendiger\/#\/schema\/logo\/image\/","url":"https:\/\/www.ecambria-experts.de\/it-sachverstaendiger\/wp-content\/uploads\/2025\/09\/ecambria_experts_logo_ohne_rand.svg","contentUrl":"https:\/\/www.ecambria-experts.de\/it-sachverstaendiger\/wp-content\/uploads\/2025\/09\/ecambria_experts_logo_ohne_rand.svg","width":369,"height":60,"caption":"ecambria experts"},"image":{"@id":"https:\/\/www.ecambria-experts.de\/it-sachverstaendiger\/#\/schema\/logo\/image\/"}}]}},"_links":{"self":[{"href":"https:\/\/www.ecambria-experts.de\/it-sachverstaendiger\/wp-json\/wp\/v2\/pages\/214","targetHints":{"allow":["GET"]}}],"collection":[{"href":"https:\/\/www.ecambria-experts.de\/it-sachverstaendiger\/wp-json\/wp\/v2\/pages"}],"about":[{"href":"https:\/\/www.ecambria-experts.de\/it-sachverstaendiger\/wp-json\/wp\/v2\/types\/page"}],"author":[{"embeddable":true,"href":"https:\/\/www.ecambria-experts.de\/it-sachverstaendiger\/wp-json\/wp\/v2\/users\/1"}],"replies":[{"embeddable":true,"href":"https:\/\/www.ecambria-experts.de\/it-sachverstaendiger\/wp-json\/wp\/v2\/comments?post=214"}],"version-history":[{"count":4,"href":"https:\/\/www.ecambria-experts.de\/it-sachverstaendiger\/wp-json\/wp\/v2\/pages\/214\/revisions"}],"predecessor-version":[{"id":1496,"href":"https:\/\/www.ecambria-experts.de\/it-sachverstaendiger\/wp-json\/wp\/v2\/pages\/214\/revisions\/1496"}],"wp:attachment":[{"href":"https:\/\/www.ecambria-experts.de\/it-sachverstaendiger\/wp-json\/wp\/v2\/media?parent=214"}],"curies":[{"name":"wp","href":"https:\/\/api.w.org\/{rel}","templated":true}]}}