{"id":223,"date":"2014-12-22T12:54:35","date_gmt":"2014-12-22T10:54:35","guid":{"rendered":"http:\/\/www.the-only-thing-constant.com\/it-sachverstaendiger\/?page_id=223"},"modified":"2019-09-04T13:52:47","modified_gmt":"2019-09-04T12:52:47","slug":"leistungen_planung_und_begleitung_von_it-projekten","status":"publish","type":"page","link":"https:\/\/www.ecambria-experts.de\/it-sachverstaendiger\/leistungen_planung_und_begleitung_von_it-projekten","title":{"rendered":"Planung und Begleitung von komplexen IT-Projekten"},"content":{"rendered":"<h1>Planung und Begleitung von komplexen IT-Projekten<\/h1>\n<p id=\"leftcolumn\">Bereits in der Planung und Ausschreibung von komplexen IT-Projekten werden oft schon die Wurzeln sp\u00e4terer Probleme angelegt. Unzureichende Vorbereitung und Anforderungsanalyse ist nach unserer Erfahrung einer der Hauptgr\u00fcnde f\u00fcr sp\u00e4tere Konflikte und Probleme im Projekt.<\/p>\n<div id=\"contentcolumn\">\n<p>Als Berater haben wir langj\u00e4hrige Erfahrung in unternehmenskritischen Projekten bei Start-ups \u00fcber innovative Mittelst\u00e4ndler bis hin zu international agierenden DAX-Unternehmen. Wir k\u00f6nnen Ihnen beispielsweise bei der Planung einer ERP-Einf\u00fchrung, eines neuen eBusiness-Portals oder auch eines komplexen Individualsoftwareprojekts helfen.<\/p>\n<\/div>\n","protected":false},"excerpt":{"rendered":"<p>Planung und Begleitung von komplexen IT-Projekten Bereits in der Planung und Ausschreibung von komplexen IT-Projekten werden oft schon die Wurzeln sp\u00e4terer Probleme angelegt. Unzureichende Vorbereitung und Anforderungsanalyse ist nach unserer Erfahrung einer der Hauptgr\u00fcnde f\u00fcr sp\u00e4tere Konflikte und Probleme im Projekt. Als Berater haben wir langj\u00e4hrige Erfahrung in unternehmenskritischen Projekten&#8230;<\/p>\n","protected":false},"author":1,"featured_media":0,"parent":0,"menu_order":0,"comment_status":"closed","ping_status":"closed","template":"","meta":{"inline_featured_image":false,"footnotes":""},"class_list":["post-223","page","type-page","status-publish","hentry"],"yoast_head":"<!-- This site is optimized with the Yoast SEO plugin v25.4 - https:\/\/yoast.com\/wordpress\/plugins\/seo\/ -->\n<title>Planung und Begleitung von komplexen IT-Projekten - ecambria experts<\/title>\n<meta name=\"description\" content=\"Die unzureichende Vorbereitung unternehmenskritscher IT-Projekte ist unserer Erfahrung nach einer der Hauptgr\u00fcnde f\u00fcr sp\u00e4tere Konflikte und Probleme.\" \/>\n<meta name=\"robots\" content=\"index, follow, max-snippet:-1, max-image-preview:large, max-video-preview:-1\" \/>\n<link rel=\"canonical\" href=\"https:\/\/www.ecambria-experts.de\/it-sachverstaendiger\/leistungen_planung_und_begleitung_von_it-projekten\" \/>\n<meta property=\"og:locale\" content=\"de_DE\" \/>\n<meta property=\"og:type\" content=\"article\" \/>\n<meta property=\"og:title\" content=\"Planung und Begleitung von komplexen IT-Projekten - ecambria experts\" \/>\n<meta property=\"og:description\" content=\"Die unzureichende Vorbereitung unternehmenskritscher IT-Projekte ist unserer Erfahrung nach einer der Hauptgr\u00fcnde f\u00fcr sp\u00e4tere Konflikte und Probleme.\" \/>\n<meta property=\"og:url\" content=\"https:\/\/www.ecambria-experts.de\/it-sachverstaendiger\/leistungen_planung_und_begleitung_von_it-projekten\" \/>\n<meta property=\"og:site_name\" content=\"ecambria experts\" \/>\n<meta property=\"article:modified_time\" content=\"2019-09-04T12:52:47+00:00\" \/>\n<meta name=\"twitter:card\" content=\"summary_large_image\" \/>\n<script type=\"application\/ld+json\" class=\"yoast-schema-graph\">{\"@context\":\"https:\/\/schema.org\",\"@graph\":[{\"@type\":\"WebPage\",\"@id\":\"https:\/\/www.ecambria-experts.de\/it-sachverstaendiger\/leistungen_planung_und_begleitung_von_it-projekten\",\"url\":\"https:\/\/www.ecambria-experts.de\/it-sachverstaendiger\/leistungen_planung_und_begleitung_von_it-projekten\",\"name\":\"Planung und Begleitung von komplexen IT-Projekten - ecambria experts\",\"isPartOf\":{\"@id\":\"https:\/\/www.ecambria-experts.de\/it-sachverstaendiger\/#website\"},\"datePublished\":\"2014-12-22T10:54:35+00:00\",\"dateModified\":\"2019-09-04T12:52:47+00:00\",\"description\":\"Die unzureichende Vorbereitung unternehmenskritscher IT-Projekte ist unserer Erfahrung nach einer der Hauptgr\u00fcnde f\u00fcr sp\u00e4tere Konflikte und Probleme.\",\"breadcrumb\":{\"@id\":\"https:\/\/www.ecambria-experts.de\/it-sachverstaendiger\/leistungen_planung_und_begleitung_von_it-projekten#breadcrumb\"},\"inLanguage\":\"de\",\"potentialAction\":[{\"@type\":\"ReadAction\",\"target\":[\"https:\/\/www.ecambria-experts.de\/it-sachverstaendiger\/leistungen_planung_und_begleitung_von_it-projekten\"]}]},{\"@type\":\"BreadcrumbList\",\"@id\":\"https:\/\/www.ecambria-experts.de\/it-sachverstaendiger\/leistungen_planung_und_begleitung_von_it-projekten#breadcrumb\",\"itemListElement\":[{\"@type\":\"ListItem\",\"position\":1,\"name\":\"Startseite\",\"item\":\"https:\/\/www.ecambria-experts.de\/it-sachverstaendiger\/\"},{\"@type\":\"ListItem\",\"position\":2,\"name\":\"Planung und Begleitung von komplexen IT-Projekten\"}]},{\"@type\":\"WebSite\",\"@id\":\"https:\/\/www.ecambria-experts.de\/it-sachverstaendiger\/#website\",\"url\":\"https:\/\/www.ecambria-experts.de\/it-sachverstaendiger\/\",\"name\":\"ecambria experts\",\"description\":\"IT-Sachverst\u00e4ndige und Gutachter, Bewertung, Gerichtsgutachten, Privatgutachten, Schlichtung\",\"publisher\":{\"@id\":\"https:\/\/www.ecambria-experts.de\/it-sachverstaendiger\/#organization\"},\"potentialAction\":[{\"@type\":\"SearchAction\",\"target\":{\"@type\":\"EntryPoint\",\"urlTemplate\":\"https:\/\/www.ecambria-experts.de\/it-sachverstaendiger\/?s={search_term_string}\"},\"query-input\":{\"@type\":\"PropertyValueSpecification\",\"valueRequired\":true,\"valueName\":\"search_term_string\"}}],\"inLanguage\":\"de\"},{\"@type\":\"Organization\",\"@id\":\"https:\/\/www.ecambria-experts.de\/it-sachverstaendiger\/#organization\",\"name\":\"ecambria experts\",\"url\":\"https:\/\/www.ecambria-experts.de\/it-sachverstaendiger\/\",\"logo\":{\"@type\":\"ImageObject\",\"inLanguage\":\"de\",\"@id\":\"https:\/\/www.ecambria-experts.de\/it-sachverstaendiger\/#\/schema\/logo\/image\/\",\"url\":\"https:\/\/www.ecambria-experts.de\/it-sachverstaendiger\/wp-content\/uploads\/2025\/09\/ecambria_experts_logo_ohne_rand.svg\",\"contentUrl\":\"https:\/\/www.ecambria-experts.de\/it-sachverstaendiger\/wp-content\/uploads\/2025\/09\/ecambria_experts_logo_ohne_rand.svg\",\"width\":369,\"height\":60,\"caption\":\"ecambria experts\"},\"image\":{\"@id\":\"https:\/\/www.ecambria-experts.de\/it-sachverstaendiger\/#\/schema\/logo\/image\/\"}}]}<\/script>\n<!-- \/ Yoast SEO plugin. -->","yoast_head_json":{"title":"Planung und Begleitung von komplexen IT-Projekten - ecambria experts","description":"Die unzureichende Vorbereitung unternehmenskritscher IT-Projekte ist unserer Erfahrung nach einer der Hauptgr\u00fcnde f\u00fcr sp\u00e4tere Konflikte und Probleme.","robots":{"index":"index","follow":"follow","max-snippet":"max-snippet:-1","max-image-preview":"max-image-preview:large","max-video-preview":"max-video-preview:-1"},"canonical":"https:\/\/www.ecambria-experts.de\/it-sachverstaendiger\/leistungen_planung_und_begleitung_von_it-projekten","og_locale":"de_DE","og_type":"article","og_title":"Planung und Begleitung von komplexen IT-Projekten - ecambria experts","og_description":"Die unzureichende Vorbereitung unternehmenskritscher IT-Projekte ist unserer Erfahrung nach einer der Hauptgr\u00fcnde f\u00fcr sp\u00e4tere Konflikte und Probleme.","og_url":"https:\/\/www.ecambria-experts.de\/it-sachverstaendiger\/leistungen_planung_und_begleitung_von_it-projekten","og_site_name":"ecambria experts","article_modified_time":"2019-09-04T12:52:47+00:00","twitter_card":"summary_large_image","schema":{"@context":"https:\/\/schema.org","@graph":[{"@type":"WebPage","@id":"https:\/\/www.ecambria-experts.de\/it-sachverstaendiger\/leistungen_planung_und_begleitung_von_it-projekten","url":"https:\/\/www.ecambria-experts.de\/it-sachverstaendiger\/leistungen_planung_und_begleitung_von_it-projekten","name":"Planung und Begleitung von komplexen IT-Projekten - ecambria experts","isPartOf":{"@id":"https:\/\/www.ecambria-experts.de\/it-sachverstaendiger\/#website"},"datePublished":"2014-12-22T10:54:35+00:00","dateModified":"2019-09-04T12:52:47+00:00","description":"Die unzureichende Vorbereitung unternehmenskritscher IT-Projekte ist unserer Erfahrung nach einer der Hauptgr\u00fcnde f\u00fcr sp\u00e4tere Konflikte und Probleme.","breadcrumb":{"@id":"https:\/\/www.ecambria-experts.de\/it-sachverstaendiger\/leistungen_planung_und_begleitung_von_it-projekten#breadcrumb"},"inLanguage":"de","potentialAction":[{"@type":"ReadAction","target":["https:\/\/www.ecambria-experts.de\/it-sachverstaendiger\/leistungen_planung_und_begleitung_von_it-projekten"]}]},{"@type":"BreadcrumbList","@id":"https:\/\/www.ecambria-experts.de\/it-sachverstaendiger\/leistungen_planung_und_begleitung_von_it-projekten#breadcrumb","itemListElement":[{"@type":"ListItem","position":1,"name":"Startseite","item":"https:\/\/www.ecambria-experts.de\/it-sachverstaendiger\/"},{"@type":"ListItem","position":2,"name":"Planung und Begleitung von komplexen IT-Projekten"}]},{"@type":"WebSite","@id":"https:\/\/www.ecambria-experts.de\/it-sachverstaendiger\/#website","url":"https:\/\/www.ecambria-experts.de\/it-sachverstaendiger\/","name":"ecambria experts","description":"IT-Sachverst\u00e4ndige und Gutachter, Bewertung, Gerichtsgutachten, Privatgutachten, Schlichtung","publisher":{"@id":"https:\/\/www.ecambria-experts.de\/it-sachverstaendiger\/#organization"},"potentialAction":[{"@type":"SearchAction","target":{"@type":"EntryPoint","urlTemplate":"https:\/\/www.ecambria-experts.de\/it-sachverstaendiger\/?s={search_term_string}"},"query-input":{"@type":"PropertyValueSpecification","valueRequired":true,"valueName":"search_term_string"}}],"inLanguage":"de"},{"@type":"Organization","@id":"https:\/\/www.ecambria-experts.de\/it-sachverstaendiger\/#organization","name":"ecambria experts","url":"https:\/\/www.ecambria-experts.de\/it-sachverstaendiger\/","logo":{"@type":"ImageObject","inLanguage":"de","@id":"https:\/\/www.ecambria-experts.de\/it-sachverstaendiger\/#\/schema\/logo\/image\/","url":"https:\/\/www.ecambria-experts.de\/it-sachverstaendiger\/wp-content\/uploads\/2025\/09\/ecambria_experts_logo_ohne_rand.svg","contentUrl":"https:\/\/www.ecambria-experts.de\/it-sachverstaendiger\/wp-content\/uploads\/2025\/09\/ecambria_experts_logo_ohne_rand.svg","width":369,"height":60,"caption":"ecambria experts"},"image":{"@id":"https:\/\/www.ecambria-experts.de\/it-sachverstaendiger\/#\/schema\/logo\/image\/"}}]}},"_links":{"self":[{"href":"https:\/\/www.ecambria-experts.de\/it-sachverstaendiger\/wp-json\/wp\/v2\/pages\/223","targetHints":{"allow":["GET"]}}],"collection":[{"href":"https:\/\/www.ecambria-experts.de\/it-sachverstaendiger\/wp-json\/wp\/v2\/pages"}],"about":[{"href":"https:\/\/www.ecambria-experts.de\/it-sachverstaendiger\/wp-json\/wp\/v2\/types\/page"}],"author":[{"embeddable":true,"href":"https:\/\/www.ecambria-experts.de\/it-sachverstaendiger\/wp-json\/wp\/v2\/users\/1"}],"replies":[{"embeddable":true,"href":"https:\/\/www.ecambria-experts.de\/it-sachverstaendiger\/wp-json\/wp\/v2\/comments?post=223"}],"version-history":[{"count":3,"href":"https:\/\/www.ecambria-experts.de\/it-sachverstaendiger\/wp-json\/wp\/v2\/pages\/223\/revisions"}],"predecessor-version":[{"id":1355,"href":"https:\/\/www.ecambria-experts.de\/it-sachverstaendiger\/wp-json\/wp\/v2\/pages\/223\/revisions\/1355"}],"wp:attachment":[{"href":"https:\/\/www.ecambria-experts.de\/it-sachverstaendiger\/wp-json\/wp\/v2\/media?parent=223"}],"curies":[{"name":"wp","href":"https:\/\/api.w.org\/{rel}","templated":true}]}}