{"id":302,"date":"2014-12-23T11:17:18","date_gmt":"2014-12-23T10:17:18","guid":{"rendered":"http:\/\/www.ecambria-experts.de\/it-sachverstaendiger\/newsletter"},"modified":"2019-09-04T13:59:14","modified_gmt":"2019-09-04T12:59:14","slug":"newsletter","status":"publish","type":"page","link":"https:\/\/www.ecambria-experts.de\/it-sachverstaendiger\/newsletter","title":{"rendered":"Newsletter"},"content":{"rendered":"<h1>Newsletter<\/h1>\n<p>Der ecambria Newsletter informiert Sie \u00fcber aktuelle Themen aus dem Spannungsfeld von Informatik, Recht und Wirtschaft. Die Inhalte sind besonders relevant f\u00fcr<\/p>\n<ul>\n<li>IT-Fachanw\u00e4lte und Juristen mit Bezug zur Informationstechnologie,<\/li>\n<li>IT-F\u00fchrungskr\u00e4fte in Anwender- und Herstellerunternehmen,<\/li>\n<li>IT-Eink\u00e4ufer und Projektleiter in Unternehmen, Beh\u00f6rden und Versicherungen.<\/li>\n<\/ul>\n<p>Au\u00dferdem halten wir Sie \u00fcber die T\u00e4tigkeit unserer Sachverst\u00e4ndigengesellschaft auf dem Laufenden.<\/p>\n<p>Themen aus den bisherigen Ausgaben:<\/p>\n<p>Juni 2015: <strong>Technische Fragestellungen bei der IT-Due-Diligence<\/strong><\/p>\n<p>September 2015: <strong>IT-Durchsuchung im Rahmen einer einstweiligen Verf\u00fcgung: Welche Informationen ben\u00f6tigt ein IT-Sachverst\u00e4ndiger vor dem Ortstermin?<\/strong><\/p>\n<p>Dezember 2015: <strong>Software-Wertgutachten: Wertbegriffe und Einsatzzwecke<\/strong><\/p>\n<p>Wir w\u00fcrden uns freuen, wenn Sie den Newsletter abonnieren (dann k\u00f6nnen Sie auch auf die Inhalte der vergangenen Newsletter zugreifen). Bitte schreiben Sie dazu eine E-Mail an info@ecambria-experts.de mit dem Betreff &#8222;Newsletter abonnieren&#8220;.<\/p>\n","protected":false},"excerpt":{"rendered":"<p>Newsletter Der ecambria Newsletter informiert Sie \u00fcber aktuelle Themen aus dem Spannungsfeld von Informatik, Recht und Wirtschaft. Die Inhalte sind besonders relevant f\u00fcr IT-Fachanw\u00e4lte und Juristen mit Bezug zur Informationstechnologie, IT-F\u00fchrungskr\u00e4fte in Anwender- und Herstellerunternehmen, IT-Eink\u00e4ufer und Projektleiter in Unternehmen, Beh\u00f6rden und Versicherungen. Au\u00dferdem halten wir Sie \u00fcber die T\u00e4tigkeit&#8230;<\/p>\n","protected":false},"author":1,"featured_media":0,"parent":0,"menu_order":0,"comment_status":"closed","ping_status":"closed","template":"","meta":{"inline_featured_image":false,"footnotes":""},"class_list":["post-302","page","type-page","status-publish","hentry"],"yoast_head":"<!-- This site is optimized with the Yoast SEO plugin v25.4 - https:\/\/yoast.com\/wordpress\/plugins\/seo\/ -->\n<title>Newsletter - ecambria experts<\/title>\n<meta name=\"robots\" content=\"index, follow, max-snippet:-1, max-image-preview:large, max-video-preview:-1\" \/>\n<link rel=\"canonical\" href=\"https:\/\/www.ecambria-experts.de\/it-sachverstaendiger\/newsletter\" \/>\n<meta property=\"og:locale\" content=\"de_DE\" \/>\n<meta property=\"og:type\" content=\"article\" \/>\n<meta property=\"og:title\" content=\"Newsletter - ecambria experts\" \/>\n<meta property=\"og:description\" content=\"Newsletter Der ecambria Newsletter informiert Sie \u00fcber aktuelle Themen aus dem Spannungsfeld von Informatik, Recht und Wirtschaft. Die Inhalte sind besonders relevant f\u00fcr IT-Fachanw\u00e4lte und Juristen mit Bezug zur Informationstechnologie, IT-F\u00fchrungskr\u00e4fte in Anwender- und Herstellerunternehmen, IT-Eink\u00e4ufer und Projektleiter in Unternehmen, Beh\u00f6rden und Versicherungen. Au\u00dferdem halten wir Sie \u00fcber die T\u00e4tigkeit...\" \/>\n<meta property=\"og:url\" content=\"https:\/\/www.ecambria-experts.de\/it-sachverstaendiger\/newsletter\" \/>\n<meta property=\"og:site_name\" content=\"ecambria experts\" \/>\n<meta property=\"article:modified_time\" content=\"2019-09-04T12:59:14+00:00\" \/>\n<meta name=\"twitter:card\" content=\"summary_large_image\" \/>\n<meta name=\"twitter:label1\" content=\"Gesch\u00e4tzte Lesezeit\" \/>\n\t<meta name=\"twitter:data1\" content=\"1\u00a0Minute\" \/>\n<script type=\"application\/ld+json\" class=\"yoast-schema-graph\">{\"@context\":\"https:\/\/schema.org\",\"@graph\":[{\"@type\":\"WebPage\",\"@id\":\"https:\/\/www.ecambria-experts.de\/it-sachverstaendiger\/newsletter\",\"url\":\"https:\/\/www.ecambria-experts.de\/it-sachverstaendiger\/newsletter\",\"name\":\"Newsletter - ecambria experts\",\"isPartOf\":{\"@id\":\"https:\/\/www.ecambria-experts.de\/it-sachverstaendiger\/#website\"},\"datePublished\":\"2014-12-23T10:17:18+00:00\",\"dateModified\":\"2019-09-04T12:59:14+00:00\",\"breadcrumb\":{\"@id\":\"https:\/\/www.ecambria-experts.de\/it-sachverstaendiger\/newsletter#breadcrumb\"},\"inLanguage\":\"de\",\"potentialAction\":[{\"@type\":\"ReadAction\",\"target\":[\"https:\/\/www.ecambria-experts.de\/it-sachverstaendiger\/newsletter\"]}]},{\"@type\":\"BreadcrumbList\",\"@id\":\"https:\/\/www.ecambria-experts.de\/it-sachverstaendiger\/newsletter#breadcrumb\",\"itemListElement\":[{\"@type\":\"ListItem\",\"position\":1,\"name\":\"Startseite\",\"item\":\"https:\/\/www.ecambria-experts.de\/it-sachverstaendiger\/\"},{\"@type\":\"ListItem\",\"position\":2,\"name\":\"Newsletter\"}]},{\"@type\":\"WebSite\",\"@id\":\"https:\/\/www.ecambria-experts.de\/it-sachverstaendiger\/#website\",\"url\":\"https:\/\/www.ecambria-experts.de\/it-sachverstaendiger\/\",\"name\":\"ecambria experts\",\"description\":\"IT-Sachverst\u00e4ndige und Gutachter, Bewertung, Gerichtsgutachten, Privatgutachten, Schlichtung\",\"publisher\":{\"@id\":\"https:\/\/www.ecambria-experts.de\/it-sachverstaendiger\/#organization\"},\"potentialAction\":[{\"@type\":\"SearchAction\",\"target\":{\"@type\":\"EntryPoint\",\"urlTemplate\":\"https:\/\/www.ecambria-experts.de\/it-sachverstaendiger\/?s={search_term_string}\"},\"query-input\":{\"@type\":\"PropertyValueSpecification\",\"valueRequired\":true,\"valueName\":\"search_term_string\"}}],\"inLanguage\":\"de\"},{\"@type\":\"Organization\",\"@id\":\"https:\/\/www.ecambria-experts.de\/it-sachverstaendiger\/#organization\",\"name\":\"ecambria experts\",\"url\":\"https:\/\/www.ecambria-experts.de\/it-sachverstaendiger\/\",\"logo\":{\"@type\":\"ImageObject\",\"inLanguage\":\"de\",\"@id\":\"https:\/\/www.ecambria-experts.de\/it-sachverstaendiger\/#\/schema\/logo\/image\/\",\"url\":\"https:\/\/www.ecambria-experts.de\/it-sachverstaendiger\/wp-content\/uploads\/2025\/09\/ecambria_experts_logo_ohne_rand.svg\",\"contentUrl\":\"https:\/\/www.ecambria-experts.de\/it-sachverstaendiger\/wp-content\/uploads\/2025\/09\/ecambria_experts_logo_ohne_rand.svg\",\"width\":369,\"height\":60,\"caption\":\"ecambria experts\"},\"image\":{\"@id\":\"https:\/\/www.ecambria-experts.de\/it-sachverstaendiger\/#\/schema\/logo\/image\/\"}}]}<\/script>\n<!-- \/ Yoast SEO plugin. -->","yoast_head_json":{"title":"Newsletter - ecambria experts","robots":{"index":"index","follow":"follow","max-snippet":"max-snippet:-1","max-image-preview":"max-image-preview:large","max-video-preview":"max-video-preview:-1"},"canonical":"https:\/\/www.ecambria-experts.de\/it-sachverstaendiger\/newsletter","og_locale":"de_DE","og_type":"article","og_title":"Newsletter - ecambria experts","og_description":"Newsletter Der ecambria Newsletter informiert Sie \u00fcber aktuelle Themen aus dem Spannungsfeld von Informatik, Recht und Wirtschaft. Die Inhalte sind besonders relevant f\u00fcr IT-Fachanw\u00e4lte und Juristen mit Bezug zur Informationstechnologie, IT-F\u00fchrungskr\u00e4fte in Anwender- und Herstellerunternehmen, IT-Eink\u00e4ufer und Projektleiter in Unternehmen, Beh\u00f6rden und Versicherungen. Au\u00dferdem halten wir Sie \u00fcber die T\u00e4tigkeit...","og_url":"https:\/\/www.ecambria-experts.de\/it-sachverstaendiger\/newsletter","og_site_name":"ecambria experts","article_modified_time":"2019-09-04T12:59:14+00:00","twitter_card":"summary_large_image","twitter_misc":{"Gesch\u00e4tzte Lesezeit":"1\u00a0Minute"},"schema":{"@context":"https:\/\/schema.org","@graph":[{"@type":"WebPage","@id":"https:\/\/www.ecambria-experts.de\/it-sachverstaendiger\/newsletter","url":"https:\/\/www.ecambria-experts.de\/it-sachverstaendiger\/newsletter","name":"Newsletter - ecambria experts","isPartOf":{"@id":"https:\/\/www.ecambria-experts.de\/it-sachverstaendiger\/#website"},"datePublished":"2014-12-23T10:17:18+00:00","dateModified":"2019-09-04T12:59:14+00:00","breadcrumb":{"@id":"https:\/\/www.ecambria-experts.de\/it-sachverstaendiger\/newsletter#breadcrumb"},"inLanguage":"de","potentialAction":[{"@type":"ReadAction","target":["https:\/\/www.ecambria-experts.de\/it-sachverstaendiger\/newsletter"]}]},{"@type":"BreadcrumbList","@id":"https:\/\/www.ecambria-experts.de\/it-sachverstaendiger\/newsletter#breadcrumb","itemListElement":[{"@type":"ListItem","position":1,"name":"Startseite","item":"https:\/\/www.ecambria-experts.de\/it-sachverstaendiger\/"},{"@type":"ListItem","position":2,"name":"Newsletter"}]},{"@type":"WebSite","@id":"https:\/\/www.ecambria-experts.de\/it-sachverstaendiger\/#website","url":"https:\/\/www.ecambria-experts.de\/it-sachverstaendiger\/","name":"ecambria experts","description":"IT-Sachverst\u00e4ndige und Gutachter, Bewertung, Gerichtsgutachten, Privatgutachten, Schlichtung","publisher":{"@id":"https:\/\/www.ecambria-experts.de\/it-sachverstaendiger\/#organization"},"potentialAction":[{"@type":"SearchAction","target":{"@type":"EntryPoint","urlTemplate":"https:\/\/www.ecambria-experts.de\/it-sachverstaendiger\/?s={search_term_string}"},"query-input":{"@type":"PropertyValueSpecification","valueRequired":true,"valueName":"search_term_string"}}],"inLanguage":"de"},{"@type":"Organization","@id":"https:\/\/www.ecambria-experts.de\/it-sachverstaendiger\/#organization","name":"ecambria experts","url":"https:\/\/www.ecambria-experts.de\/it-sachverstaendiger\/","logo":{"@type":"ImageObject","inLanguage":"de","@id":"https:\/\/www.ecambria-experts.de\/it-sachverstaendiger\/#\/schema\/logo\/image\/","url":"https:\/\/www.ecambria-experts.de\/it-sachverstaendiger\/wp-content\/uploads\/2025\/09\/ecambria_experts_logo_ohne_rand.svg","contentUrl":"https:\/\/www.ecambria-experts.de\/it-sachverstaendiger\/wp-content\/uploads\/2025\/09\/ecambria_experts_logo_ohne_rand.svg","width":369,"height":60,"caption":"ecambria experts"},"image":{"@id":"https:\/\/www.ecambria-experts.de\/it-sachverstaendiger\/#\/schema\/logo\/image\/"}}]}},"_links":{"self":[{"href":"https:\/\/www.ecambria-experts.de\/it-sachverstaendiger\/wp-json\/wp\/v2\/pages\/302","targetHints":{"allow":["GET"]}}],"collection":[{"href":"https:\/\/www.ecambria-experts.de\/it-sachverstaendiger\/wp-json\/wp\/v2\/pages"}],"about":[{"href":"https:\/\/www.ecambria-experts.de\/it-sachverstaendiger\/wp-json\/wp\/v2\/types\/page"}],"author":[{"embeddable":true,"href":"https:\/\/www.ecambria-experts.de\/it-sachverstaendiger\/wp-json\/wp\/v2\/users\/1"}],"replies":[{"embeddable":true,"href":"https:\/\/www.ecambria-experts.de\/it-sachverstaendiger\/wp-json\/wp\/v2\/comments?post=302"}],"version-history":[{"count":10,"href":"https:\/\/www.ecambria-experts.de\/it-sachverstaendiger\/wp-json\/wp\/v2\/pages\/302\/revisions"}],"predecessor-version":[{"id":1370,"href":"https:\/\/www.ecambria-experts.de\/it-sachverstaendiger\/wp-json\/wp\/v2\/pages\/302\/revisions\/1370"}],"wp:attachment":[{"href":"https:\/\/www.ecambria-experts.de\/it-sachverstaendiger\/wp-json\/wp\/v2\/media?parent=302"}],"curies":[{"name":"wp","href":"https:\/\/api.w.org\/{rel}","templated":true}]}}