{"id":363,"date":"2015-01-27T14:05:50","date_gmt":"2015-01-27T13:05:50","guid":{"rendered":"http:\/\/www.ecambria-experts.de\/it-sachverstaendiger\/?page_id=363"},"modified":"2017-05-15T13:41:07","modified_gmt":"2017-05-15T12:41:07","slug":"geolokalisierung-der-personenbezug-von-standortdaten","status":"publish","type":"page","link":"https:\/\/www.ecambria-experts.de\/it-sachverstaendiger\/geolokalisierung-der-personenbezug-von-standortdaten","title":{"rendered":"Geolokalisierung: Der Personenbezug von Standortdaten"},"content":{"rendered":"<p><em>Stiemerling, Oliver<\/em>: <strong>Geolokalisierung: Der Personenbezug von Standortdaten<\/strong>, Datenschutz PRAXIS 12\/2014, 14-15<\/p>\n<p><strong>Abstrakt<\/strong><\/p>\n<p>Dadurch, dass immer mehr Dinge im Privat- wie im Berufsleben eine elektronisch lesbare Identifikation bekommen, besteht in stark zunehmendem Ma\u00dfe die M\u00f6glichkeit, den Standort von z.B. Mobiltelefonen, Produkten, Beh\u00e4ltern, Fahrzeugen und ggf. auch den mit diesen Ger\u00e4ten assoziierten Personen (Nutzer, Fahrer, K\u00e4ufer\u2026) zu ermitteln und in Netzwerke zu \u00fcbertragen. So r\u00fcckt die Geolokalisierung in den Fokus von Datensch\u00fctzern.\u00a0Dieser Beitrag f\u00fchrt in das Thema ein und gibt Tipps zur datenschutzkonformen Umsetzung.<\/p>\n<p>Der vollst\u00e4ndige Beitrag ist erh\u00e4ltlich bei der <a href=\"https:\/\/www.weka.de\/datenschutz\/\" target=\"_blank\">WEKA<\/a>.<\/p>\n","protected":false},"excerpt":{"rendered":"<p>Stiemerling, Oliver: Geolokalisierung: Der Personenbezug von Standortdaten, Datenschutz PRAXIS 12\/2014, 14-15 Abstrakt Dadurch, dass immer mehr Dinge im Privat- wie im Berufsleben eine elektronisch lesbare Identifikation bekommen, besteht in stark zunehmendem Ma\u00dfe die M\u00f6glichkeit, den Standort von z.B. Mobiltelefonen, Produkten, Beh\u00e4ltern, Fahrzeugen und ggf. auch den mit diesen Ger\u00e4ten assoziierten&#8230;<\/p>\n","protected":false},"author":11,"featured_media":0,"parent":0,"menu_order":0,"comment_status":"closed","ping_status":"closed","template":"page-templates\/full-width.php","meta":{"inline_featured_image":false,"footnotes":""},"class_list":["post-363","page","type-page","status-publish","hentry"],"yoast_head":"<!-- This site is optimized with the Yoast SEO plugin v25.4 - https:\/\/yoast.com\/wordpress\/plugins\/seo\/ -->\n<title>Geolokalisierung: Der Personenbezug von Standortdaten<\/title>\n<meta name=\"description\" content=\"Der Beitrag f\u00fchrt in das Thema Geolokalisierung ein und gibt Tipps zu einer datenschutzkonformen Umsetzung.\" \/>\n<meta name=\"robots\" content=\"index, follow, max-snippet:-1, max-image-preview:large, max-video-preview:-1\" \/>\n<link rel=\"canonical\" href=\"https:\/\/www.ecambria-experts.de\/it-sachverstaendiger\/geolokalisierung-der-personenbezug-von-standortdaten\" \/>\n<meta property=\"og:locale\" content=\"de_DE\" \/>\n<meta property=\"og:type\" content=\"article\" \/>\n<meta property=\"og:title\" content=\"Geolokalisierung: Der Personenbezug von Standortdaten\" \/>\n<meta property=\"og:description\" content=\"Der Beitrag f\u00fchrt in das Thema Geolokalisierung ein und gibt Tipps zu einer datenschutzkonformen Umsetzung.\" \/>\n<meta property=\"og:url\" content=\"https:\/\/www.ecambria-experts.de\/it-sachverstaendiger\/geolokalisierung-der-personenbezug-von-standortdaten\" \/>\n<meta property=\"og:site_name\" content=\"ecambria experts\" \/>\n<meta property=\"article:modified_time\" content=\"2017-05-15T12:41:07+00:00\" \/>\n<meta name=\"twitter:card\" content=\"summary_large_image\" \/>\n<meta name=\"twitter:label1\" content=\"Gesch\u00e4tzte Lesezeit\" \/>\n\t<meta name=\"twitter:data1\" content=\"1\u00a0Minute\" \/>\n<script type=\"application\/ld+json\" class=\"yoast-schema-graph\">{\"@context\":\"https:\/\/schema.org\",\"@graph\":[{\"@type\":\"WebPage\",\"@id\":\"https:\/\/www.ecambria-experts.de\/it-sachverstaendiger\/geolokalisierung-der-personenbezug-von-standortdaten\",\"url\":\"https:\/\/www.ecambria-experts.de\/it-sachverstaendiger\/geolokalisierung-der-personenbezug-von-standortdaten\",\"name\":\"Geolokalisierung: Der Personenbezug von Standortdaten\",\"isPartOf\":{\"@id\":\"https:\/\/www.ecambria-experts.de\/it-sachverstaendiger\/#website\"},\"datePublished\":\"2015-01-27T13:05:50+00:00\",\"dateModified\":\"2017-05-15T12:41:07+00:00\",\"description\":\"Der Beitrag f\u00fchrt in das Thema Geolokalisierung ein und gibt Tipps zu einer datenschutzkonformen Umsetzung.\",\"breadcrumb\":{\"@id\":\"https:\/\/www.ecambria-experts.de\/it-sachverstaendiger\/geolokalisierung-der-personenbezug-von-standortdaten#breadcrumb\"},\"inLanguage\":\"de\",\"potentialAction\":[{\"@type\":\"ReadAction\",\"target\":[\"https:\/\/www.ecambria-experts.de\/it-sachverstaendiger\/geolokalisierung-der-personenbezug-von-standortdaten\"]}]},{\"@type\":\"BreadcrumbList\",\"@id\":\"https:\/\/www.ecambria-experts.de\/it-sachverstaendiger\/geolokalisierung-der-personenbezug-von-standortdaten#breadcrumb\",\"itemListElement\":[{\"@type\":\"ListItem\",\"position\":1,\"name\":\"Startseite\",\"item\":\"https:\/\/www.ecambria-experts.de\/it-sachverstaendiger\/\"},{\"@type\":\"ListItem\",\"position\":2,\"name\":\"Geolokalisierung: Der Personenbezug von Standortdaten\"}]},{\"@type\":\"WebSite\",\"@id\":\"https:\/\/www.ecambria-experts.de\/it-sachverstaendiger\/#website\",\"url\":\"https:\/\/www.ecambria-experts.de\/it-sachverstaendiger\/\",\"name\":\"ecambria experts\",\"description\":\"IT-Sachverst\u00e4ndige und Gutachter, Bewertung, Gerichtsgutachten, Privatgutachten, Schlichtung\",\"publisher\":{\"@id\":\"https:\/\/www.ecambria-experts.de\/it-sachverstaendiger\/#organization\"},\"potentialAction\":[{\"@type\":\"SearchAction\",\"target\":{\"@type\":\"EntryPoint\",\"urlTemplate\":\"https:\/\/www.ecambria-experts.de\/it-sachverstaendiger\/?s={search_term_string}\"},\"query-input\":{\"@type\":\"PropertyValueSpecification\",\"valueRequired\":true,\"valueName\":\"search_term_string\"}}],\"inLanguage\":\"de\"},{\"@type\":\"Organization\",\"@id\":\"https:\/\/www.ecambria-experts.de\/it-sachverstaendiger\/#organization\",\"name\":\"ecambria experts\",\"url\":\"https:\/\/www.ecambria-experts.de\/it-sachverstaendiger\/\",\"logo\":{\"@type\":\"ImageObject\",\"inLanguage\":\"de\",\"@id\":\"https:\/\/www.ecambria-experts.de\/it-sachverstaendiger\/#\/schema\/logo\/image\/\",\"url\":\"https:\/\/www.ecambria-experts.de\/it-sachverstaendiger\/wp-content\/uploads\/2025\/09\/ecambria_experts_logo_ohne_rand.svg\",\"contentUrl\":\"https:\/\/www.ecambria-experts.de\/it-sachverstaendiger\/wp-content\/uploads\/2025\/09\/ecambria_experts_logo_ohne_rand.svg\",\"width\":369,\"height\":60,\"caption\":\"ecambria experts\"},\"image\":{\"@id\":\"https:\/\/www.ecambria-experts.de\/it-sachverstaendiger\/#\/schema\/logo\/image\/\"}}]}<\/script>\n<!-- \/ Yoast SEO plugin. -->","yoast_head_json":{"title":"Geolokalisierung: Der Personenbezug von Standortdaten","description":"Der Beitrag f\u00fchrt in das Thema Geolokalisierung ein und gibt Tipps zu einer datenschutzkonformen Umsetzung.","robots":{"index":"index","follow":"follow","max-snippet":"max-snippet:-1","max-image-preview":"max-image-preview:large","max-video-preview":"max-video-preview:-1"},"canonical":"https:\/\/www.ecambria-experts.de\/it-sachverstaendiger\/geolokalisierung-der-personenbezug-von-standortdaten","og_locale":"de_DE","og_type":"article","og_title":"Geolokalisierung: Der Personenbezug von Standortdaten","og_description":"Der Beitrag f\u00fchrt in das Thema Geolokalisierung ein und gibt Tipps zu einer datenschutzkonformen Umsetzung.","og_url":"https:\/\/www.ecambria-experts.de\/it-sachverstaendiger\/geolokalisierung-der-personenbezug-von-standortdaten","og_site_name":"ecambria experts","article_modified_time":"2017-05-15T12:41:07+00:00","twitter_card":"summary_large_image","twitter_misc":{"Gesch\u00e4tzte Lesezeit":"1\u00a0Minute"},"schema":{"@context":"https:\/\/schema.org","@graph":[{"@type":"WebPage","@id":"https:\/\/www.ecambria-experts.de\/it-sachverstaendiger\/geolokalisierung-der-personenbezug-von-standortdaten","url":"https:\/\/www.ecambria-experts.de\/it-sachverstaendiger\/geolokalisierung-der-personenbezug-von-standortdaten","name":"Geolokalisierung: Der Personenbezug von Standortdaten","isPartOf":{"@id":"https:\/\/www.ecambria-experts.de\/it-sachverstaendiger\/#website"},"datePublished":"2015-01-27T13:05:50+00:00","dateModified":"2017-05-15T12:41:07+00:00","description":"Der Beitrag f\u00fchrt in das Thema Geolokalisierung ein und gibt Tipps zu einer datenschutzkonformen Umsetzung.","breadcrumb":{"@id":"https:\/\/www.ecambria-experts.de\/it-sachverstaendiger\/geolokalisierung-der-personenbezug-von-standortdaten#breadcrumb"},"inLanguage":"de","potentialAction":[{"@type":"ReadAction","target":["https:\/\/www.ecambria-experts.de\/it-sachverstaendiger\/geolokalisierung-der-personenbezug-von-standortdaten"]}]},{"@type":"BreadcrumbList","@id":"https:\/\/www.ecambria-experts.de\/it-sachverstaendiger\/geolokalisierung-der-personenbezug-von-standortdaten#breadcrumb","itemListElement":[{"@type":"ListItem","position":1,"name":"Startseite","item":"https:\/\/www.ecambria-experts.de\/it-sachverstaendiger\/"},{"@type":"ListItem","position":2,"name":"Geolokalisierung: Der Personenbezug von Standortdaten"}]},{"@type":"WebSite","@id":"https:\/\/www.ecambria-experts.de\/it-sachverstaendiger\/#website","url":"https:\/\/www.ecambria-experts.de\/it-sachverstaendiger\/","name":"ecambria experts","description":"IT-Sachverst\u00e4ndige und Gutachter, Bewertung, Gerichtsgutachten, Privatgutachten, Schlichtung","publisher":{"@id":"https:\/\/www.ecambria-experts.de\/it-sachverstaendiger\/#organization"},"potentialAction":[{"@type":"SearchAction","target":{"@type":"EntryPoint","urlTemplate":"https:\/\/www.ecambria-experts.de\/it-sachverstaendiger\/?s={search_term_string}"},"query-input":{"@type":"PropertyValueSpecification","valueRequired":true,"valueName":"search_term_string"}}],"inLanguage":"de"},{"@type":"Organization","@id":"https:\/\/www.ecambria-experts.de\/it-sachverstaendiger\/#organization","name":"ecambria experts","url":"https:\/\/www.ecambria-experts.de\/it-sachverstaendiger\/","logo":{"@type":"ImageObject","inLanguage":"de","@id":"https:\/\/www.ecambria-experts.de\/it-sachverstaendiger\/#\/schema\/logo\/image\/","url":"https:\/\/www.ecambria-experts.de\/it-sachverstaendiger\/wp-content\/uploads\/2025\/09\/ecambria_experts_logo_ohne_rand.svg","contentUrl":"https:\/\/www.ecambria-experts.de\/it-sachverstaendiger\/wp-content\/uploads\/2025\/09\/ecambria_experts_logo_ohne_rand.svg","width":369,"height":60,"caption":"ecambria experts"},"image":{"@id":"https:\/\/www.ecambria-experts.de\/it-sachverstaendiger\/#\/schema\/logo\/image\/"}}]}},"_links":{"self":[{"href":"https:\/\/www.ecambria-experts.de\/it-sachverstaendiger\/wp-json\/wp\/v2\/pages\/363","targetHints":{"allow":["GET"]}}],"collection":[{"href":"https:\/\/www.ecambria-experts.de\/it-sachverstaendiger\/wp-json\/wp\/v2\/pages"}],"about":[{"href":"https:\/\/www.ecambria-experts.de\/it-sachverstaendiger\/wp-json\/wp\/v2\/types\/page"}],"author":[{"embeddable":true,"href":"https:\/\/www.ecambria-experts.de\/it-sachverstaendiger\/wp-json\/wp\/v2\/users\/11"}],"replies":[{"embeddable":true,"href":"https:\/\/www.ecambria-experts.de\/it-sachverstaendiger\/wp-json\/wp\/v2\/comments?post=363"}],"version-history":[{"count":5,"href":"https:\/\/www.ecambria-experts.de\/it-sachverstaendiger\/wp-json\/wp\/v2\/pages\/363\/revisions"}],"predecessor-version":[{"id":584,"href":"https:\/\/www.ecambria-experts.de\/it-sachverstaendiger\/wp-json\/wp\/v2\/pages\/363\/revisions\/584"}],"wp:attachment":[{"href":"https:\/\/www.ecambria-experts.de\/it-sachverstaendiger\/wp-json\/wp\/v2\/media?parent=363"}],"curies":[{"name":"wp","href":"https:\/\/api.w.org\/{rel}","templated":true}]}}