{"id":380,"date":"2015-03-04T13:47:49","date_gmt":"2015-03-04T12:47:49","guid":{"rendered":"http:\/\/www.ecambria-experts.de\/it-sachverstaendiger\/?page_id=380"},"modified":"2019-09-04T13:52:23","modified_gmt":"2019-09-04T12:52:23","slug":"besichtigungsanspruch","status":"publish","type":"page","link":"https:\/\/www.ecambria-experts.de\/it-sachverstaendiger\/besichtigungsanspruch","title":{"rendered":"IT-Durchsuchung im Rahmen einer einstweiligen Verf\u00fcgung: Welche Informationen ben\u00f6tigt ein IT-Sachverst\u00e4ndiger vor dem Ortstermin?"},"content":{"rendered":"<h1>IT-Durchsuchung im Rahmen einer einstweiligen Verf\u00fcgung: Welche Informationen ben\u00f6tigt ein IT-Sachverst\u00e4ndiger vor dem Ortstermin?<\/h1>\n<p>F\u00fcr einen Programmierer sind der Quellcode seines Programms und das damit verbundene Urheberrecht sein Kapital. Was aber, wenn zu bef\u00fcrchten ist, dass Teile des eigenen Codes von einem anderen unbefugt verwendet werden, z.B. nach dem Wechsel eines ehemaligen Mitarbeiters zu einem Konkurrenten? In diesem Fall kann per Gerichtsbeschluss die Untersuchung des streitgegenst\u00e4ndlichen Sourcecodes durch einen neutralen IT-Sachverst\u00e4ndigen, insbesondere der Vergleich mit dem Original-Sourcecode, angeordnet werden. Im entsprechenden Antrag zu diesem Beschluss muss der Antragssteller genau festlegen, was er untersucht haben will und welche Pr\u00fcfungshandlungen des Sachverst\u00e4ndigen der Antragsgegner dulden bzw. sogar durch Herausgabe der Passw\u00f6rter und Zugangsdaten unterst\u00fctzen muss.<\/p>\n<p>Im Folgenden werden auf Basis der Erfahrung aus der gutachterlichen Praxis Hinweise auf die Informationen gegeben, die der IT-Sachverst\u00e4ndige vor der Durchsuchung bzw. Besichtigung ben\u00f6tigt, um den gerichtlichen Auftrag durchf\u00fchren zu k\u00f6nnen. Diese Informationen sollte der Antragsteller dem Antrag unbedingt beif\u00fcgen, da der Sachverst\u00e4ndige ansonsten ggf. nicht effektiv arbeiten kann. Zun\u00e4chst wird jedoch kurz f\u00fcr juristisch nicht versierte Leser der rechtliche Hintergrund einer Besichtigung nach \u00a7101 UrhG umrissen.<\/p>\n<h2>Rechtlicher Hintergrund<\/h2>\n<p>Eine Software genie\u00dft in allen ihren Ausdrucksformen urheberrechtlichen Schutz (vgl. \u00a7 69a Abs. 1, Abs. 2 Satz 1 UrhG). Bei Verst\u00f6\u00dfen besteht f\u00fcr den Rechteinhaber die M\u00f6glichkeit, denjenigen, der die Rechtsverletzung begangen hat, zivilrechtlich zur Unterlassung weiterer Verletzungen und\/oder zur Zahlung von Schadensersatz zu verpflichten.<\/p>\n<p>In der Praxis hat der Urheber jedoch ein gro\u00dfes Interesse daran, schon vor Abschluss eines zivilgerichtlichen Verfahrens, seine Rechte im Rahmen eines einstweiligen Verf\u00fcgungsverfahrens zu sch\u00fctzen.<\/p>\n<p>Hierzu ist zun\u00e4chst erforderlich, bereits im Vorfeld des Prozesses die erforderlichen Beweismittel zu beschaffen, denn anders als beispielsweise im Strafrecht gilt im Zivilrecht der sogenannte Beibringungsgrundsatz, wonach die Beibringung der Beweise den Parteien obliegt. Und genau das stellt eine gro\u00dfe Herausforderung f\u00fcr den Rechteinhaber dar. F\u00fcr gew\u00f6hnlich erf\u00e4hrt der Urheber entweder aufgrund eigener Ermittlungen oder durch Hinweise von Dritten, dass die selbst entwickelte Software unbefugt verwendet wird.<\/p>\n<p>In derartigen F\u00e4llen &#8211; insbesondere dann, wenn lediglich einzelne Teile eines Quellcodes kopiert oder marginal modifiziert verwendet werden &#8211; steht der der verd\u00e4chtigen Software zugrunde liegende Sourcecode dem Rechteinhaber meistens nicht zu Untersuchungs- und Beweiszwecken zur Verf\u00fcgung. M\u00f6chte er jedoch im Prozess beweisen, dass ein anderer seine Ideen gestohlen hat, ist eine derartige Untersuchung unter Hinzuziehung eines Sachverst\u00e4ndigen, sofern die Urheberrechtsverletzung nicht evident ist, unverzichtbar.<\/p>\n<p>\u00a7 101a UrhG gew\u00e4hrt dem Urheber in solchen F\u00e4llen einen Anspruch auf Vorlage und Besichtigung:<\/p>\n<p><span style=\"text-decoration: underline;\">\u00a7 101a UrhG<\/span><br \/>\n<em>(1) Wer mit hinreichender Wahrscheinlichkeit das Urheberrecht oder ein anderes nach diesem Gesetz gesch\u00fctztes Recht widerrechtlich verletzt, kann von dem Verletzten auf Vorlage einer Urkunde oder Besichtigung einer Sache in Anspruch genommen werden, die sich in seiner Verf\u00fcgungsgewalt befindet, wenn dies zur Begr\u00fcndung von dessen Anspr\u00fcchen erforderlich ist<\/em>.<\/p>\n<p>Der Rechteinhaber muss hierzu bei dem zust\u00e4ndigen Gericht einen Antrag auf Durchf\u00fchrung eines selbst\u00e4ndigen Beweisverfahrens gem. \u00a7 485ff. ZPO stellen, innerhalb dessen die Begutachtung einer Sache durch einen Sachverst\u00e4ndigen dann bereits vor Klageerhebung gerichtlich angeordnet werden kann.<\/p>\n<p>Um zu beweisen, dass die &#8211; sich typischerweise in den Gesch\u00e4ftsr\u00e4umen des Antragsgegners befindliche &#8211; Software ganz, oder zu erheblichen Teilen durch \u00dcbernahme der Software des Antragsstellers entwickelt wurde, wird daneben ein Antrag auf Erlass einer einstweiligen Verf\u00fcgung gestellt, die darauf gerichtet ist, den Antragsgegner zu verpflichten, die Besichtigung der Sache und die hierf\u00fcr erforderliche Anwesenheit des Sachverst\u00e4ndigen in seinen R\u00e4umlichkeiten zu dulden, wovon auch die Privatwohnung umfasst sein kann. Da Software-Sourcecode heute oft nicht direkt in den Firmenr\u00e4umen sondern in sogenannten &#8222;Online-Repositories&#8220; in durch Dritte betriebenen Rechenzentren gespeichert wird, ist es sehr wichtig, dass der gerichtliche Beschluss auch den Zugang zu solchen Speicherorten umfasst.<\/p>\n<p>Gerade wenn der von dieser Ma\u00dfnahme Betroffene dann, ggf. auch noch zur \u201eUnzeit\u201c in seiner Privatwohnung gest\u00f6rt wird, ist es umso entscheidender, dass bei der Durchsuchung aus technischer Sicht alles glattl\u00e4uft. Daf\u00fcr ben\u00f6tigt der IT-Sachverst\u00e4ndige bereits im Vorfeld der Durchsuchung\u00a0 m\u00f6glichst detaillierte Informationen, die im folgenden Abschnitt beschrieben werden.<\/p>\n<h2>F\u00fcr den Sachverst\u00e4ndigen hilfreiche Informationen im Vorfeld der Besichtigung \/ Durchsuchung<\/h2>\n<p>Kern des gerichtlichen Auftrags ist typischerweise der Vergleich der Originalsoftware mit dem vermeintlichen Plagiat. Aus diesem Grund ist von entscheidender Bedeutung, dass die <span style=\"text-decoration: underline;\">Originalsoftware<\/span> in allen relevanten Ausdrucksformen (Sourcecode, Bin\u00e4r) und den korrekten, antragsgegenst\u00e4ndlichen Versionen dem Sachverst\u00e4ndigen bereits vor der Besichtigung zur Verf\u00fcgung gestellt wird, damit dieser das vermeintliche Plagiat\u00a0 in der Menge der beim Antragsgegner vorliegenen Daten identizieren kann.<\/p>\n<p>Zudem sind f\u00fcr den Sachverst\u00e4ndige weitere Hinweise n\u00fctzlich, die ihm beim Auffinden des vermeintlichen Plagiats helfen. Dazu geh\u00f6ren beispielsweise der <span style=\"text-decoration: underline;\">Produktname und technische Informationen zum vermeintlichen Plagiat, wie die Art der Installation oder die vermutete Entwicklungsumgebung<\/span>. Falls beim Antragssteller Informationen zu <span style=\"text-decoration: underline;\">m\u00f6glichen Speicherorten im Unternehmen des Antragsgegners<\/span> vorliegen, sollten diese Hinweise dem Sachverst\u00e4ndigen\u00a0ebenfalls zur Verf\u00fcgung gestellt werden. Der Antragssteller sollte beachten, dass die Software oft gar nicht im Unternehmen selbst, sondern &#8211; wie oben beschrieben &#8211; in sogenannten externen <em>Repositories<\/em> (z.B. auf Basis des Systems <a title=\"Subversion von Apache\" href=\"https:\/\/de.wikipedia.org\/wiki\/Apache_Subversion\" target=\"_blank\" rel=\"noopener\">Subversion<\/a>) in Rechenzentren gespeichert ist, zu denen der Sachverst\u00e4ndige gem\u00e4\u00df Gerichtsbeschluss ebenfalls (elektronischen) Zugang haben sollte.<\/p>\n<p>Des Weiteren ist es sehr wichtig, dass der Sachverst\u00e4ndige vor dem Termin bereits Hinweise auf die im Unternehmen des Antragsgegners <span style=\"text-decoration: underline;\">zu erwartenden Betriebssysteme und Hardwareausstattung<\/span> erh\u00e4lt. Falls die gesuchte Software &#8211; was allerdings selten vorkommt &#8211; in <span style=\"text-decoration: underline;\">Systeme mit fremdsprachiger Benutzeroberfl\u00e4che bzw. Betriebssystem<\/span> vermutet wird, sollte der Sachverst\u00e4ndige dies ebenfalls vorher wissen. Ansonsten kann es vorkommen, dass der Sachverst\u00e4ndige die vermuteten Programmdateien weder effektiv suchen noch kopieren kann.<\/p>\n<p>Trotz aller Hinweise kann es bei der Besichtigung vorkommen, dass der Sachverst\u00e4ndige auf unerwartete Hindernisse st\u00f6\u00dft. In diesem Fall sollte der Beschluss so gefasst sein, dass der Sachverst\u00e4ndige ggf. mit\u00a0 Unterst\u00fctzung des Gerichtsvollziehers <span style=\"text-decoration: underline;\">das Recht hat, Computer, Datentr\u00e4ger oder auch andere Hardware in sein Labor mitzunehmen<\/span>, um diese dann dort in Ruhe untersuchen zu k\u00f6nnen. Ansonsten besteht die Gefahr, dass aufgrund der knappen Zeit im Termin vor Ort wichtige Artefakte (insbesondere der Sourcecode) nicht gefunden werden. Auch sollte der Sachverst\u00e4ndige <span style=\"text-decoration: underline;\">das Recht haben, vom Labor aus nach dem Termin auf Online-Repositories zuzugreifen<\/span>.<\/p>\n<p>Idealerweise sollte die M\u00f6glichkeit f\u00fcr den Sachverst\u00e4ndigen bestehen, ggf. \u00fcber das Gericht mit den anwaltlichen Vertretern des Antragsstellers R\u00fccksprache bez\u00fcglich technischer Fragen im Vorfeld der Durchsuchung\/Besichtigung zu halten.<\/p>\n","protected":false},"excerpt":{"rendered":"<p>IT-Durchsuchung im Rahmen einer einstweiligen Verf\u00fcgung: Welche Informationen ben\u00f6tigt ein IT-Sachverst\u00e4ndiger vor dem Ortstermin? F\u00fcr einen Programmierer sind der Quellcode seines Programms und das damit verbundene Urheberrecht sein Kapital. Was aber, wenn zu bef\u00fcrchten ist, dass Teile des eigenen Codes von einem anderen unbefugt verwendet werden, z.B. nach dem Wechsel&#8230;<\/p>\n","protected":false},"author":11,"featured_media":0,"parent":0,"menu_order":0,"comment_status":"closed","ping_status":"closed","template":"","meta":{"inline_featured_image":false,"footnotes":""},"class_list":["post-380","page","type-page","status-publish","hentry"],"yoast_head":"<!-- This site is optimized with the Yoast SEO plugin v25.4 - https:\/\/yoast.com\/wordpress\/plugins\/seo\/ -->\n<title>IT-Durchsuchung im Rahmen einer einstweiligen Verf\u00fcgung: Welche Informationen ben\u00f6tigt ein IT-Sachverst\u00e4ndiger vor dem Ortstermin? - ecambria experts<\/title>\n<meta name=\"description\" content=\"Im Rahmen von einstweiligen Verf\u00fcgung f\u00fchren wir f\u00fcr eine Durchsuchung in Bezug auf urheberrechtlich gesch\u00fctzte Software bzw. Softwarekomponenten durch.\" \/>\n<meta name=\"robots\" content=\"index, follow, max-snippet:-1, max-image-preview:large, max-video-preview:-1\" \/>\n<link rel=\"canonical\" href=\"https:\/\/www.ecambria-experts.de\/it-sachverstaendiger\/besichtigungsanspruch\" \/>\n<meta property=\"og:locale\" content=\"de_DE\" \/>\n<meta property=\"og:type\" content=\"article\" \/>\n<meta property=\"og:title\" content=\"IT-Durchsuchung im Rahmen einer einstweiligen Verf\u00fcgung: Welche Informationen ben\u00f6tigt ein IT-Sachverst\u00e4ndiger vor dem Ortstermin? - ecambria experts\" \/>\n<meta property=\"og:description\" content=\"Im Rahmen von einstweiligen Verf\u00fcgung f\u00fchren wir f\u00fcr eine Durchsuchung in Bezug auf urheberrechtlich gesch\u00fctzte Software bzw. Softwarekomponenten durch.\" \/>\n<meta property=\"og:url\" content=\"https:\/\/www.ecambria-experts.de\/it-sachverstaendiger\/besichtigungsanspruch\" \/>\n<meta property=\"og:site_name\" content=\"ecambria experts\" \/>\n<meta property=\"article:modified_time\" content=\"2019-09-04T12:52:23+00:00\" \/>\n<meta name=\"twitter:card\" content=\"summary_large_image\" \/>\n<meta name=\"twitter:label1\" content=\"Gesch\u00e4tzte Lesezeit\" \/>\n\t<meta name=\"twitter:data1\" content=\"5\u00a0Minuten\" \/>\n<script type=\"application\/ld+json\" class=\"yoast-schema-graph\">{\"@context\":\"https:\/\/schema.org\",\"@graph\":[{\"@type\":\"WebPage\",\"@id\":\"https:\/\/www.ecambria-experts.de\/it-sachverstaendiger\/besichtigungsanspruch\",\"url\":\"https:\/\/www.ecambria-experts.de\/it-sachverstaendiger\/besichtigungsanspruch\",\"name\":\"IT-Durchsuchung im Rahmen einer einstweiligen Verf\u00fcgung: Welche Informationen ben\u00f6tigt ein IT-Sachverst\u00e4ndiger vor dem Ortstermin? - ecambria experts\",\"isPartOf\":{\"@id\":\"https:\/\/www.ecambria-experts.de\/it-sachverstaendiger\/#website\"},\"datePublished\":\"2015-03-04T12:47:49+00:00\",\"dateModified\":\"2019-09-04T12:52:23+00:00\",\"description\":\"Im Rahmen von einstweiligen Verf\u00fcgung f\u00fchren wir f\u00fcr eine Durchsuchung in Bezug auf urheberrechtlich gesch\u00fctzte Software bzw. Softwarekomponenten durch.\",\"breadcrumb\":{\"@id\":\"https:\/\/www.ecambria-experts.de\/it-sachverstaendiger\/besichtigungsanspruch#breadcrumb\"},\"inLanguage\":\"de\",\"potentialAction\":[{\"@type\":\"ReadAction\",\"target\":[\"https:\/\/www.ecambria-experts.de\/it-sachverstaendiger\/besichtigungsanspruch\"]}]},{\"@type\":\"BreadcrumbList\",\"@id\":\"https:\/\/www.ecambria-experts.de\/it-sachverstaendiger\/besichtigungsanspruch#breadcrumb\",\"itemListElement\":[{\"@type\":\"ListItem\",\"position\":1,\"name\":\"Startseite\",\"item\":\"https:\/\/www.ecambria-experts.de\/it-sachverstaendiger\/\"},{\"@type\":\"ListItem\",\"position\":2,\"name\":\"IT-Durchsuchung im Rahmen einer einstweiligen Verf\u00fcgung: Welche Informationen ben\u00f6tigt ein IT-Sachverst\u00e4ndiger vor dem Ortstermin?\"}]},{\"@type\":\"WebSite\",\"@id\":\"https:\/\/www.ecambria-experts.de\/it-sachverstaendiger\/#website\",\"url\":\"https:\/\/www.ecambria-experts.de\/it-sachverstaendiger\/\",\"name\":\"ecambria experts\",\"description\":\"IT-Sachverst\u00e4ndige und Gutachter, Bewertung, Gerichtsgutachten, Privatgutachten, Schlichtung\",\"publisher\":{\"@id\":\"https:\/\/www.ecambria-experts.de\/it-sachverstaendiger\/#organization\"},\"potentialAction\":[{\"@type\":\"SearchAction\",\"target\":{\"@type\":\"EntryPoint\",\"urlTemplate\":\"https:\/\/www.ecambria-experts.de\/it-sachverstaendiger\/?s={search_term_string}\"},\"query-input\":{\"@type\":\"PropertyValueSpecification\",\"valueRequired\":true,\"valueName\":\"search_term_string\"}}],\"inLanguage\":\"de\"},{\"@type\":\"Organization\",\"@id\":\"https:\/\/www.ecambria-experts.de\/it-sachverstaendiger\/#organization\",\"name\":\"ecambria experts\",\"url\":\"https:\/\/www.ecambria-experts.de\/it-sachverstaendiger\/\",\"logo\":{\"@type\":\"ImageObject\",\"inLanguage\":\"de\",\"@id\":\"https:\/\/www.ecambria-experts.de\/it-sachverstaendiger\/#\/schema\/logo\/image\/\",\"url\":\"https:\/\/www.ecambria-experts.de\/it-sachverstaendiger\/wp-content\/uploads\/2025\/09\/ecambria_experts_logo_ohne_rand.svg\",\"contentUrl\":\"https:\/\/www.ecambria-experts.de\/it-sachverstaendiger\/wp-content\/uploads\/2025\/09\/ecambria_experts_logo_ohne_rand.svg\",\"width\":369,\"height\":60,\"caption\":\"ecambria experts\"},\"image\":{\"@id\":\"https:\/\/www.ecambria-experts.de\/it-sachverstaendiger\/#\/schema\/logo\/image\/\"}}]}<\/script>\n<!-- \/ Yoast SEO plugin. -->","yoast_head_json":{"title":"IT-Durchsuchung im Rahmen einer einstweiligen Verf\u00fcgung: Welche Informationen ben\u00f6tigt ein IT-Sachverst\u00e4ndiger vor dem Ortstermin? - ecambria experts","description":"Im Rahmen von einstweiligen Verf\u00fcgung f\u00fchren wir f\u00fcr eine Durchsuchung in Bezug auf urheberrechtlich gesch\u00fctzte Software bzw. Softwarekomponenten durch.","robots":{"index":"index","follow":"follow","max-snippet":"max-snippet:-1","max-image-preview":"max-image-preview:large","max-video-preview":"max-video-preview:-1"},"canonical":"https:\/\/www.ecambria-experts.de\/it-sachverstaendiger\/besichtigungsanspruch","og_locale":"de_DE","og_type":"article","og_title":"IT-Durchsuchung im Rahmen einer einstweiligen Verf\u00fcgung: Welche Informationen ben\u00f6tigt ein IT-Sachverst\u00e4ndiger vor dem Ortstermin? - ecambria experts","og_description":"Im Rahmen von einstweiligen Verf\u00fcgung f\u00fchren wir f\u00fcr eine Durchsuchung in Bezug auf urheberrechtlich gesch\u00fctzte Software bzw. Softwarekomponenten durch.","og_url":"https:\/\/www.ecambria-experts.de\/it-sachverstaendiger\/besichtigungsanspruch","og_site_name":"ecambria experts","article_modified_time":"2019-09-04T12:52:23+00:00","twitter_card":"summary_large_image","twitter_misc":{"Gesch\u00e4tzte Lesezeit":"5\u00a0Minuten"},"schema":{"@context":"https:\/\/schema.org","@graph":[{"@type":"WebPage","@id":"https:\/\/www.ecambria-experts.de\/it-sachverstaendiger\/besichtigungsanspruch","url":"https:\/\/www.ecambria-experts.de\/it-sachverstaendiger\/besichtigungsanspruch","name":"IT-Durchsuchung im Rahmen einer einstweiligen Verf\u00fcgung: Welche Informationen ben\u00f6tigt ein IT-Sachverst\u00e4ndiger vor dem Ortstermin? - ecambria experts","isPartOf":{"@id":"https:\/\/www.ecambria-experts.de\/it-sachverstaendiger\/#website"},"datePublished":"2015-03-04T12:47:49+00:00","dateModified":"2019-09-04T12:52:23+00:00","description":"Im Rahmen von einstweiligen Verf\u00fcgung f\u00fchren wir f\u00fcr eine Durchsuchung in Bezug auf urheberrechtlich gesch\u00fctzte Software bzw. Softwarekomponenten durch.","breadcrumb":{"@id":"https:\/\/www.ecambria-experts.de\/it-sachverstaendiger\/besichtigungsanspruch#breadcrumb"},"inLanguage":"de","potentialAction":[{"@type":"ReadAction","target":["https:\/\/www.ecambria-experts.de\/it-sachverstaendiger\/besichtigungsanspruch"]}]},{"@type":"BreadcrumbList","@id":"https:\/\/www.ecambria-experts.de\/it-sachverstaendiger\/besichtigungsanspruch#breadcrumb","itemListElement":[{"@type":"ListItem","position":1,"name":"Startseite","item":"https:\/\/www.ecambria-experts.de\/it-sachverstaendiger\/"},{"@type":"ListItem","position":2,"name":"IT-Durchsuchung im Rahmen einer einstweiligen Verf\u00fcgung: Welche Informationen ben\u00f6tigt ein IT-Sachverst\u00e4ndiger vor dem Ortstermin?"}]},{"@type":"WebSite","@id":"https:\/\/www.ecambria-experts.de\/it-sachverstaendiger\/#website","url":"https:\/\/www.ecambria-experts.de\/it-sachverstaendiger\/","name":"ecambria experts","description":"IT-Sachverst\u00e4ndige und Gutachter, Bewertung, Gerichtsgutachten, Privatgutachten, Schlichtung","publisher":{"@id":"https:\/\/www.ecambria-experts.de\/it-sachverstaendiger\/#organization"},"potentialAction":[{"@type":"SearchAction","target":{"@type":"EntryPoint","urlTemplate":"https:\/\/www.ecambria-experts.de\/it-sachverstaendiger\/?s={search_term_string}"},"query-input":{"@type":"PropertyValueSpecification","valueRequired":true,"valueName":"search_term_string"}}],"inLanguage":"de"},{"@type":"Organization","@id":"https:\/\/www.ecambria-experts.de\/it-sachverstaendiger\/#organization","name":"ecambria experts","url":"https:\/\/www.ecambria-experts.de\/it-sachverstaendiger\/","logo":{"@type":"ImageObject","inLanguage":"de","@id":"https:\/\/www.ecambria-experts.de\/it-sachverstaendiger\/#\/schema\/logo\/image\/","url":"https:\/\/www.ecambria-experts.de\/it-sachverstaendiger\/wp-content\/uploads\/2025\/09\/ecambria_experts_logo_ohne_rand.svg","contentUrl":"https:\/\/www.ecambria-experts.de\/it-sachverstaendiger\/wp-content\/uploads\/2025\/09\/ecambria_experts_logo_ohne_rand.svg","width":369,"height":60,"caption":"ecambria experts"},"image":{"@id":"https:\/\/www.ecambria-experts.de\/it-sachverstaendiger\/#\/schema\/logo\/image\/"}}]}},"_links":{"self":[{"href":"https:\/\/www.ecambria-experts.de\/it-sachverstaendiger\/wp-json\/wp\/v2\/pages\/380","targetHints":{"allow":["GET"]}}],"collection":[{"href":"https:\/\/www.ecambria-experts.de\/it-sachverstaendiger\/wp-json\/wp\/v2\/pages"}],"about":[{"href":"https:\/\/www.ecambria-experts.de\/it-sachverstaendiger\/wp-json\/wp\/v2\/types\/page"}],"author":[{"embeddable":true,"href":"https:\/\/www.ecambria-experts.de\/it-sachverstaendiger\/wp-json\/wp\/v2\/users\/11"}],"replies":[{"embeddable":true,"href":"https:\/\/www.ecambria-experts.de\/it-sachverstaendiger\/wp-json\/wp\/v2\/comments?post=380"}],"version-history":[{"count":22,"href":"https:\/\/www.ecambria-experts.de\/it-sachverstaendiger\/wp-json\/wp\/v2\/pages\/380\/revisions"}],"predecessor-version":[{"id":1351,"href":"https:\/\/www.ecambria-experts.de\/it-sachverstaendiger\/wp-json\/wp\/v2\/pages\/380\/revisions\/1351"}],"wp:attachment":[{"href":"https:\/\/www.ecambria-experts.de\/it-sachverstaendiger\/wp-json\/wp\/v2\/media?parent=380"}],"curies":[{"name":"wp","href":"https:\/\/api.w.org\/{rel}","templated":true}]}}