{"id":397,"date":"2015-03-18T12:30:28","date_gmt":"2015-03-18T11:30:28","guid":{"rendered":"http:\/\/www.ecambria-experts.de\/it-sachverstaendiger\/?page_id=397"},"modified":"2016-03-01T15:28:17","modified_gmt":"2016-03-01T14:28:17","slug":"mobile-arbeitsplaetze-datenschutz-fuer-digitale-nomaden","status":"publish","type":"page","link":"https:\/\/www.ecambria-experts.de\/it-sachverstaendiger\/mobile-arbeitsplaetze-datenschutz-fuer-digitale-nomaden","title":{"rendered":"Mobile Arbeitspl\u00e4tze &#8211; Datenschutz f\u00fcr digitale Nomaden?"},"content":{"rendered":"<p><em>Stiemerling, Oliver<\/em>: <strong>Mobile Arbeitspl\u00e4tze &#8211; Datenschutz f\u00fcr digitale Nomaden?<\/strong>, Datenschutz PRAXIS 03\/2015, 18-20.<\/p>\n<p><strong>Abstrakt<\/strong><\/p>\n<p>Datenschutz hat aufgrund des G\u00fcltigkeitsraums von Gesetzen immer einen starken Bezug zum Ort der Datenspeicherung und -verarbeitung. Der Transport von Daten ins Ausland, v.a. ins au\u00dfereurop\u00e4ische Ausland, ist entweder verboten oder mit zahlreichen formalen H\u00fcrden verbunden. Dieser Beitrag untersucht, welche Daten bei der Nutzung von mobilen Arbeitspl\u00e4tzen ins Ausland \u00fcbertragen werden \u2013 und welche datenschutzrechtlichen Folgen das hat.<\/p>\n<p>Der vollst\u00e4ndige Beitrag ist erh\u00e4ltlich bei der <a href=\"https:\/\/www.weka.de\/datenschutz\/\" target=\"_blank\">WEKA<\/a>.<\/p>\n","protected":false},"excerpt":{"rendered":"<p>Stiemerling, Oliver: Mobile Arbeitspl\u00e4tze &#8211; Datenschutz f\u00fcr digitale Nomaden?, Datenschutz PRAXIS 03\/2015, 18-20. Abstrakt Datenschutz hat aufgrund des G\u00fcltigkeitsraums von Gesetzen immer einen starken Bezug zum Ort der Datenspeicherung und -verarbeitung. Der Transport von Daten ins Ausland, v.a. ins au\u00dfereurop\u00e4ische Ausland, ist entweder verboten oder mit zahlreichen formalen H\u00fcrden verbunden&#8230;.<\/p>\n","protected":false},"author":11,"featured_media":0,"parent":0,"menu_order":0,"comment_status":"closed","ping_status":"closed","template":"page-templates\/full-width.php","meta":{"inline_featured_image":false,"footnotes":""},"class_list":["post-397","page","type-page","status-publish","hentry"],"yoast_head":"<!-- This site is optimized with the Yoast SEO plugin v25.4 - https:\/\/yoast.com\/wordpress\/plugins\/seo\/ -->\n<title>Mobile Arbeitspl\u00e4tze - Datenschutz f\u00fcr digitale Nomaden? - ecambria experts<\/title>\n<meta name=\"robots\" content=\"index, follow, max-snippet:-1, max-image-preview:large, max-video-preview:-1\" \/>\n<link rel=\"canonical\" href=\"https:\/\/www.ecambria-experts.de\/it-sachverstaendiger\/mobile-arbeitsplaetze-datenschutz-fuer-digitale-nomaden\" \/>\n<meta property=\"og:locale\" content=\"de_DE\" \/>\n<meta property=\"og:type\" content=\"article\" \/>\n<meta property=\"og:title\" content=\"Mobile Arbeitspl\u00e4tze - Datenschutz f\u00fcr digitale Nomaden? - ecambria experts\" \/>\n<meta property=\"og:description\" content=\"Stiemerling, Oliver: Mobile Arbeitspl\u00e4tze &#8211; Datenschutz f\u00fcr digitale Nomaden?, Datenschutz PRAXIS 03\/2015, 18-20. Abstrakt Datenschutz hat aufgrund des G\u00fcltigkeitsraums von Gesetzen immer einen starken Bezug zum Ort der Datenspeicherung und -verarbeitung. Der Transport von Daten ins Ausland, v.a. ins au\u00dfereurop\u00e4ische Ausland, ist entweder verboten oder mit zahlreichen formalen H\u00fcrden verbunden....\" \/>\n<meta property=\"og:url\" content=\"https:\/\/www.ecambria-experts.de\/it-sachverstaendiger\/mobile-arbeitsplaetze-datenschutz-fuer-digitale-nomaden\" \/>\n<meta property=\"og:site_name\" content=\"ecambria experts\" \/>\n<meta property=\"article:modified_time\" content=\"2016-03-01T14:28:17+00:00\" \/>\n<meta name=\"twitter:card\" content=\"summary_large_image\" \/>\n<script type=\"application\/ld+json\" class=\"yoast-schema-graph\">{\"@context\":\"https:\/\/schema.org\",\"@graph\":[{\"@type\":\"WebPage\",\"@id\":\"https:\/\/www.ecambria-experts.de\/it-sachverstaendiger\/mobile-arbeitsplaetze-datenschutz-fuer-digitale-nomaden\",\"url\":\"https:\/\/www.ecambria-experts.de\/it-sachverstaendiger\/mobile-arbeitsplaetze-datenschutz-fuer-digitale-nomaden\",\"name\":\"Mobile Arbeitspl\u00e4tze - Datenschutz f\u00fcr digitale Nomaden? - ecambria experts\",\"isPartOf\":{\"@id\":\"https:\/\/www.ecambria-experts.de\/it-sachverstaendiger\/#website\"},\"datePublished\":\"2015-03-18T11:30:28+00:00\",\"dateModified\":\"2016-03-01T14:28:17+00:00\",\"breadcrumb\":{\"@id\":\"https:\/\/www.ecambria-experts.de\/it-sachverstaendiger\/mobile-arbeitsplaetze-datenschutz-fuer-digitale-nomaden#breadcrumb\"},\"inLanguage\":\"de\",\"potentialAction\":[{\"@type\":\"ReadAction\",\"target\":[\"https:\/\/www.ecambria-experts.de\/it-sachverstaendiger\/mobile-arbeitsplaetze-datenschutz-fuer-digitale-nomaden\"]}]},{\"@type\":\"BreadcrumbList\",\"@id\":\"https:\/\/www.ecambria-experts.de\/it-sachverstaendiger\/mobile-arbeitsplaetze-datenschutz-fuer-digitale-nomaden#breadcrumb\",\"itemListElement\":[{\"@type\":\"ListItem\",\"position\":1,\"name\":\"Startseite\",\"item\":\"https:\/\/www.ecambria-experts.de\/it-sachverstaendiger\/\"},{\"@type\":\"ListItem\",\"position\":2,\"name\":\"Mobile Arbeitspl\u00e4tze &#8211; Datenschutz f\u00fcr digitale Nomaden?\"}]},{\"@type\":\"WebSite\",\"@id\":\"https:\/\/www.ecambria-experts.de\/it-sachverstaendiger\/#website\",\"url\":\"https:\/\/www.ecambria-experts.de\/it-sachverstaendiger\/\",\"name\":\"ecambria experts\",\"description\":\"IT-Sachverst\u00e4ndige und Gutachter, Bewertung, Gerichtsgutachten, Privatgutachten, Schlichtung\",\"publisher\":{\"@id\":\"https:\/\/www.ecambria-experts.de\/it-sachverstaendiger\/#organization\"},\"potentialAction\":[{\"@type\":\"SearchAction\",\"target\":{\"@type\":\"EntryPoint\",\"urlTemplate\":\"https:\/\/www.ecambria-experts.de\/it-sachverstaendiger\/?s={search_term_string}\"},\"query-input\":{\"@type\":\"PropertyValueSpecification\",\"valueRequired\":true,\"valueName\":\"search_term_string\"}}],\"inLanguage\":\"de\"},{\"@type\":\"Organization\",\"@id\":\"https:\/\/www.ecambria-experts.de\/it-sachverstaendiger\/#organization\",\"name\":\"ecambria experts\",\"url\":\"https:\/\/www.ecambria-experts.de\/it-sachverstaendiger\/\",\"logo\":{\"@type\":\"ImageObject\",\"inLanguage\":\"de\",\"@id\":\"https:\/\/www.ecambria-experts.de\/it-sachverstaendiger\/#\/schema\/logo\/image\/\",\"url\":\"https:\/\/www.ecambria-experts.de\/it-sachverstaendiger\/wp-content\/uploads\/2025\/09\/ecambria_experts_logo_ohne_rand.svg\",\"contentUrl\":\"https:\/\/www.ecambria-experts.de\/it-sachverstaendiger\/wp-content\/uploads\/2025\/09\/ecambria_experts_logo_ohne_rand.svg\",\"width\":369,\"height\":60,\"caption\":\"ecambria experts\"},\"image\":{\"@id\":\"https:\/\/www.ecambria-experts.de\/it-sachverstaendiger\/#\/schema\/logo\/image\/\"}}]}<\/script>\n<!-- \/ Yoast SEO plugin. -->","yoast_head_json":{"title":"Mobile Arbeitspl\u00e4tze - Datenschutz f\u00fcr digitale Nomaden? - ecambria experts","robots":{"index":"index","follow":"follow","max-snippet":"max-snippet:-1","max-image-preview":"max-image-preview:large","max-video-preview":"max-video-preview:-1"},"canonical":"https:\/\/www.ecambria-experts.de\/it-sachverstaendiger\/mobile-arbeitsplaetze-datenschutz-fuer-digitale-nomaden","og_locale":"de_DE","og_type":"article","og_title":"Mobile Arbeitspl\u00e4tze - Datenschutz f\u00fcr digitale Nomaden? - ecambria experts","og_description":"Stiemerling, Oliver: Mobile Arbeitspl\u00e4tze &#8211; Datenschutz f\u00fcr digitale Nomaden?, Datenschutz PRAXIS 03\/2015, 18-20. Abstrakt Datenschutz hat aufgrund des G\u00fcltigkeitsraums von Gesetzen immer einen starken Bezug zum Ort der Datenspeicherung und -verarbeitung. Der Transport von Daten ins Ausland, v.a. ins au\u00dfereurop\u00e4ische Ausland, ist entweder verboten oder mit zahlreichen formalen H\u00fcrden verbunden....","og_url":"https:\/\/www.ecambria-experts.de\/it-sachverstaendiger\/mobile-arbeitsplaetze-datenschutz-fuer-digitale-nomaden","og_site_name":"ecambria experts","article_modified_time":"2016-03-01T14:28:17+00:00","twitter_card":"summary_large_image","schema":{"@context":"https:\/\/schema.org","@graph":[{"@type":"WebPage","@id":"https:\/\/www.ecambria-experts.de\/it-sachverstaendiger\/mobile-arbeitsplaetze-datenschutz-fuer-digitale-nomaden","url":"https:\/\/www.ecambria-experts.de\/it-sachverstaendiger\/mobile-arbeitsplaetze-datenschutz-fuer-digitale-nomaden","name":"Mobile Arbeitspl\u00e4tze - Datenschutz f\u00fcr digitale Nomaden? - ecambria experts","isPartOf":{"@id":"https:\/\/www.ecambria-experts.de\/it-sachverstaendiger\/#website"},"datePublished":"2015-03-18T11:30:28+00:00","dateModified":"2016-03-01T14:28:17+00:00","breadcrumb":{"@id":"https:\/\/www.ecambria-experts.de\/it-sachverstaendiger\/mobile-arbeitsplaetze-datenschutz-fuer-digitale-nomaden#breadcrumb"},"inLanguage":"de","potentialAction":[{"@type":"ReadAction","target":["https:\/\/www.ecambria-experts.de\/it-sachverstaendiger\/mobile-arbeitsplaetze-datenschutz-fuer-digitale-nomaden"]}]},{"@type":"BreadcrumbList","@id":"https:\/\/www.ecambria-experts.de\/it-sachverstaendiger\/mobile-arbeitsplaetze-datenschutz-fuer-digitale-nomaden#breadcrumb","itemListElement":[{"@type":"ListItem","position":1,"name":"Startseite","item":"https:\/\/www.ecambria-experts.de\/it-sachverstaendiger\/"},{"@type":"ListItem","position":2,"name":"Mobile Arbeitspl\u00e4tze &#8211; Datenschutz f\u00fcr digitale Nomaden?"}]},{"@type":"WebSite","@id":"https:\/\/www.ecambria-experts.de\/it-sachverstaendiger\/#website","url":"https:\/\/www.ecambria-experts.de\/it-sachverstaendiger\/","name":"ecambria experts","description":"IT-Sachverst\u00e4ndige und Gutachter, Bewertung, Gerichtsgutachten, Privatgutachten, Schlichtung","publisher":{"@id":"https:\/\/www.ecambria-experts.de\/it-sachverstaendiger\/#organization"},"potentialAction":[{"@type":"SearchAction","target":{"@type":"EntryPoint","urlTemplate":"https:\/\/www.ecambria-experts.de\/it-sachverstaendiger\/?s={search_term_string}"},"query-input":{"@type":"PropertyValueSpecification","valueRequired":true,"valueName":"search_term_string"}}],"inLanguage":"de"},{"@type":"Organization","@id":"https:\/\/www.ecambria-experts.de\/it-sachverstaendiger\/#organization","name":"ecambria experts","url":"https:\/\/www.ecambria-experts.de\/it-sachverstaendiger\/","logo":{"@type":"ImageObject","inLanguage":"de","@id":"https:\/\/www.ecambria-experts.de\/it-sachverstaendiger\/#\/schema\/logo\/image\/","url":"https:\/\/www.ecambria-experts.de\/it-sachverstaendiger\/wp-content\/uploads\/2025\/09\/ecambria_experts_logo_ohne_rand.svg","contentUrl":"https:\/\/www.ecambria-experts.de\/it-sachverstaendiger\/wp-content\/uploads\/2025\/09\/ecambria_experts_logo_ohne_rand.svg","width":369,"height":60,"caption":"ecambria experts"},"image":{"@id":"https:\/\/www.ecambria-experts.de\/it-sachverstaendiger\/#\/schema\/logo\/image\/"}}]}},"_links":{"self":[{"href":"https:\/\/www.ecambria-experts.de\/it-sachverstaendiger\/wp-json\/wp\/v2\/pages\/397","targetHints":{"allow":["GET"]}}],"collection":[{"href":"https:\/\/www.ecambria-experts.de\/it-sachverstaendiger\/wp-json\/wp\/v2\/pages"}],"about":[{"href":"https:\/\/www.ecambria-experts.de\/it-sachverstaendiger\/wp-json\/wp\/v2\/types\/page"}],"author":[{"embeddable":true,"href":"https:\/\/www.ecambria-experts.de\/it-sachverstaendiger\/wp-json\/wp\/v2\/users\/11"}],"replies":[{"embeddable":true,"href":"https:\/\/www.ecambria-experts.de\/it-sachverstaendiger\/wp-json\/wp\/v2\/comments?post=397"}],"version-history":[{"count":6,"href":"https:\/\/www.ecambria-experts.de\/it-sachverstaendiger\/wp-json\/wp\/v2\/pages\/397\/revisions"}],"predecessor-version":[{"id":575,"href":"https:\/\/www.ecambria-experts.de\/it-sachverstaendiger\/wp-json\/wp\/v2\/pages\/397\/revisions\/575"}],"wp:attachment":[{"href":"https:\/\/www.ecambria-experts.de\/it-sachverstaendiger\/wp-json\/wp\/v2\/media?parent=397"}],"curies":[{"name":"wp","href":"https:\/\/api.w.org\/{rel}","templated":true}]}}