{"id":43,"date":"2014-12-19T15:42:18","date_gmt":"2014-12-19T13:42:18","guid":{"rendered":"http:\/\/localhost:81\/blog\/?page_id=43"},"modified":"2025-07-09T09:02:40","modified_gmt":"2025-07-09T08:02:40","slug":"leistungen_fuer_anwaelte","status":"publish","type":"page","link":"https:\/\/www.ecambria-experts.de\/it-sachverstaendiger\/leistungen_fuer_anwaelte","title":{"rendered":"Im privaten Auftrag: Kompetente Partner f\u00fcr Anw\u00e4lte und Mandanten \/ Privatgutachten"},"content":{"rendered":"<h1>Im privaten Auftrag: Kompetente Partner f\u00fcr Anw\u00e4lte und Mandanten \/ Privatgutachten<\/h1>\n<p class=\"main-text\">Ein treffender Sachvortrag ist in einem Rechtsstreit oft entscheidend und ein kompetentes flankierendes Privatgutachten kann ausschlaggebend f\u00fcr den Erfolg Ihrer Prozessf\u00fchrung sein. Wir unterst\u00fctzen Sie bei der Vorbereitung und Durchf\u00fchrung komplexer Rechtsstreitigkeiten im Bereich der Informationstechnologie \u2013 auch auf internationaler Ebene. Unsere Gutachten machen die relevanten Sachverhalte f\u00fcr alle Beteiligten transparent und bringen die entscheidenden technischen Argumente wirksam auf den Punkt.<\/p>\n<p>Ein gro\u00dfes Netzwerk von Experten f\u00fcr die unterschiedlichen Technologien und Verfahren erm\u00f6glicht es den IT-Sachverst\u00e4ndigen der ecambria experts, auch vielschichtige und komplexe Fragestellungen zu bearbeiten. F\u00fcr viele spezielle branchen- und technologiespezifische Fragen setzen wir jeweils den passenden Sachverst\u00e4ndigen mit der relevanten Praxiserfahrung im Gutachterteam ein.<\/p>\n<p class=\"main-text\">Unser Leistungsspektrum umfasst:<\/p>\n<ul>\n<li>Analyse der Situation in umstrittenen Softwareprojekten<\/li>\n<li>Kommunikation mit den Fachabteilungen des Mandanten<\/li>\n<li>Erstellung von Privatgutachten in deutscher und englischer Sprache<\/li>\n<li>Erarbeitung nachvollziehbarer Fehlerbeschreibungen<\/li>\n<li>Unterst\u00fctzung bei der Erstellung des anwaltlichen Sachvortrags<\/li>\n<li>Begleitung von Ortsterminen mit gerichtlichen Sachverst\u00e4ndigen<\/li>\n<li>Analyse und Bewertung der Gutachten gerichtlicher Sachverst\u00e4ndiger.<\/li>\n<\/ul>\n<p class=\"main-text\">Der Gesch\u00e4ftsf\u00fchrer der ecambria, <a title=\"Dr. Oliver Stiemerling\" href=\"\/it-sachverstaendiger\/sv-stiemerling\"><b>Prof. Dr. Oliver Stiemerling<\/b><\/a>, ist von der IHK K\u00f6ln \u00f6ffentlich bestellter und vereidigter Sachverst\u00e4ndiger, erstellt Privatgutachten und ber\u00e4t Anw\u00e4lte bei der F\u00fchrung von IT-Prozessen.<\/p>\n","protected":false},"excerpt":{"rendered":"<p>Im privaten Auftrag: Kompetente Partner f\u00fcr Anw\u00e4lte und Mandanten \/ Privatgutachten Ein treffender Sachvortrag ist in einem Rechtsstreit oft entscheidend und ein kompetentes flankierendes Privatgutachten kann ausschlaggebend f\u00fcr den Erfolg Ihrer Prozessf\u00fchrung sein. Wir unterst\u00fctzen Sie bei der Vorbereitung und Durchf\u00fchrung komplexer Rechtsstreitigkeiten im Bereich der Informationstechnologie \u2013 auch auf&#8230;<\/p>\n","protected":false},"author":1,"featured_media":0,"parent":0,"menu_order":0,"comment_status":"closed","ping_status":"closed","template":"","meta":{"inline_featured_image":false,"footnotes":""},"class_list":["post-43","page","type-page","status-publish","hentry"],"yoast_head":"<!-- This site is optimized with the Yoast SEO plugin v25.4 - https:\/\/yoast.com\/wordpress\/plugins\/seo\/ -->\n<title>Im privaten Auftrag: Kompetente Partner f\u00fcr Anw\u00e4lte und Mandanten \/ Privatgutachten - ecambria experts<\/title>\n<meta name=\"description\" content=\"Im Auftrag von Anw\u00e4lten und Ihren Mandanten erstellen Privatgutachten zu gescheiterten Softwareprojekten, urheberrechtlichen Sachverhalten und Forensik.\" \/>\n<meta name=\"robots\" content=\"index, follow, max-snippet:-1, max-image-preview:large, max-video-preview:-1\" \/>\n<link rel=\"canonical\" href=\"https:\/\/www.ecambria-experts.de\/it-sachverstaendiger\/leistungen_fuer_anwaelte\" \/>\n<meta property=\"og:locale\" content=\"de_DE\" \/>\n<meta property=\"og:type\" content=\"article\" \/>\n<meta property=\"og:title\" content=\"Im privaten Auftrag: Kompetente Partner f\u00fcr Anw\u00e4lte und Mandanten \/ Privatgutachten - ecambria experts\" \/>\n<meta property=\"og:description\" content=\"Im Auftrag von Anw\u00e4lten und Ihren Mandanten erstellen Privatgutachten zu gescheiterten Softwareprojekten, urheberrechtlichen Sachverhalten und Forensik.\" \/>\n<meta property=\"og:url\" content=\"https:\/\/www.ecambria-experts.de\/it-sachverstaendiger\/leistungen_fuer_anwaelte\" \/>\n<meta property=\"og:site_name\" content=\"ecambria experts\" \/>\n<meta property=\"article:modified_time\" content=\"2025-07-09T08:02:40+00:00\" \/>\n<meta name=\"twitter:card\" content=\"summary_large_image\" \/>\n<meta name=\"twitter:label1\" content=\"Gesch\u00e4tzte Lesezeit\" \/>\n\t<meta name=\"twitter:data1\" content=\"2\u00a0Minuten\" \/>\n<script type=\"application\/ld+json\" class=\"yoast-schema-graph\">{\"@context\":\"https:\/\/schema.org\",\"@graph\":[{\"@type\":\"WebPage\",\"@id\":\"https:\/\/www.ecambria-experts.de\/it-sachverstaendiger\/leistungen_fuer_anwaelte\",\"url\":\"https:\/\/www.ecambria-experts.de\/it-sachverstaendiger\/leistungen_fuer_anwaelte\",\"name\":\"Im privaten Auftrag: Kompetente Partner f\u00fcr Anw\u00e4lte und Mandanten \/ Privatgutachten - ecambria experts\",\"isPartOf\":{\"@id\":\"https:\/\/www.ecambria-experts.de\/it-sachverstaendiger\/#website\"},\"datePublished\":\"2014-12-19T13:42:18+00:00\",\"dateModified\":\"2025-07-09T08:02:40+00:00\",\"description\":\"Im Auftrag von Anw\u00e4lten und Ihren Mandanten erstellen Privatgutachten zu gescheiterten Softwareprojekten, urheberrechtlichen Sachverhalten und Forensik.\",\"breadcrumb\":{\"@id\":\"https:\/\/www.ecambria-experts.de\/it-sachverstaendiger\/leistungen_fuer_anwaelte#breadcrumb\"},\"inLanguage\":\"de\",\"potentialAction\":[{\"@type\":\"ReadAction\",\"target\":[\"https:\/\/www.ecambria-experts.de\/it-sachverstaendiger\/leistungen_fuer_anwaelte\"]}]},{\"@type\":\"BreadcrumbList\",\"@id\":\"https:\/\/www.ecambria-experts.de\/it-sachverstaendiger\/leistungen_fuer_anwaelte#breadcrumb\",\"itemListElement\":[{\"@type\":\"ListItem\",\"position\":1,\"name\":\"Startseite\",\"item\":\"https:\/\/www.ecambria-experts.de\/it-sachverstaendiger\/\"},{\"@type\":\"ListItem\",\"position\":2,\"name\":\"Im privaten Auftrag: Kompetente Partner f\u00fcr Anw\u00e4lte und Mandanten \/ Privatgutachten\"}]},{\"@type\":\"WebSite\",\"@id\":\"https:\/\/www.ecambria-experts.de\/it-sachverstaendiger\/#website\",\"url\":\"https:\/\/www.ecambria-experts.de\/it-sachverstaendiger\/\",\"name\":\"ecambria experts\",\"description\":\"IT-Sachverst\u00e4ndige und Gutachter, Bewertung, Gerichtsgutachten, Privatgutachten, Schlichtung\",\"publisher\":{\"@id\":\"https:\/\/www.ecambria-experts.de\/it-sachverstaendiger\/#organization\"},\"potentialAction\":[{\"@type\":\"SearchAction\",\"target\":{\"@type\":\"EntryPoint\",\"urlTemplate\":\"https:\/\/www.ecambria-experts.de\/it-sachverstaendiger\/?s={search_term_string}\"},\"query-input\":{\"@type\":\"PropertyValueSpecification\",\"valueRequired\":true,\"valueName\":\"search_term_string\"}}],\"inLanguage\":\"de\"},{\"@type\":\"Organization\",\"@id\":\"https:\/\/www.ecambria-experts.de\/it-sachverstaendiger\/#organization\",\"name\":\"ecambria experts\",\"url\":\"https:\/\/www.ecambria-experts.de\/it-sachverstaendiger\/\",\"logo\":{\"@type\":\"ImageObject\",\"inLanguage\":\"de\",\"@id\":\"https:\/\/www.ecambria-experts.de\/it-sachverstaendiger\/#\/schema\/logo\/image\/\",\"url\":\"https:\/\/www.ecambria-experts.de\/it-sachverstaendiger\/wp-content\/uploads\/2025\/09\/ecambria_experts_logo_ohne_rand.svg\",\"contentUrl\":\"https:\/\/www.ecambria-experts.de\/it-sachverstaendiger\/wp-content\/uploads\/2025\/09\/ecambria_experts_logo_ohne_rand.svg\",\"width\":369,\"height\":60,\"caption\":\"ecambria experts\"},\"image\":{\"@id\":\"https:\/\/www.ecambria-experts.de\/it-sachverstaendiger\/#\/schema\/logo\/image\/\"}}]}<\/script>\n<!-- \/ Yoast SEO plugin. -->","yoast_head_json":{"title":"Im privaten Auftrag: Kompetente Partner f\u00fcr Anw\u00e4lte und Mandanten \/ Privatgutachten - ecambria experts","description":"Im Auftrag von Anw\u00e4lten und Ihren Mandanten erstellen Privatgutachten zu gescheiterten Softwareprojekten, urheberrechtlichen Sachverhalten und Forensik.","robots":{"index":"index","follow":"follow","max-snippet":"max-snippet:-1","max-image-preview":"max-image-preview:large","max-video-preview":"max-video-preview:-1"},"canonical":"https:\/\/www.ecambria-experts.de\/it-sachverstaendiger\/leistungen_fuer_anwaelte","og_locale":"de_DE","og_type":"article","og_title":"Im privaten Auftrag: Kompetente Partner f\u00fcr Anw\u00e4lte und Mandanten \/ Privatgutachten - ecambria experts","og_description":"Im Auftrag von Anw\u00e4lten und Ihren Mandanten erstellen Privatgutachten zu gescheiterten Softwareprojekten, urheberrechtlichen Sachverhalten und Forensik.","og_url":"https:\/\/www.ecambria-experts.de\/it-sachverstaendiger\/leistungen_fuer_anwaelte","og_site_name":"ecambria experts","article_modified_time":"2025-07-09T08:02:40+00:00","twitter_card":"summary_large_image","twitter_misc":{"Gesch\u00e4tzte Lesezeit":"2\u00a0Minuten"},"schema":{"@context":"https:\/\/schema.org","@graph":[{"@type":"WebPage","@id":"https:\/\/www.ecambria-experts.de\/it-sachverstaendiger\/leistungen_fuer_anwaelte","url":"https:\/\/www.ecambria-experts.de\/it-sachverstaendiger\/leistungen_fuer_anwaelte","name":"Im privaten Auftrag: Kompetente Partner f\u00fcr Anw\u00e4lte und Mandanten \/ Privatgutachten - ecambria experts","isPartOf":{"@id":"https:\/\/www.ecambria-experts.de\/it-sachverstaendiger\/#website"},"datePublished":"2014-12-19T13:42:18+00:00","dateModified":"2025-07-09T08:02:40+00:00","description":"Im Auftrag von Anw\u00e4lten und Ihren Mandanten erstellen Privatgutachten zu gescheiterten Softwareprojekten, urheberrechtlichen Sachverhalten und Forensik.","breadcrumb":{"@id":"https:\/\/www.ecambria-experts.de\/it-sachverstaendiger\/leistungen_fuer_anwaelte#breadcrumb"},"inLanguage":"de","potentialAction":[{"@type":"ReadAction","target":["https:\/\/www.ecambria-experts.de\/it-sachverstaendiger\/leistungen_fuer_anwaelte"]}]},{"@type":"BreadcrumbList","@id":"https:\/\/www.ecambria-experts.de\/it-sachverstaendiger\/leistungen_fuer_anwaelte#breadcrumb","itemListElement":[{"@type":"ListItem","position":1,"name":"Startseite","item":"https:\/\/www.ecambria-experts.de\/it-sachverstaendiger\/"},{"@type":"ListItem","position":2,"name":"Im privaten Auftrag: Kompetente Partner f\u00fcr Anw\u00e4lte und Mandanten \/ Privatgutachten"}]},{"@type":"WebSite","@id":"https:\/\/www.ecambria-experts.de\/it-sachverstaendiger\/#website","url":"https:\/\/www.ecambria-experts.de\/it-sachverstaendiger\/","name":"ecambria experts","description":"IT-Sachverst\u00e4ndige und Gutachter, Bewertung, Gerichtsgutachten, Privatgutachten, Schlichtung","publisher":{"@id":"https:\/\/www.ecambria-experts.de\/it-sachverstaendiger\/#organization"},"potentialAction":[{"@type":"SearchAction","target":{"@type":"EntryPoint","urlTemplate":"https:\/\/www.ecambria-experts.de\/it-sachverstaendiger\/?s={search_term_string}"},"query-input":{"@type":"PropertyValueSpecification","valueRequired":true,"valueName":"search_term_string"}}],"inLanguage":"de"},{"@type":"Organization","@id":"https:\/\/www.ecambria-experts.de\/it-sachverstaendiger\/#organization","name":"ecambria experts","url":"https:\/\/www.ecambria-experts.de\/it-sachverstaendiger\/","logo":{"@type":"ImageObject","inLanguage":"de","@id":"https:\/\/www.ecambria-experts.de\/it-sachverstaendiger\/#\/schema\/logo\/image\/","url":"https:\/\/www.ecambria-experts.de\/it-sachverstaendiger\/wp-content\/uploads\/2025\/09\/ecambria_experts_logo_ohne_rand.svg","contentUrl":"https:\/\/www.ecambria-experts.de\/it-sachverstaendiger\/wp-content\/uploads\/2025\/09\/ecambria_experts_logo_ohne_rand.svg","width":369,"height":60,"caption":"ecambria experts"},"image":{"@id":"https:\/\/www.ecambria-experts.de\/it-sachverstaendiger\/#\/schema\/logo\/image\/"}}]}},"_links":{"self":[{"href":"https:\/\/www.ecambria-experts.de\/it-sachverstaendiger\/wp-json\/wp\/v2\/pages\/43","targetHints":{"allow":["GET"]}}],"collection":[{"href":"https:\/\/www.ecambria-experts.de\/it-sachverstaendiger\/wp-json\/wp\/v2\/pages"}],"about":[{"href":"https:\/\/www.ecambria-experts.de\/it-sachverstaendiger\/wp-json\/wp\/v2\/types\/page"}],"author":[{"embeddable":true,"href":"https:\/\/www.ecambria-experts.de\/it-sachverstaendiger\/wp-json\/wp\/v2\/users\/1"}],"replies":[{"embeddable":true,"href":"https:\/\/www.ecambria-experts.de\/it-sachverstaendiger\/wp-json\/wp\/v2\/comments?post=43"}],"version-history":[{"count":8,"href":"https:\/\/www.ecambria-experts.de\/it-sachverstaendiger\/wp-json\/wp\/v2\/pages\/43\/revisions"}],"predecessor-version":[{"id":1599,"href":"https:\/\/www.ecambria-experts.de\/it-sachverstaendiger\/wp-json\/wp\/v2\/pages\/43\/revisions\/1599"}],"wp:attachment":[{"href":"https:\/\/www.ecambria-experts.de\/it-sachverstaendiger\/wp-json\/wp\/v2\/media?parent=43"}],"curies":[{"name":"wp","href":"https:\/\/api.w.org\/{rel}","templated":true}]}}