{"id":45,"date":"2014-12-19T15:43:43","date_gmt":"2014-12-19T13:43:43","guid":{"rendered":"http:\/\/localhost:81\/blog\/?page_id=45"},"modified":"2019-09-04T13:57:59","modified_gmt":"2019-09-04T12:57:59","slug":"leistungen-fuer-unternehmen","status":"publish","type":"page","link":"https:\/\/www.ecambria-experts.de\/it-sachverstaendiger\/leistungen-fuer-unternehmen","title":{"rendered":"F\u00fcr Unternehmen: Beratung bei IT-Entscheidungen und Projekten"},"content":{"rendered":"<h1>F\u00fcr Unternehmen: Beratung bei IT-Entscheidungen und Projekten<\/h1>\n<p class=\"main-text\">Wir unterst\u00fctzen Sie dabei, f\u00fcr Ihr Unternehmen oder Ihre Beh\u00f6rde kompetente Entscheidungen in IT-Fragen zu treffen, so dass Sie den technischen Fortschritt mit Sinn und Verstand und ganz nach den individuellen Anforderungen Ihres Unternehmens nutzen k\u00f6nnen.<\/p>\n<p>Die Bewertung der Wirtschaftlichkeit von IT-Vorhaben und eine entsprechende Kontrolle geh\u00f6ren dabei zu unseren wichtigsten Kompetenzen. Zu diesem Zweck erstellen wir innovative Konzepte und Analysen im Spannungsfeld von juristischen, technischen und wirtschaftlichen Anforderungen. Durch unsere Rolle als neutrale, herstellerunabh\u00e4ngige Berater k\u00f6nnen wir wirksam zur Effizienz und Innovation Ihrer Organisation beitragen.<\/p>\n<p class=\"main-text\">Unser Leistungsspektrum f\u00fcr Unternehmen und Beh\u00f6rden umfasst:<\/p>\n<ul>\n<li>Beratung der Gesch\u00e4ftsf\u00fchrung \/ Leitung bei IT-Entscheidungen<\/li>\n<li>Entwicklung von innovativen IT-Konzepten<\/li>\n<li>Wirtschaftlichkeits- und Kostenanalyse inkl. Wertgutachten<\/li>\n<li>Unterst\u00fctzung bei der Gestaltung von Ausschreibungen<\/li>\n<li>Erstellung von Pflichtenheften<\/li>\n<li>Begleitung bei der Einf\u00fchrung neuer Software im Unternehmen.<\/li>\n<\/ul>\n<p class=\"main-text\">Die IT-Gutachter der ecambria experts arbeiten im Auftrag von Unternehmen als effektive, kreative und interdisziplin\u00e4re Dienstleister und k\u00f6nnen auf ein gro\u00dfes Netzwerk von Experten mit langj\u00e4hriger Erfahrung in unterschiedlichen Technologien und Verfahren zur\u00fcckgreifen. Wir arbeiten h\u00e4ufig in internationalen Projekten, so dass wir neben der technischen Erfahrung auch sprachliche und interkulturelle F\u00e4higkeiten einbringen.<\/p>\n","protected":false},"excerpt":{"rendered":"<p>F\u00fcr Unternehmen: Beratung bei IT-Entscheidungen und Projekten Wir unterst\u00fctzen Sie dabei, f\u00fcr Ihr Unternehmen oder Ihre Beh\u00f6rde kompetente Entscheidungen in IT-Fragen zu treffen, so dass Sie den technischen Fortschritt mit Sinn und Verstand und ganz nach den individuellen Anforderungen Ihres Unternehmens nutzen k\u00f6nnen. Die Bewertung der Wirtschaftlichkeit von IT-Vorhaben und&#8230;<\/p>\n","protected":false},"author":1,"featured_media":0,"parent":0,"menu_order":0,"comment_status":"closed","ping_status":"closed","template":"","meta":{"inline_featured_image":false,"footnotes":""},"class_list":["post-45","page","type-page","status-publish","hentry"],"yoast_head":"<!-- This site is optimized with the Yoast SEO plugin v25.4 - https:\/\/yoast.com\/wordpress\/plugins\/seo\/ -->\n<title>F\u00fcr Unternehmen: Beratung bei IT-Entscheidungen und Projekten - ecambria experts<\/title>\n<meta name=\"description\" content=\"Beratung der Gesch\u00e4ftsf\u00fchrung von Unternehmen bei IT-Entscheidungen, Entwicklung von innovativen IT-Konzepten, Wirtschaftlichkeits- und Kostenanalyse.\" \/>\n<meta name=\"robots\" content=\"index, follow, max-snippet:-1, max-image-preview:large, max-video-preview:-1\" \/>\n<link rel=\"canonical\" href=\"https:\/\/www.ecambria-experts.de\/it-sachverstaendiger\/leistungen-fuer-unternehmen\" \/>\n<meta property=\"og:locale\" content=\"de_DE\" \/>\n<meta property=\"og:type\" content=\"article\" \/>\n<meta property=\"og:title\" content=\"F\u00fcr Unternehmen: Beratung bei IT-Entscheidungen und Projekten - ecambria experts\" \/>\n<meta property=\"og:description\" content=\"Beratung der Gesch\u00e4ftsf\u00fchrung von Unternehmen bei IT-Entscheidungen, Entwicklung von innovativen IT-Konzepten, Wirtschaftlichkeits- und Kostenanalyse.\" \/>\n<meta property=\"og:url\" content=\"https:\/\/www.ecambria-experts.de\/it-sachverstaendiger\/leistungen-fuer-unternehmen\" \/>\n<meta property=\"og:site_name\" content=\"ecambria experts\" \/>\n<meta property=\"article:modified_time\" content=\"2019-09-04T12:57:59+00:00\" \/>\n<meta name=\"twitter:card\" content=\"summary_large_image\" \/>\n<meta name=\"twitter:label1\" content=\"Gesch\u00e4tzte Lesezeit\" \/>\n\t<meta name=\"twitter:data1\" content=\"1\u00a0Minute\" \/>\n<script type=\"application\/ld+json\" class=\"yoast-schema-graph\">{\"@context\":\"https:\/\/schema.org\",\"@graph\":[{\"@type\":\"WebPage\",\"@id\":\"https:\/\/www.ecambria-experts.de\/it-sachverstaendiger\/leistungen-fuer-unternehmen\",\"url\":\"https:\/\/www.ecambria-experts.de\/it-sachverstaendiger\/leistungen-fuer-unternehmen\",\"name\":\"F\u00fcr Unternehmen: Beratung bei IT-Entscheidungen und Projekten - ecambria experts\",\"isPartOf\":{\"@id\":\"https:\/\/www.ecambria-experts.de\/it-sachverstaendiger\/#website\"},\"datePublished\":\"2014-12-19T13:43:43+00:00\",\"dateModified\":\"2019-09-04T12:57:59+00:00\",\"description\":\"Beratung der Gesch\u00e4ftsf\u00fchrung von Unternehmen bei IT-Entscheidungen, Entwicklung von innovativen IT-Konzepten, Wirtschaftlichkeits- und Kostenanalyse.\",\"breadcrumb\":{\"@id\":\"https:\/\/www.ecambria-experts.de\/it-sachverstaendiger\/leistungen-fuer-unternehmen#breadcrumb\"},\"inLanguage\":\"de\",\"potentialAction\":[{\"@type\":\"ReadAction\",\"target\":[\"https:\/\/www.ecambria-experts.de\/it-sachverstaendiger\/leistungen-fuer-unternehmen\"]}]},{\"@type\":\"BreadcrumbList\",\"@id\":\"https:\/\/www.ecambria-experts.de\/it-sachverstaendiger\/leistungen-fuer-unternehmen#breadcrumb\",\"itemListElement\":[{\"@type\":\"ListItem\",\"position\":1,\"name\":\"Startseite\",\"item\":\"https:\/\/www.ecambria-experts.de\/it-sachverstaendiger\/\"},{\"@type\":\"ListItem\",\"position\":2,\"name\":\"F\u00fcr Unternehmen: Beratung bei IT-Entscheidungen und Projekten\"}]},{\"@type\":\"WebSite\",\"@id\":\"https:\/\/www.ecambria-experts.de\/it-sachverstaendiger\/#website\",\"url\":\"https:\/\/www.ecambria-experts.de\/it-sachverstaendiger\/\",\"name\":\"ecambria experts\",\"description\":\"IT-Sachverst\u00e4ndige und Gutachter, Bewertung, Gerichtsgutachten, Privatgutachten, Schlichtung\",\"publisher\":{\"@id\":\"https:\/\/www.ecambria-experts.de\/it-sachverstaendiger\/#organization\"},\"potentialAction\":[{\"@type\":\"SearchAction\",\"target\":{\"@type\":\"EntryPoint\",\"urlTemplate\":\"https:\/\/www.ecambria-experts.de\/it-sachverstaendiger\/?s={search_term_string}\"},\"query-input\":{\"@type\":\"PropertyValueSpecification\",\"valueRequired\":true,\"valueName\":\"search_term_string\"}}],\"inLanguage\":\"de\"},{\"@type\":\"Organization\",\"@id\":\"https:\/\/www.ecambria-experts.de\/it-sachverstaendiger\/#organization\",\"name\":\"ecambria experts\",\"url\":\"https:\/\/www.ecambria-experts.de\/it-sachverstaendiger\/\",\"logo\":{\"@type\":\"ImageObject\",\"inLanguage\":\"de\",\"@id\":\"https:\/\/www.ecambria-experts.de\/it-sachverstaendiger\/#\/schema\/logo\/image\/\",\"url\":\"https:\/\/www.ecambria-experts.de\/it-sachverstaendiger\/wp-content\/uploads\/2025\/09\/ecambria_experts_logo_ohne_rand.svg\",\"contentUrl\":\"https:\/\/www.ecambria-experts.de\/it-sachverstaendiger\/wp-content\/uploads\/2025\/09\/ecambria_experts_logo_ohne_rand.svg\",\"width\":369,\"height\":60,\"caption\":\"ecambria experts\"},\"image\":{\"@id\":\"https:\/\/www.ecambria-experts.de\/it-sachverstaendiger\/#\/schema\/logo\/image\/\"}}]}<\/script>\n<!-- \/ Yoast SEO plugin. -->","yoast_head_json":{"title":"F\u00fcr Unternehmen: Beratung bei IT-Entscheidungen und Projekten - ecambria experts","description":"Beratung der Gesch\u00e4ftsf\u00fchrung von Unternehmen bei IT-Entscheidungen, Entwicklung von innovativen IT-Konzepten, Wirtschaftlichkeits- und Kostenanalyse.","robots":{"index":"index","follow":"follow","max-snippet":"max-snippet:-1","max-image-preview":"max-image-preview:large","max-video-preview":"max-video-preview:-1"},"canonical":"https:\/\/www.ecambria-experts.de\/it-sachverstaendiger\/leistungen-fuer-unternehmen","og_locale":"de_DE","og_type":"article","og_title":"F\u00fcr Unternehmen: Beratung bei IT-Entscheidungen und Projekten - ecambria experts","og_description":"Beratung der Gesch\u00e4ftsf\u00fchrung von Unternehmen bei IT-Entscheidungen, Entwicklung von innovativen IT-Konzepten, Wirtschaftlichkeits- und Kostenanalyse.","og_url":"https:\/\/www.ecambria-experts.de\/it-sachverstaendiger\/leistungen-fuer-unternehmen","og_site_name":"ecambria experts","article_modified_time":"2019-09-04T12:57:59+00:00","twitter_card":"summary_large_image","twitter_misc":{"Gesch\u00e4tzte Lesezeit":"1\u00a0Minute"},"schema":{"@context":"https:\/\/schema.org","@graph":[{"@type":"WebPage","@id":"https:\/\/www.ecambria-experts.de\/it-sachverstaendiger\/leistungen-fuer-unternehmen","url":"https:\/\/www.ecambria-experts.de\/it-sachverstaendiger\/leistungen-fuer-unternehmen","name":"F\u00fcr Unternehmen: Beratung bei IT-Entscheidungen und Projekten - ecambria experts","isPartOf":{"@id":"https:\/\/www.ecambria-experts.de\/it-sachverstaendiger\/#website"},"datePublished":"2014-12-19T13:43:43+00:00","dateModified":"2019-09-04T12:57:59+00:00","description":"Beratung der Gesch\u00e4ftsf\u00fchrung von Unternehmen bei IT-Entscheidungen, Entwicklung von innovativen IT-Konzepten, Wirtschaftlichkeits- und Kostenanalyse.","breadcrumb":{"@id":"https:\/\/www.ecambria-experts.de\/it-sachverstaendiger\/leistungen-fuer-unternehmen#breadcrumb"},"inLanguage":"de","potentialAction":[{"@type":"ReadAction","target":["https:\/\/www.ecambria-experts.de\/it-sachverstaendiger\/leistungen-fuer-unternehmen"]}]},{"@type":"BreadcrumbList","@id":"https:\/\/www.ecambria-experts.de\/it-sachverstaendiger\/leistungen-fuer-unternehmen#breadcrumb","itemListElement":[{"@type":"ListItem","position":1,"name":"Startseite","item":"https:\/\/www.ecambria-experts.de\/it-sachverstaendiger\/"},{"@type":"ListItem","position":2,"name":"F\u00fcr Unternehmen: Beratung bei IT-Entscheidungen und Projekten"}]},{"@type":"WebSite","@id":"https:\/\/www.ecambria-experts.de\/it-sachverstaendiger\/#website","url":"https:\/\/www.ecambria-experts.de\/it-sachverstaendiger\/","name":"ecambria experts","description":"IT-Sachverst\u00e4ndige und Gutachter, Bewertung, Gerichtsgutachten, Privatgutachten, Schlichtung","publisher":{"@id":"https:\/\/www.ecambria-experts.de\/it-sachverstaendiger\/#organization"},"potentialAction":[{"@type":"SearchAction","target":{"@type":"EntryPoint","urlTemplate":"https:\/\/www.ecambria-experts.de\/it-sachverstaendiger\/?s={search_term_string}"},"query-input":{"@type":"PropertyValueSpecification","valueRequired":true,"valueName":"search_term_string"}}],"inLanguage":"de"},{"@type":"Organization","@id":"https:\/\/www.ecambria-experts.de\/it-sachverstaendiger\/#organization","name":"ecambria experts","url":"https:\/\/www.ecambria-experts.de\/it-sachverstaendiger\/","logo":{"@type":"ImageObject","inLanguage":"de","@id":"https:\/\/www.ecambria-experts.de\/it-sachverstaendiger\/#\/schema\/logo\/image\/","url":"https:\/\/www.ecambria-experts.de\/it-sachverstaendiger\/wp-content\/uploads\/2025\/09\/ecambria_experts_logo_ohne_rand.svg","contentUrl":"https:\/\/www.ecambria-experts.de\/it-sachverstaendiger\/wp-content\/uploads\/2025\/09\/ecambria_experts_logo_ohne_rand.svg","width":369,"height":60,"caption":"ecambria experts"},"image":{"@id":"https:\/\/www.ecambria-experts.de\/it-sachverstaendiger\/#\/schema\/logo\/image\/"}}]}},"_links":{"self":[{"href":"https:\/\/www.ecambria-experts.de\/it-sachverstaendiger\/wp-json\/wp\/v2\/pages\/45","targetHints":{"allow":["GET"]}}],"collection":[{"href":"https:\/\/www.ecambria-experts.de\/it-sachverstaendiger\/wp-json\/wp\/v2\/pages"}],"about":[{"href":"https:\/\/www.ecambria-experts.de\/it-sachverstaendiger\/wp-json\/wp\/v2\/types\/page"}],"author":[{"embeddable":true,"href":"https:\/\/www.ecambria-experts.de\/it-sachverstaendiger\/wp-json\/wp\/v2\/users\/1"}],"replies":[{"embeddable":true,"href":"https:\/\/www.ecambria-experts.de\/it-sachverstaendiger\/wp-json\/wp\/v2\/comments?post=45"}],"version-history":[{"count":9,"href":"https:\/\/www.ecambria-experts.de\/it-sachverstaendiger\/wp-json\/wp\/v2\/pages\/45\/revisions"}],"predecessor-version":[{"id":1366,"href":"https:\/\/www.ecambria-experts.de\/it-sachverstaendiger\/wp-json\/wp\/v2\/pages\/45\/revisions\/1366"}],"wp:attachment":[{"href":"https:\/\/www.ecambria-experts.de\/it-sachverstaendiger\/wp-json\/wp\/v2\/media?parent=45"}],"curies":[{"name":"wp","href":"https:\/\/api.w.org\/{rel}","templated":true}]}}