{"id":465,"date":"2015-12-06T19:21:57","date_gmt":"2015-12-06T18:21:57","guid":{"rendered":"http:\/\/www.ecambria-experts.de\/it-sachverstaendiger\/?page_id=465"},"modified":"2019-09-04T13:52:41","modified_gmt":"2019-09-04T12:52:41","slug":"software-wertgutachten-wertbegriffe-und-einsatzzwecke","status":"publish","type":"page","link":"https:\/\/www.ecambria-experts.de\/it-sachverstaendiger\/software-wertgutachten-wertbegriffe-und-einsatzzwecke","title":{"rendered":"Software-Wertgutachten"},"content":{"rendered":"<h1>Software-Wertgutachten<\/h1>\n<p>Die Digitalisierung fast aller Branchen f\u00fchrt dazu, dass wesentliche Assets oder Aktiva einer Organisation heute aus Immaterialg\u00fctern, insbesondere Software bestehen. Im Rahmen von Unternehmensk\u00e4ufen, Asset-Deals, Make-or-buy-Entscheidungen oder auch Technologie-Transfers im Konzern muss schwer fassbare Software mit einem konkreten \u201ePreisschild\u201c versehen werden. Wertgutachten sind eines der schwierigsten Gutachtenthemen, da es eine Vielzahl unterschiedlicher Wertbegriffe gibt, die f\u00fcr dieselbe Software tats\u00e4chlich zu Millionenwerten oder einer 0\u20ac-Bewertung f\u00fchren k\u00f6nnen. Die wichtigsten Wertbegriffe werden im Folgenden erl\u00e4utert:<\/p>\n<h2>Erstellungswert<\/h2>\n<p>Dieser Wertbegriff orientiert sich an den Kosten, die einem Dritten entstehen w\u00fcrden, wenn er die Software ohne das bisherige Entwicklungsteam, aber mit dem Wissen \u00fcber den fachlichen Funktionsumfang neu erstellen will. Dieser Wertbegriff ist h\u00e4ufig bei Entscheidungen hilfreich, ob eine Software hinzugekauft werden oder selbst entwickelt werden kann. Dabei spielt insbesondere auch die Dauer eines m\u00f6glichen Entwicklungsprojekts im Hinblick auf die Opportunit\u00e4tskosten (d.h. z.B. dem entgangenen Gewinn durch einen sp\u00e4teren Start) eine gro\u00dfe Rolle. Ein Wertgutachten unter diesem Wertbegriff wird umso genauer, umso mehr Rahmenbedingungen f\u00fcr das Entwicklungsprojekt bekannt sind. Es macht beispielsweise einen gro\u00dfen Unterschied, ob das Projekt in einem kleinen Startup mit schlanken Fixkosten, in einem Konzern mit gro\u00dfen Fixkosten oder in einem Offshoring-Model (Verlagerung von Teilen der Entwicklung in ein Niedriglohnland) entwickelt wird. Ein Erstellungswertgutachten setzt \u2013 wie alle Aufwandsch\u00e4tzungen in der Softwareentwicklung \u2013 auf den quantifizierbaren Faktoren der Software auf (z.B. Zeilen Code, Anzahl Schnittstellen, Anzahl Datenbanktabellen, Anzahl Dialogmasken etc.). Typische Einsatzszenarien sind die Beurteilung von Asset-Deals, Share-Deals oder die Gr\u00fcndung von Gemeinschaftsunternehmen, bei denen ein Partner Software und der andere Kapital einbringt.<\/p>\n<h2>Ert\u00fcchtigungswert<\/h2>\n<p>Oft ergibt sich gerade bei Unternehmenstransaktionen der Wert einer Software nicht aus messbaren, technischen Kriterien der Software selbst, sondern aus dem Ertragspotential des Softwareprodukts (siehe Ertragswertgutachten). Nichtsdestotrotz werden im Rahmen einer technischen Due-Diligence h\u00e4ufig M\u00e4ngel bei einem Software-Asset festgestellt, deren Behebungskosten den Gesamtkaufpreis zumindest beeinflussen. Als Variante des Erstellungswertgutachtens ermittelt das Ert\u00fcchtigungswertgutachten einen Sch\u00e4tzwert f\u00fcr die Kosten der M\u00e4ngelbeseitigung.<\/p>\n<h2>Ertragswert<\/h2>\n<p>Unabh\u00e4ngig von technisch messbaren Faktoren bezeichnet der Ertragswert den \u00fcber eine gewisse Zeitspanne summierten (und ggf. abdiskontierten) Netto-Gewinn, der mit der Software erzielt wird. Dieser Wertbegriff ist ein kaufm\u00e4nnischer Begriff, mit dem der Wert von Investitionen bestimmt werden kann. Ertragswertgutachten zu Software beinhalten h\u00e4ufig Marktrecherchen zu vergleichbaren Produkten und Sch\u00e4tzungen zu Pflege- und Weiterentwicklungskosten. Bei Cloud-Software sind auch die Betriebskosten ein wesentlicher Faktor bei der Wertbestimmung. Technische Sachverst\u00e4ndige k\u00f6nnen zu einer solchen im Kern kaufm\u00e4nnischen Wertbetrachtung grundlegende Faktoren wie z.B. die Kostenseite oder auch Marktpreise technisch vergleichbarer Produkte ermitteln.<\/p>\n<h2>Verkehrswert (Marktwert)<\/h2>\n<p>Der am Markt im freien Verkehr erzielbare Wert ist immer dann interessant, wenn es um die Absicherung von Gl\u00e4ubigern oder Investoren geht. Insbesondere beim Einbringen (Aktivieren) von Software-Assets in Kapitalgesellschaften als Teil des Grundkapitals geht es hier um den Preis, den die Software bei einem Verkauf (z.B. durch den Insolvenzverwalter) erzielen w\u00fcrde. Bei individuell erstellter Software oder einem g\u00e4nzlich neuen Softwareprodukt ist dieser Wertbegriff h\u00e4ufig problematisch, da es de facto keinen Markt mit Vergleichspreisen gibt. In solchen F\u00e4llen kann es vorkommen, dass der Verkehrswert der Software mit 0\u20ac angesetzt werden muss.<\/p>\n<h2>Weitere Wertbegriffe<\/h2>\n<p>Begriffe aus dem Sachversicherungsbereich wie Zeitwert oder Restwert spielen bei Software keine gro\u00dfe Rolle, bei Hardware jedoch schon. Hier gelten dann die von den Versicherungen vorgegebenen Wertbegriffe.<\/p>\n<h2>Zusammenfassung<\/h2>\n<p>Zusammenfassend ist festzuhalten, dass Wertgutachten nicht gleich Wertgutachten ist. Je nach Einsatzzweck und Softwaretyp muss ein passender Wertbegriff als Teil des Gutachtenauftrags gew\u00e4hlt werden.<\/p>\n","protected":false},"excerpt":{"rendered":"<p>Software-Wertgutachten Die Digitalisierung fast aller Branchen f\u00fchrt dazu, dass wesentliche Assets oder Aktiva einer Organisation heute aus Immaterialg\u00fctern, insbesondere Software bestehen. Im Rahmen von Unternehmensk\u00e4ufen, Asset-Deals, Make-or-buy-Entscheidungen oder auch Technologie-Transfers im Konzern muss schwer fassbare Software mit einem konkreten \u201ePreisschild\u201c versehen werden. Wertgutachten sind eines der schwierigsten Gutachtenthemen, da es&#8230;<\/p>\n","protected":false},"author":1,"featured_media":0,"parent":0,"menu_order":0,"comment_status":"closed","ping_status":"closed","template":"","meta":{"inline_featured_image":false,"footnotes":""},"class_list":["post-465","page","type-page","status-publish","hentry"],"yoast_head":"<!-- This site is optimized with the Yoast SEO plugin v25.4 - https:\/\/yoast.com\/wordpress\/plugins\/seo\/ -->\n<title>Software-Wertgutachten - ecambria experts<\/title>\n<meta name=\"description\" content=\"Wir erstellen Software-Wertgutachten nach dem f\u00fcr den Gutachtenzweck passenden Wertbegriff, beispielsweise Erstellungswert, Marktwert oder Ertragswert.\" \/>\n<meta name=\"robots\" content=\"index, follow, max-snippet:-1, max-image-preview:large, max-video-preview:-1\" \/>\n<link rel=\"canonical\" href=\"https:\/\/www.ecambria-experts.de\/it-sachverstaendiger\/software-wertgutachten-wertbegriffe-und-einsatzzwecke\" \/>\n<meta property=\"og:locale\" content=\"de_DE\" \/>\n<meta property=\"og:type\" content=\"article\" \/>\n<meta property=\"og:title\" content=\"Software-Wertgutachten - ecambria experts\" \/>\n<meta property=\"og:description\" content=\"Wir erstellen Software-Wertgutachten nach dem f\u00fcr den Gutachtenzweck passenden Wertbegriff, beispielsweise Erstellungswert, Marktwert oder Ertragswert.\" \/>\n<meta property=\"og:url\" content=\"https:\/\/www.ecambria-experts.de\/it-sachverstaendiger\/software-wertgutachten-wertbegriffe-und-einsatzzwecke\" \/>\n<meta property=\"og:site_name\" content=\"ecambria experts\" \/>\n<meta property=\"article:modified_time\" content=\"2019-09-04T12:52:41+00:00\" \/>\n<meta name=\"twitter:card\" content=\"summary_large_image\" \/>\n<meta name=\"twitter:label1\" content=\"Gesch\u00e4tzte Lesezeit\" \/>\n\t<meta name=\"twitter:data1\" content=\"3\u00a0Minuten\" \/>\n<script type=\"application\/ld+json\" class=\"yoast-schema-graph\">{\"@context\":\"https:\/\/schema.org\",\"@graph\":[{\"@type\":\"WebPage\",\"@id\":\"https:\/\/www.ecambria-experts.de\/it-sachverstaendiger\/software-wertgutachten-wertbegriffe-und-einsatzzwecke\",\"url\":\"https:\/\/www.ecambria-experts.de\/it-sachverstaendiger\/software-wertgutachten-wertbegriffe-und-einsatzzwecke\",\"name\":\"Software-Wertgutachten - ecambria experts\",\"isPartOf\":{\"@id\":\"https:\/\/www.ecambria-experts.de\/it-sachverstaendiger\/#website\"},\"datePublished\":\"2015-12-06T18:21:57+00:00\",\"dateModified\":\"2019-09-04T12:52:41+00:00\",\"description\":\"Wir erstellen Software-Wertgutachten nach dem f\u00fcr den Gutachtenzweck passenden Wertbegriff, beispielsweise Erstellungswert, Marktwert oder Ertragswert.\",\"breadcrumb\":{\"@id\":\"https:\/\/www.ecambria-experts.de\/it-sachverstaendiger\/software-wertgutachten-wertbegriffe-und-einsatzzwecke#breadcrumb\"},\"inLanguage\":\"de\",\"potentialAction\":[{\"@type\":\"ReadAction\",\"target\":[\"https:\/\/www.ecambria-experts.de\/it-sachverstaendiger\/software-wertgutachten-wertbegriffe-und-einsatzzwecke\"]}]},{\"@type\":\"BreadcrumbList\",\"@id\":\"https:\/\/www.ecambria-experts.de\/it-sachverstaendiger\/software-wertgutachten-wertbegriffe-und-einsatzzwecke#breadcrumb\",\"itemListElement\":[{\"@type\":\"ListItem\",\"position\":1,\"name\":\"Startseite\",\"item\":\"https:\/\/www.ecambria-experts.de\/it-sachverstaendiger\/\"},{\"@type\":\"ListItem\",\"position\":2,\"name\":\"Software-Wertgutachten\"}]},{\"@type\":\"WebSite\",\"@id\":\"https:\/\/www.ecambria-experts.de\/it-sachverstaendiger\/#website\",\"url\":\"https:\/\/www.ecambria-experts.de\/it-sachverstaendiger\/\",\"name\":\"ecambria experts\",\"description\":\"IT-Sachverst\u00e4ndige und Gutachter, Bewertung, Gerichtsgutachten, Privatgutachten, Schlichtung\",\"publisher\":{\"@id\":\"https:\/\/www.ecambria-experts.de\/it-sachverstaendiger\/#organization\"},\"potentialAction\":[{\"@type\":\"SearchAction\",\"target\":{\"@type\":\"EntryPoint\",\"urlTemplate\":\"https:\/\/www.ecambria-experts.de\/it-sachverstaendiger\/?s={search_term_string}\"},\"query-input\":{\"@type\":\"PropertyValueSpecification\",\"valueRequired\":true,\"valueName\":\"search_term_string\"}}],\"inLanguage\":\"de\"},{\"@type\":\"Organization\",\"@id\":\"https:\/\/www.ecambria-experts.de\/it-sachverstaendiger\/#organization\",\"name\":\"ecambria experts\",\"url\":\"https:\/\/www.ecambria-experts.de\/it-sachverstaendiger\/\",\"logo\":{\"@type\":\"ImageObject\",\"inLanguage\":\"de\",\"@id\":\"https:\/\/www.ecambria-experts.de\/it-sachverstaendiger\/#\/schema\/logo\/image\/\",\"url\":\"https:\/\/www.ecambria-experts.de\/it-sachverstaendiger\/wp-content\/uploads\/2025\/09\/ecambria_experts_logo_ohne_rand.svg\",\"contentUrl\":\"https:\/\/www.ecambria-experts.de\/it-sachverstaendiger\/wp-content\/uploads\/2025\/09\/ecambria_experts_logo_ohne_rand.svg\",\"width\":369,\"height\":60,\"caption\":\"ecambria experts\"},\"image\":{\"@id\":\"https:\/\/www.ecambria-experts.de\/it-sachverstaendiger\/#\/schema\/logo\/image\/\"}}]}<\/script>\n<!-- \/ Yoast SEO plugin. -->","yoast_head_json":{"title":"Software-Wertgutachten - ecambria experts","description":"Wir erstellen Software-Wertgutachten nach dem f\u00fcr den Gutachtenzweck passenden Wertbegriff, beispielsweise Erstellungswert, Marktwert oder Ertragswert.","robots":{"index":"index","follow":"follow","max-snippet":"max-snippet:-1","max-image-preview":"max-image-preview:large","max-video-preview":"max-video-preview:-1"},"canonical":"https:\/\/www.ecambria-experts.de\/it-sachverstaendiger\/software-wertgutachten-wertbegriffe-und-einsatzzwecke","og_locale":"de_DE","og_type":"article","og_title":"Software-Wertgutachten - ecambria experts","og_description":"Wir erstellen Software-Wertgutachten nach dem f\u00fcr den Gutachtenzweck passenden Wertbegriff, beispielsweise Erstellungswert, Marktwert oder Ertragswert.","og_url":"https:\/\/www.ecambria-experts.de\/it-sachverstaendiger\/software-wertgutachten-wertbegriffe-und-einsatzzwecke","og_site_name":"ecambria experts","article_modified_time":"2019-09-04T12:52:41+00:00","twitter_card":"summary_large_image","twitter_misc":{"Gesch\u00e4tzte Lesezeit":"3\u00a0Minuten"},"schema":{"@context":"https:\/\/schema.org","@graph":[{"@type":"WebPage","@id":"https:\/\/www.ecambria-experts.de\/it-sachverstaendiger\/software-wertgutachten-wertbegriffe-und-einsatzzwecke","url":"https:\/\/www.ecambria-experts.de\/it-sachverstaendiger\/software-wertgutachten-wertbegriffe-und-einsatzzwecke","name":"Software-Wertgutachten - ecambria experts","isPartOf":{"@id":"https:\/\/www.ecambria-experts.de\/it-sachverstaendiger\/#website"},"datePublished":"2015-12-06T18:21:57+00:00","dateModified":"2019-09-04T12:52:41+00:00","description":"Wir erstellen Software-Wertgutachten nach dem f\u00fcr den Gutachtenzweck passenden Wertbegriff, beispielsweise Erstellungswert, Marktwert oder Ertragswert.","breadcrumb":{"@id":"https:\/\/www.ecambria-experts.de\/it-sachverstaendiger\/software-wertgutachten-wertbegriffe-und-einsatzzwecke#breadcrumb"},"inLanguage":"de","potentialAction":[{"@type":"ReadAction","target":["https:\/\/www.ecambria-experts.de\/it-sachverstaendiger\/software-wertgutachten-wertbegriffe-und-einsatzzwecke"]}]},{"@type":"BreadcrumbList","@id":"https:\/\/www.ecambria-experts.de\/it-sachverstaendiger\/software-wertgutachten-wertbegriffe-und-einsatzzwecke#breadcrumb","itemListElement":[{"@type":"ListItem","position":1,"name":"Startseite","item":"https:\/\/www.ecambria-experts.de\/it-sachverstaendiger\/"},{"@type":"ListItem","position":2,"name":"Software-Wertgutachten"}]},{"@type":"WebSite","@id":"https:\/\/www.ecambria-experts.de\/it-sachverstaendiger\/#website","url":"https:\/\/www.ecambria-experts.de\/it-sachverstaendiger\/","name":"ecambria experts","description":"IT-Sachverst\u00e4ndige und Gutachter, Bewertung, Gerichtsgutachten, Privatgutachten, Schlichtung","publisher":{"@id":"https:\/\/www.ecambria-experts.de\/it-sachverstaendiger\/#organization"},"potentialAction":[{"@type":"SearchAction","target":{"@type":"EntryPoint","urlTemplate":"https:\/\/www.ecambria-experts.de\/it-sachverstaendiger\/?s={search_term_string}"},"query-input":{"@type":"PropertyValueSpecification","valueRequired":true,"valueName":"search_term_string"}}],"inLanguage":"de"},{"@type":"Organization","@id":"https:\/\/www.ecambria-experts.de\/it-sachverstaendiger\/#organization","name":"ecambria experts","url":"https:\/\/www.ecambria-experts.de\/it-sachverstaendiger\/","logo":{"@type":"ImageObject","inLanguage":"de","@id":"https:\/\/www.ecambria-experts.de\/it-sachverstaendiger\/#\/schema\/logo\/image\/","url":"https:\/\/www.ecambria-experts.de\/it-sachverstaendiger\/wp-content\/uploads\/2025\/09\/ecambria_experts_logo_ohne_rand.svg","contentUrl":"https:\/\/www.ecambria-experts.de\/it-sachverstaendiger\/wp-content\/uploads\/2025\/09\/ecambria_experts_logo_ohne_rand.svg","width":369,"height":60,"caption":"ecambria experts"},"image":{"@id":"https:\/\/www.ecambria-experts.de\/it-sachverstaendiger\/#\/schema\/logo\/image\/"}}]}},"_links":{"self":[{"href":"https:\/\/www.ecambria-experts.de\/it-sachverstaendiger\/wp-json\/wp\/v2\/pages\/465","targetHints":{"allow":["GET"]}}],"collection":[{"href":"https:\/\/www.ecambria-experts.de\/it-sachverstaendiger\/wp-json\/wp\/v2\/pages"}],"about":[{"href":"https:\/\/www.ecambria-experts.de\/it-sachverstaendiger\/wp-json\/wp\/v2\/types\/page"}],"author":[{"embeddable":true,"href":"https:\/\/www.ecambria-experts.de\/it-sachverstaendiger\/wp-json\/wp\/v2\/users\/1"}],"replies":[{"embeddable":true,"href":"https:\/\/www.ecambria-experts.de\/it-sachverstaendiger\/wp-json\/wp\/v2\/comments?post=465"}],"version-history":[{"count":9,"href":"https:\/\/www.ecambria-experts.de\/it-sachverstaendiger\/wp-json\/wp\/v2\/pages\/465\/revisions"}],"predecessor-version":[{"id":1354,"href":"https:\/\/www.ecambria-experts.de\/it-sachverstaendiger\/wp-json\/wp\/v2\/pages\/465\/revisions\/1354"}],"wp:attachment":[{"href":"https:\/\/www.ecambria-experts.de\/it-sachverstaendiger\/wp-json\/wp\/v2\/media?parent=465"}],"curies":[{"name":"wp","href":"https:\/\/api.w.org\/{rel}","templated":true}]}}