{"id":47,"date":"2014-12-19T15:45:04","date_gmt":"2014-12-19T13:45:04","guid":{"rendered":"http:\/\/localhost:81\/blog\/?page_id=47"},"modified":"2019-09-04T13:52:35","modified_gmt":"2019-09-04T12:52:35","slug":"schlichtung_und_mediation","status":"publish","type":"page","link":"https:\/\/www.ecambria-experts.de\/it-sachverstaendiger\/schlichtung_und_mediation","title":{"rendered":"Neutrale Schlichter und Mediatoren"},"content":{"rendered":"<h1>Neutrale Schlichter und Mediatoren<\/h1>\n<p class=\"main-text\">Gerade in der komplexen Welt der IT-Systeme und -Projekte kommt es oft zu Missverst\u00e4ndnissen und Meinungsverschiedenheiten. Wenn ein IT-Projekt nicht vorankommt, wenn die sachliche Kommunikation zwischen den Projektleitern nicht mehr m\u00f6glich scheint oder wenn das Projektziel gef\u00e4hrdet ist, k\u00f6nnen die IT-Sachverst\u00e4ndigen der ecambria als unabh\u00e4ngige Dritte diesen gordischen Knoten zerschlagen und erreichen, dass beide Parteien wieder mit vereinten Kr\u00e4ften auf das gemeinsame Erreichen des Projektziels hinarbeiten.<\/p>\n<p class=\"main-text\">In manchen F\u00e4llen kann auch ein Kompromiss zur schnellen Beendigung des Projekts die beste L\u00f6sung sein. So wird vermieden, dass sich die Parteien jahrelang vor immer h\u00f6heren Instanzen streiten und dabei viel Geld, Kraft und Zeit verlieren. Neben unserer Arbeit f\u00fcr die staatliche Gerichtsbarkeit unterst\u00fctzen wir Sie als IT-Gutachter auch im Rahmen der au\u00dfergerichtlichen Streitbeilegung und in der nationalen und internationalen Schiedsgerichtsbarkeit \u2013 z. B. im Rahmen von ICC-Verfahren (au\u00dfergerichtliche Streitbeilegung der International Chamber of Commerce).<\/p>\n<p class=\"main-text\">Unser Leistungsspektrum umfasst:<\/p>\n<ul>\n<li>Analyse der Schieflage von komplexen Projekten<\/li>\n<li>Erarbeitung konstruktiver Kompromisse und L\u00f6sungsvorschl\u00e4ge<\/li>\n<li>Erstellung von Schiedsgutachten<\/li>\n<li>\u00dcberpr\u00fcfung von Sourcecode und treuh\u00e4nderische \u00dcbergabe<\/li>\n<li>Bewertung der Leistungsf\u00e4higkeit von Dienstleistern<\/li>\n<li>Bewertung der Mitwirkungsleistungen von Auftraggebern<\/li>\n<\/ul>\n<p class=\"main-text\">Der Gesch\u00e4ftsf\u00fchrer der ecambria, <a title=\"Dr. Oliver Stiemerling\" href=\"\/it-sachverstaendiger\/sv-stiemerling\"><b>Dr. Oliver Stiemerling<\/b><\/a>, ist von der IHK K\u00f6ln \u00f6ffentlich bestellter und vereidigter Sachverst\u00e4ndiger und f\u00fchrt im gemeinsamen Auftrag der Parteien Schlichtungen, Mediationen und Schiedsverfahren durch.<\/p>\n","protected":false},"excerpt":{"rendered":"<p>Neutrale Schlichter und Mediatoren Gerade in der komplexen Welt der IT-Systeme und -Projekte kommt es oft zu Missverst\u00e4ndnissen und Meinungsverschiedenheiten. Wenn ein IT-Projekt nicht vorankommt, wenn die sachliche Kommunikation zwischen den Projektleitern nicht mehr m\u00f6glich scheint oder wenn das Projektziel gef\u00e4hrdet ist, k\u00f6nnen die IT-Sachverst\u00e4ndigen der ecambria als unabh\u00e4ngige Dritte&#8230;<\/p>\n","protected":false},"author":1,"featured_media":0,"parent":0,"menu_order":0,"comment_status":"closed","ping_status":"closed","template":"","meta":{"inline_featured_image":false,"footnotes":""},"class_list":["post-47","page","type-page","status-publish","hentry"],"yoast_head":"<!-- This site is optimized with the Yoast SEO plugin v25.4 - https:\/\/yoast.com\/wordpress\/plugins\/seo\/ -->\n<title>Neutrale Schlichter und Mediatoren - ecambria experts<\/title>\n<meta name=\"description\" content=\"Mediation kann im Rahmen von IT-Projekten ein probates Mittel sein, gemeinsam L\u00f6sungen zu erarbeiten, um wieder auf das Projektziel hinarbeiten zu k\u00f6nnen.\" \/>\n<meta name=\"robots\" content=\"index, follow, max-snippet:-1, max-image-preview:large, max-video-preview:-1\" \/>\n<link rel=\"canonical\" href=\"https:\/\/www.ecambria-experts.de\/it-sachverstaendiger\/schlichtung_und_mediation\" \/>\n<meta property=\"og:locale\" content=\"de_DE\" \/>\n<meta property=\"og:type\" content=\"article\" \/>\n<meta property=\"og:title\" content=\"Neutrale Schlichter und Mediatoren - ecambria experts\" \/>\n<meta property=\"og:description\" content=\"Mediation kann im Rahmen von IT-Projekten ein probates Mittel sein, gemeinsam L\u00f6sungen zu erarbeiten, um wieder auf das Projektziel hinarbeiten zu k\u00f6nnen.\" \/>\n<meta property=\"og:url\" content=\"https:\/\/www.ecambria-experts.de\/it-sachverstaendiger\/schlichtung_und_mediation\" \/>\n<meta property=\"og:site_name\" content=\"ecambria experts\" \/>\n<meta property=\"article:modified_time\" content=\"2019-09-04T12:52:35+00:00\" \/>\n<meta name=\"twitter:card\" content=\"summary_large_image\" \/>\n<meta name=\"twitter:label1\" content=\"Gesch\u00e4tzte Lesezeit\" \/>\n\t<meta name=\"twitter:data1\" content=\"1\u00a0Minute\" \/>\n<script type=\"application\/ld+json\" class=\"yoast-schema-graph\">{\"@context\":\"https:\/\/schema.org\",\"@graph\":[{\"@type\":\"WebPage\",\"@id\":\"https:\/\/www.ecambria-experts.de\/it-sachverstaendiger\/schlichtung_und_mediation\",\"url\":\"https:\/\/www.ecambria-experts.de\/it-sachverstaendiger\/schlichtung_und_mediation\",\"name\":\"Neutrale Schlichter und Mediatoren - ecambria experts\",\"isPartOf\":{\"@id\":\"https:\/\/www.ecambria-experts.de\/it-sachverstaendiger\/#website\"},\"datePublished\":\"2014-12-19T13:45:04+00:00\",\"dateModified\":\"2019-09-04T12:52:35+00:00\",\"description\":\"Mediation kann im Rahmen von IT-Projekten ein probates Mittel sein, gemeinsam L\u00f6sungen zu erarbeiten, um wieder auf das Projektziel hinarbeiten zu k\u00f6nnen.\",\"breadcrumb\":{\"@id\":\"https:\/\/www.ecambria-experts.de\/it-sachverstaendiger\/schlichtung_und_mediation#breadcrumb\"},\"inLanguage\":\"de\",\"potentialAction\":[{\"@type\":\"ReadAction\",\"target\":[\"https:\/\/www.ecambria-experts.de\/it-sachverstaendiger\/schlichtung_und_mediation\"]}]},{\"@type\":\"BreadcrumbList\",\"@id\":\"https:\/\/www.ecambria-experts.de\/it-sachverstaendiger\/schlichtung_und_mediation#breadcrumb\",\"itemListElement\":[{\"@type\":\"ListItem\",\"position\":1,\"name\":\"Startseite\",\"item\":\"https:\/\/www.ecambria-experts.de\/it-sachverstaendiger\/\"},{\"@type\":\"ListItem\",\"position\":2,\"name\":\"Neutrale Schlichter und Mediatoren\"}]},{\"@type\":\"WebSite\",\"@id\":\"https:\/\/www.ecambria-experts.de\/it-sachverstaendiger\/#website\",\"url\":\"https:\/\/www.ecambria-experts.de\/it-sachverstaendiger\/\",\"name\":\"ecambria experts\",\"description\":\"IT-Sachverst\u00e4ndige und Gutachter, Bewertung, Gerichtsgutachten, Privatgutachten, Schlichtung\",\"publisher\":{\"@id\":\"https:\/\/www.ecambria-experts.de\/it-sachverstaendiger\/#organization\"},\"potentialAction\":[{\"@type\":\"SearchAction\",\"target\":{\"@type\":\"EntryPoint\",\"urlTemplate\":\"https:\/\/www.ecambria-experts.de\/it-sachverstaendiger\/?s={search_term_string}\"},\"query-input\":{\"@type\":\"PropertyValueSpecification\",\"valueRequired\":true,\"valueName\":\"search_term_string\"}}],\"inLanguage\":\"de\"},{\"@type\":\"Organization\",\"@id\":\"https:\/\/www.ecambria-experts.de\/it-sachverstaendiger\/#organization\",\"name\":\"ecambria experts\",\"url\":\"https:\/\/www.ecambria-experts.de\/it-sachverstaendiger\/\",\"logo\":{\"@type\":\"ImageObject\",\"inLanguage\":\"de\",\"@id\":\"https:\/\/www.ecambria-experts.de\/it-sachverstaendiger\/#\/schema\/logo\/image\/\",\"url\":\"https:\/\/www.ecambria-experts.de\/it-sachverstaendiger\/wp-content\/uploads\/2025\/09\/ecambria_experts_logo_ohne_rand.svg\",\"contentUrl\":\"https:\/\/www.ecambria-experts.de\/it-sachverstaendiger\/wp-content\/uploads\/2025\/09\/ecambria_experts_logo_ohne_rand.svg\",\"width\":369,\"height\":60,\"caption\":\"ecambria experts\"},\"image\":{\"@id\":\"https:\/\/www.ecambria-experts.de\/it-sachverstaendiger\/#\/schema\/logo\/image\/\"}}]}<\/script>\n<!-- \/ Yoast SEO plugin. -->","yoast_head_json":{"title":"Neutrale Schlichter und Mediatoren - ecambria experts","description":"Mediation kann im Rahmen von IT-Projekten ein probates Mittel sein, gemeinsam L\u00f6sungen zu erarbeiten, um wieder auf das Projektziel hinarbeiten zu k\u00f6nnen.","robots":{"index":"index","follow":"follow","max-snippet":"max-snippet:-1","max-image-preview":"max-image-preview:large","max-video-preview":"max-video-preview:-1"},"canonical":"https:\/\/www.ecambria-experts.de\/it-sachverstaendiger\/schlichtung_und_mediation","og_locale":"de_DE","og_type":"article","og_title":"Neutrale Schlichter und Mediatoren - ecambria experts","og_description":"Mediation kann im Rahmen von IT-Projekten ein probates Mittel sein, gemeinsam L\u00f6sungen zu erarbeiten, um wieder auf das Projektziel hinarbeiten zu k\u00f6nnen.","og_url":"https:\/\/www.ecambria-experts.de\/it-sachverstaendiger\/schlichtung_und_mediation","og_site_name":"ecambria experts","article_modified_time":"2019-09-04T12:52:35+00:00","twitter_card":"summary_large_image","twitter_misc":{"Gesch\u00e4tzte Lesezeit":"1\u00a0Minute"},"schema":{"@context":"https:\/\/schema.org","@graph":[{"@type":"WebPage","@id":"https:\/\/www.ecambria-experts.de\/it-sachverstaendiger\/schlichtung_und_mediation","url":"https:\/\/www.ecambria-experts.de\/it-sachverstaendiger\/schlichtung_und_mediation","name":"Neutrale Schlichter und Mediatoren - ecambria experts","isPartOf":{"@id":"https:\/\/www.ecambria-experts.de\/it-sachverstaendiger\/#website"},"datePublished":"2014-12-19T13:45:04+00:00","dateModified":"2019-09-04T12:52:35+00:00","description":"Mediation kann im Rahmen von IT-Projekten ein probates Mittel sein, gemeinsam L\u00f6sungen zu erarbeiten, um wieder auf das Projektziel hinarbeiten zu k\u00f6nnen.","breadcrumb":{"@id":"https:\/\/www.ecambria-experts.de\/it-sachverstaendiger\/schlichtung_und_mediation#breadcrumb"},"inLanguage":"de","potentialAction":[{"@type":"ReadAction","target":["https:\/\/www.ecambria-experts.de\/it-sachverstaendiger\/schlichtung_und_mediation"]}]},{"@type":"BreadcrumbList","@id":"https:\/\/www.ecambria-experts.de\/it-sachverstaendiger\/schlichtung_und_mediation#breadcrumb","itemListElement":[{"@type":"ListItem","position":1,"name":"Startseite","item":"https:\/\/www.ecambria-experts.de\/it-sachverstaendiger\/"},{"@type":"ListItem","position":2,"name":"Neutrale Schlichter und Mediatoren"}]},{"@type":"WebSite","@id":"https:\/\/www.ecambria-experts.de\/it-sachverstaendiger\/#website","url":"https:\/\/www.ecambria-experts.de\/it-sachverstaendiger\/","name":"ecambria experts","description":"IT-Sachverst\u00e4ndige und Gutachter, Bewertung, Gerichtsgutachten, Privatgutachten, Schlichtung","publisher":{"@id":"https:\/\/www.ecambria-experts.de\/it-sachverstaendiger\/#organization"},"potentialAction":[{"@type":"SearchAction","target":{"@type":"EntryPoint","urlTemplate":"https:\/\/www.ecambria-experts.de\/it-sachverstaendiger\/?s={search_term_string}"},"query-input":{"@type":"PropertyValueSpecification","valueRequired":true,"valueName":"search_term_string"}}],"inLanguage":"de"},{"@type":"Organization","@id":"https:\/\/www.ecambria-experts.de\/it-sachverstaendiger\/#organization","name":"ecambria experts","url":"https:\/\/www.ecambria-experts.de\/it-sachverstaendiger\/","logo":{"@type":"ImageObject","inLanguage":"de","@id":"https:\/\/www.ecambria-experts.de\/it-sachverstaendiger\/#\/schema\/logo\/image\/","url":"https:\/\/www.ecambria-experts.de\/it-sachverstaendiger\/wp-content\/uploads\/2025\/09\/ecambria_experts_logo_ohne_rand.svg","contentUrl":"https:\/\/www.ecambria-experts.de\/it-sachverstaendiger\/wp-content\/uploads\/2025\/09\/ecambria_experts_logo_ohne_rand.svg","width":369,"height":60,"caption":"ecambria experts"},"image":{"@id":"https:\/\/www.ecambria-experts.de\/it-sachverstaendiger\/#\/schema\/logo\/image\/"}}]}},"_links":{"self":[{"href":"https:\/\/www.ecambria-experts.de\/it-sachverstaendiger\/wp-json\/wp\/v2\/pages\/47","targetHints":{"allow":["GET"]}}],"collection":[{"href":"https:\/\/www.ecambria-experts.de\/it-sachverstaendiger\/wp-json\/wp\/v2\/pages"}],"about":[{"href":"https:\/\/www.ecambria-experts.de\/it-sachverstaendiger\/wp-json\/wp\/v2\/types\/page"}],"author":[{"embeddable":true,"href":"https:\/\/www.ecambria-experts.de\/it-sachverstaendiger\/wp-json\/wp\/v2\/users\/1"}],"replies":[{"embeddable":true,"href":"https:\/\/www.ecambria-experts.de\/it-sachverstaendiger\/wp-json\/wp\/v2\/comments?post=47"}],"version-history":[{"count":5,"href":"https:\/\/www.ecambria-experts.de\/it-sachverstaendiger\/wp-json\/wp\/v2\/pages\/47\/revisions"}],"predecessor-version":[{"id":1353,"href":"https:\/\/www.ecambria-experts.de\/it-sachverstaendiger\/wp-json\/wp\/v2\/pages\/47\/revisions\/1353"}],"wp:attachment":[{"href":"https:\/\/www.ecambria-experts.de\/it-sachverstaendiger\/wp-json\/wp\/v2\/media?parent=47"}],"curies":[{"name":"wp","href":"https:\/\/api.w.org\/{rel}","templated":true}]}}