{"id":483,"date":"2015-09-25T11:08:39","date_gmt":"2015-09-25T10:08:39","guid":{"rendered":"http:\/\/www.ecambria-experts.de\/it-sachverstaendiger\/?page_id=483"},"modified":"2019-09-12T15:03:54","modified_gmt":"2019-09-12T14:03:54","slug":"viktor-hassenrik-diplom-informatiker","status":"publish","type":"page","link":"https:\/\/www.ecambria-experts.de\/it-sachverstaendiger\/viktor-hassenrik-diplom-informatiker","title":{"rendered":"Viktor Hassenrik (Diplom-Informatiker)"},"content":{"rendered":"<h1><strong>Viktor Hassenrik &#8211; Diplom Informatiker<\/strong><\/h1>\n<h1 class=\"main-subtitle\"><strong>(Assoziierter IT-Sachverst\u00e4ndiger) &#8211; K\u00f6ln<br \/>\n<\/strong><\/h1>\n<p><strong><a href=\"http:\/\/www.ecambria-experts.de\/it-sachverstaendiger\/wp-content\/uploads\/2016\/01\/Viktor-Hassenrik.jpg\"><img loading=\"lazy\" decoding=\"async\" class=\" size-medium wp-image-516 alignleft\" src=\"http:\/\/www.ecambria-experts.de\/it-sachverstaendiger\/wp-content\/uploads\/2016\/01\/Viktor-Hassenrik-300x200.jpg\" alt=\"Viktor Hassenrik\" width=\"300\" height=\"200\" srcset=\"https:\/\/www.ecambria-experts.de\/it-sachverstaendiger\/wp-content\/uploads\/2016\/01\/Viktor-Hassenrik-300x200.jpg 300w, https:\/\/www.ecambria-experts.de\/it-sachverstaendiger\/wp-content\/uploads\/2016\/01\/Viktor-Hassenrik-1024x682.jpg 1024w, https:\/\/www.ecambria-experts.de\/it-sachverstaendiger\/wp-content\/uploads\/2016\/01\/Viktor-Hassenrik-624x416.jpg 624w, https:\/\/www.ecambria-experts.de\/it-sachverstaendiger\/wp-content\/uploads\/2016\/01\/Viktor-Hassenrik.jpg 1280w\" sizes=\"auto, (max-width: 300px) 100vw, 300px\" \/><\/a><\/strong>Herr Hassenrik studierte an der Universit\u00e4t Bonn Informatik. Er hat \u00fcber 20 Jahre Berufserfahrung als Entwickler, Analytiker und Projektleiter. Er ist Gesch\u00e4ftsf\u00fchrer eines Softwareunternehmens und ausgewiesener Experte f\u00fcr die Entwicklung und Wartung von unternehmenskritischen Enterprise-Applikationen und f\u00fcr Projekte im Bereich CMS und Internettechnologien. Im Rahmen der Gutachtert\u00e4tigkeit untersucht er die Qualit\u00e4t und Wartbarkeit von komplexen Softwaresystemen.<\/p>\n<p class=\"main-subtitle\"><strong>Erreichbarkeit:<\/strong><\/p>\n<ul>\n<li>E-Mail: <b><a href=\"mailto:vh@ecambria-experts.com?subject=Anfrage%20zu%20Beratung%20oder%20Gutachten\">vh@ecambria-experts.com<\/a><\/b><\/li>\n<li>Telefon: 0221 &#8211; 5955 27-0<\/li>\n<li>Post- und B\u00fcroanschrift finden Sie <b><a href=\"https:\/\/www.ecambria-experts.de\/it-sachverstaendiger\/kontakt\">hier<\/a><\/b><\/li>\n<li>Sprachen: Deutsch, Englisch<\/li>\n<\/ul>\n","protected":false},"excerpt":{"rendered":"<p>Viktor Hassenrik &#8211; Diplom Informatiker (Assoziierter IT-Sachverst\u00e4ndiger) &#8211; K\u00f6ln Herr Hassenrik studierte an der Universit\u00e4t Bonn Informatik. Er hat \u00fcber 20 Jahre Berufserfahrung als Entwickler, Analytiker und Projektleiter. Er ist Gesch\u00e4ftsf\u00fchrer eines Softwareunternehmens und ausgewiesener Experte f\u00fcr die Entwicklung und Wartung von unternehmenskritischen Enterprise-Applikationen und f\u00fcr Projekte im Bereich CMS&#8230;<\/p>\n","protected":false},"author":1,"featured_media":0,"parent":0,"menu_order":0,"comment_status":"closed","ping_status":"closed","template":"","meta":{"inline_featured_image":false,"footnotes":""},"class_list":["post-483","page","type-page","status-publish","hentry"],"yoast_head":"<!-- This site is optimized with the Yoast SEO plugin v25.4 - https:\/\/yoast.com\/wordpress\/plugins\/seo\/ -->\n<title>Viktor Hassenrik (Diplom-Informatiker) - ecambria experts<\/title>\n<meta name=\"robots\" content=\"index, follow, max-snippet:-1, max-image-preview:large, max-video-preview:-1\" \/>\n<link rel=\"canonical\" href=\"https:\/\/www.ecambria-experts.de\/it-sachverstaendiger\/viktor-hassenrik-diplom-informatiker\" \/>\n<meta property=\"og:locale\" content=\"de_DE\" \/>\n<meta property=\"og:type\" content=\"article\" \/>\n<meta property=\"og:title\" content=\"Viktor Hassenrik (Diplom-Informatiker) - ecambria experts\" \/>\n<meta property=\"og:description\" content=\"Viktor Hassenrik &#8211; Diplom Informatiker (Assoziierter IT-Sachverst\u00e4ndiger) &#8211; K\u00f6ln Herr Hassenrik studierte an der Universit\u00e4t Bonn Informatik. Er hat \u00fcber 20 Jahre Berufserfahrung als Entwickler, Analytiker und Projektleiter. Er ist Gesch\u00e4ftsf\u00fchrer eines Softwareunternehmens und ausgewiesener Experte f\u00fcr die Entwicklung und Wartung von unternehmenskritischen Enterprise-Applikationen und f\u00fcr Projekte im Bereich CMS...\" \/>\n<meta property=\"og:url\" content=\"https:\/\/www.ecambria-experts.de\/it-sachverstaendiger\/viktor-hassenrik-diplom-informatiker\" \/>\n<meta property=\"og:site_name\" content=\"ecambria experts\" \/>\n<meta property=\"article:modified_time\" content=\"2019-09-12T14:03:54+00:00\" \/>\n<meta property=\"og:image\" content=\"https:\/\/www.ecambria-experts.de\/it-sachverstaendiger\/wp-content\/uploads\/2016\/01\/Viktor-Hassenrik.jpg\" \/>\n\t<meta property=\"og:image:width\" content=\"1280\" \/>\n\t<meta property=\"og:image:height\" content=\"853\" \/>\n\t<meta property=\"og:image:type\" content=\"image\/jpeg\" \/>\n<meta name=\"twitter:card\" content=\"summary_large_image\" \/>\n<script type=\"application\/ld+json\" class=\"yoast-schema-graph\">{\"@context\":\"https:\/\/schema.org\",\"@graph\":[{\"@type\":\"WebPage\",\"@id\":\"https:\/\/www.ecambria-experts.de\/it-sachverstaendiger\/viktor-hassenrik-diplom-informatiker\",\"url\":\"https:\/\/www.ecambria-experts.de\/it-sachverstaendiger\/viktor-hassenrik-diplom-informatiker\",\"name\":\"Viktor Hassenrik (Diplom-Informatiker) - ecambria experts\",\"isPartOf\":{\"@id\":\"https:\/\/www.ecambria-experts.de\/it-sachverstaendiger\/#website\"},\"primaryImageOfPage\":{\"@id\":\"https:\/\/www.ecambria-experts.de\/it-sachverstaendiger\/viktor-hassenrik-diplom-informatiker#primaryimage\"},\"image\":{\"@id\":\"https:\/\/www.ecambria-experts.de\/it-sachverstaendiger\/viktor-hassenrik-diplom-informatiker#primaryimage\"},\"thumbnailUrl\":\"http:\/\/www.ecambria-experts.de\/it-sachverstaendiger\/wp-content\/uploads\/2016\/01\/Viktor-Hassenrik-300x200.jpg\",\"datePublished\":\"2015-09-25T10:08:39+00:00\",\"dateModified\":\"2019-09-12T14:03:54+00:00\",\"breadcrumb\":{\"@id\":\"https:\/\/www.ecambria-experts.de\/it-sachverstaendiger\/viktor-hassenrik-diplom-informatiker#breadcrumb\"},\"inLanguage\":\"de\",\"potentialAction\":[{\"@type\":\"ReadAction\",\"target\":[\"https:\/\/www.ecambria-experts.de\/it-sachverstaendiger\/viktor-hassenrik-diplom-informatiker\"]}]},{\"@type\":\"ImageObject\",\"inLanguage\":\"de\",\"@id\":\"https:\/\/www.ecambria-experts.de\/it-sachverstaendiger\/viktor-hassenrik-diplom-informatiker#primaryimage\",\"url\":\"http:\/\/www.ecambria-experts.de\/it-sachverstaendiger\/wp-content\/uploads\/2016\/01\/Viktor-Hassenrik-300x200.jpg\",\"contentUrl\":\"http:\/\/www.ecambria-experts.de\/it-sachverstaendiger\/wp-content\/uploads\/2016\/01\/Viktor-Hassenrik-300x200.jpg\"},{\"@type\":\"BreadcrumbList\",\"@id\":\"https:\/\/www.ecambria-experts.de\/it-sachverstaendiger\/viktor-hassenrik-diplom-informatiker#breadcrumb\",\"itemListElement\":[{\"@type\":\"ListItem\",\"position\":1,\"name\":\"Startseite\",\"item\":\"https:\/\/www.ecambria-experts.de\/it-sachverstaendiger\/\"},{\"@type\":\"ListItem\",\"position\":2,\"name\":\"Viktor Hassenrik (Diplom-Informatiker)\"}]},{\"@type\":\"WebSite\",\"@id\":\"https:\/\/www.ecambria-experts.de\/it-sachverstaendiger\/#website\",\"url\":\"https:\/\/www.ecambria-experts.de\/it-sachverstaendiger\/\",\"name\":\"ecambria experts\",\"description\":\"IT-Sachverst\u00e4ndige und Gutachter, Bewertung, Gerichtsgutachten, Privatgutachten, Schlichtung\",\"publisher\":{\"@id\":\"https:\/\/www.ecambria-experts.de\/it-sachverstaendiger\/#organization\"},\"potentialAction\":[{\"@type\":\"SearchAction\",\"target\":{\"@type\":\"EntryPoint\",\"urlTemplate\":\"https:\/\/www.ecambria-experts.de\/it-sachverstaendiger\/?s={search_term_string}\"},\"query-input\":{\"@type\":\"PropertyValueSpecification\",\"valueRequired\":true,\"valueName\":\"search_term_string\"}}],\"inLanguage\":\"de\"},{\"@type\":\"Organization\",\"@id\":\"https:\/\/www.ecambria-experts.de\/it-sachverstaendiger\/#organization\",\"name\":\"ecambria experts\",\"url\":\"https:\/\/www.ecambria-experts.de\/it-sachverstaendiger\/\",\"logo\":{\"@type\":\"ImageObject\",\"inLanguage\":\"de\",\"@id\":\"https:\/\/www.ecambria-experts.de\/it-sachverstaendiger\/#\/schema\/logo\/image\/\",\"url\":\"https:\/\/www.ecambria-experts.de\/it-sachverstaendiger\/wp-content\/uploads\/2025\/09\/ecambria_experts_logo_ohne_rand.svg\",\"contentUrl\":\"https:\/\/www.ecambria-experts.de\/it-sachverstaendiger\/wp-content\/uploads\/2025\/09\/ecambria_experts_logo_ohne_rand.svg\",\"width\":369,\"height\":60,\"caption\":\"ecambria experts\"},\"image\":{\"@id\":\"https:\/\/www.ecambria-experts.de\/it-sachverstaendiger\/#\/schema\/logo\/image\/\"}}]}<\/script>\n<!-- \/ Yoast SEO plugin. -->","yoast_head_json":{"title":"Viktor Hassenrik (Diplom-Informatiker) - ecambria experts","robots":{"index":"index","follow":"follow","max-snippet":"max-snippet:-1","max-image-preview":"max-image-preview:large","max-video-preview":"max-video-preview:-1"},"canonical":"https:\/\/www.ecambria-experts.de\/it-sachverstaendiger\/viktor-hassenrik-diplom-informatiker","og_locale":"de_DE","og_type":"article","og_title":"Viktor Hassenrik (Diplom-Informatiker) - ecambria experts","og_description":"Viktor Hassenrik &#8211; Diplom Informatiker (Assoziierter IT-Sachverst\u00e4ndiger) &#8211; K\u00f6ln Herr Hassenrik studierte an der Universit\u00e4t Bonn Informatik. Er hat \u00fcber 20 Jahre Berufserfahrung als Entwickler, Analytiker und Projektleiter. Er ist Gesch\u00e4ftsf\u00fchrer eines Softwareunternehmens und ausgewiesener Experte f\u00fcr die Entwicklung und Wartung von unternehmenskritischen Enterprise-Applikationen und f\u00fcr Projekte im Bereich CMS...","og_url":"https:\/\/www.ecambria-experts.de\/it-sachverstaendiger\/viktor-hassenrik-diplom-informatiker","og_site_name":"ecambria experts","article_modified_time":"2019-09-12T14:03:54+00:00","og_image":[{"width":1280,"height":853,"url":"https:\/\/www.ecambria-experts.de\/it-sachverstaendiger\/wp-content\/uploads\/2016\/01\/Viktor-Hassenrik.jpg","type":"image\/jpeg"}],"twitter_card":"summary_large_image","schema":{"@context":"https:\/\/schema.org","@graph":[{"@type":"WebPage","@id":"https:\/\/www.ecambria-experts.de\/it-sachverstaendiger\/viktor-hassenrik-diplom-informatiker","url":"https:\/\/www.ecambria-experts.de\/it-sachverstaendiger\/viktor-hassenrik-diplom-informatiker","name":"Viktor Hassenrik (Diplom-Informatiker) - ecambria experts","isPartOf":{"@id":"https:\/\/www.ecambria-experts.de\/it-sachverstaendiger\/#website"},"primaryImageOfPage":{"@id":"https:\/\/www.ecambria-experts.de\/it-sachverstaendiger\/viktor-hassenrik-diplom-informatiker#primaryimage"},"image":{"@id":"https:\/\/www.ecambria-experts.de\/it-sachverstaendiger\/viktor-hassenrik-diplom-informatiker#primaryimage"},"thumbnailUrl":"http:\/\/www.ecambria-experts.de\/it-sachverstaendiger\/wp-content\/uploads\/2016\/01\/Viktor-Hassenrik-300x200.jpg","datePublished":"2015-09-25T10:08:39+00:00","dateModified":"2019-09-12T14:03:54+00:00","breadcrumb":{"@id":"https:\/\/www.ecambria-experts.de\/it-sachverstaendiger\/viktor-hassenrik-diplom-informatiker#breadcrumb"},"inLanguage":"de","potentialAction":[{"@type":"ReadAction","target":["https:\/\/www.ecambria-experts.de\/it-sachverstaendiger\/viktor-hassenrik-diplom-informatiker"]}]},{"@type":"ImageObject","inLanguage":"de","@id":"https:\/\/www.ecambria-experts.de\/it-sachverstaendiger\/viktor-hassenrik-diplom-informatiker#primaryimage","url":"http:\/\/www.ecambria-experts.de\/it-sachverstaendiger\/wp-content\/uploads\/2016\/01\/Viktor-Hassenrik-300x200.jpg","contentUrl":"http:\/\/www.ecambria-experts.de\/it-sachverstaendiger\/wp-content\/uploads\/2016\/01\/Viktor-Hassenrik-300x200.jpg"},{"@type":"BreadcrumbList","@id":"https:\/\/www.ecambria-experts.de\/it-sachverstaendiger\/viktor-hassenrik-diplom-informatiker#breadcrumb","itemListElement":[{"@type":"ListItem","position":1,"name":"Startseite","item":"https:\/\/www.ecambria-experts.de\/it-sachverstaendiger\/"},{"@type":"ListItem","position":2,"name":"Viktor Hassenrik (Diplom-Informatiker)"}]},{"@type":"WebSite","@id":"https:\/\/www.ecambria-experts.de\/it-sachverstaendiger\/#website","url":"https:\/\/www.ecambria-experts.de\/it-sachverstaendiger\/","name":"ecambria experts","description":"IT-Sachverst\u00e4ndige und Gutachter, Bewertung, Gerichtsgutachten, Privatgutachten, Schlichtung","publisher":{"@id":"https:\/\/www.ecambria-experts.de\/it-sachverstaendiger\/#organization"},"potentialAction":[{"@type":"SearchAction","target":{"@type":"EntryPoint","urlTemplate":"https:\/\/www.ecambria-experts.de\/it-sachverstaendiger\/?s={search_term_string}"},"query-input":{"@type":"PropertyValueSpecification","valueRequired":true,"valueName":"search_term_string"}}],"inLanguage":"de"},{"@type":"Organization","@id":"https:\/\/www.ecambria-experts.de\/it-sachverstaendiger\/#organization","name":"ecambria experts","url":"https:\/\/www.ecambria-experts.de\/it-sachverstaendiger\/","logo":{"@type":"ImageObject","inLanguage":"de","@id":"https:\/\/www.ecambria-experts.de\/it-sachverstaendiger\/#\/schema\/logo\/image\/","url":"https:\/\/www.ecambria-experts.de\/it-sachverstaendiger\/wp-content\/uploads\/2025\/09\/ecambria_experts_logo_ohne_rand.svg","contentUrl":"https:\/\/www.ecambria-experts.de\/it-sachverstaendiger\/wp-content\/uploads\/2025\/09\/ecambria_experts_logo_ohne_rand.svg","width":369,"height":60,"caption":"ecambria experts"},"image":{"@id":"https:\/\/www.ecambria-experts.de\/it-sachverstaendiger\/#\/schema\/logo\/image\/"}}]}},"_links":{"self":[{"href":"https:\/\/www.ecambria-experts.de\/it-sachverstaendiger\/wp-json\/wp\/v2\/pages\/483","targetHints":{"allow":["GET"]}}],"collection":[{"href":"https:\/\/www.ecambria-experts.de\/it-sachverstaendiger\/wp-json\/wp\/v2\/pages"}],"about":[{"href":"https:\/\/www.ecambria-experts.de\/it-sachverstaendiger\/wp-json\/wp\/v2\/types\/page"}],"author":[{"embeddable":true,"href":"https:\/\/www.ecambria-experts.de\/it-sachverstaendiger\/wp-json\/wp\/v2\/users\/1"}],"replies":[{"embeddable":true,"href":"https:\/\/www.ecambria-experts.de\/it-sachverstaendiger\/wp-json\/wp\/v2\/comments?post=483"}],"version-history":[{"count":9,"href":"https:\/\/www.ecambria-experts.de\/it-sachverstaendiger\/wp-json\/wp\/v2\/pages\/483\/revisions"}],"predecessor-version":[{"id":1386,"href":"https:\/\/www.ecambria-experts.de\/it-sachverstaendiger\/wp-json\/wp\/v2\/pages\/483\/revisions\/1386"}],"wp:attachment":[{"href":"https:\/\/www.ecambria-experts.de\/it-sachverstaendiger\/wp-json\/wp\/v2\/media?parent=483"}],"curies":[{"name":"wp","href":"https:\/\/api.w.org\/{rel}","templated":true}]}}