{"id":502,"date":"2015-12-06T19:42:42","date_gmt":"2015-12-06T18:42:42","guid":{"rendered":"http:\/\/www.ecambria-experts.de\/it-sachverstaendiger\/?page_id=502"},"modified":"2016-03-01T15:28:05","modified_gmt":"2016-03-01T14:28:05","slug":"privacy-by-design-2-0-datenschutz-als-softwarekomponente","status":"publish","type":"page","link":"https:\/\/www.ecambria-experts.de\/it-sachverstaendiger\/privacy-by-design-2-0-datenschutz-als-softwarekomponente","title":{"rendered":"Privacy by Design 2.0: Datenschutz als Softwarekomponente"},"content":{"rendered":"<p><em>Dr. Oliver Stiemerling:\u00a0<\/em><strong>Privacy by Design 2.0: Datenschutz als Softwarekomponente,<\/strong> Datenschutz PRAXIS 12\/2015, 14-16<\/p>\n<p><strong>Abstrakt<\/strong><\/p>\n<p>Das in diesem Beitrag vorgestellte Konzept zur Umsetzung von Privacy by Design basiert auf der fr\u00fchzeitigen Integration einer speziellen, datenschutzf\u00f6rderlichen Softwarekomponente in IT-Projekte.\u00a0Die Softwarekomponente ist darauf ausgelegt, alle technisch erfassbaren, datenschutzrelevanten Aspekte des Softwaresystems sowohl f\u00fcr die Programmierer als auch f\u00fcr den Datenschutzbeauftragten <em>w\u00e4hrend der Entwicklung<\/em> und <em>im laufenden Betrieb<\/em> transparent zu machen.<\/p>\n<p>Den vollst\u00e4ndigen Artikel erhalten Sie bei der <a href=\"https:\/\/www.datenschutz-praxis.de\/magazin\/datenschutz-praxis-1215\/\">WEKA<\/a>.<\/p>\n","protected":false},"excerpt":{"rendered":"<p>Dr. Oliver Stiemerling:\u00a0Privacy by Design 2.0: Datenschutz als Softwarekomponente, Datenschutz PRAXIS 12\/2015, 14-16 Abstrakt Das in diesem Beitrag vorgestellte Konzept zur Umsetzung von Privacy by Design basiert auf der fr\u00fchzeitigen Integration einer speziellen, datenschutzf\u00f6rderlichen Softwarekomponente in IT-Projekte.\u00a0Die Softwarekomponente ist darauf ausgelegt, alle technisch erfassbaren, datenschutzrelevanten Aspekte des Softwaresystems sowohl f\u00fcr&#8230;<\/p>\n","protected":false},"author":1,"featured_media":0,"parent":0,"menu_order":0,"comment_status":"closed","ping_status":"closed","template":"","meta":{"inline_featured_image":false,"footnotes":""},"class_list":["post-502","page","type-page","status-publish","hentry"],"yoast_head":"<!-- This site is optimized with the Yoast SEO plugin v25.4 - https:\/\/yoast.com\/wordpress\/plugins\/seo\/ -->\n<title>Privacy by Design 2.0: Datenschutz als Softwarekomponente - ecambria experts<\/title>\n<meta name=\"robots\" content=\"index, follow, max-snippet:-1, max-image-preview:large, max-video-preview:-1\" \/>\n<link rel=\"canonical\" href=\"https:\/\/www.ecambria-experts.de\/it-sachverstaendiger\/privacy-by-design-2-0-datenschutz-als-softwarekomponente\" \/>\n<meta property=\"og:locale\" content=\"de_DE\" \/>\n<meta property=\"og:type\" content=\"article\" \/>\n<meta property=\"og:title\" content=\"Privacy by Design 2.0: Datenschutz als Softwarekomponente - ecambria experts\" \/>\n<meta property=\"og:description\" content=\"Dr. Oliver Stiemerling:\u00a0Privacy by Design 2.0: Datenschutz als Softwarekomponente, Datenschutz PRAXIS 12\/2015, 14-16 Abstrakt Das in diesem Beitrag vorgestellte Konzept zur Umsetzung von Privacy by Design basiert auf der fr\u00fchzeitigen Integration einer speziellen, datenschutzf\u00f6rderlichen Softwarekomponente in IT-Projekte.\u00a0Die Softwarekomponente ist darauf ausgelegt, alle technisch erfassbaren, datenschutzrelevanten Aspekte des Softwaresystems sowohl f\u00fcr...\" \/>\n<meta property=\"og:url\" content=\"https:\/\/www.ecambria-experts.de\/it-sachverstaendiger\/privacy-by-design-2-0-datenschutz-als-softwarekomponente\" \/>\n<meta property=\"og:site_name\" content=\"ecambria experts\" \/>\n<meta property=\"article:modified_time\" content=\"2016-03-01T14:28:05+00:00\" \/>\n<meta name=\"twitter:card\" content=\"summary_large_image\" \/>\n<script type=\"application\/ld+json\" class=\"yoast-schema-graph\">{\"@context\":\"https:\/\/schema.org\",\"@graph\":[{\"@type\":\"WebPage\",\"@id\":\"https:\/\/www.ecambria-experts.de\/it-sachverstaendiger\/privacy-by-design-2-0-datenschutz-als-softwarekomponente\",\"url\":\"https:\/\/www.ecambria-experts.de\/it-sachverstaendiger\/privacy-by-design-2-0-datenschutz-als-softwarekomponente\",\"name\":\"Privacy by Design 2.0: Datenschutz als Softwarekomponente - ecambria experts\",\"isPartOf\":{\"@id\":\"https:\/\/www.ecambria-experts.de\/it-sachverstaendiger\/#website\"},\"datePublished\":\"2015-12-06T18:42:42+00:00\",\"dateModified\":\"2016-03-01T14:28:05+00:00\",\"breadcrumb\":{\"@id\":\"https:\/\/www.ecambria-experts.de\/it-sachverstaendiger\/privacy-by-design-2-0-datenschutz-als-softwarekomponente#breadcrumb\"},\"inLanguage\":\"de\",\"potentialAction\":[{\"@type\":\"ReadAction\",\"target\":[\"https:\/\/www.ecambria-experts.de\/it-sachverstaendiger\/privacy-by-design-2-0-datenschutz-als-softwarekomponente\"]}]},{\"@type\":\"BreadcrumbList\",\"@id\":\"https:\/\/www.ecambria-experts.de\/it-sachverstaendiger\/privacy-by-design-2-0-datenschutz-als-softwarekomponente#breadcrumb\",\"itemListElement\":[{\"@type\":\"ListItem\",\"position\":1,\"name\":\"Startseite\",\"item\":\"https:\/\/www.ecambria-experts.de\/it-sachverstaendiger\/\"},{\"@type\":\"ListItem\",\"position\":2,\"name\":\"Privacy by Design 2.0: Datenschutz als Softwarekomponente\"}]},{\"@type\":\"WebSite\",\"@id\":\"https:\/\/www.ecambria-experts.de\/it-sachverstaendiger\/#website\",\"url\":\"https:\/\/www.ecambria-experts.de\/it-sachverstaendiger\/\",\"name\":\"ecambria experts\",\"description\":\"IT-Sachverst\u00e4ndige und Gutachter, Bewertung, Gerichtsgutachten, Privatgutachten, Schlichtung\",\"publisher\":{\"@id\":\"https:\/\/www.ecambria-experts.de\/it-sachverstaendiger\/#organization\"},\"potentialAction\":[{\"@type\":\"SearchAction\",\"target\":{\"@type\":\"EntryPoint\",\"urlTemplate\":\"https:\/\/www.ecambria-experts.de\/it-sachverstaendiger\/?s={search_term_string}\"},\"query-input\":{\"@type\":\"PropertyValueSpecification\",\"valueRequired\":true,\"valueName\":\"search_term_string\"}}],\"inLanguage\":\"de\"},{\"@type\":\"Organization\",\"@id\":\"https:\/\/www.ecambria-experts.de\/it-sachverstaendiger\/#organization\",\"name\":\"ecambria experts\",\"url\":\"https:\/\/www.ecambria-experts.de\/it-sachverstaendiger\/\",\"logo\":{\"@type\":\"ImageObject\",\"inLanguage\":\"de\",\"@id\":\"https:\/\/www.ecambria-experts.de\/it-sachverstaendiger\/#\/schema\/logo\/image\/\",\"url\":\"https:\/\/www.ecambria-experts.de\/it-sachverstaendiger\/wp-content\/uploads\/2025\/09\/ecambria_experts_logo_ohne_rand.svg\",\"contentUrl\":\"https:\/\/www.ecambria-experts.de\/it-sachverstaendiger\/wp-content\/uploads\/2025\/09\/ecambria_experts_logo_ohne_rand.svg\",\"width\":369,\"height\":60,\"caption\":\"ecambria experts\"},\"image\":{\"@id\":\"https:\/\/www.ecambria-experts.de\/it-sachverstaendiger\/#\/schema\/logo\/image\/\"}}]}<\/script>\n<!-- \/ Yoast SEO plugin. -->","yoast_head_json":{"title":"Privacy by Design 2.0: Datenschutz als Softwarekomponente - ecambria experts","robots":{"index":"index","follow":"follow","max-snippet":"max-snippet:-1","max-image-preview":"max-image-preview:large","max-video-preview":"max-video-preview:-1"},"canonical":"https:\/\/www.ecambria-experts.de\/it-sachverstaendiger\/privacy-by-design-2-0-datenschutz-als-softwarekomponente","og_locale":"de_DE","og_type":"article","og_title":"Privacy by Design 2.0: Datenschutz als Softwarekomponente - ecambria experts","og_description":"Dr. Oliver Stiemerling:\u00a0Privacy by Design 2.0: Datenschutz als Softwarekomponente, Datenschutz PRAXIS 12\/2015, 14-16 Abstrakt Das in diesem Beitrag vorgestellte Konzept zur Umsetzung von Privacy by Design basiert auf der fr\u00fchzeitigen Integration einer speziellen, datenschutzf\u00f6rderlichen Softwarekomponente in IT-Projekte.\u00a0Die Softwarekomponente ist darauf ausgelegt, alle technisch erfassbaren, datenschutzrelevanten Aspekte des Softwaresystems sowohl f\u00fcr...","og_url":"https:\/\/www.ecambria-experts.de\/it-sachverstaendiger\/privacy-by-design-2-0-datenschutz-als-softwarekomponente","og_site_name":"ecambria experts","article_modified_time":"2016-03-01T14:28:05+00:00","twitter_card":"summary_large_image","schema":{"@context":"https:\/\/schema.org","@graph":[{"@type":"WebPage","@id":"https:\/\/www.ecambria-experts.de\/it-sachverstaendiger\/privacy-by-design-2-0-datenschutz-als-softwarekomponente","url":"https:\/\/www.ecambria-experts.de\/it-sachverstaendiger\/privacy-by-design-2-0-datenschutz-als-softwarekomponente","name":"Privacy by Design 2.0: Datenschutz als Softwarekomponente - ecambria experts","isPartOf":{"@id":"https:\/\/www.ecambria-experts.de\/it-sachverstaendiger\/#website"},"datePublished":"2015-12-06T18:42:42+00:00","dateModified":"2016-03-01T14:28:05+00:00","breadcrumb":{"@id":"https:\/\/www.ecambria-experts.de\/it-sachverstaendiger\/privacy-by-design-2-0-datenschutz-als-softwarekomponente#breadcrumb"},"inLanguage":"de","potentialAction":[{"@type":"ReadAction","target":["https:\/\/www.ecambria-experts.de\/it-sachverstaendiger\/privacy-by-design-2-0-datenschutz-als-softwarekomponente"]}]},{"@type":"BreadcrumbList","@id":"https:\/\/www.ecambria-experts.de\/it-sachverstaendiger\/privacy-by-design-2-0-datenschutz-als-softwarekomponente#breadcrumb","itemListElement":[{"@type":"ListItem","position":1,"name":"Startseite","item":"https:\/\/www.ecambria-experts.de\/it-sachverstaendiger\/"},{"@type":"ListItem","position":2,"name":"Privacy by Design 2.0: Datenschutz als Softwarekomponente"}]},{"@type":"WebSite","@id":"https:\/\/www.ecambria-experts.de\/it-sachverstaendiger\/#website","url":"https:\/\/www.ecambria-experts.de\/it-sachverstaendiger\/","name":"ecambria experts","description":"IT-Sachverst\u00e4ndige und Gutachter, Bewertung, Gerichtsgutachten, Privatgutachten, Schlichtung","publisher":{"@id":"https:\/\/www.ecambria-experts.de\/it-sachverstaendiger\/#organization"},"potentialAction":[{"@type":"SearchAction","target":{"@type":"EntryPoint","urlTemplate":"https:\/\/www.ecambria-experts.de\/it-sachverstaendiger\/?s={search_term_string}"},"query-input":{"@type":"PropertyValueSpecification","valueRequired":true,"valueName":"search_term_string"}}],"inLanguage":"de"},{"@type":"Organization","@id":"https:\/\/www.ecambria-experts.de\/it-sachverstaendiger\/#organization","name":"ecambria experts","url":"https:\/\/www.ecambria-experts.de\/it-sachverstaendiger\/","logo":{"@type":"ImageObject","inLanguage":"de","@id":"https:\/\/www.ecambria-experts.de\/it-sachverstaendiger\/#\/schema\/logo\/image\/","url":"https:\/\/www.ecambria-experts.de\/it-sachverstaendiger\/wp-content\/uploads\/2025\/09\/ecambria_experts_logo_ohne_rand.svg","contentUrl":"https:\/\/www.ecambria-experts.de\/it-sachverstaendiger\/wp-content\/uploads\/2025\/09\/ecambria_experts_logo_ohne_rand.svg","width":369,"height":60,"caption":"ecambria experts"},"image":{"@id":"https:\/\/www.ecambria-experts.de\/it-sachverstaendiger\/#\/schema\/logo\/image\/"}}]}},"_links":{"self":[{"href":"https:\/\/www.ecambria-experts.de\/it-sachverstaendiger\/wp-json\/wp\/v2\/pages\/502","targetHints":{"allow":["GET"]}}],"collection":[{"href":"https:\/\/www.ecambria-experts.de\/it-sachverstaendiger\/wp-json\/wp\/v2\/pages"}],"about":[{"href":"https:\/\/www.ecambria-experts.de\/it-sachverstaendiger\/wp-json\/wp\/v2\/types\/page"}],"author":[{"embeddable":true,"href":"https:\/\/www.ecambria-experts.de\/it-sachverstaendiger\/wp-json\/wp\/v2\/users\/1"}],"replies":[{"embeddable":true,"href":"https:\/\/www.ecambria-experts.de\/it-sachverstaendiger\/wp-json\/wp\/v2\/comments?post=502"}],"version-history":[{"count":6,"href":"https:\/\/www.ecambria-experts.de\/it-sachverstaendiger\/wp-json\/wp\/v2\/pages\/502\/revisions"}],"predecessor-version":[{"id":581,"href":"https:\/\/www.ecambria-experts.de\/it-sachverstaendiger\/wp-json\/wp\/v2\/pages\/502\/revisions\/581"}],"wp:attachment":[{"href":"https:\/\/www.ecambria-experts.de\/it-sachverstaendiger\/wp-json\/wp\/v2\/media?parent=502"}],"curies":[{"name":"wp","href":"https:\/\/api.w.org\/{rel}","templated":true}]}}