{"id":506,"date":"2015-12-15T10:53:19","date_gmt":"2015-12-15T09:53:19","guid":{"rendered":"http:\/\/www.ecambria-experts.de\/it-sachverstaendiger\/?page_id=506"},"modified":"2017-05-15T13:50:38","modified_gmt":"2017-05-15T12:50:38","slug":"kuenstliche-intelligenz-automatisierung-geistiger-arbeit-big-data-und-das-internet-der-dinge","status":"publish","type":"page","link":"https:\/\/www.ecambria-experts.de\/it-sachverstaendiger\/kuenstliche-intelligenz-automatisierung-geistiger-arbeit-big-data-und-das-internet-der-dinge","title":{"rendered":"K\u00fcnstliche Intelligenz \u2013 Automatisierung geistiger Arbeit, Big Data und das Internet der Dinge"},"content":{"rendered":"<p><em>Stiemerling, Oliver<\/em>: <strong>K\u00fcnstliche Intelligenz \u2013 Automatisierung geistiger Arbeit, Big Data und das Internet der Dinge,<\/strong> CR 2015, 762-765<\/p>\n<p><strong>Abstrakt<\/strong><\/p>\n<p>Der Beitrag unterscheidet zun\u00e4chst die vier unterschiedlichen Bereiche \u201ek\u00fcnstlicher Intelligenz\u201c in der Informatik (I.) und beschreibt sodann deren Methoden, aktuelle Leistungsf\u00e4higkeit und deren konkrete Anwendungsm\u00f6glichkeiten: Mustererkennung (II.), maschinelles Lernen (III.), Expertensysteme (IV.) und maschinelles Planen und Handeln (V.).<\/p>\n<p>K\u00fcnstliche Intelligenz (KI<a href=\"#_ftn1\" name=\"_ftnref1\">[1]<\/a>) ist ein recht ungl\u00fccklich benanntes Teilgebiet der Informatik, dessen konkrete Forschungsergebnisse schon aufgrund seines ambitionierten Titels oft nicht ernst genommen werden &#8211; dies allerdings vollkommen zu Unrecht, da die in diesem Bereich entwickelten Basistechnologien bereits angefangen haben, ihre disruptive Wirkung zu entfalten und massiven Einfluss auf Lebens- und Arbeitswelten zu nehmen. Viele Anwendungen, die heute unter griffigen Schlagworten wie \u201eBig Data\u201c, \u201eInternet der Dinge\u201c, \u201eIndustrie 4.0\u201c und \u201eAutomation\u201c vermarktet werden, basieren auf Technologien aus diesem Bereich der Informatik oder multiplizieren deren Effekt. Insbesondere gro\u00dfe Datenbest\u00e4nde, ggf. generiert aus Sensoren von im Internet der Dinge vernetzten Alltagsger\u00e4ten zusammen mit den enorm gestiegenen Rechen- und Speicherleistungen erm\u00f6glichen erstaunliche Anwendungen der KI.<\/p>\n<p>Der vollst\u00e4ndige Beitrag ist beim <a title=\"CR 12\/2015\" href=\"http:\/\/www.cr-online.de\/42748.htm\" target=\"_blank\">Otto-Schmidt-Verlag<\/a> in K\u00f6ln erh\u00e4ltlich.<\/p>\n<p><a href=\"#_ftnref1\" name=\"_ftn1\">[1]<\/a> Englisch AI f\u00fcr artifical intelligence.<\/p>\n","protected":false},"excerpt":{"rendered":"<p>Stiemerling, Oliver: K\u00fcnstliche Intelligenz \u2013 Automatisierung geistiger Arbeit, Big Data und das Internet der Dinge, CR 2015, 762-765 Abstrakt Der Beitrag unterscheidet zun\u00e4chst die vier unterschiedlichen Bereiche \u201ek\u00fcnstlicher Intelligenz\u201c in der Informatik (I.) und beschreibt sodann deren Methoden, aktuelle Leistungsf\u00e4higkeit und deren konkrete Anwendungsm\u00f6glichkeiten: Mustererkennung (II.), maschinelles Lernen (III.), Expertensysteme&#8230;<\/p>\n","protected":false},"author":1,"featured_media":0,"parent":0,"menu_order":0,"comment_status":"closed","ping_status":"closed","template":"","meta":{"inline_featured_image":false,"footnotes":""},"class_list":["post-506","page","type-page","status-publish","hentry"],"yoast_head":"<!-- This site is optimized with the Yoast SEO plugin v25.4 - https:\/\/yoast.com\/wordpress\/plugins\/seo\/ -->\n<title>K\u00fcnstliche Intelligenz \u2013 Automatisierung geistiger Arbeit, Big Data und das Internet der Dinge<\/title>\n<meta name=\"description\" content=\"Der Beitrag unterscheidet vier unterschiedlichen Bereiche \u201ek\u00fcnstlicher Intelligenz\u201c in der Informatik und beschreibt deren Methoden und Leistungsf\u00e4higkeit.\" \/>\n<meta name=\"robots\" content=\"index, follow, max-snippet:-1, max-image-preview:large, max-video-preview:-1\" \/>\n<link rel=\"canonical\" href=\"https:\/\/www.ecambria-experts.de\/it-sachverstaendiger\/kuenstliche-intelligenz-automatisierung-geistiger-arbeit-big-data-und-das-internet-der-dinge\" \/>\n<meta property=\"og:locale\" content=\"de_DE\" \/>\n<meta property=\"og:type\" content=\"article\" \/>\n<meta property=\"og:title\" content=\"K\u00fcnstliche Intelligenz \u2013 Automatisierung geistiger Arbeit, Big Data und das Internet der Dinge\" \/>\n<meta property=\"og:description\" content=\"Der Beitrag unterscheidet vier unterschiedlichen Bereiche \u201ek\u00fcnstlicher Intelligenz\u201c in der Informatik und beschreibt deren Methoden und Leistungsf\u00e4higkeit.\" \/>\n<meta property=\"og:url\" content=\"https:\/\/www.ecambria-experts.de\/it-sachverstaendiger\/kuenstliche-intelligenz-automatisierung-geistiger-arbeit-big-data-und-das-internet-der-dinge\" \/>\n<meta property=\"og:site_name\" content=\"ecambria experts\" \/>\n<meta property=\"article:modified_time\" content=\"2017-05-15T12:50:38+00:00\" \/>\n<meta name=\"twitter:card\" content=\"summary_large_image\" \/>\n<meta name=\"twitter:label1\" content=\"Gesch\u00e4tzte Lesezeit\" \/>\n\t<meta name=\"twitter:data1\" content=\"1\u00a0Minute\" \/>\n<script type=\"application\/ld+json\" class=\"yoast-schema-graph\">{\"@context\":\"https:\/\/schema.org\",\"@graph\":[{\"@type\":\"WebPage\",\"@id\":\"https:\/\/www.ecambria-experts.de\/it-sachverstaendiger\/kuenstliche-intelligenz-automatisierung-geistiger-arbeit-big-data-und-das-internet-der-dinge\",\"url\":\"https:\/\/www.ecambria-experts.de\/it-sachverstaendiger\/kuenstliche-intelligenz-automatisierung-geistiger-arbeit-big-data-und-das-internet-der-dinge\",\"name\":\"K\u00fcnstliche Intelligenz \u2013 Automatisierung geistiger Arbeit, Big Data und das Internet der Dinge\",\"isPartOf\":{\"@id\":\"https:\/\/www.ecambria-experts.de\/it-sachverstaendiger\/#website\"},\"datePublished\":\"2015-12-15T09:53:19+00:00\",\"dateModified\":\"2017-05-15T12:50:38+00:00\",\"description\":\"Der Beitrag unterscheidet vier unterschiedlichen Bereiche \u201ek\u00fcnstlicher Intelligenz\u201c in der Informatik und beschreibt deren Methoden und Leistungsf\u00e4higkeit.\",\"breadcrumb\":{\"@id\":\"https:\/\/www.ecambria-experts.de\/it-sachverstaendiger\/kuenstliche-intelligenz-automatisierung-geistiger-arbeit-big-data-und-das-internet-der-dinge#breadcrumb\"},\"inLanguage\":\"de\",\"potentialAction\":[{\"@type\":\"ReadAction\",\"target\":[\"https:\/\/www.ecambria-experts.de\/it-sachverstaendiger\/kuenstliche-intelligenz-automatisierung-geistiger-arbeit-big-data-und-das-internet-der-dinge\"]}]},{\"@type\":\"BreadcrumbList\",\"@id\":\"https:\/\/www.ecambria-experts.de\/it-sachverstaendiger\/kuenstliche-intelligenz-automatisierung-geistiger-arbeit-big-data-und-das-internet-der-dinge#breadcrumb\",\"itemListElement\":[{\"@type\":\"ListItem\",\"position\":1,\"name\":\"Startseite\",\"item\":\"https:\/\/www.ecambria-experts.de\/it-sachverstaendiger\/\"},{\"@type\":\"ListItem\",\"position\":2,\"name\":\"K\u00fcnstliche Intelligenz \u2013 Automatisierung geistiger Arbeit, Big Data und das Internet der Dinge\"}]},{\"@type\":\"WebSite\",\"@id\":\"https:\/\/www.ecambria-experts.de\/it-sachverstaendiger\/#website\",\"url\":\"https:\/\/www.ecambria-experts.de\/it-sachverstaendiger\/\",\"name\":\"ecambria experts\",\"description\":\"IT-Sachverst\u00e4ndige und Gutachter, Bewertung, Gerichtsgutachten, Privatgutachten, Schlichtung\",\"publisher\":{\"@id\":\"https:\/\/www.ecambria-experts.de\/it-sachverstaendiger\/#organization\"},\"potentialAction\":[{\"@type\":\"SearchAction\",\"target\":{\"@type\":\"EntryPoint\",\"urlTemplate\":\"https:\/\/www.ecambria-experts.de\/it-sachverstaendiger\/?s={search_term_string}\"},\"query-input\":{\"@type\":\"PropertyValueSpecification\",\"valueRequired\":true,\"valueName\":\"search_term_string\"}}],\"inLanguage\":\"de\"},{\"@type\":\"Organization\",\"@id\":\"https:\/\/www.ecambria-experts.de\/it-sachverstaendiger\/#organization\",\"name\":\"ecambria experts\",\"url\":\"https:\/\/www.ecambria-experts.de\/it-sachverstaendiger\/\",\"logo\":{\"@type\":\"ImageObject\",\"inLanguage\":\"de\",\"@id\":\"https:\/\/www.ecambria-experts.de\/it-sachverstaendiger\/#\/schema\/logo\/image\/\",\"url\":\"https:\/\/www.ecambria-experts.de\/it-sachverstaendiger\/wp-content\/uploads\/2025\/09\/ecambria_experts_logo_ohne_rand.svg\",\"contentUrl\":\"https:\/\/www.ecambria-experts.de\/it-sachverstaendiger\/wp-content\/uploads\/2025\/09\/ecambria_experts_logo_ohne_rand.svg\",\"width\":369,\"height\":60,\"caption\":\"ecambria experts\"},\"image\":{\"@id\":\"https:\/\/www.ecambria-experts.de\/it-sachverstaendiger\/#\/schema\/logo\/image\/\"}}]}<\/script>\n<!-- \/ Yoast SEO plugin. -->","yoast_head_json":{"title":"K\u00fcnstliche Intelligenz \u2013 Automatisierung geistiger Arbeit, Big Data und das Internet der Dinge","description":"Der Beitrag unterscheidet vier unterschiedlichen Bereiche \u201ek\u00fcnstlicher Intelligenz\u201c in der Informatik und beschreibt deren Methoden und Leistungsf\u00e4higkeit.","robots":{"index":"index","follow":"follow","max-snippet":"max-snippet:-1","max-image-preview":"max-image-preview:large","max-video-preview":"max-video-preview:-1"},"canonical":"https:\/\/www.ecambria-experts.de\/it-sachverstaendiger\/kuenstliche-intelligenz-automatisierung-geistiger-arbeit-big-data-und-das-internet-der-dinge","og_locale":"de_DE","og_type":"article","og_title":"K\u00fcnstliche Intelligenz \u2013 Automatisierung geistiger Arbeit, Big Data und das Internet der Dinge","og_description":"Der Beitrag unterscheidet vier unterschiedlichen Bereiche \u201ek\u00fcnstlicher Intelligenz\u201c in der Informatik und beschreibt deren Methoden und Leistungsf\u00e4higkeit.","og_url":"https:\/\/www.ecambria-experts.de\/it-sachverstaendiger\/kuenstliche-intelligenz-automatisierung-geistiger-arbeit-big-data-und-das-internet-der-dinge","og_site_name":"ecambria experts","article_modified_time":"2017-05-15T12:50:38+00:00","twitter_card":"summary_large_image","twitter_misc":{"Gesch\u00e4tzte Lesezeit":"1\u00a0Minute"},"schema":{"@context":"https:\/\/schema.org","@graph":[{"@type":"WebPage","@id":"https:\/\/www.ecambria-experts.de\/it-sachverstaendiger\/kuenstliche-intelligenz-automatisierung-geistiger-arbeit-big-data-und-das-internet-der-dinge","url":"https:\/\/www.ecambria-experts.de\/it-sachverstaendiger\/kuenstliche-intelligenz-automatisierung-geistiger-arbeit-big-data-und-das-internet-der-dinge","name":"K\u00fcnstliche Intelligenz \u2013 Automatisierung geistiger Arbeit, Big Data und das Internet der Dinge","isPartOf":{"@id":"https:\/\/www.ecambria-experts.de\/it-sachverstaendiger\/#website"},"datePublished":"2015-12-15T09:53:19+00:00","dateModified":"2017-05-15T12:50:38+00:00","description":"Der Beitrag unterscheidet vier unterschiedlichen Bereiche \u201ek\u00fcnstlicher Intelligenz\u201c in der Informatik und beschreibt deren Methoden und Leistungsf\u00e4higkeit.","breadcrumb":{"@id":"https:\/\/www.ecambria-experts.de\/it-sachverstaendiger\/kuenstliche-intelligenz-automatisierung-geistiger-arbeit-big-data-und-das-internet-der-dinge#breadcrumb"},"inLanguage":"de","potentialAction":[{"@type":"ReadAction","target":["https:\/\/www.ecambria-experts.de\/it-sachverstaendiger\/kuenstliche-intelligenz-automatisierung-geistiger-arbeit-big-data-und-das-internet-der-dinge"]}]},{"@type":"BreadcrumbList","@id":"https:\/\/www.ecambria-experts.de\/it-sachverstaendiger\/kuenstliche-intelligenz-automatisierung-geistiger-arbeit-big-data-und-das-internet-der-dinge#breadcrumb","itemListElement":[{"@type":"ListItem","position":1,"name":"Startseite","item":"https:\/\/www.ecambria-experts.de\/it-sachverstaendiger\/"},{"@type":"ListItem","position":2,"name":"K\u00fcnstliche Intelligenz \u2013 Automatisierung geistiger Arbeit, Big Data und das Internet der Dinge"}]},{"@type":"WebSite","@id":"https:\/\/www.ecambria-experts.de\/it-sachverstaendiger\/#website","url":"https:\/\/www.ecambria-experts.de\/it-sachverstaendiger\/","name":"ecambria experts","description":"IT-Sachverst\u00e4ndige und Gutachter, Bewertung, Gerichtsgutachten, Privatgutachten, Schlichtung","publisher":{"@id":"https:\/\/www.ecambria-experts.de\/it-sachverstaendiger\/#organization"},"potentialAction":[{"@type":"SearchAction","target":{"@type":"EntryPoint","urlTemplate":"https:\/\/www.ecambria-experts.de\/it-sachverstaendiger\/?s={search_term_string}"},"query-input":{"@type":"PropertyValueSpecification","valueRequired":true,"valueName":"search_term_string"}}],"inLanguage":"de"},{"@type":"Organization","@id":"https:\/\/www.ecambria-experts.de\/it-sachverstaendiger\/#organization","name":"ecambria experts","url":"https:\/\/www.ecambria-experts.de\/it-sachverstaendiger\/","logo":{"@type":"ImageObject","inLanguage":"de","@id":"https:\/\/www.ecambria-experts.de\/it-sachverstaendiger\/#\/schema\/logo\/image\/","url":"https:\/\/www.ecambria-experts.de\/it-sachverstaendiger\/wp-content\/uploads\/2025\/09\/ecambria_experts_logo_ohne_rand.svg","contentUrl":"https:\/\/www.ecambria-experts.de\/it-sachverstaendiger\/wp-content\/uploads\/2025\/09\/ecambria_experts_logo_ohne_rand.svg","width":369,"height":60,"caption":"ecambria experts"},"image":{"@id":"https:\/\/www.ecambria-experts.de\/it-sachverstaendiger\/#\/schema\/logo\/image\/"}}]}},"_links":{"self":[{"href":"https:\/\/www.ecambria-experts.de\/it-sachverstaendiger\/wp-json\/wp\/v2\/pages\/506","targetHints":{"allow":["GET"]}}],"collection":[{"href":"https:\/\/www.ecambria-experts.de\/it-sachverstaendiger\/wp-json\/wp\/v2\/pages"}],"about":[{"href":"https:\/\/www.ecambria-experts.de\/it-sachverstaendiger\/wp-json\/wp\/v2\/types\/page"}],"author":[{"embeddable":true,"href":"https:\/\/www.ecambria-experts.de\/it-sachverstaendiger\/wp-json\/wp\/v2\/users\/1"}],"replies":[{"embeddable":true,"href":"https:\/\/www.ecambria-experts.de\/it-sachverstaendiger\/wp-json\/wp\/v2\/comments?post=506"}],"version-history":[{"count":5,"href":"https:\/\/www.ecambria-experts.de\/it-sachverstaendiger\/wp-json\/wp\/v2\/pages\/506\/revisions"}],"predecessor-version":[{"id":583,"href":"https:\/\/www.ecambria-experts.de\/it-sachverstaendiger\/wp-json\/wp\/v2\/pages\/506\/revisions\/583"}],"wp:attachment":[{"href":"https:\/\/www.ecambria-experts.de\/it-sachverstaendiger\/wp-json\/wp\/v2\/media?parent=506"}],"curies":[{"name":"wp","href":"https:\/\/api.w.org\/{rel}","templated":true}]}}