{"id":548,"date":"2016-02-17T16:16:38","date_gmt":"2016-02-17T15:16:38","guid":{"rendered":"http:\/\/www.ecambria-experts.de\/it-sachverstaendiger\/?page_id=548"},"modified":"2016-11-21T15:12:50","modified_gmt":"2016-11-21T14:12:50","slug":"arbeitnehmerdatenschutz-forensische-untersuchung-von-mitarbeiter-pcs-mobilgeraeten-und-servern","status":"publish","type":"page","link":"https:\/\/www.ecambria-experts.de\/it-sachverstaendiger\/arbeitnehmerdatenschutz-forensische-untersuchung-von-mitarbeiter-pcs-mobilgeraeten-und-servern","title":{"rendered":"Arbeitnehmerdatenschutz: Forensische Untersuchung von Mitarbeiter-PCs"},"content":{"rendered":"<p><em>Werxhausen, Volker \/ Stiemerling, Oliver:\u00a0<\/em><strong>Arbeitnehmerdatenschutz: Forensische Untersuchung von Mitarbeiter-PCs, Mobilger\u00e4ten und Servern<\/strong>, Datenschutz-PRAXIS 02\/2016, 8-12<\/p>\n<h4><strong>Abstrakt<\/strong><\/h4>\n<p>Die Computer-Forensik deckt kriminelle Handlungen auf. Die forensische Untersuchung<br \/>\nvon Computern und Mobilger\u00e4ten eines Arbeitnehmers kann daher eine<br \/>\nenorme Menge personenbezogener Informationen zutage f\u00f6rdern. Der Beitrag<br \/>\nzeigt die technischen M\u00f6glichkeiten, dann die rechtlichen Fallkonstellationen und<br \/>\nschlie\u00dft mit konkreten Hinweisen, wie sich ein Datenschutzbeauftragter bei einer<br \/>\nsolchen Untersuchung am besten verh\u00e4lt.<\/p>\n<p>Den vollst\u00e4ndigen Artikel\u00a0erhalten Sie bei der\u00a0<a href=\"https:\/\/www.datenschutz-praxis.de\/magazin\/\">WEKA Datenschutz PRAXIS.<\/a><\/p>\n","protected":false},"excerpt":{"rendered":"<p>Werxhausen, Volker \/ Stiemerling, Oliver:\u00a0Arbeitnehmerdatenschutz: Forensische Untersuchung von Mitarbeiter-PCs, Mobilger\u00e4ten und Servern, Datenschutz-PRAXIS 02\/2016, 8-12 Abstrakt Die Computer-Forensik deckt kriminelle Handlungen auf. Die forensische Untersuchung von Computern und Mobilger\u00e4ten eines Arbeitnehmers kann daher eine enorme Menge personenbezogener Informationen zutage f\u00f6rdern. Der Beitrag zeigt die technischen M\u00f6glichkeiten, dann die rechtlichen Fallkonstellationen&#8230;<\/p>\n","protected":false},"author":11,"featured_media":0,"parent":0,"menu_order":0,"comment_status":"closed","ping_status":"closed","template":"","meta":{"inline_featured_image":false,"footnotes":""},"class_list":["post-548","page","type-page","status-publish","hentry"],"yoast_head":"<!-- This site is optimized with the Yoast SEO plugin v25.4 - https:\/\/yoast.com\/wordpress\/plugins\/seo\/ -->\n<title>Arbeitnehmerdatenschutz: Forensische Untersuchung von Mitarbeiter-PCs - ecambria experts<\/title>\n<meta name=\"description\" content=\"Artikel zum Thema Arbeitnehmerdatenschutz und der forensischen Untersuchung von PCs, Datentr\u00e4gern und Mobilger\u00e4ten im betrieblichen Umfeld.\" \/>\n<meta name=\"robots\" content=\"index, follow, max-snippet:-1, max-image-preview:large, max-video-preview:-1\" \/>\n<link rel=\"canonical\" href=\"https:\/\/www.ecambria-experts.de\/it-sachverstaendiger\/arbeitnehmerdatenschutz-forensische-untersuchung-von-mitarbeiter-pcs-mobilgeraeten-und-servern\" \/>\n<meta property=\"og:locale\" content=\"de_DE\" \/>\n<meta property=\"og:type\" content=\"article\" \/>\n<meta property=\"og:title\" content=\"Arbeitnehmerdatenschutz: Forensische Untersuchung von Mitarbeiter-PCs - ecambria experts\" \/>\n<meta property=\"og:description\" content=\"Artikel zum Thema Arbeitnehmerdatenschutz und der forensischen Untersuchung von PCs, Datentr\u00e4gern und Mobilger\u00e4ten im betrieblichen Umfeld.\" \/>\n<meta property=\"og:url\" content=\"https:\/\/www.ecambria-experts.de\/it-sachverstaendiger\/arbeitnehmerdatenschutz-forensische-untersuchung-von-mitarbeiter-pcs-mobilgeraeten-und-servern\" \/>\n<meta property=\"og:site_name\" content=\"ecambria experts\" \/>\n<meta property=\"article:modified_time\" content=\"2016-11-21T14:12:50+00:00\" \/>\n<meta name=\"twitter:card\" content=\"summary_large_image\" \/>\n<script type=\"application\/ld+json\" class=\"yoast-schema-graph\">{\"@context\":\"https:\/\/schema.org\",\"@graph\":[{\"@type\":\"WebPage\",\"@id\":\"https:\/\/www.ecambria-experts.de\/it-sachverstaendiger\/arbeitnehmerdatenschutz-forensische-untersuchung-von-mitarbeiter-pcs-mobilgeraeten-und-servern\",\"url\":\"https:\/\/www.ecambria-experts.de\/it-sachverstaendiger\/arbeitnehmerdatenschutz-forensische-untersuchung-von-mitarbeiter-pcs-mobilgeraeten-und-servern\",\"name\":\"Arbeitnehmerdatenschutz: Forensische Untersuchung von Mitarbeiter-PCs - ecambria experts\",\"isPartOf\":{\"@id\":\"https:\/\/www.ecambria-experts.de\/it-sachverstaendiger\/#website\"},\"datePublished\":\"2016-02-17T15:16:38+00:00\",\"dateModified\":\"2016-11-21T14:12:50+00:00\",\"description\":\"Artikel zum Thema Arbeitnehmerdatenschutz und der forensischen Untersuchung von PCs, Datentr\u00e4gern und Mobilger\u00e4ten im betrieblichen Umfeld.\",\"breadcrumb\":{\"@id\":\"https:\/\/www.ecambria-experts.de\/it-sachverstaendiger\/arbeitnehmerdatenschutz-forensische-untersuchung-von-mitarbeiter-pcs-mobilgeraeten-und-servern#breadcrumb\"},\"inLanguage\":\"de\",\"potentialAction\":[{\"@type\":\"ReadAction\",\"target\":[\"https:\/\/www.ecambria-experts.de\/it-sachverstaendiger\/arbeitnehmerdatenschutz-forensische-untersuchung-von-mitarbeiter-pcs-mobilgeraeten-und-servern\"]}]},{\"@type\":\"BreadcrumbList\",\"@id\":\"https:\/\/www.ecambria-experts.de\/it-sachverstaendiger\/arbeitnehmerdatenschutz-forensische-untersuchung-von-mitarbeiter-pcs-mobilgeraeten-und-servern#breadcrumb\",\"itemListElement\":[{\"@type\":\"ListItem\",\"position\":1,\"name\":\"Startseite\",\"item\":\"https:\/\/www.ecambria-experts.de\/it-sachverstaendiger\/\"},{\"@type\":\"ListItem\",\"position\":2,\"name\":\"Arbeitnehmerdatenschutz: Forensische Untersuchung von Mitarbeiter-PCs\"}]},{\"@type\":\"WebSite\",\"@id\":\"https:\/\/www.ecambria-experts.de\/it-sachverstaendiger\/#website\",\"url\":\"https:\/\/www.ecambria-experts.de\/it-sachverstaendiger\/\",\"name\":\"ecambria experts\",\"description\":\"IT-Sachverst\u00e4ndige und Gutachter, Bewertung, Gerichtsgutachten, Privatgutachten, Schlichtung\",\"publisher\":{\"@id\":\"https:\/\/www.ecambria-experts.de\/it-sachverstaendiger\/#organization\"},\"potentialAction\":[{\"@type\":\"SearchAction\",\"target\":{\"@type\":\"EntryPoint\",\"urlTemplate\":\"https:\/\/www.ecambria-experts.de\/it-sachverstaendiger\/?s={search_term_string}\"},\"query-input\":{\"@type\":\"PropertyValueSpecification\",\"valueRequired\":true,\"valueName\":\"search_term_string\"}}],\"inLanguage\":\"de\"},{\"@type\":\"Organization\",\"@id\":\"https:\/\/www.ecambria-experts.de\/it-sachverstaendiger\/#organization\",\"name\":\"ecambria experts\",\"url\":\"https:\/\/www.ecambria-experts.de\/it-sachverstaendiger\/\",\"logo\":{\"@type\":\"ImageObject\",\"inLanguage\":\"de\",\"@id\":\"https:\/\/www.ecambria-experts.de\/it-sachverstaendiger\/#\/schema\/logo\/image\/\",\"url\":\"https:\/\/www.ecambria-experts.de\/it-sachverstaendiger\/wp-content\/uploads\/2025\/09\/ecambria_experts_logo_ohne_rand.svg\",\"contentUrl\":\"https:\/\/www.ecambria-experts.de\/it-sachverstaendiger\/wp-content\/uploads\/2025\/09\/ecambria_experts_logo_ohne_rand.svg\",\"width\":369,\"height\":60,\"caption\":\"ecambria experts\"},\"image\":{\"@id\":\"https:\/\/www.ecambria-experts.de\/it-sachverstaendiger\/#\/schema\/logo\/image\/\"}}]}<\/script>\n<!-- \/ Yoast SEO plugin. -->","yoast_head_json":{"title":"Arbeitnehmerdatenschutz: Forensische Untersuchung von Mitarbeiter-PCs - ecambria experts","description":"Artikel zum Thema Arbeitnehmerdatenschutz und der forensischen Untersuchung von PCs, Datentr\u00e4gern und Mobilger\u00e4ten im betrieblichen Umfeld.","robots":{"index":"index","follow":"follow","max-snippet":"max-snippet:-1","max-image-preview":"max-image-preview:large","max-video-preview":"max-video-preview:-1"},"canonical":"https:\/\/www.ecambria-experts.de\/it-sachverstaendiger\/arbeitnehmerdatenschutz-forensische-untersuchung-von-mitarbeiter-pcs-mobilgeraeten-und-servern","og_locale":"de_DE","og_type":"article","og_title":"Arbeitnehmerdatenschutz: Forensische Untersuchung von Mitarbeiter-PCs - ecambria experts","og_description":"Artikel zum Thema Arbeitnehmerdatenschutz und der forensischen Untersuchung von PCs, Datentr\u00e4gern und Mobilger\u00e4ten im betrieblichen Umfeld.","og_url":"https:\/\/www.ecambria-experts.de\/it-sachverstaendiger\/arbeitnehmerdatenschutz-forensische-untersuchung-von-mitarbeiter-pcs-mobilgeraeten-und-servern","og_site_name":"ecambria experts","article_modified_time":"2016-11-21T14:12:50+00:00","twitter_card":"summary_large_image","schema":{"@context":"https:\/\/schema.org","@graph":[{"@type":"WebPage","@id":"https:\/\/www.ecambria-experts.de\/it-sachverstaendiger\/arbeitnehmerdatenschutz-forensische-untersuchung-von-mitarbeiter-pcs-mobilgeraeten-und-servern","url":"https:\/\/www.ecambria-experts.de\/it-sachverstaendiger\/arbeitnehmerdatenschutz-forensische-untersuchung-von-mitarbeiter-pcs-mobilgeraeten-und-servern","name":"Arbeitnehmerdatenschutz: Forensische Untersuchung von Mitarbeiter-PCs - ecambria experts","isPartOf":{"@id":"https:\/\/www.ecambria-experts.de\/it-sachverstaendiger\/#website"},"datePublished":"2016-02-17T15:16:38+00:00","dateModified":"2016-11-21T14:12:50+00:00","description":"Artikel zum Thema Arbeitnehmerdatenschutz und der forensischen Untersuchung von PCs, Datentr\u00e4gern und Mobilger\u00e4ten im betrieblichen Umfeld.","breadcrumb":{"@id":"https:\/\/www.ecambria-experts.de\/it-sachverstaendiger\/arbeitnehmerdatenschutz-forensische-untersuchung-von-mitarbeiter-pcs-mobilgeraeten-und-servern#breadcrumb"},"inLanguage":"de","potentialAction":[{"@type":"ReadAction","target":["https:\/\/www.ecambria-experts.de\/it-sachverstaendiger\/arbeitnehmerdatenschutz-forensische-untersuchung-von-mitarbeiter-pcs-mobilgeraeten-und-servern"]}]},{"@type":"BreadcrumbList","@id":"https:\/\/www.ecambria-experts.de\/it-sachverstaendiger\/arbeitnehmerdatenschutz-forensische-untersuchung-von-mitarbeiter-pcs-mobilgeraeten-und-servern#breadcrumb","itemListElement":[{"@type":"ListItem","position":1,"name":"Startseite","item":"https:\/\/www.ecambria-experts.de\/it-sachverstaendiger\/"},{"@type":"ListItem","position":2,"name":"Arbeitnehmerdatenschutz: Forensische Untersuchung von Mitarbeiter-PCs"}]},{"@type":"WebSite","@id":"https:\/\/www.ecambria-experts.de\/it-sachverstaendiger\/#website","url":"https:\/\/www.ecambria-experts.de\/it-sachverstaendiger\/","name":"ecambria experts","description":"IT-Sachverst\u00e4ndige und Gutachter, Bewertung, Gerichtsgutachten, Privatgutachten, Schlichtung","publisher":{"@id":"https:\/\/www.ecambria-experts.de\/it-sachverstaendiger\/#organization"},"potentialAction":[{"@type":"SearchAction","target":{"@type":"EntryPoint","urlTemplate":"https:\/\/www.ecambria-experts.de\/it-sachverstaendiger\/?s={search_term_string}"},"query-input":{"@type":"PropertyValueSpecification","valueRequired":true,"valueName":"search_term_string"}}],"inLanguage":"de"},{"@type":"Organization","@id":"https:\/\/www.ecambria-experts.de\/it-sachverstaendiger\/#organization","name":"ecambria experts","url":"https:\/\/www.ecambria-experts.de\/it-sachverstaendiger\/","logo":{"@type":"ImageObject","inLanguage":"de","@id":"https:\/\/www.ecambria-experts.de\/it-sachverstaendiger\/#\/schema\/logo\/image\/","url":"https:\/\/www.ecambria-experts.de\/it-sachverstaendiger\/wp-content\/uploads\/2025\/09\/ecambria_experts_logo_ohne_rand.svg","contentUrl":"https:\/\/www.ecambria-experts.de\/it-sachverstaendiger\/wp-content\/uploads\/2025\/09\/ecambria_experts_logo_ohne_rand.svg","width":369,"height":60,"caption":"ecambria experts"},"image":{"@id":"https:\/\/www.ecambria-experts.de\/it-sachverstaendiger\/#\/schema\/logo\/image\/"}}]}},"_links":{"self":[{"href":"https:\/\/www.ecambria-experts.de\/it-sachverstaendiger\/wp-json\/wp\/v2\/pages\/548","targetHints":{"allow":["GET"]}}],"collection":[{"href":"https:\/\/www.ecambria-experts.de\/it-sachverstaendiger\/wp-json\/wp\/v2\/pages"}],"about":[{"href":"https:\/\/www.ecambria-experts.de\/it-sachverstaendiger\/wp-json\/wp\/v2\/types\/page"}],"author":[{"embeddable":true,"href":"https:\/\/www.ecambria-experts.de\/it-sachverstaendiger\/wp-json\/wp\/v2\/users\/11"}],"replies":[{"embeddable":true,"href":"https:\/\/www.ecambria-experts.de\/it-sachverstaendiger\/wp-json\/wp\/v2\/comments?post=548"}],"version-history":[{"count":13,"href":"https:\/\/www.ecambria-experts.de\/it-sachverstaendiger\/wp-json\/wp\/v2\/pages\/548\/revisions"}],"predecessor-version":[{"id":790,"href":"https:\/\/www.ecambria-experts.de\/it-sachverstaendiger\/wp-json\/wp\/v2\/pages\/548\/revisions\/790"}],"wp:attachment":[{"href":"https:\/\/www.ecambria-experts.de\/it-sachverstaendiger\/wp-json\/wp\/v2\/media?parent=548"}],"curies":[{"name":"wp","href":"https:\/\/api.w.org\/{rel}","templated":true}]}}