{"id":63,"date":"2014-12-19T18:54:11","date_gmt":"2014-12-19T16:54:11","guid":{"rendered":"http:\/\/localhost:81\/it-sachverstaendiger\/?page_id=63"},"modified":"2019-09-04T13:50:31","modified_gmt":"2019-09-04T12:50:31","slug":"leistungen_software_escrow_und_hinterlegung","status":"publish","type":"page","link":"https:\/\/www.ecambria-experts.de\/it-sachverstaendiger\/leistungen_software_escrow_und_hinterlegung","title":{"rendered":"Software-Escrow"},"content":{"rendered":"<h1>Software-Escrow<\/h1>\n<p class=\"main-text\">Der einer Software zugrunde liegende Sourcecode hat sowohl f\u00fcr den Softwarehersteller, als auch f\u00fcr den Abnehmer oft existenzielle Bedeutung. F\u00fcr den Softwarehersteller ist der Sourcecode sch\u00fctzenswertes geistiges Eigentum und ein zentrales Gesch\u00e4ftsgeheimnis. F\u00fcr den Abnehmer ist er der Schl\u00fcssel zur Weiterentwicklung und Wartung der Software, ohne die wichtige Unternehmensprozesse zum Erliegen k\u00e4men.<\/p>\n<p>Die Hinterlegung von Software bei einem neutralen Dritten kann ein probates Mittel zum Interessenausgleich sein. Aufgrund der stark gestiegenen Bedeutung dieses Themas im Rahmen des Risikomanagements haben wir f\u00fcr Sie eine <a href=\"http:\/\/escrow.ecambria-experts.de\" target=\"_blank\" rel=\"noopener\">spezielle Themenseite &#8222;ecambria escrow&#8220;<\/a> eingerichtet:<\/p>\n<h2 style=\"text-align: center;\"><a href=\"http:\/\/escrow.ecambria-experts.de\"><strong>http:\/\/escrow.ecambria-experts.de<\/strong><\/a><\/h2>\n<p>Aktuelle Ver\u00f6ffentlichung: Der Artikel &#8222;<a href=\"\/it-sachverstaendiger\/publikationen_software_escrow_verifikation_und_hinterlegung\"><span style=\"font-style: italic;\">Sachgerechte Verifikation bei Software-Escrow &#8211; Anforderungen an die Pr\u00fcfung von Sourcecode und Dokumentation bei der Software-Hinterlegung<\/span><\/a>&#8220; von Dr. Oliver Stiemerling ist im IT-Rechtsberater 4\/2013 auf den Seiten 87-89 erschienen.<\/p>\n","protected":false},"excerpt":{"rendered":"<p>Software-Escrow Der einer Software zugrunde liegende Sourcecode hat sowohl f\u00fcr den Softwarehersteller, als auch f\u00fcr den Abnehmer oft existenzielle Bedeutung. F\u00fcr den Softwarehersteller ist der Sourcecode sch\u00fctzenswertes geistiges Eigentum und ein zentrales Gesch\u00e4ftsgeheimnis. F\u00fcr den Abnehmer ist er der Schl\u00fcssel zur Weiterentwicklung und Wartung der Software, ohne die wichtige Unternehmensprozesse&#8230;<\/p>\n","protected":false},"author":1,"featured_media":0,"parent":0,"menu_order":0,"comment_status":"closed","ping_status":"closed","template":"","meta":{"inline_featured_image":false,"footnotes":""},"class_list":["post-63","page","type-page","status-publish","hentry"],"yoast_head":"<!-- This site is optimized with the Yoast SEO plugin v25.4 - https:\/\/yoast.com\/wordpress\/plugins\/seo\/ -->\n<title>Software-Escrow - ecambria experts<\/title>\n<meta name=\"robots\" content=\"index, follow, max-snippet:-1, max-image-preview:large, max-video-preview:-1\" \/>\n<link rel=\"canonical\" href=\"https:\/\/www.ecambria-experts.de\/it-sachverstaendiger\/leistungen_software_escrow_und_hinterlegung\" \/>\n<meta property=\"og:locale\" content=\"de_DE\" \/>\n<meta property=\"og:type\" content=\"article\" \/>\n<meta property=\"og:title\" content=\"Software-Escrow - ecambria experts\" \/>\n<meta property=\"og:description\" content=\"Software-Escrow Der einer Software zugrunde liegende Sourcecode hat sowohl f\u00fcr den Softwarehersteller, als auch f\u00fcr den Abnehmer oft existenzielle Bedeutung. F\u00fcr den Softwarehersteller ist der Sourcecode sch\u00fctzenswertes geistiges Eigentum und ein zentrales Gesch\u00e4ftsgeheimnis. F\u00fcr den Abnehmer ist er der Schl\u00fcssel zur Weiterentwicklung und Wartung der Software, ohne die wichtige Unternehmensprozesse...\" \/>\n<meta property=\"og:url\" content=\"https:\/\/www.ecambria-experts.de\/it-sachverstaendiger\/leistungen_software_escrow_und_hinterlegung\" \/>\n<meta property=\"og:site_name\" content=\"ecambria experts\" \/>\n<meta property=\"article:modified_time\" content=\"2019-09-04T12:50:31+00:00\" \/>\n<meta name=\"twitter:card\" content=\"summary_large_image\" \/>\n<meta name=\"twitter:label1\" content=\"Gesch\u00e4tzte Lesezeit\" \/>\n\t<meta name=\"twitter:data1\" content=\"1\u00a0Minute\" \/>\n<script type=\"application\/ld+json\" class=\"yoast-schema-graph\">{\"@context\":\"https:\/\/schema.org\",\"@graph\":[{\"@type\":\"WebPage\",\"@id\":\"https:\/\/www.ecambria-experts.de\/it-sachverstaendiger\/leistungen_software_escrow_und_hinterlegung\",\"url\":\"https:\/\/www.ecambria-experts.de\/it-sachverstaendiger\/leistungen_software_escrow_und_hinterlegung\",\"name\":\"Software-Escrow - ecambria experts\",\"isPartOf\":{\"@id\":\"https:\/\/www.ecambria-experts.de\/it-sachverstaendiger\/#website\"},\"datePublished\":\"2014-12-19T16:54:11+00:00\",\"dateModified\":\"2019-09-04T12:50:31+00:00\",\"breadcrumb\":{\"@id\":\"https:\/\/www.ecambria-experts.de\/it-sachverstaendiger\/leistungen_software_escrow_und_hinterlegung#breadcrumb\"},\"inLanguage\":\"de\",\"potentialAction\":[{\"@type\":\"ReadAction\",\"target\":[\"https:\/\/www.ecambria-experts.de\/it-sachverstaendiger\/leistungen_software_escrow_und_hinterlegung\"]}]},{\"@type\":\"BreadcrumbList\",\"@id\":\"https:\/\/www.ecambria-experts.de\/it-sachverstaendiger\/leistungen_software_escrow_und_hinterlegung#breadcrumb\",\"itemListElement\":[{\"@type\":\"ListItem\",\"position\":1,\"name\":\"Startseite\",\"item\":\"https:\/\/www.ecambria-experts.de\/it-sachverstaendiger\/\"},{\"@type\":\"ListItem\",\"position\":2,\"name\":\"Software-Escrow\"}]},{\"@type\":\"WebSite\",\"@id\":\"https:\/\/www.ecambria-experts.de\/it-sachverstaendiger\/#website\",\"url\":\"https:\/\/www.ecambria-experts.de\/it-sachverstaendiger\/\",\"name\":\"ecambria experts\",\"description\":\"IT-Sachverst\u00e4ndige und Gutachter, Bewertung, Gerichtsgutachten, Privatgutachten, Schlichtung\",\"publisher\":{\"@id\":\"https:\/\/www.ecambria-experts.de\/it-sachverstaendiger\/#organization\"},\"potentialAction\":[{\"@type\":\"SearchAction\",\"target\":{\"@type\":\"EntryPoint\",\"urlTemplate\":\"https:\/\/www.ecambria-experts.de\/it-sachverstaendiger\/?s={search_term_string}\"},\"query-input\":{\"@type\":\"PropertyValueSpecification\",\"valueRequired\":true,\"valueName\":\"search_term_string\"}}],\"inLanguage\":\"de\"},{\"@type\":\"Organization\",\"@id\":\"https:\/\/www.ecambria-experts.de\/it-sachverstaendiger\/#organization\",\"name\":\"ecambria experts\",\"url\":\"https:\/\/www.ecambria-experts.de\/it-sachverstaendiger\/\",\"logo\":{\"@type\":\"ImageObject\",\"inLanguage\":\"de\",\"@id\":\"https:\/\/www.ecambria-experts.de\/it-sachverstaendiger\/#\/schema\/logo\/image\/\",\"url\":\"https:\/\/www.ecambria-experts.de\/it-sachverstaendiger\/wp-content\/uploads\/2025\/09\/ecambria_experts_logo_ohne_rand.svg\",\"contentUrl\":\"https:\/\/www.ecambria-experts.de\/it-sachverstaendiger\/wp-content\/uploads\/2025\/09\/ecambria_experts_logo_ohne_rand.svg\",\"width\":369,\"height\":60,\"caption\":\"ecambria experts\"},\"image\":{\"@id\":\"https:\/\/www.ecambria-experts.de\/it-sachverstaendiger\/#\/schema\/logo\/image\/\"}}]}<\/script>\n<!-- \/ Yoast SEO plugin. -->","yoast_head_json":{"title":"Software-Escrow - ecambria experts","robots":{"index":"index","follow":"follow","max-snippet":"max-snippet:-1","max-image-preview":"max-image-preview:large","max-video-preview":"max-video-preview:-1"},"canonical":"https:\/\/www.ecambria-experts.de\/it-sachverstaendiger\/leistungen_software_escrow_und_hinterlegung","og_locale":"de_DE","og_type":"article","og_title":"Software-Escrow - ecambria experts","og_description":"Software-Escrow Der einer Software zugrunde liegende Sourcecode hat sowohl f\u00fcr den Softwarehersteller, als auch f\u00fcr den Abnehmer oft existenzielle Bedeutung. F\u00fcr den Softwarehersteller ist der Sourcecode sch\u00fctzenswertes geistiges Eigentum und ein zentrales Gesch\u00e4ftsgeheimnis. F\u00fcr den Abnehmer ist er der Schl\u00fcssel zur Weiterentwicklung und Wartung der Software, ohne die wichtige Unternehmensprozesse...","og_url":"https:\/\/www.ecambria-experts.de\/it-sachverstaendiger\/leistungen_software_escrow_und_hinterlegung","og_site_name":"ecambria experts","article_modified_time":"2019-09-04T12:50:31+00:00","twitter_card":"summary_large_image","twitter_misc":{"Gesch\u00e4tzte Lesezeit":"1\u00a0Minute"},"schema":{"@context":"https:\/\/schema.org","@graph":[{"@type":"WebPage","@id":"https:\/\/www.ecambria-experts.de\/it-sachverstaendiger\/leistungen_software_escrow_und_hinterlegung","url":"https:\/\/www.ecambria-experts.de\/it-sachverstaendiger\/leistungen_software_escrow_und_hinterlegung","name":"Software-Escrow - ecambria experts","isPartOf":{"@id":"https:\/\/www.ecambria-experts.de\/it-sachverstaendiger\/#website"},"datePublished":"2014-12-19T16:54:11+00:00","dateModified":"2019-09-04T12:50:31+00:00","breadcrumb":{"@id":"https:\/\/www.ecambria-experts.de\/it-sachverstaendiger\/leistungen_software_escrow_und_hinterlegung#breadcrumb"},"inLanguage":"de","potentialAction":[{"@type":"ReadAction","target":["https:\/\/www.ecambria-experts.de\/it-sachverstaendiger\/leistungen_software_escrow_und_hinterlegung"]}]},{"@type":"BreadcrumbList","@id":"https:\/\/www.ecambria-experts.de\/it-sachverstaendiger\/leistungen_software_escrow_und_hinterlegung#breadcrumb","itemListElement":[{"@type":"ListItem","position":1,"name":"Startseite","item":"https:\/\/www.ecambria-experts.de\/it-sachverstaendiger\/"},{"@type":"ListItem","position":2,"name":"Software-Escrow"}]},{"@type":"WebSite","@id":"https:\/\/www.ecambria-experts.de\/it-sachverstaendiger\/#website","url":"https:\/\/www.ecambria-experts.de\/it-sachverstaendiger\/","name":"ecambria experts","description":"IT-Sachverst\u00e4ndige und Gutachter, Bewertung, Gerichtsgutachten, Privatgutachten, Schlichtung","publisher":{"@id":"https:\/\/www.ecambria-experts.de\/it-sachverstaendiger\/#organization"},"potentialAction":[{"@type":"SearchAction","target":{"@type":"EntryPoint","urlTemplate":"https:\/\/www.ecambria-experts.de\/it-sachverstaendiger\/?s={search_term_string}"},"query-input":{"@type":"PropertyValueSpecification","valueRequired":true,"valueName":"search_term_string"}}],"inLanguage":"de"},{"@type":"Organization","@id":"https:\/\/www.ecambria-experts.de\/it-sachverstaendiger\/#organization","name":"ecambria experts","url":"https:\/\/www.ecambria-experts.de\/it-sachverstaendiger\/","logo":{"@type":"ImageObject","inLanguage":"de","@id":"https:\/\/www.ecambria-experts.de\/it-sachverstaendiger\/#\/schema\/logo\/image\/","url":"https:\/\/www.ecambria-experts.de\/it-sachverstaendiger\/wp-content\/uploads\/2025\/09\/ecambria_experts_logo_ohne_rand.svg","contentUrl":"https:\/\/www.ecambria-experts.de\/it-sachverstaendiger\/wp-content\/uploads\/2025\/09\/ecambria_experts_logo_ohne_rand.svg","width":369,"height":60,"caption":"ecambria experts"},"image":{"@id":"https:\/\/www.ecambria-experts.de\/it-sachverstaendiger\/#\/schema\/logo\/image\/"}}]}},"_links":{"self":[{"href":"https:\/\/www.ecambria-experts.de\/it-sachverstaendiger\/wp-json\/wp\/v2\/pages\/63","targetHints":{"allow":["GET"]}}],"collection":[{"href":"https:\/\/www.ecambria-experts.de\/it-sachverstaendiger\/wp-json\/wp\/v2\/pages"}],"about":[{"href":"https:\/\/www.ecambria-experts.de\/it-sachverstaendiger\/wp-json\/wp\/v2\/types\/page"}],"author":[{"embeddable":true,"href":"https:\/\/www.ecambria-experts.de\/it-sachverstaendiger\/wp-json\/wp\/v2\/users\/1"}],"replies":[{"embeddable":true,"href":"https:\/\/www.ecambria-experts.de\/it-sachverstaendiger\/wp-json\/wp\/v2\/comments?post=63"}],"version-history":[{"count":13,"href":"https:\/\/www.ecambria-experts.de\/it-sachverstaendiger\/wp-json\/wp\/v2\/pages\/63\/revisions"}],"predecessor-version":[{"id":1343,"href":"https:\/\/www.ecambria-experts.de\/it-sachverstaendiger\/wp-json\/wp\/v2\/pages\/63\/revisions\/1343"}],"wp:attachment":[{"href":"https:\/\/www.ecambria-experts.de\/it-sachverstaendiger\/wp-json\/wp\/v2\/media?parent=63"}],"curies":[{"name":"wp","href":"https:\/\/api.w.org\/{rel}","templated":true}]}}