{"id":645,"date":"2016-07-06T16:00:18","date_gmt":"2016-07-06T15:00:18","guid":{"rendered":"http:\/\/www.ecambria-experts.de\/it-sachverstaendiger\/?page_id=645"},"modified":"2016-07-07T08:47:23","modified_gmt":"2016-07-07T07:47:23","slug":"wann-ist-quellcode-hinterlegung-escrow-sinnvoll-wann-nicht","status":"publish","type":"page","link":"https:\/\/www.ecambria-experts.de\/it-sachverstaendiger\/wann-ist-quellcode-hinterlegung-escrow-sinnvoll-wann-nicht","title":{"rendered":"Quellcode-Hinterlegung \u2013 Nutzen, Grenzen und Alternativen"},"content":{"rendered":"<p>Im Zuge der Digitalisierung von Wirtschaft und Verwaltung stellt sich immer h\u00e4ufiger die Frage der existenziellen Abh\u00e4ngigkeit von den \u201edigitalen Assets\u201c, also der Software, mit der die Prozesse der Organisation abgewickelt werden.<\/p>\n<p>Hat diese Software Fehler oder soll sie an ein ver\u00e4ndertes Gesch\u00e4ftsumfeld angepasst werden, muss zumeist der Programmcode ge\u00e4ndert werden. Hat diesen Programmcode (Quellcode) nur der Softwarehersteller selbst vorliegen, so entsteht eine starke Abh\u00e4ngigkeit, die das Kundenunternehmen in eine schwierige Position bringt, falls der Softwarehersteller ausf\u00e4llt.<\/p>\n<p>Auf der anderen Seite ist der Quellecode das geistige Eigentum des Softwareherstellers und wird aufgrund seiner leichten Kopierbarkeit als kritisches Betriebs- und Gesch\u00e4ftsgeheimnis geh\u00fctet. Die meisten Softwarehersteller (au\u00dfer nat\u00fcrlich im Open Source-Bereich) geben den Quellcode nicht an ihre Kunden heraus.<\/p>\n<p>Die Hinterlegung des Quellcodes (\u201eSoftware Escrow\u201c) bei einem neutralen und zur Geheimhaltung verpflichteten Dritten mit vertraglich vereinbarter Herausgabepflicht im Ernstfall (z.B. Insolvenz des Anbieters) wird oft als elegante L\u00f6sung dieses Interessenkonflikts angesehen. Das ist in vielen F\u00e4llen richtig und wird auch <a href=\"https:\/\/www.bsi.bund.de\/DE\/Themen\/ITGrundschutz\/ITGrundschutzKataloge\/Inhalt\/_content\/m\/m06\/m06137.html\">vom BSI als Ma\u00dfnahme zur Risikominderung empfohlen<\/a> &#8211; es gibt aber auch bestimmte Umst\u00e4nden, die eine Quellcode-Hinterlegung und anschlie\u00dfende eigenen Weiterentwicklung unwirtschaftlich oder undurchf\u00fchrbar machen und bei denen andere L\u00f6sungen zielf\u00fchrender sind. Diese Umst\u00e4nde werden im Folgenden beschrieben.<\/p>\n<p><strong>Grunds\u00e4tzliches Problem: \u00dcbergabe an neue Entwicklermannschaft<\/strong><\/p>\n<p>Grunds\u00e4tzlich besteht das Problem, dass die \u00dcbergabe eines IT-Projekts an eine neue Entwicklungsmannschaft aufgrund der notwendigen Einarbeitung und R\u00fcstzeiten immer ein aufw\u00e4ndiges Unterfangen ist und das sogar dann, wenn die vorherigen Entwickler f\u00fcr R\u00fcckfragen oder Schulungen noch zur Verf\u00fcgung stehen. Im Fall der Herausgabe eines Quellcodes bei Insolvenz oder Einstellung des Gesch\u00e4ftsbetriebs sind die neuen Entwickler oft auf sich alleine gestellt und haben neben dem laufenden Softwaresystem im Bin\u00e4rcode nur den herausgegebenen Quellcode und (bestenfalls) die dazugeh\u00f6rige Dokumentation vorliegen. In der Praxis treten dann neben den typischen fachlichen Fehlern bei der Hinterlegung (fehlende Build-Programme, unzureichende Dokumentation, etc.,siehe <a href=\"http:\/\/www.ecambria-experts.de\/it-sachverstaendiger\/publikationen_software_escrow_verifikation_und_hinterlegung\" target=\"_blank\">[Stiemerling, ITRB]<\/a>) oft die folgenden, im Vorfeld zumeist unbeachteten Probleme auf:<\/p>\n<p><strong>Aufsetzen der Weiterentwicklung dauert lange und kann prohibitiv teuer sein<\/strong><\/p>\n<p>Gerade f\u00fcr gr\u00f6\u00dfere Softwaresysteme sind &#8211; auch bei einer fachgerechten Hinterlegung &#8211; oft erhebliche Investitionen f\u00fcr die Suche nach neuen Entwicklern (oder auch einer kompetenten, dritten Softwarefirma), deren Einarbeitung und das technische Aufsetzen der Weiterentwicklung nach der Herausgabe notwendig. Bei umfangreicher Standardsoftware (z.B. gro\u00dfen Standard-ERP-Systemen) k\u00f6nnen diese Kosten und die Dauer im Verh\u00e4ltnis zum Preis der Software selbst bzw. m\u00f6glichen Alternativen prohibitiv hoch sein, so dass eine Quellcode-Hinterlegung \u2013 zu Ende gedacht \u2013 den angestrebten Zweck nicht erf\u00fcllt.<\/p>\n<p>Ein Notfallkonzept mit Sourcecode-Hinterlegung muss also neben der fachgerechten Hinterlegung auch die Arbeitsschritte, die voraussichtliche Dauer und die Kosten des Aufsetzens der Weiterentwicklung nach der Herausgabe ber\u00fccksichtigen. In der Praxis werden diese Punkte bei einer Hinterlegung zumeist ignoriert \u2013 mit dem Resultat des Verbleibens signifikanter Risiken f\u00fcr den Notfallplan bei Ausfall des Softwareanbieters.<\/p>\n<p><strong>Eigenbetrieb einer vormaligen Cloud-Software kann prohibitiv teuer sein<\/strong><\/p>\n<p>Viele Systeme werden heute nicht mehr \u201eon-premise\u201c beim Kunden installiert, sondern in der Cloud von speziellen Anbietern zur Verf\u00fcgung gestellt. Fallen diese Anbieter aus, hilft der ggf. hinterlegte Quellcode zun\u00e4chst nicht, da der Kunden \u00fcberhaupt erstmal an seine Daten kommen und den grunds\u00e4tzlichen Betrieb der Anwendung sicherstellen muss.<\/p>\n<p>Diese Aspekte m\u00fcssen ebenfalls in einem Notfallplan f\u00fcr den Fall des Ausfalls des Cloud-Anbieters ber\u00fccksichtigt werden. Dabei ist das Aufsetzen eines eigenen Betriebs oft im Verh\u00e4ltnis zu den bisherigen Softwarekosten prohibitiv teuer, da der Anwender seine Betriebskosten im Gegensatz zu dem Anbieter der Cloud nicht auf viele Kunden umlegen kann.<\/p>\n<p><strong>Zwei Alternativen zur Quellcode-Hinterlegung<\/strong><\/p>\n<p>Ergibt sich bei der systematischen Betrachtung der notwendigen Arbeitsschritte nach Herausgabe des Quellcodes, dass dadurch das Problem des Ausfalls des Softwareanbieters nicht zufriedenstellend gel\u00f6st werden kann, so stellt sich die Frage nach sinnvollen Alternativen.<\/p>\n<p><strong><em>1. Teilquellcode-Offenlegung und Co-Development<\/em><\/strong><\/p>\n<p>Gerade bei Entwicklungsprojekten mit einem hohen Grad an individuellen Anforderungen und einem hohen Investment in kundenspezifische Codeanteile sollte man als Kunde immer darauf bestehen, dass der Quellcode nicht zur\u00fcckgehalten, sondern \u00fcbergeben wird. Insbesondere bei individuellen ERP-Anpassung, die auf Standardsoftware basieren, werden h\u00e4ufig industriespezifische \u201eAdd-Ons\u201c angeboten, die dann auf einen konkreten Kunden zugeschnitten worden sind. Da diese Add-Ons h\u00e4ufig ebenfalls in der Folge \u00a0als Standardprodukte vermarktet werden, wollen die Anbieter ihren Quellcode typischerweise auch f\u00fcr solche \u201eAdd-Ons\u201c nicht offen liegen.<\/p>\n<p>In solchen F\u00e4llen ist es aber durch geschickte Verhandlung trotzdem oft m\u00f6glich, dem Risiko des Ausfalls (zumindest des Add-On-Anbieters) dadurch zu begegnen, dass eine Quellcode-Offenlegung f\u00fcr das individualisierte \u201eAdd-On\u201c ausgehandelt wird. Wichtig dabei ist aber, dass intern beim Kunden ein gewisses Entwicklungs-Know-How zusammen mit der technischen Weiterentwickelbarkeit vor Ort aufgebaut wird. F\u00e4llt der Add-On-Anbieter dann tats\u00e4chlich aus, hat der Kunde einen gro\u00dfen Teil der notwendigen Arbeitsschritte zur kompletten \u00dcbernahme der Weiterentwicklung bereits geleistet. Ein (wesentlich unwahrscheinlicherer) Ausfall des zumeist sehr gro\u00dfen Anbieters des zugrundeliegenden ERP-Systems kann dann ggf. als verbleibendes, geringes Restrisiko verkraftet werden.<\/p>\n<p>Weigert sich ein Anbieter eines stark im Quellcode zu individualisierenden Systems, den Quellcode mit diesem System auszuliefern und insbesondere ein Co-Development intern beim Kunden zu unterst\u00fctzen, so stellt sich die Frage, ob dieser Anbieter der richtige Partner f\u00fcr das angedachte Projekt ist.<\/p>\n<p><strong><em>2. Im Notfall: Daten\u00fcbernahme in ein Alternativsystem<\/em><\/strong><\/p>\n<p>Bei kritischen Standardsystemen (z.B. Finanzbuchhaltung, Backupsysteme) bietet sich statt einer Quellcode-Hinterlegung auch die Entwicklung eines Notfallplans auf Basis der Daten\u00fcbernahme in ein Alternativsystem an. Wenn die Daten und Funktionen einer bestimmten Softwareklasse z.B. aus gesetzlichen oder technischen Gr\u00fcnden \u00e4hnlich sind, so kann ein \u00a0Notfallplan entwickelt werden, der vorsieht, z.B. die Buchhaltungsdaten in einem Standardformat zu exportieren um dann direkt den n\u00e4chsten Monatsabschluss in einem neuen System durchf\u00fchren zu k\u00f6nnen. Selbst bei moderat individualisierten Systemen ist die Konzeptionierung solcher Notfallstrategien m\u00f6glich, insbesondere wenn es vor Einf\u00fchrung der Systeme bereits einen \u201ePapierprozess\u201c gegeben hat, der im Ernstfall w\u00e4hrend einiger Zeit bis zur Fertigstellung des neu individualisierten Systems durchgef\u00fchrt werden kann.<\/p>\n<p><strong>Fazit: Sinnhaftigkeit von Software-Hinterlegung muss systematisch, d.h. als Element eines umfassenden Notfallplans, gepr\u00fcft werden<\/strong><\/p>\n<p>Software-Hinterlegung kann ein sinnvolles Mittel sein, um dem Risiko des Ausfalls eines Softwareanbieters entgegenzuwirken. Gerade bei umfangreichen und komplexen Softwaresystemen stellt sich bei einer solchen systematischen Pr\u00fcfung oft heraus, dass die notwendigen Schritte nach der Herausgabe viel zu lange dauern w\u00fcrden und\/oder ggf. prohibitiv teuer w\u00e4ren.<\/p>\n<p>In diesen F\u00e4llen muss der Softwarekunde sinnvolle Alternativen entwickeln, um mit einem Ausfall des Herstellers umzugehen.<\/p>\n<p>Eine M\u00f6glichkeit bei komplexen Systemen ist es, zumindest die \u00dcbergabe der Teile des Codes, die von kleineren Anbietern stark individualisiert wurden, direkt im Rahmen der Entwicklung in Form des Quellcodes zu verlangen.<\/p>\n<p>Eine weitere Alternative ist es, als Notfallplan den Datenexport \u00fcber Standardformate in ein neues System eines Drittherstellers vorzusehen, ggf. mit zeitweisem R\u00fcckfall auf \u201ePapierprozesse\u201c.<\/p>\n<p>Welche Strategie f\u00fcr ein Unternehmen die Richtige ist, muss systematisch bei der &#8211; sowieso immer sinnvollen und oft sogar erforderlichen &#8211; Erstellung eines umfassenden IT-Notfallplans z.B. nach dem Standard <a title=\"Standard BSI 100-4\" href=\"https:\/\/www.bsi.bund.de\/SharedDocs\/Downloads\/DE\/BSI\/Publikationen\/ITGrundschutzstandards\/standard_1004_pdf.pdf?__blob=publicationFileW5GA&amp;sig2=LltVAdw8VirAKpnoORwf2A\" target=\"_blank\">BSI-100-4<\/a> (der neben dem Ausfall von Softwareanbietern auch RZ-Ausf\u00e4lle etc. betrachtet) betrachtet und insbesondere im Hinblick auf die Durchf\u00fchrbarkeit der notwendigen Schritte nach der ggf. vorgesehen Quellcode-Herausgabe bewertet werden.<\/p>\n<p>Mehr Informationen zu Escrow auf den neuen Themenseiten der ecambria experts: <a title=\"Themenseiten ecambria escrow\" href=\"http:\/\/escrow.ecambria-experts.de\" target=\"_blank\">escrow.ecambria-experts.de<\/a><\/p>\n","protected":false},"excerpt":{"rendered":"<p>Im Zuge der Digitalisierung von Wirtschaft und Verwaltung stellt sich immer h\u00e4ufiger die Frage der existenziellen Abh\u00e4ngigkeit von den \u201edigitalen Assets\u201c, also der Software, mit der die Prozesse der Organisation abgewickelt werden. Hat diese Software Fehler oder soll sie an ein ver\u00e4ndertes Gesch\u00e4ftsumfeld angepasst werden, muss zumeist der Programmcode ge\u00e4ndert&#8230;<\/p>\n","protected":false},"author":1,"featured_media":0,"parent":0,"menu_order":0,"comment_status":"closed","ping_status":"closed","template":"","meta":{"inline_featured_image":false,"footnotes":""},"class_list":["post-645","page","type-page","status-publish","hentry"],"yoast_head":"<!-- This site is optimized with the Yoast SEO plugin v25.4 - https:\/\/yoast.com\/wordpress\/plugins\/seo\/ -->\n<title>Quellcode-Hinterlegung \u2013 Nutzen, Grenzen und Alternativen - ecambria experts<\/title>\n<meta name=\"robots\" content=\"index, follow, max-snippet:-1, max-image-preview:large, max-video-preview:-1\" \/>\n<link rel=\"canonical\" href=\"https:\/\/www.ecambria-experts.de\/it-sachverstaendiger\/wann-ist-quellcode-hinterlegung-escrow-sinnvoll-wann-nicht\" \/>\n<meta property=\"og:locale\" content=\"de_DE\" \/>\n<meta property=\"og:type\" content=\"article\" \/>\n<meta property=\"og:title\" content=\"Quellcode-Hinterlegung \u2013 Nutzen, Grenzen und Alternativen - ecambria experts\" \/>\n<meta property=\"og:description\" content=\"Im Zuge der Digitalisierung von Wirtschaft und Verwaltung stellt sich immer h\u00e4ufiger die Frage der existenziellen Abh\u00e4ngigkeit von den \u201edigitalen Assets\u201c, also der Software, mit der die Prozesse der Organisation abgewickelt werden. Hat diese Software Fehler oder soll sie an ein ver\u00e4ndertes Gesch\u00e4ftsumfeld angepasst werden, muss zumeist der Programmcode ge\u00e4ndert...\" \/>\n<meta property=\"og:url\" content=\"https:\/\/www.ecambria-experts.de\/it-sachverstaendiger\/wann-ist-quellcode-hinterlegung-escrow-sinnvoll-wann-nicht\" \/>\n<meta property=\"og:site_name\" content=\"ecambria experts\" \/>\n<meta property=\"article:modified_time\" content=\"2016-07-07T07:47:23+00:00\" \/>\n<meta name=\"twitter:card\" content=\"summary_large_image\" \/>\n<meta name=\"twitter:label1\" content=\"Gesch\u00e4tzte Lesezeit\" \/>\n\t<meta name=\"twitter:data1\" content=\"6\u00a0Minuten\" \/>\n<script type=\"application\/ld+json\" class=\"yoast-schema-graph\">{\"@context\":\"https:\/\/schema.org\",\"@graph\":[{\"@type\":\"WebPage\",\"@id\":\"https:\/\/www.ecambria-experts.de\/it-sachverstaendiger\/wann-ist-quellcode-hinterlegung-escrow-sinnvoll-wann-nicht\",\"url\":\"https:\/\/www.ecambria-experts.de\/it-sachverstaendiger\/wann-ist-quellcode-hinterlegung-escrow-sinnvoll-wann-nicht\",\"name\":\"Quellcode-Hinterlegung \u2013 Nutzen, Grenzen und Alternativen - ecambria experts\",\"isPartOf\":{\"@id\":\"https:\/\/www.ecambria-experts.de\/it-sachverstaendiger\/#website\"},\"datePublished\":\"2016-07-06T15:00:18+00:00\",\"dateModified\":\"2016-07-07T07:47:23+00:00\",\"breadcrumb\":{\"@id\":\"https:\/\/www.ecambria-experts.de\/it-sachverstaendiger\/wann-ist-quellcode-hinterlegung-escrow-sinnvoll-wann-nicht#breadcrumb\"},\"inLanguage\":\"de\",\"potentialAction\":[{\"@type\":\"ReadAction\",\"target\":[\"https:\/\/www.ecambria-experts.de\/it-sachverstaendiger\/wann-ist-quellcode-hinterlegung-escrow-sinnvoll-wann-nicht\"]}]},{\"@type\":\"BreadcrumbList\",\"@id\":\"https:\/\/www.ecambria-experts.de\/it-sachverstaendiger\/wann-ist-quellcode-hinterlegung-escrow-sinnvoll-wann-nicht#breadcrumb\",\"itemListElement\":[{\"@type\":\"ListItem\",\"position\":1,\"name\":\"Startseite\",\"item\":\"https:\/\/www.ecambria-experts.de\/it-sachverstaendiger\/\"},{\"@type\":\"ListItem\",\"position\":2,\"name\":\"Quellcode-Hinterlegung \u2013 Nutzen, Grenzen und Alternativen\"}]},{\"@type\":\"WebSite\",\"@id\":\"https:\/\/www.ecambria-experts.de\/it-sachverstaendiger\/#website\",\"url\":\"https:\/\/www.ecambria-experts.de\/it-sachverstaendiger\/\",\"name\":\"ecambria experts\",\"description\":\"IT-Sachverst\u00e4ndige und Gutachter, Bewertung, Gerichtsgutachten, Privatgutachten, Schlichtung\",\"publisher\":{\"@id\":\"https:\/\/www.ecambria-experts.de\/it-sachverstaendiger\/#organization\"},\"potentialAction\":[{\"@type\":\"SearchAction\",\"target\":{\"@type\":\"EntryPoint\",\"urlTemplate\":\"https:\/\/www.ecambria-experts.de\/it-sachverstaendiger\/?s={search_term_string}\"},\"query-input\":{\"@type\":\"PropertyValueSpecification\",\"valueRequired\":true,\"valueName\":\"search_term_string\"}}],\"inLanguage\":\"de\"},{\"@type\":\"Organization\",\"@id\":\"https:\/\/www.ecambria-experts.de\/it-sachverstaendiger\/#organization\",\"name\":\"ecambria experts\",\"url\":\"https:\/\/www.ecambria-experts.de\/it-sachverstaendiger\/\",\"logo\":{\"@type\":\"ImageObject\",\"inLanguage\":\"de\",\"@id\":\"https:\/\/www.ecambria-experts.de\/it-sachverstaendiger\/#\/schema\/logo\/image\/\",\"url\":\"https:\/\/www.ecambria-experts.de\/it-sachverstaendiger\/wp-content\/uploads\/2025\/09\/ecambria_experts_logo_ohne_rand.svg\",\"contentUrl\":\"https:\/\/www.ecambria-experts.de\/it-sachverstaendiger\/wp-content\/uploads\/2025\/09\/ecambria_experts_logo_ohne_rand.svg\",\"width\":369,\"height\":60,\"caption\":\"ecambria experts\"},\"image\":{\"@id\":\"https:\/\/www.ecambria-experts.de\/it-sachverstaendiger\/#\/schema\/logo\/image\/\"}}]}<\/script>\n<!-- \/ Yoast SEO plugin. -->","yoast_head_json":{"title":"Quellcode-Hinterlegung \u2013 Nutzen, Grenzen und Alternativen - ecambria experts","robots":{"index":"index","follow":"follow","max-snippet":"max-snippet:-1","max-image-preview":"max-image-preview:large","max-video-preview":"max-video-preview:-1"},"canonical":"https:\/\/www.ecambria-experts.de\/it-sachverstaendiger\/wann-ist-quellcode-hinterlegung-escrow-sinnvoll-wann-nicht","og_locale":"de_DE","og_type":"article","og_title":"Quellcode-Hinterlegung \u2013 Nutzen, Grenzen und Alternativen - ecambria experts","og_description":"Im Zuge der Digitalisierung von Wirtschaft und Verwaltung stellt sich immer h\u00e4ufiger die Frage der existenziellen Abh\u00e4ngigkeit von den \u201edigitalen Assets\u201c, also der Software, mit der die Prozesse der Organisation abgewickelt werden. Hat diese Software Fehler oder soll sie an ein ver\u00e4ndertes Gesch\u00e4ftsumfeld angepasst werden, muss zumeist der Programmcode ge\u00e4ndert...","og_url":"https:\/\/www.ecambria-experts.de\/it-sachverstaendiger\/wann-ist-quellcode-hinterlegung-escrow-sinnvoll-wann-nicht","og_site_name":"ecambria experts","article_modified_time":"2016-07-07T07:47:23+00:00","twitter_card":"summary_large_image","twitter_misc":{"Gesch\u00e4tzte Lesezeit":"6\u00a0Minuten"},"schema":{"@context":"https:\/\/schema.org","@graph":[{"@type":"WebPage","@id":"https:\/\/www.ecambria-experts.de\/it-sachverstaendiger\/wann-ist-quellcode-hinterlegung-escrow-sinnvoll-wann-nicht","url":"https:\/\/www.ecambria-experts.de\/it-sachverstaendiger\/wann-ist-quellcode-hinterlegung-escrow-sinnvoll-wann-nicht","name":"Quellcode-Hinterlegung \u2013 Nutzen, Grenzen und Alternativen - ecambria experts","isPartOf":{"@id":"https:\/\/www.ecambria-experts.de\/it-sachverstaendiger\/#website"},"datePublished":"2016-07-06T15:00:18+00:00","dateModified":"2016-07-07T07:47:23+00:00","breadcrumb":{"@id":"https:\/\/www.ecambria-experts.de\/it-sachverstaendiger\/wann-ist-quellcode-hinterlegung-escrow-sinnvoll-wann-nicht#breadcrumb"},"inLanguage":"de","potentialAction":[{"@type":"ReadAction","target":["https:\/\/www.ecambria-experts.de\/it-sachverstaendiger\/wann-ist-quellcode-hinterlegung-escrow-sinnvoll-wann-nicht"]}]},{"@type":"BreadcrumbList","@id":"https:\/\/www.ecambria-experts.de\/it-sachverstaendiger\/wann-ist-quellcode-hinterlegung-escrow-sinnvoll-wann-nicht#breadcrumb","itemListElement":[{"@type":"ListItem","position":1,"name":"Startseite","item":"https:\/\/www.ecambria-experts.de\/it-sachverstaendiger\/"},{"@type":"ListItem","position":2,"name":"Quellcode-Hinterlegung \u2013 Nutzen, Grenzen und Alternativen"}]},{"@type":"WebSite","@id":"https:\/\/www.ecambria-experts.de\/it-sachverstaendiger\/#website","url":"https:\/\/www.ecambria-experts.de\/it-sachverstaendiger\/","name":"ecambria experts","description":"IT-Sachverst\u00e4ndige und Gutachter, Bewertung, Gerichtsgutachten, Privatgutachten, Schlichtung","publisher":{"@id":"https:\/\/www.ecambria-experts.de\/it-sachverstaendiger\/#organization"},"potentialAction":[{"@type":"SearchAction","target":{"@type":"EntryPoint","urlTemplate":"https:\/\/www.ecambria-experts.de\/it-sachverstaendiger\/?s={search_term_string}"},"query-input":{"@type":"PropertyValueSpecification","valueRequired":true,"valueName":"search_term_string"}}],"inLanguage":"de"},{"@type":"Organization","@id":"https:\/\/www.ecambria-experts.de\/it-sachverstaendiger\/#organization","name":"ecambria experts","url":"https:\/\/www.ecambria-experts.de\/it-sachverstaendiger\/","logo":{"@type":"ImageObject","inLanguage":"de","@id":"https:\/\/www.ecambria-experts.de\/it-sachverstaendiger\/#\/schema\/logo\/image\/","url":"https:\/\/www.ecambria-experts.de\/it-sachverstaendiger\/wp-content\/uploads\/2025\/09\/ecambria_experts_logo_ohne_rand.svg","contentUrl":"https:\/\/www.ecambria-experts.de\/it-sachverstaendiger\/wp-content\/uploads\/2025\/09\/ecambria_experts_logo_ohne_rand.svg","width":369,"height":60,"caption":"ecambria experts"},"image":{"@id":"https:\/\/www.ecambria-experts.de\/it-sachverstaendiger\/#\/schema\/logo\/image\/"}}]}},"_links":{"self":[{"href":"https:\/\/www.ecambria-experts.de\/it-sachverstaendiger\/wp-json\/wp\/v2\/pages\/645","targetHints":{"allow":["GET"]}}],"collection":[{"href":"https:\/\/www.ecambria-experts.de\/it-sachverstaendiger\/wp-json\/wp\/v2\/pages"}],"about":[{"href":"https:\/\/www.ecambria-experts.de\/it-sachverstaendiger\/wp-json\/wp\/v2\/types\/page"}],"author":[{"embeddable":true,"href":"https:\/\/www.ecambria-experts.de\/it-sachverstaendiger\/wp-json\/wp\/v2\/users\/1"}],"replies":[{"embeddable":true,"href":"https:\/\/www.ecambria-experts.de\/it-sachverstaendiger\/wp-json\/wp\/v2\/comments?post=645"}],"version-history":[{"count":8,"href":"https:\/\/www.ecambria-experts.de\/it-sachverstaendiger\/wp-json\/wp\/v2\/pages\/645\/revisions"}],"predecessor-version":[{"id":672,"href":"https:\/\/www.ecambria-experts.de\/it-sachverstaendiger\/wp-json\/wp\/v2\/pages\/645\/revisions\/672"}],"wp:attachment":[{"href":"https:\/\/www.ecambria-experts.de\/it-sachverstaendiger\/wp-json\/wp\/v2\/media?parent=645"}],"curies":[{"name":"wp","href":"https:\/\/api.w.org\/{rel}","templated":true}]}}