{"id":648,"date":"2016-04-01T14:10:19","date_gmt":"2016-04-01T13:10:19","guid":{"rendered":"http:\/\/www.ecambria-experts.de\/it-sachverstaendiger\/?page_id=648"},"modified":"2016-06-01T14:21:13","modified_gmt":"2016-06-01T13:21:13","slug":"nutzung-von-datenraeumen-und-dateiablagen-in-unternehmen","status":"publish","type":"page","link":"https:\/\/www.ecambria-experts.de\/it-sachverstaendiger\/nutzung-von-datenraeumen-und-dateiablagen-in-unternehmen","title":{"rendered":"Nutzung von Datenr\u00e4umen und Dateiablagen in Unternehmen"},"content":{"rendered":"<p><em>Stiemerling, Oliver: <\/em><strong>Nutzung von Datenr\u00e4umen und Dateiablagen in Unternehmen<\/strong>, Revisionspraxis PRev, 2\/2016, 80-85<\/p>\n<p><strong>Abstrakt<\/strong><\/p>\n<p>Ablageorte f\u00fcr Dateien (allgemein auch: Datenr\u00e4ume) werden bei Audits aufgrund ihrer Allgegenw\u00e4rtigkeit h\u00e4ufig \u00fcbersehen, obwohl sie \u00e4u\u00dferst kritische Elemente der IT-Landschaft einer Organisation darstellen. Dateien k\u00f6nnen quasi beliebige Daten enthalten und es gibt zumeist keine Art der technischen oder organisatorischen Beschr\u00e4nkung f\u00fcr die Nutzer, welche Informationen sie in Dateien pflegen, aufbewahren oder auch weiterleiten und mit anderen Nutzern teilen k\u00f6nnen. Eine zentrale Fragestellung bei der Betrachtung der Best\u00e4nde von Dateien in einem Unternehmen ist daher die Frage nach dem Ablageort, also dem Datenspeicher, in dem Dateien aufbewahrt werden, uns seinen Eigenschaften in Bezug auf Sicherheit und Nachvollziehbarkeit seiner Verwendung.<\/p>\n<p>&nbsp;<\/p>\n<p>Der vollst\u00e4ndige Beitrag ist beim RICHARD BOORBERG VERLAG in M\u00fcnchen erh\u00e4ltlich. (Revisionspraxis PRev, Ausgabe 2 &#8211; April 2016, 80-85)<\/p>\n","protected":false},"excerpt":{"rendered":"<p>Stiemerling, Oliver: Nutzung von Datenr\u00e4umen und Dateiablagen in Unternehmen, Revisionspraxis PRev, 2\/2016, 80-85 Abstrakt Ablageorte f\u00fcr Dateien (allgemein auch: Datenr\u00e4ume) werden bei Audits aufgrund ihrer Allgegenw\u00e4rtigkeit h\u00e4ufig \u00fcbersehen, obwohl sie \u00e4u\u00dferst kritische Elemente der IT-Landschaft einer Organisation darstellen. Dateien k\u00f6nnen quasi beliebige Daten enthalten und es gibt zumeist keine Art&#8230;<\/p>\n","protected":false},"author":11,"featured_media":0,"parent":0,"menu_order":0,"comment_status":"closed","ping_status":"closed","template":"","meta":{"inline_featured_image":false,"footnotes":""},"class_list":["post-648","page","type-page","status-publish","hentry"],"yoast_head":"<!-- This site is optimized with the Yoast SEO plugin v25.4 - https:\/\/yoast.com\/wordpress\/plugins\/seo\/ -->\n<title>Nutzung von Datenr\u00e4umen und Dateiablagen in Unternehmen - ecambria experts<\/title>\n<meta name=\"robots\" content=\"index, follow, max-snippet:-1, max-image-preview:large, max-video-preview:-1\" \/>\n<link rel=\"canonical\" href=\"https:\/\/www.ecambria-experts.de\/it-sachverstaendiger\/nutzung-von-datenraeumen-und-dateiablagen-in-unternehmen\" \/>\n<meta property=\"og:locale\" content=\"de_DE\" \/>\n<meta property=\"og:type\" content=\"article\" \/>\n<meta property=\"og:title\" content=\"Nutzung von Datenr\u00e4umen und Dateiablagen in Unternehmen - ecambria experts\" \/>\n<meta property=\"og:description\" content=\"Stiemerling, Oliver: Nutzung von Datenr\u00e4umen und Dateiablagen in Unternehmen, Revisionspraxis PRev, 2\/2016, 80-85 Abstrakt Ablageorte f\u00fcr Dateien (allgemein auch: Datenr\u00e4ume) werden bei Audits aufgrund ihrer Allgegenw\u00e4rtigkeit h\u00e4ufig \u00fcbersehen, obwohl sie \u00e4u\u00dferst kritische Elemente der IT-Landschaft einer Organisation darstellen. Dateien k\u00f6nnen quasi beliebige Daten enthalten und es gibt zumeist keine Art...\" \/>\n<meta property=\"og:url\" content=\"https:\/\/www.ecambria-experts.de\/it-sachverstaendiger\/nutzung-von-datenraeumen-und-dateiablagen-in-unternehmen\" \/>\n<meta property=\"og:site_name\" content=\"ecambria experts\" \/>\n<meta property=\"article:modified_time\" content=\"2016-06-01T13:21:13+00:00\" \/>\n<meta name=\"twitter:card\" content=\"summary_large_image\" \/>\n<meta name=\"twitter:label1\" content=\"Gesch\u00e4tzte Lesezeit\" \/>\n\t<meta name=\"twitter:data1\" content=\"1\u00a0Minute\" \/>\n<script type=\"application\/ld+json\" class=\"yoast-schema-graph\">{\"@context\":\"https:\/\/schema.org\",\"@graph\":[{\"@type\":\"WebPage\",\"@id\":\"https:\/\/www.ecambria-experts.de\/it-sachverstaendiger\/nutzung-von-datenraeumen-und-dateiablagen-in-unternehmen\",\"url\":\"https:\/\/www.ecambria-experts.de\/it-sachverstaendiger\/nutzung-von-datenraeumen-und-dateiablagen-in-unternehmen\",\"name\":\"Nutzung von Datenr\u00e4umen und Dateiablagen in Unternehmen - ecambria experts\",\"isPartOf\":{\"@id\":\"https:\/\/www.ecambria-experts.de\/it-sachverstaendiger\/#website\"},\"datePublished\":\"2016-04-01T13:10:19+00:00\",\"dateModified\":\"2016-06-01T13:21:13+00:00\",\"breadcrumb\":{\"@id\":\"https:\/\/www.ecambria-experts.de\/it-sachverstaendiger\/nutzung-von-datenraeumen-und-dateiablagen-in-unternehmen#breadcrumb\"},\"inLanguage\":\"de\",\"potentialAction\":[{\"@type\":\"ReadAction\",\"target\":[\"https:\/\/www.ecambria-experts.de\/it-sachverstaendiger\/nutzung-von-datenraeumen-und-dateiablagen-in-unternehmen\"]}]},{\"@type\":\"BreadcrumbList\",\"@id\":\"https:\/\/www.ecambria-experts.de\/it-sachverstaendiger\/nutzung-von-datenraeumen-und-dateiablagen-in-unternehmen#breadcrumb\",\"itemListElement\":[{\"@type\":\"ListItem\",\"position\":1,\"name\":\"Startseite\",\"item\":\"https:\/\/www.ecambria-experts.de\/it-sachverstaendiger\/\"},{\"@type\":\"ListItem\",\"position\":2,\"name\":\"Nutzung von Datenr\u00e4umen und Dateiablagen in Unternehmen\"}]},{\"@type\":\"WebSite\",\"@id\":\"https:\/\/www.ecambria-experts.de\/it-sachverstaendiger\/#website\",\"url\":\"https:\/\/www.ecambria-experts.de\/it-sachverstaendiger\/\",\"name\":\"ecambria experts\",\"description\":\"IT-Sachverst\u00e4ndige und Gutachter, Bewertung, Gerichtsgutachten, Privatgutachten, Schlichtung\",\"publisher\":{\"@id\":\"https:\/\/www.ecambria-experts.de\/it-sachverstaendiger\/#organization\"},\"potentialAction\":[{\"@type\":\"SearchAction\",\"target\":{\"@type\":\"EntryPoint\",\"urlTemplate\":\"https:\/\/www.ecambria-experts.de\/it-sachverstaendiger\/?s={search_term_string}\"},\"query-input\":{\"@type\":\"PropertyValueSpecification\",\"valueRequired\":true,\"valueName\":\"search_term_string\"}}],\"inLanguage\":\"de\"},{\"@type\":\"Organization\",\"@id\":\"https:\/\/www.ecambria-experts.de\/it-sachverstaendiger\/#organization\",\"name\":\"ecambria experts\",\"url\":\"https:\/\/www.ecambria-experts.de\/it-sachverstaendiger\/\",\"logo\":{\"@type\":\"ImageObject\",\"inLanguage\":\"de\",\"@id\":\"https:\/\/www.ecambria-experts.de\/it-sachverstaendiger\/#\/schema\/logo\/image\/\",\"url\":\"https:\/\/www.ecambria-experts.de\/it-sachverstaendiger\/wp-content\/uploads\/2025\/09\/ecambria_experts_logo_ohne_rand.svg\",\"contentUrl\":\"https:\/\/www.ecambria-experts.de\/it-sachverstaendiger\/wp-content\/uploads\/2025\/09\/ecambria_experts_logo_ohne_rand.svg\",\"width\":369,\"height\":60,\"caption\":\"ecambria experts\"},\"image\":{\"@id\":\"https:\/\/www.ecambria-experts.de\/it-sachverstaendiger\/#\/schema\/logo\/image\/\"}}]}<\/script>\n<!-- \/ Yoast SEO plugin. -->","yoast_head_json":{"title":"Nutzung von Datenr\u00e4umen und Dateiablagen in Unternehmen - ecambria experts","robots":{"index":"index","follow":"follow","max-snippet":"max-snippet:-1","max-image-preview":"max-image-preview:large","max-video-preview":"max-video-preview:-1"},"canonical":"https:\/\/www.ecambria-experts.de\/it-sachverstaendiger\/nutzung-von-datenraeumen-und-dateiablagen-in-unternehmen","og_locale":"de_DE","og_type":"article","og_title":"Nutzung von Datenr\u00e4umen und Dateiablagen in Unternehmen - ecambria experts","og_description":"Stiemerling, Oliver: Nutzung von Datenr\u00e4umen und Dateiablagen in Unternehmen, Revisionspraxis PRev, 2\/2016, 80-85 Abstrakt Ablageorte f\u00fcr Dateien (allgemein auch: Datenr\u00e4ume) werden bei Audits aufgrund ihrer Allgegenw\u00e4rtigkeit h\u00e4ufig \u00fcbersehen, obwohl sie \u00e4u\u00dferst kritische Elemente der IT-Landschaft einer Organisation darstellen. Dateien k\u00f6nnen quasi beliebige Daten enthalten und es gibt zumeist keine Art...","og_url":"https:\/\/www.ecambria-experts.de\/it-sachverstaendiger\/nutzung-von-datenraeumen-und-dateiablagen-in-unternehmen","og_site_name":"ecambria experts","article_modified_time":"2016-06-01T13:21:13+00:00","twitter_card":"summary_large_image","twitter_misc":{"Gesch\u00e4tzte Lesezeit":"1\u00a0Minute"},"schema":{"@context":"https:\/\/schema.org","@graph":[{"@type":"WebPage","@id":"https:\/\/www.ecambria-experts.de\/it-sachverstaendiger\/nutzung-von-datenraeumen-und-dateiablagen-in-unternehmen","url":"https:\/\/www.ecambria-experts.de\/it-sachverstaendiger\/nutzung-von-datenraeumen-und-dateiablagen-in-unternehmen","name":"Nutzung von Datenr\u00e4umen und Dateiablagen in Unternehmen - ecambria experts","isPartOf":{"@id":"https:\/\/www.ecambria-experts.de\/it-sachverstaendiger\/#website"},"datePublished":"2016-04-01T13:10:19+00:00","dateModified":"2016-06-01T13:21:13+00:00","breadcrumb":{"@id":"https:\/\/www.ecambria-experts.de\/it-sachverstaendiger\/nutzung-von-datenraeumen-und-dateiablagen-in-unternehmen#breadcrumb"},"inLanguage":"de","potentialAction":[{"@type":"ReadAction","target":["https:\/\/www.ecambria-experts.de\/it-sachverstaendiger\/nutzung-von-datenraeumen-und-dateiablagen-in-unternehmen"]}]},{"@type":"BreadcrumbList","@id":"https:\/\/www.ecambria-experts.de\/it-sachverstaendiger\/nutzung-von-datenraeumen-und-dateiablagen-in-unternehmen#breadcrumb","itemListElement":[{"@type":"ListItem","position":1,"name":"Startseite","item":"https:\/\/www.ecambria-experts.de\/it-sachverstaendiger\/"},{"@type":"ListItem","position":2,"name":"Nutzung von Datenr\u00e4umen und Dateiablagen in Unternehmen"}]},{"@type":"WebSite","@id":"https:\/\/www.ecambria-experts.de\/it-sachverstaendiger\/#website","url":"https:\/\/www.ecambria-experts.de\/it-sachverstaendiger\/","name":"ecambria experts","description":"IT-Sachverst\u00e4ndige und Gutachter, Bewertung, Gerichtsgutachten, Privatgutachten, Schlichtung","publisher":{"@id":"https:\/\/www.ecambria-experts.de\/it-sachverstaendiger\/#organization"},"potentialAction":[{"@type":"SearchAction","target":{"@type":"EntryPoint","urlTemplate":"https:\/\/www.ecambria-experts.de\/it-sachverstaendiger\/?s={search_term_string}"},"query-input":{"@type":"PropertyValueSpecification","valueRequired":true,"valueName":"search_term_string"}}],"inLanguage":"de"},{"@type":"Organization","@id":"https:\/\/www.ecambria-experts.de\/it-sachverstaendiger\/#organization","name":"ecambria experts","url":"https:\/\/www.ecambria-experts.de\/it-sachverstaendiger\/","logo":{"@type":"ImageObject","inLanguage":"de","@id":"https:\/\/www.ecambria-experts.de\/it-sachverstaendiger\/#\/schema\/logo\/image\/","url":"https:\/\/www.ecambria-experts.de\/it-sachverstaendiger\/wp-content\/uploads\/2025\/09\/ecambria_experts_logo_ohne_rand.svg","contentUrl":"https:\/\/www.ecambria-experts.de\/it-sachverstaendiger\/wp-content\/uploads\/2025\/09\/ecambria_experts_logo_ohne_rand.svg","width":369,"height":60,"caption":"ecambria experts"},"image":{"@id":"https:\/\/www.ecambria-experts.de\/it-sachverstaendiger\/#\/schema\/logo\/image\/"}}]}},"_links":{"self":[{"href":"https:\/\/www.ecambria-experts.de\/it-sachverstaendiger\/wp-json\/wp\/v2\/pages\/648","targetHints":{"allow":["GET"]}}],"collection":[{"href":"https:\/\/www.ecambria-experts.de\/it-sachverstaendiger\/wp-json\/wp\/v2\/pages"}],"about":[{"href":"https:\/\/www.ecambria-experts.de\/it-sachverstaendiger\/wp-json\/wp\/v2\/types\/page"}],"author":[{"embeddable":true,"href":"https:\/\/www.ecambria-experts.de\/it-sachverstaendiger\/wp-json\/wp\/v2\/users\/11"}],"replies":[{"embeddable":true,"href":"https:\/\/www.ecambria-experts.de\/it-sachverstaendiger\/wp-json\/wp\/v2\/comments?post=648"}],"version-history":[{"count":2,"href":"https:\/\/www.ecambria-experts.de\/it-sachverstaendiger\/wp-json\/wp\/v2\/pages\/648\/revisions"}],"predecessor-version":[{"id":650,"href":"https:\/\/www.ecambria-experts.de\/it-sachverstaendiger\/wp-json\/wp\/v2\/pages\/648\/revisions\/650"}],"wp:attachment":[{"href":"https:\/\/www.ecambria-experts.de\/it-sachverstaendiger\/wp-json\/wp\/v2\/media?parent=648"}],"curies":[{"name":"wp","href":"https:\/\/api.w.org\/{rel}","templated":true}]}}