{"id":690,"date":"2016-11-01T21:45:14","date_gmt":"2016-11-01T20:45:14","guid":{"rendered":"http:\/\/www.ecambria-experts.de\/it-sachverstaendiger\/?page_id=690"},"modified":"2021-04-09T14:14:37","modified_gmt":"2021-04-09T13:14:37","slug":"it-gutachten","status":"publish","type":"page","link":"https:\/\/www.ecambria-experts.de\/it-sachverstaendiger\/it-gutachten","title":{"rendered":"IT-Gutachten"},"content":{"rendered":"<h1>IT-Gutachten<\/h1>\n<p>Ein Gutachten ist das formale, schriftliche Arbeitsergebnis eines Sachverst\u00e4ndigen. Es beantwortet eine oder mehrere Fragen des Auftraggebers und dokumentiert die Untersuchungen, Feststellungen und Bewertungen des Sachverst\u00e4ndigen.<\/p>\n<p>Gutachten werden typischerweise nur in kritischen Situationen eingeholt, in denen es um Entscheidungen mit weitreichenden und schwerwiegenden Folgen geht, also z.B. in Gerichtsverfahren, bei Unternehmensk\u00e4ufen oder gr\u00f6\u00dferen Investitionsentscheidungen.<\/p>\n<h2>Qualit\u00e4tsmerkmale eines Gutachtens nach IHK-Sachverst\u00e4ndigenordnung<\/h2>\n<p>Da ein Sachverst\u00e4ndigengutachten \u00fcblicherweise immer nur dann eingeholt wird, wenn es um wichtige Entscheidungen geht, werden entsprechend hohe Anforderungen an Form und Inhalt gestellt. Ein Gutachten nach IHK-Sachverst\u00e4ndigenordnungen muss unter anderem die folgenden Qualit\u00e4tsmerkmale besitzen:<\/p>\n<ul>\n<li><strong>Korrektheit:<\/strong> Das Gutachten muss mit der angemessenen Sorgfalt erstellt werden. Gerade bei empirischen Fragestellungen gibt zwar keine absoluten Wahrheiten &#8211; trotzdem muss der Sachverst\u00e4ndige alle m\u00f6glichen Anstrengungen im Rahmen des M\u00f6glichen und der verf\u00fcgbaren Mittel unternehmen, um seine Feststellungen zu pr\u00fcfen. Ggf. verbleibende Unsicherheiten, abweichende Fachmeinungen oder auch Einschr\u00e4nkungen der G\u00fcltigkeit von Aussagen m\u00fcssen deutlich gemacht werden.<\/li>\n<li><strong>Neutralit\u00e4t:<\/strong> Das Gutachten und insbesondere der erstellende Sachverst\u00e4ndige d\u00fcrfen nicht einmal den Verdacht der Parteilichkeit bzw. Befangenheit aufkommen lassen. Auch bei Parteigutachten ist der Auftrag nach exakt denselben Ma\u00dfst\u00e4ben zu erstellen wie im Gerichtsauftrag.<\/li>\n<li><strong>Nachvollziehbarkeit:<\/strong> Das Gutachten muss f\u00fcr den Laien in seiner Begr\u00fcndung verst\u00e4ndlich sein, d.h. die Tatsachen und Schlussfolgerungen m\u00fcssen soweit logisch verkn\u00fcpft sein, dass in der Argumentation keine L\u00fccken oder Widerspr\u00fcche entalten sind.<\/li>\n<li><strong>Nachpr\u00fcfbarkeit:<\/strong> Die Korrektheit eines Gutachtens muss f\u00fcr einen anderen Sachverst\u00e4ndigen des gleichen Fachgebiets vollst\u00e4ndig nachpr\u00fcfbar sein. Insbesondere die Ankn\u00fcpfungstatsachen, Untersuchungs- und Bewertungsmethoden m\u00fcssen vollst\u00e4ndig dargestellt bzw. referenziert sein. Bei IT-Gutachten sollte, soweit dies rechtlich m\u00f6glich ist, auch der tats\u00e4chliche Untersuchungsgegenstand dem Gutachten beiliegen.<\/li>\n<\/ul>\n<p>Zudem sind Sachverst\u00e4ndigengutachten immer personliche Leistungen von nat\u00fcrlichen Personen. Auch wenn bei Privatgutachten der Vertragspartner eine GmbH ist, muss das Gutachten immer von dem oder den Sachverst\u00e4ndigen unterschrieben werden. Bei mehreren Sachverst\u00e4ndigen muss aus dem Gutachten genau hervorgehen, wer welche Untersuchungen durchgef\u00fchrt hat und welche Gutachtenteile von wem geschrieben wurden. Hilfskr\u00e4fte, deren Arbeit \u00fcber vollst\u00e4ndig angeleitete T\u00e4tigkeiten hinausgeht, m\u00fcssen im Gutachten ausdr\u00fccklich mit ihrem Arbeitsanteil erw\u00e4hnt werden.<\/p>\n<p>Bei \u00f6ffentlich-bestellten und vereidigten Sachverst\u00e4ndigen muss das Gutachten mit dem Rundstempel versehen werden.<\/p>\n<h2>Typische Fragestellungen in IT-Gutachten zu Software und Systemen<\/h2>\n<p>Fragestellungen der Auftraggeber von IT-Gutachten beziehen sich typischerweise auf:<\/p>\n<ul>\n<li><strong>Eigenschaften<\/strong> von Software und System (<a href=\"http:\/\/www.ecambria-experts.de\/it-sachverstaendiger\/ueberpruefung-der-ist-beschaffenheit\">IST-Beschaffenheit<\/a>),<\/li>\n<li><strong>Markt\u00fcblichkeiten<\/strong> <strong>\/<\/strong> <strong>durchschnittliche Qualit\u00e4t<\/strong> (<a href=\"http:\/\/www.ecambria-experts.de\/it-sachverstaendiger\/leistungen_ermittlung_soll-beschaffenheit\">SOLL-Beschaffenheit<\/a>),<\/li>\n<li><strong>Eignung f\u00fcr bestimmte Einsatzgebiete<\/strong> (<a href=\"http:\/\/www.ecambria-experts.de\/it-sachverstaendiger\/leistungen_ermittlung_soll-beschaffenheit\">SOLL-Beschaffenheit<\/a>, <a href=\"http:\/\/www.ecambria-experts.de\/it-sachverstaendiger\/leistungen_fehlerberwertung_von_software_und_dokumentation\">Bewertung von Fehlern<\/a>),<\/li>\n<li><strong>Wert<\/strong> von Software (<a href=\"http:\/\/www.ecambria-experts.de\/it-sachverstaendiger\/software-wertgutachten-wertbegriffe-und-einsatzzwecke\">Wertgutachten<\/a>) und<\/li>\n<li><strong>Elektronische Spuren und Daten<\/strong> (<a href=\"http:\/\/www.ecambria-experts.de\/it-sachverstaendiger\/gutachten-fuer-die-staatsanwaltschaft\">Forensik<\/a>).<\/li>\n<\/ul>\n<p>Wir decken das komplette Spektrum von Fragestellungen zu Software und Systemen ab. Gerade bei Privatgutachten ist es oft hilfreich, mit uns in einer dem eigentlichen Gutachten vorgelagerten Beratungsphase die vorliegende Problemstellung zu evaluieren und die konkrete Fragestellung f\u00fcr ein Gutachten zu diskutieren. Auch bei gerichtlichen Gutachten stehen wir gerne schon vor dem Abfassen eines Beweisbeschlusses f\u00fcr Fragen zur Verf\u00fcgung. Erfahrungsgem\u00e4\u00df k\u00f6nnen durch einen &#8222;Zuschnitt&#8220;\u00a0der Fragestellung Aufw\u00e4nde verringert und so die Kosten eines Gutachtens im Streitfall erheblich gesenkt werden.<\/p>\n","protected":false},"excerpt":{"rendered":"<p>IT-Gutachten Ein Gutachten ist das formale, schriftliche Arbeitsergebnis eines Sachverst\u00e4ndigen. Es beantwortet eine oder mehrere Fragen des Auftraggebers und dokumentiert die Untersuchungen, Feststellungen und Bewertungen des Sachverst\u00e4ndigen. Gutachten werden typischerweise nur in kritischen Situationen eingeholt, in denen es um Entscheidungen mit weitreichenden und schwerwiegenden Folgen geht, also z.B. in Gerichtsverfahren,&#8230;<\/p>\n","protected":false},"author":1,"featured_media":0,"parent":0,"menu_order":0,"comment_status":"closed","ping_status":"closed","template":"","meta":{"inline_featured_image":false,"footnotes":""},"class_list":["post-690","page","type-page","status-publish","hentry"],"yoast_head":"<!-- This site is optimized with the Yoast SEO plugin v25.4 - https:\/\/yoast.com\/wordpress\/plugins\/seo\/ -->\n<title>IT-Gutachten - ecambria experts<\/title>\n<meta name=\"description\" content=\"Ein Gutachten ist das schriftliche Arbeitsergebnis eines Sachverst\u00e4ndigen. Die ecambria experts erstellen hochwertige IT-Gutachten zu Software und Systemen.\" \/>\n<meta name=\"robots\" content=\"index, follow, max-snippet:-1, max-image-preview:large, max-video-preview:-1\" \/>\n<link rel=\"canonical\" href=\"https:\/\/www.ecambria-experts.de\/it-sachverstaendiger\/it-gutachten\" \/>\n<meta property=\"og:locale\" content=\"de_DE\" \/>\n<meta property=\"og:type\" content=\"article\" \/>\n<meta property=\"og:title\" content=\"IT-Gutachten - ecambria experts\" \/>\n<meta property=\"og:description\" content=\"Ein Gutachten ist das schriftliche Arbeitsergebnis eines Sachverst\u00e4ndigen. Die ecambria experts erstellen hochwertige IT-Gutachten zu Software und Systemen.\" \/>\n<meta property=\"og:url\" content=\"https:\/\/www.ecambria-experts.de\/it-sachverstaendiger\/it-gutachten\" \/>\n<meta property=\"og:site_name\" content=\"ecambria experts\" \/>\n<meta property=\"article:modified_time\" content=\"2021-04-09T13:14:37+00:00\" \/>\n<meta name=\"twitter:card\" content=\"summary_large_image\" \/>\n<meta name=\"twitter:label1\" content=\"Gesch\u00e4tzte Lesezeit\" \/>\n\t<meta name=\"twitter:data1\" content=\"3\u00a0Minuten\" \/>\n<script type=\"application\/ld+json\" class=\"yoast-schema-graph\">{\"@context\":\"https:\/\/schema.org\",\"@graph\":[{\"@type\":\"WebPage\",\"@id\":\"https:\/\/www.ecambria-experts.de\/it-sachverstaendiger\/it-gutachten\",\"url\":\"https:\/\/www.ecambria-experts.de\/it-sachverstaendiger\/it-gutachten\",\"name\":\"IT-Gutachten - ecambria experts\",\"isPartOf\":{\"@id\":\"https:\/\/www.ecambria-experts.de\/it-sachverstaendiger\/#website\"},\"datePublished\":\"2016-11-01T20:45:14+00:00\",\"dateModified\":\"2021-04-09T13:14:37+00:00\",\"description\":\"Ein Gutachten ist das schriftliche Arbeitsergebnis eines Sachverst\u00e4ndigen. Die ecambria experts erstellen hochwertige IT-Gutachten zu Software und Systemen.\",\"breadcrumb\":{\"@id\":\"https:\/\/www.ecambria-experts.de\/it-sachverstaendiger\/it-gutachten#breadcrumb\"},\"inLanguage\":\"de\",\"potentialAction\":[{\"@type\":\"ReadAction\",\"target\":[\"https:\/\/www.ecambria-experts.de\/it-sachverstaendiger\/it-gutachten\"]}]},{\"@type\":\"BreadcrumbList\",\"@id\":\"https:\/\/www.ecambria-experts.de\/it-sachverstaendiger\/it-gutachten#breadcrumb\",\"itemListElement\":[{\"@type\":\"ListItem\",\"position\":1,\"name\":\"Startseite\",\"item\":\"https:\/\/www.ecambria-experts.de\/it-sachverstaendiger\/\"},{\"@type\":\"ListItem\",\"position\":2,\"name\":\"IT-Gutachten\"}]},{\"@type\":\"WebSite\",\"@id\":\"https:\/\/www.ecambria-experts.de\/it-sachverstaendiger\/#website\",\"url\":\"https:\/\/www.ecambria-experts.de\/it-sachverstaendiger\/\",\"name\":\"ecambria experts\",\"description\":\"IT-Sachverst\u00e4ndige und Gutachter, Bewertung, Gerichtsgutachten, Privatgutachten, Schlichtung\",\"publisher\":{\"@id\":\"https:\/\/www.ecambria-experts.de\/it-sachverstaendiger\/#organization\"},\"potentialAction\":[{\"@type\":\"SearchAction\",\"target\":{\"@type\":\"EntryPoint\",\"urlTemplate\":\"https:\/\/www.ecambria-experts.de\/it-sachverstaendiger\/?s={search_term_string}\"},\"query-input\":{\"@type\":\"PropertyValueSpecification\",\"valueRequired\":true,\"valueName\":\"search_term_string\"}}],\"inLanguage\":\"de\"},{\"@type\":\"Organization\",\"@id\":\"https:\/\/www.ecambria-experts.de\/it-sachverstaendiger\/#organization\",\"name\":\"ecambria experts\",\"url\":\"https:\/\/www.ecambria-experts.de\/it-sachverstaendiger\/\",\"logo\":{\"@type\":\"ImageObject\",\"inLanguage\":\"de\",\"@id\":\"https:\/\/www.ecambria-experts.de\/it-sachverstaendiger\/#\/schema\/logo\/image\/\",\"url\":\"https:\/\/www.ecambria-experts.de\/it-sachverstaendiger\/wp-content\/uploads\/2025\/09\/ecambria_experts_logo_ohne_rand.svg\",\"contentUrl\":\"https:\/\/www.ecambria-experts.de\/it-sachverstaendiger\/wp-content\/uploads\/2025\/09\/ecambria_experts_logo_ohne_rand.svg\",\"width\":369,\"height\":60,\"caption\":\"ecambria experts\"},\"image\":{\"@id\":\"https:\/\/www.ecambria-experts.de\/it-sachverstaendiger\/#\/schema\/logo\/image\/\"}}]}<\/script>\n<!-- \/ Yoast SEO plugin. -->","yoast_head_json":{"title":"IT-Gutachten - ecambria experts","description":"Ein Gutachten ist das schriftliche Arbeitsergebnis eines Sachverst\u00e4ndigen. Die ecambria experts erstellen hochwertige IT-Gutachten zu Software und Systemen.","robots":{"index":"index","follow":"follow","max-snippet":"max-snippet:-1","max-image-preview":"max-image-preview:large","max-video-preview":"max-video-preview:-1"},"canonical":"https:\/\/www.ecambria-experts.de\/it-sachverstaendiger\/it-gutachten","og_locale":"de_DE","og_type":"article","og_title":"IT-Gutachten - ecambria experts","og_description":"Ein Gutachten ist das schriftliche Arbeitsergebnis eines Sachverst\u00e4ndigen. Die ecambria experts erstellen hochwertige IT-Gutachten zu Software und Systemen.","og_url":"https:\/\/www.ecambria-experts.de\/it-sachverstaendiger\/it-gutachten","og_site_name":"ecambria experts","article_modified_time":"2021-04-09T13:14:37+00:00","twitter_card":"summary_large_image","twitter_misc":{"Gesch\u00e4tzte Lesezeit":"3\u00a0Minuten"},"schema":{"@context":"https:\/\/schema.org","@graph":[{"@type":"WebPage","@id":"https:\/\/www.ecambria-experts.de\/it-sachverstaendiger\/it-gutachten","url":"https:\/\/www.ecambria-experts.de\/it-sachverstaendiger\/it-gutachten","name":"IT-Gutachten - ecambria experts","isPartOf":{"@id":"https:\/\/www.ecambria-experts.de\/it-sachverstaendiger\/#website"},"datePublished":"2016-11-01T20:45:14+00:00","dateModified":"2021-04-09T13:14:37+00:00","description":"Ein Gutachten ist das schriftliche Arbeitsergebnis eines Sachverst\u00e4ndigen. Die ecambria experts erstellen hochwertige IT-Gutachten zu Software und Systemen.","breadcrumb":{"@id":"https:\/\/www.ecambria-experts.de\/it-sachverstaendiger\/it-gutachten#breadcrumb"},"inLanguage":"de","potentialAction":[{"@type":"ReadAction","target":["https:\/\/www.ecambria-experts.de\/it-sachverstaendiger\/it-gutachten"]}]},{"@type":"BreadcrumbList","@id":"https:\/\/www.ecambria-experts.de\/it-sachverstaendiger\/it-gutachten#breadcrumb","itemListElement":[{"@type":"ListItem","position":1,"name":"Startseite","item":"https:\/\/www.ecambria-experts.de\/it-sachverstaendiger\/"},{"@type":"ListItem","position":2,"name":"IT-Gutachten"}]},{"@type":"WebSite","@id":"https:\/\/www.ecambria-experts.de\/it-sachverstaendiger\/#website","url":"https:\/\/www.ecambria-experts.de\/it-sachverstaendiger\/","name":"ecambria experts","description":"IT-Sachverst\u00e4ndige und Gutachter, Bewertung, Gerichtsgutachten, Privatgutachten, Schlichtung","publisher":{"@id":"https:\/\/www.ecambria-experts.de\/it-sachverstaendiger\/#organization"},"potentialAction":[{"@type":"SearchAction","target":{"@type":"EntryPoint","urlTemplate":"https:\/\/www.ecambria-experts.de\/it-sachverstaendiger\/?s={search_term_string}"},"query-input":{"@type":"PropertyValueSpecification","valueRequired":true,"valueName":"search_term_string"}}],"inLanguage":"de"},{"@type":"Organization","@id":"https:\/\/www.ecambria-experts.de\/it-sachverstaendiger\/#organization","name":"ecambria experts","url":"https:\/\/www.ecambria-experts.de\/it-sachverstaendiger\/","logo":{"@type":"ImageObject","inLanguage":"de","@id":"https:\/\/www.ecambria-experts.de\/it-sachverstaendiger\/#\/schema\/logo\/image\/","url":"https:\/\/www.ecambria-experts.de\/it-sachverstaendiger\/wp-content\/uploads\/2025\/09\/ecambria_experts_logo_ohne_rand.svg","contentUrl":"https:\/\/www.ecambria-experts.de\/it-sachverstaendiger\/wp-content\/uploads\/2025\/09\/ecambria_experts_logo_ohne_rand.svg","width":369,"height":60,"caption":"ecambria experts"},"image":{"@id":"https:\/\/www.ecambria-experts.de\/it-sachverstaendiger\/#\/schema\/logo\/image\/"}}]}},"_links":{"self":[{"href":"https:\/\/www.ecambria-experts.de\/it-sachverstaendiger\/wp-json\/wp\/v2\/pages\/690","targetHints":{"allow":["GET"]}}],"collection":[{"href":"https:\/\/www.ecambria-experts.de\/it-sachverstaendiger\/wp-json\/wp\/v2\/pages"}],"about":[{"href":"https:\/\/www.ecambria-experts.de\/it-sachverstaendiger\/wp-json\/wp\/v2\/types\/page"}],"author":[{"embeddable":true,"href":"https:\/\/www.ecambria-experts.de\/it-sachverstaendiger\/wp-json\/wp\/v2\/users\/1"}],"replies":[{"embeddable":true,"href":"https:\/\/www.ecambria-experts.de\/it-sachverstaendiger\/wp-json\/wp\/v2\/comments?post=690"}],"version-history":[{"count":13,"href":"https:\/\/www.ecambria-experts.de\/it-sachverstaendiger\/wp-json\/wp\/v2\/pages\/690\/revisions"}],"predecessor-version":[{"id":1335,"href":"https:\/\/www.ecambria-experts.de\/it-sachverstaendiger\/wp-json\/wp\/v2\/pages\/690\/revisions\/1335"}],"wp:attachment":[{"href":"https:\/\/www.ecambria-experts.de\/it-sachverstaendiger\/wp-json\/wp\/v2\/media?parent=690"}],"curies":[{"name":"wp","href":"https:\/\/api.w.org\/{rel}","templated":true}]}}