{"id":702,"date":"2016-11-01T21:44:47","date_gmt":"2016-11-01T20:44:47","guid":{"rendered":"http:\/\/www.ecambria-experts.de\/it-sachverstaendiger\/?page_id=702"},"modified":"2019-09-04T13:52:12","modified_gmt":"2019-09-04T12:52:12","slug":"datenschutz-und-datensicherheit","status":"publish","type":"page","link":"https:\/\/www.ecambria-experts.de\/it-sachverstaendiger\/datenschutz-und-datensicherheit","title":{"rendered":"Datenschutz und Datensicherheit"},"content":{"rendered":"<h1>Datenschutz und Datensicherheit<\/h1>\n<p>Datenschutz \u2013 insbesondere f\u00fcr Mitarbeiter- und Kundendaten \u2013 ist in den letzten Jahren aufgrund zahlloser publizierter Sicherheitsvorf\u00e4lle und sp\u00fcrbar strengerer Gesetzgebung, Aufsicht und Rechtsprechung verst\u00e4rkt in die Compliance-Betrachtungen mittlerer und gro\u00dfer Unternehmen sowie \u00f6ffentlicher Einrichtungen ger\u00fcckt.<\/p>\n<p>Die mit der Datenschutzgrundverordnung ab 2018 geltenden, drastisch erh\u00f6hten Bu\u00dfgelder (bis zu 4% des weltweiten Jahresumsatzes eines Unternehmens) verst\u00e4rken nochmals die Dringlichkeit, die eigene Organisation in Bezug auf die Datensicherheit auf ein angemessenes Niveau zu entwickeln.<\/p>\n<h2>Dienstleistungen im Bereich Datenschutz<\/h2>\n<p>Als IT-Sachverst\u00e4ndige mit Fokus auf Datenschutz und IT-Sicherheit unterst\u00fctzen wir Sie und Ihr Unternehmen dabei in allen Phasen von der Bestandsaufnahme der Verfahren, Systeme und Datenfl\u00fcsse \u00fcber die Bewertung von technischen und organisatorischen Ma\u00dfnahmen bis hin zu Entwicklung von Datenschutzkonzepten und Betriebsvereinbarungen.<\/p>\n<p>Typische Leistungen im Bereich Datenschutz sind:<\/p>\n<ul>\n<li><a href=\"https:\/\/www.ecambria-experts.de\/it-sachverstaendiger\/datenschutzaudit\">Komplette Datenschutzaudits<\/a>\n<ul>\n<li>Bestandsaufnahme Verfahren, Systeme und Datenfl\u00fcsse<\/li>\n<li>Erstellung oder Pr\u00fcfung Verzeichnis der Verarbeitungst\u00e4tigkeiten<\/li>\n<li>Risikoanalysen und Pr\u00fcfung TOMs<\/li>\n<\/ul>\n<\/li>\n<li><a href=\"https:\/\/www.ecambria-experts.de\/it-sachverstaendiger\/datenschutzbewertung-neue-verfahren-und-systeme\">Datenschutzbewertung f\u00fcr neue Verfahren und Systeme<\/a><\/li>\n<li>&#8222;<a href=\"https:\/\/www.ecambria-experts.de\/it-sachverstaendiger\/privacy-by-design\">Privacy by Design<\/a>&#8220; bereits bei Einkauf, Ausschreibungen und Eigenentwicklung<\/li>\n<li>Datenschutzkonzepte<\/li>\n<li>Kryptokonzepte<\/li>\n<li>Erstellung der technischen Anteile von <a href=\"https:\/\/www.ecambria-experts.de\/it-sachverstaendiger\/betriebsvereinbarung-software\">Betriebsvereinbarungen <\/a>zu IT-Systemen.<\/li>\n<\/ul>\n<p>Die Sachverst\u00e4ndigen der ecambria experts ver\u00f6ffentlichen regelm\u00e4\u00dfig \u2013 oft gemeinsam mit spezialisierten Anw\u00e4lten \u2013 in den bekannten Fachzeitschriften und tragen zu ausgesuchten Themen auf Fachtagungen vor.<\/p>\n<h2>Aktuelle Ver\u00f6ffentlichungen zu Spezialthemen beim Datenschutz<\/h2>\n<ul>\n<li><a href=\"https:\/\/www.ecambria-experts.de\/it-sachverstaendiger\/nutzung-von-datenraeumen-und-dateiablagen-in-unternehmen\">Unstrukturierte Dateiablagen<\/a><\/li>\n<li><a href=\"https:\/\/www.ecambria-experts.de\/it-sachverstaendiger\/verschluesselung-und-datenschutz\">Verschl\u00fcsselungen<\/a><\/li>\n<li><a href=\"https:\/\/www.ecambria-experts.de\/it-sachverstaendiger\/mobile-arbeitsplaetze-datenschutz-fuer-digitale-nomaden\">Reisen ins au\u00dfereurop\u00e4ische Ausland<\/a><\/li>\n<li><a href=\"https:\/\/www.ecambria-experts.de\/it-sachverstaendiger\/geolokalisierung-der-personenbezug-von-standortdaten\">Geolokalisierung<\/a><\/li>\n<li><a href=\"https:\/\/www.ecambria-experts.de\/it-sachverstaendiger\/publikationen_dokumentation\">Dokumentation und Verfahrens der Verarbeitungst\u00e4tigkeiten<\/a><\/li>\n<li><a href=\"https:\/\/www.ecambria-experts.de\/it-sachverstaendiger\/publikationen_erhebung_personenbezogener_daten_beim_aufruf_von_webseiten\">Erhebung personenbezogener Daten bei Webanwendungen<\/a><\/li>\n<\/ul>\n","protected":false},"excerpt":{"rendered":"<p>Datenschutz und Datensicherheit Datenschutz \u2013 insbesondere f\u00fcr Mitarbeiter- und Kundendaten \u2013 ist in den letzten Jahren aufgrund zahlloser publizierter Sicherheitsvorf\u00e4lle und sp\u00fcrbar strengerer Gesetzgebung, Aufsicht und Rechtsprechung verst\u00e4rkt in die Compliance-Betrachtungen mittlerer und gro\u00dfer Unternehmen sowie \u00f6ffentlicher Einrichtungen ger\u00fcckt. Die mit der Datenschutzgrundverordnung ab 2018 geltenden, drastisch erh\u00f6hten Bu\u00dfgelder (bis&#8230;<\/p>\n","protected":false},"author":1,"featured_media":0,"parent":0,"menu_order":0,"comment_status":"closed","ping_status":"closed","template":"","meta":{"inline_featured_image":false,"footnotes":""},"class_list":["post-702","page","type-page","status-publish","hentry"],"yoast_head":"<!-- This site is optimized with the Yoast SEO plugin v25.4 - https:\/\/yoast.com\/wordpress\/plugins\/seo\/ -->\n<title>Datenschutz und Datensicherheit - ecambria experts<\/title>\n<meta name=\"description\" content=\"Als IT-Sachverst\u00e4ndige unterst\u00fctzen wir Sie im Datenschutz sowohl bei der Bestandsaufnahme Ihrer IT als auch bei der Entwicklung von Datenschutzma\u00dfnahmen.\" \/>\n<meta name=\"robots\" content=\"index, follow, max-snippet:-1, max-image-preview:large, max-video-preview:-1\" \/>\n<link rel=\"canonical\" href=\"https:\/\/www.ecambria-experts.de\/it-sachverstaendiger\/datenschutz-und-datensicherheit\" \/>\n<meta property=\"og:locale\" content=\"de_DE\" \/>\n<meta property=\"og:type\" content=\"article\" \/>\n<meta property=\"og:title\" content=\"Datenschutz und Datensicherheit - ecambria experts\" \/>\n<meta property=\"og:description\" content=\"Als IT-Sachverst\u00e4ndige unterst\u00fctzen wir Sie im Datenschutz sowohl bei der Bestandsaufnahme Ihrer IT als auch bei der Entwicklung von Datenschutzma\u00dfnahmen.\" \/>\n<meta property=\"og:url\" content=\"https:\/\/www.ecambria-experts.de\/it-sachverstaendiger\/datenschutz-und-datensicherheit\" \/>\n<meta property=\"og:site_name\" content=\"ecambria experts\" \/>\n<meta property=\"article:modified_time\" content=\"2019-09-04T12:52:12+00:00\" \/>\n<meta name=\"twitter:card\" content=\"summary_large_image\" \/>\n<meta name=\"twitter:label1\" content=\"Gesch\u00e4tzte Lesezeit\" \/>\n\t<meta name=\"twitter:data1\" content=\"1\u00a0Minute\" \/>\n<script type=\"application\/ld+json\" class=\"yoast-schema-graph\">{\"@context\":\"https:\/\/schema.org\",\"@graph\":[{\"@type\":\"WebPage\",\"@id\":\"https:\/\/www.ecambria-experts.de\/it-sachverstaendiger\/datenschutz-und-datensicherheit\",\"url\":\"https:\/\/www.ecambria-experts.de\/it-sachverstaendiger\/datenschutz-und-datensicherheit\",\"name\":\"Datenschutz und Datensicherheit - ecambria experts\",\"isPartOf\":{\"@id\":\"https:\/\/www.ecambria-experts.de\/it-sachverstaendiger\/#website\"},\"datePublished\":\"2016-11-01T20:44:47+00:00\",\"dateModified\":\"2019-09-04T12:52:12+00:00\",\"description\":\"Als IT-Sachverst\u00e4ndige unterst\u00fctzen wir Sie im Datenschutz sowohl bei der Bestandsaufnahme Ihrer IT als auch bei der Entwicklung von Datenschutzma\u00dfnahmen.\",\"breadcrumb\":{\"@id\":\"https:\/\/www.ecambria-experts.de\/it-sachverstaendiger\/datenschutz-und-datensicherheit#breadcrumb\"},\"inLanguage\":\"de\",\"potentialAction\":[{\"@type\":\"ReadAction\",\"target\":[\"https:\/\/www.ecambria-experts.de\/it-sachverstaendiger\/datenschutz-und-datensicherheit\"]}]},{\"@type\":\"BreadcrumbList\",\"@id\":\"https:\/\/www.ecambria-experts.de\/it-sachverstaendiger\/datenschutz-und-datensicherheit#breadcrumb\",\"itemListElement\":[{\"@type\":\"ListItem\",\"position\":1,\"name\":\"Startseite\",\"item\":\"https:\/\/www.ecambria-experts.de\/it-sachverstaendiger\/\"},{\"@type\":\"ListItem\",\"position\":2,\"name\":\"Datenschutz und Datensicherheit\"}]},{\"@type\":\"WebSite\",\"@id\":\"https:\/\/www.ecambria-experts.de\/it-sachverstaendiger\/#website\",\"url\":\"https:\/\/www.ecambria-experts.de\/it-sachverstaendiger\/\",\"name\":\"ecambria experts\",\"description\":\"IT-Sachverst\u00e4ndige und Gutachter, Bewertung, Gerichtsgutachten, Privatgutachten, Schlichtung\",\"publisher\":{\"@id\":\"https:\/\/www.ecambria-experts.de\/it-sachverstaendiger\/#organization\"},\"potentialAction\":[{\"@type\":\"SearchAction\",\"target\":{\"@type\":\"EntryPoint\",\"urlTemplate\":\"https:\/\/www.ecambria-experts.de\/it-sachverstaendiger\/?s={search_term_string}\"},\"query-input\":{\"@type\":\"PropertyValueSpecification\",\"valueRequired\":true,\"valueName\":\"search_term_string\"}}],\"inLanguage\":\"de\"},{\"@type\":\"Organization\",\"@id\":\"https:\/\/www.ecambria-experts.de\/it-sachverstaendiger\/#organization\",\"name\":\"ecambria experts\",\"url\":\"https:\/\/www.ecambria-experts.de\/it-sachverstaendiger\/\",\"logo\":{\"@type\":\"ImageObject\",\"inLanguage\":\"de\",\"@id\":\"https:\/\/www.ecambria-experts.de\/it-sachverstaendiger\/#\/schema\/logo\/image\/\",\"url\":\"https:\/\/www.ecambria-experts.de\/it-sachverstaendiger\/wp-content\/uploads\/2025\/09\/ecambria_experts_logo_ohne_rand.svg\",\"contentUrl\":\"https:\/\/www.ecambria-experts.de\/it-sachverstaendiger\/wp-content\/uploads\/2025\/09\/ecambria_experts_logo_ohne_rand.svg\",\"width\":369,\"height\":60,\"caption\":\"ecambria experts\"},\"image\":{\"@id\":\"https:\/\/www.ecambria-experts.de\/it-sachverstaendiger\/#\/schema\/logo\/image\/\"}}]}<\/script>\n<!-- \/ Yoast SEO plugin. -->","yoast_head_json":{"title":"Datenschutz und Datensicherheit - ecambria experts","description":"Als IT-Sachverst\u00e4ndige unterst\u00fctzen wir Sie im Datenschutz sowohl bei der Bestandsaufnahme Ihrer IT als auch bei der Entwicklung von Datenschutzma\u00dfnahmen.","robots":{"index":"index","follow":"follow","max-snippet":"max-snippet:-1","max-image-preview":"max-image-preview:large","max-video-preview":"max-video-preview:-1"},"canonical":"https:\/\/www.ecambria-experts.de\/it-sachverstaendiger\/datenschutz-und-datensicherheit","og_locale":"de_DE","og_type":"article","og_title":"Datenschutz und Datensicherheit - ecambria experts","og_description":"Als IT-Sachverst\u00e4ndige unterst\u00fctzen wir Sie im Datenschutz sowohl bei der Bestandsaufnahme Ihrer IT als auch bei der Entwicklung von Datenschutzma\u00dfnahmen.","og_url":"https:\/\/www.ecambria-experts.de\/it-sachverstaendiger\/datenschutz-und-datensicherheit","og_site_name":"ecambria experts","article_modified_time":"2019-09-04T12:52:12+00:00","twitter_card":"summary_large_image","twitter_misc":{"Gesch\u00e4tzte Lesezeit":"1\u00a0Minute"},"schema":{"@context":"https:\/\/schema.org","@graph":[{"@type":"WebPage","@id":"https:\/\/www.ecambria-experts.de\/it-sachverstaendiger\/datenschutz-und-datensicherheit","url":"https:\/\/www.ecambria-experts.de\/it-sachverstaendiger\/datenschutz-und-datensicherheit","name":"Datenschutz und Datensicherheit - ecambria experts","isPartOf":{"@id":"https:\/\/www.ecambria-experts.de\/it-sachverstaendiger\/#website"},"datePublished":"2016-11-01T20:44:47+00:00","dateModified":"2019-09-04T12:52:12+00:00","description":"Als IT-Sachverst\u00e4ndige unterst\u00fctzen wir Sie im Datenschutz sowohl bei der Bestandsaufnahme Ihrer IT als auch bei der Entwicklung von Datenschutzma\u00dfnahmen.","breadcrumb":{"@id":"https:\/\/www.ecambria-experts.de\/it-sachverstaendiger\/datenschutz-und-datensicherheit#breadcrumb"},"inLanguage":"de","potentialAction":[{"@type":"ReadAction","target":["https:\/\/www.ecambria-experts.de\/it-sachverstaendiger\/datenschutz-und-datensicherheit"]}]},{"@type":"BreadcrumbList","@id":"https:\/\/www.ecambria-experts.de\/it-sachverstaendiger\/datenschutz-und-datensicherheit#breadcrumb","itemListElement":[{"@type":"ListItem","position":1,"name":"Startseite","item":"https:\/\/www.ecambria-experts.de\/it-sachverstaendiger\/"},{"@type":"ListItem","position":2,"name":"Datenschutz und Datensicherheit"}]},{"@type":"WebSite","@id":"https:\/\/www.ecambria-experts.de\/it-sachverstaendiger\/#website","url":"https:\/\/www.ecambria-experts.de\/it-sachverstaendiger\/","name":"ecambria experts","description":"IT-Sachverst\u00e4ndige und Gutachter, Bewertung, Gerichtsgutachten, Privatgutachten, Schlichtung","publisher":{"@id":"https:\/\/www.ecambria-experts.de\/it-sachverstaendiger\/#organization"},"potentialAction":[{"@type":"SearchAction","target":{"@type":"EntryPoint","urlTemplate":"https:\/\/www.ecambria-experts.de\/it-sachverstaendiger\/?s={search_term_string}"},"query-input":{"@type":"PropertyValueSpecification","valueRequired":true,"valueName":"search_term_string"}}],"inLanguage":"de"},{"@type":"Organization","@id":"https:\/\/www.ecambria-experts.de\/it-sachverstaendiger\/#organization","name":"ecambria experts","url":"https:\/\/www.ecambria-experts.de\/it-sachverstaendiger\/","logo":{"@type":"ImageObject","inLanguage":"de","@id":"https:\/\/www.ecambria-experts.de\/it-sachverstaendiger\/#\/schema\/logo\/image\/","url":"https:\/\/www.ecambria-experts.de\/it-sachverstaendiger\/wp-content\/uploads\/2025\/09\/ecambria_experts_logo_ohne_rand.svg","contentUrl":"https:\/\/www.ecambria-experts.de\/it-sachverstaendiger\/wp-content\/uploads\/2025\/09\/ecambria_experts_logo_ohne_rand.svg","width":369,"height":60,"caption":"ecambria experts"},"image":{"@id":"https:\/\/www.ecambria-experts.de\/it-sachverstaendiger\/#\/schema\/logo\/image\/"}}]}},"_links":{"self":[{"href":"https:\/\/www.ecambria-experts.de\/it-sachverstaendiger\/wp-json\/wp\/v2\/pages\/702","targetHints":{"allow":["GET"]}}],"collection":[{"href":"https:\/\/www.ecambria-experts.de\/it-sachverstaendiger\/wp-json\/wp\/v2\/pages"}],"about":[{"href":"https:\/\/www.ecambria-experts.de\/it-sachverstaendiger\/wp-json\/wp\/v2\/types\/page"}],"author":[{"embeddable":true,"href":"https:\/\/www.ecambria-experts.de\/it-sachverstaendiger\/wp-json\/wp\/v2\/users\/1"}],"replies":[{"embeddable":true,"href":"https:\/\/www.ecambria-experts.de\/it-sachverstaendiger\/wp-json\/wp\/v2\/comments?post=702"}],"version-history":[{"count":7,"href":"https:\/\/www.ecambria-experts.de\/it-sachverstaendiger\/wp-json\/wp\/v2\/pages\/702\/revisions"}],"predecessor-version":[{"id":1349,"href":"https:\/\/www.ecambria-experts.de\/it-sachverstaendiger\/wp-json\/wp\/v2\/pages\/702\/revisions\/1349"}],"wp:attachment":[{"href":"https:\/\/www.ecambria-experts.de\/it-sachverstaendiger\/wp-json\/wp\/v2\/media?parent=702"}],"curies":[{"name":"wp","href":"https:\/\/api.w.org\/{rel}","templated":true}]}}