{"id":704,"date":"2016-11-01T21:44:22","date_gmt":"2016-11-01T20:44:22","guid":{"rendered":"http:\/\/www.ecambria-experts.de\/it-sachverstaendiger\/?page_id=704"},"modified":"2019-09-04T13:53:46","modified_gmt":"2019-09-04T12:53:46","slug":"datenschutzaudit","status":"publish","type":"page","link":"https:\/\/www.ecambria-experts.de\/it-sachverstaendiger\/datenschutzaudit","title":{"rendered":"Datenschutzaudit"},"content":{"rendered":"<h1>Datenschutzaudit<\/h1>\n<p>Wenn Sie sich als F\u00fchrungskraft oder Datenschutzbeauftragter \/ Datenschutzbeauftragte einen tragf\u00e4higen \u00dcberblick \u00fcber das Datenschutzniveau Ihrer Organisation verschaffen wollen, durchleuchten wir f\u00fcr Sie mit einem Datenschutzaudit alle relevanten Verfahren, Systeme und Datenfl\u00fcsse, die mit personenbezogenen Daten zu tun haben.<\/p>\n<h2>Datenschutzaudit zur Bestandsaufnahme<\/h2>\n<p>Dabei verwenden wir nicht nur \u201epapierbasierte\u201c Abfrageverfahren, sondern k\u00f6nnen aufgrund unseres technischen Hintergrunds die Systeme auch direkt untersuchen. Beispielsweise haben wir die notwendigen Werkzeuge, um in die beteiligten Datenbanken \u201ezu schauen\u201c, Berichte \u00fcber die tats\u00e4chlich z.B. in HR-Systemen gespeicherten Daten zu erzeugen oder sogar Netzwerkfl\u00fcsse zu untersuchen. Typischerweise betrachten wir so die Verfahrens- <u>und<\/u> Systemebene, so dass wir den relevanten Sachverhalt schnell und qualitativ hochwertig ermitteln k\u00f6nnen.<\/p>\n<h2>Sachverhaltsaufbereitung f\u00fcr die effiziente rechtliche Pr\u00fcfung<\/h2>\n<p>Stellen sich im Ergebnis des Audits spezifische Rechtsfragen, so bereiten wir den Sachverhalt f\u00fcr Ihre Rechtsabteilung oder eine externe Kanzlei auf. Im Bereich Datenschutz arbeiten wir mit f\u00fchrenden deutschen und internationalen Kanzleien zusammen.<\/p>\n<h2>Erstellung bzw. Pr\u00fcfung des Verzeichnisses der Verarbeitungst\u00e4tigkeiten<\/h2>\n<p>Die genauen Inhalte des Audits stimmen wir individuell auf das Profil Ihrer Firma und die gew\u00fcnschten Ergebnisdokumente ab. Typischerweise ist ein Ergebnis das (aktualisierte) Verzeichnis der Verarbeitungst\u00e4tigkeiten f\u00fcr Ihre Organisation.<\/p>\n<h2>Bewertung\u00a0 von technischen und organisatorischen Ma\u00dfnahmen<\/h2>\n<p>Bei besonderes sch\u00fctzenwerten Daten mit hohem Risiko (z.B. im Gesundheitsbereich) bieten wir als IT-Sachverst\u00e4ndige auch die Pr\u00fcfung der <a href=\"https:\/\/www.ecambria-experts.de\/it-sachverstaendiger\/26-28-10-2016-muenchen-vortrag-und-seminar-von-dr-stiemerling-auf-der-idacon-2016\">Eignung der getroffenen technischen und organisatorischen Ma\u00dfnahmen<\/a> im Hinblick auf die konkret festgestellten Risiken an.<\/p>\n","protected":false},"excerpt":{"rendered":"<p>Datenschutzaudit Wenn Sie sich als F\u00fchrungskraft oder Datenschutzbeauftragter \/ Datenschutzbeauftragte einen tragf\u00e4higen \u00dcberblick \u00fcber das Datenschutzniveau Ihrer Organisation verschaffen wollen, durchleuchten wir f\u00fcr Sie mit einem Datenschutzaudit alle relevanten Verfahren, Systeme und Datenfl\u00fcsse, die mit personenbezogenen Daten zu tun haben. Datenschutzaudit zur Bestandsaufnahme Dabei verwenden wir nicht nur \u201epapierbasierte\u201c Abfrageverfahren,&#8230;<\/p>\n","protected":false},"author":1,"featured_media":0,"parent":0,"menu_order":0,"comment_status":"closed","ping_status":"closed","template":"","meta":{"inline_featured_image":false,"footnotes":""},"class_list":["post-704","page","type-page","status-publish","hentry"],"yoast_head":"<!-- This site is optimized with the Yoast SEO plugin v25.4 - https:\/\/yoast.com\/wordpress\/plugins\/seo\/ -->\n<title>Datenschutzaudit - ecambria experts<\/title>\n<meta name=\"description\" content=\"Wir durchleuchten f\u00fcr Sie mit einem Datenschutzaudit alle Verfahren, Systeme und Datenfl\u00fcsse, die mit personenbezogenen Daten zu tun haben.\" \/>\n<meta name=\"robots\" content=\"index, follow, max-snippet:-1, max-image-preview:large, max-video-preview:-1\" \/>\n<link rel=\"canonical\" href=\"https:\/\/www.ecambria-experts.de\/it-sachverstaendiger\/datenschutzaudit\" \/>\n<meta property=\"og:locale\" content=\"de_DE\" \/>\n<meta property=\"og:type\" content=\"article\" \/>\n<meta property=\"og:title\" content=\"Datenschutzaudit - ecambria experts\" \/>\n<meta property=\"og:description\" content=\"Wir durchleuchten f\u00fcr Sie mit einem Datenschutzaudit alle Verfahren, Systeme und Datenfl\u00fcsse, die mit personenbezogenen Daten zu tun haben.\" \/>\n<meta property=\"og:url\" content=\"https:\/\/www.ecambria-experts.de\/it-sachverstaendiger\/datenschutzaudit\" \/>\n<meta property=\"og:site_name\" content=\"ecambria experts\" \/>\n<meta property=\"article:modified_time\" content=\"2019-09-04T12:53:46+00:00\" \/>\n<meta name=\"twitter:card\" content=\"summary_large_image\" \/>\n<meta name=\"twitter:label1\" content=\"Gesch\u00e4tzte Lesezeit\" \/>\n\t<meta name=\"twitter:data1\" content=\"1\u00a0Minute\" \/>\n<script type=\"application\/ld+json\" class=\"yoast-schema-graph\">{\"@context\":\"https:\/\/schema.org\",\"@graph\":[{\"@type\":\"WebPage\",\"@id\":\"https:\/\/www.ecambria-experts.de\/it-sachverstaendiger\/datenschutzaudit\",\"url\":\"https:\/\/www.ecambria-experts.de\/it-sachverstaendiger\/datenschutzaudit\",\"name\":\"Datenschutzaudit - ecambria experts\",\"isPartOf\":{\"@id\":\"https:\/\/www.ecambria-experts.de\/it-sachverstaendiger\/#website\"},\"datePublished\":\"2016-11-01T20:44:22+00:00\",\"dateModified\":\"2019-09-04T12:53:46+00:00\",\"description\":\"Wir durchleuchten f\u00fcr Sie mit einem Datenschutzaudit alle Verfahren, Systeme und Datenfl\u00fcsse, die mit personenbezogenen Daten zu tun haben.\",\"breadcrumb\":{\"@id\":\"https:\/\/www.ecambria-experts.de\/it-sachverstaendiger\/datenschutzaudit#breadcrumb\"},\"inLanguage\":\"de\",\"potentialAction\":[{\"@type\":\"ReadAction\",\"target\":[\"https:\/\/www.ecambria-experts.de\/it-sachverstaendiger\/datenschutzaudit\"]}]},{\"@type\":\"BreadcrumbList\",\"@id\":\"https:\/\/www.ecambria-experts.de\/it-sachverstaendiger\/datenschutzaudit#breadcrumb\",\"itemListElement\":[{\"@type\":\"ListItem\",\"position\":1,\"name\":\"Startseite\",\"item\":\"https:\/\/www.ecambria-experts.de\/it-sachverstaendiger\/\"},{\"@type\":\"ListItem\",\"position\":2,\"name\":\"Datenschutzaudit\"}]},{\"@type\":\"WebSite\",\"@id\":\"https:\/\/www.ecambria-experts.de\/it-sachverstaendiger\/#website\",\"url\":\"https:\/\/www.ecambria-experts.de\/it-sachverstaendiger\/\",\"name\":\"ecambria experts\",\"description\":\"IT-Sachverst\u00e4ndige und Gutachter, Bewertung, Gerichtsgutachten, Privatgutachten, Schlichtung\",\"publisher\":{\"@id\":\"https:\/\/www.ecambria-experts.de\/it-sachverstaendiger\/#organization\"},\"potentialAction\":[{\"@type\":\"SearchAction\",\"target\":{\"@type\":\"EntryPoint\",\"urlTemplate\":\"https:\/\/www.ecambria-experts.de\/it-sachverstaendiger\/?s={search_term_string}\"},\"query-input\":{\"@type\":\"PropertyValueSpecification\",\"valueRequired\":true,\"valueName\":\"search_term_string\"}}],\"inLanguage\":\"de\"},{\"@type\":\"Organization\",\"@id\":\"https:\/\/www.ecambria-experts.de\/it-sachverstaendiger\/#organization\",\"name\":\"ecambria experts\",\"url\":\"https:\/\/www.ecambria-experts.de\/it-sachverstaendiger\/\",\"logo\":{\"@type\":\"ImageObject\",\"inLanguage\":\"de\",\"@id\":\"https:\/\/www.ecambria-experts.de\/it-sachverstaendiger\/#\/schema\/logo\/image\/\",\"url\":\"https:\/\/www.ecambria-experts.de\/it-sachverstaendiger\/wp-content\/uploads\/2025\/09\/ecambria_experts_logo_ohne_rand.svg\",\"contentUrl\":\"https:\/\/www.ecambria-experts.de\/it-sachverstaendiger\/wp-content\/uploads\/2025\/09\/ecambria_experts_logo_ohne_rand.svg\",\"width\":369,\"height\":60,\"caption\":\"ecambria experts\"},\"image\":{\"@id\":\"https:\/\/www.ecambria-experts.de\/it-sachverstaendiger\/#\/schema\/logo\/image\/\"}}]}<\/script>\n<!-- \/ Yoast SEO plugin. -->","yoast_head_json":{"title":"Datenschutzaudit - ecambria experts","description":"Wir durchleuchten f\u00fcr Sie mit einem Datenschutzaudit alle Verfahren, Systeme und Datenfl\u00fcsse, die mit personenbezogenen Daten zu tun haben.","robots":{"index":"index","follow":"follow","max-snippet":"max-snippet:-1","max-image-preview":"max-image-preview:large","max-video-preview":"max-video-preview:-1"},"canonical":"https:\/\/www.ecambria-experts.de\/it-sachverstaendiger\/datenschutzaudit","og_locale":"de_DE","og_type":"article","og_title":"Datenschutzaudit - ecambria experts","og_description":"Wir durchleuchten f\u00fcr Sie mit einem Datenschutzaudit alle Verfahren, Systeme und Datenfl\u00fcsse, die mit personenbezogenen Daten zu tun haben.","og_url":"https:\/\/www.ecambria-experts.de\/it-sachverstaendiger\/datenschutzaudit","og_site_name":"ecambria experts","article_modified_time":"2019-09-04T12:53:46+00:00","twitter_card":"summary_large_image","twitter_misc":{"Gesch\u00e4tzte Lesezeit":"1\u00a0Minute"},"schema":{"@context":"https:\/\/schema.org","@graph":[{"@type":"WebPage","@id":"https:\/\/www.ecambria-experts.de\/it-sachverstaendiger\/datenschutzaudit","url":"https:\/\/www.ecambria-experts.de\/it-sachverstaendiger\/datenschutzaudit","name":"Datenschutzaudit - ecambria experts","isPartOf":{"@id":"https:\/\/www.ecambria-experts.de\/it-sachverstaendiger\/#website"},"datePublished":"2016-11-01T20:44:22+00:00","dateModified":"2019-09-04T12:53:46+00:00","description":"Wir durchleuchten f\u00fcr Sie mit einem Datenschutzaudit alle Verfahren, Systeme und Datenfl\u00fcsse, die mit personenbezogenen Daten zu tun haben.","breadcrumb":{"@id":"https:\/\/www.ecambria-experts.de\/it-sachverstaendiger\/datenschutzaudit#breadcrumb"},"inLanguage":"de","potentialAction":[{"@type":"ReadAction","target":["https:\/\/www.ecambria-experts.de\/it-sachverstaendiger\/datenschutzaudit"]}]},{"@type":"BreadcrumbList","@id":"https:\/\/www.ecambria-experts.de\/it-sachverstaendiger\/datenschutzaudit#breadcrumb","itemListElement":[{"@type":"ListItem","position":1,"name":"Startseite","item":"https:\/\/www.ecambria-experts.de\/it-sachverstaendiger\/"},{"@type":"ListItem","position":2,"name":"Datenschutzaudit"}]},{"@type":"WebSite","@id":"https:\/\/www.ecambria-experts.de\/it-sachverstaendiger\/#website","url":"https:\/\/www.ecambria-experts.de\/it-sachverstaendiger\/","name":"ecambria experts","description":"IT-Sachverst\u00e4ndige und Gutachter, Bewertung, Gerichtsgutachten, Privatgutachten, Schlichtung","publisher":{"@id":"https:\/\/www.ecambria-experts.de\/it-sachverstaendiger\/#organization"},"potentialAction":[{"@type":"SearchAction","target":{"@type":"EntryPoint","urlTemplate":"https:\/\/www.ecambria-experts.de\/it-sachverstaendiger\/?s={search_term_string}"},"query-input":{"@type":"PropertyValueSpecification","valueRequired":true,"valueName":"search_term_string"}}],"inLanguage":"de"},{"@type":"Organization","@id":"https:\/\/www.ecambria-experts.de\/it-sachverstaendiger\/#organization","name":"ecambria experts","url":"https:\/\/www.ecambria-experts.de\/it-sachverstaendiger\/","logo":{"@type":"ImageObject","inLanguage":"de","@id":"https:\/\/www.ecambria-experts.de\/it-sachverstaendiger\/#\/schema\/logo\/image\/","url":"https:\/\/www.ecambria-experts.de\/it-sachverstaendiger\/wp-content\/uploads\/2025\/09\/ecambria_experts_logo_ohne_rand.svg","contentUrl":"https:\/\/www.ecambria-experts.de\/it-sachverstaendiger\/wp-content\/uploads\/2025\/09\/ecambria_experts_logo_ohne_rand.svg","width":369,"height":60,"caption":"ecambria experts"},"image":{"@id":"https:\/\/www.ecambria-experts.de\/it-sachverstaendiger\/#\/schema\/logo\/image\/"}}]}},"_links":{"self":[{"href":"https:\/\/www.ecambria-experts.de\/it-sachverstaendiger\/wp-json\/wp\/v2\/pages\/704","targetHints":{"allow":["GET"]}}],"collection":[{"href":"https:\/\/www.ecambria-experts.de\/it-sachverstaendiger\/wp-json\/wp\/v2\/pages"}],"about":[{"href":"https:\/\/www.ecambria-experts.de\/it-sachverstaendiger\/wp-json\/wp\/v2\/types\/page"}],"author":[{"embeddable":true,"href":"https:\/\/www.ecambria-experts.de\/it-sachverstaendiger\/wp-json\/wp\/v2\/users\/1"}],"replies":[{"embeddable":true,"href":"https:\/\/www.ecambria-experts.de\/it-sachverstaendiger\/wp-json\/wp\/v2\/comments?post=704"}],"version-history":[{"count":6,"href":"https:\/\/www.ecambria-experts.de\/it-sachverstaendiger\/wp-json\/wp\/v2\/pages\/704\/revisions"}],"predecessor-version":[{"id":1567,"href":"https:\/\/www.ecambria-experts.de\/it-sachverstaendiger\/wp-json\/wp\/v2\/pages\/704\/revisions\/1567"}],"wp:attachment":[{"href":"https:\/\/www.ecambria-experts.de\/it-sachverstaendiger\/wp-json\/wp\/v2\/media?parent=704"}],"curies":[{"name":"wp","href":"https:\/\/api.w.org\/{rel}","templated":true}]}}