{"id":716,"date":"2016-11-01T21:43:05","date_gmt":"2016-11-01T20:43:05","guid":{"rendered":"http:\/\/www.ecambria-experts.de\/it-sachverstaendiger\/?page_id=716"},"modified":"2019-09-04T13:54:12","modified_gmt":"2019-09-04T12:54:12","slug":"betriebsvereinbarung-software","status":"publish","type":"page","link":"https:\/\/www.ecambria-experts.de\/it-sachverstaendiger\/betriebsvereinbarung-software","title":{"rendered":"Betriebsvereinbarung Software"},"content":{"rendered":"<h1>Betriebsvereinbarung Software<\/h1>\n<p>Parallel zu den Belangen des Datenschutzes m\u00fcssen bei der Einf\u00fchrung von Systemen auch die Regelungen der Mitbestimmung beachtet werden. Die meisten betrieblichen Informationssysteme speichern Daten zu Mitarbeitern (und seien es nur Anmeldeprotokolle), die eine Leistungs- oder Verhaltenskontrolle erm\u00f6glichen k\u00f6nnten. Solche Systeme unterliegen damit grunds\u00e4tzlich der Mitbestimmung und es muss eine entsprechende Betriebsvereinbarung zwischen Unternehmen und Betriebsrat getroffen werden.<\/p>\n<h2>Eine Betriebsvereinbarung ber\u00fccksichtigt die Belange von Mitarbeitern und Unternehmen<\/h2>\n<p>Wir unterst\u00fctzen Sie bei der Erstellung von passenden Betriebsvereinbarungen, insbesondere der Beschreibung der Systemfunktionen und den auszuschlie\u00dfenden M\u00f6glichkeiten der Leistungs- oder Verhaltenskontrolle.<\/p>\n<p>Wir ver\u00f6ffentlichen oft zu technischen Themen im Spannungsfeld der Interessen von Betriebsrat und Unternehmen:<\/p>\n<ul>\n<li><a href=\"http:\/\/www.ecambria-experts.de\/it-sachverstaendiger\/publikationen_usability_documentation\">Usability und Dokumentation<\/a><\/li>\n<li><a href=\"http:\/\/www.ecambria-experts.de\/it-sachverstaendiger\/leistungen_bewertung_der_barrierefreiheit\">Barrierefreiheit<\/a><\/li>\n<li><a href=\"http:\/\/www.ecambria-experts.de\/it-sachverstaendiger\/leistungen_bewertung_der_ergonomie\">Ergonomie am Arbeitsplatz<\/a><\/li>\n<li><a href=\"http:\/\/www.ecambria-experts.de\/it-sachverstaendiger\/arbeitnehmerdatenschutz-forensische-untersuchung-von-mitarbeiter-pcs-mobilgeraeten-und-servern\">Forensische Untersuchung von Mitarbeiter-PCs und mobilen Ger\u00e4ten<\/a>.<\/li>\n<\/ul>\n","protected":false},"excerpt":{"rendered":"<p>Betriebsvereinbarung Software Parallel zu den Belangen des Datenschutzes m\u00fcssen bei der Einf\u00fchrung von Systemen auch die Regelungen der Mitbestimmung beachtet werden. Die meisten betrieblichen Informationssysteme speichern Daten zu Mitarbeitern (und seien es nur Anmeldeprotokolle), die eine Leistungs- oder Verhaltenskontrolle erm\u00f6glichen k\u00f6nnten. Solche Systeme unterliegen damit grunds\u00e4tzlich der Mitbestimmung und es&#8230;<\/p>\n","protected":false},"author":1,"featured_media":0,"parent":0,"menu_order":0,"comment_status":"closed","ping_status":"closed","template":"","meta":{"inline_featured_image":false,"footnotes":""},"class_list":["post-716","page","type-page","status-publish","hentry"],"yoast_head":"<!-- This site is optimized with the Yoast SEO plugin v25.4 - https:\/\/yoast.com\/wordpress\/plugins\/seo\/ -->\n<title>Betriebsvereinbarung Software - ecambria experts<\/title>\n<meta name=\"description\" content=\"Wir unterst\u00fctzen Sie bei der Erstellung einer Betriebsvereinbarung, die einen fairen Ausgleich der Interessen bei der Einf\u00fchrung von Software erm\u00f6glicht.\" \/>\n<meta name=\"robots\" content=\"index, follow, max-snippet:-1, max-image-preview:large, max-video-preview:-1\" \/>\n<link rel=\"canonical\" href=\"https:\/\/www.ecambria-experts.de\/it-sachverstaendiger\/betriebsvereinbarung-software\" \/>\n<meta property=\"og:locale\" content=\"de_DE\" \/>\n<meta property=\"og:type\" content=\"article\" \/>\n<meta property=\"og:title\" content=\"Betriebsvereinbarung Software - ecambria experts\" \/>\n<meta property=\"og:description\" content=\"Wir unterst\u00fctzen Sie bei der Erstellung einer Betriebsvereinbarung, die einen fairen Ausgleich der Interessen bei der Einf\u00fchrung von Software erm\u00f6glicht.\" \/>\n<meta property=\"og:url\" content=\"https:\/\/www.ecambria-experts.de\/it-sachverstaendiger\/betriebsvereinbarung-software\" \/>\n<meta property=\"og:site_name\" content=\"ecambria experts\" \/>\n<meta property=\"article:modified_time\" content=\"2019-09-04T12:54:12+00:00\" \/>\n<meta name=\"twitter:card\" content=\"summary_large_image\" \/>\n<meta name=\"twitter:label1\" content=\"Gesch\u00e4tzte Lesezeit\" \/>\n\t<meta name=\"twitter:data1\" content=\"1\u00a0Minute\" \/>\n<script type=\"application\/ld+json\" class=\"yoast-schema-graph\">{\"@context\":\"https:\/\/schema.org\",\"@graph\":[{\"@type\":\"WebPage\",\"@id\":\"https:\/\/www.ecambria-experts.de\/it-sachverstaendiger\/betriebsvereinbarung-software\",\"url\":\"https:\/\/www.ecambria-experts.de\/it-sachverstaendiger\/betriebsvereinbarung-software\",\"name\":\"Betriebsvereinbarung Software - ecambria experts\",\"isPartOf\":{\"@id\":\"https:\/\/www.ecambria-experts.de\/it-sachverstaendiger\/#website\"},\"datePublished\":\"2016-11-01T20:43:05+00:00\",\"dateModified\":\"2019-09-04T12:54:12+00:00\",\"description\":\"Wir unterst\u00fctzen Sie bei der Erstellung einer Betriebsvereinbarung, die einen fairen Ausgleich der Interessen bei der Einf\u00fchrung von Software erm\u00f6glicht.\",\"breadcrumb\":{\"@id\":\"https:\/\/www.ecambria-experts.de\/it-sachverstaendiger\/betriebsvereinbarung-software#breadcrumb\"},\"inLanguage\":\"de\",\"potentialAction\":[{\"@type\":\"ReadAction\",\"target\":[\"https:\/\/www.ecambria-experts.de\/it-sachverstaendiger\/betriebsvereinbarung-software\"]}]},{\"@type\":\"BreadcrumbList\",\"@id\":\"https:\/\/www.ecambria-experts.de\/it-sachverstaendiger\/betriebsvereinbarung-software#breadcrumb\",\"itemListElement\":[{\"@type\":\"ListItem\",\"position\":1,\"name\":\"Startseite\",\"item\":\"https:\/\/www.ecambria-experts.de\/it-sachverstaendiger\/\"},{\"@type\":\"ListItem\",\"position\":2,\"name\":\"Betriebsvereinbarung Software\"}]},{\"@type\":\"WebSite\",\"@id\":\"https:\/\/www.ecambria-experts.de\/it-sachverstaendiger\/#website\",\"url\":\"https:\/\/www.ecambria-experts.de\/it-sachverstaendiger\/\",\"name\":\"ecambria experts\",\"description\":\"IT-Sachverst\u00e4ndige und Gutachter, Bewertung, Gerichtsgutachten, Privatgutachten, Schlichtung\",\"publisher\":{\"@id\":\"https:\/\/www.ecambria-experts.de\/it-sachverstaendiger\/#organization\"},\"potentialAction\":[{\"@type\":\"SearchAction\",\"target\":{\"@type\":\"EntryPoint\",\"urlTemplate\":\"https:\/\/www.ecambria-experts.de\/it-sachverstaendiger\/?s={search_term_string}\"},\"query-input\":{\"@type\":\"PropertyValueSpecification\",\"valueRequired\":true,\"valueName\":\"search_term_string\"}}],\"inLanguage\":\"de\"},{\"@type\":\"Organization\",\"@id\":\"https:\/\/www.ecambria-experts.de\/it-sachverstaendiger\/#organization\",\"name\":\"ecambria experts\",\"url\":\"https:\/\/www.ecambria-experts.de\/it-sachverstaendiger\/\",\"logo\":{\"@type\":\"ImageObject\",\"inLanguage\":\"de\",\"@id\":\"https:\/\/www.ecambria-experts.de\/it-sachverstaendiger\/#\/schema\/logo\/image\/\",\"url\":\"https:\/\/www.ecambria-experts.de\/it-sachverstaendiger\/wp-content\/uploads\/2025\/09\/ecambria_experts_logo_ohne_rand.svg\",\"contentUrl\":\"https:\/\/www.ecambria-experts.de\/it-sachverstaendiger\/wp-content\/uploads\/2025\/09\/ecambria_experts_logo_ohne_rand.svg\",\"width\":369,\"height\":60,\"caption\":\"ecambria experts\"},\"image\":{\"@id\":\"https:\/\/www.ecambria-experts.de\/it-sachverstaendiger\/#\/schema\/logo\/image\/\"}}]}<\/script>\n<!-- \/ Yoast SEO plugin. -->","yoast_head_json":{"title":"Betriebsvereinbarung Software - ecambria experts","description":"Wir unterst\u00fctzen Sie bei der Erstellung einer Betriebsvereinbarung, die einen fairen Ausgleich der Interessen bei der Einf\u00fchrung von Software erm\u00f6glicht.","robots":{"index":"index","follow":"follow","max-snippet":"max-snippet:-1","max-image-preview":"max-image-preview:large","max-video-preview":"max-video-preview:-1"},"canonical":"https:\/\/www.ecambria-experts.de\/it-sachverstaendiger\/betriebsvereinbarung-software","og_locale":"de_DE","og_type":"article","og_title":"Betriebsvereinbarung Software - ecambria experts","og_description":"Wir unterst\u00fctzen Sie bei der Erstellung einer Betriebsvereinbarung, die einen fairen Ausgleich der Interessen bei der Einf\u00fchrung von Software erm\u00f6glicht.","og_url":"https:\/\/www.ecambria-experts.de\/it-sachverstaendiger\/betriebsvereinbarung-software","og_site_name":"ecambria experts","article_modified_time":"2019-09-04T12:54:12+00:00","twitter_card":"summary_large_image","twitter_misc":{"Gesch\u00e4tzte Lesezeit":"1\u00a0Minute"},"schema":{"@context":"https:\/\/schema.org","@graph":[{"@type":"WebPage","@id":"https:\/\/www.ecambria-experts.de\/it-sachverstaendiger\/betriebsvereinbarung-software","url":"https:\/\/www.ecambria-experts.de\/it-sachverstaendiger\/betriebsvereinbarung-software","name":"Betriebsvereinbarung Software - ecambria experts","isPartOf":{"@id":"https:\/\/www.ecambria-experts.de\/it-sachverstaendiger\/#website"},"datePublished":"2016-11-01T20:43:05+00:00","dateModified":"2019-09-04T12:54:12+00:00","description":"Wir unterst\u00fctzen Sie bei der Erstellung einer Betriebsvereinbarung, die einen fairen Ausgleich der Interessen bei der Einf\u00fchrung von Software erm\u00f6glicht.","breadcrumb":{"@id":"https:\/\/www.ecambria-experts.de\/it-sachverstaendiger\/betriebsvereinbarung-software#breadcrumb"},"inLanguage":"de","potentialAction":[{"@type":"ReadAction","target":["https:\/\/www.ecambria-experts.de\/it-sachverstaendiger\/betriebsvereinbarung-software"]}]},{"@type":"BreadcrumbList","@id":"https:\/\/www.ecambria-experts.de\/it-sachverstaendiger\/betriebsvereinbarung-software#breadcrumb","itemListElement":[{"@type":"ListItem","position":1,"name":"Startseite","item":"https:\/\/www.ecambria-experts.de\/it-sachverstaendiger\/"},{"@type":"ListItem","position":2,"name":"Betriebsvereinbarung Software"}]},{"@type":"WebSite","@id":"https:\/\/www.ecambria-experts.de\/it-sachverstaendiger\/#website","url":"https:\/\/www.ecambria-experts.de\/it-sachverstaendiger\/","name":"ecambria experts","description":"IT-Sachverst\u00e4ndige und Gutachter, Bewertung, Gerichtsgutachten, Privatgutachten, Schlichtung","publisher":{"@id":"https:\/\/www.ecambria-experts.de\/it-sachverstaendiger\/#organization"},"potentialAction":[{"@type":"SearchAction","target":{"@type":"EntryPoint","urlTemplate":"https:\/\/www.ecambria-experts.de\/it-sachverstaendiger\/?s={search_term_string}"},"query-input":{"@type":"PropertyValueSpecification","valueRequired":true,"valueName":"search_term_string"}}],"inLanguage":"de"},{"@type":"Organization","@id":"https:\/\/www.ecambria-experts.de\/it-sachverstaendiger\/#organization","name":"ecambria experts","url":"https:\/\/www.ecambria-experts.de\/it-sachverstaendiger\/","logo":{"@type":"ImageObject","inLanguage":"de","@id":"https:\/\/www.ecambria-experts.de\/it-sachverstaendiger\/#\/schema\/logo\/image\/","url":"https:\/\/www.ecambria-experts.de\/it-sachverstaendiger\/wp-content\/uploads\/2025\/09\/ecambria_experts_logo_ohne_rand.svg","contentUrl":"https:\/\/www.ecambria-experts.de\/it-sachverstaendiger\/wp-content\/uploads\/2025\/09\/ecambria_experts_logo_ohne_rand.svg","width":369,"height":60,"caption":"ecambria experts"},"image":{"@id":"https:\/\/www.ecambria-experts.de\/it-sachverstaendiger\/#\/schema\/logo\/image\/"}}]}},"_links":{"self":[{"href":"https:\/\/www.ecambria-experts.de\/it-sachverstaendiger\/wp-json\/wp\/v2\/pages\/716","targetHints":{"allow":["GET"]}}],"collection":[{"href":"https:\/\/www.ecambria-experts.de\/it-sachverstaendiger\/wp-json\/wp\/v2\/pages"}],"about":[{"href":"https:\/\/www.ecambria-experts.de\/it-sachverstaendiger\/wp-json\/wp\/v2\/types\/page"}],"author":[{"embeddable":true,"href":"https:\/\/www.ecambria-experts.de\/it-sachverstaendiger\/wp-json\/wp\/v2\/users\/1"}],"replies":[{"embeddable":true,"href":"https:\/\/www.ecambria-experts.de\/it-sachverstaendiger\/wp-json\/wp\/v2\/comments?post=716"}],"version-history":[{"count":6,"href":"https:\/\/www.ecambria-experts.de\/it-sachverstaendiger\/wp-json\/wp\/v2\/pages\/716\/revisions"}],"predecessor-version":[{"id":1566,"href":"https:\/\/www.ecambria-experts.de\/it-sachverstaendiger\/wp-json\/wp\/v2\/pages\/716\/revisions\/1566"}],"wp:attachment":[{"href":"https:\/\/www.ecambria-experts.de\/it-sachverstaendiger\/wp-json\/wp\/v2\/media?parent=716"}],"curies":[{"name":"wp","href":"https:\/\/api.w.org\/{rel}","templated":true}]}}