{"id":725,"date":"2016-11-01T21:42:18","date_gmt":"2016-11-01T20:42:18","guid":{"rendered":"http:\/\/www.ecambria-experts.de\/it-sachverstaendiger\/?page_id=725"},"modified":"2019-09-04T13:58:08","modified_gmt":"2019-09-04T12:58:08","slug":"gutachten-fuer-die-staatsanwaltschaft","status":"publish","type":"page","link":"https:\/\/www.ecambria-experts.de\/it-sachverstaendiger\/gutachten-fuer-die-staatsanwaltschaft","title":{"rendered":"Gutachten f\u00fcr die Staatsanwaltschaft"},"content":{"rendered":"<h1>Gutachten f\u00fcr die Staatsanwaltschaft<\/h1>\n<p>Bei Gutachten f\u00fcr die Staatsanwaltschaft geht es zumeist darum, relevante elektronische Spuren (d.h. im weitesten Sinne bei der Systemnutzung erzeugte oder gespeicherte Daten) zu identifizieren und diese Spuren dann in Bezug auf ihre forensische Aussagekraft zur Best\u00e4tigung vermuteter (krimineller) menschlicher Handlungen zu interpretieren.<\/p>\n<p>Gerade bei den hohen Beweisanspr\u00fcchen des Strafrechts steckt dabei allerdings der Teufel im Detail, da viele der ausgewerteten Spuren von kommerzieller, \u201eclosed-source\u201c-Software wie z.B. Microsoft Word oder PowerPoint erzeugt werden, deren genaues Verhalten in bestimmten Situationen zun\u00e4chst nur dem Hersteller bekannt ist und das typischerweise nicht in einer Form dokumentiert ist, die f\u00fcr eine tragf\u00e4hige forensische Interpretation gedacht ist. Hier m\u00fcssen wir als IT-Sachverst\u00e4ndige im Auftrag der Staatsanwaltschaft sorgf\u00e4ltig sowohl das Verhalten der spurgebenden Systeme also auch der Auswertungswerkzeuge evaluieren.<\/p>\n<p>Unser Leistungsspektrum umfasst:<\/p>\n<ul>\n<li>Forensische Untersuchung von Computern und Datentr\u00e4gern<\/li>\n<li>Unterst\u00fctzung bei Durchsuchungen und Sicherstellung von Datentr\u00e4gern und Rechnern<\/li>\n<li>Durchsuchen sichergestellter Daten nach Spuren vermuteter krimineller Handlungen<\/li>\n<li>Feststellung von Zeitpunkten konkreter Nutzungshandlungen<\/li>\n<li>E-Mail-Forensik (Authentizit\u00e4t, Herkunft und Versandweg von E-Mails)<\/li>\n<li>Dokument-Forensik (\u00c4nderungsdaten, Benutzeridentit\u00e4ten).<\/li>\n<\/ul>\n<p>Der Gesch\u00e4ftsf\u00fchrer der ecambria, <a title=\"Dr. Oliver Stiemerling\" href=\"http:\/\/www.ecambria-experts.de\/it-sachverstaendiger\/sv-stiemerling\"><b>Dr. Oliver Stiemerling<\/b><\/a>, ist von der IHK K\u00f6ln \u00f6ffentlich bestellter und vereidigter Sachverst\u00e4ndiger, erstellt Gutachten im Auftrag von Staatsanwaltschaften und ber\u00e4t bez\u00fcglich der Tragf\u00e4higkeit digitaler Beweismittel.<\/p>\n","protected":false},"excerpt":{"rendered":"<p>Gutachten f\u00fcr die Staatsanwaltschaft Bei Gutachten f\u00fcr die Staatsanwaltschaft geht es zumeist darum, relevante elektronische Spuren (d.h. im weitesten Sinne bei der Systemnutzung erzeugte oder gespeicherte Daten) zu identifizieren und diese Spuren dann in Bezug auf ihre forensische Aussagekraft zur Best\u00e4tigung vermuteter (krimineller) menschlicher Handlungen zu interpretieren. Gerade bei den&#8230;<\/p>\n","protected":false},"author":1,"featured_media":0,"parent":0,"menu_order":0,"comment_status":"closed","ping_status":"closed","template":"","meta":{"inline_featured_image":false,"footnotes":""},"class_list":["post-725","page","type-page","status-publish","hentry"],"yoast_head":"<!-- This site is optimized with the Yoast SEO plugin v25.4 - https:\/\/yoast.com\/wordpress\/plugins\/seo\/ -->\n<title>Gutachten f\u00fcr die Staatsanwaltschaft - ecambria experts<\/title>\n<meta name=\"description\" content=\"Im Auftrag der Staatsanwaltschaft erstellen wir Gutachten und beraten bei der Analyse der von der Verteidigung vorgebrachten technischen Argumente.\" \/>\n<meta name=\"robots\" content=\"index, follow, max-snippet:-1, max-image-preview:large, max-video-preview:-1\" \/>\n<link rel=\"canonical\" href=\"https:\/\/www.ecambria-experts.de\/it-sachverstaendiger\/gutachten-fuer-die-staatsanwaltschaft\" \/>\n<meta property=\"og:locale\" content=\"de_DE\" \/>\n<meta property=\"og:type\" content=\"article\" \/>\n<meta property=\"og:title\" content=\"Gutachten f\u00fcr die Staatsanwaltschaft - ecambria experts\" \/>\n<meta property=\"og:description\" content=\"Im Auftrag der Staatsanwaltschaft erstellen wir Gutachten und beraten bei der Analyse der von der Verteidigung vorgebrachten technischen Argumente.\" \/>\n<meta property=\"og:url\" content=\"https:\/\/www.ecambria-experts.de\/it-sachverstaendiger\/gutachten-fuer-die-staatsanwaltschaft\" \/>\n<meta property=\"og:site_name\" content=\"ecambria experts\" \/>\n<meta property=\"article:modified_time\" content=\"2019-09-04T12:58:08+00:00\" \/>\n<meta name=\"twitter:card\" content=\"summary_large_image\" \/>\n<meta name=\"twitter:label1\" content=\"Gesch\u00e4tzte Lesezeit\" \/>\n\t<meta name=\"twitter:data1\" content=\"1\u00a0Minute\" \/>\n<script type=\"application\/ld+json\" class=\"yoast-schema-graph\">{\"@context\":\"https:\/\/schema.org\",\"@graph\":[{\"@type\":\"WebPage\",\"@id\":\"https:\/\/www.ecambria-experts.de\/it-sachverstaendiger\/gutachten-fuer-die-staatsanwaltschaft\",\"url\":\"https:\/\/www.ecambria-experts.de\/it-sachverstaendiger\/gutachten-fuer-die-staatsanwaltschaft\",\"name\":\"Gutachten f\u00fcr die Staatsanwaltschaft - ecambria experts\",\"isPartOf\":{\"@id\":\"https:\/\/www.ecambria-experts.de\/it-sachverstaendiger\/#website\"},\"datePublished\":\"2016-11-01T20:42:18+00:00\",\"dateModified\":\"2019-09-04T12:58:08+00:00\",\"description\":\"Im Auftrag der Staatsanwaltschaft erstellen wir Gutachten und beraten bei der Analyse der von der Verteidigung vorgebrachten technischen Argumente.\",\"breadcrumb\":{\"@id\":\"https:\/\/www.ecambria-experts.de\/it-sachverstaendiger\/gutachten-fuer-die-staatsanwaltschaft#breadcrumb\"},\"inLanguage\":\"de\",\"potentialAction\":[{\"@type\":\"ReadAction\",\"target\":[\"https:\/\/www.ecambria-experts.de\/it-sachverstaendiger\/gutachten-fuer-die-staatsanwaltschaft\"]}]},{\"@type\":\"BreadcrumbList\",\"@id\":\"https:\/\/www.ecambria-experts.de\/it-sachverstaendiger\/gutachten-fuer-die-staatsanwaltschaft#breadcrumb\",\"itemListElement\":[{\"@type\":\"ListItem\",\"position\":1,\"name\":\"Startseite\",\"item\":\"https:\/\/www.ecambria-experts.de\/it-sachverstaendiger\/\"},{\"@type\":\"ListItem\",\"position\":2,\"name\":\"Gutachten f\u00fcr die Staatsanwaltschaft\"}]},{\"@type\":\"WebSite\",\"@id\":\"https:\/\/www.ecambria-experts.de\/it-sachverstaendiger\/#website\",\"url\":\"https:\/\/www.ecambria-experts.de\/it-sachverstaendiger\/\",\"name\":\"ecambria experts\",\"description\":\"IT-Sachverst\u00e4ndige und Gutachter, Bewertung, Gerichtsgutachten, Privatgutachten, Schlichtung\",\"publisher\":{\"@id\":\"https:\/\/www.ecambria-experts.de\/it-sachverstaendiger\/#organization\"},\"potentialAction\":[{\"@type\":\"SearchAction\",\"target\":{\"@type\":\"EntryPoint\",\"urlTemplate\":\"https:\/\/www.ecambria-experts.de\/it-sachverstaendiger\/?s={search_term_string}\"},\"query-input\":{\"@type\":\"PropertyValueSpecification\",\"valueRequired\":true,\"valueName\":\"search_term_string\"}}],\"inLanguage\":\"de\"},{\"@type\":\"Organization\",\"@id\":\"https:\/\/www.ecambria-experts.de\/it-sachverstaendiger\/#organization\",\"name\":\"ecambria experts\",\"url\":\"https:\/\/www.ecambria-experts.de\/it-sachverstaendiger\/\",\"logo\":{\"@type\":\"ImageObject\",\"inLanguage\":\"de\",\"@id\":\"https:\/\/www.ecambria-experts.de\/it-sachverstaendiger\/#\/schema\/logo\/image\/\",\"url\":\"https:\/\/www.ecambria-experts.de\/it-sachverstaendiger\/wp-content\/uploads\/2025\/09\/ecambria_experts_logo_ohne_rand.svg\",\"contentUrl\":\"https:\/\/www.ecambria-experts.de\/it-sachverstaendiger\/wp-content\/uploads\/2025\/09\/ecambria_experts_logo_ohne_rand.svg\",\"width\":369,\"height\":60,\"caption\":\"ecambria experts\"},\"image\":{\"@id\":\"https:\/\/www.ecambria-experts.de\/it-sachverstaendiger\/#\/schema\/logo\/image\/\"}}]}<\/script>\n<!-- \/ Yoast SEO plugin. -->","yoast_head_json":{"title":"Gutachten f\u00fcr die Staatsanwaltschaft - ecambria experts","description":"Im Auftrag der Staatsanwaltschaft erstellen wir Gutachten und beraten bei der Analyse der von der Verteidigung vorgebrachten technischen Argumente.","robots":{"index":"index","follow":"follow","max-snippet":"max-snippet:-1","max-image-preview":"max-image-preview:large","max-video-preview":"max-video-preview:-1"},"canonical":"https:\/\/www.ecambria-experts.de\/it-sachverstaendiger\/gutachten-fuer-die-staatsanwaltschaft","og_locale":"de_DE","og_type":"article","og_title":"Gutachten f\u00fcr die Staatsanwaltschaft - ecambria experts","og_description":"Im Auftrag der Staatsanwaltschaft erstellen wir Gutachten und beraten bei der Analyse der von der Verteidigung vorgebrachten technischen Argumente.","og_url":"https:\/\/www.ecambria-experts.de\/it-sachverstaendiger\/gutachten-fuer-die-staatsanwaltschaft","og_site_name":"ecambria experts","article_modified_time":"2019-09-04T12:58:08+00:00","twitter_card":"summary_large_image","twitter_misc":{"Gesch\u00e4tzte Lesezeit":"1\u00a0Minute"},"schema":{"@context":"https:\/\/schema.org","@graph":[{"@type":"WebPage","@id":"https:\/\/www.ecambria-experts.de\/it-sachverstaendiger\/gutachten-fuer-die-staatsanwaltschaft","url":"https:\/\/www.ecambria-experts.de\/it-sachverstaendiger\/gutachten-fuer-die-staatsanwaltschaft","name":"Gutachten f\u00fcr die Staatsanwaltschaft - ecambria experts","isPartOf":{"@id":"https:\/\/www.ecambria-experts.de\/it-sachverstaendiger\/#website"},"datePublished":"2016-11-01T20:42:18+00:00","dateModified":"2019-09-04T12:58:08+00:00","description":"Im Auftrag der Staatsanwaltschaft erstellen wir Gutachten und beraten bei der Analyse der von der Verteidigung vorgebrachten technischen Argumente.","breadcrumb":{"@id":"https:\/\/www.ecambria-experts.de\/it-sachverstaendiger\/gutachten-fuer-die-staatsanwaltschaft#breadcrumb"},"inLanguage":"de","potentialAction":[{"@type":"ReadAction","target":["https:\/\/www.ecambria-experts.de\/it-sachverstaendiger\/gutachten-fuer-die-staatsanwaltschaft"]}]},{"@type":"BreadcrumbList","@id":"https:\/\/www.ecambria-experts.de\/it-sachverstaendiger\/gutachten-fuer-die-staatsanwaltschaft#breadcrumb","itemListElement":[{"@type":"ListItem","position":1,"name":"Startseite","item":"https:\/\/www.ecambria-experts.de\/it-sachverstaendiger\/"},{"@type":"ListItem","position":2,"name":"Gutachten f\u00fcr die Staatsanwaltschaft"}]},{"@type":"WebSite","@id":"https:\/\/www.ecambria-experts.de\/it-sachverstaendiger\/#website","url":"https:\/\/www.ecambria-experts.de\/it-sachverstaendiger\/","name":"ecambria experts","description":"IT-Sachverst\u00e4ndige und Gutachter, Bewertung, Gerichtsgutachten, Privatgutachten, Schlichtung","publisher":{"@id":"https:\/\/www.ecambria-experts.de\/it-sachverstaendiger\/#organization"},"potentialAction":[{"@type":"SearchAction","target":{"@type":"EntryPoint","urlTemplate":"https:\/\/www.ecambria-experts.de\/it-sachverstaendiger\/?s={search_term_string}"},"query-input":{"@type":"PropertyValueSpecification","valueRequired":true,"valueName":"search_term_string"}}],"inLanguage":"de"},{"@type":"Organization","@id":"https:\/\/www.ecambria-experts.de\/it-sachverstaendiger\/#organization","name":"ecambria experts","url":"https:\/\/www.ecambria-experts.de\/it-sachverstaendiger\/","logo":{"@type":"ImageObject","inLanguage":"de","@id":"https:\/\/www.ecambria-experts.de\/it-sachverstaendiger\/#\/schema\/logo\/image\/","url":"https:\/\/www.ecambria-experts.de\/it-sachverstaendiger\/wp-content\/uploads\/2025\/09\/ecambria_experts_logo_ohne_rand.svg","contentUrl":"https:\/\/www.ecambria-experts.de\/it-sachverstaendiger\/wp-content\/uploads\/2025\/09\/ecambria_experts_logo_ohne_rand.svg","width":369,"height":60,"caption":"ecambria experts"},"image":{"@id":"https:\/\/www.ecambria-experts.de\/it-sachverstaendiger\/#\/schema\/logo\/image\/"}}]}},"_links":{"self":[{"href":"https:\/\/www.ecambria-experts.de\/it-sachverstaendiger\/wp-json\/wp\/v2\/pages\/725","targetHints":{"allow":["GET"]}}],"collection":[{"href":"https:\/\/www.ecambria-experts.de\/it-sachverstaendiger\/wp-json\/wp\/v2\/pages"}],"about":[{"href":"https:\/\/www.ecambria-experts.de\/it-sachverstaendiger\/wp-json\/wp\/v2\/types\/page"}],"author":[{"embeddable":true,"href":"https:\/\/www.ecambria-experts.de\/it-sachverstaendiger\/wp-json\/wp\/v2\/users\/1"}],"replies":[{"embeddable":true,"href":"https:\/\/www.ecambria-experts.de\/it-sachverstaendiger\/wp-json\/wp\/v2\/comments?post=725"}],"version-history":[{"count":5,"href":"https:\/\/www.ecambria-experts.de\/it-sachverstaendiger\/wp-json\/wp\/v2\/pages\/725\/revisions"}],"predecessor-version":[{"id":1367,"href":"https:\/\/www.ecambria-experts.de\/it-sachverstaendiger\/wp-json\/wp\/v2\/pages\/725\/revisions\/1367"}],"wp:attachment":[{"href":"https:\/\/www.ecambria-experts.de\/it-sachverstaendiger\/wp-json\/wp\/v2\/media?parent=725"}],"curies":[{"name":"wp","href":"https:\/\/api.w.org\/{rel}","templated":true}]}}