{"id":765,"date":"2016-11-01T22:16:35","date_gmt":"2016-11-01T21:16:35","guid":{"rendered":"http:\/\/www.ecambria-experts.de\/it-sachverstaendiger\/?page_id=765"},"modified":"2019-09-04T13:54:17","modified_gmt":"2019-09-04T12:54:17","slug":"it-due-diligence","status":"publish","type":"page","link":"https:\/\/www.ecambria-experts.de\/it-sachverstaendiger\/it-due-diligence","title":{"rendered":"IT-Due-Diligence"},"content":{"rendered":"<h1>IT-Due-Diligence<\/h1>\n<p>Da die wenigsten Gesch\u00e4ftsmodelle heute noch rein \u201eauf Papier\u201c ablaufen, h\u00e4ngt der Erfolg einer Unternehmenstransaktion oder eines Asset-Deals heute fast immer auch von der in einer IT-Due-Diligence gepr\u00fcften Qualit\u00e4t und Ordnungsm\u00e4\u00dfigkeit der IT-Systeme und insbesondere der Software des gekauften Unternehmens bzw. Assets ab. Als unabh\u00e4ngige IT-Sachverst\u00e4ndige untersuchen wir bei Unternehmenstransaktionen eine Vielzahl von Faktoren, die im Folgenden dargestellt werden.<\/p>\n<h2>Strukturanalyse bei der Due-Diligence: Welche technischen Komponenten geh\u00f6ren \u00fcberhaupt zum verkauften IT-System?<\/h2>\n<p>Insbesondere bei Asset-Deals (d.h. Transaktionen, in denen nicht das ganze Unternehmen, sondern nur bestimmte Aktiva, z.B. ein Softwaresystem an den K\u00e4ufer \u00fcbertragen wird) stellt sich die Frage, welche Rechte an genau welchen Softwarebestandteilen \u00fcbertragen werden m\u00fcssen. Oft ben\u00f6tigt ein modernes Softwaresystem \u201eunter der Motorhaube\u201c eine Vielzahl von Komponenten, die bez\u00fcglich Ihrer Benennung ggf. nichts mit dem aus kaufm\u00e4nnischer Sicht zu erwerbenden System zu tun haben. Auch kommt es vor, dass wesentliche Teile der Software \u00fcberhaupt nicht dem verkaufenden Unternehmen geh\u00f6ren, sondern als Dienst (\u201eSoftware as a Service\u201c) bei einem Dritten eingekauft werden.<\/p>\n<p>An dieser Stelle ist eine <em>strukturelle Bestandsaufnahme<\/em> der notwendigen IT-Landschaft wichtig, um im Kaufvertrag unmissverst\u00e4ndlich definieren zu k\u00f6nnen, was nun Teil des Deals ist und was nicht. Bei der Bestandsaufnahme sollten auch pro Softwarekomponente die f\u00fcr eine weitere rechtliche Betrachtung wichtigen Aspekte gekl\u00e4rt werden, n\u00e4mlich die genaue Herkunft der jeweiligen Komponente (Entwicklung durch Freiberufler, Angestellte oder Gesch\u00e4ftsf\u00fchrer? Nutzung von Open Source? Nutzung von kommerziellen Lizenzen?), Abh\u00e4ngigkeiten zu Fremdfirmen (z.B. kein Zugriff auf Sourcecode), Laufzeitabh\u00e4ngigkeiten von Drittdiensten (z.B. Bonit\u00e4tschecks) etc. Damit ist die Strukturanalyse die Basis f\u00fcr alle weiteren m\u00f6glichen Elemente der IT-Due-Diligence.<\/p>\n<h2>Herkunftsanalyse bei der Due-Diligence: Aufdeckung m\u00f6glicher urheberrechtlicher Probleme mit der Software<\/h2>\n<p>Auch vermeintlich eigenentwickelte Software besteht aus technischer Sicht zumeist zu &gt;90% aus Fremdbestandteilen. Das ist kein Problem, wenn diese korrekt kommerziell lizensiert sind bzw. eine mit dem weiteren Gesch\u00e4ftszweck vertr\u00e4gliche Open-Source-Lizenz zugrunde liegt. Im Rahmen einer technischen IT-Due-Diligence sollte f\u00fcr jeden Bestandteil der Software genau gekl\u00e4rt werden, ob ggf. vorhandene fremde Rechte den Erfolg der Transaktion gef\u00e4hrden k\u00f6nnen. Eine rein rechtliche Absicherung durch eine Zusicherung im Kaufvertrag ist aus praktischer Sicht oft nicht hilfreich, da die Verk\u00e4ufer im Ernstfall (d.h. wenn der K\u00e4ufer wegen einer Urheberrechtsverletzung angegangen wird) oft nicht mehr greifbar sind bzw. den entstandenen Schaden nicht kompensieren k\u00f6nnen.<\/p>\n<p>Die technische IT-Due-Diligence sollte im Rahmen der Strukturanalyse also die Grundlagen f\u00fcr die rechtliche Bewertung schaffen. Dabei kann insbesondere eine genaue Analyse des Sourcecodes und der von dort aufgerufenen Dritt-Bibliotheken (Libraries) sinnvoll sein, um problematische Fremdbestandteile wie z.B. unter einer AGPL- oder GPL-Lizenz stehende Komponenten zu erkennen. Werden solche Probleme fr\u00fchzeitig aufgedeckt, k\u00f6nnen sie meistens noch in einer Form behoben werden, die die wirtschaftliche Grundlage des Deals nicht gef\u00e4hrdet.<\/p>\n<h2>Projekt- und Organisationsanalyse bei der Due-Diligence: Abh\u00e4ngigkeiten und Risiken in laufenden Projekten und Wartungsvorhaben aufdecken<\/h2>\n<p>Informationstechnologie ist st\u00e4ndig im Fluss. Unternehmenssoftware wird st\u00e4ndig an neue bzw. ge\u00e4nderte Anforderungen angepasst. Teilsysteme werden neu entwickelt, um innovative Fachfunktionen einzuf\u00fchren oder auch nur eine Modernisierung der Technologie zu erreichen.<\/p>\n<p>Im Rahmen einer IT-Due-Diligence sollte auch die zuk\u00fcnftige Weiterentwickelbarkeit der \u00fcbernommenen Systeme betrachtet werden. Starke Abh\u00e4ngigkeiten von Zulieferfirmen, im Scheitern oder in Verzug befindliche Projekte oder auch Verwendung von veralteten Technologien k\u00f6nnen die strategischen Ziele einer Akquisition gef\u00e4hrden.<\/p>\n<p>Im Rahmen der Projekt- und Organisationsanalyse k\u00f6nnen die beschriebenen Risiken aufgedeckt werden, so dass bereits im Prozess der Integrationsplanung entsprechende Gegenma\u00dfnahmen entwickelt und ber\u00fccksichtigt werden k\u00f6nnen. Beispielsweise kann zur Reduzierung der Abh\u00e4ngigkeiten von Drittunternehmen eine Sourcecode-Hinterlegung (Escrow) als Teil des Deals vereinbart werden.<\/p>\n<h2>IT-Qualit\u00e4tsanalyse: Gen\u00fcgen die \u00fcbernommenen Systeme den zuk\u00fcnftigen Anforderungen?<\/h2>\n<p>Vielfach basiert die kaufm\u00e4nnische Logik eines Deals auf der Integration eines innovativen Gesch\u00e4ftsmodells in die vertrieblichen Strukturen eines wesentlich gr\u00f6\u00dferen Unternehmens. Aus technischer Sicht stellt sich dabei eine Reihe von Fragen, beispielsweise zu den folgenden Punkten:<\/p>\n<ul>\n<li><em>Skalierbarkeit<\/em>: Kann die gekaufte IT die erwartete Mehrlast in der neuen Umgebung mit linearen Kosten verarbeiten (z.B. Einsatz von Startup-Software in einem Gro\u00dfkonzern)?<\/li>\n<li><em>Wartbarkeit<\/em>: Kann man die Software im neuen Einsatzkontext noch \u00f6konomisch weiterentwickeln?<\/li>\n<li><em>Multi-site-F\u00e4higkeit<\/em>: Kann man die Software in mehrere, internationale Tochtergesellschaften ausrollen und dann noch wartbar anpassen?<\/li>\n<\/ul>\n<p>Auch grunds\u00e4tzliche Qualit\u00e4tsfragen zu Geschwindigkeit, Benutzbarkeit oder auch IT-Sicherheit spielen bei der \u00dcbernahme von \u201eIT-haltigen\u201c Unternehmen und Assets eine wichtige Rolle. Im Rahmen der IT-Due-Diligence sollten also die f\u00fcr den strategischen Erfolg des Deals wichtigsten Qualit\u00e4tsfaktoren \u00fcberpr\u00fcft werden. Festgestellte Defizite k\u00f6nnen ggf. behoben werden, die entsprechenden Kosten (Stichwort: Ert\u00fcchtigungskosten) k\u00f6nnen allerdings einen Einfluss auf den Kaufpreis haben.<\/p>\n<h2>Wertgutachten: Ist das IT-System sein Geld wert?<\/h2>\n<p>In vielen Transaktionen stellt sich die Frage nach dem \u201emake-or-buy\u201c, d.h. der K\u00e4ufer steht vor der Alternative, ein fertiges IT-Asset zu kaufen, oder ein vergleichbares IT-System selbst zu erstellen bzw. erstellen zu lassen. Vielfach stellt sich im Rahmen der Transaktion auch heraus, dass ein Teil der zu kaufenden IT-Landschaft gar nicht verkauft werden kann (z.B. weil die entsprechenden Lizenzen nicht \u00fcbertragbar sind). Je nach Situation kommen ganz unterschiedliche Wertbegriffe zum Tragen, beispielsweise der Verkehrswert, Erstellungswert oder auch der Ertragswert einer Software.<\/p>\n<p>Details zu den verschiedenen Wertarten finden Sie im Bereich <a href=\"http:\/\/www.ecambria-experts.de\/it-sachverstaendiger\/software-wertgutachten-wertbegriffe-und-einsatzzwecke\">Wertgutachten<\/a>.<\/p>\n","protected":false},"excerpt":{"rendered":"<p>IT-Due-Diligence Da die wenigsten Gesch\u00e4ftsmodelle heute noch rein \u201eauf Papier\u201c ablaufen, h\u00e4ngt der Erfolg einer Unternehmenstransaktion oder eines Asset-Deals heute fast immer auch von der in einer IT-Due-Diligence gepr\u00fcften Qualit\u00e4t und Ordnungsm\u00e4\u00dfigkeit der IT-Systeme und insbesondere der Software des gekauften Unternehmens bzw. Assets ab. Als unabh\u00e4ngige IT-Sachverst\u00e4ndige untersuchen wir bei&#8230;<\/p>\n","protected":false},"author":1,"featured_media":0,"parent":0,"menu_order":0,"comment_status":"closed","ping_status":"closed","template":"","meta":{"inline_featured_image":false,"footnotes":""},"class_list":["post-765","page","type-page","status-publish","hentry"],"yoast_head":"<!-- This site is optimized with the Yoast SEO plugin v25.4 - https:\/\/yoast.com\/wordpress\/plugins\/seo\/ -->\n<title>IT-Due-Diligence - ecambria experts<\/title>\n<meta name=\"description\" content=\"Insbesondere bei Asset-Deals stellt sich die Frage, welche Rechte an welchen Softwarebestandteilen genau \u00fcbertragen werden m\u00fcssen.\" \/>\n<meta name=\"robots\" content=\"index, follow, max-snippet:-1, max-image-preview:large, max-video-preview:-1\" \/>\n<link rel=\"canonical\" href=\"https:\/\/www.ecambria-experts.de\/it-sachverstaendiger\/it-due-diligence\" \/>\n<meta property=\"og:locale\" content=\"de_DE\" \/>\n<meta property=\"og:type\" content=\"article\" \/>\n<meta property=\"og:title\" content=\"IT-Due-Diligence - ecambria experts\" \/>\n<meta property=\"og:description\" content=\"Insbesondere bei Asset-Deals stellt sich die Frage, welche Rechte an welchen Softwarebestandteilen genau \u00fcbertragen werden m\u00fcssen.\" \/>\n<meta property=\"og:url\" content=\"https:\/\/www.ecambria-experts.de\/it-sachverstaendiger\/it-due-diligence\" \/>\n<meta property=\"og:site_name\" content=\"ecambria experts\" \/>\n<meta property=\"article:modified_time\" content=\"2019-09-04T12:54:17+00:00\" \/>\n<meta name=\"twitter:card\" content=\"summary_large_image\" \/>\n<meta name=\"twitter:label1\" content=\"Gesch\u00e4tzte Lesezeit\" \/>\n\t<meta name=\"twitter:data1\" content=\"4\u00a0Minuten\" \/>\n<script type=\"application\/ld+json\" class=\"yoast-schema-graph\">{\"@context\":\"https:\/\/schema.org\",\"@graph\":[{\"@type\":\"WebPage\",\"@id\":\"https:\/\/www.ecambria-experts.de\/it-sachverstaendiger\/it-due-diligence\",\"url\":\"https:\/\/www.ecambria-experts.de\/it-sachverstaendiger\/it-due-diligence\",\"name\":\"IT-Due-Diligence - ecambria experts\",\"isPartOf\":{\"@id\":\"https:\/\/www.ecambria-experts.de\/it-sachverstaendiger\/#website\"},\"datePublished\":\"2016-11-01T21:16:35+00:00\",\"dateModified\":\"2019-09-04T12:54:17+00:00\",\"description\":\"Insbesondere bei Asset-Deals stellt sich die Frage, welche Rechte an welchen Softwarebestandteilen genau \u00fcbertragen werden m\u00fcssen.\",\"breadcrumb\":{\"@id\":\"https:\/\/www.ecambria-experts.de\/it-sachverstaendiger\/it-due-diligence#breadcrumb\"},\"inLanguage\":\"de\",\"potentialAction\":[{\"@type\":\"ReadAction\",\"target\":[\"https:\/\/www.ecambria-experts.de\/it-sachverstaendiger\/it-due-diligence\"]}]},{\"@type\":\"BreadcrumbList\",\"@id\":\"https:\/\/www.ecambria-experts.de\/it-sachverstaendiger\/it-due-diligence#breadcrumb\",\"itemListElement\":[{\"@type\":\"ListItem\",\"position\":1,\"name\":\"Startseite\",\"item\":\"https:\/\/www.ecambria-experts.de\/it-sachverstaendiger\/\"},{\"@type\":\"ListItem\",\"position\":2,\"name\":\"IT-Due-Diligence\"}]},{\"@type\":\"WebSite\",\"@id\":\"https:\/\/www.ecambria-experts.de\/it-sachverstaendiger\/#website\",\"url\":\"https:\/\/www.ecambria-experts.de\/it-sachverstaendiger\/\",\"name\":\"ecambria experts\",\"description\":\"IT-Sachverst\u00e4ndige und Gutachter, Bewertung, Gerichtsgutachten, Privatgutachten, Schlichtung\",\"publisher\":{\"@id\":\"https:\/\/www.ecambria-experts.de\/it-sachverstaendiger\/#organization\"},\"potentialAction\":[{\"@type\":\"SearchAction\",\"target\":{\"@type\":\"EntryPoint\",\"urlTemplate\":\"https:\/\/www.ecambria-experts.de\/it-sachverstaendiger\/?s={search_term_string}\"},\"query-input\":{\"@type\":\"PropertyValueSpecification\",\"valueRequired\":true,\"valueName\":\"search_term_string\"}}],\"inLanguage\":\"de\"},{\"@type\":\"Organization\",\"@id\":\"https:\/\/www.ecambria-experts.de\/it-sachverstaendiger\/#organization\",\"name\":\"ecambria experts\",\"url\":\"https:\/\/www.ecambria-experts.de\/it-sachverstaendiger\/\",\"logo\":{\"@type\":\"ImageObject\",\"inLanguage\":\"de\",\"@id\":\"https:\/\/www.ecambria-experts.de\/it-sachverstaendiger\/#\/schema\/logo\/image\/\",\"url\":\"https:\/\/www.ecambria-experts.de\/it-sachverstaendiger\/wp-content\/uploads\/2025\/09\/ecambria_experts_logo_ohne_rand.svg\",\"contentUrl\":\"https:\/\/www.ecambria-experts.de\/it-sachverstaendiger\/wp-content\/uploads\/2025\/09\/ecambria_experts_logo_ohne_rand.svg\",\"width\":369,\"height\":60,\"caption\":\"ecambria experts\"},\"image\":{\"@id\":\"https:\/\/www.ecambria-experts.de\/it-sachverstaendiger\/#\/schema\/logo\/image\/\"}}]}<\/script>\n<!-- \/ Yoast SEO plugin. -->","yoast_head_json":{"title":"IT-Due-Diligence - ecambria experts","description":"Insbesondere bei Asset-Deals stellt sich die Frage, welche Rechte an welchen Softwarebestandteilen genau \u00fcbertragen werden m\u00fcssen.","robots":{"index":"index","follow":"follow","max-snippet":"max-snippet:-1","max-image-preview":"max-image-preview:large","max-video-preview":"max-video-preview:-1"},"canonical":"https:\/\/www.ecambria-experts.de\/it-sachverstaendiger\/it-due-diligence","og_locale":"de_DE","og_type":"article","og_title":"IT-Due-Diligence - ecambria experts","og_description":"Insbesondere bei Asset-Deals stellt sich die Frage, welche Rechte an welchen Softwarebestandteilen genau \u00fcbertragen werden m\u00fcssen.","og_url":"https:\/\/www.ecambria-experts.de\/it-sachverstaendiger\/it-due-diligence","og_site_name":"ecambria experts","article_modified_time":"2019-09-04T12:54:17+00:00","twitter_card":"summary_large_image","twitter_misc":{"Gesch\u00e4tzte Lesezeit":"4\u00a0Minuten"},"schema":{"@context":"https:\/\/schema.org","@graph":[{"@type":"WebPage","@id":"https:\/\/www.ecambria-experts.de\/it-sachverstaendiger\/it-due-diligence","url":"https:\/\/www.ecambria-experts.de\/it-sachverstaendiger\/it-due-diligence","name":"IT-Due-Diligence - ecambria experts","isPartOf":{"@id":"https:\/\/www.ecambria-experts.de\/it-sachverstaendiger\/#website"},"datePublished":"2016-11-01T21:16:35+00:00","dateModified":"2019-09-04T12:54:17+00:00","description":"Insbesondere bei Asset-Deals stellt sich die Frage, welche Rechte an welchen Softwarebestandteilen genau \u00fcbertragen werden m\u00fcssen.","breadcrumb":{"@id":"https:\/\/www.ecambria-experts.de\/it-sachverstaendiger\/it-due-diligence#breadcrumb"},"inLanguage":"de","potentialAction":[{"@type":"ReadAction","target":["https:\/\/www.ecambria-experts.de\/it-sachverstaendiger\/it-due-diligence"]}]},{"@type":"BreadcrumbList","@id":"https:\/\/www.ecambria-experts.de\/it-sachverstaendiger\/it-due-diligence#breadcrumb","itemListElement":[{"@type":"ListItem","position":1,"name":"Startseite","item":"https:\/\/www.ecambria-experts.de\/it-sachverstaendiger\/"},{"@type":"ListItem","position":2,"name":"IT-Due-Diligence"}]},{"@type":"WebSite","@id":"https:\/\/www.ecambria-experts.de\/it-sachverstaendiger\/#website","url":"https:\/\/www.ecambria-experts.de\/it-sachverstaendiger\/","name":"ecambria experts","description":"IT-Sachverst\u00e4ndige und Gutachter, Bewertung, Gerichtsgutachten, Privatgutachten, Schlichtung","publisher":{"@id":"https:\/\/www.ecambria-experts.de\/it-sachverstaendiger\/#organization"},"potentialAction":[{"@type":"SearchAction","target":{"@type":"EntryPoint","urlTemplate":"https:\/\/www.ecambria-experts.de\/it-sachverstaendiger\/?s={search_term_string}"},"query-input":{"@type":"PropertyValueSpecification","valueRequired":true,"valueName":"search_term_string"}}],"inLanguage":"de"},{"@type":"Organization","@id":"https:\/\/www.ecambria-experts.de\/it-sachverstaendiger\/#organization","name":"ecambria experts","url":"https:\/\/www.ecambria-experts.de\/it-sachverstaendiger\/","logo":{"@type":"ImageObject","inLanguage":"de","@id":"https:\/\/www.ecambria-experts.de\/it-sachverstaendiger\/#\/schema\/logo\/image\/","url":"https:\/\/www.ecambria-experts.de\/it-sachverstaendiger\/wp-content\/uploads\/2025\/09\/ecambria_experts_logo_ohne_rand.svg","contentUrl":"https:\/\/www.ecambria-experts.de\/it-sachverstaendiger\/wp-content\/uploads\/2025\/09\/ecambria_experts_logo_ohne_rand.svg","width":369,"height":60,"caption":"ecambria experts"},"image":{"@id":"https:\/\/www.ecambria-experts.de\/it-sachverstaendiger\/#\/schema\/logo\/image\/"}}]}},"_links":{"self":[{"href":"https:\/\/www.ecambria-experts.de\/it-sachverstaendiger\/wp-json\/wp\/v2\/pages\/765","targetHints":{"allow":["GET"]}}],"collection":[{"href":"https:\/\/www.ecambria-experts.de\/it-sachverstaendiger\/wp-json\/wp\/v2\/pages"}],"about":[{"href":"https:\/\/www.ecambria-experts.de\/it-sachverstaendiger\/wp-json\/wp\/v2\/types\/page"}],"author":[{"embeddable":true,"href":"https:\/\/www.ecambria-experts.de\/it-sachverstaendiger\/wp-json\/wp\/v2\/users\/1"}],"replies":[{"embeddable":true,"href":"https:\/\/www.ecambria-experts.de\/it-sachverstaendiger\/wp-json\/wp\/v2\/comments?post=765"}],"version-history":[{"count":5,"href":"https:\/\/www.ecambria-experts.de\/it-sachverstaendiger\/wp-json\/wp\/v2\/pages\/765\/revisions"}],"predecessor-version":[{"id":1361,"href":"https:\/\/www.ecambria-experts.de\/it-sachverstaendiger\/wp-json\/wp\/v2\/pages\/765\/revisions\/1361"}],"wp:attachment":[{"href":"https:\/\/www.ecambria-experts.de\/it-sachverstaendiger\/wp-json\/wp\/v2\/media?parent=765"}],"curies":[{"name":"wp","href":"https:\/\/api.w.org\/{rel}","templated":true}]}}