{"id":911,"date":"2017-10-04T09:12:23","date_gmt":"2017-10-04T08:12:23","guid":{"rendered":"http:\/\/www.ecambria-experts.de\/it-sachverstaendiger\/?page_id=911"},"modified":"2021-12-13T12:06:44","modified_gmt":"2021-12-13T11:06:44","slug":"datenschutzerklaerung","status":"publish","type":"page","link":"https:\/\/www.ecambria-experts.de\/it-sachverstaendiger\/datenschutzerklaerung","title":{"rendered":"Datenschutzerkl\u00e4rung"},"content":{"rendered":"<p>Diese Webseite ist eine reine Informationswebseite. Es gibt keine Formulare, die personenbezogene Daten erheben. Wir erfahren von Ihrem Besuch dieser Webseite nur, wenn Sie ausdr\u00fccklich, z.B. per E-Mail oder Telefon, Kontakt mit uns aufnehmen und uns diesen Umstand mitteilen. Erst dann speichern wir Ihre Kontaktdaten, die Umst\u00e4nde der Kontaktaufnahme (Datum, Zeitpunkt, Kommunikationskanal), Ihren Namen, ggf. Ihre Firmenzugeh\u00f6rigkeit und Ihre Nachrichten an uns im Rahmen der gesetzlichen Nachweis- und Aufbewahrungspflichten. Diese Daten werden nur zur Bearbeitung Ihres Anliegens und gesetzlich vorgeschriebenen Zwecken verwendet. Wir geben diese Daten weder an Dritte weiter noch \u00fcbermitteln wir diese Daten an Stellen in Drittl\u00e4ndern (in denen nicht das europ\u00e4ische Datenschutzniveau vorliegt).<\/p>\n<p><strong>Cookies<\/strong><\/p>\n<p>Personenbezogene Cookies verwendet diese Webseite nur insoweit dies zur technischen Funktionsweise (z.B. Merken der bevorzugten Sprache) notwendig ist.<\/p>\n<p><strong>Kontaktm\u00f6glichkeit<\/strong><\/p>\n<p>Wenn Sie Fragen zu unserer Webseite und deren Funktionen haben, verwenden Sie bitte die angegebenen <a href=\"https:\/\/www.ecambria-experts.de\/it-sachverstaendiger\/kontakt\">Kontaktm\u00f6glichkeiten<\/a>.<\/p>\n<p><strong>Welche Rechte habe ich?<\/strong><\/p>\n<p>Sie k\u00f6nnen unter der oben genannten Adresse der ecambria systems GmbH Auskunft \u00fcber die zu Ihrer Person gespeicherten Daten verlangen. Dar\u00fcber hinaus k\u00f6nnen Sie unter bestimmten Voraussetzungen die L\u00f6schung, Berichtigung oder die Einschr\u00e4nkung der Verarbeitung dieser Daten verlangen.<\/p>\n<p>Sie haben zudem die M\u00f6glichkeit, sich mit einer Beschwerde an eine Datenschutzaufsichtsbeh\u00f6rde zu wenden. Die f\u00fcr uns zust\u00e4ndige Datenschutzaufsichtsbeh\u00f6rde ist:<\/p>\n<pre>Landesbeauftragte f\u00fcr Datenschutz und Informationsfreiheit Nordrhein-Westfalen\n\nKavalleriestra\u00dfe 2-4\n\n40213 D\u00fcsseldorf<\/pre>\n","protected":false},"excerpt":{"rendered":"<p>Diese Webseite ist eine reine Informationswebseite. Es gibt keine Formulare, die personenbezogene Daten erheben. Wir erfahren von Ihrem Besuch dieser Webseite nur, wenn Sie ausdr\u00fccklich, z.B. per E-Mail oder Telefon, Kontakt mit uns aufnehmen und uns diesen Umstand mitteilen. Erst dann speichern wir Ihre Kontaktdaten, die Umst\u00e4nde der Kontaktaufnahme (Datum,&#8230;<\/p>\n","protected":false},"author":1,"featured_media":0,"parent":0,"menu_order":0,"comment_status":"closed","ping_status":"closed","template":"","meta":{"inline_featured_image":false,"footnotes":""},"class_list":["post-911","page","type-page","status-publish","hentry"],"yoast_head":"<!-- This site is optimized with the Yoast SEO plugin v25.4 - https:\/\/yoast.com\/wordpress\/plugins\/seo\/ -->\n<title>Datenschutzerkl\u00e4rung - ecambria experts<\/title>\n<meta name=\"robots\" content=\"index, follow, max-snippet:-1, max-image-preview:large, max-video-preview:-1\" \/>\n<link rel=\"canonical\" href=\"https:\/\/www.ecambria-experts.de\/it-sachverstaendiger\/datenschutzerklaerung\" \/>\n<meta property=\"og:locale\" content=\"de_DE\" \/>\n<meta property=\"og:type\" content=\"article\" \/>\n<meta property=\"og:title\" content=\"Datenschutzerkl\u00e4rung - ecambria experts\" \/>\n<meta property=\"og:description\" content=\"Diese Webseite ist eine reine Informationswebseite. Es gibt keine Formulare, die personenbezogene Daten erheben. Wir erfahren von Ihrem Besuch dieser Webseite nur, wenn Sie ausdr\u00fccklich, z.B. per E-Mail oder Telefon, Kontakt mit uns aufnehmen und uns diesen Umstand mitteilen. Erst dann speichern wir Ihre Kontaktdaten, die Umst\u00e4nde der Kontaktaufnahme (Datum,...\" \/>\n<meta property=\"og:url\" content=\"https:\/\/www.ecambria-experts.de\/it-sachverstaendiger\/datenschutzerklaerung\" \/>\n<meta property=\"og:site_name\" content=\"ecambria experts\" \/>\n<meta property=\"article:modified_time\" content=\"2021-12-13T11:06:44+00:00\" \/>\n<meta name=\"twitter:card\" content=\"summary_large_image\" \/>\n<meta name=\"twitter:label1\" content=\"Gesch\u00e4tzte Lesezeit\" \/>\n\t<meta name=\"twitter:data1\" content=\"1\u00a0Minute\" \/>\n<script type=\"application\/ld+json\" class=\"yoast-schema-graph\">{\"@context\":\"https:\/\/schema.org\",\"@graph\":[{\"@type\":\"WebPage\",\"@id\":\"https:\/\/www.ecambria-experts.de\/it-sachverstaendiger\/datenschutzerklaerung\",\"url\":\"https:\/\/www.ecambria-experts.de\/it-sachverstaendiger\/datenschutzerklaerung\",\"name\":\"Datenschutzerkl\u00e4rung - ecambria experts\",\"isPartOf\":{\"@id\":\"https:\/\/www.ecambria-experts.de\/it-sachverstaendiger\/#website\"},\"datePublished\":\"2017-10-04T08:12:23+00:00\",\"dateModified\":\"2021-12-13T11:06:44+00:00\",\"breadcrumb\":{\"@id\":\"https:\/\/www.ecambria-experts.de\/it-sachverstaendiger\/datenschutzerklaerung#breadcrumb\"},\"inLanguage\":\"de\",\"potentialAction\":[{\"@type\":\"ReadAction\",\"target\":[\"https:\/\/www.ecambria-experts.de\/it-sachverstaendiger\/datenschutzerklaerung\"]}]},{\"@type\":\"BreadcrumbList\",\"@id\":\"https:\/\/www.ecambria-experts.de\/it-sachverstaendiger\/datenschutzerklaerung#breadcrumb\",\"itemListElement\":[{\"@type\":\"ListItem\",\"position\":1,\"name\":\"Startseite\",\"item\":\"https:\/\/www.ecambria-experts.de\/it-sachverstaendiger\/\"},{\"@type\":\"ListItem\",\"position\":2,\"name\":\"Datenschutzerkl\u00e4rung\"}]},{\"@type\":\"WebSite\",\"@id\":\"https:\/\/www.ecambria-experts.de\/it-sachverstaendiger\/#website\",\"url\":\"https:\/\/www.ecambria-experts.de\/it-sachverstaendiger\/\",\"name\":\"ecambria experts\",\"description\":\"IT-Sachverst\u00e4ndige und Gutachter, Bewertung, Gerichtsgutachten, Privatgutachten, Schlichtung\",\"publisher\":{\"@id\":\"https:\/\/www.ecambria-experts.de\/it-sachverstaendiger\/#organization\"},\"potentialAction\":[{\"@type\":\"SearchAction\",\"target\":{\"@type\":\"EntryPoint\",\"urlTemplate\":\"https:\/\/www.ecambria-experts.de\/it-sachverstaendiger\/?s={search_term_string}\"},\"query-input\":{\"@type\":\"PropertyValueSpecification\",\"valueRequired\":true,\"valueName\":\"search_term_string\"}}],\"inLanguage\":\"de\"},{\"@type\":\"Organization\",\"@id\":\"https:\/\/www.ecambria-experts.de\/it-sachverstaendiger\/#organization\",\"name\":\"ecambria experts\",\"url\":\"https:\/\/www.ecambria-experts.de\/it-sachverstaendiger\/\",\"logo\":{\"@type\":\"ImageObject\",\"inLanguage\":\"de\",\"@id\":\"https:\/\/www.ecambria-experts.de\/it-sachverstaendiger\/#\/schema\/logo\/image\/\",\"url\":\"https:\/\/www.ecambria-experts.de\/it-sachverstaendiger\/wp-content\/uploads\/2025\/09\/ecambria_experts_logo_ohne_rand.svg\",\"contentUrl\":\"https:\/\/www.ecambria-experts.de\/it-sachverstaendiger\/wp-content\/uploads\/2025\/09\/ecambria_experts_logo_ohne_rand.svg\",\"width\":369,\"height\":60,\"caption\":\"ecambria experts\"},\"image\":{\"@id\":\"https:\/\/www.ecambria-experts.de\/it-sachverstaendiger\/#\/schema\/logo\/image\/\"}}]}<\/script>\n<!-- \/ Yoast SEO plugin. -->","yoast_head_json":{"title":"Datenschutzerkl\u00e4rung - ecambria experts","robots":{"index":"index","follow":"follow","max-snippet":"max-snippet:-1","max-image-preview":"max-image-preview:large","max-video-preview":"max-video-preview:-1"},"canonical":"https:\/\/www.ecambria-experts.de\/it-sachverstaendiger\/datenschutzerklaerung","og_locale":"de_DE","og_type":"article","og_title":"Datenschutzerkl\u00e4rung - ecambria experts","og_description":"Diese Webseite ist eine reine Informationswebseite. Es gibt keine Formulare, die personenbezogene Daten erheben. Wir erfahren von Ihrem Besuch dieser Webseite nur, wenn Sie ausdr\u00fccklich, z.B. per E-Mail oder Telefon, Kontakt mit uns aufnehmen und uns diesen Umstand mitteilen. Erst dann speichern wir Ihre Kontaktdaten, die Umst\u00e4nde der Kontaktaufnahme (Datum,...","og_url":"https:\/\/www.ecambria-experts.de\/it-sachverstaendiger\/datenschutzerklaerung","og_site_name":"ecambria experts","article_modified_time":"2021-12-13T11:06:44+00:00","twitter_card":"summary_large_image","twitter_misc":{"Gesch\u00e4tzte Lesezeit":"1\u00a0Minute"},"schema":{"@context":"https:\/\/schema.org","@graph":[{"@type":"WebPage","@id":"https:\/\/www.ecambria-experts.de\/it-sachverstaendiger\/datenschutzerklaerung","url":"https:\/\/www.ecambria-experts.de\/it-sachverstaendiger\/datenschutzerklaerung","name":"Datenschutzerkl\u00e4rung - ecambria experts","isPartOf":{"@id":"https:\/\/www.ecambria-experts.de\/it-sachverstaendiger\/#website"},"datePublished":"2017-10-04T08:12:23+00:00","dateModified":"2021-12-13T11:06:44+00:00","breadcrumb":{"@id":"https:\/\/www.ecambria-experts.de\/it-sachverstaendiger\/datenschutzerklaerung#breadcrumb"},"inLanguage":"de","potentialAction":[{"@type":"ReadAction","target":["https:\/\/www.ecambria-experts.de\/it-sachverstaendiger\/datenschutzerklaerung"]}]},{"@type":"BreadcrumbList","@id":"https:\/\/www.ecambria-experts.de\/it-sachverstaendiger\/datenschutzerklaerung#breadcrumb","itemListElement":[{"@type":"ListItem","position":1,"name":"Startseite","item":"https:\/\/www.ecambria-experts.de\/it-sachverstaendiger\/"},{"@type":"ListItem","position":2,"name":"Datenschutzerkl\u00e4rung"}]},{"@type":"WebSite","@id":"https:\/\/www.ecambria-experts.de\/it-sachverstaendiger\/#website","url":"https:\/\/www.ecambria-experts.de\/it-sachverstaendiger\/","name":"ecambria experts","description":"IT-Sachverst\u00e4ndige und Gutachter, Bewertung, Gerichtsgutachten, Privatgutachten, Schlichtung","publisher":{"@id":"https:\/\/www.ecambria-experts.de\/it-sachverstaendiger\/#organization"},"potentialAction":[{"@type":"SearchAction","target":{"@type":"EntryPoint","urlTemplate":"https:\/\/www.ecambria-experts.de\/it-sachverstaendiger\/?s={search_term_string}"},"query-input":{"@type":"PropertyValueSpecification","valueRequired":true,"valueName":"search_term_string"}}],"inLanguage":"de"},{"@type":"Organization","@id":"https:\/\/www.ecambria-experts.de\/it-sachverstaendiger\/#organization","name":"ecambria experts","url":"https:\/\/www.ecambria-experts.de\/it-sachverstaendiger\/","logo":{"@type":"ImageObject","inLanguage":"de","@id":"https:\/\/www.ecambria-experts.de\/it-sachverstaendiger\/#\/schema\/logo\/image\/","url":"https:\/\/www.ecambria-experts.de\/it-sachverstaendiger\/wp-content\/uploads\/2025\/09\/ecambria_experts_logo_ohne_rand.svg","contentUrl":"https:\/\/www.ecambria-experts.de\/it-sachverstaendiger\/wp-content\/uploads\/2025\/09\/ecambria_experts_logo_ohne_rand.svg","width":369,"height":60,"caption":"ecambria experts"},"image":{"@id":"https:\/\/www.ecambria-experts.de\/it-sachverstaendiger\/#\/schema\/logo\/image\/"}}]}},"_links":{"self":[{"href":"https:\/\/www.ecambria-experts.de\/it-sachverstaendiger\/wp-json\/wp\/v2\/pages\/911","targetHints":{"allow":["GET"]}}],"collection":[{"href":"https:\/\/www.ecambria-experts.de\/it-sachverstaendiger\/wp-json\/wp\/v2\/pages"}],"about":[{"href":"https:\/\/www.ecambria-experts.de\/it-sachverstaendiger\/wp-json\/wp\/v2\/types\/page"}],"author":[{"embeddable":true,"href":"https:\/\/www.ecambria-experts.de\/it-sachverstaendiger\/wp-json\/wp\/v2\/users\/1"}],"replies":[{"embeddable":true,"href":"https:\/\/www.ecambria-experts.de\/it-sachverstaendiger\/wp-json\/wp\/v2\/comments?post=911"}],"version-history":[{"count":22,"href":"https:\/\/www.ecambria-experts.de\/it-sachverstaendiger\/wp-json\/wp\/v2\/pages\/911\/revisions"}],"predecessor-version":[{"id":1514,"href":"https:\/\/www.ecambria-experts.de\/it-sachverstaendiger\/wp-json\/wp\/v2\/pages\/911\/revisions\/1514"}],"wp:attachment":[{"href":"https:\/\/www.ecambria-experts.de\/it-sachverstaendiger\/wp-json\/wp\/v2\/media?parent=911"}],"curies":[{"name":"wp","href":"https:\/\/api.w.org\/{rel}","templated":true}]}}