{"id":93,"date":"2014-12-20T14:29:39","date_gmt":"2014-12-20T12:29:39","guid":{"rendered":"http:\/\/www.the-only-thing-constant.com\/?page_id=93"},"modified":"2019-09-04T13:49:35","modified_gmt":"2019-09-04T12:49:35","slug":"leistungen_ermittlung_soll-beschaffenheit","status":"publish","type":"page","link":"https:\/\/www.ecambria-experts.de\/it-sachverstaendiger\/leistungen_ermittlung_soll-beschaffenheit","title":{"rendered":"Ermittlung der SOLL-Beschaffenheit"},"content":{"rendered":"<div id=\"contentcolumn\">\n<h1>Ermittlung der SOLL-Beschaffenheit<\/h1>\n<p class=\"main-text\">Einer der h\u00e4ufigsten Streitpunkte bei IT-Vorhaben ist die sogenannte SOLL-Beschaffenheit. War eine bestimmte Software-Eigenschaft bereits mit dem Vertrag gefordert oder handelt es sich um einen \u00c4nderungswunsch des Kunden? Die zugrunde liegenden Vertr\u00e4ge enthalten h\u00e4ufig eine unzureichende oder \u00fcberhaupt keine Leistungsbeschreibung.<\/p>\n<p>In einer solchen Situation k\u00f6nnen wir als IT-Sachverst\u00e4ndige mit unserem Verst\u00e4ndnis der g\u00fcltigen und relevanten Normen (z.B. ISO 25000 bzw. die \u00e4ltere DIN 9216), der Industriepraxis und den Markt\u00fcblichkeiten einen nachvollziehbaren, technischen SOLL-Ma\u00dfstab ermitteln, auf dessen Basis dann rechtlich gekl\u00e4rt werden kann, was aus neutraler Sicht Sonderwunsch und was Teil eines Festpreises ist. Dabei ber\u00fccksichtigen wir auch die schwierigen Themen Spezifikation und Dokumentation.<\/p>\n<p>Die SOLL-Beschaffenheit im Sinne der auch aus rechtlicher Sicht tats\u00e4chlich <em>geschuldeten<\/em> Leistung kann von der technischen SOLL-Beschaffenheit abweichen, wobei allerdings wesentliche Komponenten der rechtlichen Beurteilung direkt auf den technisch-empirischen Aussagen fu\u00dfen.<\/p>\n<\/div>\n","protected":false},"excerpt":{"rendered":"<p>Ermittlung der SOLL-Beschaffenheit Einer der h\u00e4ufigsten Streitpunkte bei IT-Vorhaben ist die sogenannte SOLL-Beschaffenheit. War eine bestimmte Software-Eigenschaft bereits mit dem Vertrag gefordert oder handelt es sich um einen \u00c4nderungswunsch des Kunden? Die zugrunde liegenden Vertr\u00e4ge enthalten h\u00e4ufig eine unzureichende oder \u00fcberhaupt keine Leistungsbeschreibung. In einer solchen Situation k\u00f6nnen wir als&#8230;<\/p>\n","protected":false},"author":1,"featured_media":0,"parent":0,"menu_order":0,"comment_status":"closed","ping_status":"closed","template":"","meta":{"inline_featured_image":false,"footnotes":""},"class_list":["post-93","page","type-page","status-publish","hentry"],"yoast_head":"<!-- This site is optimized with the Yoast SEO plugin v25.4 - https:\/\/yoast.com\/wordpress\/plugins\/seo\/ -->\n<title>Ermittlung der SOLL-Beschaffenheit - ecambria experts<\/title>\n<meta name=\"description\" content=\"H\u00e4ufig ist die SOLL-Beschaffenheit einer der Knackpunkte in IT-Streitigkeiten. Unserer Erfahrung nach sind Leistungsbeschreibungen in IT-Vertr\u00e4gen h\u00e4ufig unzureichend.\" \/>\n<meta name=\"robots\" content=\"index, follow, max-snippet:-1, max-image-preview:large, max-video-preview:-1\" \/>\n<link rel=\"canonical\" href=\"https:\/\/www.ecambria-experts.de\/it-sachverstaendiger\/leistungen_ermittlung_soll-beschaffenheit\" \/>\n<meta property=\"og:locale\" content=\"de_DE\" \/>\n<meta property=\"og:type\" content=\"article\" \/>\n<meta property=\"og:title\" content=\"Ermittlung der SOLL-Beschaffenheit - ecambria experts\" \/>\n<meta property=\"og:description\" content=\"H\u00e4ufig ist die SOLL-Beschaffenheit einer der Knackpunkte in IT-Streitigkeiten. Unserer Erfahrung nach sind Leistungsbeschreibungen in IT-Vertr\u00e4gen h\u00e4ufig unzureichend.\" \/>\n<meta property=\"og:url\" content=\"https:\/\/www.ecambria-experts.de\/it-sachverstaendiger\/leistungen_ermittlung_soll-beschaffenheit\" \/>\n<meta property=\"og:site_name\" content=\"ecambria experts\" \/>\n<meta property=\"article:modified_time\" content=\"2019-09-04T12:49:35+00:00\" \/>\n<meta name=\"twitter:card\" content=\"summary_large_image\" \/>\n<meta name=\"twitter:label1\" content=\"Gesch\u00e4tzte Lesezeit\" \/>\n\t<meta name=\"twitter:data1\" content=\"1\u00a0Minute\" \/>\n<script type=\"application\/ld+json\" class=\"yoast-schema-graph\">{\"@context\":\"https:\/\/schema.org\",\"@graph\":[{\"@type\":\"WebPage\",\"@id\":\"https:\/\/www.ecambria-experts.de\/it-sachverstaendiger\/leistungen_ermittlung_soll-beschaffenheit\",\"url\":\"https:\/\/www.ecambria-experts.de\/it-sachverstaendiger\/leistungen_ermittlung_soll-beschaffenheit\",\"name\":\"Ermittlung der SOLL-Beschaffenheit - ecambria experts\",\"isPartOf\":{\"@id\":\"https:\/\/www.ecambria-experts.de\/it-sachverstaendiger\/#website\"},\"datePublished\":\"2014-12-20T12:29:39+00:00\",\"dateModified\":\"2019-09-04T12:49:35+00:00\",\"description\":\"H\u00e4ufig ist die SOLL-Beschaffenheit einer der Knackpunkte in IT-Streitigkeiten. Unserer Erfahrung nach sind Leistungsbeschreibungen in IT-Vertr\u00e4gen h\u00e4ufig unzureichend.\",\"breadcrumb\":{\"@id\":\"https:\/\/www.ecambria-experts.de\/it-sachverstaendiger\/leistungen_ermittlung_soll-beschaffenheit#breadcrumb\"},\"inLanguage\":\"de\",\"potentialAction\":[{\"@type\":\"ReadAction\",\"target\":[\"https:\/\/www.ecambria-experts.de\/it-sachverstaendiger\/leistungen_ermittlung_soll-beschaffenheit\"]}]},{\"@type\":\"BreadcrumbList\",\"@id\":\"https:\/\/www.ecambria-experts.de\/it-sachverstaendiger\/leistungen_ermittlung_soll-beschaffenheit#breadcrumb\",\"itemListElement\":[{\"@type\":\"ListItem\",\"position\":1,\"name\":\"Startseite\",\"item\":\"https:\/\/www.ecambria-experts.de\/it-sachverstaendiger\/\"},{\"@type\":\"ListItem\",\"position\":2,\"name\":\"Ermittlung der SOLL-Beschaffenheit\"}]},{\"@type\":\"WebSite\",\"@id\":\"https:\/\/www.ecambria-experts.de\/it-sachverstaendiger\/#website\",\"url\":\"https:\/\/www.ecambria-experts.de\/it-sachverstaendiger\/\",\"name\":\"ecambria experts\",\"description\":\"IT-Sachverst\u00e4ndige und Gutachter, Bewertung, Gerichtsgutachten, Privatgutachten, Schlichtung\",\"publisher\":{\"@id\":\"https:\/\/www.ecambria-experts.de\/it-sachverstaendiger\/#organization\"},\"potentialAction\":[{\"@type\":\"SearchAction\",\"target\":{\"@type\":\"EntryPoint\",\"urlTemplate\":\"https:\/\/www.ecambria-experts.de\/it-sachverstaendiger\/?s={search_term_string}\"},\"query-input\":{\"@type\":\"PropertyValueSpecification\",\"valueRequired\":true,\"valueName\":\"search_term_string\"}}],\"inLanguage\":\"de\"},{\"@type\":\"Organization\",\"@id\":\"https:\/\/www.ecambria-experts.de\/it-sachverstaendiger\/#organization\",\"name\":\"ecambria experts\",\"url\":\"https:\/\/www.ecambria-experts.de\/it-sachverstaendiger\/\",\"logo\":{\"@type\":\"ImageObject\",\"inLanguage\":\"de\",\"@id\":\"https:\/\/www.ecambria-experts.de\/it-sachverstaendiger\/#\/schema\/logo\/image\/\",\"url\":\"https:\/\/www.ecambria-experts.de\/it-sachverstaendiger\/wp-content\/uploads\/2025\/09\/ecambria_experts_logo_ohne_rand.svg\",\"contentUrl\":\"https:\/\/www.ecambria-experts.de\/it-sachverstaendiger\/wp-content\/uploads\/2025\/09\/ecambria_experts_logo_ohne_rand.svg\",\"width\":369,\"height\":60,\"caption\":\"ecambria experts\"},\"image\":{\"@id\":\"https:\/\/www.ecambria-experts.de\/it-sachverstaendiger\/#\/schema\/logo\/image\/\"}}]}<\/script>\n<!-- \/ Yoast SEO plugin. -->","yoast_head_json":{"title":"Ermittlung der SOLL-Beschaffenheit - ecambria experts","description":"H\u00e4ufig ist die SOLL-Beschaffenheit einer der Knackpunkte in IT-Streitigkeiten. Unserer Erfahrung nach sind Leistungsbeschreibungen in IT-Vertr\u00e4gen h\u00e4ufig unzureichend.","robots":{"index":"index","follow":"follow","max-snippet":"max-snippet:-1","max-image-preview":"max-image-preview:large","max-video-preview":"max-video-preview:-1"},"canonical":"https:\/\/www.ecambria-experts.de\/it-sachverstaendiger\/leistungen_ermittlung_soll-beschaffenheit","og_locale":"de_DE","og_type":"article","og_title":"Ermittlung der SOLL-Beschaffenheit - ecambria experts","og_description":"H\u00e4ufig ist die SOLL-Beschaffenheit einer der Knackpunkte in IT-Streitigkeiten. Unserer Erfahrung nach sind Leistungsbeschreibungen in IT-Vertr\u00e4gen h\u00e4ufig unzureichend.","og_url":"https:\/\/www.ecambria-experts.de\/it-sachverstaendiger\/leistungen_ermittlung_soll-beschaffenheit","og_site_name":"ecambria experts","article_modified_time":"2019-09-04T12:49:35+00:00","twitter_card":"summary_large_image","twitter_misc":{"Gesch\u00e4tzte Lesezeit":"1\u00a0Minute"},"schema":{"@context":"https:\/\/schema.org","@graph":[{"@type":"WebPage","@id":"https:\/\/www.ecambria-experts.de\/it-sachverstaendiger\/leistungen_ermittlung_soll-beschaffenheit","url":"https:\/\/www.ecambria-experts.de\/it-sachverstaendiger\/leistungen_ermittlung_soll-beschaffenheit","name":"Ermittlung der SOLL-Beschaffenheit - ecambria experts","isPartOf":{"@id":"https:\/\/www.ecambria-experts.de\/it-sachverstaendiger\/#website"},"datePublished":"2014-12-20T12:29:39+00:00","dateModified":"2019-09-04T12:49:35+00:00","description":"H\u00e4ufig ist die SOLL-Beschaffenheit einer der Knackpunkte in IT-Streitigkeiten. Unserer Erfahrung nach sind Leistungsbeschreibungen in IT-Vertr\u00e4gen h\u00e4ufig unzureichend.","breadcrumb":{"@id":"https:\/\/www.ecambria-experts.de\/it-sachverstaendiger\/leistungen_ermittlung_soll-beschaffenheit#breadcrumb"},"inLanguage":"de","potentialAction":[{"@type":"ReadAction","target":["https:\/\/www.ecambria-experts.de\/it-sachverstaendiger\/leistungen_ermittlung_soll-beschaffenheit"]}]},{"@type":"BreadcrumbList","@id":"https:\/\/www.ecambria-experts.de\/it-sachverstaendiger\/leistungen_ermittlung_soll-beschaffenheit#breadcrumb","itemListElement":[{"@type":"ListItem","position":1,"name":"Startseite","item":"https:\/\/www.ecambria-experts.de\/it-sachverstaendiger\/"},{"@type":"ListItem","position":2,"name":"Ermittlung der SOLL-Beschaffenheit"}]},{"@type":"WebSite","@id":"https:\/\/www.ecambria-experts.de\/it-sachverstaendiger\/#website","url":"https:\/\/www.ecambria-experts.de\/it-sachverstaendiger\/","name":"ecambria experts","description":"IT-Sachverst\u00e4ndige und Gutachter, Bewertung, Gerichtsgutachten, Privatgutachten, Schlichtung","publisher":{"@id":"https:\/\/www.ecambria-experts.de\/it-sachverstaendiger\/#organization"},"potentialAction":[{"@type":"SearchAction","target":{"@type":"EntryPoint","urlTemplate":"https:\/\/www.ecambria-experts.de\/it-sachverstaendiger\/?s={search_term_string}"},"query-input":{"@type":"PropertyValueSpecification","valueRequired":true,"valueName":"search_term_string"}}],"inLanguage":"de"},{"@type":"Organization","@id":"https:\/\/www.ecambria-experts.de\/it-sachverstaendiger\/#organization","name":"ecambria experts","url":"https:\/\/www.ecambria-experts.de\/it-sachverstaendiger\/","logo":{"@type":"ImageObject","inLanguage":"de","@id":"https:\/\/www.ecambria-experts.de\/it-sachverstaendiger\/#\/schema\/logo\/image\/","url":"https:\/\/www.ecambria-experts.de\/it-sachverstaendiger\/wp-content\/uploads\/2025\/09\/ecambria_experts_logo_ohne_rand.svg","contentUrl":"https:\/\/www.ecambria-experts.de\/it-sachverstaendiger\/wp-content\/uploads\/2025\/09\/ecambria_experts_logo_ohne_rand.svg","width":369,"height":60,"caption":"ecambria experts"},"image":{"@id":"https:\/\/www.ecambria-experts.de\/it-sachverstaendiger\/#\/schema\/logo\/image\/"}}]}},"_links":{"self":[{"href":"https:\/\/www.ecambria-experts.de\/it-sachverstaendiger\/wp-json\/wp\/v2\/pages\/93","targetHints":{"allow":["GET"]}}],"collection":[{"href":"https:\/\/www.ecambria-experts.de\/it-sachverstaendiger\/wp-json\/wp\/v2\/pages"}],"about":[{"href":"https:\/\/www.ecambria-experts.de\/it-sachverstaendiger\/wp-json\/wp\/v2\/types\/page"}],"author":[{"embeddable":true,"href":"https:\/\/www.ecambria-experts.de\/it-sachverstaendiger\/wp-json\/wp\/v2\/users\/1"}],"replies":[{"embeddable":true,"href":"https:\/\/www.ecambria-experts.de\/it-sachverstaendiger\/wp-json\/wp\/v2\/comments?post=93"}],"version-history":[{"count":7,"href":"https:\/\/www.ecambria-experts.de\/it-sachverstaendiger\/wp-json\/wp\/v2\/pages\/93\/revisions"}],"predecessor-version":[{"id":1342,"href":"https:\/\/www.ecambria-experts.de\/it-sachverstaendiger\/wp-json\/wp\/v2\/pages\/93\/revisions\/1342"}],"wp:attachment":[{"href":"https:\/\/www.ecambria-experts.de\/it-sachverstaendiger\/wp-json\/wp\/v2\/media?parent=93"}],"curies":[{"name":"wp","href":"https:\/\/api.w.org\/{rel}","templated":true}]}}